{"id":33203,"date":"2022-12-20T13:43:34","date_gmt":"2022-12-20T12:43:34","guid":{"rendered":"https:\/\/www.ohis.be\/produit\/tigrip-tkg-vhs-krangabeln\/"},"modified":"2022-12-20T13:43:34","modified_gmt":"2022-12-20T12:43:34","slug":"tigrip-tkg-vhs-krangabeln","status":"publish","type":"product","link":"https:\/\/www.ohis.be\/de\/produit\/tigrip-tkg-vhs-krangabeln\/","title":{"rendered":"Tigrip TKG vhs Krangabeln"},"content":{"rendered":"<p>Tragf\u00e4higkeit 200 &#8211; 5.000 kg<br \/>\nDiese Krangabeln sind mit verstellbaren Zinken, H\u00f6henverstellung und automatischem Gewichtsausgleich ausgestattet. Bei den Gabeln mit Selbstausgleich* neigen sich die Tragzinken beim Aufnehmen der Last nach oben.<br \/>\nEin unbeabsichtigtes Herausrutschen der Last ist somit ausgeschlossen.<\/p>\n<p>*Die Selbstausgleichsfunktion erfordert eine Mindestbelastung von 20 % der Nenntraglast!<\/p>\n<p>Die Aufh\u00e4nge\u00f6se ist \u00fcber einen Fahrschemel beweglich gelagert. Der automatische Selbstausgleich erfolgt bei Belastung der Gabel \u00fcber eine Gasdruckfeder. Somit ist sichergestellt, dass sich der Aufh\u00e4ngepunkt immer im Schwerpunkt der Gabel befindet und die aufgenommene Last absolut sicher transportiert wird.<\/p>\n<p><strong>Ausstattung und Verarbeitung<\/strong><br \/>\n\u2022 S\u00e4mtliche Krangabeln entsprechen den einschl\u00e4gigen Normen und EG-Richtlinien.<br \/>\n\u2022 4-fache Sicherheit gegen Bruch<br \/>\n\u2022 Wartungsfreiheit aller Bauteile<br \/>\n\u2022 Sicherheitslackierung mit Signalfarbe<br \/>\n\u2022 Zum Transport von Ringen und Coils werden die Gabelzinken<br \/>\neinfach zusammen geschoben.<br \/>\n\u2022 Leichte Gabelverstellbarkeit auf alle Palettenbreiten.<\/p>\n<p><strong>Lieferumfang<\/strong><br \/>\nKette zur Ladungssicherung<\/p>\n","protected":false},"excerpt":{"rendered":"<p>Tragf\u00e4higkeit 200 &#8211; 5.000 kg<br \/>\nDiese Krangabeln sind mit verstellbaren Zinken, H\u00f6henverstellung und automatischem Gewichtsausgleich ausgestattet. Bei den Gabeln mit Selbstausgleich* neigen sich die Tragzinken beim Aufnehmen der Last nach oben.<br \/>\nEin unbeabsichtigtes Herausrutschen der Last ist somit ausgeschlossen.<\/p>\n<p>*Die Selbstausgleichsfunktion erfordert eine Mindestbelastung von 20 % der Nenntraglast!<\/p>\n<p>Die Aufh\u00e4nge\u00f6se ist \u00fcber einen Fahrschemel beweglich gelagert. Der automatische Selbstausgleich erfolgt bei Belastung der Gabel \u00fcber eine Gasdruckfeder. Somit ist sichergestellt, dass sich der Aufh\u00e4ngepunkt immer im Schwerpunkt der Gabel befindet und die aufgenommene Last absolut sicher transportiert wird.<\/p>\n<p><strong>Ausstattung und Verarbeitung<\/strong><br \/>\n\u2022 S\u00e4mtliche Krangabeln entsprechen den einschl\u00e4gigen Normen und EG-Richtlinien.<br \/>\n\u2022 4-fache Sicherheit gegen Bruch<br \/>\n\u2022 Wartungsfreiheit aller Bauteile<br \/>\n\u2022 Sicherheitslackierung mit Signalfarbe<br \/>\n\u2022 Zum Transport von Ringen und Coils werden die Gabelzinken<br \/>\neinfach zusammen geschoben.<br \/>\n\u2022 Leichte Gabelverstellbarkeit auf alle Palettenbreiten.<\/p>\n<p><strong>Lieferumfang<\/strong><br \/>\nKette zur Ladungssicherung<\/p>\n","protected":false},"featured_media":20404,"template":"","meta":{"_acf_changed":false,"inline_featured_image":false},"product_brand":[],"product_cat":[325],"product_tag":[2866,705],"class_list":{"0":"post-33203","1":"product","2":"type-product","3":"status-publish","4":"has-post-thumbnail","6":"product_cat-accesoires-de","7":"product_tag-tigrip-de","8":"product_tag-yale-de","10":"first","11":"onbackorder","12":"taxable","13":"shipping-taxable","14":"purchasable","15":"product-type-variable"},"acf":[],"yoast_head":"<!-- This site is optimized with the Yoast SEO plugin v27.4 - https:\/\/yoast.com\/product\/yoast-seo-wordpress\/ -->\n<title>Tigrip TKG vhs Krangabeln - Ohis<\/title>\n<meta name=\"robots\" content=\"index, follow, max-snippet:-1, max-image-preview:large, max-video-preview:-1\" \/>\n<link rel=\"canonical\" href=\"https:\/\/www.ohis.be\/de\/produit\/tigrip-tkg-vhs-krangabeln\/\" \/>\n<meta property=\"og:locale\" content=\"de_DE\" \/>\n<meta property=\"og:type\" content=\"article\" \/>\n<meta property=\"og:title\" content=\"Tigrip TKG vhs Krangabeln - Ohis\" \/>\n<meta property=\"og:description\" content=\"Tragf\u00e4higkeit 200 - 5.000 kg Diese Krangabeln sind mit verstellbaren Zinken, H\u00f6henverstellung und automatischem Gewichtsausgleich ausgestattet. Bei den Gabeln mit Selbstausgleich* neigen sich die Tragzinken beim Aufnehmen der Last nach oben. Ein unbeabsichtigtes Herausrutschen der Last ist somit ausgeschlossen.  *Die Selbstausgleichsfunktion erfordert eine Mindestbelastung von 20 % der Nenntraglast!  Die Aufh\u00e4nge\u00f6se ist \u00fcber einen Fahrschemel beweglich gelagert. Der automatische Selbstausgleich erfolgt bei Belastung der Gabel \u00fcber eine Gasdruckfeder. Somit ist sichergestellt, dass sich der Aufh\u00e4ngepunkt immer im Schwerpunkt der Gabel befindet und die aufgenommene Last absolut sicher transportiert wird.  Ausstattung und Verarbeitung \u2022 S\u00e4mtliche Krangabeln entsprechen den einschl\u00e4gigen Normen und EG-Richtlinien. \u2022 4-fache Sicherheit gegen Bruch \u2022 Wartungsfreiheit aller Bauteile \u2022 Sicherheitslackierung mit Signalfarbe \u2022 Zum Transport von Ringen und Coils werden die Gabelzinken einfach zusammen geschoben. \u2022 Leichte Gabelverstellbarkeit auf alle Palettenbreiten.  Lieferumfang Kette zur Ladungssicherung\" \/>\n<meta property=\"og:url\" content=\"https:\/\/www.ohis.be\/de\/produit\/tigrip-tkg-vhs-krangabeln\/\" \/>\n<meta property=\"og:site_name\" content=\"Ohis\" \/>\n<meta property=\"og:image\" content=\"https:\/\/www.ohis.be\/wp-content\/uploads\/2022\/12\/TKG_VHS.jpg\" \/>\n\t<meta property=\"og:image:width\" content=\"453\" \/>\n\t<meta property=\"og:image:height\" content=\"683\" \/>\n\t<meta property=\"og:image:type\" content=\"image\/jpeg\" \/>\n<meta name=\"twitter:card\" content=\"summary_large_image\" \/>\n<meta name=\"twitter:label1\" content=\"Gesch\u00e4tzte Lesezeit\" \/>\n\t<meta name=\"twitter:data1\" content=\"1\u00a0Minute\" \/>\n<script type=\"application\/ld+json\" class=\"yoast-schema-graph\">{\"@context\":\"https:\\\/\\\/schema.org\",\"@graph\":[{\"@type\":\"WebPage\",\"@id\":\"https:\\\/\\\/www.ohis.be\\\/de\\\/produit\\\/tigrip-tkg-vhs-krangabeln\\\/\",\"url\":\"https:\\\/\\\/www.ohis.be\\\/de\\\/produit\\\/tigrip-tkg-vhs-krangabeln\\\/\",\"name\":\"Tigrip TKG vhs Krangabeln - Ohis\",\"isPartOf\":{\"@id\":\"https:\\\/\\\/www.ohis.be\\\/#website\"},\"primaryImageOfPage\":{\"@id\":\"https:\\\/\\\/www.ohis.be\\\/de\\\/produit\\\/tigrip-tkg-vhs-krangabeln\\\/#primaryimage\"},\"image\":{\"@id\":\"https:\\\/\\\/www.ohis.be\\\/de\\\/produit\\\/tigrip-tkg-vhs-krangabeln\\\/#primaryimage\"},\"thumbnailUrl\":\"https:\\\/\\\/www.ohis.be\\\/wp-content\\\/uploads\\\/2022\\\/12\\\/TKG_VHS.jpg\",\"datePublished\":\"2022-12-20T12:43:34+00:00\",\"breadcrumb\":{\"@id\":\"https:\\\/\\\/www.ohis.be\\\/de\\\/produit\\\/tigrip-tkg-vhs-krangabeln\\\/#breadcrumb\"},\"inLanguage\":\"de\",\"potentialAction\":[{\"@type\":\"ReadAction\",\"target\":[\"https:\\\/\\\/www.ohis.be\\\/de\\\/produit\\\/tigrip-tkg-vhs-krangabeln\\\/\"]}]},{\"@type\":\"ImageObject\",\"inLanguage\":\"de\",\"@id\":\"https:\\\/\\\/www.ohis.be\\\/de\\\/produit\\\/tigrip-tkg-vhs-krangabeln\\\/#primaryimage\",\"url\":\"https:\\\/\\\/www.ohis.be\\\/wp-content\\\/uploads\\\/2022\\\/12\\\/TKG_VHS.jpg\",\"contentUrl\":\"https:\\\/\\\/www.ohis.be\\\/wp-content\\\/uploads\\\/2022\\\/12\\\/TKG_VHS.jpg\",\"width\":453,\"height\":683,\"caption\":\"&amp;#x05;4.0.3\"},{\"@type\":\"BreadcrumbList\",\"@id\":\"https:\\\/\\\/www.ohis.be\\\/de\\\/produit\\\/tigrip-tkg-vhs-krangabeln\\\/#breadcrumb\",\"itemListElement\":[{\"@type\":\"ListItem\",\"position\":1,\"name\":\"Accueil\",\"item\":\"https:\\\/\\\/www.ohis.be\\\/de\\\/\"},{\"@type\":\"ListItem\",\"position\":2,\"name\":\"Produkte\",\"item\":\"https:\\\/\\\/www.ohis.be\\\/de\\\/produkte\\\/\"},{\"@type\":\"ListItem\",\"position\":3,\"name\":\"Tigrip TKG vhs Krangabeln\"}]},{\"@type\":\"WebSite\",\"@id\":\"https:\\\/\\\/www.ohis.be\\\/#website\",\"url\":\"https:\\\/\\\/www.ohis.be\\\/\",\"name\":\"Ohis\",\"description\":\"Outils de levage\",\"publisher\":{\"@id\":\"https:\\\/\\\/www.ohis.be\\\/#organization\"},\"potentialAction\":[{\"@type\":\"SearchAction\",\"target\":{\"@type\":\"EntryPoint\",\"urlTemplate\":\"https:\\\/\\\/www.ohis.be\\\/?s={search_term_string}\"},\"query-input\":{\"@type\":\"PropertyValueSpecification\",\"valueRequired\":true,\"valueName\":\"search_term_string\"}}],\"inLanguage\":\"de\"},{\"@type\":\"Organization\",\"@id\":\"https:\\\/\\\/www.ohis.be\\\/#organization\",\"name\":\"Ohis\",\"url\":\"https:\\\/\\\/www.ohis.be\\\/\",\"logo\":{\"@type\":\"ImageObject\",\"inLanguage\":\"de\",\"@id\":\"https:\\\/\\\/www.ohis.be\\\/#\\\/schema\\\/logo\\\/image\\\/\",\"url\":\"https:\\\/\\\/www.ohis.be\\\/wp-content\\\/uploads\\\/2021\\\/02\\\/logo-ohis-wit.svg\",\"contentUrl\":\"https:\\\/\\\/www.ohis.be\\\/wp-content\\\/uploads\\\/2021\\\/02\\\/logo-ohis-wit.svg\",\"caption\":\"Ohis\"},\"image\":{\"@id\":\"https:\\\/\\\/www.ohis.be\\\/#\\\/schema\\\/logo\\\/image\\\/\"}}]}<\/script>\n<!-- \/ Yoast SEO plugin. -->","yoast_head_json":{"title":"Tigrip TKG vhs Krangabeln - Ohis","robots":{"index":"index","follow":"follow","max-snippet":"max-snippet:-1","max-image-preview":"max-image-preview:large","max-video-preview":"max-video-preview:-1"},"canonical":"https:\/\/www.ohis.be\/de\/produit\/tigrip-tkg-vhs-krangabeln\/","og_locale":"de_DE","og_type":"article","og_title":"Tigrip TKG vhs Krangabeln - Ohis","og_description":"Tragf\u00e4higkeit 200 - 5.000 kg Diese Krangabeln sind mit verstellbaren Zinken, H\u00f6henverstellung und automatischem Gewichtsausgleich ausgestattet. Bei den Gabeln mit Selbstausgleich* neigen sich die Tragzinken beim Aufnehmen der Last nach oben. Ein unbeabsichtigtes Herausrutschen der Last ist somit ausgeschlossen.  *Die Selbstausgleichsfunktion erfordert eine Mindestbelastung von 20 % der Nenntraglast!  Die Aufh\u00e4nge\u00f6se ist \u00fcber einen Fahrschemel beweglich gelagert. Der automatische Selbstausgleich erfolgt bei Belastung der Gabel \u00fcber eine Gasdruckfeder. Somit ist sichergestellt, dass sich der Aufh\u00e4ngepunkt immer im Schwerpunkt der Gabel befindet und die aufgenommene Last absolut sicher transportiert wird.  Ausstattung und Verarbeitung \u2022 S\u00e4mtliche Krangabeln entsprechen den einschl\u00e4gigen Normen und EG-Richtlinien. \u2022 4-fache Sicherheit gegen Bruch \u2022 Wartungsfreiheit aller Bauteile \u2022 Sicherheitslackierung mit Signalfarbe \u2022 Zum Transport von Ringen und Coils werden die Gabelzinken einfach zusammen geschoben. \u2022 Leichte Gabelverstellbarkeit auf alle Palettenbreiten.  Lieferumfang Kette zur Ladungssicherung","og_url":"https:\/\/www.ohis.be\/de\/produit\/tigrip-tkg-vhs-krangabeln\/","og_site_name":"Ohis","og_image":[{"width":453,"height":683,"url":"https:\/\/www.ohis.be\/wp-content\/uploads\/2022\/12\/TKG_VHS.jpg","type":"image\/jpeg"}],"twitter_card":"summary_large_image","twitter_misc":{"Gesch\u00e4tzte Lesezeit":"1\u00a0Minute"},"schema":{"@context":"https:\/\/schema.org","@graph":[{"@type":"WebPage","@id":"https:\/\/www.ohis.be\/de\/produit\/tigrip-tkg-vhs-krangabeln\/","url":"https:\/\/www.ohis.be\/de\/produit\/tigrip-tkg-vhs-krangabeln\/","name":"Tigrip TKG vhs Krangabeln - Ohis","isPartOf":{"@id":"https:\/\/www.ohis.be\/#website"},"primaryImageOfPage":{"@id":"https:\/\/www.ohis.be\/de\/produit\/tigrip-tkg-vhs-krangabeln\/#primaryimage"},"image":{"@id":"https:\/\/www.ohis.be\/de\/produit\/tigrip-tkg-vhs-krangabeln\/#primaryimage"},"thumbnailUrl":"https:\/\/www.ohis.be\/wp-content\/uploads\/2022\/12\/TKG_VHS.jpg","datePublished":"2022-12-20T12:43:34+00:00","breadcrumb":{"@id":"https:\/\/www.ohis.be\/de\/produit\/tigrip-tkg-vhs-krangabeln\/#breadcrumb"},"inLanguage":"de","potentialAction":[{"@type":"ReadAction","target":["https:\/\/www.ohis.be\/de\/produit\/tigrip-tkg-vhs-krangabeln\/"]}]},{"@type":"ImageObject","inLanguage":"de","@id":"https:\/\/www.ohis.be\/de\/produit\/tigrip-tkg-vhs-krangabeln\/#primaryimage","url":"https:\/\/www.ohis.be\/wp-content\/uploads\/2022\/12\/TKG_VHS.jpg","contentUrl":"https:\/\/www.ohis.be\/wp-content\/uploads\/2022\/12\/TKG_VHS.jpg","width":453,"height":683,"caption":"&amp;#x05;4.0.3"},{"@type":"BreadcrumbList","@id":"https:\/\/www.ohis.be\/de\/produit\/tigrip-tkg-vhs-krangabeln\/#breadcrumb","itemListElement":[{"@type":"ListItem","position":1,"name":"Accueil","item":"https:\/\/www.ohis.be\/de\/"},{"@type":"ListItem","position":2,"name":"Produkte","item":"https:\/\/www.ohis.be\/de\/produkte\/"},{"@type":"ListItem","position":3,"name":"Tigrip TKG vhs Krangabeln"}]},{"@type":"WebSite","@id":"https:\/\/www.ohis.be\/#website","url":"https:\/\/www.ohis.be\/","name":"Ohis","description":"Outils de levage","publisher":{"@id":"https:\/\/www.ohis.be\/#organization"},"potentialAction":[{"@type":"SearchAction","target":{"@type":"EntryPoint","urlTemplate":"https:\/\/www.ohis.be\/?s={search_term_string}"},"query-input":{"@type":"PropertyValueSpecification","valueRequired":true,"valueName":"search_term_string"}}],"inLanguage":"de"},{"@type":"Organization","@id":"https:\/\/www.ohis.be\/#organization","name":"Ohis","url":"https:\/\/www.ohis.be\/","logo":{"@type":"ImageObject","inLanguage":"de","@id":"https:\/\/www.ohis.be\/#\/schema\/logo\/image\/","url":"https:\/\/www.ohis.be\/wp-content\/uploads\/2021\/02\/logo-ohis-wit.svg","contentUrl":"https:\/\/www.ohis.be\/wp-content\/uploads\/2021\/02\/logo-ohis-wit.svg","caption":"Ohis"},"image":{"@id":"https:\/\/www.ohis.be\/#\/schema\/logo\/image\/"}}]}},"_links":{"self":[{"href":"https:\/\/www.ohis.be\/de\/wp-json\/wp\/v2\/product\/33203","targetHints":{"allow":["GET"]}}],"collection":[{"href":"https:\/\/www.ohis.be\/de\/wp-json\/wp\/v2\/product"}],"about":[{"href":"https:\/\/www.ohis.be\/de\/wp-json\/wp\/v2\/types\/product"}],"wp:featuredmedia":[{"embeddable":true,"href":"https:\/\/www.ohis.be\/de\/wp-json\/wp\/v2\/media\/20404"}],"wp:attachment":[{"href":"https:\/\/www.ohis.be\/de\/wp-json\/wp\/v2\/media?parent=33203"}],"wp:term":[{"taxonomy":"product_brand","embeddable":true,"href":"https:\/\/www.ohis.be\/de\/wp-json\/wp\/v2\/product_brand?post=33203"},{"taxonomy":"product_cat","embeddable":true,"href":"https:\/\/www.ohis.be\/de\/wp-json\/wp\/v2\/product_cat?post=33203"},{"taxonomy":"product_tag","embeddable":true,"href":"https:\/\/www.ohis.be\/de\/wp-json\/wp\/v2\/product_tag?post=33203"}],"curies":[{"name":"wp","href":"https:\/\/api.w.org\/{rel}","templated":true}]}}