{"id":33191,"date":"2022-12-20T13:44:00","date_gmt":"2022-12-20T12:44:00","guid":{"rendered":"https:\/\/www.ohis.be\/produit\/tigrip-tkg-vh-krangabeln\/"},"modified":"2022-12-20T13:44:00","modified_gmt":"2022-12-20T12:44:00","slug":"tigrip-tkg-vh-krangabeln","status":"publish","type":"product","link":"https:\/\/www.ohis.be\/de\/produit\/tigrip-tkg-vh-krangabeln\/","title":{"rendered":"Tigrip TKG vh Krangabeln"},"content":{"rendered":"<p>Tragf\u00e4higkeit 1.000 &#8211; 5.000 kg<br \/>\nDiese Krangabeln sind mit verstellbaren Zinken und H\u00f6henverstellung ausgestattet. Der Gewichtsausgleich erfolgt von Hand \u00fcber eine Rasterverstellung der Aufh\u00e4nge\u00f6se.<\/p>\n<p><strong>Ausstattung und Verarbeitung<\/strong><br \/>\n\u2022 S\u00e4mtliche Krangabeln entsprechen den einschl\u00e4gigen Normen und EG-Richtlinien.<br \/>\n\u2022 4-fache Sicherheit gegen Bruch<br \/>\n\u2022 Wartungsfreiheit aller Bauteile<br \/>\n\u2022 Sicherheitslackierung mit Signalfarbe<br \/>\n\u2022 Zum Transport von Ringen und Coils werden die Gabelzinken einfach zusammen geschoben.<br \/>\n\u2022 Leichte Gabelverstellbarkeit auf alle Palettenbreiten.<\/p>\n<p><strong>Lieferumfang<\/strong><br \/>\nKette zur Ladungssicherung<\/p>\n","protected":false},"excerpt":{"rendered":"<p>Tragf\u00e4higkeit 1.000 &#8211; 5.000 kg<br \/>\nDiese Krangabeln sind mit verstellbaren Zinken und H\u00f6henverstellung ausgestattet. Der Gewichtsausgleich erfolgt von Hand \u00fcber eine Rasterverstellung der Aufh\u00e4nge\u00f6se.<\/p>\n<p><strong>Ausstattung und Verarbeitung<\/strong><br \/>\n\u2022 S\u00e4mtliche Krangabeln entsprechen den einschl\u00e4gigen Normen und EG-Richtlinien.<br \/>\n\u2022 4-fache Sicherheit gegen Bruch<br \/>\n\u2022 Wartungsfreiheit aller Bauteile<br \/>\n\u2022 Sicherheitslackierung mit Signalfarbe<br \/>\n\u2022 Zum Transport von Ringen und Coils werden die Gabelzinken einfach zusammen geschoben.<br \/>\n\u2022 Leichte Gabelverstellbarkeit auf alle Palettenbreiten.<\/p>\n<p><strong>Lieferumfang<\/strong><br \/>\nKette zur Ladungssicherung<\/p>\n","protected":false},"featured_media":20400,"template":"","meta":{"_acf_changed":false,"inline_featured_image":false},"product_brand":[],"product_cat":[325],"product_tag":[2866,705],"class_list":{"0":"post-33191","1":"product","2":"type-product","3":"status-publish","4":"has-post-thumbnail","6":"product_cat-accesoires-de","7":"product_tag-tigrip-de","8":"product_tag-yale-de","10":"first","11":"onbackorder","12":"taxable","13":"shipping-taxable","14":"purchasable","15":"product-type-variable"},"acf":[],"yoast_head":"<!-- This site is optimized with the Yoast SEO plugin v27.4 - https:\/\/yoast.com\/product\/yoast-seo-wordpress\/ -->\n<title>Tigrip TKG vh Krangabeln - Ohis<\/title>\n<meta name=\"robots\" content=\"index, follow, max-snippet:-1, max-image-preview:large, max-video-preview:-1\" \/>\n<link rel=\"canonical\" href=\"https:\/\/www.ohis.be\/de\/produit\/tigrip-tkg-vh-krangabeln\/\" \/>\n<meta property=\"og:locale\" content=\"de_DE\" \/>\n<meta property=\"og:type\" content=\"article\" \/>\n<meta property=\"og:title\" content=\"Tigrip TKG vh Krangabeln - Ohis\" \/>\n<meta property=\"og:description\" content=\"Tragf\u00e4higkeit 1.000 - 5.000 kg Diese Krangabeln sind mit verstellbaren Zinken und H\u00f6henverstellung ausgestattet. Der Gewichtsausgleich erfolgt von Hand \u00fcber eine Rasterverstellung der Aufh\u00e4nge\u00f6se.  Ausstattung und Verarbeitung \u2022 S\u00e4mtliche Krangabeln entsprechen den einschl\u00e4gigen Normen und EG-Richtlinien. \u2022 4-fache Sicherheit gegen Bruch \u2022 Wartungsfreiheit aller Bauteile \u2022 Sicherheitslackierung mit Signalfarbe \u2022 Zum Transport von Ringen und Coils werden die Gabelzinken einfach zusammen geschoben. \u2022 Leichte Gabelverstellbarkeit auf alle Palettenbreiten.  Lieferumfang Kette zur Ladungssicherung\" \/>\n<meta property=\"og:url\" content=\"https:\/\/www.ohis.be\/de\/produit\/tigrip-tkg-vh-krangabeln\/\" \/>\n<meta property=\"og:site_name\" content=\"Ohis\" \/>\n<meta property=\"og:image\" content=\"https:\/\/www.ohis.be\/wp-content\/uploads\/2022\/12\/TKG_VH.jpg\" \/>\n\t<meta property=\"og:image:width\" content=\"454\" \/>\n\t<meta property=\"og:image:height\" content=\"677\" \/>\n\t<meta property=\"og:image:type\" content=\"image\/jpeg\" \/>\n<meta name=\"twitter:card\" content=\"summary_large_image\" \/>\n<script type=\"application\/ld+json\" class=\"yoast-schema-graph\">{\"@context\":\"https:\\\/\\\/schema.org\",\"@graph\":[{\"@type\":\"WebPage\",\"@id\":\"https:\\\/\\\/www.ohis.be\\\/de\\\/produit\\\/tigrip-tkg-vh-krangabeln\\\/\",\"url\":\"https:\\\/\\\/www.ohis.be\\\/de\\\/produit\\\/tigrip-tkg-vh-krangabeln\\\/\",\"name\":\"Tigrip TKG vh Krangabeln - Ohis\",\"isPartOf\":{\"@id\":\"https:\\\/\\\/www.ohis.be\\\/#website\"},\"primaryImageOfPage\":{\"@id\":\"https:\\\/\\\/www.ohis.be\\\/de\\\/produit\\\/tigrip-tkg-vh-krangabeln\\\/#primaryimage\"},\"image\":{\"@id\":\"https:\\\/\\\/www.ohis.be\\\/de\\\/produit\\\/tigrip-tkg-vh-krangabeln\\\/#primaryimage\"},\"thumbnailUrl\":\"https:\\\/\\\/www.ohis.be\\\/wp-content\\\/uploads\\\/2022\\\/12\\\/TKG_VH.jpg\",\"datePublished\":\"2022-12-20T12:44:00+00:00\",\"breadcrumb\":{\"@id\":\"https:\\\/\\\/www.ohis.be\\\/de\\\/produit\\\/tigrip-tkg-vh-krangabeln\\\/#breadcrumb\"},\"inLanguage\":\"de\",\"potentialAction\":[{\"@type\":\"ReadAction\",\"target\":[\"https:\\\/\\\/www.ohis.be\\\/de\\\/produit\\\/tigrip-tkg-vh-krangabeln\\\/\"]}]},{\"@type\":\"ImageObject\",\"inLanguage\":\"de\",\"@id\":\"https:\\\/\\\/www.ohis.be\\\/de\\\/produit\\\/tigrip-tkg-vh-krangabeln\\\/#primaryimage\",\"url\":\"https:\\\/\\\/www.ohis.be\\\/wp-content\\\/uploads\\\/2022\\\/12\\\/TKG_VH.jpg\",\"contentUrl\":\"https:\\\/\\\/www.ohis.be\\\/wp-content\\\/uploads\\\/2022\\\/12\\\/TKG_VH.jpg\",\"width\":454,\"height\":677,\"caption\":\"&amp;#x05;4.0.3\"},{\"@type\":\"BreadcrumbList\",\"@id\":\"https:\\\/\\\/www.ohis.be\\\/de\\\/produit\\\/tigrip-tkg-vh-krangabeln\\\/#breadcrumb\",\"itemListElement\":[{\"@type\":\"ListItem\",\"position\":1,\"name\":\"Accueil\",\"item\":\"https:\\\/\\\/www.ohis.be\\\/de\\\/\"},{\"@type\":\"ListItem\",\"position\":2,\"name\":\"Produkte\",\"item\":\"https:\\\/\\\/www.ohis.be\\\/de\\\/produkte\\\/\"},{\"@type\":\"ListItem\",\"position\":3,\"name\":\"Tigrip TKG vh Krangabeln\"}]},{\"@type\":\"WebSite\",\"@id\":\"https:\\\/\\\/www.ohis.be\\\/#website\",\"url\":\"https:\\\/\\\/www.ohis.be\\\/\",\"name\":\"Ohis\",\"description\":\"Outils de levage\",\"publisher\":{\"@id\":\"https:\\\/\\\/www.ohis.be\\\/#organization\"},\"potentialAction\":[{\"@type\":\"SearchAction\",\"target\":{\"@type\":\"EntryPoint\",\"urlTemplate\":\"https:\\\/\\\/www.ohis.be\\\/?s={search_term_string}\"},\"query-input\":{\"@type\":\"PropertyValueSpecification\",\"valueRequired\":true,\"valueName\":\"search_term_string\"}}],\"inLanguage\":\"de\"},{\"@type\":\"Organization\",\"@id\":\"https:\\\/\\\/www.ohis.be\\\/#organization\",\"name\":\"Ohis\",\"url\":\"https:\\\/\\\/www.ohis.be\\\/\",\"logo\":{\"@type\":\"ImageObject\",\"inLanguage\":\"de\",\"@id\":\"https:\\\/\\\/www.ohis.be\\\/#\\\/schema\\\/logo\\\/image\\\/\",\"url\":\"https:\\\/\\\/www.ohis.be\\\/wp-content\\\/uploads\\\/2021\\\/02\\\/logo-ohis-wit.svg\",\"contentUrl\":\"https:\\\/\\\/www.ohis.be\\\/wp-content\\\/uploads\\\/2021\\\/02\\\/logo-ohis-wit.svg\",\"caption\":\"Ohis\"},\"image\":{\"@id\":\"https:\\\/\\\/www.ohis.be\\\/#\\\/schema\\\/logo\\\/image\\\/\"}}]}<\/script>\n<!-- \/ Yoast SEO plugin. -->","yoast_head_json":{"title":"Tigrip TKG vh Krangabeln - Ohis","robots":{"index":"index","follow":"follow","max-snippet":"max-snippet:-1","max-image-preview":"max-image-preview:large","max-video-preview":"max-video-preview:-1"},"canonical":"https:\/\/www.ohis.be\/de\/produit\/tigrip-tkg-vh-krangabeln\/","og_locale":"de_DE","og_type":"article","og_title":"Tigrip TKG vh Krangabeln - Ohis","og_description":"Tragf\u00e4higkeit 1.000 - 5.000 kg Diese Krangabeln sind mit verstellbaren Zinken und H\u00f6henverstellung ausgestattet. Der Gewichtsausgleich erfolgt von Hand \u00fcber eine Rasterverstellung der Aufh\u00e4nge\u00f6se.  Ausstattung und Verarbeitung \u2022 S\u00e4mtliche Krangabeln entsprechen den einschl\u00e4gigen Normen und EG-Richtlinien. \u2022 4-fache Sicherheit gegen Bruch \u2022 Wartungsfreiheit aller Bauteile \u2022 Sicherheitslackierung mit Signalfarbe \u2022 Zum Transport von Ringen und Coils werden die Gabelzinken einfach zusammen geschoben. \u2022 Leichte Gabelverstellbarkeit auf alle Palettenbreiten.  Lieferumfang Kette zur Ladungssicherung","og_url":"https:\/\/www.ohis.be\/de\/produit\/tigrip-tkg-vh-krangabeln\/","og_site_name":"Ohis","og_image":[{"width":454,"height":677,"url":"https:\/\/www.ohis.be\/wp-content\/uploads\/2022\/12\/TKG_VH.jpg","type":"image\/jpeg"}],"twitter_card":"summary_large_image","schema":{"@context":"https:\/\/schema.org","@graph":[{"@type":"WebPage","@id":"https:\/\/www.ohis.be\/de\/produit\/tigrip-tkg-vh-krangabeln\/","url":"https:\/\/www.ohis.be\/de\/produit\/tigrip-tkg-vh-krangabeln\/","name":"Tigrip TKG vh Krangabeln - Ohis","isPartOf":{"@id":"https:\/\/www.ohis.be\/#website"},"primaryImageOfPage":{"@id":"https:\/\/www.ohis.be\/de\/produit\/tigrip-tkg-vh-krangabeln\/#primaryimage"},"image":{"@id":"https:\/\/www.ohis.be\/de\/produit\/tigrip-tkg-vh-krangabeln\/#primaryimage"},"thumbnailUrl":"https:\/\/www.ohis.be\/wp-content\/uploads\/2022\/12\/TKG_VH.jpg","datePublished":"2022-12-20T12:44:00+00:00","breadcrumb":{"@id":"https:\/\/www.ohis.be\/de\/produit\/tigrip-tkg-vh-krangabeln\/#breadcrumb"},"inLanguage":"de","potentialAction":[{"@type":"ReadAction","target":["https:\/\/www.ohis.be\/de\/produit\/tigrip-tkg-vh-krangabeln\/"]}]},{"@type":"ImageObject","inLanguage":"de","@id":"https:\/\/www.ohis.be\/de\/produit\/tigrip-tkg-vh-krangabeln\/#primaryimage","url":"https:\/\/www.ohis.be\/wp-content\/uploads\/2022\/12\/TKG_VH.jpg","contentUrl":"https:\/\/www.ohis.be\/wp-content\/uploads\/2022\/12\/TKG_VH.jpg","width":454,"height":677,"caption":"&amp;#x05;4.0.3"},{"@type":"BreadcrumbList","@id":"https:\/\/www.ohis.be\/de\/produit\/tigrip-tkg-vh-krangabeln\/#breadcrumb","itemListElement":[{"@type":"ListItem","position":1,"name":"Accueil","item":"https:\/\/www.ohis.be\/de\/"},{"@type":"ListItem","position":2,"name":"Produkte","item":"https:\/\/www.ohis.be\/de\/produkte\/"},{"@type":"ListItem","position":3,"name":"Tigrip TKG vh Krangabeln"}]},{"@type":"WebSite","@id":"https:\/\/www.ohis.be\/#website","url":"https:\/\/www.ohis.be\/","name":"Ohis","description":"Outils de levage","publisher":{"@id":"https:\/\/www.ohis.be\/#organization"},"potentialAction":[{"@type":"SearchAction","target":{"@type":"EntryPoint","urlTemplate":"https:\/\/www.ohis.be\/?s={search_term_string}"},"query-input":{"@type":"PropertyValueSpecification","valueRequired":true,"valueName":"search_term_string"}}],"inLanguage":"de"},{"@type":"Organization","@id":"https:\/\/www.ohis.be\/#organization","name":"Ohis","url":"https:\/\/www.ohis.be\/","logo":{"@type":"ImageObject","inLanguage":"de","@id":"https:\/\/www.ohis.be\/#\/schema\/logo\/image\/","url":"https:\/\/www.ohis.be\/wp-content\/uploads\/2021\/02\/logo-ohis-wit.svg","contentUrl":"https:\/\/www.ohis.be\/wp-content\/uploads\/2021\/02\/logo-ohis-wit.svg","caption":"Ohis"},"image":{"@id":"https:\/\/www.ohis.be\/#\/schema\/logo\/image\/"}}]}},"_links":{"self":[{"href":"https:\/\/www.ohis.be\/de\/wp-json\/wp\/v2\/product\/33191","targetHints":{"allow":["GET"]}}],"collection":[{"href":"https:\/\/www.ohis.be\/de\/wp-json\/wp\/v2\/product"}],"about":[{"href":"https:\/\/www.ohis.be\/de\/wp-json\/wp\/v2\/types\/product"}],"wp:featuredmedia":[{"embeddable":true,"href":"https:\/\/www.ohis.be\/de\/wp-json\/wp\/v2\/media\/20400"}],"wp:attachment":[{"href":"https:\/\/www.ohis.be\/de\/wp-json\/wp\/v2\/media?parent=33191"}],"wp:term":[{"taxonomy":"product_brand","embeddable":true,"href":"https:\/\/www.ohis.be\/de\/wp-json\/wp\/v2\/product_brand?post=33191"},{"taxonomy":"product_cat","embeddable":true,"href":"https:\/\/www.ohis.be\/de\/wp-json\/wp\/v2\/product_cat?post=33191"},{"taxonomy":"product_tag","embeddable":true,"href":"https:\/\/www.ohis.be\/de\/wp-json\/wp\/v2\/product_tag?post=33191"}],"curies":[{"name":"wp","href":"https:\/\/api.w.org\/{rel}","templated":true}]}}