{"id":33170,"date":"2022-12-16T16:11:23","date_gmt":"2022-12-16T15:11:23","guid":{"rendered":"https:\/\/www.ohis.be\/produit\/tigrip-tcr-schienengreifer\/"},"modified":"2022-12-16T16:11:23","modified_gmt":"2022-12-16T15:11:23","slug":"tigrip-tcr-schienengreifer","status":"publish","type":"product","link":"https:\/\/www.ohis.be\/de\/produit\/tigrip-tcr-schienengreifer\/","title":{"rendered":"Tigrip TCR Schienengreifer"},"content":{"rendered":"<p>Tragf\u00e4higkeit 1.000 &#8211; 2.000 kg<br \/>\nEisenbahnschienen transportiert der Schienengreifer TCR einfach und sicher. Auch Schienen mit \u00e4hnlichem Kopf werden nach dem Festsetzen der Klemmbacke mittels Sicherheitshebel gefahrlos aufgenommen. F\u00fcr lange Schienen sind zwei Greifer an einer Traverse zur Vermeidung einer gr\u00f6\u00dferen Durchbiegung vorteilhaft.<br \/>\nDa der Schienenkopf vornehmlich formschl\u00fcssig gegriffen wird, muss ein Schr\u00e4ghang vermieden werden.<\/p>\n<p>F\u00fcr Sondergr\u00f6\u00dfen bitte das Schienenprofil und den Typ angeben!<br \/>\nAuch Mehrfach-Schienengreifer f\u00fcr den Transport von bis zu 12 Schienen gleichzeitig sind lieferbar.<br \/>\nEine Gleishebewinde finden Sie auf der Seite 124.<\/p>\n","protected":false},"excerpt":{"rendered":"<p>Tragf\u00e4higkeit 1.000 &#8211; 2.000 kg<br \/>\nEisenbahnschienen transportiert der Schienengreifer TCR einfach und sicher. Auch Schienen mit \u00e4hnlichem Kopf werden nach dem Festsetzen der Klemmbacke mittels Sicherheitshebel gefahrlos aufgenommen. F\u00fcr lange Schienen sind zwei Greifer an einer Traverse zur Vermeidung einer gr\u00f6\u00dferen Durchbiegung vorteilhaft.<br \/>\nDa der Schienenkopf vornehmlich formschl\u00fcssig gegriffen wird, muss ein Schr\u00e4ghang vermieden werden.<\/p>\n<p>F\u00fcr Sondergr\u00f6\u00dfen bitte das Schienenprofil und den Typ angeben!<br \/>\nAuch Mehrfach-Schienengreifer f\u00fcr den Transport von bis zu 12 Schienen gleichzeitig sind lieferbar.<br \/>\nEine Gleishebewinde finden Sie auf der Seite 124.<\/p>\n","protected":false},"featured_media":19903,"template":"","meta":{"_acf_changed":false,"inline_featured_image":false},"product_brand":[],"product_cat":[1621],"product_tag":[705],"class_list":{"0":"post-33170","1":"product","2":"type-product","3":"status-publish","4":"has-post-thumbnail","6":"product_cat-klemmen","7":"product_tag-yale-de","9":"first","10":"onbackorder","11":"taxable","12":"shipping-taxable","13":"purchasable","14":"product-type-variable"},"acf":[],"yoast_head":"<!-- This site is optimized with the Yoast SEO plugin v27.5 - https:\/\/yoast.com\/product\/yoast-seo-wordpress\/ -->\n<title>Tigrip TCR Schienengreifer - Ohis<\/title>\n<meta name=\"robots\" content=\"index, follow, max-snippet:-1, max-image-preview:large, max-video-preview:-1\" \/>\n<link rel=\"canonical\" href=\"https:\/\/www.ohis.be\/de\/produit\/tigrip-tcr-schienengreifer\/\" \/>\n<meta property=\"og:locale\" content=\"de_DE\" \/>\n<meta property=\"og:type\" content=\"article\" \/>\n<meta property=\"og:title\" content=\"Tigrip TCR Schienengreifer - Ohis\" \/>\n<meta property=\"og:description\" content=\"Tragf\u00e4higkeit 1.000 - 2.000 kg Eisenbahnschienen transportiert der Schienengreifer TCR einfach und sicher. Auch Schienen mit \u00e4hnlichem Kopf werden nach dem Festsetzen der Klemmbacke mittels Sicherheitshebel gefahrlos aufgenommen. F\u00fcr lange Schienen sind zwei Greifer an einer Traverse zur Vermeidung einer gr\u00f6\u00dferen Durchbiegung vorteilhaft. Da der Schienenkopf vornehmlich formschl\u00fcssig gegriffen wird, muss ein Schr\u00e4ghang vermieden werden.  F\u00fcr Sondergr\u00f6\u00dfen bitte das Schienenprofil und den Typ angeben! Auch Mehrfach-Schienengreifer f\u00fcr den Transport von bis zu 12 Schienen gleichzeitig sind lieferbar. Eine Gleishebewinde finden Sie auf der Seite 124.\" \/>\n<meta property=\"og:url\" content=\"https:\/\/www.ohis.be\/de\/produit\/tigrip-tcr-schienengreifer\/\" \/>\n<meta property=\"og:site_name\" content=\"Ohis\" \/>\n<meta property=\"og:image\" content=\"https:\/\/www.ohis.be\/wp-content\/uploads\/2022\/12\/TCR-e1671203263133.jpg\" \/>\n\t<meta property=\"og:image:width\" content=\"200\" \/>\n\t<meta property=\"og:image:height\" content=\"461\" \/>\n\t<meta property=\"og:image:type\" content=\"image\/jpeg\" \/>\n<meta name=\"twitter:card\" content=\"summary_large_image\" \/>\n<script type=\"application\/ld+json\" class=\"yoast-schema-graph\">{\"@context\":\"https:\\\/\\\/schema.org\",\"@graph\":[{\"@type\":\"WebPage\",\"@id\":\"https:\\\/\\\/www.ohis.be\\\/de\\\/produit\\\/tigrip-tcr-schienengreifer\\\/\",\"url\":\"https:\\\/\\\/www.ohis.be\\\/de\\\/produit\\\/tigrip-tcr-schienengreifer\\\/\",\"name\":\"Tigrip TCR Schienengreifer - Ohis\",\"isPartOf\":{\"@id\":\"https:\\\/\\\/www.ohis.be\\\/de\\\/#website\"},\"primaryImageOfPage\":{\"@id\":\"https:\\\/\\\/www.ohis.be\\\/de\\\/produit\\\/tigrip-tcr-schienengreifer\\\/#primaryimage\"},\"image\":{\"@id\":\"https:\\\/\\\/www.ohis.be\\\/de\\\/produit\\\/tigrip-tcr-schienengreifer\\\/#primaryimage\"},\"thumbnailUrl\":\"https:\\\/\\\/www.ohis.be\\\/wp-content\\\/uploads\\\/2022\\\/12\\\/TCR-e1671203263133.jpg\",\"datePublished\":\"2022-12-16T15:11:23+00:00\",\"breadcrumb\":{\"@id\":\"https:\\\/\\\/www.ohis.be\\\/de\\\/produit\\\/tigrip-tcr-schienengreifer\\\/#breadcrumb\"},\"inLanguage\":\"de\",\"potentialAction\":[{\"@type\":\"ReadAction\",\"target\":[\"https:\\\/\\\/www.ohis.be\\\/de\\\/produit\\\/tigrip-tcr-schienengreifer\\\/\"]}]},{\"@type\":\"ImageObject\",\"inLanguage\":\"de\",\"@id\":\"https:\\\/\\\/www.ohis.be\\\/de\\\/produit\\\/tigrip-tcr-schienengreifer\\\/#primaryimage\",\"url\":\"https:\\\/\\\/www.ohis.be\\\/wp-content\\\/uploads\\\/2022\\\/12\\\/TCR-e1671203263133.jpg\",\"contentUrl\":\"https:\\\/\\\/www.ohis.be\\\/wp-content\\\/uploads\\\/2022\\\/12\\\/TCR-e1671203263133.jpg\",\"width\":200,\"height\":461,\"caption\":\"&amp;#x05;4.0.3\"},{\"@type\":\"BreadcrumbList\",\"@id\":\"https:\\\/\\\/www.ohis.be\\\/de\\\/produit\\\/tigrip-tcr-schienengreifer\\\/#breadcrumb\",\"itemListElement\":[{\"@type\":\"ListItem\",\"position\":1,\"name\":\"Accueil\",\"item\":\"https:\\\/\\\/www.ohis.be\\\/de\\\/\"},{\"@type\":\"ListItem\",\"position\":2,\"name\":\"Produkte\",\"item\":\"https:\\\/\\\/www.ohis.be\\\/de\\\/produkte\\\/\"},{\"@type\":\"ListItem\",\"position\":3,\"name\":\"Tigrip TCR Schienengreifer\"}]},{\"@type\":\"WebSite\",\"@id\":\"https:\\\/\\\/www.ohis.be\\\/de\\\/#website\",\"url\":\"https:\\\/\\\/www.ohis.be\\\/de\\\/\",\"name\":\"Ohis\",\"description\":\"Outils de levage\",\"publisher\":{\"@id\":\"https:\\\/\\\/www.ohis.be\\\/de\\\/#organization\"},\"potentialAction\":[{\"@type\":\"SearchAction\",\"target\":{\"@type\":\"EntryPoint\",\"urlTemplate\":\"https:\\\/\\\/www.ohis.be\\\/de\\\/?s={search_term_string}\"},\"query-input\":{\"@type\":\"PropertyValueSpecification\",\"valueRequired\":true,\"valueName\":\"search_term_string\"}}],\"inLanguage\":\"de\"},{\"@type\":\"Organization\",\"@id\":\"https:\\\/\\\/www.ohis.be\\\/de\\\/#organization\",\"name\":\"Ohis\",\"url\":\"https:\\\/\\\/www.ohis.be\\\/de\\\/\",\"logo\":{\"@type\":\"ImageObject\",\"inLanguage\":\"de\",\"@id\":\"https:\\\/\\\/www.ohis.be\\\/de\\\/#\\\/schema\\\/logo\\\/image\\\/\",\"url\":\"https:\\\/\\\/www.ohis.be\\\/wp-content\\\/uploads\\\/2021\\\/02\\\/logo-ohis-wit.svg\",\"contentUrl\":\"https:\\\/\\\/www.ohis.be\\\/wp-content\\\/uploads\\\/2021\\\/02\\\/logo-ohis-wit.svg\",\"caption\":\"Ohis\"},\"image\":{\"@id\":\"https:\\\/\\\/www.ohis.be\\\/de\\\/#\\\/schema\\\/logo\\\/image\\\/\"}}]}<\/script>\n<!-- \/ Yoast SEO plugin. -->","yoast_head_json":{"title":"Tigrip TCR Schienengreifer - Ohis","robots":{"index":"index","follow":"follow","max-snippet":"max-snippet:-1","max-image-preview":"max-image-preview:large","max-video-preview":"max-video-preview:-1"},"canonical":"https:\/\/www.ohis.be\/de\/produit\/tigrip-tcr-schienengreifer\/","og_locale":"de_DE","og_type":"article","og_title":"Tigrip TCR Schienengreifer - Ohis","og_description":"Tragf\u00e4higkeit 1.000 - 2.000 kg Eisenbahnschienen transportiert der Schienengreifer TCR einfach und sicher. Auch Schienen mit \u00e4hnlichem Kopf werden nach dem Festsetzen der Klemmbacke mittels Sicherheitshebel gefahrlos aufgenommen. F\u00fcr lange Schienen sind zwei Greifer an einer Traverse zur Vermeidung einer gr\u00f6\u00dferen Durchbiegung vorteilhaft. Da der Schienenkopf vornehmlich formschl\u00fcssig gegriffen wird, muss ein Schr\u00e4ghang vermieden werden.  F\u00fcr Sondergr\u00f6\u00dfen bitte das Schienenprofil und den Typ angeben! Auch Mehrfach-Schienengreifer f\u00fcr den Transport von bis zu 12 Schienen gleichzeitig sind lieferbar. Eine Gleishebewinde finden Sie auf der Seite 124.","og_url":"https:\/\/www.ohis.be\/de\/produit\/tigrip-tcr-schienengreifer\/","og_site_name":"Ohis","og_image":[{"width":200,"height":461,"url":"https:\/\/www.ohis.be\/wp-content\/uploads\/2022\/12\/TCR-e1671203263133.jpg","type":"image\/jpeg"}],"twitter_card":"summary_large_image","schema":{"@context":"https:\/\/schema.org","@graph":[{"@type":"WebPage","@id":"https:\/\/www.ohis.be\/de\/produit\/tigrip-tcr-schienengreifer\/","url":"https:\/\/www.ohis.be\/de\/produit\/tigrip-tcr-schienengreifer\/","name":"Tigrip TCR Schienengreifer - Ohis","isPartOf":{"@id":"https:\/\/www.ohis.be\/de\/#website"},"primaryImageOfPage":{"@id":"https:\/\/www.ohis.be\/de\/produit\/tigrip-tcr-schienengreifer\/#primaryimage"},"image":{"@id":"https:\/\/www.ohis.be\/de\/produit\/tigrip-tcr-schienengreifer\/#primaryimage"},"thumbnailUrl":"https:\/\/www.ohis.be\/wp-content\/uploads\/2022\/12\/TCR-e1671203263133.jpg","datePublished":"2022-12-16T15:11:23+00:00","breadcrumb":{"@id":"https:\/\/www.ohis.be\/de\/produit\/tigrip-tcr-schienengreifer\/#breadcrumb"},"inLanguage":"de","potentialAction":[{"@type":"ReadAction","target":["https:\/\/www.ohis.be\/de\/produit\/tigrip-tcr-schienengreifer\/"]}]},{"@type":"ImageObject","inLanguage":"de","@id":"https:\/\/www.ohis.be\/de\/produit\/tigrip-tcr-schienengreifer\/#primaryimage","url":"https:\/\/www.ohis.be\/wp-content\/uploads\/2022\/12\/TCR-e1671203263133.jpg","contentUrl":"https:\/\/www.ohis.be\/wp-content\/uploads\/2022\/12\/TCR-e1671203263133.jpg","width":200,"height":461,"caption":"&amp;#x05;4.0.3"},{"@type":"BreadcrumbList","@id":"https:\/\/www.ohis.be\/de\/produit\/tigrip-tcr-schienengreifer\/#breadcrumb","itemListElement":[{"@type":"ListItem","position":1,"name":"Accueil","item":"https:\/\/www.ohis.be\/de\/"},{"@type":"ListItem","position":2,"name":"Produkte","item":"https:\/\/www.ohis.be\/de\/produkte\/"},{"@type":"ListItem","position":3,"name":"Tigrip TCR Schienengreifer"}]},{"@type":"WebSite","@id":"https:\/\/www.ohis.be\/de\/#website","url":"https:\/\/www.ohis.be\/de\/","name":"Ohis","description":"Outils de levage","publisher":{"@id":"https:\/\/www.ohis.be\/de\/#organization"},"potentialAction":[{"@type":"SearchAction","target":{"@type":"EntryPoint","urlTemplate":"https:\/\/www.ohis.be\/de\/?s={search_term_string}"},"query-input":{"@type":"PropertyValueSpecification","valueRequired":true,"valueName":"search_term_string"}}],"inLanguage":"de"},{"@type":"Organization","@id":"https:\/\/www.ohis.be\/de\/#organization","name":"Ohis","url":"https:\/\/www.ohis.be\/de\/","logo":{"@type":"ImageObject","inLanguage":"de","@id":"https:\/\/www.ohis.be\/de\/#\/schema\/logo\/image\/","url":"https:\/\/www.ohis.be\/wp-content\/uploads\/2021\/02\/logo-ohis-wit.svg","contentUrl":"https:\/\/www.ohis.be\/wp-content\/uploads\/2021\/02\/logo-ohis-wit.svg","caption":"Ohis"},"image":{"@id":"https:\/\/www.ohis.be\/de\/#\/schema\/logo\/image\/"}}]}},"_links":{"self":[{"href":"https:\/\/www.ohis.be\/de\/wp-json\/wp\/v2\/product\/33170","targetHints":{"allow":["GET"]}}],"collection":[{"href":"https:\/\/www.ohis.be\/de\/wp-json\/wp\/v2\/product"}],"about":[{"href":"https:\/\/www.ohis.be\/de\/wp-json\/wp\/v2\/types\/product"}],"wp:featuredmedia":[{"embeddable":true,"href":"https:\/\/www.ohis.be\/de\/wp-json\/wp\/v2\/media\/19903"}],"wp:attachment":[{"href":"https:\/\/www.ohis.be\/de\/wp-json\/wp\/v2\/media?parent=33170"}],"wp:term":[{"taxonomy":"product_brand","embeddable":true,"href":"https:\/\/www.ohis.be\/de\/wp-json\/wp\/v2\/product_brand?post=33170"},{"taxonomy":"product_cat","embeddable":true,"href":"https:\/\/www.ohis.be\/de\/wp-json\/wp\/v2\/product_cat?post=33170"},{"taxonomy":"product_tag","embeddable":true,"href":"https:\/\/www.ohis.be\/de\/wp-json\/wp\/v2\/product_tag?post=33170"}],"curies":[{"name":"wp","href":"https:\/\/api.w.org\/{rel}","templated":true}]}}