{"id":33165,"date":"2022-12-19T10:44:22","date_gmt":"2022-12-19T09:44:22","guid":{"rendered":"https:\/\/www.ohis.be\/produit\/tigrip-tco-container-transportosen\/"},"modified":"2022-12-19T10:44:22","modified_gmt":"2022-12-19T09:44:22","slug":"tigrip-tco-container-transportosen","status":"publish","type":"product","link":"https:\/\/www.ohis.be\/de\/produit\/tigrip-tco-container-transportosen\/","title":{"rendered":"Tigrip TCO Container-Transport\u00f6sen"},"content":{"rendered":"<p>Tragf\u00e4higkeit 32.000 &#8211; 56.000 kg<br \/>\nDiese Transport\u00f6sen dienen als flexible Anschlagmittel zum Transport von Containern. Es stehen zwei Modelle zur Verf\u00fcgung, die entweder \u201eoben\u201c oder \u201eunten\u201c am Container befestigt werden k\u00f6nnen.<br \/>\nDie Container\u00f6sen werden als ein Satz aus 4 St\u00fcck ausgeliefert.<\/p>\n<p>Die TCO wird oben in den am Container vorhandenen \u00d6ffnungen senkrecht angeschlagen. Durch eine Drehung von 90\u00b0 wird der TCO verriegelt und gesichert.<br \/>\nDer Transport erfolgt mittels einer Rahmentraverse, die \u00fcber Seile, Ketten oder B\u00e4nder mit den Transport\u00f6sen verbunden wird.<\/p>\n","protected":false},"excerpt":{"rendered":"<p>Tragf\u00e4higkeit 32.000 &#8211; 56.000 kg<br \/>\nDiese Transport\u00f6sen dienen als flexible Anschlagmittel zum Transport von Containern. Es stehen zwei Modelle zur Verf\u00fcgung, die entweder \u201eoben\u201c oder \u201eunten\u201c am Container befestigt werden k\u00f6nnen.<br \/>\nDie Container\u00f6sen werden als ein Satz aus 4 St\u00fcck ausgeliefert.<\/p>\n<p>Die TCO wird oben in den am Container vorhandenen \u00d6ffnungen senkrecht angeschlagen. Durch eine Drehung von 90\u00b0 wird der TCO verriegelt und gesichert.<br \/>\nDer Transport erfolgt mittels einer Rahmentraverse, die \u00fcber Seile, Ketten oder B\u00e4nder mit den Transport\u00f6sen verbunden wird.<\/p>\n","protected":false},"featured_media":19895,"template":"","meta":{"_acf_changed":false,"inline_featured_image":false},"product_brand":[],"product_cat":[464],"product_tag":[705],"class_list":{"0":"post-33165","1":"product","2":"type-product","3":"status-publish","4":"has-post-thumbnail","6":"product_cat-hebehaken","7":"product_tag-yale-de","9":"first","10":"onbackorder","11":"taxable","12":"shipping-taxable","13":"purchasable","14":"product-type-simple"},"acf":[],"yoast_head":"<!-- This site is optimized with the Yoast SEO plugin v27.4 - https:\/\/yoast.com\/product\/yoast-seo-wordpress\/ -->\n<title>Tigrip TCO Container-Transport\u00f6sen - Ohis<\/title>\n<meta name=\"robots\" content=\"index, follow, max-snippet:-1, max-image-preview:large, max-video-preview:-1\" \/>\n<link rel=\"canonical\" href=\"https:\/\/www.ohis.be\/de\/produit\/tigrip-tco-container-transportosen\/\" \/>\n<meta property=\"og:locale\" content=\"de_DE\" \/>\n<meta property=\"og:type\" content=\"article\" \/>\n<meta property=\"og:title\" content=\"Tigrip TCO Container-Transport\u00f6sen - Ohis\" \/>\n<meta property=\"og:description\" content=\"Tragf\u00e4higkeit 32.000 - 56.000 kg Diese Transport\u00f6sen dienen als flexible Anschlagmittel zum Transport von Containern. Es stehen zwei Modelle zur Verf\u00fcgung, die entweder \u201eoben\u201c oder \u201eunten\u201c am Container befestigt werden k\u00f6nnen. Die Container\u00f6sen werden als ein Satz aus 4 St\u00fcck ausgeliefert.  Die TCO wird oben in den am Container vorhandenen \u00d6ffnungen senkrecht angeschlagen. Durch eine Drehung von 90\u00b0 wird der TCO verriegelt und gesichert. Der Transport erfolgt mittels einer Rahmentraverse, die \u00fcber Seile, Ketten oder B\u00e4nder mit den Transport\u00f6sen verbunden wird.\" \/>\n<meta property=\"og:url\" content=\"https:\/\/www.ohis.be\/de\/produit\/tigrip-tco-container-transportosen\/\" \/>\n<meta property=\"og:site_name\" content=\"Ohis\" \/>\n<meta property=\"og:image\" content=\"https:\/\/www.ohis.be\/wp-content\/uploads\/2022\/12\/TCO.jpg\" \/>\n\t<meta property=\"og:image:width\" content=\"280\" \/>\n\t<meta property=\"og:image:height\" content=\"548\" \/>\n\t<meta property=\"og:image:type\" content=\"image\/jpeg\" \/>\n<meta name=\"twitter:card\" content=\"summary_large_image\" \/>\n<script type=\"application\/ld+json\" class=\"yoast-schema-graph\">{\"@context\":\"https:\\\/\\\/schema.org\",\"@graph\":[{\"@type\":\"WebPage\",\"@id\":\"https:\\\/\\\/www.ohis.be\\\/de\\\/produit\\\/tigrip-tco-container-transportosen\\\/\",\"url\":\"https:\\\/\\\/www.ohis.be\\\/de\\\/produit\\\/tigrip-tco-container-transportosen\\\/\",\"name\":\"Tigrip TCO Container-Transport\u00f6sen - Ohis\",\"isPartOf\":{\"@id\":\"https:\\\/\\\/www.ohis.be\\\/#website\"},\"primaryImageOfPage\":{\"@id\":\"https:\\\/\\\/www.ohis.be\\\/de\\\/produit\\\/tigrip-tco-container-transportosen\\\/#primaryimage\"},\"image\":{\"@id\":\"https:\\\/\\\/www.ohis.be\\\/de\\\/produit\\\/tigrip-tco-container-transportosen\\\/#primaryimage\"},\"thumbnailUrl\":\"https:\\\/\\\/www.ohis.be\\\/wp-content\\\/uploads\\\/2022\\\/12\\\/TCO.jpg\",\"datePublished\":\"2022-12-19T09:44:22+00:00\",\"breadcrumb\":{\"@id\":\"https:\\\/\\\/www.ohis.be\\\/de\\\/produit\\\/tigrip-tco-container-transportosen\\\/#breadcrumb\"},\"inLanguage\":\"de\",\"potentialAction\":[{\"@type\":\"ReadAction\",\"target\":[\"https:\\\/\\\/www.ohis.be\\\/de\\\/produit\\\/tigrip-tco-container-transportosen\\\/\"]}]},{\"@type\":\"ImageObject\",\"inLanguage\":\"de\",\"@id\":\"https:\\\/\\\/www.ohis.be\\\/de\\\/produit\\\/tigrip-tco-container-transportosen\\\/#primaryimage\",\"url\":\"https:\\\/\\\/www.ohis.be\\\/wp-content\\\/uploads\\\/2022\\\/12\\\/TCO.jpg\",\"contentUrl\":\"https:\\\/\\\/www.ohis.be\\\/wp-content\\\/uploads\\\/2022\\\/12\\\/TCO.jpg\",\"width\":280,\"height\":548,\"caption\":\"&amp;#x05;4.0.3\"},{\"@type\":\"BreadcrumbList\",\"@id\":\"https:\\\/\\\/www.ohis.be\\\/de\\\/produit\\\/tigrip-tco-container-transportosen\\\/#breadcrumb\",\"itemListElement\":[{\"@type\":\"ListItem\",\"position\":1,\"name\":\"Accueil\",\"item\":\"https:\\\/\\\/www.ohis.be\\\/de\\\/\"},{\"@type\":\"ListItem\",\"position\":2,\"name\":\"Produkte\",\"item\":\"https:\\\/\\\/www.ohis.be\\\/de\\\/produkte\\\/\"},{\"@type\":\"ListItem\",\"position\":3,\"name\":\"Tigrip TCO Container-Transport\u00f6sen\"}]},{\"@type\":\"WebSite\",\"@id\":\"https:\\\/\\\/www.ohis.be\\\/#website\",\"url\":\"https:\\\/\\\/www.ohis.be\\\/\",\"name\":\"Ohis\",\"description\":\"Outils de levage\",\"publisher\":{\"@id\":\"https:\\\/\\\/www.ohis.be\\\/#organization\"},\"potentialAction\":[{\"@type\":\"SearchAction\",\"target\":{\"@type\":\"EntryPoint\",\"urlTemplate\":\"https:\\\/\\\/www.ohis.be\\\/?s={search_term_string}\"},\"query-input\":{\"@type\":\"PropertyValueSpecification\",\"valueRequired\":true,\"valueName\":\"search_term_string\"}}],\"inLanguage\":\"de\"},{\"@type\":\"Organization\",\"@id\":\"https:\\\/\\\/www.ohis.be\\\/#organization\",\"name\":\"Ohis\",\"url\":\"https:\\\/\\\/www.ohis.be\\\/\",\"logo\":{\"@type\":\"ImageObject\",\"inLanguage\":\"de\",\"@id\":\"https:\\\/\\\/www.ohis.be\\\/#\\\/schema\\\/logo\\\/image\\\/\",\"url\":\"https:\\\/\\\/www.ohis.be\\\/wp-content\\\/uploads\\\/2021\\\/02\\\/logo-ohis-wit.svg\",\"contentUrl\":\"https:\\\/\\\/www.ohis.be\\\/wp-content\\\/uploads\\\/2021\\\/02\\\/logo-ohis-wit.svg\",\"caption\":\"Ohis\"},\"image\":{\"@id\":\"https:\\\/\\\/www.ohis.be\\\/#\\\/schema\\\/logo\\\/image\\\/\"}}]}<\/script>\n<!-- \/ Yoast SEO plugin. -->","yoast_head_json":{"title":"Tigrip TCO Container-Transport\u00f6sen - Ohis","robots":{"index":"index","follow":"follow","max-snippet":"max-snippet:-1","max-image-preview":"max-image-preview:large","max-video-preview":"max-video-preview:-1"},"canonical":"https:\/\/www.ohis.be\/de\/produit\/tigrip-tco-container-transportosen\/","og_locale":"de_DE","og_type":"article","og_title":"Tigrip TCO Container-Transport\u00f6sen - Ohis","og_description":"Tragf\u00e4higkeit 32.000 - 56.000 kg Diese Transport\u00f6sen dienen als flexible Anschlagmittel zum Transport von Containern. Es stehen zwei Modelle zur Verf\u00fcgung, die entweder \u201eoben\u201c oder \u201eunten\u201c am Container befestigt werden k\u00f6nnen. Die Container\u00f6sen werden als ein Satz aus 4 St\u00fcck ausgeliefert.  Die TCO wird oben in den am Container vorhandenen \u00d6ffnungen senkrecht angeschlagen. Durch eine Drehung von 90\u00b0 wird der TCO verriegelt und gesichert. Der Transport erfolgt mittels einer Rahmentraverse, die \u00fcber Seile, Ketten oder B\u00e4nder mit den Transport\u00f6sen verbunden wird.","og_url":"https:\/\/www.ohis.be\/de\/produit\/tigrip-tco-container-transportosen\/","og_site_name":"Ohis","og_image":[{"width":280,"height":548,"url":"https:\/\/www.ohis.be\/wp-content\/uploads\/2022\/12\/TCO.jpg","type":"image\/jpeg"}],"twitter_card":"summary_large_image","schema":{"@context":"https:\/\/schema.org","@graph":[{"@type":"WebPage","@id":"https:\/\/www.ohis.be\/de\/produit\/tigrip-tco-container-transportosen\/","url":"https:\/\/www.ohis.be\/de\/produit\/tigrip-tco-container-transportosen\/","name":"Tigrip TCO Container-Transport\u00f6sen - Ohis","isPartOf":{"@id":"https:\/\/www.ohis.be\/#website"},"primaryImageOfPage":{"@id":"https:\/\/www.ohis.be\/de\/produit\/tigrip-tco-container-transportosen\/#primaryimage"},"image":{"@id":"https:\/\/www.ohis.be\/de\/produit\/tigrip-tco-container-transportosen\/#primaryimage"},"thumbnailUrl":"https:\/\/www.ohis.be\/wp-content\/uploads\/2022\/12\/TCO.jpg","datePublished":"2022-12-19T09:44:22+00:00","breadcrumb":{"@id":"https:\/\/www.ohis.be\/de\/produit\/tigrip-tco-container-transportosen\/#breadcrumb"},"inLanguage":"de","potentialAction":[{"@type":"ReadAction","target":["https:\/\/www.ohis.be\/de\/produit\/tigrip-tco-container-transportosen\/"]}]},{"@type":"ImageObject","inLanguage":"de","@id":"https:\/\/www.ohis.be\/de\/produit\/tigrip-tco-container-transportosen\/#primaryimage","url":"https:\/\/www.ohis.be\/wp-content\/uploads\/2022\/12\/TCO.jpg","contentUrl":"https:\/\/www.ohis.be\/wp-content\/uploads\/2022\/12\/TCO.jpg","width":280,"height":548,"caption":"&amp;#x05;4.0.3"},{"@type":"BreadcrumbList","@id":"https:\/\/www.ohis.be\/de\/produit\/tigrip-tco-container-transportosen\/#breadcrumb","itemListElement":[{"@type":"ListItem","position":1,"name":"Accueil","item":"https:\/\/www.ohis.be\/de\/"},{"@type":"ListItem","position":2,"name":"Produkte","item":"https:\/\/www.ohis.be\/de\/produkte\/"},{"@type":"ListItem","position":3,"name":"Tigrip TCO Container-Transport\u00f6sen"}]},{"@type":"WebSite","@id":"https:\/\/www.ohis.be\/#website","url":"https:\/\/www.ohis.be\/","name":"Ohis","description":"Outils de levage","publisher":{"@id":"https:\/\/www.ohis.be\/#organization"},"potentialAction":[{"@type":"SearchAction","target":{"@type":"EntryPoint","urlTemplate":"https:\/\/www.ohis.be\/?s={search_term_string}"},"query-input":{"@type":"PropertyValueSpecification","valueRequired":true,"valueName":"search_term_string"}}],"inLanguage":"de"},{"@type":"Organization","@id":"https:\/\/www.ohis.be\/#organization","name":"Ohis","url":"https:\/\/www.ohis.be\/","logo":{"@type":"ImageObject","inLanguage":"de","@id":"https:\/\/www.ohis.be\/#\/schema\/logo\/image\/","url":"https:\/\/www.ohis.be\/wp-content\/uploads\/2021\/02\/logo-ohis-wit.svg","contentUrl":"https:\/\/www.ohis.be\/wp-content\/uploads\/2021\/02\/logo-ohis-wit.svg","caption":"Ohis"},"image":{"@id":"https:\/\/www.ohis.be\/#\/schema\/logo\/image\/"}}]}},"_links":{"self":[{"href":"https:\/\/www.ohis.be\/de\/wp-json\/wp\/v2\/product\/33165","targetHints":{"allow":["GET"]}}],"collection":[{"href":"https:\/\/www.ohis.be\/de\/wp-json\/wp\/v2\/product"}],"about":[{"href":"https:\/\/www.ohis.be\/de\/wp-json\/wp\/v2\/types\/product"}],"wp:featuredmedia":[{"embeddable":true,"href":"https:\/\/www.ohis.be\/de\/wp-json\/wp\/v2\/media\/19895"}],"wp:attachment":[{"href":"https:\/\/www.ohis.be\/de\/wp-json\/wp\/v2\/media?parent=33165"}],"wp:term":[{"taxonomy":"product_brand","embeddable":true,"href":"https:\/\/www.ohis.be\/de\/wp-json\/wp\/v2\/product_brand?post=33165"},{"taxonomy":"product_cat","embeddable":true,"href":"https:\/\/www.ohis.be\/de\/wp-json\/wp\/v2\/product_cat?post=33165"},{"taxonomy":"product_tag","embeddable":true,"href":"https:\/\/www.ohis.be\/de\/wp-json\/wp\/v2\/product_tag?post=33165"}],"curies":[{"name":"wp","href":"https:\/\/api.w.org\/{rel}","templated":true}]}}