{"id":33157,"date":"2022-12-19T11:42:19","date_gmt":"2022-12-19T10:42:19","guid":{"rendered":"https:\/\/www.ohis.be\/produit\/tigrip-tkb-klemmen-fur-kabeltrommeln\/"},"modified":"2022-12-19T11:42:19","modified_gmt":"2022-12-19T10:42:19","slug":"tigrip-tkb-klemmen-fur-kabeltrommeln","status":"publish","type":"product","link":"https:\/\/www.ohis.be\/de\/produit\/tigrip-tkb-klemmen-fur-kabeltrommeln\/","title":{"rendered":"Tigrip TKB Klemmen f\u00fcr Kabeltrommeln"},"content":{"rendered":"<p>Tragf\u00e4higkeit 5.000 kg<br \/>\nDie speziell f\u00fcr den Transport von Kabeltrommeln entwickelten Klemmen werden paarweise eingesetzt.<br \/>\nDurch Spreizen der Klemme erfolgt eine Verriegelung in der Trommel.<\/p>\n<p>\u00dcber einen Sicherungshebel k\u00f6nnen die positionierten Klemmen arretiert werden.<br \/>\nEinfaches Handling, geringes Gewicht und die kompakte Gr\u00f6\u00dfe der Klemmen erm\u00f6glichen einen sicheren Transport aller Arten von Trommeln.<\/p>\n","protected":false},"excerpt":{"rendered":"<p>Tragf\u00e4higkeit 5.000 kg<br \/>\nDie speziell f\u00fcr den Transport von Kabeltrommeln entwickelten Klemmen werden paarweise eingesetzt.<br \/>\nDurch Spreizen der Klemme erfolgt eine Verriegelung in der Trommel.<\/p>\n<p>\u00dcber einen Sicherungshebel k\u00f6nnen die positionierten Klemmen arretiert werden.<br \/>\nEinfaches Handling, geringes Gewicht und die kompakte Gr\u00f6\u00dfe der Klemmen erm\u00f6glichen einen sicheren Transport aller Arten von Trommeln.<\/p>\n","protected":false},"featured_media":20126,"template":"","meta":{"_acf_changed":false,"inline_featured_image":false},"product_brand":[],"product_cat":[1621],"product_tag":[705],"class_list":{"0":"post-33157","1":"product","2":"type-product","3":"status-publish","4":"has-post-thumbnail","6":"product_cat-klemmen","7":"product_tag-yale-de","9":"first","10":"onbackorder","11":"taxable","12":"shipping-taxable","13":"purchasable","14":"product-type-simple"},"acf":[],"yoast_head":"<!-- This site is optimized with the Yoast SEO plugin v27.5 - https:\/\/yoast.com\/product\/yoast-seo-wordpress\/ -->\n<title>Tigrip TKB Klemmen f\u00fcr Kabeltrommeln - Ohis<\/title>\n<meta name=\"robots\" content=\"index, follow, max-snippet:-1, max-image-preview:large, max-video-preview:-1\" \/>\n<link rel=\"canonical\" href=\"https:\/\/www.ohis.be\/de\/produit\/tigrip-tkb-klemmen-fur-kabeltrommeln\/\" \/>\n<meta property=\"og:locale\" content=\"de_DE\" \/>\n<meta property=\"og:type\" content=\"article\" \/>\n<meta property=\"og:title\" content=\"Tigrip TKB Klemmen f\u00fcr Kabeltrommeln - Ohis\" \/>\n<meta property=\"og:description\" content=\"Tragf\u00e4higkeit 5.000 kg Die speziell f\u00fcr den Transport von Kabeltrommeln entwickelten Klemmen werden paarweise eingesetzt. Durch Spreizen der Klemme erfolgt eine Verriegelung in der Trommel.  \u00dcber einen Sicherungshebel k\u00f6nnen die positionierten Klemmen arretiert werden. Einfaches Handling, geringes Gewicht und die kompakte Gr\u00f6\u00dfe der Klemmen erm\u00f6glichen einen sicheren Transport aller Arten von Trommeln.\" \/>\n<meta property=\"og:url\" content=\"https:\/\/www.ohis.be\/de\/produit\/tigrip-tkb-klemmen-fur-kabeltrommeln\/\" \/>\n<meta property=\"og:site_name\" content=\"Ohis\" \/>\n<meta property=\"og:image\" content=\"https:\/\/www.ohis.be\/wp-content\/uploads\/2022\/12\/TKB.jpg\" \/>\n\t<meta property=\"og:image:width\" content=\"607\" \/>\n\t<meta property=\"og:image:height\" content=\"823\" \/>\n\t<meta property=\"og:image:type\" content=\"image\/jpeg\" \/>\n<meta name=\"twitter:card\" content=\"summary_large_image\" \/>\n<script type=\"application\/ld+json\" class=\"yoast-schema-graph\">{\"@context\":\"https:\\\/\\\/schema.org\",\"@graph\":[{\"@type\":\"WebPage\",\"@id\":\"https:\\\/\\\/www.ohis.be\\\/de\\\/produit\\\/tigrip-tkb-klemmen-fur-kabeltrommeln\\\/\",\"url\":\"https:\\\/\\\/www.ohis.be\\\/de\\\/produit\\\/tigrip-tkb-klemmen-fur-kabeltrommeln\\\/\",\"name\":\"Tigrip TKB Klemmen f\u00fcr Kabeltrommeln - Ohis\",\"isPartOf\":{\"@id\":\"https:\\\/\\\/www.ohis.be\\\/de\\\/#website\"},\"primaryImageOfPage\":{\"@id\":\"https:\\\/\\\/www.ohis.be\\\/de\\\/produit\\\/tigrip-tkb-klemmen-fur-kabeltrommeln\\\/#primaryimage\"},\"image\":{\"@id\":\"https:\\\/\\\/www.ohis.be\\\/de\\\/produit\\\/tigrip-tkb-klemmen-fur-kabeltrommeln\\\/#primaryimage\"},\"thumbnailUrl\":\"https:\\\/\\\/www.ohis.be\\\/wp-content\\\/uploads\\\/2022\\\/12\\\/TKB.jpg\",\"datePublished\":\"2022-12-19T10:42:19+00:00\",\"breadcrumb\":{\"@id\":\"https:\\\/\\\/www.ohis.be\\\/de\\\/produit\\\/tigrip-tkb-klemmen-fur-kabeltrommeln\\\/#breadcrumb\"},\"inLanguage\":\"de\",\"potentialAction\":[{\"@type\":\"ReadAction\",\"target\":[\"https:\\\/\\\/www.ohis.be\\\/de\\\/produit\\\/tigrip-tkb-klemmen-fur-kabeltrommeln\\\/\"]}]},{\"@type\":\"ImageObject\",\"inLanguage\":\"de\",\"@id\":\"https:\\\/\\\/www.ohis.be\\\/de\\\/produit\\\/tigrip-tkb-klemmen-fur-kabeltrommeln\\\/#primaryimage\",\"url\":\"https:\\\/\\\/www.ohis.be\\\/wp-content\\\/uploads\\\/2022\\\/12\\\/TKB.jpg\",\"contentUrl\":\"https:\\\/\\\/www.ohis.be\\\/wp-content\\\/uploads\\\/2022\\\/12\\\/TKB.jpg\",\"width\":607,\"height\":823,\"caption\":\"&amp;#x05;4.0.3\"},{\"@type\":\"BreadcrumbList\",\"@id\":\"https:\\\/\\\/www.ohis.be\\\/de\\\/produit\\\/tigrip-tkb-klemmen-fur-kabeltrommeln\\\/#breadcrumb\",\"itemListElement\":[{\"@type\":\"ListItem\",\"position\":1,\"name\":\"Accueil\",\"item\":\"https:\\\/\\\/www.ohis.be\\\/de\\\/\"},{\"@type\":\"ListItem\",\"position\":2,\"name\":\"Produkte\",\"item\":\"https:\\\/\\\/www.ohis.be\\\/de\\\/produkte\\\/\"},{\"@type\":\"ListItem\",\"position\":3,\"name\":\"Tigrip TKB Klemmen f\u00fcr Kabeltrommeln\"}]},{\"@type\":\"WebSite\",\"@id\":\"https:\\\/\\\/www.ohis.be\\\/de\\\/#website\",\"url\":\"https:\\\/\\\/www.ohis.be\\\/de\\\/\",\"name\":\"Ohis\",\"description\":\"Outils de levage\",\"publisher\":{\"@id\":\"https:\\\/\\\/www.ohis.be\\\/de\\\/#organization\"},\"potentialAction\":[{\"@type\":\"SearchAction\",\"target\":{\"@type\":\"EntryPoint\",\"urlTemplate\":\"https:\\\/\\\/www.ohis.be\\\/de\\\/?s={search_term_string}\"},\"query-input\":{\"@type\":\"PropertyValueSpecification\",\"valueRequired\":true,\"valueName\":\"search_term_string\"}}],\"inLanguage\":\"de\"},{\"@type\":\"Organization\",\"@id\":\"https:\\\/\\\/www.ohis.be\\\/de\\\/#organization\",\"name\":\"Ohis\",\"url\":\"https:\\\/\\\/www.ohis.be\\\/de\\\/\",\"logo\":{\"@type\":\"ImageObject\",\"inLanguage\":\"de\",\"@id\":\"https:\\\/\\\/www.ohis.be\\\/de\\\/#\\\/schema\\\/logo\\\/image\\\/\",\"url\":\"https:\\\/\\\/www.ohis.be\\\/wp-content\\\/uploads\\\/2021\\\/02\\\/logo-ohis-wit.svg\",\"contentUrl\":\"https:\\\/\\\/www.ohis.be\\\/wp-content\\\/uploads\\\/2021\\\/02\\\/logo-ohis-wit.svg\",\"caption\":\"Ohis\"},\"image\":{\"@id\":\"https:\\\/\\\/www.ohis.be\\\/de\\\/#\\\/schema\\\/logo\\\/image\\\/\"}}]}<\/script>\n<!-- \/ Yoast SEO plugin. -->","yoast_head_json":{"title":"Tigrip TKB Klemmen f\u00fcr Kabeltrommeln - Ohis","robots":{"index":"index","follow":"follow","max-snippet":"max-snippet:-1","max-image-preview":"max-image-preview:large","max-video-preview":"max-video-preview:-1"},"canonical":"https:\/\/www.ohis.be\/de\/produit\/tigrip-tkb-klemmen-fur-kabeltrommeln\/","og_locale":"de_DE","og_type":"article","og_title":"Tigrip TKB Klemmen f\u00fcr Kabeltrommeln - Ohis","og_description":"Tragf\u00e4higkeit 5.000 kg Die speziell f\u00fcr den Transport von Kabeltrommeln entwickelten Klemmen werden paarweise eingesetzt. Durch Spreizen der Klemme erfolgt eine Verriegelung in der Trommel.  \u00dcber einen Sicherungshebel k\u00f6nnen die positionierten Klemmen arretiert werden. Einfaches Handling, geringes Gewicht und die kompakte Gr\u00f6\u00dfe der Klemmen erm\u00f6glichen einen sicheren Transport aller Arten von Trommeln.","og_url":"https:\/\/www.ohis.be\/de\/produit\/tigrip-tkb-klemmen-fur-kabeltrommeln\/","og_site_name":"Ohis","og_image":[{"width":607,"height":823,"url":"https:\/\/www.ohis.be\/wp-content\/uploads\/2022\/12\/TKB.jpg","type":"image\/jpeg"}],"twitter_card":"summary_large_image","schema":{"@context":"https:\/\/schema.org","@graph":[{"@type":"WebPage","@id":"https:\/\/www.ohis.be\/de\/produit\/tigrip-tkb-klemmen-fur-kabeltrommeln\/","url":"https:\/\/www.ohis.be\/de\/produit\/tigrip-tkb-klemmen-fur-kabeltrommeln\/","name":"Tigrip TKB Klemmen f\u00fcr Kabeltrommeln - Ohis","isPartOf":{"@id":"https:\/\/www.ohis.be\/de\/#website"},"primaryImageOfPage":{"@id":"https:\/\/www.ohis.be\/de\/produit\/tigrip-tkb-klemmen-fur-kabeltrommeln\/#primaryimage"},"image":{"@id":"https:\/\/www.ohis.be\/de\/produit\/tigrip-tkb-klemmen-fur-kabeltrommeln\/#primaryimage"},"thumbnailUrl":"https:\/\/www.ohis.be\/wp-content\/uploads\/2022\/12\/TKB.jpg","datePublished":"2022-12-19T10:42:19+00:00","breadcrumb":{"@id":"https:\/\/www.ohis.be\/de\/produit\/tigrip-tkb-klemmen-fur-kabeltrommeln\/#breadcrumb"},"inLanguage":"de","potentialAction":[{"@type":"ReadAction","target":["https:\/\/www.ohis.be\/de\/produit\/tigrip-tkb-klemmen-fur-kabeltrommeln\/"]}]},{"@type":"ImageObject","inLanguage":"de","@id":"https:\/\/www.ohis.be\/de\/produit\/tigrip-tkb-klemmen-fur-kabeltrommeln\/#primaryimage","url":"https:\/\/www.ohis.be\/wp-content\/uploads\/2022\/12\/TKB.jpg","contentUrl":"https:\/\/www.ohis.be\/wp-content\/uploads\/2022\/12\/TKB.jpg","width":607,"height":823,"caption":"&amp;#x05;4.0.3"},{"@type":"BreadcrumbList","@id":"https:\/\/www.ohis.be\/de\/produit\/tigrip-tkb-klemmen-fur-kabeltrommeln\/#breadcrumb","itemListElement":[{"@type":"ListItem","position":1,"name":"Accueil","item":"https:\/\/www.ohis.be\/de\/"},{"@type":"ListItem","position":2,"name":"Produkte","item":"https:\/\/www.ohis.be\/de\/produkte\/"},{"@type":"ListItem","position":3,"name":"Tigrip TKB Klemmen f\u00fcr Kabeltrommeln"}]},{"@type":"WebSite","@id":"https:\/\/www.ohis.be\/de\/#website","url":"https:\/\/www.ohis.be\/de\/","name":"Ohis","description":"Outils de levage","publisher":{"@id":"https:\/\/www.ohis.be\/de\/#organization"},"potentialAction":[{"@type":"SearchAction","target":{"@type":"EntryPoint","urlTemplate":"https:\/\/www.ohis.be\/de\/?s={search_term_string}"},"query-input":{"@type":"PropertyValueSpecification","valueRequired":true,"valueName":"search_term_string"}}],"inLanguage":"de"},{"@type":"Organization","@id":"https:\/\/www.ohis.be\/de\/#organization","name":"Ohis","url":"https:\/\/www.ohis.be\/de\/","logo":{"@type":"ImageObject","inLanguage":"de","@id":"https:\/\/www.ohis.be\/de\/#\/schema\/logo\/image\/","url":"https:\/\/www.ohis.be\/wp-content\/uploads\/2021\/02\/logo-ohis-wit.svg","contentUrl":"https:\/\/www.ohis.be\/wp-content\/uploads\/2021\/02\/logo-ohis-wit.svg","caption":"Ohis"},"image":{"@id":"https:\/\/www.ohis.be\/de\/#\/schema\/logo\/image\/"}}]}},"_links":{"self":[{"href":"https:\/\/www.ohis.be\/de\/wp-json\/wp\/v2\/product\/33157","targetHints":{"allow":["GET"]}}],"collection":[{"href":"https:\/\/www.ohis.be\/de\/wp-json\/wp\/v2\/product"}],"about":[{"href":"https:\/\/www.ohis.be\/de\/wp-json\/wp\/v2\/types\/product"}],"wp:featuredmedia":[{"embeddable":true,"href":"https:\/\/www.ohis.be\/de\/wp-json\/wp\/v2\/media\/20126"}],"wp:attachment":[{"href":"https:\/\/www.ohis.be\/de\/wp-json\/wp\/v2\/media?parent=33157"}],"wp:term":[{"taxonomy":"product_brand","embeddable":true,"href":"https:\/\/www.ohis.be\/de\/wp-json\/wp\/v2\/product_brand?post=33157"},{"taxonomy":"product_cat","embeddable":true,"href":"https:\/\/www.ohis.be\/de\/wp-json\/wp\/v2\/product_cat?post=33157"},{"taxonomy":"product_tag","embeddable":true,"href":"https:\/\/www.ohis.be\/de\/wp-json\/wp\/v2\/product_tag?post=33157"}],"curies":[{"name":"wp","href":"https:\/\/api.w.org\/{rel}","templated":true}]}}