{"id":33061,"date":"2022-12-19T18:44:44","date_gmt":"2022-12-19T17:44:44","guid":{"rendered":"https:\/\/www.ohis.be\/produit\/tigrip-tfrk-fassrandklemme\/"},"modified":"2022-12-19T18:44:44","modified_gmt":"2022-12-19T17:44:44","slug":"tigrip-tfrk-fassrandklemme","status":"publish","type":"product","link":"https:\/\/www.ohis.be\/de\/produit\/tigrip-tfrk-fassrandklemme\/","title":{"rendered":"Tigrip TFRK Fassrandklemme"},"content":{"rendered":"<p>Tragf\u00e4higkeit 500 kg<br \/>\nDie Fassrandklemme TFRK kann einzeln, paarweise oder mehrstrangig eingesetzt werden.<br \/>\nDie Klemme fasst unter den Rand des Fasses. Aufgrund einer Federvorspannung wird ein unbeabsichtigtes \u00d6ffnen der Klemme vermieden.<\/p>\n<p>F\u00fcr F\u00e4sser nach EN ISO 15750-2.<\/p>\n","protected":false},"excerpt":{"rendered":"<p>Tragf\u00e4higkeit 500 kg<br \/>\nDie Fassrandklemme TFRK kann einzeln, paarweise oder mehrstrangig eingesetzt werden.<br \/>\nDie Klemme fasst unter den Rand des Fasses. Aufgrund einer Federvorspannung wird ein unbeabsichtigtes \u00d6ffnen der Klemme vermieden.<\/p>\n<p>F\u00fcr F\u00e4sser nach EN ISO 15750-2.<\/p>\n","protected":false},"featured_media":20190,"template":"","meta":{"_acf_changed":false,"inline_featured_image":false},"product_brand":[],"product_cat":[1621],"product_tag":[705],"class_list":{"0":"post-33061","1":"product","2":"type-product","3":"status-publish","4":"has-post-thumbnail","6":"product_cat-klemmen","7":"product_tag-yale-de","9":"first","10":"onbackorder","11":"taxable","12":"shipping-taxable","13":"purchasable","14":"product-type-simple"},"acf":[],"yoast_head":"<!-- This site is optimized with the Yoast SEO plugin v27.5 - https:\/\/yoast.com\/product\/yoast-seo-wordpress\/ -->\n<title>Tigrip TFRK Fassrandklemme - Ohis<\/title>\n<meta name=\"robots\" content=\"index, follow, max-snippet:-1, max-image-preview:large, max-video-preview:-1\" \/>\n<link rel=\"canonical\" href=\"https:\/\/www.ohis.be\/de\/produit\/tigrip-tfrk-fassrandklemme\/\" \/>\n<meta property=\"og:locale\" content=\"de_DE\" \/>\n<meta property=\"og:type\" content=\"article\" \/>\n<meta property=\"og:title\" content=\"Tigrip TFRK Fassrandklemme - Ohis\" \/>\n<meta property=\"og:description\" content=\"Tragf\u00e4higkeit 500 kg Die Fassrandklemme TFRK kann einzeln, paarweise oder mehrstrangig eingesetzt werden. Die Klemme fasst unter den Rand des Fasses. Aufgrund einer Federvorspannung wird ein unbeabsichtigtes \u00d6ffnen der Klemme vermieden.  F\u00fcr F\u00e4sser nach EN ISO 15750-2.\" \/>\n<meta property=\"og:url\" content=\"https:\/\/www.ohis.be\/de\/produit\/tigrip-tfrk-fassrandklemme\/\" \/>\n<meta property=\"og:site_name\" content=\"Ohis\" \/>\n<meta property=\"og:image\" content=\"https:\/\/www.ohis.be\/wp-content\/uploads\/2022\/12\/TFRK_Anw1.jpg\" \/>\n\t<meta property=\"og:image:width\" content=\"265\" \/>\n\t<meta property=\"og:image:height\" content=\"383\" \/>\n\t<meta property=\"og:image:type\" content=\"image\/jpeg\" \/>\n<meta name=\"twitter:card\" content=\"summary_large_image\" \/>\n<script type=\"application\/ld+json\" class=\"yoast-schema-graph\">{\"@context\":\"https:\\\/\\\/schema.org\",\"@graph\":[{\"@type\":\"WebPage\",\"@id\":\"https:\\\/\\\/www.ohis.be\\\/de\\\/produit\\\/tigrip-tfrk-fassrandklemme\\\/\",\"url\":\"https:\\\/\\\/www.ohis.be\\\/de\\\/produit\\\/tigrip-tfrk-fassrandklemme\\\/\",\"name\":\"Tigrip TFRK Fassrandklemme - Ohis\",\"isPartOf\":{\"@id\":\"https:\\\/\\\/www.ohis.be\\\/de\\\/#website\"},\"primaryImageOfPage\":{\"@id\":\"https:\\\/\\\/www.ohis.be\\\/de\\\/produit\\\/tigrip-tfrk-fassrandklemme\\\/#primaryimage\"},\"image\":{\"@id\":\"https:\\\/\\\/www.ohis.be\\\/de\\\/produit\\\/tigrip-tfrk-fassrandklemme\\\/#primaryimage\"},\"thumbnailUrl\":\"https:\\\/\\\/www.ohis.be\\\/wp-content\\\/uploads\\\/2022\\\/12\\\/TFRK_Anw1.jpg\",\"datePublished\":\"2022-12-19T17:44:44+00:00\",\"breadcrumb\":{\"@id\":\"https:\\\/\\\/www.ohis.be\\\/de\\\/produit\\\/tigrip-tfrk-fassrandklemme\\\/#breadcrumb\"},\"inLanguage\":\"de\",\"potentialAction\":[{\"@type\":\"ReadAction\",\"target\":[\"https:\\\/\\\/www.ohis.be\\\/de\\\/produit\\\/tigrip-tfrk-fassrandklemme\\\/\"]}]},{\"@type\":\"ImageObject\",\"inLanguage\":\"de\",\"@id\":\"https:\\\/\\\/www.ohis.be\\\/de\\\/produit\\\/tigrip-tfrk-fassrandklemme\\\/#primaryimage\",\"url\":\"https:\\\/\\\/www.ohis.be\\\/wp-content\\\/uploads\\\/2022\\\/12\\\/TFRK_Anw1.jpg\",\"contentUrl\":\"https:\\\/\\\/www.ohis.be\\\/wp-content\\\/uploads\\\/2022\\\/12\\\/TFRK_Anw1.jpg\",\"width\":265,\"height\":383,\"caption\":\"&amp;#x05;4.0.3\"},{\"@type\":\"BreadcrumbList\",\"@id\":\"https:\\\/\\\/www.ohis.be\\\/de\\\/produit\\\/tigrip-tfrk-fassrandklemme\\\/#breadcrumb\",\"itemListElement\":[{\"@type\":\"ListItem\",\"position\":1,\"name\":\"Accueil\",\"item\":\"https:\\\/\\\/www.ohis.be\\\/de\\\/\"},{\"@type\":\"ListItem\",\"position\":2,\"name\":\"Produkte\",\"item\":\"https:\\\/\\\/www.ohis.be\\\/de\\\/produkte\\\/\"},{\"@type\":\"ListItem\",\"position\":3,\"name\":\"Tigrip TFRK Fassrandklemme\"}]},{\"@type\":\"WebSite\",\"@id\":\"https:\\\/\\\/www.ohis.be\\\/de\\\/#website\",\"url\":\"https:\\\/\\\/www.ohis.be\\\/de\\\/\",\"name\":\"Ohis\",\"description\":\"Outils de levage\",\"publisher\":{\"@id\":\"https:\\\/\\\/www.ohis.be\\\/de\\\/#organization\"},\"potentialAction\":[{\"@type\":\"SearchAction\",\"target\":{\"@type\":\"EntryPoint\",\"urlTemplate\":\"https:\\\/\\\/www.ohis.be\\\/de\\\/?s={search_term_string}\"},\"query-input\":{\"@type\":\"PropertyValueSpecification\",\"valueRequired\":true,\"valueName\":\"search_term_string\"}}],\"inLanguage\":\"de\"},{\"@type\":\"Organization\",\"@id\":\"https:\\\/\\\/www.ohis.be\\\/de\\\/#organization\",\"name\":\"Ohis\",\"url\":\"https:\\\/\\\/www.ohis.be\\\/de\\\/\",\"logo\":{\"@type\":\"ImageObject\",\"inLanguage\":\"de\",\"@id\":\"https:\\\/\\\/www.ohis.be\\\/de\\\/#\\\/schema\\\/logo\\\/image\\\/\",\"url\":\"https:\\\/\\\/www.ohis.be\\\/wp-content\\\/uploads\\\/2021\\\/02\\\/logo-ohis-wit.svg\",\"contentUrl\":\"https:\\\/\\\/www.ohis.be\\\/wp-content\\\/uploads\\\/2021\\\/02\\\/logo-ohis-wit.svg\",\"caption\":\"Ohis\"},\"image\":{\"@id\":\"https:\\\/\\\/www.ohis.be\\\/de\\\/#\\\/schema\\\/logo\\\/image\\\/\"}}]}<\/script>\n<!-- \/ Yoast SEO plugin. -->","yoast_head_json":{"title":"Tigrip TFRK Fassrandklemme - Ohis","robots":{"index":"index","follow":"follow","max-snippet":"max-snippet:-1","max-image-preview":"max-image-preview:large","max-video-preview":"max-video-preview:-1"},"canonical":"https:\/\/www.ohis.be\/de\/produit\/tigrip-tfrk-fassrandklemme\/","og_locale":"de_DE","og_type":"article","og_title":"Tigrip TFRK Fassrandklemme - Ohis","og_description":"Tragf\u00e4higkeit 500 kg Die Fassrandklemme TFRK kann einzeln, paarweise oder mehrstrangig eingesetzt werden. Die Klemme fasst unter den Rand des Fasses. Aufgrund einer Federvorspannung wird ein unbeabsichtigtes \u00d6ffnen der Klemme vermieden.  F\u00fcr F\u00e4sser nach EN ISO 15750-2.","og_url":"https:\/\/www.ohis.be\/de\/produit\/tigrip-tfrk-fassrandklemme\/","og_site_name":"Ohis","og_image":[{"width":265,"height":383,"url":"https:\/\/www.ohis.be\/wp-content\/uploads\/2022\/12\/TFRK_Anw1.jpg","type":"image\/jpeg"}],"twitter_card":"summary_large_image","schema":{"@context":"https:\/\/schema.org","@graph":[{"@type":"WebPage","@id":"https:\/\/www.ohis.be\/de\/produit\/tigrip-tfrk-fassrandklemme\/","url":"https:\/\/www.ohis.be\/de\/produit\/tigrip-tfrk-fassrandklemme\/","name":"Tigrip TFRK Fassrandklemme - Ohis","isPartOf":{"@id":"https:\/\/www.ohis.be\/de\/#website"},"primaryImageOfPage":{"@id":"https:\/\/www.ohis.be\/de\/produit\/tigrip-tfrk-fassrandklemme\/#primaryimage"},"image":{"@id":"https:\/\/www.ohis.be\/de\/produit\/tigrip-tfrk-fassrandklemme\/#primaryimage"},"thumbnailUrl":"https:\/\/www.ohis.be\/wp-content\/uploads\/2022\/12\/TFRK_Anw1.jpg","datePublished":"2022-12-19T17:44:44+00:00","breadcrumb":{"@id":"https:\/\/www.ohis.be\/de\/produit\/tigrip-tfrk-fassrandklemme\/#breadcrumb"},"inLanguage":"de","potentialAction":[{"@type":"ReadAction","target":["https:\/\/www.ohis.be\/de\/produit\/tigrip-tfrk-fassrandklemme\/"]}]},{"@type":"ImageObject","inLanguage":"de","@id":"https:\/\/www.ohis.be\/de\/produit\/tigrip-tfrk-fassrandklemme\/#primaryimage","url":"https:\/\/www.ohis.be\/wp-content\/uploads\/2022\/12\/TFRK_Anw1.jpg","contentUrl":"https:\/\/www.ohis.be\/wp-content\/uploads\/2022\/12\/TFRK_Anw1.jpg","width":265,"height":383,"caption":"&amp;#x05;4.0.3"},{"@type":"BreadcrumbList","@id":"https:\/\/www.ohis.be\/de\/produit\/tigrip-tfrk-fassrandklemme\/#breadcrumb","itemListElement":[{"@type":"ListItem","position":1,"name":"Accueil","item":"https:\/\/www.ohis.be\/de\/"},{"@type":"ListItem","position":2,"name":"Produkte","item":"https:\/\/www.ohis.be\/de\/produkte\/"},{"@type":"ListItem","position":3,"name":"Tigrip TFRK Fassrandklemme"}]},{"@type":"WebSite","@id":"https:\/\/www.ohis.be\/de\/#website","url":"https:\/\/www.ohis.be\/de\/","name":"Ohis","description":"Outils de levage","publisher":{"@id":"https:\/\/www.ohis.be\/de\/#organization"},"potentialAction":[{"@type":"SearchAction","target":{"@type":"EntryPoint","urlTemplate":"https:\/\/www.ohis.be\/de\/?s={search_term_string}"},"query-input":{"@type":"PropertyValueSpecification","valueRequired":true,"valueName":"search_term_string"}}],"inLanguage":"de"},{"@type":"Organization","@id":"https:\/\/www.ohis.be\/de\/#organization","name":"Ohis","url":"https:\/\/www.ohis.be\/de\/","logo":{"@type":"ImageObject","inLanguage":"de","@id":"https:\/\/www.ohis.be\/de\/#\/schema\/logo\/image\/","url":"https:\/\/www.ohis.be\/wp-content\/uploads\/2021\/02\/logo-ohis-wit.svg","contentUrl":"https:\/\/www.ohis.be\/wp-content\/uploads\/2021\/02\/logo-ohis-wit.svg","caption":"Ohis"},"image":{"@id":"https:\/\/www.ohis.be\/de\/#\/schema\/logo\/image\/"}}]}},"_links":{"self":[{"href":"https:\/\/www.ohis.be\/de\/wp-json\/wp\/v2\/product\/33061","targetHints":{"allow":["GET"]}}],"collection":[{"href":"https:\/\/www.ohis.be\/de\/wp-json\/wp\/v2\/product"}],"about":[{"href":"https:\/\/www.ohis.be\/de\/wp-json\/wp\/v2\/types\/product"}],"wp:featuredmedia":[{"embeddable":true,"href":"https:\/\/www.ohis.be\/de\/wp-json\/wp\/v2\/media\/20190"}],"wp:attachment":[{"href":"https:\/\/www.ohis.be\/de\/wp-json\/wp\/v2\/media?parent=33061"}],"wp:term":[{"taxonomy":"product_brand","embeddable":true,"href":"https:\/\/www.ohis.be\/de\/wp-json\/wp\/v2\/product_brand?post=33061"},{"taxonomy":"product_cat","embeddable":true,"href":"https:\/\/www.ohis.be\/de\/wp-json\/wp\/v2\/product_cat?post=33061"},{"taxonomy":"product_tag","embeddable":true,"href":"https:\/\/www.ohis.be\/de\/wp-json\/wp\/v2\/product_tag?post=33061"}],"curies":[{"name":"wp","href":"https:\/\/api.w.org\/{rel}","templated":true}]}}