{"id":33057,"date":"2022-12-20T09:02:50","date_gmt":"2022-12-20T08:02:50","guid":{"rendered":"https:\/\/www.ohis.be\/produit\/tfa-d-fassgreifer-mit-drehvorrichtng\/"},"modified":"2022-12-20T09:02:50","modified_gmt":"2022-12-20T08:02:50","slug":"tfa-d-fassgreifer-mit-drehvorrichtng","status":"publish","type":"product","link":"https:\/\/www.ohis.be\/de\/produit\/tfa-d-fassgreifer-mit-drehvorrichtng\/","title":{"rendered":"TFA D Fassgreifer mit Drehvorrichtng"},"content":{"rendered":"<p>Tragf\u00e4higkeit 300 kg<br \/>\nZum Wenden und auch Entleeren von F\u00e4ssern ist der Greifer mit Kippvorrichtung in gleicher Weise geeignet.<br \/>\nUm ein Fass m\u00fchelos drehen zu k\u00f6nnen, muss es im Schwerpunkt gegriffen werden.<\/p>\n<p>F\u00fcr F\u00e4sser nach EN ISO 15750-2.<\/p>\n","protected":false},"excerpt":{"rendered":"<p>Tragf\u00e4higkeit 300 kg<br \/>\nZum Wenden und auch Entleeren von F\u00e4ssern ist der Greifer mit Kippvorrichtung in gleicher Weise geeignet.<br \/>\nUm ein Fass m\u00fchelos drehen zu k\u00f6nnen, muss es im Schwerpunkt gegriffen werden.<\/p>\n<p>F\u00fcr F\u00e4sser nach EN ISO 15750-2.<\/p>\n","protected":false},"featured_media":20170,"template":"","meta":{"_acf_changed":false,"inline_featured_image":false},"product_brand":[],"product_cat":[1621],"product_tag":[705],"class_list":{"0":"post-33057","1":"product","2":"type-product","3":"status-publish","4":"has-post-thumbnail","6":"product_cat-klemmen","7":"product_tag-yale-de","9":"first","10":"onbackorder","11":"taxable","12":"shipping-taxable","13":"purchasable","14":"product-type-simple"},"acf":[],"yoast_head":"<!-- This site is optimized with the Yoast SEO plugin v27.4 - https:\/\/yoast.com\/product\/yoast-seo-wordpress\/ -->\n<title>TFA D Fassgreifer mit Drehvorrichtng - Ohis<\/title>\n<meta name=\"robots\" content=\"index, follow, max-snippet:-1, max-image-preview:large, max-video-preview:-1\" \/>\n<link rel=\"canonical\" href=\"https:\/\/www.ohis.be\/de\/produit\/tfa-d-fassgreifer-mit-drehvorrichtng\/\" \/>\n<meta property=\"og:locale\" content=\"de_DE\" \/>\n<meta property=\"og:type\" content=\"article\" \/>\n<meta property=\"og:title\" content=\"TFA D Fassgreifer mit Drehvorrichtng - Ohis\" \/>\n<meta property=\"og:description\" content=\"Tragf\u00e4higkeit 300 kg Zum Wenden und auch Entleeren von F\u00e4ssern ist der Greifer mit Kippvorrichtung in gleicher Weise geeignet. Um ein Fass m\u00fchelos drehen zu k\u00f6nnen, muss es im Schwerpunkt gegriffen werden.  F\u00fcr F\u00e4sser nach EN ISO 15750-2.\" \/>\n<meta property=\"og:url\" content=\"https:\/\/www.ohis.be\/de\/produit\/tfa-d-fassgreifer-mit-drehvorrichtng\/\" \/>\n<meta property=\"og:site_name\" content=\"Ohis\" \/>\n<meta property=\"og:image\" content=\"https:\/\/www.ohis.be\/wp-content\/uploads\/2022\/12\/TFA_D_Anw2.jpg\" \/>\n\t<meta property=\"og:image:width\" content=\"264\" \/>\n\t<meta property=\"og:image:height\" content=\"392\" \/>\n\t<meta property=\"og:image:type\" content=\"image\/jpeg\" \/>\n<meta name=\"twitter:card\" content=\"summary_large_image\" \/>\n<script type=\"application\/ld+json\" class=\"yoast-schema-graph\">{\"@context\":\"https:\\\/\\\/schema.org\",\"@graph\":[{\"@type\":\"WebPage\",\"@id\":\"https:\\\/\\\/www.ohis.be\\\/de\\\/produit\\\/tfa-d-fassgreifer-mit-drehvorrichtng\\\/\",\"url\":\"https:\\\/\\\/www.ohis.be\\\/de\\\/produit\\\/tfa-d-fassgreifer-mit-drehvorrichtng\\\/\",\"name\":\"TFA D Fassgreifer mit Drehvorrichtng - Ohis\",\"isPartOf\":{\"@id\":\"https:\\\/\\\/www.ohis.be\\\/#website\"},\"primaryImageOfPage\":{\"@id\":\"https:\\\/\\\/www.ohis.be\\\/de\\\/produit\\\/tfa-d-fassgreifer-mit-drehvorrichtng\\\/#primaryimage\"},\"image\":{\"@id\":\"https:\\\/\\\/www.ohis.be\\\/de\\\/produit\\\/tfa-d-fassgreifer-mit-drehvorrichtng\\\/#primaryimage\"},\"thumbnailUrl\":\"https:\\\/\\\/www.ohis.be\\\/wp-content\\\/uploads\\\/2022\\\/12\\\/TFA_D_Anw2.jpg\",\"datePublished\":\"2022-12-20T08:02:50+00:00\",\"breadcrumb\":{\"@id\":\"https:\\\/\\\/www.ohis.be\\\/de\\\/produit\\\/tfa-d-fassgreifer-mit-drehvorrichtng\\\/#breadcrumb\"},\"inLanguage\":\"de\",\"potentialAction\":[{\"@type\":\"ReadAction\",\"target\":[\"https:\\\/\\\/www.ohis.be\\\/de\\\/produit\\\/tfa-d-fassgreifer-mit-drehvorrichtng\\\/\"]}]},{\"@type\":\"ImageObject\",\"inLanguage\":\"de\",\"@id\":\"https:\\\/\\\/www.ohis.be\\\/de\\\/produit\\\/tfa-d-fassgreifer-mit-drehvorrichtng\\\/#primaryimage\",\"url\":\"https:\\\/\\\/www.ohis.be\\\/wp-content\\\/uploads\\\/2022\\\/12\\\/TFA_D_Anw2.jpg\",\"contentUrl\":\"https:\\\/\\\/www.ohis.be\\\/wp-content\\\/uploads\\\/2022\\\/12\\\/TFA_D_Anw2.jpg\",\"width\":264,\"height\":392,\"caption\":\"&amp;#x05;4.0.3\"},{\"@type\":\"BreadcrumbList\",\"@id\":\"https:\\\/\\\/www.ohis.be\\\/de\\\/produit\\\/tfa-d-fassgreifer-mit-drehvorrichtng\\\/#breadcrumb\",\"itemListElement\":[{\"@type\":\"ListItem\",\"position\":1,\"name\":\"Accueil\",\"item\":\"https:\\\/\\\/www.ohis.be\\\/de\\\/\"},{\"@type\":\"ListItem\",\"position\":2,\"name\":\"Produkte\",\"item\":\"https:\\\/\\\/www.ohis.be\\\/de\\\/produkte\\\/\"},{\"@type\":\"ListItem\",\"position\":3,\"name\":\"TFA D Fassgreifer mit Drehvorrichtng\"}]},{\"@type\":\"WebSite\",\"@id\":\"https:\\\/\\\/www.ohis.be\\\/#website\",\"url\":\"https:\\\/\\\/www.ohis.be\\\/\",\"name\":\"Ohis\",\"description\":\"Outils de levage\",\"publisher\":{\"@id\":\"https:\\\/\\\/www.ohis.be\\\/#organization\"},\"potentialAction\":[{\"@type\":\"SearchAction\",\"target\":{\"@type\":\"EntryPoint\",\"urlTemplate\":\"https:\\\/\\\/www.ohis.be\\\/?s={search_term_string}\"},\"query-input\":{\"@type\":\"PropertyValueSpecification\",\"valueRequired\":true,\"valueName\":\"search_term_string\"}}],\"inLanguage\":\"de\"},{\"@type\":\"Organization\",\"@id\":\"https:\\\/\\\/www.ohis.be\\\/#organization\",\"name\":\"Ohis\",\"url\":\"https:\\\/\\\/www.ohis.be\\\/\",\"logo\":{\"@type\":\"ImageObject\",\"inLanguage\":\"de\",\"@id\":\"https:\\\/\\\/www.ohis.be\\\/#\\\/schema\\\/logo\\\/image\\\/\",\"url\":\"https:\\\/\\\/www.ohis.be\\\/wp-content\\\/uploads\\\/2021\\\/02\\\/logo-ohis-wit.svg\",\"contentUrl\":\"https:\\\/\\\/www.ohis.be\\\/wp-content\\\/uploads\\\/2021\\\/02\\\/logo-ohis-wit.svg\",\"caption\":\"Ohis\"},\"image\":{\"@id\":\"https:\\\/\\\/www.ohis.be\\\/#\\\/schema\\\/logo\\\/image\\\/\"}}]}<\/script>\n<!-- \/ Yoast SEO plugin. -->","yoast_head_json":{"title":"TFA D Fassgreifer mit Drehvorrichtng - Ohis","robots":{"index":"index","follow":"follow","max-snippet":"max-snippet:-1","max-image-preview":"max-image-preview:large","max-video-preview":"max-video-preview:-1"},"canonical":"https:\/\/www.ohis.be\/de\/produit\/tfa-d-fassgreifer-mit-drehvorrichtng\/","og_locale":"de_DE","og_type":"article","og_title":"TFA D Fassgreifer mit Drehvorrichtng - Ohis","og_description":"Tragf\u00e4higkeit 300 kg Zum Wenden und auch Entleeren von F\u00e4ssern ist der Greifer mit Kippvorrichtung in gleicher Weise geeignet. Um ein Fass m\u00fchelos drehen zu k\u00f6nnen, muss es im Schwerpunkt gegriffen werden.  F\u00fcr F\u00e4sser nach EN ISO 15750-2.","og_url":"https:\/\/www.ohis.be\/de\/produit\/tfa-d-fassgreifer-mit-drehvorrichtng\/","og_site_name":"Ohis","og_image":[{"width":264,"height":392,"url":"https:\/\/www.ohis.be\/wp-content\/uploads\/2022\/12\/TFA_D_Anw2.jpg","type":"image\/jpeg"}],"twitter_card":"summary_large_image","schema":{"@context":"https:\/\/schema.org","@graph":[{"@type":"WebPage","@id":"https:\/\/www.ohis.be\/de\/produit\/tfa-d-fassgreifer-mit-drehvorrichtng\/","url":"https:\/\/www.ohis.be\/de\/produit\/tfa-d-fassgreifer-mit-drehvorrichtng\/","name":"TFA D Fassgreifer mit Drehvorrichtng - Ohis","isPartOf":{"@id":"https:\/\/www.ohis.be\/#website"},"primaryImageOfPage":{"@id":"https:\/\/www.ohis.be\/de\/produit\/tfa-d-fassgreifer-mit-drehvorrichtng\/#primaryimage"},"image":{"@id":"https:\/\/www.ohis.be\/de\/produit\/tfa-d-fassgreifer-mit-drehvorrichtng\/#primaryimage"},"thumbnailUrl":"https:\/\/www.ohis.be\/wp-content\/uploads\/2022\/12\/TFA_D_Anw2.jpg","datePublished":"2022-12-20T08:02:50+00:00","breadcrumb":{"@id":"https:\/\/www.ohis.be\/de\/produit\/tfa-d-fassgreifer-mit-drehvorrichtng\/#breadcrumb"},"inLanguage":"de","potentialAction":[{"@type":"ReadAction","target":["https:\/\/www.ohis.be\/de\/produit\/tfa-d-fassgreifer-mit-drehvorrichtng\/"]}]},{"@type":"ImageObject","inLanguage":"de","@id":"https:\/\/www.ohis.be\/de\/produit\/tfa-d-fassgreifer-mit-drehvorrichtng\/#primaryimage","url":"https:\/\/www.ohis.be\/wp-content\/uploads\/2022\/12\/TFA_D_Anw2.jpg","contentUrl":"https:\/\/www.ohis.be\/wp-content\/uploads\/2022\/12\/TFA_D_Anw2.jpg","width":264,"height":392,"caption":"&amp;#x05;4.0.3"},{"@type":"BreadcrumbList","@id":"https:\/\/www.ohis.be\/de\/produit\/tfa-d-fassgreifer-mit-drehvorrichtng\/#breadcrumb","itemListElement":[{"@type":"ListItem","position":1,"name":"Accueil","item":"https:\/\/www.ohis.be\/de\/"},{"@type":"ListItem","position":2,"name":"Produkte","item":"https:\/\/www.ohis.be\/de\/produkte\/"},{"@type":"ListItem","position":3,"name":"TFA D Fassgreifer mit Drehvorrichtng"}]},{"@type":"WebSite","@id":"https:\/\/www.ohis.be\/#website","url":"https:\/\/www.ohis.be\/","name":"Ohis","description":"Outils de levage","publisher":{"@id":"https:\/\/www.ohis.be\/#organization"},"potentialAction":[{"@type":"SearchAction","target":{"@type":"EntryPoint","urlTemplate":"https:\/\/www.ohis.be\/?s={search_term_string}"},"query-input":{"@type":"PropertyValueSpecification","valueRequired":true,"valueName":"search_term_string"}}],"inLanguage":"de"},{"@type":"Organization","@id":"https:\/\/www.ohis.be\/#organization","name":"Ohis","url":"https:\/\/www.ohis.be\/","logo":{"@type":"ImageObject","inLanguage":"de","@id":"https:\/\/www.ohis.be\/#\/schema\/logo\/image\/","url":"https:\/\/www.ohis.be\/wp-content\/uploads\/2021\/02\/logo-ohis-wit.svg","contentUrl":"https:\/\/www.ohis.be\/wp-content\/uploads\/2021\/02\/logo-ohis-wit.svg","caption":"Ohis"},"image":{"@id":"https:\/\/www.ohis.be\/#\/schema\/logo\/image\/"}}]}},"_links":{"self":[{"href":"https:\/\/www.ohis.be\/de\/wp-json\/wp\/v2\/product\/33057","targetHints":{"allow":["GET"]}}],"collection":[{"href":"https:\/\/www.ohis.be\/de\/wp-json\/wp\/v2\/product"}],"about":[{"href":"https:\/\/www.ohis.be\/de\/wp-json\/wp\/v2\/types\/product"}],"wp:featuredmedia":[{"embeddable":true,"href":"https:\/\/www.ohis.be\/de\/wp-json\/wp\/v2\/media\/20170"}],"wp:attachment":[{"href":"https:\/\/www.ohis.be\/de\/wp-json\/wp\/v2\/media?parent=33057"}],"wp:term":[{"taxonomy":"product_brand","embeddable":true,"href":"https:\/\/www.ohis.be\/de\/wp-json\/wp\/v2\/product_brand?post=33057"},{"taxonomy":"product_cat","embeddable":true,"href":"https:\/\/www.ohis.be\/de\/wp-json\/wp\/v2\/product_cat?post=33057"},{"taxonomy":"product_tag","embeddable":true,"href":"https:\/\/www.ohis.be\/de\/wp-json\/wp\/v2\/product_tag?post=33057"}],"curies":[{"name":"wp","href":"https:\/\/api.w.org\/{rel}","templated":true}]}}