{"id":33055,"date":"2022-12-20T09:08:53","date_gmt":"2022-12-20T08:08:53","guid":{"rendered":"https:\/\/www.ohis.be\/produit\/tigrip-tfa-035-700-tr-fassgreifer\/"},"modified":"2022-12-20T09:08:53","modified_gmt":"2022-12-20T08:08:53","slug":"tigrip-tfa-035-700-tr-fassgreifer","status":"publish","type":"product","link":"https:\/\/www.ohis.be\/de\/produit\/tigrip-tfa-035-700-tr-fassgreifer\/","title":{"rendered":"Tigrip TFA 0,35\/700 TR Fassgreifer"},"content":{"rendered":"<p>Tragf\u00e4higkeit 350 kg<br \/>\nDiese Fassgreifer sind f\u00fcr den Transport von Stahlf\u00e4ssern entwickelt worden. Sie fassen beim Transport mit ihren Greifklauen unter den Rand der F\u00e4sser und gew\u00e4hrleisten aufgrund ihrer formschl\u00fcssigen Verbindung einen absolut sicheren Halt.<\/p>\n<p>TFA 0,35\/700 TR ist die Kombination einer TFA-Fassklammer mit einem kurzen Spreader, der das Heben mit einem Flaschenzug oder einem Gabelstapler erm\u00f6glicht.<br \/>\nF\u00fcr F\u00e4sser nach EN ISO 15750-2.<\/p>\n","protected":false},"excerpt":{"rendered":"<p>Tragf\u00e4higkeit 350 kg<br \/>\nDiese Fassgreifer sind f\u00fcr den Transport von Stahlf\u00e4ssern entwickelt worden. Sie fassen beim Transport mit ihren Greifklauen unter den Rand der F\u00e4sser und gew\u00e4hrleisten aufgrund ihrer formschl\u00fcssigen Verbindung einen absolut sicheren Halt.<\/p>\n<p>TFA 0,35\/700 TR ist die Kombination einer TFA-Fassklammer mit einem kurzen Spreader, der das Heben mit einem Flaschenzug oder einem Gabelstapler erm\u00f6glicht.<br \/>\nF\u00fcr F\u00e4sser nach EN ISO 15750-2.<\/p>\n","protected":false},"featured_media":20178,"template":"","meta":{"_acf_changed":false,"inline_featured_image":false},"product_brand":[],"product_cat":[1621],"product_tag":[705],"class_list":{"0":"post-33055","1":"product","2":"type-product","3":"status-publish","4":"has-post-thumbnail","6":"product_cat-klemmen","7":"product_tag-yale-de","9":"first","10":"onbackorder","11":"taxable","12":"shipping-taxable","13":"purchasable","14":"product-type-simple"},"acf":[],"yoast_head":"<!-- This site is optimized with the Yoast SEO plugin v27.4 - https:\/\/yoast.com\/product\/yoast-seo-wordpress\/ -->\n<title>Tigrip TFA 0,35\/700 TR Fassgreifer - Ohis<\/title>\n<meta name=\"robots\" content=\"index, follow, max-snippet:-1, max-image-preview:large, max-video-preview:-1\" \/>\n<link rel=\"canonical\" href=\"https:\/\/www.ohis.be\/de\/produit\/tigrip-tfa-035-700-tr-fassgreifer\/\" \/>\n<meta property=\"og:locale\" content=\"de_DE\" \/>\n<meta property=\"og:type\" content=\"article\" \/>\n<meta property=\"og:title\" content=\"Tigrip TFA 0,35\/700 TR Fassgreifer - Ohis\" \/>\n<meta property=\"og:description\" content=\"Tragf\u00e4higkeit 350 kg Diese Fassgreifer sind f\u00fcr den Transport von Stahlf\u00e4ssern entwickelt worden. Sie fassen beim Transport mit ihren Greifklauen unter den Rand der F\u00e4sser und gew\u00e4hrleisten aufgrund ihrer formschl\u00fcssigen Verbindung einen absolut sicheren Halt.  TFA 0,35\/700 TR ist die Kombination einer TFA-Fassklammer mit einem kurzen Spreader, der das Heben mit einem Flaschenzug oder einem Gabelstapler erm\u00f6glicht. F\u00fcr F\u00e4sser nach EN ISO 15750-2.\" \/>\n<meta property=\"og:url\" content=\"https:\/\/www.ohis.be\/de\/produit\/tigrip-tfa-035-700-tr-fassgreifer\/\" \/>\n<meta property=\"og:site_name\" content=\"Ohis\" \/>\n<meta property=\"og:image\" content=\"https:\/\/www.ohis.be\/wp-content\/uploads\/2022\/12\/TFA_TR_Anw.jpg\" \/>\n\t<meta property=\"og:image:width\" content=\"264\" \/>\n\t<meta property=\"og:image:height\" content=\"371\" \/>\n\t<meta property=\"og:image:type\" content=\"image\/jpeg\" \/>\n<meta name=\"twitter:card\" content=\"summary_large_image\" \/>\n<script type=\"application\/ld+json\" class=\"yoast-schema-graph\">{\"@context\":\"https:\\\/\\\/schema.org\",\"@graph\":[{\"@type\":\"WebPage\",\"@id\":\"https:\\\/\\\/www.ohis.be\\\/de\\\/produit\\\/tigrip-tfa-035-700-tr-fassgreifer\\\/\",\"url\":\"https:\\\/\\\/www.ohis.be\\\/de\\\/produit\\\/tigrip-tfa-035-700-tr-fassgreifer\\\/\",\"name\":\"Tigrip TFA 0,35\\\/700 TR Fassgreifer - Ohis\",\"isPartOf\":{\"@id\":\"https:\\\/\\\/www.ohis.be\\\/#website\"},\"primaryImageOfPage\":{\"@id\":\"https:\\\/\\\/www.ohis.be\\\/de\\\/produit\\\/tigrip-tfa-035-700-tr-fassgreifer\\\/#primaryimage\"},\"image\":{\"@id\":\"https:\\\/\\\/www.ohis.be\\\/de\\\/produit\\\/tigrip-tfa-035-700-tr-fassgreifer\\\/#primaryimage\"},\"thumbnailUrl\":\"https:\\\/\\\/www.ohis.be\\\/wp-content\\\/uploads\\\/2022\\\/12\\\/TFA_TR_Anw.jpg\",\"datePublished\":\"2022-12-20T08:08:53+00:00\",\"breadcrumb\":{\"@id\":\"https:\\\/\\\/www.ohis.be\\\/de\\\/produit\\\/tigrip-tfa-035-700-tr-fassgreifer\\\/#breadcrumb\"},\"inLanguage\":\"de\",\"potentialAction\":[{\"@type\":\"ReadAction\",\"target\":[\"https:\\\/\\\/www.ohis.be\\\/de\\\/produit\\\/tigrip-tfa-035-700-tr-fassgreifer\\\/\"]}]},{\"@type\":\"ImageObject\",\"inLanguage\":\"de\",\"@id\":\"https:\\\/\\\/www.ohis.be\\\/de\\\/produit\\\/tigrip-tfa-035-700-tr-fassgreifer\\\/#primaryimage\",\"url\":\"https:\\\/\\\/www.ohis.be\\\/wp-content\\\/uploads\\\/2022\\\/12\\\/TFA_TR_Anw.jpg\",\"contentUrl\":\"https:\\\/\\\/www.ohis.be\\\/wp-content\\\/uploads\\\/2022\\\/12\\\/TFA_TR_Anw.jpg\",\"width\":264,\"height\":371,\"caption\":\"&amp;#x05;4.0.3\"},{\"@type\":\"BreadcrumbList\",\"@id\":\"https:\\\/\\\/www.ohis.be\\\/de\\\/produit\\\/tigrip-tfa-035-700-tr-fassgreifer\\\/#breadcrumb\",\"itemListElement\":[{\"@type\":\"ListItem\",\"position\":1,\"name\":\"Accueil\",\"item\":\"https:\\\/\\\/www.ohis.be\\\/de\\\/\"},{\"@type\":\"ListItem\",\"position\":2,\"name\":\"Produkte\",\"item\":\"https:\\\/\\\/www.ohis.be\\\/de\\\/produkte\\\/\"},{\"@type\":\"ListItem\",\"position\":3,\"name\":\"Tigrip TFA 0,35\\\/700 TR Fassgreifer\"}]},{\"@type\":\"WebSite\",\"@id\":\"https:\\\/\\\/www.ohis.be\\\/#website\",\"url\":\"https:\\\/\\\/www.ohis.be\\\/\",\"name\":\"Ohis\",\"description\":\"Outils de levage\",\"publisher\":{\"@id\":\"https:\\\/\\\/www.ohis.be\\\/#organization\"},\"potentialAction\":[{\"@type\":\"SearchAction\",\"target\":{\"@type\":\"EntryPoint\",\"urlTemplate\":\"https:\\\/\\\/www.ohis.be\\\/?s={search_term_string}\"},\"query-input\":{\"@type\":\"PropertyValueSpecification\",\"valueRequired\":true,\"valueName\":\"search_term_string\"}}],\"inLanguage\":\"de\"},{\"@type\":\"Organization\",\"@id\":\"https:\\\/\\\/www.ohis.be\\\/#organization\",\"name\":\"Ohis\",\"url\":\"https:\\\/\\\/www.ohis.be\\\/\",\"logo\":{\"@type\":\"ImageObject\",\"inLanguage\":\"de\",\"@id\":\"https:\\\/\\\/www.ohis.be\\\/#\\\/schema\\\/logo\\\/image\\\/\",\"url\":\"https:\\\/\\\/www.ohis.be\\\/wp-content\\\/uploads\\\/2021\\\/02\\\/logo-ohis-wit.svg\",\"contentUrl\":\"https:\\\/\\\/www.ohis.be\\\/wp-content\\\/uploads\\\/2021\\\/02\\\/logo-ohis-wit.svg\",\"caption\":\"Ohis\"},\"image\":{\"@id\":\"https:\\\/\\\/www.ohis.be\\\/#\\\/schema\\\/logo\\\/image\\\/\"}}]}<\/script>\n<!-- \/ Yoast SEO plugin. -->","yoast_head_json":{"title":"Tigrip TFA 0,35\/700 TR Fassgreifer - Ohis","robots":{"index":"index","follow":"follow","max-snippet":"max-snippet:-1","max-image-preview":"max-image-preview:large","max-video-preview":"max-video-preview:-1"},"canonical":"https:\/\/www.ohis.be\/de\/produit\/tigrip-tfa-035-700-tr-fassgreifer\/","og_locale":"de_DE","og_type":"article","og_title":"Tigrip TFA 0,35\/700 TR Fassgreifer - Ohis","og_description":"Tragf\u00e4higkeit 350 kg Diese Fassgreifer sind f\u00fcr den Transport von Stahlf\u00e4ssern entwickelt worden. Sie fassen beim Transport mit ihren Greifklauen unter den Rand der F\u00e4sser und gew\u00e4hrleisten aufgrund ihrer formschl\u00fcssigen Verbindung einen absolut sicheren Halt.  TFA 0,35\/700 TR ist die Kombination einer TFA-Fassklammer mit einem kurzen Spreader, der das Heben mit einem Flaschenzug oder einem Gabelstapler erm\u00f6glicht. F\u00fcr F\u00e4sser nach EN ISO 15750-2.","og_url":"https:\/\/www.ohis.be\/de\/produit\/tigrip-tfa-035-700-tr-fassgreifer\/","og_site_name":"Ohis","og_image":[{"width":264,"height":371,"url":"https:\/\/www.ohis.be\/wp-content\/uploads\/2022\/12\/TFA_TR_Anw.jpg","type":"image\/jpeg"}],"twitter_card":"summary_large_image","schema":{"@context":"https:\/\/schema.org","@graph":[{"@type":"WebPage","@id":"https:\/\/www.ohis.be\/de\/produit\/tigrip-tfa-035-700-tr-fassgreifer\/","url":"https:\/\/www.ohis.be\/de\/produit\/tigrip-tfa-035-700-tr-fassgreifer\/","name":"Tigrip TFA 0,35\/700 TR Fassgreifer - Ohis","isPartOf":{"@id":"https:\/\/www.ohis.be\/#website"},"primaryImageOfPage":{"@id":"https:\/\/www.ohis.be\/de\/produit\/tigrip-tfa-035-700-tr-fassgreifer\/#primaryimage"},"image":{"@id":"https:\/\/www.ohis.be\/de\/produit\/tigrip-tfa-035-700-tr-fassgreifer\/#primaryimage"},"thumbnailUrl":"https:\/\/www.ohis.be\/wp-content\/uploads\/2022\/12\/TFA_TR_Anw.jpg","datePublished":"2022-12-20T08:08:53+00:00","breadcrumb":{"@id":"https:\/\/www.ohis.be\/de\/produit\/tigrip-tfa-035-700-tr-fassgreifer\/#breadcrumb"},"inLanguage":"de","potentialAction":[{"@type":"ReadAction","target":["https:\/\/www.ohis.be\/de\/produit\/tigrip-tfa-035-700-tr-fassgreifer\/"]}]},{"@type":"ImageObject","inLanguage":"de","@id":"https:\/\/www.ohis.be\/de\/produit\/tigrip-tfa-035-700-tr-fassgreifer\/#primaryimage","url":"https:\/\/www.ohis.be\/wp-content\/uploads\/2022\/12\/TFA_TR_Anw.jpg","contentUrl":"https:\/\/www.ohis.be\/wp-content\/uploads\/2022\/12\/TFA_TR_Anw.jpg","width":264,"height":371,"caption":"&amp;#x05;4.0.3"},{"@type":"BreadcrumbList","@id":"https:\/\/www.ohis.be\/de\/produit\/tigrip-tfa-035-700-tr-fassgreifer\/#breadcrumb","itemListElement":[{"@type":"ListItem","position":1,"name":"Accueil","item":"https:\/\/www.ohis.be\/de\/"},{"@type":"ListItem","position":2,"name":"Produkte","item":"https:\/\/www.ohis.be\/de\/produkte\/"},{"@type":"ListItem","position":3,"name":"Tigrip TFA 0,35\/700 TR Fassgreifer"}]},{"@type":"WebSite","@id":"https:\/\/www.ohis.be\/#website","url":"https:\/\/www.ohis.be\/","name":"Ohis","description":"Outils de levage","publisher":{"@id":"https:\/\/www.ohis.be\/#organization"},"potentialAction":[{"@type":"SearchAction","target":{"@type":"EntryPoint","urlTemplate":"https:\/\/www.ohis.be\/?s={search_term_string}"},"query-input":{"@type":"PropertyValueSpecification","valueRequired":true,"valueName":"search_term_string"}}],"inLanguage":"de"},{"@type":"Organization","@id":"https:\/\/www.ohis.be\/#organization","name":"Ohis","url":"https:\/\/www.ohis.be\/","logo":{"@type":"ImageObject","inLanguage":"de","@id":"https:\/\/www.ohis.be\/#\/schema\/logo\/image\/","url":"https:\/\/www.ohis.be\/wp-content\/uploads\/2021\/02\/logo-ohis-wit.svg","contentUrl":"https:\/\/www.ohis.be\/wp-content\/uploads\/2021\/02\/logo-ohis-wit.svg","caption":"Ohis"},"image":{"@id":"https:\/\/www.ohis.be\/#\/schema\/logo\/image\/"}}]}},"_links":{"self":[{"href":"https:\/\/www.ohis.be\/de\/wp-json\/wp\/v2\/product\/33055","targetHints":{"allow":["GET"]}}],"collection":[{"href":"https:\/\/www.ohis.be\/de\/wp-json\/wp\/v2\/product"}],"about":[{"href":"https:\/\/www.ohis.be\/de\/wp-json\/wp\/v2\/types\/product"}],"wp:featuredmedia":[{"embeddable":true,"href":"https:\/\/www.ohis.be\/de\/wp-json\/wp\/v2\/media\/20178"}],"wp:attachment":[{"href":"https:\/\/www.ohis.be\/de\/wp-json\/wp\/v2\/media?parent=33055"}],"wp:term":[{"taxonomy":"product_brand","embeddable":true,"href":"https:\/\/www.ohis.be\/de\/wp-json\/wp\/v2\/product_brand?post=33055"},{"taxonomy":"product_cat","embeddable":true,"href":"https:\/\/www.ohis.be\/de\/wp-json\/wp\/v2\/product_cat?post=33055"},{"taxonomy":"product_tag","embeddable":true,"href":"https:\/\/www.ohis.be\/de\/wp-json\/wp\/v2\/product_tag?post=33055"}],"curies":[{"name":"wp","href":"https:\/\/api.w.org\/{rel}","templated":true}]}}