{"id":33049,"date":"2022-12-19T18:49:17","date_gmt":"2022-12-19T17:49:17","guid":{"rendered":"https:\/\/www.ohis.be\/produit\/tigrip-tka-d-kastengreifer-mit-drehvorrichtung\/"},"modified":"2022-12-19T18:49:17","modified_gmt":"2022-12-19T17:49:17","slug":"tigrip-tka-d-kastengreifer-mit-drehvorrichtung","status":"publish","type":"product","link":"https:\/\/www.ohis.be\/de\/produit\/tigrip-tka-d-kastengreifer-mit-drehvorrichtung\/","title":{"rendered":"Tigrip TKA\/d Kastengreifer mit Drehvorrichtung"},"content":{"rendered":"<p>Tragf\u00e4higkeit 150 kg<br \/>\nBei dem abgebildeten Kastengreifer mit Drehvorrichtung handelt es sich um ein absolut sicheres Ger\u00e4t, mit dessen Hilfe Stapelk\u00e4sten nicht nur schonend transportiert, sondern auch im h\u00e4ngenden Zustand entleert werden k\u00f6nnen.<\/p>\n<div id=\"features-benefits\" class=\"pdp-section\" data-accordion-item=\"\" data-section-name=\"Eigenschaften und Vorteile\" data-magellan-target=\"features-benefits\">\n<div id=\"sep4yl-accordion\" class=\"pdp-section__wrap\" role=\"tabpanel\" data-tab-content=\"\" aria-labelledby=\"features-benefits-label\" aria-hidden=\"true\">\n<section class=\"component rte-block\">Der Greifer ist sehr robust und dennoch sehr leicht bedienbar und erf\u00fcllt die einschl\u00e4gigen Normen und EG-Richtlinien.<\/p>\n<p>Ein Sicherheitsverriegelungssystem vermeidet ein unbeabsichtigtes \u00d6ffnen des Greifers und Entleeren des Kastens.<\/p>\n<p>Die Greifbacken fassen formschl\u00fcssig unter den Kastenrand. Eine Besch\u00e4digung des Kastens ist ausgeschlossen. Die Kippbewegung zum Entleeren des Kastens muss bewu\u00dft \u00fcber eine Sicherheitsarretierung eingeleitet werden. Die Drehbarkeit der Kippvorrichtung ist auf 120\u00b0 begrenzt. Dadurch wird das Umschlagen des Kastens beim Entleeren und die damit verbundene Unfallgefahr ausgeschlossen.<\/p>\n<\/section>\n<\/div>\n<\/div>\n<div id=\"options\" class=\"pdp-section\" data-accordion-item=\"\" data-section-name=\"Optionen\" data-magellan-target=\"options\">\n<div id=\"zll5ax-accordion\" class=\"pdp-section__wrap\" role=\"tabpanel\" data-tab-content=\"\" aria-labelledby=\"options-label\" aria-hidden=\"true\">\n<section class=\"component rte-block\"><strong>Optional<\/strong><br \/>\n\u2022 Greifer f\u00fcr andere Kastengr\u00f6\u00dfen auf Anfrage.<\/p>\n<\/section>\n<\/div>\n<\/div>\n","protected":false},"excerpt":{"rendered":"<p>Tragf\u00e4higkeit 150 kg<br \/>\nBei dem abgebildeten Kastengreifer mit Drehvorrichtung handelt es sich um ein absolut sicheres Ger\u00e4t, mit dessen Hilfe Stapelk\u00e4sten nicht nur schonend transportiert, sondern auch im h\u00e4ngenden Zustand entleert werden k\u00f6nnen.<\/p>\n<div id=\"features-benefits\" class=\"pdp-section\" data-accordion-item=\"\" data-section-name=\"Eigenschaften und Vorteile\" data-magellan-target=\"features-benefits\">\n<div id=\"sep4yl-accordion\" class=\"pdp-section__wrap\" role=\"tabpanel\" data-tab-content=\"\" aria-labelledby=\"features-benefits-label\" aria-hidden=\"true\">\n<section class=\"component rte-block\">Der Greifer ist sehr robust und dennoch sehr leicht bedienbar und erf\u00fcllt die einschl\u00e4gigen Normen und EG-Richtlinien.<\/p>\n<p>Ein Sicherheitsverriegelungssystem vermeidet ein unbeabsichtigtes \u00d6ffnen des Greifers und Entleeren des Kastens.<\/p>\n<p>Die Greifbacken fassen formschl\u00fcssig unter den Kastenrand. Eine Besch\u00e4digung des Kastens ist ausgeschlossen. Die Kippbewegung zum Entleeren des Kastens muss bewu\u00dft \u00fcber eine Sicherheitsarretierung eingeleitet werden. Die Drehbarkeit der Kippvorrichtung ist auf 120\u00b0 begrenzt. Dadurch wird das Umschlagen des Kastens beim Entleeren und die damit verbundene Unfallgefahr ausgeschlossen.<\/p>\n<\/section>\n<\/div>\n<\/div>\n<div id=\"options\" class=\"pdp-section\" data-accordion-item=\"\" data-section-name=\"Optionen\" data-magellan-target=\"options\">\n<div id=\"zll5ax-accordion\" class=\"pdp-section__wrap\" role=\"tabpanel\" data-tab-content=\"\" aria-labelledby=\"options-label\" aria-hidden=\"true\">\n<section class=\"component rte-block\"><strong>Optional<\/strong><br \/>\n\u2022 Greifer f\u00fcr andere Kastengr\u00f6\u00dfen auf Anfrage.<\/p>\n<\/section>\n<\/div>\n<\/div>\n","protected":false},"featured_media":20210,"template":"","meta":{"_acf_changed":false,"inline_featured_image":false},"product_brand":[],"product_cat":[1621],"product_tag":[705],"class_list":{"0":"post-33049","1":"product","2":"type-product","3":"status-publish","4":"has-post-thumbnail","6":"product_cat-klemmen","7":"product_tag-yale-de","9":"first","10":"onbackorder","11":"taxable","12":"shipping-taxable","13":"purchasable","14":"product-type-variable"},"acf":[],"yoast_head":"<!-- This site is optimized with the Yoast SEO plugin v27.5 - https:\/\/yoast.com\/product\/yoast-seo-wordpress\/ -->\n<title>Tigrip TKA\/d Kastengreifer mit Drehvorrichtung - Ohis<\/title>\n<meta name=\"robots\" content=\"index, follow, max-snippet:-1, max-image-preview:large, max-video-preview:-1\" \/>\n<link rel=\"canonical\" href=\"https:\/\/www.ohis.be\/de\/produit\/tigrip-tka-d-kastengreifer-mit-drehvorrichtung\/\" \/>\n<meta property=\"og:locale\" content=\"de_DE\" \/>\n<meta property=\"og:type\" content=\"article\" \/>\n<meta property=\"og:title\" content=\"Tigrip TKA\/d Kastengreifer mit Drehvorrichtung - Ohis\" \/>\n<meta property=\"og:description\" content=\"Tragf\u00e4higkeit 150 kg Bei dem abgebildeten Kastengreifer mit Drehvorrichtung handelt es sich um ein absolut sicheres Ger\u00e4t, mit dessen Hilfe Stapelk\u00e4sten nicht nur schonend transportiert, sondern auch im h\u00e4ngenden Zustand entleert werden k\u00f6nnen.  Der Greifer ist sehr robust und dennoch sehr leicht bedienbar und erf\u00fcllt die einschl\u00e4gigen Normen und EG-Richtlinien.  Ein Sicherheitsverriegelungssystem vermeidet ein unbeabsichtigtes \u00d6ffnen des Greifers und Entleeren des Kastens.  Die Greifbacken fassen formschl\u00fcssig unter den Kastenrand. Eine Besch\u00e4digung des Kastens ist ausgeschlossen. Die Kippbewegung zum Entleeren des Kastens muss bewu\u00dft \u00fcber eine Sicherheitsarretierung eingeleitet werden. Die Drehbarkeit der Kippvorrichtung ist auf 120\u00b0 begrenzt. Dadurch wird das Umschlagen des Kastens beim Entleeren und die damit verbundene Unfallgefahr ausgeschlossen.     Optional \u2022 Greifer f\u00fcr andere Kastengr\u00f6\u00dfen auf Anfrage.\" \/>\n<meta property=\"og:url\" content=\"https:\/\/www.ohis.be\/de\/produit\/tigrip-tka-d-kastengreifer-mit-drehvorrichtung\/\" \/>\n<meta property=\"og:site_name\" content=\"Ohis\" \/>\n<meta property=\"og:image\" content=\"https:\/\/www.ohis.be\/wp-content\/uploads\/2022\/12\/TKA_D_Anw3.jpg\" \/>\n\t<meta property=\"og:image:width\" content=\"384\" \/>\n\t<meta property=\"og:image:height\" content=\"672\" \/>\n\t<meta property=\"og:image:type\" content=\"image\/jpeg\" \/>\n<meta name=\"twitter:card\" content=\"summary_large_image\" \/>\n<meta name=\"twitter:label1\" content=\"Gesch\u00e4tzte Lesezeit\" \/>\n\t<meta name=\"twitter:data1\" content=\"1\u00a0Minute\" \/>\n<script type=\"application\/ld+json\" class=\"yoast-schema-graph\">{\"@context\":\"https:\\\/\\\/schema.org\",\"@graph\":[{\"@type\":\"WebPage\",\"@id\":\"https:\\\/\\\/www.ohis.be\\\/de\\\/produit\\\/tigrip-tka-d-kastengreifer-mit-drehvorrichtung\\\/\",\"url\":\"https:\\\/\\\/www.ohis.be\\\/de\\\/produit\\\/tigrip-tka-d-kastengreifer-mit-drehvorrichtung\\\/\",\"name\":\"Tigrip TKA\\\/d Kastengreifer mit Drehvorrichtung - Ohis\",\"isPartOf\":{\"@id\":\"https:\\\/\\\/www.ohis.be\\\/de\\\/#website\"},\"primaryImageOfPage\":{\"@id\":\"https:\\\/\\\/www.ohis.be\\\/de\\\/produit\\\/tigrip-tka-d-kastengreifer-mit-drehvorrichtung\\\/#primaryimage\"},\"image\":{\"@id\":\"https:\\\/\\\/www.ohis.be\\\/de\\\/produit\\\/tigrip-tka-d-kastengreifer-mit-drehvorrichtung\\\/#primaryimage\"},\"thumbnailUrl\":\"https:\\\/\\\/www.ohis.be\\\/wp-content\\\/uploads\\\/2022\\\/12\\\/TKA_D_Anw3.jpg\",\"datePublished\":\"2022-12-19T17:49:17+00:00\",\"breadcrumb\":{\"@id\":\"https:\\\/\\\/www.ohis.be\\\/de\\\/produit\\\/tigrip-tka-d-kastengreifer-mit-drehvorrichtung\\\/#breadcrumb\"},\"inLanguage\":\"de\",\"potentialAction\":[{\"@type\":\"ReadAction\",\"target\":[\"https:\\\/\\\/www.ohis.be\\\/de\\\/produit\\\/tigrip-tka-d-kastengreifer-mit-drehvorrichtung\\\/\"]}]},{\"@type\":\"ImageObject\",\"inLanguage\":\"de\",\"@id\":\"https:\\\/\\\/www.ohis.be\\\/de\\\/produit\\\/tigrip-tka-d-kastengreifer-mit-drehvorrichtung\\\/#primaryimage\",\"url\":\"https:\\\/\\\/www.ohis.be\\\/wp-content\\\/uploads\\\/2022\\\/12\\\/TKA_D_Anw3.jpg\",\"contentUrl\":\"https:\\\/\\\/www.ohis.be\\\/wp-content\\\/uploads\\\/2022\\\/12\\\/TKA_D_Anw3.jpg\",\"width\":384,\"height\":672,\"caption\":\"&amp;#x05;4.0.3\"},{\"@type\":\"BreadcrumbList\",\"@id\":\"https:\\\/\\\/www.ohis.be\\\/de\\\/produit\\\/tigrip-tka-d-kastengreifer-mit-drehvorrichtung\\\/#breadcrumb\",\"itemListElement\":[{\"@type\":\"ListItem\",\"position\":1,\"name\":\"Accueil\",\"item\":\"https:\\\/\\\/www.ohis.be\\\/de\\\/\"},{\"@type\":\"ListItem\",\"position\":2,\"name\":\"Produkte\",\"item\":\"https:\\\/\\\/www.ohis.be\\\/de\\\/produkte\\\/\"},{\"@type\":\"ListItem\",\"position\":3,\"name\":\"Tigrip TKA\\\/d Kastengreifer mit Drehvorrichtung\"}]},{\"@type\":\"WebSite\",\"@id\":\"https:\\\/\\\/www.ohis.be\\\/de\\\/#website\",\"url\":\"https:\\\/\\\/www.ohis.be\\\/de\\\/\",\"name\":\"Ohis\",\"description\":\"Outils de levage\",\"publisher\":{\"@id\":\"https:\\\/\\\/www.ohis.be\\\/de\\\/#organization\"},\"potentialAction\":[{\"@type\":\"SearchAction\",\"target\":{\"@type\":\"EntryPoint\",\"urlTemplate\":\"https:\\\/\\\/www.ohis.be\\\/de\\\/?s={search_term_string}\"},\"query-input\":{\"@type\":\"PropertyValueSpecification\",\"valueRequired\":true,\"valueName\":\"search_term_string\"}}],\"inLanguage\":\"de\"},{\"@type\":\"Organization\",\"@id\":\"https:\\\/\\\/www.ohis.be\\\/de\\\/#organization\",\"name\":\"Ohis\",\"url\":\"https:\\\/\\\/www.ohis.be\\\/de\\\/\",\"logo\":{\"@type\":\"ImageObject\",\"inLanguage\":\"de\",\"@id\":\"https:\\\/\\\/www.ohis.be\\\/de\\\/#\\\/schema\\\/logo\\\/image\\\/\",\"url\":\"https:\\\/\\\/www.ohis.be\\\/wp-content\\\/uploads\\\/2021\\\/02\\\/logo-ohis-wit.svg\",\"contentUrl\":\"https:\\\/\\\/www.ohis.be\\\/wp-content\\\/uploads\\\/2021\\\/02\\\/logo-ohis-wit.svg\",\"caption\":\"Ohis\"},\"image\":{\"@id\":\"https:\\\/\\\/www.ohis.be\\\/de\\\/#\\\/schema\\\/logo\\\/image\\\/\"}}]}<\/script>\n<!-- \/ Yoast SEO plugin. -->","yoast_head_json":{"title":"Tigrip TKA\/d Kastengreifer mit Drehvorrichtung - Ohis","robots":{"index":"index","follow":"follow","max-snippet":"max-snippet:-1","max-image-preview":"max-image-preview:large","max-video-preview":"max-video-preview:-1"},"canonical":"https:\/\/www.ohis.be\/de\/produit\/tigrip-tka-d-kastengreifer-mit-drehvorrichtung\/","og_locale":"de_DE","og_type":"article","og_title":"Tigrip TKA\/d Kastengreifer mit Drehvorrichtung - Ohis","og_description":"Tragf\u00e4higkeit 150 kg Bei dem abgebildeten Kastengreifer mit Drehvorrichtung handelt es sich um ein absolut sicheres Ger\u00e4t, mit dessen Hilfe Stapelk\u00e4sten nicht nur schonend transportiert, sondern auch im h\u00e4ngenden Zustand entleert werden k\u00f6nnen.  Der Greifer ist sehr robust und dennoch sehr leicht bedienbar und erf\u00fcllt die einschl\u00e4gigen Normen und EG-Richtlinien.  Ein Sicherheitsverriegelungssystem vermeidet ein unbeabsichtigtes \u00d6ffnen des Greifers und Entleeren des Kastens.  Die Greifbacken fassen formschl\u00fcssig unter den Kastenrand. Eine Besch\u00e4digung des Kastens ist ausgeschlossen. Die Kippbewegung zum Entleeren des Kastens muss bewu\u00dft \u00fcber eine Sicherheitsarretierung eingeleitet werden. Die Drehbarkeit der Kippvorrichtung ist auf 120\u00b0 begrenzt. Dadurch wird das Umschlagen des Kastens beim Entleeren und die damit verbundene Unfallgefahr ausgeschlossen.     Optional \u2022 Greifer f\u00fcr andere Kastengr\u00f6\u00dfen auf Anfrage.","og_url":"https:\/\/www.ohis.be\/de\/produit\/tigrip-tka-d-kastengreifer-mit-drehvorrichtung\/","og_site_name":"Ohis","og_image":[{"width":384,"height":672,"url":"https:\/\/www.ohis.be\/wp-content\/uploads\/2022\/12\/TKA_D_Anw3.jpg","type":"image\/jpeg"}],"twitter_card":"summary_large_image","twitter_misc":{"Gesch\u00e4tzte Lesezeit":"1\u00a0Minute"},"schema":{"@context":"https:\/\/schema.org","@graph":[{"@type":"WebPage","@id":"https:\/\/www.ohis.be\/de\/produit\/tigrip-tka-d-kastengreifer-mit-drehvorrichtung\/","url":"https:\/\/www.ohis.be\/de\/produit\/tigrip-tka-d-kastengreifer-mit-drehvorrichtung\/","name":"Tigrip TKA\/d Kastengreifer mit Drehvorrichtung - Ohis","isPartOf":{"@id":"https:\/\/www.ohis.be\/de\/#website"},"primaryImageOfPage":{"@id":"https:\/\/www.ohis.be\/de\/produit\/tigrip-tka-d-kastengreifer-mit-drehvorrichtung\/#primaryimage"},"image":{"@id":"https:\/\/www.ohis.be\/de\/produit\/tigrip-tka-d-kastengreifer-mit-drehvorrichtung\/#primaryimage"},"thumbnailUrl":"https:\/\/www.ohis.be\/wp-content\/uploads\/2022\/12\/TKA_D_Anw3.jpg","datePublished":"2022-12-19T17:49:17+00:00","breadcrumb":{"@id":"https:\/\/www.ohis.be\/de\/produit\/tigrip-tka-d-kastengreifer-mit-drehvorrichtung\/#breadcrumb"},"inLanguage":"de","potentialAction":[{"@type":"ReadAction","target":["https:\/\/www.ohis.be\/de\/produit\/tigrip-tka-d-kastengreifer-mit-drehvorrichtung\/"]}]},{"@type":"ImageObject","inLanguage":"de","@id":"https:\/\/www.ohis.be\/de\/produit\/tigrip-tka-d-kastengreifer-mit-drehvorrichtung\/#primaryimage","url":"https:\/\/www.ohis.be\/wp-content\/uploads\/2022\/12\/TKA_D_Anw3.jpg","contentUrl":"https:\/\/www.ohis.be\/wp-content\/uploads\/2022\/12\/TKA_D_Anw3.jpg","width":384,"height":672,"caption":"&amp;#x05;4.0.3"},{"@type":"BreadcrumbList","@id":"https:\/\/www.ohis.be\/de\/produit\/tigrip-tka-d-kastengreifer-mit-drehvorrichtung\/#breadcrumb","itemListElement":[{"@type":"ListItem","position":1,"name":"Accueil","item":"https:\/\/www.ohis.be\/de\/"},{"@type":"ListItem","position":2,"name":"Produkte","item":"https:\/\/www.ohis.be\/de\/produkte\/"},{"@type":"ListItem","position":3,"name":"Tigrip TKA\/d Kastengreifer mit Drehvorrichtung"}]},{"@type":"WebSite","@id":"https:\/\/www.ohis.be\/de\/#website","url":"https:\/\/www.ohis.be\/de\/","name":"Ohis","description":"Outils de levage","publisher":{"@id":"https:\/\/www.ohis.be\/de\/#organization"},"potentialAction":[{"@type":"SearchAction","target":{"@type":"EntryPoint","urlTemplate":"https:\/\/www.ohis.be\/de\/?s={search_term_string}"},"query-input":{"@type":"PropertyValueSpecification","valueRequired":true,"valueName":"search_term_string"}}],"inLanguage":"de"},{"@type":"Organization","@id":"https:\/\/www.ohis.be\/de\/#organization","name":"Ohis","url":"https:\/\/www.ohis.be\/de\/","logo":{"@type":"ImageObject","inLanguage":"de","@id":"https:\/\/www.ohis.be\/de\/#\/schema\/logo\/image\/","url":"https:\/\/www.ohis.be\/wp-content\/uploads\/2021\/02\/logo-ohis-wit.svg","contentUrl":"https:\/\/www.ohis.be\/wp-content\/uploads\/2021\/02\/logo-ohis-wit.svg","caption":"Ohis"},"image":{"@id":"https:\/\/www.ohis.be\/de\/#\/schema\/logo\/image\/"}}]}},"_links":{"self":[{"href":"https:\/\/www.ohis.be\/de\/wp-json\/wp\/v2\/product\/33049","targetHints":{"allow":["GET"]}}],"collection":[{"href":"https:\/\/www.ohis.be\/de\/wp-json\/wp\/v2\/product"}],"about":[{"href":"https:\/\/www.ohis.be\/de\/wp-json\/wp\/v2\/types\/product"}],"wp:featuredmedia":[{"embeddable":true,"href":"https:\/\/www.ohis.be\/de\/wp-json\/wp\/v2\/media\/20210"}],"wp:attachment":[{"href":"https:\/\/www.ohis.be\/de\/wp-json\/wp\/v2\/media?parent=33049"}],"wp:term":[{"taxonomy":"product_brand","embeddable":true,"href":"https:\/\/www.ohis.be\/de\/wp-json\/wp\/v2\/product_brand?post=33049"},{"taxonomy":"product_cat","embeddable":true,"href":"https:\/\/www.ohis.be\/de\/wp-json\/wp\/v2\/product_cat?post=33049"},{"taxonomy":"product_tag","embeddable":true,"href":"https:\/\/www.ohis.be\/de\/wp-json\/wp\/v2\/product_tag?post=33049"}],"curies":[{"name":"wp","href":"https:\/\/api.w.org\/{rel}","templated":true}]}}