{"id":33026,"date":"2022-12-20T10:47:01","date_gmt":"2022-12-20T09:47:01","guid":{"rendered":"https:\/\/www.ohis.be\/produit\/btg-betonrohr-transportgehange\/"},"modified":"2022-12-20T10:47:01","modified_gmt":"2022-12-20T09:47:01","slug":"btg-betonrohr-transportgehange","status":"publish","type":"product","link":"https:\/\/www.ohis.be\/de\/produit\/btg-betonrohr-transportgehange\/","title":{"rendered":"BTG Betonrohr-Transportgeh\u00e4nge"},"content":{"rendered":"<p>Tragf\u00e4higkeit 1.500 &#8211; 3.000 kg<br \/>\nEin Anschlagmittel f\u00fcr den vertikalen Transport von Betonrohren und Schachtringen muss \u00fcber viele Eigenschaften verf\u00fcgen. Es muss vor allem unter h\u00e4rtesten Einsatzbedingungen immer absolut sicher und einfach im Handling sein.<\/p>\n<p>Das Betonrohr-Transportgeh\u00e4nge entspricht in allen Punkten diesen Anforderungen. Dreistrangig eingesetzt, kann es Betonrohre bis \u00d8 2.000 mm und 3.000 kg Gewicht absolut sicher und schonend transportieren.<\/p>\n<p>Die Greifbereiche der Klemmen reichen f\u00fcr Rohrwandungsdicken von 40 &#8211; 220 mm.<\/p>\n<p>Das Auf- und Absetzen der Klemmen auf das zu transportierende Rohr erfolgt m\u00fchelos und ohne Verletzungsgefahr aufgrund von Tragegriffen, die in die Klemmen eingearbeitet sind.<\/p>\n<p><strong>Ausstattung und Verarbeitung<\/strong><br \/>\n\u2022 Stabile Ausf\u00fchrung<br \/>\n\u2022 4-fache Sicherheit gegen Bruch<br \/>\n\u2022 Einfaches und sicheres Handling<br \/>\n\u2022 Gro\u00dfer Greifbereich<br \/>\n\u2022 F\u00fcr h\u00e4rteste Einsatzbedingungen<br \/>\n\u2022 Geringes Gewicht<br \/>\n\u2022 Servicefreundlich<\/p>\n","protected":false},"excerpt":{"rendered":"<p>Tragf\u00e4higkeit 1.500 &#8211; 3.000 kg<br \/>\nEin Anschlagmittel f\u00fcr den vertikalen Transport von Betonrohren und Schachtringen muss \u00fcber viele Eigenschaften verf\u00fcgen. Es muss vor allem unter h\u00e4rtesten Einsatzbedingungen immer absolut sicher und einfach im Handling sein.<\/p>\n<p>Das Betonrohr-Transportgeh\u00e4nge entspricht in allen Punkten diesen Anforderungen. Dreistrangig eingesetzt, kann es Betonrohre bis \u00d8 2.000 mm und 3.000 kg Gewicht absolut sicher und schonend transportieren.<\/p>\n<p>Die Greifbereiche der Klemmen reichen f\u00fcr Rohrwandungsdicken von 40 &#8211; 220 mm.<\/p>\n<p>Das Auf- und Absetzen der Klemmen auf das zu transportierende Rohr erfolgt m\u00fchelos und ohne Verletzungsgefahr aufgrund von Tragegriffen, die in die Klemmen eingearbeitet sind.<\/p>\n<p><strong>Ausstattung und Verarbeitung<\/strong><br \/>\n\u2022 Stabile Ausf\u00fchrung<br \/>\n\u2022 4-fache Sicherheit gegen Bruch<br \/>\n\u2022 Einfaches und sicheres Handling<br \/>\n\u2022 Gro\u00dfer Greifbereich<br \/>\n\u2022 F\u00fcr h\u00e4rteste Einsatzbedingungen<br \/>\n\u2022 Geringes Gewicht<br \/>\n\u2022 Servicefreundlich<\/p>\n","protected":false},"featured_media":20130,"template":"","meta":{"_acf_changed":false,"inline_featured_image":false},"product_brand":[],"product_cat":[1621],"product_tag":[2866,705],"class_list":{"0":"post-33026","1":"product","2":"type-product","3":"status-publish","4":"has-post-thumbnail","6":"product_cat-klemmen","7":"product_tag-tigrip-de","8":"product_tag-yale-de","10":"first","11":"onbackorder","12":"taxable","13":"shipping-taxable","14":"purchasable","15":"product-type-variable"},"acf":[],"yoast_head":"<!-- This site is optimized with the Yoast SEO plugin v27.4 - https:\/\/yoast.com\/product\/yoast-seo-wordpress\/ -->\n<title>BTG Betonrohr-Transportgeh\u00e4nge - Ohis<\/title>\n<meta name=\"robots\" content=\"index, follow, max-snippet:-1, max-image-preview:large, max-video-preview:-1\" \/>\n<link rel=\"canonical\" href=\"https:\/\/www.ohis.be\/de\/produit\/btg-betonrohr-transportgehange\/\" \/>\n<meta property=\"og:locale\" content=\"de_DE\" \/>\n<meta property=\"og:type\" content=\"article\" \/>\n<meta property=\"og:title\" content=\"BTG Betonrohr-Transportgeh\u00e4nge - Ohis\" \/>\n<meta property=\"og:description\" content=\"Tragf\u00e4higkeit 1.500 - 3.000 kg Ein Anschlagmittel f\u00fcr den vertikalen Transport von Betonrohren und Schachtringen muss \u00fcber viele Eigenschaften verf\u00fcgen. Es muss vor allem unter h\u00e4rtesten Einsatzbedingungen immer absolut sicher und einfach im Handling sein.  Das Betonrohr-Transportgeh\u00e4nge entspricht in allen Punkten diesen Anforderungen. Dreistrangig eingesetzt, kann es Betonrohre bis \u00d8 2.000 mm und 3.000 kg Gewicht absolut sicher und schonend transportieren.  Die Greifbereiche der Klemmen reichen f\u00fcr Rohrwandungsdicken von 40 - 220 mm.  Das Auf- und Absetzen der Klemmen auf das zu transportierende Rohr erfolgt m\u00fchelos und ohne Verletzungsgefahr aufgrund von Tragegriffen, die in die Klemmen eingearbeitet sind.  Ausstattung und Verarbeitung \u2022 Stabile Ausf\u00fchrung \u2022 4-fache Sicherheit gegen Bruch \u2022 Einfaches und sicheres Handling \u2022 Gro\u00dfer Greifbereich \u2022 F\u00fcr h\u00e4rteste Einsatzbedingungen \u2022 Geringes Gewicht \u2022 Servicefreundlich\" \/>\n<meta property=\"og:url\" content=\"https:\/\/www.ohis.be\/de\/produit\/btg-betonrohr-transportgehange\/\" \/>\n<meta property=\"og:site_name\" content=\"Ohis\" \/>\n<meta property=\"og:image\" content=\"https:\/\/www.ohis.be\/wp-content\/uploads\/2022\/12\/BTG_Anw.jpg\" \/>\n\t<meta property=\"og:image:width\" content=\"302\" \/>\n\t<meta property=\"og:image:height\" content=\"302\" \/>\n\t<meta property=\"og:image:type\" content=\"image\/jpeg\" \/>\n<meta name=\"twitter:card\" content=\"summary_large_image\" \/>\n<meta name=\"twitter:label1\" content=\"Gesch\u00e4tzte Lesezeit\" \/>\n\t<meta name=\"twitter:data1\" content=\"1\u00a0Minute\" \/>\n<script type=\"application\/ld+json\" class=\"yoast-schema-graph\">{\"@context\":\"https:\\\/\\\/schema.org\",\"@graph\":[{\"@type\":\"WebPage\",\"@id\":\"https:\\\/\\\/www.ohis.be\\\/de\\\/produit\\\/btg-betonrohr-transportgehange\\\/\",\"url\":\"https:\\\/\\\/www.ohis.be\\\/de\\\/produit\\\/btg-betonrohr-transportgehange\\\/\",\"name\":\"BTG Betonrohr-Transportgeh\u00e4nge - Ohis\",\"isPartOf\":{\"@id\":\"https:\\\/\\\/www.ohis.be\\\/#website\"},\"primaryImageOfPage\":{\"@id\":\"https:\\\/\\\/www.ohis.be\\\/de\\\/produit\\\/btg-betonrohr-transportgehange\\\/#primaryimage\"},\"image\":{\"@id\":\"https:\\\/\\\/www.ohis.be\\\/de\\\/produit\\\/btg-betonrohr-transportgehange\\\/#primaryimage\"},\"thumbnailUrl\":\"https:\\\/\\\/www.ohis.be\\\/wp-content\\\/uploads\\\/2022\\\/12\\\/BTG_Anw.jpg\",\"datePublished\":\"2022-12-20T09:47:01+00:00\",\"breadcrumb\":{\"@id\":\"https:\\\/\\\/www.ohis.be\\\/de\\\/produit\\\/btg-betonrohr-transportgehange\\\/#breadcrumb\"},\"inLanguage\":\"de\",\"potentialAction\":[{\"@type\":\"ReadAction\",\"target\":[\"https:\\\/\\\/www.ohis.be\\\/de\\\/produit\\\/btg-betonrohr-transportgehange\\\/\"]}]},{\"@type\":\"ImageObject\",\"inLanguage\":\"de\",\"@id\":\"https:\\\/\\\/www.ohis.be\\\/de\\\/produit\\\/btg-betonrohr-transportgehange\\\/#primaryimage\",\"url\":\"https:\\\/\\\/www.ohis.be\\\/wp-content\\\/uploads\\\/2022\\\/12\\\/BTG_Anw.jpg\",\"contentUrl\":\"https:\\\/\\\/www.ohis.be\\\/wp-content\\\/uploads\\\/2022\\\/12\\\/BTG_Anw.jpg\",\"width\":302,\"height\":302,\"caption\":\"&amp;#x05;4.0.3\"},{\"@type\":\"BreadcrumbList\",\"@id\":\"https:\\\/\\\/www.ohis.be\\\/de\\\/produit\\\/btg-betonrohr-transportgehange\\\/#breadcrumb\",\"itemListElement\":[{\"@type\":\"ListItem\",\"position\":1,\"name\":\"Accueil\",\"item\":\"https:\\\/\\\/www.ohis.be\\\/de\\\/\"},{\"@type\":\"ListItem\",\"position\":2,\"name\":\"Produkte\",\"item\":\"https:\\\/\\\/www.ohis.be\\\/de\\\/produkte\\\/\"},{\"@type\":\"ListItem\",\"position\":3,\"name\":\"BTG Betonrohr-Transportgeh\u00e4nge\"}]},{\"@type\":\"WebSite\",\"@id\":\"https:\\\/\\\/www.ohis.be\\\/#website\",\"url\":\"https:\\\/\\\/www.ohis.be\\\/\",\"name\":\"Ohis\",\"description\":\"Outils de levage\",\"publisher\":{\"@id\":\"https:\\\/\\\/www.ohis.be\\\/#organization\"},\"potentialAction\":[{\"@type\":\"SearchAction\",\"target\":{\"@type\":\"EntryPoint\",\"urlTemplate\":\"https:\\\/\\\/www.ohis.be\\\/?s={search_term_string}\"},\"query-input\":{\"@type\":\"PropertyValueSpecification\",\"valueRequired\":true,\"valueName\":\"search_term_string\"}}],\"inLanguage\":\"de\"},{\"@type\":\"Organization\",\"@id\":\"https:\\\/\\\/www.ohis.be\\\/#organization\",\"name\":\"Ohis\",\"url\":\"https:\\\/\\\/www.ohis.be\\\/\",\"logo\":{\"@type\":\"ImageObject\",\"inLanguage\":\"de\",\"@id\":\"https:\\\/\\\/www.ohis.be\\\/#\\\/schema\\\/logo\\\/image\\\/\",\"url\":\"https:\\\/\\\/www.ohis.be\\\/wp-content\\\/uploads\\\/2021\\\/02\\\/logo-ohis-wit.svg\",\"contentUrl\":\"https:\\\/\\\/www.ohis.be\\\/wp-content\\\/uploads\\\/2021\\\/02\\\/logo-ohis-wit.svg\",\"caption\":\"Ohis\"},\"image\":{\"@id\":\"https:\\\/\\\/www.ohis.be\\\/#\\\/schema\\\/logo\\\/image\\\/\"}}]}<\/script>\n<!-- \/ Yoast SEO plugin. -->","yoast_head_json":{"title":"BTG Betonrohr-Transportgeh\u00e4nge - Ohis","robots":{"index":"index","follow":"follow","max-snippet":"max-snippet:-1","max-image-preview":"max-image-preview:large","max-video-preview":"max-video-preview:-1"},"canonical":"https:\/\/www.ohis.be\/de\/produit\/btg-betonrohr-transportgehange\/","og_locale":"de_DE","og_type":"article","og_title":"BTG Betonrohr-Transportgeh\u00e4nge - Ohis","og_description":"Tragf\u00e4higkeit 1.500 - 3.000 kg Ein Anschlagmittel f\u00fcr den vertikalen Transport von Betonrohren und Schachtringen muss \u00fcber viele Eigenschaften verf\u00fcgen. Es muss vor allem unter h\u00e4rtesten Einsatzbedingungen immer absolut sicher und einfach im Handling sein.  Das Betonrohr-Transportgeh\u00e4nge entspricht in allen Punkten diesen Anforderungen. Dreistrangig eingesetzt, kann es Betonrohre bis \u00d8 2.000 mm und 3.000 kg Gewicht absolut sicher und schonend transportieren.  Die Greifbereiche der Klemmen reichen f\u00fcr Rohrwandungsdicken von 40 - 220 mm.  Das Auf- und Absetzen der Klemmen auf das zu transportierende Rohr erfolgt m\u00fchelos und ohne Verletzungsgefahr aufgrund von Tragegriffen, die in die Klemmen eingearbeitet sind.  Ausstattung und Verarbeitung \u2022 Stabile Ausf\u00fchrung \u2022 4-fache Sicherheit gegen Bruch \u2022 Einfaches und sicheres Handling \u2022 Gro\u00dfer Greifbereich \u2022 F\u00fcr h\u00e4rteste Einsatzbedingungen \u2022 Geringes Gewicht \u2022 Servicefreundlich","og_url":"https:\/\/www.ohis.be\/de\/produit\/btg-betonrohr-transportgehange\/","og_site_name":"Ohis","og_image":[{"width":302,"height":302,"url":"https:\/\/www.ohis.be\/wp-content\/uploads\/2022\/12\/BTG_Anw.jpg","type":"image\/jpeg"}],"twitter_card":"summary_large_image","twitter_misc":{"Gesch\u00e4tzte Lesezeit":"1\u00a0Minute"},"schema":{"@context":"https:\/\/schema.org","@graph":[{"@type":"WebPage","@id":"https:\/\/www.ohis.be\/de\/produit\/btg-betonrohr-transportgehange\/","url":"https:\/\/www.ohis.be\/de\/produit\/btg-betonrohr-transportgehange\/","name":"BTG Betonrohr-Transportgeh\u00e4nge - Ohis","isPartOf":{"@id":"https:\/\/www.ohis.be\/#website"},"primaryImageOfPage":{"@id":"https:\/\/www.ohis.be\/de\/produit\/btg-betonrohr-transportgehange\/#primaryimage"},"image":{"@id":"https:\/\/www.ohis.be\/de\/produit\/btg-betonrohr-transportgehange\/#primaryimage"},"thumbnailUrl":"https:\/\/www.ohis.be\/wp-content\/uploads\/2022\/12\/BTG_Anw.jpg","datePublished":"2022-12-20T09:47:01+00:00","breadcrumb":{"@id":"https:\/\/www.ohis.be\/de\/produit\/btg-betonrohr-transportgehange\/#breadcrumb"},"inLanguage":"de","potentialAction":[{"@type":"ReadAction","target":["https:\/\/www.ohis.be\/de\/produit\/btg-betonrohr-transportgehange\/"]}]},{"@type":"ImageObject","inLanguage":"de","@id":"https:\/\/www.ohis.be\/de\/produit\/btg-betonrohr-transportgehange\/#primaryimage","url":"https:\/\/www.ohis.be\/wp-content\/uploads\/2022\/12\/BTG_Anw.jpg","contentUrl":"https:\/\/www.ohis.be\/wp-content\/uploads\/2022\/12\/BTG_Anw.jpg","width":302,"height":302,"caption":"&amp;#x05;4.0.3"},{"@type":"BreadcrumbList","@id":"https:\/\/www.ohis.be\/de\/produit\/btg-betonrohr-transportgehange\/#breadcrumb","itemListElement":[{"@type":"ListItem","position":1,"name":"Accueil","item":"https:\/\/www.ohis.be\/de\/"},{"@type":"ListItem","position":2,"name":"Produkte","item":"https:\/\/www.ohis.be\/de\/produkte\/"},{"@type":"ListItem","position":3,"name":"BTG Betonrohr-Transportgeh\u00e4nge"}]},{"@type":"WebSite","@id":"https:\/\/www.ohis.be\/#website","url":"https:\/\/www.ohis.be\/","name":"Ohis","description":"Outils de levage","publisher":{"@id":"https:\/\/www.ohis.be\/#organization"},"potentialAction":[{"@type":"SearchAction","target":{"@type":"EntryPoint","urlTemplate":"https:\/\/www.ohis.be\/?s={search_term_string}"},"query-input":{"@type":"PropertyValueSpecification","valueRequired":true,"valueName":"search_term_string"}}],"inLanguage":"de"},{"@type":"Organization","@id":"https:\/\/www.ohis.be\/#organization","name":"Ohis","url":"https:\/\/www.ohis.be\/","logo":{"@type":"ImageObject","inLanguage":"de","@id":"https:\/\/www.ohis.be\/#\/schema\/logo\/image\/","url":"https:\/\/www.ohis.be\/wp-content\/uploads\/2021\/02\/logo-ohis-wit.svg","contentUrl":"https:\/\/www.ohis.be\/wp-content\/uploads\/2021\/02\/logo-ohis-wit.svg","caption":"Ohis"},"image":{"@id":"https:\/\/www.ohis.be\/#\/schema\/logo\/image\/"}}]}},"_links":{"self":[{"href":"https:\/\/www.ohis.be\/de\/wp-json\/wp\/v2\/product\/33026","targetHints":{"allow":["GET"]}}],"collection":[{"href":"https:\/\/www.ohis.be\/de\/wp-json\/wp\/v2\/product"}],"about":[{"href":"https:\/\/www.ohis.be\/de\/wp-json\/wp\/v2\/types\/product"}],"wp:featuredmedia":[{"embeddable":true,"href":"https:\/\/www.ohis.be\/de\/wp-json\/wp\/v2\/media\/20130"}],"wp:attachment":[{"href":"https:\/\/www.ohis.be\/de\/wp-json\/wp\/v2\/media?parent=33026"}],"wp:term":[{"taxonomy":"product_brand","embeddable":true,"href":"https:\/\/www.ohis.be\/de\/wp-json\/wp\/v2\/product_brand?post=33026"},{"taxonomy":"product_cat","embeddable":true,"href":"https:\/\/www.ohis.be\/de\/wp-json\/wp\/v2\/product_cat?post=33026"},{"taxonomy":"product_tag","embeddable":true,"href":"https:\/\/www.ohis.be\/de\/wp-json\/wp\/v2\/product_tag?post=33026"}],"curies":[{"name":"wp","href":"https:\/\/api.w.org\/{rel}","templated":true}]}}