{"id":32758,"date":"2022-12-20T16:08:27","date_gmt":"2022-12-20T15:08:27","guid":{"rendered":"https:\/\/www.ohis.be\/produit\/rlsp-ratschlastspanner\/"},"modified":"2022-12-20T16:08:27","modified_gmt":"2022-12-20T15:08:27","slug":"rlsp-ratschlastspanner","status":"publish","type":"product","link":"https:\/\/www.ohis.be\/de\/produit\/rlsp-ratschlastspanner\/","title":{"rendered":"RLSP Ratschlastspanner"},"content":{"rendered":"<p>Zul\u00e4ssige Zurrkraft 4.000 &#8211; 10.600 daN<br \/>\nDer Ratschlastspanner ist ein universelles Spannmittel, um Lasten und Ladungen abzuspannen oder zu verzurren. Er ist mit einem selbsthemmenden Gewinde und einer Ausdrehsicherung ausgestattet.<br \/>\nDer Ratschlastspanner ist mit \u00d6sen zur individuellen Kombination mit vorhandenen Verbindungselementen oder mit Parallelhaken zum direkten Einh\u00e4ngen erh\u00e4ltlich.<\/p>\n<p>Der Ratschlastspanner ist mit \u00d6sen zur individuellen Kombination mit vorhandenen Verbindungselementen oder mit Parallelhaken zum direkten Einh\u00e4ngen erh\u00e4ltlich.<\/p>\n","protected":false},"excerpt":{"rendered":"<p>Zul\u00e4ssige Zurrkraft 4.000 &#8211; 10.600 daN<br \/>\nDer Ratschlastspanner ist ein universelles Spannmittel, um Lasten und Ladungen abzuspannen oder zu verzurren. Er ist mit einem selbsthemmenden Gewinde und einer Ausdrehsicherung ausgestattet.<br \/>\nDer Ratschlastspanner ist mit \u00d6sen zur individuellen Kombination mit vorhandenen Verbindungselementen oder mit Parallelhaken zum direkten Einh\u00e4ngen erh\u00e4ltlich.<\/p>\n<p>Der Ratschlastspanner ist mit \u00d6sen zur individuellen Kombination mit vorhandenen Verbindungselementen oder mit Parallelhaken zum direkten Einh\u00e4ngen erh\u00e4ltlich.<\/p>\n","protected":false},"featured_media":20448,"template":"","meta":{"_acf_changed":false,"inline_featured_image":false},"product_brand":[],"product_cat":[330],"product_tag":[705],"class_list":{"0":"post-32758","1":"product","2":"type-product","3":"status-publish","4":"has-post-thumbnail","6":"product_cat-ladungssicherung","7":"product_tag-yale-de","9":"first","10":"onbackorder","11":"taxable","12":"shipping-taxable","13":"purchasable","14":"product-type-variable"},"acf":[],"yoast_head":"<!-- This site is optimized with the Yoast SEO plugin v27.5 - https:\/\/yoast.com\/product\/yoast-seo-wordpress\/ -->\n<title>RLSP Ratschlastspanner - Ohis<\/title>\n<meta name=\"robots\" content=\"index, follow, max-snippet:-1, max-image-preview:large, max-video-preview:-1\" \/>\n<link rel=\"canonical\" href=\"https:\/\/www.ohis.be\/de\/produit\/rlsp-ratschlastspanner\/\" \/>\n<meta property=\"og:locale\" content=\"de_DE\" \/>\n<meta property=\"og:type\" content=\"article\" \/>\n<meta property=\"og:title\" content=\"RLSP Ratschlastspanner - Ohis\" \/>\n<meta property=\"og:description\" content=\"Zul\u00e4ssige Zurrkraft 4.000 - 10.600 daN Der Ratschlastspanner ist ein universelles Spannmittel, um Lasten und Ladungen abzuspannen oder zu verzurren. Er ist mit einem selbsthemmenden Gewinde und einer Ausdrehsicherung ausgestattet. Der Ratschlastspanner ist mit \u00d6sen zur individuellen Kombination mit vorhandenen Verbindungselementen oder mit Parallelhaken zum direkten Einh\u00e4ngen erh\u00e4ltlich.  Der Ratschlastspanner ist mit \u00d6sen zur individuellen Kombination mit vorhandenen Verbindungselementen oder mit Parallelhaken zum direkten Einh\u00e4ngen erh\u00e4ltlich.\" \/>\n<meta property=\"og:url\" content=\"https:\/\/www.ohis.be\/de\/produit\/rlsp-ratschlastspanner\/\" \/>\n<meta property=\"og:site_name\" content=\"Ohis\" \/>\n<meta property=\"og:image\" content=\"https:\/\/www.ohis.be\/wp-content\/uploads\/2022\/12\/yale-rlsp.jpg\" \/>\n\t<meta property=\"og:image:width\" content=\"525\" \/>\n\t<meta property=\"og:image:height\" content=\"362\" \/>\n\t<meta property=\"og:image:type\" content=\"image\/jpeg\" \/>\n<meta name=\"twitter:card\" content=\"summary_large_image\" \/>\n<script type=\"application\/ld+json\" class=\"yoast-schema-graph\">{\"@context\":\"https:\\\/\\\/schema.org\",\"@graph\":[{\"@type\":\"WebPage\",\"@id\":\"https:\\\/\\\/www.ohis.be\\\/de\\\/produit\\\/rlsp-ratschlastspanner\\\/\",\"url\":\"https:\\\/\\\/www.ohis.be\\\/de\\\/produit\\\/rlsp-ratschlastspanner\\\/\",\"name\":\"RLSP Ratschlastspanner - Ohis\",\"isPartOf\":{\"@id\":\"https:\\\/\\\/www.ohis.be\\\/#website\"},\"primaryImageOfPage\":{\"@id\":\"https:\\\/\\\/www.ohis.be\\\/de\\\/produit\\\/rlsp-ratschlastspanner\\\/#primaryimage\"},\"image\":{\"@id\":\"https:\\\/\\\/www.ohis.be\\\/de\\\/produit\\\/rlsp-ratschlastspanner\\\/#primaryimage\"},\"thumbnailUrl\":\"https:\\\/\\\/www.ohis.be\\\/wp-content\\\/uploads\\\/2022\\\/12\\\/yale-rlsp.jpg\",\"datePublished\":\"2022-12-20T15:08:27+00:00\",\"breadcrumb\":{\"@id\":\"https:\\\/\\\/www.ohis.be\\\/de\\\/produit\\\/rlsp-ratschlastspanner\\\/#breadcrumb\"},\"inLanguage\":\"de\",\"potentialAction\":[{\"@type\":\"ReadAction\",\"target\":[\"https:\\\/\\\/www.ohis.be\\\/de\\\/produit\\\/rlsp-ratschlastspanner\\\/\"]}]},{\"@type\":\"ImageObject\",\"inLanguage\":\"de\",\"@id\":\"https:\\\/\\\/www.ohis.be\\\/de\\\/produit\\\/rlsp-ratschlastspanner\\\/#primaryimage\",\"url\":\"https:\\\/\\\/www.ohis.be\\\/wp-content\\\/uploads\\\/2022\\\/12\\\/yale-rlsp.jpg\",\"contentUrl\":\"https:\\\/\\\/www.ohis.be\\\/wp-content\\\/uploads\\\/2022\\\/12\\\/yale-rlsp.jpg\",\"width\":525,\"height\":362},{\"@type\":\"BreadcrumbList\",\"@id\":\"https:\\\/\\\/www.ohis.be\\\/de\\\/produit\\\/rlsp-ratschlastspanner\\\/#breadcrumb\",\"itemListElement\":[{\"@type\":\"ListItem\",\"position\":1,\"name\":\"Accueil\",\"item\":\"https:\\\/\\\/www.ohis.be\\\/de\\\/\"},{\"@type\":\"ListItem\",\"position\":2,\"name\":\"Produkte\",\"item\":\"https:\\\/\\\/www.ohis.be\\\/de\\\/produkte\\\/\"},{\"@type\":\"ListItem\",\"position\":3,\"name\":\"RLSP Ratschlastspanner\"}]},{\"@type\":\"WebSite\",\"@id\":\"https:\\\/\\\/www.ohis.be\\\/#website\",\"url\":\"https:\\\/\\\/www.ohis.be\\\/\",\"name\":\"Ohis\",\"description\":\"Outils de levage\",\"publisher\":{\"@id\":\"https:\\\/\\\/www.ohis.be\\\/#organization\"},\"potentialAction\":[{\"@type\":\"SearchAction\",\"target\":{\"@type\":\"EntryPoint\",\"urlTemplate\":\"https:\\\/\\\/www.ohis.be\\\/?s={search_term_string}\"},\"query-input\":{\"@type\":\"PropertyValueSpecification\",\"valueRequired\":true,\"valueName\":\"search_term_string\"}}],\"inLanguage\":\"de\"},{\"@type\":\"Organization\",\"@id\":\"https:\\\/\\\/www.ohis.be\\\/#organization\",\"name\":\"Ohis\",\"url\":\"https:\\\/\\\/www.ohis.be\\\/\",\"logo\":{\"@type\":\"ImageObject\",\"inLanguage\":\"de\",\"@id\":\"https:\\\/\\\/www.ohis.be\\\/#\\\/schema\\\/logo\\\/image\\\/\",\"url\":\"https:\\\/\\\/www.ohis.be\\\/wp-content\\\/uploads\\\/2021\\\/02\\\/logo-ohis-wit.svg\",\"contentUrl\":\"https:\\\/\\\/www.ohis.be\\\/wp-content\\\/uploads\\\/2021\\\/02\\\/logo-ohis-wit.svg\",\"caption\":\"Ohis\"},\"image\":{\"@id\":\"https:\\\/\\\/www.ohis.be\\\/#\\\/schema\\\/logo\\\/image\\\/\"}}]}<\/script>\n<!-- \/ Yoast SEO plugin. -->","yoast_head_json":{"title":"RLSP Ratschlastspanner - Ohis","robots":{"index":"index","follow":"follow","max-snippet":"max-snippet:-1","max-image-preview":"max-image-preview:large","max-video-preview":"max-video-preview:-1"},"canonical":"https:\/\/www.ohis.be\/de\/produit\/rlsp-ratschlastspanner\/","og_locale":"de_DE","og_type":"article","og_title":"RLSP Ratschlastspanner - Ohis","og_description":"Zul\u00e4ssige Zurrkraft 4.000 - 10.600 daN Der Ratschlastspanner ist ein universelles Spannmittel, um Lasten und Ladungen abzuspannen oder zu verzurren. Er ist mit einem selbsthemmenden Gewinde und einer Ausdrehsicherung ausgestattet. Der Ratschlastspanner ist mit \u00d6sen zur individuellen Kombination mit vorhandenen Verbindungselementen oder mit Parallelhaken zum direkten Einh\u00e4ngen erh\u00e4ltlich.  Der Ratschlastspanner ist mit \u00d6sen zur individuellen Kombination mit vorhandenen Verbindungselementen oder mit Parallelhaken zum direkten Einh\u00e4ngen erh\u00e4ltlich.","og_url":"https:\/\/www.ohis.be\/de\/produit\/rlsp-ratschlastspanner\/","og_site_name":"Ohis","og_image":[{"width":525,"height":362,"url":"https:\/\/www.ohis.be\/wp-content\/uploads\/2022\/12\/yale-rlsp.jpg","type":"image\/jpeg"}],"twitter_card":"summary_large_image","schema":{"@context":"https:\/\/schema.org","@graph":[{"@type":"WebPage","@id":"https:\/\/www.ohis.be\/de\/produit\/rlsp-ratschlastspanner\/","url":"https:\/\/www.ohis.be\/de\/produit\/rlsp-ratschlastspanner\/","name":"RLSP Ratschlastspanner - Ohis","isPartOf":{"@id":"https:\/\/www.ohis.be\/#website"},"primaryImageOfPage":{"@id":"https:\/\/www.ohis.be\/de\/produit\/rlsp-ratschlastspanner\/#primaryimage"},"image":{"@id":"https:\/\/www.ohis.be\/de\/produit\/rlsp-ratschlastspanner\/#primaryimage"},"thumbnailUrl":"https:\/\/www.ohis.be\/wp-content\/uploads\/2022\/12\/yale-rlsp.jpg","datePublished":"2022-12-20T15:08:27+00:00","breadcrumb":{"@id":"https:\/\/www.ohis.be\/de\/produit\/rlsp-ratschlastspanner\/#breadcrumb"},"inLanguage":"de","potentialAction":[{"@type":"ReadAction","target":["https:\/\/www.ohis.be\/de\/produit\/rlsp-ratschlastspanner\/"]}]},{"@type":"ImageObject","inLanguage":"de","@id":"https:\/\/www.ohis.be\/de\/produit\/rlsp-ratschlastspanner\/#primaryimage","url":"https:\/\/www.ohis.be\/wp-content\/uploads\/2022\/12\/yale-rlsp.jpg","contentUrl":"https:\/\/www.ohis.be\/wp-content\/uploads\/2022\/12\/yale-rlsp.jpg","width":525,"height":362},{"@type":"BreadcrumbList","@id":"https:\/\/www.ohis.be\/de\/produit\/rlsp-ratschlastspanner\/#breadcrumb","itemListElement":[{"@type":"ListItem","position":1,"name":"Accueil","item":"https:\/\/www.ohis.be\/de\/"},{"@type":"ListItem","position":2,"name":"Produkte","item":"https:\/\/www.ohis.be\/de\/produkte\/"},{"@type":"ListItem","position":3,"name":"RLSP Ratschlastspanner"}]},{"@type":"WebSite","@id":"https:\/\/www.ohis.be\/#website","url":"https:\/\/www.ohis.be\/","name":"Ohis","description":"Outils de levage","publisher":{"@id":"https:\/\/www.ohis.be\/#organization"},"potentialAction":[{"@type":"SearchAction","target":{"@type":"EntryPoint","urlTemplate":"https:\/\/www.ohis.be\/?s={search_term_string}"},"query-input":{"@type":"PropertyValueSpecification","valueRequired":true,"valueName":"search_term_string"}}],"inLanguage":"de"},{"@type":"Organization","@id":"https:\/\/www.ohis.be\/#organization","name":"Ohis","url":"https:\/\/www.ohis.be\/","logo":{"@type":"ImageObject","inLanguage":"de","@id":"https:\/\/www.ohis.be\/#\/schema\/logo\/image\/","url":"https:\/\/www.ohis.be\/wp-content\/uploads\/2021\/02\/logo-ohis-wit.svg","contentUrl":"https:\/\/www.ohis.be\/wp-content\/uploads\/2021\/02\/logo-ohis-wit.svg","caption":"Ohis"},"image":{"@id":"https:\/\/www.ohis.be\/#\/schema\/logo\/image\/"}}]}},"_links":{"self":[{"href":"https:\/\/www.ohis.be\/de\/wp-json\/wp\/v2\/product\/32758","targetHints":{"allow":["GET"]}}],"collection":[{"href":"https:\/\/www.ohis.be\/de\/wp-json\/wp\/v2\/product"}],"about":[{"href":"https:\/\/www.ohis.be\/de\/wp-json\/wp\/v2\/types\/product"}],"wp:featuredmedia":[{"embeddable":true,"href":"https:\/\/www.ohis.be\/de\/wp-json\/wp\/v2\/media\/20448"}],"wp:attachment":[{"href":"https:\/\/www.ohis.be\/de\/wp-json\/wp\/v2\/media?parent=32758"}],"wp:term":[{"taxonomy":"product_brand","embeddable":true,"href":"https:\/\/www.ohis.be\/de\/wp-json\/wp\/v2\/product_brand?post=32758"},{"taxonomy":"product_cat","embeddable":true,"href":"https:\/\/www.ohis.be\/de\/wp-json\/wp\/v2\/product_cat?post=32758"},{"taxonomy":"product_tag","embeddable":true,"href":"https:\/\/www.ohis.be\/de\/wp-json\/wp\/v2\/product_tag?post=32758"}],"curies":[{"name":"wp","href":"https:\/\/api.w.org\/{rel}","templated":true}]}}