{"id":32746,"date":"2022-12-20T16:12:21","date_gmt":"2022-12-20T15:12:21","guid":{"rendered":"https:\/\/www.ohis.be\/produit\/ash-anschweishaken\/"},"modified":"2022-12-20T16:12:21","modified_gmt":"2022-12-20T15:12:21","slug":"ash-anschweishaken","status":"publish","type":"product","link":"https:\/\/www.ohis.be\/de\/produit\/ash-anschweishaken\/","title":{"rendered":"ASH Anschwei\u00dfhaken"},"content":{"rendered":"<p>Der Anschwei\u00dfhaken ist ein universeller Anbauhaken f\u00fcr den Einsatz an Baggern, Radladern, Traversen und Spreadern. Der geschmiedete Sicherheitsb\u00fcgel zeichnet sich durch hohe Seitenstabilit\u00e4t und ergonomische Formgebung aus. Jeder Anschwei\u00dfhaken ist mit einer Identifikationsnummer gekennzeichnet, die eine R\u00fcckverfolgung von Schmiedung und Materialursprung erm\u00f6glicht.<\/p>\n<p>Der Haken kann ohne besondere Vorbereitung und unter normalen Bedingungen ohne Vorw\u00e4rmen angeschwei\u00dft werden.<br \/>\nAus Korrosionsschutzgr\u00fcnden ist der Haken einschlie\u00dflich Sicherheitsb\u00fcgel pulverbeschichtet. Die R\u00fcckholfeder besteht aus rostfreiem Stahl.<\/p>\n","protected":false},"excerpt":{"rendered":"<p>Der Anschwei\u00dfhaken ist ein universeller Anbauhaken f\u00fcr den Einsatz an Baggern, Radladern, Traversen und Spreadern. Der geschmiedete Sicherheitsb\u00fcgel zeichnet sich durch hohe Seitenstabilit\u00e4t und ergonomische Formgebung aus. Jeder Anschwei\u00dfhaken ist mit einer Identifikationsnummer gekennzeichnet, die eine R\u00fcckverfolgung von Schmiedung und Materialursprung erm\u00f6glicht.<\/p>\n<p>Der Haken kann ohne besondere Vorbereitung und unter normalen Bedingungen ohne Vorw\u00e4rmen angeschwei\u00dft werden.<br \/>\nAus Korrosionsschutzgr\u00fcnden ist der Haken einschlie\u00dflich Sicherheitsb\u00fcgel pulverbeschichtet. Die R\u00fcckholfeder besteht aus rostfreiem Stahl.<\/p>\n","protected":false},"featured_media":20444,"template":"","meta":{"_acf_changed":false,"inline_featured_image":false},"product_brand":[],"product_cat":[330],"product_tag":[705],"class_list":{"0":"post-32746","1":"product","2":"type-product","3":"status-publish","4":"has-post-thumbnail","6":"product_cat-ladungssicherung","7":"product_tag-yale-de","9":"first","10":"onbackorder","11":"taxable","12":"shipping-taxable","13":"purchasable","14":"product-type-variable"},"acf":[],"yoast_head":"<!-- This site is optimized with the Yoast SEO plugin v27.5 - https:\/\/yoast.com\/product\/yoast-seo-wordpress\/ -->\n<title>ASH Anschwei\u00dfhaken - Ohis<\/title>\n<meta name=\"robots\" content=\"index, follow, max-snippet:-1, max-image-preview:large, max-video-preview:-1\" \/>\n<link rel=\"canonical\" href=\"https:\/\/www.ohis.be\/de\/produit\/ash-anschweishaken\/\" \/>\n<meta property=\"og:locale\" content=\"de_DE\" \/>\n<meta property=\"og:type\" content=\"article\" \/>\n<meta property=\"og:title\" content=\"ASH Anschwei\u00dfhaken - Ohis\" \/>\n<meta property=\"og:description\" content=\"Der Anschwei\u00dfhaken ist ein universeller Anbauhaken f\u00fcr den Einsatz an Baggern, Radladern, Traversen und Spreadern. Der geschmiedete Sicherheitsb\u00fcgel zeichnet sich durch hohe Seitenstabilit\u00e4t und ergonomische Formgebung aus. Jeder Anschwei\u00dfhaken ist mit einer Identifikationsnummer gekennzeichnet, die eine R\u00fcckverfolgung von Schmiedung und Materialursprung erm\u00f6glicht.  Der Haken kann ohne besondere Vorbereitung und unter normalen Bedingungen ohne Vorw\u00e4rmen angeschwei\u00dft werden. Aus Korrosionsschutzgr\u00fcnden ist der Haken einschlie\u00dflich Sicherheitsb\u00fcgel pulverbeschichtet. Die R\u00fcckholfeder besteht aus rostfreiem Stahl.\" \/>\n<meta property=\"og:url\" content=\"https:\/\/www.ohis.be\/de\/produit\/ash-anschweishaken\/\" \/>\n<meta property=\"og:site_name\" content=\"Ohis\" \/>\n<meta property=\"og:image\" content=\"https:\/\/www.ohis.be\/wp-content\/uploads\/2022\/12\/yale-ash.jpg\" \/>\n\t<meta property=\"og:image:width\" content=\"525\" \/>\n\t<meta property=\"og:image:height\" content=\"420\" \/>\n\t<meta property=\"og:image:type\" content=\"image\/jpeg\" \/>\n<meta name=\"twitter:card\" content=\"summary_large_image\" \/>\n<script type=\"application\/ld+json\" class=\"yoast-schema-graph\">{\"@context\":\"https:\\\/\\\/schema.org\",\"@graph\":[{\"@type\":\"WebPage\",\"@id\":\"https:\\\/\\\/www.ohis.be\\\/de\\\/produit\\\/ash-anschweishaken\\\/\",\"url\":\"https:\\\/\\\/www.ohis.be\\\/de\\\/produit\\\/ash-anschweishaken\\\/\",\"name\":\"ASH Anschwei\u00dfhaken - Ohis\",\"isPartOf\":{\"@id\":\"https:\\\/\\\/www.ohis.be\\\/#website\"},\"primaryImageOfPage\":{\"@id\":\"https:\\\/\\\/www.ohis.be\\\/de\\\/produit\\\/ash-anschweishaken\\\/#primaryimage\"},\"image\":{\"@id\":\"https:\\\/\\\/www.ohis.be\\\/de\\\/produit\\\/ash-anschweishaken\\\/#primaryimage\"},\"thumbnailUrl\":\"https:\\\/\\\/www.ohis.be\\\/wp-content\\\/uploads\\\/2022\\\/12\\\/yale-ash.jpg\",\"datePublished\":\"2022-12-20T15:12:21+00:00\",\"breadcrumb\":{\"@id\":\"https:\\\/\\\/www.ohis.be\\\/de\\\/produit\\\/ash-anschweishaken\\\/#breadcrumb\"},\"inLanguage\":\"de\",\"potentialAction\":[{\"@type\":\"ReadAction\",\"target\":[\"https:\\\/\\\/www.ohis.be\\\/de\\\/produit\\\/ash-anschweishaken\\\/\"]}]},{\"@type\":\"ImageObject\",\"inLanguage\":\"de\",\"@id\":\"https:\\\/\\\/www.ohis.be\\\/de\\\/produit\\\/ash-anschweishaken\\\/#primaryimage\",\"url\":\"https:\\\/\\\/www.ohis.be\\\/wp-content\\\/uploads\\\/2022\\\/12\\\/yale-ash.jpg\",\"contentUrl\":\"https:\\\/\\\/www.ohis.be\\\/wp-content\\\/uploads\\\/2022\\\/12\\\/yale-ash.jpg\",\"width\":525,\"height\":420},{\"@type\":\"BreadcrumbList\",\"@id\":\"https:\\\/\\\/www.ohis.be\\\/de\\\/produit\\\/ash-anschweishaken\\\/#breadcrumb\",\"itemListElement\":[{\"@type\":\"ListItem\",\"position\":1,\"name\":\"Accueil\",\"item\":\"https:\\\/\\\/www.ohis.be\\\/de\\\/\"},{\"@type\":\"ListItem\",\"position\":2,\"name\":\"Produkte\",\"item\":\"https:\\\/\\\/www.ohis.be\\\/de\\\/produkte\\\/\"},{\"@type\":\"ListItem\",\"position\":3,\"name\":\"ASH Anschwei\u00dfhaken\"}]},{\"@type\":\"WebSite\",\"@id\":\"https:\\\/\\\/www.ohis.be\\\/#website\",\"url\":\"https:\\\/\\\/www.ohis.be\\\/\",\"name\":\"Ohis\",\"description\":\"Outils de levage\",\"publisher\":{\"@id\":\"https:\\\/\\\/www.ohis.be\\\/#organization\"},\"potentialAction\":[{\"@type\":\"SearchAction\",\"target\":{\"@type\":\"EntryPoint\",\"urlTemplate\":\"https:\\\/\\\/www.ohis.be\\\/?s={search_term_string}\"},\"query-input\":{\"@type\":\"PropertyValueSpecification\",\"valueRequired\":true,\"valueName\":\"search_term_string\"}}],\"inLanguage\":\"de\"},{\"@type\":\"Organization\",\"@id\":\"https:\\\/\\\/www.ohis.be\\\/#organization\",\"name\":\"Ohis\",\"url\":\"https:\\\/\\\/www.ohis.be\\\/\",\"logo\":{\"@type\":\"ImageObject\",\"inLanguage\":\"de\",\"@id\":\"https:\\\/\\\/www.ohis.be\\\/#\\\/schema\\\/logo\\\/image\\\/\",\"url\":\"https:\\\/\\\/www.ohis.be\\\/wp-content\\\/uploads\\\/2021\\\/02\\\/logo-ohis-wit.svg\",\"contentUrl\":\"https:\\\/\\\/www.ohis.be\\\/wp-content\\\/uploads\\\/2021\\\/02\\\/logo-ohis-wit.svg\",\"caption\":\"Ohis\"},\"image\":{\"@id\":\"https:\\\/\\\/www.ohis.be\\\/#\\\/schema\\\/logo\\\/image\\\/\"}}]}<\/script>\n<!-- \/ Yoast SEO plugin. -->","yoast_head_json":{"title":"ASH Anschwei\u00dfhaken - Ohis","robots":{"index":"index","follow":"follow","max-snippet":"max-snippet:-1","max-image-preview":"max-image-preview:large","max-video-preview":"max-video-preview:-1"},"canonical":"https:\/\/www.ohis.be\/de\/produit\/ash-anschweishaken\/","og_locale":"de_DE","og_type":"article","og_title":"ASH Anschwei\u00dfhaken - Ohis","og_description":"Der Anschwei\u00dfhaken ist ein universeller Anbauhaken f\u00fcr den Einsatz an Baggern, Radladern, Traversen und Spreadern. Der geschmiedete Sicherheitsb\u00fcgel zeichnet sich durch hohe Seitenstabilit\u00e4t und ergonomische Formgebung aus. Jeder Anschwei\u00dfhaken ist mit einer Identifikationsnummer gekennzeichnet, die eine R\u00fcckverfolgung von Schmiedung und Materialursprung erm\u00f6glicht.  Der Haken kann ohne besondere Vorbereitung und unter normalen Bedingungen ohne Vorw\u00e4rmen angeschwei\u00dft werden. Aus Korrosionsschutzgr\u00fcnden ist der Haken einschlie\u00dflich Sicherheitsb\u00fcgel pulverbeschichtet. Die R\u00fcckholfeder besteht aus rostfreiem Stahl.","og_url":"https:\/\/www.ohis.be\/de\/produit\/ash-anschweishaken\/","og_site_name":"Ohis","og_image":[{"width":525,"height":420,"url":"https:\/\/www.ohis.be\/wp-content\/uploads\/2022\/12\/yale-ash.jpg","type":"image\/jpeg"}],"twitter_card":"summary_large_image","schema":{"@context":"https:\/\/schema.org","@graph":[{"@type":"WebPage","@id":"https:\/\/www.ohis.be\/de\/produit\/ash-anschweishaken\/","url":"https:\/\/www.ohis.be\/de\/produit\/ash-anschweishaken\/","name":"ASH Anschwei\u00dfhaken - Ohis","isPartOf":{"@id":"https:\/\/www.ohis.be\/#website"},"primaryImageOfPage":{"@id":"https:\/\/www.ohis.be\/de\/produit\/ash-anschweishaken\/#primaryimage"},"image":{"@id":"https:\/\/www.ohis.be\/de\/produit\/ash-anschweishaken\/#primaryimage"},"thumbnailUrl":"https:\/\/www.ohis.be\/wp-content\/uploads\/2022\/12\/yale-ash.jpg","datePublished":"2022-12-20T15:12:21+00:00","breadcrumb":{"@id":"https:\/\/www.ohis.be\/de\/produit\/ash-anschweishaken\/#breadcrumb"},"inLanguage":"de","potentialAction":[{"@type":"ReadAction","target":["https:\/\/www.ohis.be\/de\/produit\/ash-anschweishaken\/"]}]},{"@type":"ImageObject","inLanguage":"de","@id":"https:\/\/www.ohis.be\/de\/produit\/ash-anschweishaken\/#primaryimage","url":"https:\/\/www.ohis.be\/wp-content\/uploads\/2022\/12\/yale-ash.jpg","contentUrl":"https:\/\/www.ohis.be\/wp-content\/uploads\/2022\/12\/yale-ash.jpg","width":525,"height":420},{"@type":"BreadcrumbList","@id":"https:\/\/www.ohis.be\/de\/produit\/ash-anschweishaken\/#breadcrumb","itemListElement":[{"@type":"ListItem","position":1,"name":"Accueil","item":"https:\/\/www.ohis.be\/de\/"},{"@type":"ListItem","position":2,"name":"Produkte","item":"https:\/\/www.ohis.be\/de\/produkte\/"},{"@type":"ListItem","position":3,"name":"ASH Anschwei\u00dfhaken"}]},{"@type":"WebSite","@id":"https:\/\/www.ohis.be\/#website","url":"https:\/\/www.ohis.be\/","name":"Ohis","description":"Outils de levage","publisher":{"@id":"https:\/\/www.ohis.be\/#organization"},"potentialAction":[{"@type":"SearchAction","target":{"@type":"EntryPoint","urlTemplate":"https:\/\/www.ohis.be\/?s={search_term_string}"},"query-input":{"@type":"PropertyValueSpecification","valueRequired":true,"valueName":"search_term_string"}}],"inLanguage":"de"},{"@type":"Organization","@id":"https:\/\/www.ohis.be\/#organization","name":"Ohis","url":"https:\/\/www.ohis.be\/","logo":{"@type":"ImageObject","inLanguage":"de","@id":"https:\/\/www.ohis.be\/#\/schema\/logo\/image\/","url":"https:\/\/www.ohis.be\/wp-content\/uploads\/2021\/02\/logo-ohis-wit.svg","contentUrl":"https:\/\/www.ohis.be\/wp-content\/uploads\/2021\/02\/logo-ohis-wit.svg","caption":"Ohis"},"image":{"@id":"https:\/\/www.ohis.be\/#\/schema\/logo\/image\/"}}]}},"_links":{"self":[{"href":"https:\/\/www.ohis.be\/de\/wp-json\/wp\/v2\/product\/32746","targetHints":{"allow":["GET"]}}],"collection":[{"href":"https:\/\/www.ohis.be\/de\/wp-json\/wp\/v2\/product"}],"about":[{"href":"https:\/\/www.ohis.be\/de\/wp-json\/wp\/v2\/types\/product"}],"wp:featuredmedia":[{"embeddable":true,"href":"https:\/\/www.ohis.be\/de\/wp-json\/wp\/v2\/media\/20444"}],"wp:attachment":[{"href":"https:\/\/www.ohis.be\/de\/wp-json\/wp\/v2\/media?parent=32746"}],"wp:term":[{"taxonomy":"product_brand","embeddable":true,"href":"https:\/\/www.ohis.be\/de\/wp-json\/wp\/v2\/product_brand?post=32746"},{"taxonomy":"product_cat","embeddable":true,"href":"https:\/\/www.ohis.be\/de\/wp-json\/wp\/v2\/product_cat?post=32746"},{"taxonomy":"product_tag","embeddable":true,"href":"https:\/\/www.ohis.be\/de\/wp-json\/wp\/v2\/product_tag?post=32746"}],"curies":[{"name":"wp","href":"https:\/\/api.w.org\/{rel}","templated":true}]}}