{"id":32520,"date":"2022-12-21T16:15:09","date_gmt":"2022-12-21T15:15:09","guid":{"rendered":"https:\/\/www.ohis.be\/produit\/cpa-atex-druckluftkettenzug-3m-20-8-100-3\/"},"modified":"2022-12-21T16:15:09","modified_gmt":"2022-12-21T15:15:09","slug":"cpa-atex-druckluftkettenzug-3m-20-8-100-3","status":"publish","type":"product","link":"https:\/\/www.ohis.be\/de\/produit\/cpa-atex-druckluftkettenzug-3m-20-8-100-3\/","title":{"rendered":"CPA ATEX Druckluftkettenzug (3m) 20-8\/100-3"},"content":{"rendered":"<p>Capacit\u00e9 2000 &#8211; 10000 kg<br \/>\nCaract\u00e9ristiques<br \/>\n\u2022 Pression d\u2018utilisation de 4 \u00e0 6 bars<br \/>\n\u2022 Le moteur rotatif \u00e0 piston robuste comporte un frein r\u00e9glable permettant de s\u00e9curiser la charge m\u00eame dans le cas d\u2019une rupture d\u2019approvisionnement d\u2019air.<br \/>\n\u2022 En standard, r\u00e9ducteur plan\u00e9taire lubrifi\u00e9 par un bain d\u2019huile conf\u00e9rant un fonctionnement doux et un encombrement r\u00e9duit.<br \/>\n\u2022 Couple de d\u00e9marrage \u00e9lev\u00e9 gr\u00e2ce aux distributeurs plac\u00e9s dans le bo\u00eetier moteur.<br \/>\n\u2022 Fonctionnement peu bruyant gr\u00e2ce au silencieux largement dimensionn\u00e9.<br \/>\n\u2022 Commande pr\u00e9cise de la boite \u00e0 2 ou 4 boutons avec d\u2018arr\u00eat d\u2018urgence.<br \/>\n\u2022 Jusqu\u2018\u00e0 3000 kg avec seulement 1 brin, permettant de r\u00e9duire l\u2019encombrement.<br \/>\n\u2022 Noix de cha\u00eene \u00e0 5 encoches en acier c\u00e9ment\u00e9 r\u00e9sistant \u00e0 l\u2019usure pour garantir un d\u00e9filement de la cha\u00eene doux et pr\u00e9cis.<br \/>\n\u2022 Crochets haut et bas forg\u00e9s dans un acier haute r\u00e9sistance et \u00e9quip\u00e9s de linguet de s\u00e9curit\u00e9.<br \/>\n\u2022 Crochets haut et bas cuivr\u00e9s pour les mod\u00e8les MEDIUM et sup\u00e9rieurs<br \/>\n\u2022 Cha\u00eene inox pour la version HIGH.<br \/>\nOptions<br \/>\n\u2022 Chariot pour version fixe \u00e0 crochet ou avec chariots int\u00e9gr\u00e9s pour les 3 versions (BASIC, MEDIUM, HIGH).<br \/>\n\u2022 Tuyau de contr\u00f4le<br \/>\n\u2022 Fin de course<br \/>\n\u2022 Bac \u00e0 cha\u00eene<br \/>\n\u2022 Unit\u00e9 de maintenance avec filtre, r\u00e9gulateur, lubrificateur et support<br \/>\n\u2022 Unit\u00e9 de maintenance mobile<br \/>\n\u2022 Rev\u00eatement additionnel<\/p>\n","protected":false},"excerpt":{"rendered":"<p>Capacit\u00e9 2000 &#8211; 10000 kg<br \/>\nCaract\u00e9ristiques<br \/>\n\u2022 Pression d\u2018utilisation de 4 \u00e0 6 bars<br \/>\n\u2022 Le moteur rotatif \u00e0 piston robuste comporte un frein r\u00e9glable permettant de s\u00e9curiser la charge m\u00eame dans le cas d\u2019une rupture d\u2019approvisionnement d\u2019air.<br \/>\n\u2022 En standard, r\u00e9ducteur plan\u00e9taire lubrifi\u00e9 par un bain d\u2019huile conf\u00e9rant un fonctionnement doux et un encombrement r\u00e9duit.<br \/>\n\u2022 Couple de d\u00e9marrage \u00e9lev\u00e9 gr\u00e2ce aux distributeurs plac\u00e9s dans le bo\u00eetier moteur.<br \/>\n\u2022 Fonctionnement peu bruyant gr\u00e2ce au silencieux largement dimensionn\u00e9.<br \/>\n\u2022 Commande pr\u00e9cise de la boite \u00e0 2 ou 4 boutons avec d\u2018arr\u00eat d\u2018urgence.<br \/>\n\u2022 Jusqu\u2018\u00e0 3000 kg avec seulement 1 brin, permettant de r\u00e9duire l\u2019encombrement.<br \/>\n\u2022 Noix de cha\u00eene \u00e0 5 encoches en acier c\u00e9ment\u00e9 r\u00e9sistant \u00e0 l\u2019usure pour garantir un d\u00e9filement de la cha\u00eene doux et pr\u00e9cis.<br \/>\n\u2022 Crochets haut et bas forg\u00e9s dans un acier haute r\u00e9sistance et \u00e9quip\u00e9s de linguet de s\u00e9curit\u00e9.<br \/>\n\u2022 Crochets haut et bas cuivr\u00e9s pour les mod\u00e8les MEDIUM et sup\u00e9rieurs<br \/>\n\u2022 Cha\u00eene inox pour la version HIGH.<br \/>\nOptions<br \/>\n\u2022 Chariot pour version fixe \u00e0 crochet ou avec chariots int\u00e9gr\u00e9s pour les 3 versions (BASIC, MEDIUM, HIGH).<br \/>\n\u2022 Tuyau de contr\u00f4le<br \/>\n\u2022 Fin de course<br \/>\n\u2022 Bac \u00e0 cha\u00eene<br \/>\n\u2022 Unit\u00e9 de maintenance avec filtre, r\u00e9gulateur, lubrificateur et support<br \/>\n\u2022 Unit\u00e9 de maintenance mobile<br \/>\n\u2022 Rev\u00eatement additionnel<\/p>\n","protected":false},"featured_media":20751,"template":"","meta":{"_acf_changed":false,"inline_featured_image":false},"product_brand":[],"product_cat":[3694],"product_tag":[1049,705],"class_list":{"0":"post-32520","1":"product","2":"type-product","3":"status-publish","4":"has-post-thumbnail","6":"product_cat-druckluftkettenzug","7":"product_tag-atex-de","8":"product_tag-yale-de","9":"yith_product_brand-yale-de","11":"first","12":"onbackorder","13":"taxable","14":"shipping-taxable","15":"purchasable","16":"product-type-variable"},"acf":[],"yoast_head":"<!-- This site is optimized with the Yoast SEO plugin v27.4 - https:\/\/yoast.com\/product\/yoast-seo-wordpress\/ -->\n<title>CPA ATEX Druckluftkettenzug (3m) 20-8\/100-3 - Ohis<\/title>\n<meta name=\"robots\" content=\"index, follow, max-snippet:-1, max-image-preview:large, max-video-preview:-1\" \/>\n<link rel=\"canonical\" href=\"https:\/\/www.ohis.be\/de\/produit\/cpa-atex-druckluftkettenzug-3m-20-8-100-3\/\" \/>\n<meta property=\"og:locale\" content=\"de_DE\" \/>\n<meta property=\"og:type\" content=\"article\" \/>\n<meta property=\"og:title\" content=\"CPA ATEX Druckluftkettenzug (3m) 20-8\/100-3 - Ohis\" \/>\n<meta property=\"og:description\" content=\"Capacit\u00e9 2000 - 10000 kg Caract\u00e9ristiques \u2022 Pression d\u2018utilisation de 4 \u00e0 6 bars \u2022 Le moteur rotatif \u00e0 piston robuste comporte un frein r\u00e9glable permettant de s\u00e9curiser la charge m\u00eame dans le cas d\u2019une rupture d\u2019approvisionnement d\u2019air. \u2022 En standard, r\u00e9ducteur plan\u00e9taire lubrifi\u00e9 par un bain d\u2019huile conf\u00e9rant un fonctionnement doux et un encombrement r\u00e9duit. \u2022 Couple de d\u00e9marrage \u00e9lev\u00e9 gr\u00e2ce aux distributeurs plac\u00e9s dans le bo\u00eetier moteur. \u2022 Fonctionnement peu bruyant gr\u00e2ce au silencieux largement dimensionn\u00e9. \u2022 Commande pr\u00e9cise de la boite \u00e0 2 ou 4 boutons avec d\u2018arr\u00eat d\u2018urgence. \u2022 Jusqu\u2018\u00e0 3000 kg avec seulement 1 brin, permettant de r\u00e9duire l\u2019encombrement. \u2022 Noix de cha\u00eene \u00e0 5 encoches en acier c\u00e9ment\u00e9 r\u00e9sistant \u00e0 l\u2019usure pour garantir un d\u00e9filement de la cha\u00eene doux et pr\u00e9cis. \u2022 Crochets haut et bas forg\u00e9s dans un acier haute r\u00e9sistance et \u00e9quip\u00e9s de linguet de s\u00e9curit\u00e9. \u2022 Crochets haut et bas cuivr\u00e9s pour les mod\u00e8les MEDIUM et sup\u00e9rieurs \u2022 Cha\u00eene inox pour la version HIGH. Options \u2022 Chariot pour version fixe \u00e0 crochet ou avec chariots int\u00e9gr\u00e9s pour les 3 versions (BASIC, MEDIUM, HIGH). \u2022 Tuyau de contr\u00f4le \u2022 Fin de course \u2022 Bac \u00e0 cha\u00eene \u2022 Unit\u00e9 de maintenance avec filtre, r\u00e9gulateur, lubrificateur et support \u2022 Unit\u00e9 de maintenance mobile \u2022 Rev\u00eatement additionnel\" \/>\n<meta property=\"og:url\" content=\"https:\/\/www.ohis.be\/de\/produit\/cpa-atex-druckluftkettenzug-3m-20-8-100-3\/\" \/>\n<meta property=\"og:site_name\" content=\"Ohis\" \/>\n<meta property=\"og:image\" content=\"https:\/\/www.ohis.be\/wp-content\/uploads\/2022\/12\/yale-cpa-atex.jpg\" \/>\n\t<meta property=\"og:image:width\" content=\"212\" \/>\n\t<meta property=\"og:image:height\" content=\"525\" \/>\n\t<meta property=\"og:image:type\" content=\"image\/jpeg\" \/>\n<meta name=\"twitter:card\" content=\"summary_large_image\" \/>\n<meta name=\"twitter:label1\" content=\"Gesch\u00e4tzte Lesezeit\" \/>\n\t<meta name=\"twitter:data1\" content=\"1\u00a0Minute\" \/>\n<script type=\"application\/ld+json\" class=\"yoast-schema-graph\">{\"@context\":\"https:\\\/\\\/schema.org\",\"@graph\":[{\"@type\":\"WebPage\",\"@id\":\"https:\\\/\\\/www.ohis.be\\\/de\\\/produit\\\/cpa-atex-druckluftkettenzug-3m-20-8-100-3\\\/\",\"url\":\"https:\\\/\\\/www.ohis.be\\\/de\\\/produit\\\/cpa-atex-druckluftkettenzug-3m-20-8-100-3\\\/\",\"name\":\"CPA ATEX Druckluftkettenzug (3m) 20-8\\\/100-3 - Ohis\",\"isPartOf\":{\"@id\":\"https:\\\/\\\/www.ohis.be\\\/#website\"},\"primaryImageOfPage\":{\"@id\":\"https:\\\/\\\/www.ohis.be\\\/de\\\/produit\\\/cpa-atex-druckluftkettenzug-3m-20-8-100-3\\\/#primaryimage\"},\"image\":{\"@id\":\"https:\\\/\\\/www.ohis.be\\\/de\\\/produit\\\/cpa-atex-druckluftkettenzug-3m-20-8-100-3\\\/#primaryimage\"},\"thumbnailUrl\":\"https:\\\/\\\/www.ohis.be\\\/wp-content\\\/uploads\\\/2022\\\/12\\\/yale-cpa-atex.jpg\",\"datePublished\":\"2022-12-21T15:15:09+00:00\",\"breadcrumb\":{\"@id\":\"https:\\\/\\\/www.ohis.be\\\/de\\\/produit\\\/cpa-atex-druckluftkettenzug-3m-20-8-100-3\\\/#breadcrumb\"},\"inLanguage\":\"de\",\"potentialAction\":[{\"@type\":\"ReadAction\",\"target\":[\"https:\\\/\\\/www.ohis.be\\\/de\\\/produit\\\/cpa-atex-druckluftkettenzug-3m-20-8-100-3\\\/\"]}]},{\"@type\":\"ImageObject\",\"inLanguage\":\"de\",\"@id\":\"https:\\\/\\\/www.ohis.be\\\/de\\\/produit\\\/cpa-atex-druckluftkettenzug-3m-20-8-100-3\\\/#primaryimage\",\"url\":\"https:\\\/\\\/www.ohis.be\\\/wp-content\\\/uploads\\\/2022\\\/12\\\/yale-cpa-atex.jpg\",\"contentUrl\":\"https:\\\/\\\/www.ohis.be\\\/wp-content\\\/uploads\\\/2022\\\/12\\\/yale-cpa-atex.jpg\",\"width\":212,\"height\":525},{\"@type\":\"BreadcrumbList\",\"@id\":\"https:\\\/\\\/www.ohis.be\\\/de\\\/produit\\\/cpa-atex-druckluftkettenzug-3m-20-8-100-3\\\/#breadcrumb\",\"itemListElement\":[{\"@type\":\"ListItem\",\"position\":1,\"name\":\"Accueil\",\"item\":\"https:\\\/\\\/www.ohis.be\\\/de\\\/\"},{\"@type\":\"ListItem\",\"position\":2,\"name\":\"Produkte\",\"item\":\"https:\\\/\\\/www.ohis.be\\\/de\\\/produkte\\\/\"},{\"@type\":\"ListItem\",\"position\":3,\"name\":\"CPA ATEX Druckluftkettenzug (3m) 20-8\\\/100-3\"}]},{\"@type\":\"WebSite\",\"@id\":\"https:\\\/\\\/www.ohis.be\\\/#website\",\"url\":\"https:\\\/\\\/www.ohis.be\\\/\",\"name\":\"Ohis\",\"description\":\"Outils de levage\",\"publisher\":{\"@id\":\"https:\\\/\\\/www.ohis.be\\\/#organization\"},\"potentialAction\":[{\"@type\":\"SearchAction\",\"target\":{\"@type\":\"EntryPoint\",\"urlTemplate\":\"https:\\\/\\\/www.ohis.be\\\/?s={search_term_string}\"},\"query-input\":{\"@type\":\"PropertyValueSpecification\",\"valueRequired\":true,\"valueName\":\"search_term_string\"}}],\"inLanguage\":\"de\"},{\"@type\":\"Organization\",\"@id\":\"https:\\\/\\\/www.ohis.be\\\/#organization\",\"name\":\"Ohis\",\"url\":\"https:\\\/\\\/www.ohis.be\\\/\",\"logo\":{\"@type\":\"ImageObject\",\"inLanguage\":\"de\",\"@id\":\"https:\\\/\\\/www.ohis.be\\\/#\\\/schema\\\/logo\\\/image\\\/\",\"url\":\"https:\\\/\\\/www.ohis.be\\\/wp-content\\\/uploads\\\/2021\\\/02\\\/logo-ohis-wit.svg\",\"contentUrl\":\"https:\\\/\\\/www.ohis.be\\\/wp-content\\\/uploads\\\/2021\\\/02\\\/logo-ohis-wit.svg\",\"caption\":\"Ohis\"},\"image\":{\"@id\":\"https:\\\/\\\/www.ohis.be\\\/#\\\/schema\\\/logo\\\/image\\\/\"}}]}<\/script>\n<!-- \/ Yoast SEO plugin. -->","yoast_head_json":{"title":"CPA ATEX Druckluftkettenzug (3m) 20-8\/100-3 - Ohis","robots":{"index":"index","follow":"follow","max-snippet":"max-snippet:-1","max-image-preview":"max-image-preview:large","max-video-preview":"max-video-preview:-1"},"canonical":"https:\/\/www.ohis.be\/de\/produit\/cpa-atex-druckluftkettenzug-3m-20-8-100-3\/","og_locale":"de_DE","og_type":"article","og_title":"CPA ATEX Druckluftkettenzug (3m) 20-8\/100-3 - Ohis","og_description":"Capacit\u00e9 2000 - 10000 kg Caract\u00e9ristiques \u2022 Pression d\u2018utilisation de 4 \u00e0 6 bars \u2022 Le moteur rotatif \u00e0 piston robuste comporte un frein r\u00e9glable permettant de s\u00e9curiser la charge m\u00eame dans le cas d\u2019une rupture d\u2019approvisionnement d\u2019air. \u2022 En standard, r\u00e9ducteur plan\u00e9taire lubrifi\u00e9 par un bain d\u2019huile conf\u00e9rant un fonctionnement doux et un encombrement r\u00e9duit. \u2022 Couple de d\u00e9marrage \u00e9lev\u00e9 gr\u00e2ce aux distributeurs plac\u00e9s dans le bo\u00eetier moteur. \u2022 Fonctionnement peu bruyant gr\u00e2ce au silencieux largement dimensionn\u00e9. \u2022 Commande pr\u00e9cise de la boite \u00e0 2 ou 4 boutons avec d\u2018arr\u00eat d\u2018urgence. \u2022 Jusqu\u2018\u00e0 3000 kg avec seulement 1 brin, permettant de r\u00e9duire l\u2019encombrement. \u2022 Noix de cha\u00eene \u00e0 5 encoches en acier c\u00e9ment\u00e9 r\u00e9sistant \u00e0 l\u2019usure pour garantir un d\u00e9filement de la cha\u00eene doux et pr\u00e9cis. \u2022 Crochets haut et bas forg\u00e9s dans un acier haute r\u00e9sistance et \u00e9quip\u00e9s de linguet de s\u00e9curit\u00e9. \u2022 Crochets haut et bas cuivr\u00e9s pour les mod\u00e8les MEDIUM et sup\u00e9rieurs \u2022 Cha\u00eene inox pour la version HIGH. Options \u2022 Chariot pour version fixe \u00e0 crochet ou avec chariots int\u00e9gr\u00e9s pour les 3 versions (BASIC, MEDIUM, HIGH). \u2022 Tuyau de contr\u00f4le \u2022 Fin de course \u2022 Bac \u00e0 cha\u00eene \u2022 Unit\u00e9 de maintenance avec filtre, r\u00e9gulateur, lubrificateur et support \u2022 Unit\u00e9 de maintenance mobile \u2022 Rev\u00eatement additionnel","og_url":"https:\/\/www.ohis.be\/de\/produit\/cpa-atex-druckluftkettenzug-3m-20-8-100-3\/","og_site_name":"Ohis","og_image":[{"width":212,"height":525,"url":"https:\/\/www.ohis.be\/wp-content\/uploads\/2022\/12\/yale-cpa-atex.jpg","type":"image\/jpeg"}],"twitter_card":"summary_large_image","twitter_misc":{"Gesch\u00e4tzte Lesezeit":"1\u00a0Minute"},"schema":{"@context":"https:\/\/schema.org","@graph":[{"@type":"WebPage","@id":"https:\/\/www.ohis.be\/de\/produit\/cpa-atex-druckluftkettenzug-3m-20-8-100-3\/","url":"https:\/\/www.ohis.be\/de\/produit\/cpa-atex-druckluftkettenzug-3m-20-8-100-3\/","name":"CPA ATEX Druckluftkettenzug (3m) 20-8\/100-3 - Ohis","isPartOf":{"@id":"https:\/\/www.ohis.be\/#website"},"primaryImageOfPage":{"@id":"https:\/\/www.ohis.be\/de\/produit\/cpa-atex-druckluftkettenzug-3m-20-8-100-3\/#primaryimage"},"image":{"@id":"https:\/\/www.ohis.be\/de\/produit\/cpa-atex-druckluftkettenzug-3m-20-8-100-3\/#primaryimage"},"thumbnailUrl":"https:\/\/www.ohis.be\/wp-content\/uploads\/2022\/12\/yale-cpa-atex.jpg","datePublished":"2022-12-21T15:15:09+00:00","breadcrumb":{"@id":"https:\/\/www.ohis.be\/de\/produit\/cpa-atex-druckluftkettenzug-3m-20-8-100-3\/#breadcrumb"},"inLanguage":"de","potentialAction":[{"@type":"ReadAction","target":["https:\/\/www.ohis.be\/de\/produit\/cpa-atex-druckluftkettenzug-3m-20-8-100-3\/"]}]},{"@type":"ImageObject","inLanguage":"de","@id":"https:\/\/www.ohis.be\/de\/produit\/cpa-atex-druckluftkettenzug-3m-20-8-100-3\/#primaryimage","url":"https:\/\/www.ohis.be\/wp-content\/uploads\/2022\/12\/yale-cpa-atex.jpg","contentUrl":"https:\/\/www.ohis.be\/wp-content\/uploads\/2022\/12\/yale-cpa-atex.jpg","width":212,"height":525},{"@type":"BreadcrumbList","@id":"https:\/\/www.ohis.be\/de\/produit\/cpa-atex-druckluftkettenzug-3m-20-8-100-3\/#breadcrumb","itemListElement":[{"@type":"ListItem","position":1,"name":"Accueil","item":"https:\/\/www.ohis.be\/de\/"},{"@type":"ListItem","position":2,"name":"Produkte","item":"https:\/\/www.ohis.be\/de\/produkte\/"},{"@type":"ListItem","position":3,"name":"CPA ATEX Druckluftkettenzug (3m) 20-8\/100-3"}]},{"@type":"WebSite","@id":"https:\/\/www.ohis.be\/#website","url":"https:\/\/www.ohis.be\/","name":"Ohis","description":"Outils de levage","publisher":{"@id":"https:\/\/www.ohis.be\/#organization"},"potentialAction":[{"@type":"SearchAction","target":{"@type":"EntryPoint","urlTemplate":"https:\/\/www.ohis.be\/?s={search_term_string}"},"query-input":{"@type":"PropertyValueSpecification","valueRequired":true,"valueName":"search_term_string"}}],"inLanguage":"de"},{"@type":"Organization","@id":"https:\/\/www.ohis.be\/#organization","name":"Ohis","url":"https:\/\/www.ohis.be\/","logo":{"@type":"ImageObject","inLanguage":"de","@id":"https:\/\/www.ohis.be\/#\/schema\/logo\/image\/","url":"https:\/\/www.ohis.be\/wp-content\/uploads\/2021\/02\/logo-ohis-wit.svg","contentUrl":"https:\/\/www.ohis.be\/wp-content\/uploads\/2021\/02\/logo-ohis-wit.svg","caption":"Ohis"},"image":{"@id":"https:\/\/www.ohis.be\/#\/schema\/logo\/image\/"}}]}},"_links":{"self":[{"href":"https:\/\/www.ohis.be\/de\/wp-json\/wp\/v2\/product\/32520","targetHints":{"allow":["GET"]}}],"collection":[{"href":"https:\/\/www.ohis.be\/de\/wp-json\/wp\/v2\/product"}],"about":[{"href":"https:\/\/www.ohis.be\/de\/wp-json\/wp\/v2\/types\/product"}],"wp:featuredmedia":[{"embeddable":true,"href":"https:\/\/www.ohis.be\/de\/wp-json\/wp\/v2\/media\/20751"}],"wp:attachment":[{"href":"https:\/\/www.ohis.be\/de\/wp-json\/wp\/v2\/media?parent=32520"}],"wp:term":[{"taxonomy":"product_brand","embeddable":true,"href":"https:\/\/www.ohis.be\/de\/wp-json\/wp\/v2\/product_brand?post=32520"},{"taxonomy":"product_cat","embeddable":true,"href":"https:\/\/www.ohis.be\/de\/wp-json\/wp\/v2\/product_cat?post=32520"},{"taxonomy":"product_tag","embeddable":true,"href":"https:\/\/www.ohis.be\/de\/wp-json\/wp\/v2\/product_tag?post=32520"}],"curies":[{"name":"wp","href":"https:\/\/api.w.org\/{rel}","templated":true}]}}