{"id":32428,"date":"2022-12-22T09:56:38","date_gmt":"2022-12-22T08:56:38","guid":{"rendered":"https:\/\/www.ohis.be\/produit\/sw-w-alpha-wandseilwinde\/"},"modified":"2023-05-05T11:31:35","modified_gmt":"2023-05-05T09:31:35","slug":"sw-w-alpha-wandseilwinde","status":"publish","type":"product","link":"https:\/\/www.ohis.be\/de\/produit\/sw-w-alpha-wandseilwinde\/","title":{"rendered":"SW-W ALPHA Wandseilwinde"},"content":{"rendered":"<p><strong>Merkmale:<\/strong> Robustes Stahlblechgeh\u00e4use mit geringem Gewicht und flacher Bauart, Seilabgang in alle Richtungen m\u00f6glich, einfache und schnelle Befestigung an W\u00e4nden (recommended rope: DIN EN 12385 FE-znk 1770 sZ-spa)<\/p>\n<p><strong>Ausstattung und Verarbeitung<\/strong><\/p>\n<ul>\n<li><strong>Traglasten 300 &#8211; 1000 kg<\/strong><\/li>\n<li>Robustes Stahlblechgeh\u00e4use mit geringem Gewicht und flacher Bauart<\/li>\n<li>Leichtg\u00e4ngiges Stirnradgetriebe f\u00fcr hohen Wirkungsgrad<\/li>\n<li>Seilabgang in alle Richtungen m\u00f6glich<\/li>\n<li>Alle Teile verzinkt<\/li>\n<li>Seiltrommel ist zus\u00e4tzlich KTL beschichtet<\/li>\n<li>Angebaute Handkurbel mit Lastdruckbremse gew\u00e4hrleistet einen sicheren Halt der Last in jeder Position<\/li>\n<li>Einfache und schnelle Befestigung an W\u00e4nden<\/li>\n<\/ul>\n","protected":false},"excerpt":{"rendered":"<p><strong>Merkmale:<\/strong> Robustes Stahlblechgeh\u00e4use mit geringem Gewicht und flacher Bauart, Seilabgang in alle Richtungen m\u00f6glich, einfache und schnelle Befestigung an W\u00e4nden (recommended rope: DIN EN 12385 FE-znk 1770 sZ-spa)<\/p>\n<p><strong>Ausstattung und Verarbeitung<\/strong><\/p>\n<ul>\n<li><strong>Traglasten 300 &#8211; 1000 kg<\/strong><\/li>\n<li>Robustes Stahlblechgeh\u00e4use mit geringem Gewicht und flacher Bauart<\/li>\n<li>Leichtg\u00e4ngiges Stirnradgetriebe f\u00fcr hohen Wirkungsgrad<\/li>\n<li>Seilabgang in alle Richtungen m\u00f6glich<\/li>\n<li>Alle Teile verzinkt<\/li>\n<li>Seiltrommel ist zus\u00e4tzlich KTL beschichtet<\/li>\n<li>Angebaute Handkurbel mit Lastdruckbremse gew\u00e4hrleistet einen sicheren Halt der Last in jeder Position<\/li>\n<li>Einfache und schnelle Befestigung an W\u00e4nden<\/li>\n<\/ul>\n","protected":false},"featured_media":20783,"template":"","meta":{"_acf_changed":false,"inline_featured_image":false},"product_brand":[],"product_cat":[474],"product_tag":[1673],"class_list":{"0":"post-32428","1":"product","2":"type-product","3":"status-publish","4":"has-post-thumbnail","6":"product_cat-seilwinde","7":"product_tag-pfaff-de","9":"first","10":"onbackorder","11":"taxable","12":"shipping-taxable","13":"purchasable","14":"product-type-variable"},"acf":[],"yoast_head":"<!-- This site is optimized with the Yoast SEO plugin v27.4 - https:\/\/yoast.com\/product\/yoast-seo-wordpress\/ -->\n<title>SW-W ALPHA Wandseilwinde - Ohis<\/title>\n<meta name=\"robots\" content=\"index, follow, max-snippet:-1, max-image-preview:large, max-video-preview:-1\" \/>\n<link rel=\"canonical\" href=\"https:\/\/www.ohis.be\/de\/produit\/sw-w-alpha-wandseilwinde\/\" \/>\n<meta property=\"og:locale\" content=\"de_DE\" \/>\n<meta property=\"og:type\" content=\"article\" \/>\n<meta property=\"og:title\" content=\"SW-W ALPHA Wandseilwinde - Ohis\" \/>\n<meta property=\"og:description\" content=\"Merkmale: Robustes Stahlblechgeh\u00e4use mit geringem Gewicht und flacher Bauart, Seilabgang in alle Richtungen m\u00f6glich, einfache und schnelle Befestigung an W\u00e4nden (recommended rope: DIN EN 12385 FE-znk 1770 sZ-spa)  Ausstattung und Verarbeitung   Traglasten 300 - 1000 kg  Robustes Stahlblechgeh\u00e4use mit geringem Gewicht und flacher Bauart  Leichtg\u00e4ngiges Stirnradgetriebe f\u00fcr hohen Wirkungsgrad  Seilabgang in alle Richtungen m\u00f6glich  Alle Teile verzinkt  Seiltrommel ist zus\u00e4tzlich KTL beschichtet  Angebaute Handkurbel mit Lastdruckbremse gew\u00e4hrleistet einen sicheren Halt der Last in jeder Position  Einfache und schnelle Befestigung an W\u00e4nden\" \/>\n<meta property=\"og:url\" content=\"https:\/\/www.ohis.be\/de\/produit\/sw-w-alpha-wandseilwinde\/\" \/>\n<meta property=\"og:site_name\" content=\"Ohis\" \/>\n<meta property=\"article:modified_time\" content=\"2023-05-05T09:31:35+00:00\" \/>\n<meta property=\"og:image\" content=\"https:\/\/www.ohis.be\/wp-content\/uploads\/2022\/12\/pfaf_swwalpha.jpg\" \/>\n\t<meta property=\"og:image:width\" content=\"732\" \/>\n\t<meta property=\"og:image:height\" content=\"673\" \/>\n\t<meta property=\"og:image:type\" content=\"image\/jpeg\" \/>\n<meta name=\"twitter:card\" content=\"summary_large_image\" \/>\n<script type=\"application\/ld+json\" class=\"yoast-schema-graph\">{\"@context\":\"https:\\\/\\\/schema.org\",\"@graph\":[{\"@type\":\"WebPage\",\"@id\":\"https:\\\/\\\/www.ohis.be\\\/de\\\/produit\\\/sw-w-alpha-wandseilwinde\\\/\",\"url\":\"https:\\\/\\\/www.ohis.be\\\/de\\\/produit\\\/sw-w-alpha-wandseilwinde\\\/\",\"name\":\"SW-W ALPHA Wandseilwinde - Ohis\",\"isPartOf\":{\"@id\":\"https:\\\/\\\/www.ohis.be\\\/#website\"},\"primaryImageOfPage\":{\"@id\":\"https:\\\/\\\/www.ohis.be\\\/de\\\/produit\\\/sw-w-alpha-wandseilwinde\\\/#primaryimage\"},\"image\":{\"@id\":\"https:\\\/\\\/www.ohis.be\\\/de\\\/produit\\\/sw-w-alpha-wandseilwinde\\\/#primaryimage\"},\"thumbnailUrl\":\"https:\\\/\\\/www.ohis.be\\\/wp-content\\\/uploads\\\/2022\\\/12\\\/pfaf_swwalpha.jpg\",\"datePublished\":\"2022-12-22T08:56:38+00:00\",\"dateModified\":\"2023-05-05T09:31:35+00:00\",\"breadcrumb\":{\"@id\":\"https:\\\/\\\/www.ohis.be\\\/de\\\/produit\\\/sw-w-alpha-wandseilwinde\\\/#breadcrumb\"},\"inLanguage\":\"de\",\"potentialAction\":[{\"@type\":\"ReadAction\",\"target\":[\"https:\\\/\\\/www.ohis.be\\\/de\\\/produit\\\/sw-w-alpha-wandseilwinde\\\/\"]}]},{\"@type\":\"ImageObject\",\"inLanguage\":\"de\",\"@id\":\"https:\\\/\\\/www.ohis.be\\\/de\\\/produit\\\/sw-w-alpha-wandseilwinde\\\/#primaryimage\",\"url\":\"https:\\\/\\\/www.ohis.be\\\/wp-content\\\/uploads\\\/2022\\\/12\\\/pfaf_swwalpha.jpg\",\"contentUrl\":\"https:\\\/\\\/www.ohis.be\\\/wp-content\\\/uploads\\\/2022\\\/12\\\/pfaf_swwalpha.jpg\",\"width\":732,\"height\":673},{\"@type\":\"BreadcrumbList\",\"@id\":\"https:\\\/\\\/www.ohis.be\\\/de\\\/produit\\\/sw-w-alpha-wandseilwinde\\\/#breadcrumb\",\"itemListElement\":[{\"@type\":\"ListItem\",\"position\":1,\"name\":\"Accueil\",\"item\":\"https:\\\/\\\/www.ohis.be\\\/de\\\/\"},{\"@type\":\"ListItem\",\"position\":2,\"name\":\"Produkte\",\"item\":\"https:\\\/\\\/www.ohis.be\\\/de\\\/produkte\\\/\"},{\"@type\":\"ListItem\",\"position\":3,\"name\":\"SW-W ALPHA Wandseilwinde\"}]},{\"@type\":\"WebSite\",\"@id\":\"https:\\\/\\\/www.ohis.be\\\/#website\",\"url\":\"https:\\\/\\\/www.ohis.be\\\/\",\"name\":\"Ohis\",\"description\":\"Outils de levage\",\"publisher\":{\"@id\":\"https:\\\/\\\/www.ohis.be\\\/#organization\"},\"potentialAction\":[{\"@type\":\"SearchAction\",\"target\":{\"@type\":\"EntryPoint\",\"urlTemplate\":\"https:\\\/\\\/www.ohis.be\\\/?s={search_term_string}\"},\"query-input\":{\"@type\":\"PropertyValueSpecification\",\"valueRequired\":true,\"valueName\":\"search_term_string\"}}],\"inLanguage\":\"de\"},{\"@type\":\"Organization\",\"@id\":\"https:\\\/\\\/www.ohis.be\\\/#organization\",\"name\":\"Ohis\",\"url\":\"https:\\\/\\\/www.ohis.be\\\/\",\"logo\":{\"@type\":\"ImageObject\",\"inLanguage\":\"de\",\"@id\":\"https:\\\/\\\/www.ohis.be\\\/#\\\/schema\\\/logo\\\/image\\\/\",\"url\":\"https:\\\/\\\/www.ohis.be\\\/wp-content\\\/uploads\\\/2021\\\/02\\\/logo-ohis-wit.svg\",\"contentUrl\":\"https:\\\/\\\/www.ohis.be\\\/wp-content\\\/uploads\\\/2021\\\/02\\\/logo-ohis-wit.svg\",\"caption\":\"Ohis\"},\"image\":{\"@id\":\"https:\\\/\\\/www.ohis.be\\\/#\\\/schema\\\/logo\\\/image\\\/\"}}]}<\/script>\n<!-- \/ Yoast SEO plugin. -->","yoast_head_json":{"title":"SW-W ALPHA Wandseilwinde - Ohis","robots":{"index":"index","follow":"follow","max-snippet":"max-snippet:-1","max-image-preview":"max-image-preview:large","max-video-preview":"max-video-preview:-1"},"canonical":"https:\/\/www.ohis.be\/de\/produit\/sw-w-alpha-wandseilwinde\/","og_locale":"de_DE","og_type":"article","og_title":"SW-W ALPHA Wandseilwinde - Ohis","og_description":"Merkmale: Robustes Stahlblechgeh\u00e4use mit geringem Gewicht und flacher Bauart, Seilabgang in alle Richtungen m\u00f6glich, einfache und schnelle Befestigung an W\u00e4nden (recommended rope: DIN EN 12385 FE-znk 1770 sZ-spa)  Ausstattung und Verarbeitung   Traglasten 300 - 1000 kg  Robustes Stahlblechgeh\u00e4use mit geringem Gewicht und flacher Bauart  Leichtg\u00e4ngiges Stirnradgetriebe f\u00fcr hohen Wirkungsgrad  Seilabgang in alle Richtungen m\u00f6glich  Alle Teile verzinkt  Seiltrommel ist zus\u00e4tzlich KTL beschichtet  Angebaute Handkurbel mit Lastdruckbremse gew\u00e4hrleistet einen sicheren Halt der Last in jeder Position  Einfache und schnelle Befestigung an W\u00e4nden","og_url":"https:\/\/www.ohis.be\/de\/produit\/sw-w-alpha-wandseilwinde\/","og_site_name":"Ohis","article_modified_time":"2023-05-05T09:31:35+00:00","og_image":[{"width":732,"height":673,"url":"https:\/\/www.ohis.be\/wp-content\/uploads\/2022\/12\/pfaf_swwalpha.jpg","type":"image\/jpeg"}],"twitter_card":"summary_large_image","schema":{"@context":"https:\/\/schema.org","@graph":[{"@type":"WebPage","@id":"https:\/\/www.ohis.be\/de\/produit\/sw-w-alpha-wandseilwinde\/","url":"https:\/\/www.ohis.be\/de\/produit\/sw-w-alpha-wandseilwinde\/","name":"SW-W ALPHA Wandseilwinde - Ohis","isPartOf":{"@id":"https:\/\/www.ohis.be\/#website"},"primaryImageOfPage":{"@id":"https:\/\/www.ohis.be\/de\/produit\/sw-w-alpha-wandseilwinde\/#primaryimage"},"image":{"@id":"https:\/\/www.ohis.be\/de\/produit\/sw-w-alpha-wandseilwinde\/#primaryimage"},"thumbnailUrl":"https:\/\/www.ohis.be\/wp-content\/uploads\/2022\/12\/pfaf_swwalpha.jpg","datePublished":"2022-12-22T08:56:38+00:00","dateModified":"2023-05-05T09:31:35+00:00","breadcrumb":{"@id":"https:\/\/www.ohis.be\/de\/produit\/sw-w-alpha-wandseilwinde\/#breadcrumb"},"inLanguage":"de","potentialAction":[{"@type":"ReadAction","target":["https:\/\/www.ohis.be\/de\/produit\/sw-w-alpha-wandseilwinde\/"]}]},{"@type":"ImageObject","inLanguage":"de","@id":"https:\/\/www.ohis.be\/de\/produit\/sw-w-alpha-wandseilwinde\/#primaryimage","url":"https:\/\/www.ohis.be\/wp-content\/uploads\/2022\/12\/pfaf_swwalpha.jpg","contentUrl":"https:\/\/www.ohis.be\/wp-content\/uploads\/2022\/12\/pfaf_swwalpha.jpg","width":732,"height":673},{"@type":"BreadcrumbList","@id":"https:\/\/www.ohis.be\/de\/produit\/sw-w-alpha-wandseilwinde\/#breadcrumb","itemListElement":[{"@type":"ListItem","position":1,"name":"Accueil","item":"https:\/\/www.ohis.be\/de\/"},{"@type":"ListItem","position":2,"name":"Produkte","item":"https:\/\/www.ohis.be\/de\/produkte\/"},{"@type":"ListItem","position":3,"name":"SW-W ALPHA Wandseilwinde"}]},{"@type":"WebSite","@id":"https:\/\/www.ohis.be\/#website","url":"https:\/\/www.ohis.be\/","name":"Ohis","description":"Outils de levage","publisher":{"@id":"https:\/\/www.ohis.be\/#organization"},"potentialAction":[{"@type":"SearchAction","target":{"@type":"EntryPoint","urlTemplate":"https:\/\/www.ohis.be\/?s={search_term_string}"},"query-input":{"@type":"PropertyValueSpecification","valueRequired":true,"valueName":"search_term_string"}}],"inLanguage":"de"},{"@type":"Organization","@id":"https:\/\/www.ohis.be\/#organization","name":"Ohis","url":"https:\/\/www.ohis.be\/","logo":{"@type":"ImageObject","inLanguage":"de","@id":"https:\/\/www.ohis.be\/#\/schema\/logo\/image\/","url":"https:\/\/www.ohis.be\/wp-content\/uploads\/2021\/02\/logo-ohis-wit.svg","contentUrl":"https:\/\/www.ohis.be\/wp-content\/uploads\/2021\/02\/logo-ohis-wit.svg","caption":"Ohis"},"image":{"@id":"https:\/\/www.ohis.be\/#\/schema\/logo\/image\/"}}]}},"_links":{"self":[{"href":"https:\/\/www.ohis.be\/de\/wp-json\/wp\/v2\/product\/32428","targetHints":{"allow":["GET"]}}],"collection":[{"href":"https:\/\/www.ohis.be\/de\/wp-json\/wp\/v2\/product"}],"about":[{"href":"https:\/\/www.ohis.be\/de\/wp-json\/wp\/v2\/types\/product"}],"wp:featuredmedia":[{"embeddable":true,"href":"https:\/\/www.ohis.be\/de\/wp-json\/wp\/v2\/media\/20783"}],"wp:attachment":[{"href":"https:\/\/www.ohis.be\/de\/wp-json\/wp\/v2\/media?parent=32428"}],"wp:term":[{"taxonomy":"product_brand","embeddable":true,"href":"https:\/\/www.ohis.be\/de\/wp-json\/wp\/v2\/product_brand?post=32428"},{"taxonomy":"product_cat","embeddable":true,"href":"https:\/\/www.ohis.be\/de\/wp-json\/wp\/v2\/product_cat?post=32428"},{"taxonomy":"product_tag","embeddable":true,"href":"https:\/\/www.ohis.be\/de\/wp-json\/wp\/v2\/product_tag?post=32428"}],"curies":[{"name":"wp","href":"https:\/\/api.w.org\/{rel}","templated":true}]}}