{"id":32415,"date":"2022-12-22T10:02:49","date_gmt":"2022-12-22T09:02:49","guid":{"rendered":"https:\/\/www.ohis.be\/produit\/sw-w-sgo-wandseilwinde-mit-schneckengetriebe\/"},"modified":"2022-12-22T10:02:49","modified_gmt":"2022-12-22T09:02:49","slug":"sw-w-sgo-wandseilwinde-mit-schneckengetriebe","status":"publish","type":"product","link":"https:\/\/www.ohis.be\/de\/produit\/sw-w-sgo-wandseilwinde-mit-schneckengetriebe\/","title":{"rendered":"SW-W-SGO Wandseilwinde mit Schneckengetriebe"},"content":{"rendered":"<p>Die Wandseilwinde mit Schneckengetriebe und Lastdruckbremse f\u00fcr schwere Lasten. (recommended rope: DIN EN 12385 FE-znk 1770 sZ-spa)<\/p>\n<p><strong>Ausstattung und Verarbeitung<\/strong><\/p>\n<p>\u2022 Kompaktes Windengeh\u00e4use und Seiltrommel aus robustem Stahlblech.<br \/>\n\u2022 Schneckengetriebe mit zus\u00e4tzlicher Lastdruckbremse f\u00fcr sicheren Halt der Last in jeder Lage.<br \/>\n\u2022 W\u00e4lzgelagerte Achsen f\u00fcr besseren Seilablauf und eine l\u00e4ngere Lebensdauer der Winde.<br \/>\n\u2022 Last- und Schnellgang zum schnellen Heben kleiner Lasten. Dadurch geringe Anstrengung beim Heben und rasches Aufwickeln des Seils (f\u00fcr Modelle mit einer Traglast ab 2.000 kg).<br \/>\n\u2022 Breite Seiltrommel f\u00fcr gro\u00dfe Seilaufnahme und zwei Seilbefestigungen.<br \/>\n\u2022 Einfache und schnelle Befestigung<\/p>\n","protected":false},"excerpt":{"rendered":"<p>Die Wandseilwinde mit Schneckengetriebe und Lastdruckbremse f\u00fcr schwere Lasten. (recommended rope: DIN EN 12385 FE-znk 1770 sZ-spa)<\/p>\n<p><strong>Ausstattung und Verarbeitung<\/strong><\/p>\n<p>\u2022 Kompaktes Windengeh\u00e4use und Seiltrommel aus robustem Stahlblech.<br \/>\n\u2022 Schneckengetriebe mit zus\u00e4tzlicher Lastdruckbremse f\u00fcr sicheren Halt der Last in jeder Lage.<br \/>\n\u2022 W\u00e4lzgelagerte Achsen f\u00fcr besseren Seilablauf und eine l\u00e4ngere Lebensdauer der Winde.<br \/>\n\u2022 Last- und Schnellgang zum schnellen Heben kleiner Lasten. Dadurch geringe Anstrengung beim Heben und rasches Aufwickeln des Seils (f\u00fcr Modelle mit einer Traglast ab 2.000 kg).<br \/>\n\u2022 Breite Seiltrommel f\u00fcr gro\u00dfe Seilaufnahme und zwei Seilbefestigungen.<br \/>\n\u2022 Einfache und schnelle Befestigung<\/p>\n","protected":false},"featured_media":20819,"template":"","meta":{"_acf_changed":false,"inline_featured_image":false},"product_brand":[],"product_cat":[474],"product_tag":[1673],"class_list":{"0":"post-32415","1":"product","2":"type-product","3":"status-publish","4":"has-post-thumbnail","6":"product_cat-seilwinde","7":"product_tag-pfaff-de","9":"first","10":"onbackorder","11":"taxable","12":"shipping-taxable","13":"purchasable","14":"product-type-variable"},"acf":[],"yoast_head":"<!-- This site is optimized with the Yoast SEO plugin v27.4 - https:\/\/yoast.com\/product\/yoast-seo-wordpress\/ -->\n<title>SW-W-SGO Wandseilwinde mit Schneckengetriebe - Ohis<\/title>\n<meta name=\"robots\" content=\"index, follow, max-snippet:-1, max-image-preview:large, max-video-preview:-1\" \/>\n<link rel=\"canonical\" href=\"https:\/\/www.ohis.be\/de\/produit\/sw-w-sgo-wandseilwinde-mit-schneckengetriebe\/\" \/>\n<meta property=\"og:locale\" content=\"de_DE\" \/>\n<meta property=\"og:type\" content=\"article\" \/>\n<meta property=\"og:title\" content=\"SW-W-SGO Wandseilwinde mit Schneckengetriebe - Ohis\" \/>\n<meta property=\"og:description\" content=\"Die Wandseilwinde mit Schneckengetriebe und Lastdruckbremse f\u00fcr schwere Lasten. (recommended rope: DIN EN 12385 FE-znk 1770 sZ-spa)  Ausstattung und Verarbeitung  \u2022 Kompaktes Windengeh\u00e4use und Seiltrommel aus robustem Stahlblech. \u2022 Schneckengetriebe mit zus\u00e4tzlicher Lastdruckbremse f\u00fcr sicheren Halt der Last in jeder Lage. \u2022 W\u00e4lzgelagerte Achsen f\u00fcr besseren Seilablauf und eine l\u00e4ngere Lebensdauer der Winde. \u2022 Last- und Schnellgang zum schnellen Heben kleiner Lasten. Dadurch geringe Anstrengung beim Heben und rasches Aufwickeln des Seils (f\u00fcr Modelle mit einer Traglast ab 2.000 kg). \u2022 Breite Seiltrommel f\u00fcr gro\u00dfe Seilaufnahme und zwei Seilbefestigungen. \u2022 Einfache und schnelle Befestigung\" \/>\n<meta property=\"og:url\" content=\"https:\/\/www.ohis.be\/de\/produit\/sw-w-sgo-wandseilwinde-mit-schneckengetriebe\/\" \/>\n<meta property=\"og:site_name\" content=\"Ohis\" \/>\n<meta property=\"og:image\" content=\"https:\/\/www.ohis.be\/wp-content\/uploads\/2022\/12\/sw_w_sgo_1500.jpg\" \/>\n\t<meta property=\"og:image:width\" content=\"1175\" \/>\n\t<meta property=\"og:image:height\" content=\"857\" \/>\n\t<meta property=\"og:image:type\" content=\"image\/jpeg\" \/>\n<meta name=\"twitter:card\" content=\"summary_large_image\" \/>\n<script type=\"application\/ld+json\" class=\"yoast-schema-graph\">{\"@context\":\"https:\\\/\\\/schema.org\",\"@graph\":[{\"@type\":\"WebPage\",\"@id\":\"https:\\\/\\\/www.ohis.be\\\/de\\\/produit\\\/sw-w-sgo-wandseilwinde-mit-schneckengetriebe\\\/\",\"url\":\"https:\\\/\\\/www.ohis.be\\\/de\\\/produit\\\/sw-w-sgo-wandseilwinde-mit-schneckengetriebe\\\/\",\"name\":\"SW-W-SGO Wandseilwinde mit Schneckengetriebe - Ohis\",\"isPartOf\":{\"@id\":\"https:\\\/\\\/www.ohis.be\\\/#website\"},\"primaryImageOfPage\":{\"@id\":\"https:\\\/\\\/www.ohis.be\\\/de\\\/produit\\\/sw-w-sgo-wandseilwinde-mit-schneckengetriebe\\\/#primaryimage\"},\"image\":{\"@id\":\"https:\\\/\\\/www.ohis.be\\\/de\\\/produit\\\/sw-w-sgo-wandseilwinde-mit-schneckengetriebe\\\/#primaryimage\"},\"thumbnailUrl\":\"https:\\\/\\\/www.ohis.be\\\/wp-content\\\/uploads\\\/2022\\\/12\\\/sw_w_sgo_1500.jpg\",\"datePublished\":\"2022-12-22T09:02:49+00:00\",\"breadcrumb\":{\"@id\":\"https:\\\/\\\/www.ohis.be\\\/de\\\/produit\\\/sw-w-sgo-wandseilwinde-mit-schneckengetriebe\\\/#breadcrumb\"},\"inLanguage\":\"de\",\"potentialAction\":[{\"@type\":\"ReadAction\",\"target\":[\"https:\\\/\\\/www.ohis.be\\\/de\\\/produit\\\/sw-w-sgo-wandseilwinde-mit-schneckengetriebe\\\/\"]}]},{\"@type\":\"ImageObject\",\"inLanguage\":\"de\",\"@id\":\"https:\\\/\\\/www.ohis.be\\\/de\\\/produit\\\/sw-w-sgo-wandseilwinde-mit-schneckengetriebe\\\/#primaryimage\",\"url\":\"https:\\\/\\\/www.ohis.be\\\/wp-content\\\/uploads\\\/2022\\\/12\\\/sw_w_sgo_1500.jpg\",\"contentUrl\":\"https:\\\/\\\/www.ohis.be\\\/wp-content\\\/uploads\\\/2022\\\/12\\\/sw_w_sgo_1500.jpg\",\"width\":1175,\"height\":857},{\"@type\":\"BreadcrumbList\",\"@id\":\"https:\\\/\\\/www.ohis.be\\\/de\\\/produit\\\/sw-w-sgo-wandseilwinde-mit-schneckengetriebe\\\/#breadcrumb\",\"itemListElement\":[{\"@type\":\"ListItem\",\"position\":1,\"name\":\"Accueil\",\"item\":\"https:\\\/\\\/www.ohis.be\\\/de\\\/\"},{\"@type\":\"ListItem\",\"position\":2,\"name\":\"Produkte\",\"item\":\"https:\\\/\\\/www.ohis.be\\\/de\\\/produkte\\\/\"},{\"@type\":\"ListItem\",\"position\":3,\"name\":\"SW-W-SGO Wandseilwinde mit Schneckengetriebe\"}]},{\"@type\":\"WebSite\",\"@id\":\"https:\\\/\\\/www.ohis.be\\\/#website\",\"url\":\"https:\\\/\\\/www.ohis.be\\\/\",\"name\":\"Ohis\",\"description\":\"Outils de levage\",\"publisher\":{\"@id\":\"https:\\\/\\\/www.ohis.be\\\/#organization\"},\"potentialAction\":[{\"@type\":\"SearchAction\",\"target\":{\"@type\":\"EntryPoint\",\"urlTemplate\":\"https:\\\/\\\/www.ohis.be\\\/?s={search_term_string}\"},\"query-input\":{\"@type\":\"PropertyValueSpecification\",\"valueRequired\":true,\"valueName\":\"search_term_string\"}}],\"inLanguage\":\"de\"},{\"@type\":\"Organization\",\"@id\":\"https:\\\/\\\/www.ohis.be\\\/#organization\",\"name\":\"Ohis\",\"url\":\"https:\\\/\\\/www.ohis.be\\\/\",\"logo\":{\"@type\":\"ImageObject\",\"inLanguage\":\"de\",\"@id\":\"https:\\\/\\\/www.ohis.be\\\/#\\\/schema\\\/logo\\\/image\\\/\",\"url\":\"https:\\\/\\\/www.ohis.be\\\/wp-content\\\/uploads\\\/2021\\\/02\\\/logo-ohis-wit.svg\",\"contentUrl\":\"https:\\\/\\\/www.ohis.be\\\/wp-content\\\/uploads\\\/2021\\\/02\\\/logo-ohis-wit.svg\",\"caption\":\"Ohis\"},\"image\":{\"@id\":\"https:\\\/\\\/www.ohis.be\\\/#\\\/schema\\\/logo\\\/image\\\/\"}}]}<\/script>\n<!-- \/ Yoast SEO plugin. -->","yoast_head_json":{"title":"SW-W-SGO Wandseilwinde mit Schneckengetriebe - Ohis","robots":{"index":"index","follow":"follow","max-snippet":"max-snippet:-1","max-image-preview":"max-image-preview:large","max-video-preview":"max-video-preview:-1"},"canonical":"https:\/\/www.ohis.be\/de\/produit\/sw-w-sgo-wandseilwinde-mit-schneckengetriebe\/","og_locale":"de_DE","og_type":"article","og_title":"SW-W-SGO Wandseilwinde mit Schneckengetriebe - Ohis","og_description":"Die Wandseilwinde mit Schneckengetriebe und Lastdruckbremse f\u00fcr schwere Lasten. (recommended rope: DIN EN 12385 FE-znk 1770 sZ-spa)  Ausstattung und Verarbeitung  \u2022 Kompaktes Windengeh\u00e4use und Seiltrommel aus robustem Stahlblech. \u2022 Schneckengetriebe mit zus\u00e4tzlicher Lastdruckbremse f\u00fcr sicheren Halt der Last in jeder Lage. \u2022 W\u00e4lzgelagerte Achsen f\u00fcr besseren Seilablauf und eine l\u00e4ngere Lebensdauer der Winde. \u2022 Last- und Schnellgang zum schnellen Heben kleiner Lasten. Dadurch geringe Anstrengung beim Heben und rasches Aufwickeln des Seils (f\u00fcr Modelle mit einer Traglast ab 2.000 kg). \u2022 Breite Seiltrommel f\u00fcr gro\u00dfe Seilaufnahme und zwei Seilbefestigungen. \u2022 Einfache und schnelle Befestigung","og_url":"https:\/\/www.ohis.be\/de\/produit\/sw-w-sgo-wandseilwinde-mit-schneckengetriebe\/","og_site_name":"Ohis","og_image":[{"width":1175,"height":857,"url":"https:\/\/www.ohis.be\/wp-content\/uploads\/2022\/12\/sw_w_sgo_1500.jpg","type":"image\/jpeg"}],"twitter_card":"summary_large_image","schema":{"@context":"https:\/\/schema.org","@graph":[{"@type":"WebPage","@id":"https:\/\/www.ohis.be\/de\/produit\/sw-w-sgo-wandseilwinde-mit-schneckengetriebe\/","url":"https:\/\/www.ohis.be\/de\/produit\/sw-w-sgo-wandseilwinde-mit-schneckengetriebe\/","name":"SW-W-SGO Wandseilwinde mit Schneckengetriebe - Ohis","isPartOf":{"@id":"https:\/\/www.ohis.be\/#website"},"primaryImageOfPage":{"@id":"https:\/\/www.ohis.be\/de\/produit\/sw-w-sgo-wandseilwinde-mit-schneckengetriebe\/#primaryimage"},"image":{"@id":"https:\/\/www.ohis.be\/de\/produit\/sw-w-sgo-wandseilwinde-mit-schneckengetriebe\/#primaryimage"},"thumbnailUrl":"https:\/\/www.ohis.be\/wp-content\/uploads\/2022\/12\/sw_w_sgo_1500.jpg","datePublished":"2022-12-22T09:02:49+00:00","breadcrumb":{"@id":"https:\/\/www.ohis.be\/de\/produit\/sw-w-sgo-wandseilwinde-mit-schneckengetriebe\/#breadcrumb"},"inLanguage":"de","potentialAction":[{"@type":"ReadAction","target":["https:\/\/www.ohis.be\/de\/produit\/sw-w-sgo-wandseilwinde-mit-schneckengetriebe\/"]}]},{"@type":"ImageObject","inLanguage":"de","@id":"https:\/\/www.ohis.be\/de\/produit\/sw-w-sgo-wandseilwinde-mit-schneckengetriebe\/#primaryimage","url":"https:\/\/www.ohis.be\/wp-content\/uploads\/2022\/12\/sw_w_sgo_1500.jpg","contentUrl":"https:\/\/www.ohis.be\/wp-content\/uploads\/2022\/12\/sw_w_sgo_1500.jpg","width":1175,"height":857},{"@type":"BreadcrumbList","@id":"https:\/\/www.ohis.be\/de\/produit\/sw-w-sgo-wandseilwinde-mit-schneckengetriebe\/#breadcrumb","itemListElement":[{"@type":"ListItem","position":1,"name":"Accueil","item":"https:\/\/www.ohis.be\/de\/"},{"@type":"ListItem","position":2,"name":"Produkte","item":"https:\/\/www.ohis.be\/de\/produkte\/"},{"@type":"ListItem","position":3,"name":"SW-W-SGO Wandseilwinde mit Schneckengetriebe"}]},{"@type":"WebSite","@id":"https:\/\/www.ohis.be\/#website","url":"https:\/\/www.ohis.be\/","name":"Ohis","description":"Outils de levage","publisher":{"@id":"https:\/\/www.ohis.be\/#organization"},"potentialAction":[{"@type":"SearchAction","target":{"@type":"EntryPoint","urlTemplate":"https:\/\/www.ohis.be\/?s={search_term_string}"},"query-input":{"@type":"PropertyValueSpecification","valueRequired":true,"valueName":"search_term_string"}}],"inLanguage":"de"},{"@type":"Organization","@id":"https:\/\/www.ohis.be\/#organization","name":"Ohis","url":"https:\/\/www.ohis.be\/","logo":{"@type":"ImageObject","inLanguage":"de","@id":"https:\/\/www.ohis.be\/#\/schema\/logo\/image\/","url":"https:\/\/www.ohis.be\/wp-content\/uploads\/2021\/02\/logo-ohis-wit.svg","contentUrl":"https:\/\/www.ohis.be\/wp-content\/uploads\/2021\/02\/logo-ohis-wit.svg","caption":"Ohis"},"image":{"@id":"https:\/\/www.ohis.be\/#\/schema\/logo\/image\/"}}]}},"_links":{"self":[{"href":"https:\/\/www.ohis.be\/de\/wp-json\/wp\/v2\/product\/32415","targetHints":{"allow":["GET"]}}],"collection":[{"href":"https:\/\/www.ohis.be\/de\/wp-json\/wp\/v2\/product"}],"about":[{"href":"https:\/\/www.ohis.be\/de\/wp-json\/wp\/v2\/types\/product"}],"wp:featuredmedia":[{"embeddable":true,"href":"https:\/\/www.ohis.be\/de\/wp-json\/wp\/v2\/media\/20819"}],"wp:attachment":[{"href":"https:\/\/www.ohis.be\/de\/wp-json\/wp\/v2\/media?parent=32415"}],"wp:term":[{"taxonomy":"product_brand","embeddable":true,"href":"https:\/\/www.ohis.be\/de\/wp-json\/wp\/v2\/product_brand?post=32415"},{"taxonomy":"product_cat","embeddable":true,"href":"https:\/\/www.ohis.be\/de\/wp-json\/wp\/v2\/product_cat?post=32415"},{"taxonomy":"product_tag","embeddable":true,"href":"https:\/\/www.ohis.be\/de\/wp-json\/wp\/v2\/product_tag?post=32415"}],"curies":[{"name":"wp","href":"https:\/\/api.w.org\/{rel}","templated":true}]}}