{"id":32403,"date":"2022-12-22T10:11:30","date_gmt":"2022-12-22T09:11:30","guid":{"rendered":"https:\/\/www.ohis.be\/produit\/sw-k-gamma-alu-konsolenseilwinde\/"},"modified":"2022-12-22T10:11:30","modified_gmt":"2022-12-22T09:11:30","slug":"sw-k-gamma-alu-konsolenseilwinde","status":"publish","type":"product","link":"https:\/\/www.ohis.be\/de\/produit\/sw-k-gamma-alu-konsolenseilwinde\/","title":{"rendered":"SW-K GAMMA Alu-Konsolenseilwinde"},"content":{"rendered":"<p><strong>Merkmale:<\/strong>\u00a0Durch robuste Bauweise f\u00fcr den Einsatz im Freien geeignet, ab 500 kg Traglast mit Schnellgang f\u00fcr kleine Lasten und\u00a0 schnelleren Auf- und Abwickeln des unbelasteten Seils<\/p>\n<p><strong>Ausstattung und Verarbeitung<\/strong><\/p>\n<ul>\n<li><strong>Traglasten 200 &#8211; 800 kg<\/strong><\/li>\n<li>Kompaktes Aluminiumgeh\u00e4use und geschlossener Kettenantrieb<\/li>\n<li>Ab 500 kg Traglast mit Schnellgang f\u00fcr kleine Lasten und zum schnelleren Auf- und Abwickeln des unbelasteten Seils<\/li>\n<li>Leichtg\u00e4ngiges Stirnradgetriebe f\u00fcr hohen Wirkungsgrad<\/li>\n<li>Reibungsarme Wellengleitlager f\u00fcr besseren Seilablauf und l\u00e4ngere Lebensdauer der Winde<\/li>\n<li>Breite Seiltrommel f\u00fcr gro\u00dfe Seilaufnahme und zwei Seilbefestigungen<\/li>\n<li>Einfache und schnelle Befestigung<\/li>\n<li>Integriertes Sicherheits-Federbremssystem und abnehmbare Handkurbel<\/li>\n<li>Winde von beiden Seiten bedienbar<\/li>\n<\/ul>\n","protected":false},"excerpt":{"rendered":"<p><strong>Merkmale:<\/strong>\u00a0Durch robuste Bauweise f\u00fcr den Einsatz im Freien geeignet, ab 500 kg Traglast mit Schnellgang f\u00fcr kleine Lasten und\u00a0 schnelleren Auf- und Abwickeln des unbelasteten Seils<\/p>\n<p><strong>Ausstattung und Verarbeitung<\/strong><\/p>\n<ul>\n<li><strong>Traglasten 200 &#8211; 800 kg<\/strong><\/li>\n<li>Kompaktes Aluminiumgeh\u00e4use und geschlossener Kettenantrieb<\/li>\n<li>Ab 500 kg Traglast mit Schnellgang f\u00fcr kleine Lasten und zum schnelleren Auf- und Abwickeln des unbelasteten Seils<\/li>\n<li>Leichtg\u00e4ngiges Stirnradgetriebe f\u00fcr hohen Wirkungsgrad<\/li>\n<li>Reibungsarme Wellengleitlager f\u00fcr besseren Seilablauf und l\u00e4ngere Lebensdauer der Winde<\/li>\n<li>Breite Seiltrommel f\u00fcr gro\u00dfe Seilaufnahme und zwei Seilbefestigungen<\/li>\n<li>Einfache und schnelle Befestigung<\/li>\n<li>Integriertes Sicherheits-Federbremssystem und abnehmbare Handkurbel<\/li>\n<li>Winde von beiden Seiten bedienbar<\/li>\n<\/ul>\n","protected":false},"featured_media":20795,"template":"","meta":{"_acf_changed":false,"inline_featured_image":false},"product_brand":[],"product_cat":[474],"product_tag":[1673],"class_list":{"0":"post-32403","1":"product","2":"type-product","3":"status-publish","4":"has-post-thumbnail","6":"product_cat-seilwinde","7":"product_tag-pfaff-de","9":"first","10":"onbackorder","11":"taxable","12":"shipping-taxable","13":"purchasable","14":"product-type-variable"},"acf":[],"yoast_head":"<!-- This site is optimized with the Yoast SEO plugin v27.4 - https:\/\/yoast.com\/product\/yoast-seo-wordpress\/ -->\n<title>SW-K GAMMA Alu-Konsolenseilwinde - Ohis<\/title>\n<meta name=\"robots\" content=\"index, follow, max-snippet:-1, max-image-preview:large, max-video-preview:-1\" \/>\n<link rel=\"canonical\" href=\"https:\/\/www.ohis.be\/de\/produit\/sw-k-gamma-alu-konsolenseilwinde\/\" \/>\n<meta property=\"og:locale\" content=\"de_DE\" \/>\n<meta property=\"og:type\" content=\"article\" \/>\n<meta property=\"og:title\" content=\"SW-K GAMMA Alu-Konsolenseilwinde - Ohis\" \/>\n<meta property=\"og:description\" content=\"Merkmale:\u00a0Durch robuste Bauweise f\u00fcr den Einsatz im Freien geeignet, ab 500 kg Traglast mit Schnellgang f\u00fcr kleine Lasten und\u00a0 schnelleren Auf- und Abwickeln des unbelasteten Seils  Ausstattung und Verarbeitung   Traglasten 200 - 800 kg  Kompaktes Aluminiumgeh\u00e4use und geschlossener Kettenantrieb  Ab 500 kg Traglast mit Schnellgang f\u00fcr kleine Lasten und zum schnelleren Auf- und Abwickeln des unbelasteten Seils  Leichtg\u00e4ngiges Stirnradgetriebe f\u00fcr hohen Wirkungsgrad  Reibungsarme Wellengleitlager f\u00fcr besseren Seilablauf und l\u00e4ngere Lebensdauer der Winde  Breite Seiltrommel f\u00fcr gro\u00dfe Seilaufnahme und zwei Seilbefestigungen  Einfache und schnelle Befestigung  Integriertes Sicherheits-Federbremssystem und abnehmbare Handkurbel  Winde von beiden Seiten bedienbar\" \/>\n<meta property=\"og:url\" content=\"https:\/\/www.ohis.be\/de\/produit\/sw-k-gamma-alu-konsolenseilwinde\/\" \/>\n<meta property=\"og:site_name\" content=\"Ohis\" \/>\n<meta property=\"og:image\" content=\"https:\/\/www.ohis.be\/wp-content\/uploads\/2022\/12\/pfaff-gamma-800kg-scaled.jpg\" \/>\n\t<meta property=\"og:image:width\" content=\"2539\" \/>\n\t<meta property=\"og:image:height\" content=\"2560\" \/>\n\t<meta property=\"og:image:type\" content=\"image\/jpeg\" \/>\n<meta name=\"twitter:card\" content=\"summary_large_image\" \/>\n<meta name=\"twitter:label1\" content=\"Gesch\u00e4tzte Lesezeit\" \/>\n\t<meta name=\"twitter:data1\" content=\"1\u00a0Minute\" \/>\n<script type=\"application\/ld+json\" class=\"yoast-schema-graph\">{\"@context\":\"https:\\\/\\\/schema.org\",\"@graph\":[{\"@type\":\"WebPage\",\"@id\":\"https:\\\/\\\/www.ohis.be\\\/de\\\/produit\\\/sw-k-gamma-alu-konsolenseilwinde\\\/\",\"url\":\"https:\\\/\\\/www.ohis.be\\\/de\\\/produit\\\/sw-k-gamma-alu-konsolenseilwinde\\\/\",\"name\":\"SW-K GAMMA Alu-Konsolenseilwinde - Ohis\",\"isPartOf\":{\"@id\":\"https:\\\/\\\/www.ohis.be\\\/#website\"},\"primaryImageOfPage\":{\"@id\":\"https:\\\/\\\/www.ohis.be\\\/de\\\/produit\\\/sw-k-gamma-alu-konsolenseilwinde\\\/#primaryimage\"},\"image\":{\"@id\":\"https:\\\/\\\/www.ohis.be\\\/de\\\/produit\\\/sw-k-gamma-alu-konsolenseilwinde\\\/#primaryimage\"},\"thumbnailUrl\":\"https:\\\/\\\/www.ohis.be\\\/wp-content\\\/uploads\\\/2022\\\/12\\\/pfaff-gamma-800kg-scaled.jpg\",\"datePublished\":\"2022-12-22T09:11:30+00:00\",\"breadcrumb\":{\"@id\":\"https:\\\/\\\/www.ohis.be\\\/de\\\/produit\\\/sw-k-gamma-alu-konsolenseilwinde\\\/#breadcrumb\"},\"inLanguage\":\"de\",\"potentialAction\":[{\"@type\":\"ReadAction\",\"target\":[\"https:\\\/\\\/www.ohis.be\\\/de\\\/produit\\\/sw-k-gamma-alu-konsolenseilwinde\\\/\"]}]},{\"@type\":\"ImageObject\",\"inLanguage\":\"de\",\"@id\":\"https:\\\/\\\/www.ohis.be\\\/de\\\/produit\\\/sw-k-gamma-alu-konsolenseilwinde\\\/#primaryimage\",\"url\":\"https:\\\/\\\/www.ohis.be\\\/wp-content\\\/uploads\\\/2022\\\/12\\\/pfaff-gamma-800kg-scaled.jpg\",\"contentUrl\":\"https:\\\/\\\/www.ohis.be\\\/wp-content\\\/uploads\\\/2022\\\/12\\\/pfaff-gamma-800kg-scaled.jpg\",\"width\":2539,\"height\":2560},{\"@type\":\"BreadcrumbList\",\"@id\":\"https:\\\/\\\/www.ohis.be\\\/de\\\/produit\\\/sw-k-gamma-alu-konsolenseilwinde\\\/#breadcrumb\",\"itemListElement\":[{\"@type\":\"ListItem\",\"position\":1,\"name\":\"Accueil\",\"item\":\"https:\\\/\\\/www.ohis.be\\\/de\\\/\"},{\"@type\":\"ListItem\",\"position\":2,\"name\":\"Produkte\",\"item\":\"https:\\\/\\\/www.ohis.be\\\/de\\\/produkte\\\/\"},{\"@type\":\"ListItem\",\"position\":3,\"name\":\"SW-K GAMMA Alu-Konsolenseilwinde\"}]},{\"@type\":\"WebSite\",\"@id\":\"https:\\\/\\\/www.ohis.be\\\/#website\",\"url\":\"https:\\\/\\\/www.ohis.be\\\/\",\"name\":\"Ohis\",\"description\":\"Outils de levage\",\"publisher\":{\"@id\":\"https:\\\/\\\/www.ohis.be\\\/#organization\"},\"potentialAction\":[{\"@type\":\"SearchAction\",\"target\":{\"@type\":\"EntryPoint\",\"urlTemplate\":\"https:\\\/\\\/www.ohis.be\\\/?s={search_term_string}\"},\"query-input\":{\"@type\":\"PropertyValueSpecification\",\"valueRequired\":true,\"valueName\":\"search_term_string\"}}],\"inLanguage\":\"de\"},{\"@type\":\"Organization\",\"@id\":\"https:\\\/\\\/www.ohis.be\\\/#organization\",\"name\":\"Ohis\",\"url\":\"https:\\\/\\\/www.ohis.be\\\/\",\"logo\":{\"@type\":\"ImageObject\",\"inLanguage\":\"de\",\"@id\":\"https:\\\/\\\/www.ohis.be\\\/#\\\/schema\\\/logo\\\/image\\\/\",\"url\":\"https:\\\/\\\/www.ohis.be\\\/wp-content\\\/uploads\\\/2021\\\/02\\\/logo-ohis-wit.svg\",\"contentUrl\":\"https:\\\/\\\/www.ohis.be\\\/wp-content\\\/uploads\\\/2021\\\/02\\\/logo-ohis-wit.svg\",\"caption\":\"Ohis\"},\"image\":{\"@id\":\"https:\\\/\\\/www.ohis.be\\\/#\\\/schema\\\/logo\\\/image\\\/\"}}]}<\/script>\n<!-- \/ Yoast SEO plugin. -->","yoast_head_json":{"title":"SW-K GAMMA Alu-Konsolenseilwinde - Ohis","robots":{"index":"index","follow":"follow","max-snippet":"max-snippet:-1","max-image-preview":"max-image-preview:large","max-video-preview":"max-video-preview:-1"},"canonical":"https:\/\/www.ohis.be\/de\/produit\/sw-k-gamma-alu-konsolenseilwinde\/","og_locale":"de_DE","og_type":"article","og_title":"SW-K GAMMA Alu-Konsolenseilwinde - Ohis","og_description":"Merkmale:\u00a0Durch robuste Bauweise f\u00fcr den Einsatz im Freien geeignet, ab 500 kg Traglast mit Schnellgang f\u00fcr kleine Lasten und\u00a0 schnelleren Auf- und Abwickeln des unbelasteten Seils  Ausstattung und Verarbeitung   Traglasten 200 - 800 kg  Kompaktes Aluminiumgeh\u00e4use und geschlossener Kettenantrieb  Ab 500 kg Traglast mit Schnellgang f\u00fcr kleine Lasten und zum schnelleren Auf- und Abwickeln des unbelasteten Seils  Leichtg\u00e4ngiges Stirnradgetriebe f\u00fcr hohen Wirkungsgrad  Reibungsarme Wellengleitlager f\u00fcr besseren Seilablauf und l\u00e4ngere Lebensdauer der Winde  Breite Seiltrommel f\u00fcr gro\u00dfe Seilaufnahme und zwei Seilbefestigungen  Einfache und schnelle Befestigung  Integriertes Sicherheits-Federbremssystem und abnehmbare Handkurbel  Winde von beiden Seiten bedienbar","og_url":"https:\/\/www.ohis.be\/de\/produit\/sw-k-gamma-alu-konsolenseilwinde\/","og_site_name":"Ohis","og_image":[{"width":2539,"height":2560,"url":"https:\/\/www.ohis.be\/wp-content\/uploads\/2022\/12\/pfaff-gamma-800kg-scaled.jpg","type":"image\/jpeg"}],"twitter_card":"summary_large_image","twitter_misc":{"Gesch\u00e4tzte Lesezeit":"1\u00a0Minute"},"schema":{"@context":"https:\/\/schema.org","@graph":[{"@type":"WebPage","@id":"https:\/\/www.ohis.be\/de\/produit\/sw-k-gamma-alu-konsolenseilwinde\/","url":"https:\/\/www.ohis.be\/de\/produit\/sw-k-gamma-alu-konsolenseilwinde\/","name":"SW-K GAMMA Alu-Konsolenseilwinde - Ohis","isPartOf":{"@id":"https:\/\/www.ohis.be\/#website"},"primaryImageOfPage":{"@id":"https:\/\/www.ohis.be\/de\/produit\/sw-k-gamma-alu-konsolenseilwinde\/#primaryimage"},"image":{"@id":"https:\/\/www.ohis.be\/de\/produit\/sw-k-gamma-alu-konsolenseilwinde\/#primaryimage"},"thumbnailUrl":"https:\/\/www.ohis.be\/wp-content\/uploads\/2022\/12\/pfaff-gamma-800kg-scaled.jpg","datePublished":"2022-12-22T09:11:30+00:00","breadcrumb":{"@id":"https:\/\/www.ohis.be\/de\/produit\/sw-k-gamma-alu-konsolenseilwinde\/#breadcrumb"},"inLanguage":"de","potentialAction":[{"@type":"ReadAction","target":["https:\/\/www.ohis.be\/de\/produit\/sw-k-gamma-alu-konsolenseilwinde\/"]}]},{"@type":"ImageObject","inLanguage":"de","@id":"https:\/\/www.ohis.be\/de\/produit\/sw-k-gamma-alu-konsolenseilwinde\/#primaryimage","url":"https:\/\/www.ohis.be\/wp-content\/uploads\/2022\/12\/pfaff-gamma-800kg-scaled.jpg","contentUrl":"https:\/\/www.ohis.be\/wp-content\/uploads\/2022\/12\/pfaff-gamma-800kg-scaled.jpg","width":2539,"height":2560},{"@type":"BreadcrumbList","@id":"https:\/\/www.ohis.be\/de\/produit\/sw-k-gamma-alu-konsolenseilwinde\/#breadcrumb","itemListElement":[{"@type":"ListItem","position":1,"name":"Accueil","item":"https:\/\/www.ohis.be\/de\/"},{"@type":"ListItem","position":2,"name":"Produkte","item":"https:\/\/www.ohis.be\/de\/produkte\/"},{"@type":"ListItem","position":3,"name":"SW-K GAMMA Alu-Konsolenseilwinde"}]},{"@type":"WebSite","@id":"https:\/\/www.ohis.be\/#website","url":"https:\/\/www.ohis.be\/","name":"Ohis","description":"Outils de levage","publisher":{"@id":"https:\/\/www.ohis.be\/#organization"},"potentialAction":[{"@type":"SearchAction","target":{"@type":"EntryPoint","urlTemplate":"https:\/\/www.ohis.be\/?s={search_term_string}"},"query-input":{"@type":"PropertyValueSpecification","valueRequired":true,"valueName":"search_term_string"}}],"inLanguage":"de"},{"@type":"Organization","@id":"https:\/\/www.ohis.be\/#organization","name":"Ohis","url":"https:\/\/www.ohis.be\/","logo":{"@type":"ImageObject","inLanguage":"de","@id":"https:\/\/www.ohis.be\/#\/schema\/logo\/image\/","url":"https:\/\/www.ohis.be\/wp-content\/uploads\/2021\/02\/logo-ohis-wit.svg","contentUrl":"https:\/\/www.ohis.be\/wp-content\/uploads\/2021\/02\/logo-ohis-wit.svg","caption":"Ohis"},"image":{"@id":"https:\/\/www.ohis.be\/#\/schema\/logo\/image\/"}}]}},"_links":{"self":[{"href":"https:\/\/www.ohis.be\/de\/wp-json\/wp\/v2\/product\/32403","targetHints":{"allow":["GET"]}}],"collection":[{"href":"https:\/\/www.ohis.be\/de\/wp-json\/wp\/v2\/product"}],"about":[{"href":"https:\/\/www.ohis.be\/de\/wp-json\/wp\/v2\/types\/product"}],"wp:featuredmedia":[{"embeddable":true,"href":"https:\/\/www.ohis.be\/de\/wp-json\/wp\/v2\/media\/20795"}],"wp:attachment":[{"href":"https:\/\/www.ohis.be\/de\/wp-json\/wp\/v2\/media?parent=32403"}],"wp:term":[{"taxonomy":"product_brand","embeddable":true,"href":"https:\/\/www.ohis.be\/de\/wp-json\/wp\/v2\/product_brand?post=32403"},{"taxonomy":"product_cat","embeddable":true,"href":"https:\/\/www.ohis.be\/de\/wp-json\/wp\/v2\/product_cat?post=32403"},{"taxonomy":"product_tag","embeddable":true,"href":"https:\/\/www.ohis.be\/de\/wp-json\/wp\/v2\/product_tag?post=32403"}],"curies":[{"name":"wp","href":"https:\/\/api.w.org\/{rel}","templated":true}]}}