{"id":32306,"date":"2022-12-22T11:05:05","date_gmt":"2022-12-22T10:05:05","guid":{"rendered":"https:\/\/www.ohis.be\/produit\/rollenbock-dsrb\/"},"modified":"2022-12-22T11:05:05","modified_gmt":"2022-12-22T10:05:05","slug":"rollenbock-dsrb","status":"publish","type":"product","link":"https:\/\/www.ohis.be\/de\/produit\/rollenbock-dsrb\/","title":{"rendered":"Rollenbock DSRB"},"content":{"rendered":"<p>Drahtseilrollenbock f\u00fcr Seilwinden &#8211; Umlenken einfach und zuverl\u00e4ssig<br \/>\nVariable Seil- und Rollendurchmesser<br \/>\nSeilumlenkungen bis 180\u00b0<\/p>\n<p>Umlenken leicht gemacht mit den\u00a0<strong>Stahl-Drahtseilrollenb\u00f6cken DSRB.<\/strong>\u00a0Durch variablen Seil- und Rollendurchmesser sowie<strong>\u00a0Seilumlenkungen bis 180\u00b0 k\u00f6nnen Lasten bis zu 8 t<\/strong>\u00a0einfach und \u00e4u\u00dferst zuverl\u00e4ssig bewegt werden.<\/p>\n","protected":false},"excerpt":{"rendered":"<p>Drahtseilrollenbock f\u00fcr Seilwinden &#8211; Umlenken einfach und zuverl\u00e4ssig<br \/>\nVariable Seil- und Rollendurchmesser<br \/>\nSeilumlenkungen bis 180\u00b0<\/p>\n<p>Umlenken leicht gemacht mit den\u00a0<strong>Stahl-Drahtseilrollenb\u00f6cken DSRB.<\/strong>\u00a0Durch variablen Seil- und Rollendurchmesser sowie<strong>\u00a0Seilumlenkungen bis 180\u00b0 k\u00f6nnen Lasten bis zu 8 t<\/strong>\u00a0einfach und \u00e4u\u00dferst zuverl\u00e4ssig bewegt werden.<\/p>\n","protected":false},"featured_media":20869,"template":"","meta":{"_acf_changed":false,"inline_featured_image":false},"product_brand":[],"product_cat":[325,474],"product_tag":[1673],"class_list":{"0":"post-32306","1":"product","2":"type-product","3":"status-publish","4":"has-post-thumbnail","6":"product_cat-accesoires-de","7":"product_cat-seilwinde","8":"product_tag-pfaff-de","10":"first","11":"onbackorder","12":"taxable","13":"shipping-taxable","14":"purchasable","15":"product-type-variable"},"acf":[],"yoast_head":"<!-- This site is optimized with the Yoast SEO plugin v27.4 - https:\/\/yoast.com\/product\/yoast-seo-wordpress\/ -->\n<title>Rollenbock DSRB - Ohis<\/title>\n<meta name=\"robots\" content=\"index, follow, max-snippet:-1, max-image-preview:large, max-video-preview:-1\" \/>\n<link rel=\"canonical\" href=\"https:\/\/www.ohis.be\/de\/produit\/rollenbock-dsrb\/\" \/>\n<meta property=\"og:locale\" content=\"de_DE\" \/>\n<meta property=\"og:type\" content=\"article\" \/>\n<meta property=\"og:title\" content=\"Rollenbock DSRB - Ohis\" \/>\n<meta property=\"og:description\" content=\"Drahtseilrollenbock f\u00fcr Seilwinden - Umlenken einfach und zuverl\u00e4ssig Variable Seil- und Rollendurchmesser Seilumlenkungen bis 180\u00b0  Umlenken leicht gemacht mit den\u00a0Stahl-Drahtseilrollenb\u00f6cken DSRB.\u00a0Durch variablen Seil- und Rollendurchmesser sowie\u00a0Seilumlenkungen bis 180\u00b0 k\u00f6nnen Lasten bis zu 8 t\u00a0einfach und \u00e4u\u00dferst zuverl\u00e4ssig bewegt werden.\" \/>\n<meta property=\"og:url\" content=\"https:\/\/www.ohis.be\/de\/produit\/rollenbock-dsrb\/\" \/>\n<meta property=\"og:site_name\" content=\"Ohis\" \/>\n<meta property=\"og:image\" content=\"https:\/\/www.ohis.be\/wp-content\/uploads\/2022\/12\/DSRB.jpg\" \/>\n\t<meta property=\"og:image:width\" content=\"694\" \/>\n\t<meta property=\"og:image:height\" content=\"725\" \/>\n\t<meta property=\"og:image:type\" content=\"image\/jpeg\" \/>\n<meta name=\"twitter:card\" content=\"summary_large_image\" \/>\n<script type=\"application\/ld+json\" class=\"yoast-schema-graph\">{\"@context\":\"https:\\\/\\\/schema.org\",\"@graph\":[{\"@type\":\"WebPage\",\"@id\":\"https:\\\/\\\/www.ohis.be\\\/de\\\/produit\\\/rollenbock-dsrb\\\/\",\"url\":\"https:\\\/\\\/www.ohis.be\\\/de\\\/produit\\\/rollenbock-dsrb\\\/\",\"name\":\"Rollenbock DSRB - Ohis\",\"isPartOf\":{\"@id\":\"https:\\\/\\\/www.ohis.be\\\/#website\"},\"primaryImageOfPage\":{\"@id\":\"https:\\\/\\\/www.ohis.be\\\/de\\\/produit\\\/rollenbock-dsrb\\\/#primaryimage\"},\"image\":{\"@id\":\"https:\\\/\\\/www.ohis.be\\\/de\\\/produit\\\/rollenbock-dsrb\\\/#primaryimage\"},\"thumbnailUrl\":\"https:\\\/\\\/www.ohis.be\\\/wp-content\\\/uploads\\\/2022\\\/12\\\/DSRB.jpg\",\"datePublished\":\"2022-12-22T10:05:05+00:00\",\"breadcrumb\":{\"@id\":\"https:\\\/\\\/www.ohis.be\\\/de\\\/produit\\\/rollenbock-dsrb\\\/#breadcrumb\"},\"inLanguage\":\"de\",\"potentialAction\":[{\"@type\":\"ReadAction\",\"target\":[\"https:\\\/\\\/www.ohis.be\\\/de\\\/produit\\\/rollenbock-dsrb\\\/\"]}]},{\"@type\":\"ImageObject\",\"inLanguage\":\"de\",\"@id\":\"https:\\\/\\\/www.ohis.be\\\/de\\\/produit\\\/rollenbock-dsrb\\\/#primaryimage\",\"url\":\"https:\\\/\\\/www.ohis.be\\\/wp-content\\\/uploads\\\/2022\\\/12\\\/DSRB.jpg\",\"contentUrl\":\"https:\\\/\\\/www.ohis.be\\\/wp-content\\\/uploads\\\/2022\\\/12\\\/DSRB.jpg\",\"width\":694,\"height\":725},{\"@type\":\"BreadcrumbList\",\"@id\":\"https:\\\/\\\/www.ohis.be\\\/de\\\/produit\\\/rollenbock-dsrb\\\/#breadcrumb\",\"itemListElement\":[{\"@type\":\"ListItem\",\"position\":1,\"name\":\"Accueil\",\"item\":\"https:\\\/\\\/www.ohis.be\\\/de\\\/\"},{\"@type\":\"ListItem\",\"position\":2,\"name\":\"Produkte\",\"item\":\"https:\\\/\\\/www.ohis.be\\\/de\\\/produkte\\\/\"},{\"@type\":\"ListItem\",\"position\":3,\"name\":\"Rollenbock DSRB\"}]},{\"@type\":\"WebSite\",\"@id\":\"https:\\\/\\\/www.ohis.be\\\/#website\",\"url\":\"https:\\\/\\\/www.ohis.be\\\/\",\"name\":\"Ohis\",\"description\":\"Outils de levage\",\"publisher\":{\"@id\":\"https:\\\/\\\/www.ohis.be\\\/#organization\"},\"potentialAction\":[{\"@type\":\"SearchAction\",\"target\":{\"@type\":\"EntryPoint\",\"urlTemplate\":\"https:\\\/\\\/www.ohis.be\\\/?s={search_term_string}\"},\"query-input\":{\"@type\":\"PropertyValueSpecification\",\"valueRequired\":true,\"valueName\":\"search_term_string\"}}],\"inLanguage\":\"de\"},{\"@type\":\"Organization\",\"@id\":\"https:\\\/\\\/www.ohis.be\\\/#organization\",\"name\":\"Ohis\",\"url\":\"https:\\\/\\\/www.ohis.be\\\/\",\"logo\":{\"@type\":\"ImageObject\",\"inLanguage\":\"de\",\"@id\":\"https:\\\/\\\/www.ohis.be\\\/#\\\/schema\\\/logo\\\/image\\\/\",\"url\":\"https:\\\/\\\/www.ohis.be\\\/wp-content\\\/uploads\\\/2021\\\/02\\\/logo-ohis-wit.svg\",\"contentUrl\":\"https:\\\/\\\/www.ohis.be\\\/wp-content\\\/uploads\\\/2021\\\/02\\\/logo-ohis-wit.svg\",\"caption\":\"Ohis\"},\"image\":{\"@id\":\"https:\\\/\\\/www.ohis.be\\\/#\\\/schema\\\/logo\\\/image\\\/\"}}]}<\/script>\n<!-- \/ Yoast SEO plugin. -->","yoast_head_json":{"title":"Rollenbock DSRB - Ohis","robots":{"index":"index","follow":"follow","max-snippet":"max-snippet:-1","max-image-preview":"max-image-preview:large","max-video-preview":"max-video-preview:-1"},"canonical":"https:\/\/www.ohis.be\/de\/produit\/rollenbock-dsrb\/","og_locale":"de_DE","og_type":"article","og_title":"Rollenbock DSRB - Ohis","og_description":"Drahtseilrollenbock f\u00fcr Seilwinden - Umlenken einfach und zuverl\u00e4ssig Variable Seil- und Rollendurchmesser Seilumlenkungen bis 180\u00b0  Umlenken leicht gemacht mit den\u00a0Stahl-Drahtseilrollenb\u00f6cken DSRB.\u00a0Durch variablen Seil- und Rollendurchmesser sowie\u00a0Seilumlenkungen bis 180\u00b0 k\u00f6nnen Lasten bis zu 8 t\u00a0einfach und \u00e4u\u00dferst zuverl\u00e4ssig bewegt werden.","og_url":"https:\/\/www.ohis.be\/de\/produit\/rollenbock-dsrb\/","og_site_name":"Ohis","og_image":[{"width":694,"height":725,"url":"https:\/\/www.ohis.be\/wp-content\/uploads\/2022\/12\/DSRB.jpg","type":"image\/jpeg"}],"twitter_card":"summary_large_image","schema":{"@context":"https:\/\/schema.org","@graph":[{"@type":"WebPage","@id":"https:\/\/www.ohis.be\/de\/produit\/rollenbock-dsrb\/","url":"https:\/\/www.ohis.be\/de\/produit\/rollenbock-dsrb\/","name":"Rollenbock DSRB - Ohis","isPartOf":{"@id":"https:\/\/www.ohis.be\/#website"},"primaryImageOfPage":{"@id":"https:\/\/www.ohis.be\/de\/produit\/rollenbock-dsrb\/#primaryimage"},"image":{"@id":"https:\/\/www.ohis.be\/de\/produit\/rollenbock-dsrb\/#primaryimage"},"thumbnailUrl":"https:\/\/www.ohis.be\/wp-content\/uploads\/2022\/12\/DSRB.jpg","datePublished":"2022-12-22T10:05:05+00:00","breadcrumb":{"@id":"https:\/\/www.ohis.be\/de\/produit\/rollenbock-dsrb\/#breadcrumb"},"inLanguage":"de","potentialAction":[{"@type":"ReadAction","target":["https:\/\/www.ohis.be\/de\/produit\/rollenbock-dsrb\/"]}]},{"@type":"ImageObject","inLanguage":"de","@id":"https:\/\/www.ohis.be\/de\/produit\/rollenbock-dsrb\/#primaryimage","url":"https:\/\/www.ohis.be\/wp-content\/uploads\/2022\/12\/DSRB.jpg","contentUrl":"https:\/\/www.ohis.be\/wp-content\/uploads\/2022\/12\/DSRB.jpg","width":694,"height":725},{"@type":"BreadcrumbList","@id":"https:\/\/www.ohis.be\/de\/produit\/rollenbock-dsrb\/#breadcrumb","itemListElement":[{"@type":"ListItem","position":1,"name":"Accueil","item":"https:\/\/www.ohis.be\/de\/"},{"@type":"ListItem","position":2,"name":"Produkte","item":"https:\/\/www.ohis.be\/de\/produkte\/"},{"@type":"ListItem","position":3,"name":"Rollenbock DSRB"}]},{"@type":"WebSite","@id":"https:\/\/www.ohis.be\/#website","url":"https:\/\/www.ohis.be\/","name":"Ohis","description":"Outils de levage","publisher":{"@id":"https:\/\/www.ohis.be\/#organization"},"potentialAction":[{"@type":"SearchAction","target":{"@type":"EntryPoint","urlTemplate":"https:\/\/www.ohis.be\/?s={search_term_string}"},"query-input":{"@type":"PropertyValueSpecification","valueRequired":true,"valueName":"search_term_string"}}],"inLanguage":"de"},{"@type":"Organization","@id":"https:\/\/www.ohis.be\/#organization","name":"Ohis","url":"https:\/\/www.ohis.be\/","logo":{"@type":"ImageObject","inLanguage":"de","@id":"https:\/\/www.ohis.be\/#\/schema\/logo\/image\/","url":"https:\/\/www.ohis.be\/wp-content\/uploads\/2021\/02\/logo-ohis-wit.svg","contentUrl":"https:\/\/www.ohis.be\/wp-content\/uploads\/2021\/02\/logo-ohis-wit.svg","caption":"Ohis"},"image":{"@id":"https:\/\/www.ohis.be\/#\/schema\/logo\/image\/"}}]}},"_links":{"self":[{"href":"https:\/\/www.ohis.be\/de\/wp-json\/wp\/v2\/product\/32306","targetHints":{"allow":["GET"]}}],"collection":[{"href":"https:\/\/www.ohis.be\/de\/wp-json\/wp\/v2\/product"}],"about":[{"href":"https:\/\/www.ohis.be\/de\/wp-json\/wp\/v2\/types\/product"}],"wp:featuredmedia":[{"embeddable":true,"href":"https:\/\/www.ohis.be\/de\/wp-json\/wp\/v2\/media\/20869"}],"wp:attachment":[{"href":"https:\/\/www.ohis.be\/de\/wp-json\/wp\/v2\/media?parent=32306"}],"wp:term":[{"taxonomy":"product_brand","embeddable":true,"href":"https:\/\/www.ohis.be\/de\/wp-json\/wp\/v2\/product_brand?post=32306"},{"taxonomy":"product_cat","embeddable":true,"href":"https:\/\/www.ohis.be\/de\/wp-json\/wp\/v2\/product_cat?post=32306"},{"taxonomy":"product_tag","embeddable":true,"href":"https:\/\/www.ohis.be\/de\/wp-json\/wp\/v2\/product_tag?post=32306"}],"curies":[{"name":"wp","href":"https:\/\/api.w.org\/{rel}","templated":true}]}}