{"id":32291,"date":"2022-12-22T10:33:17","date_gmt":"2022-12-22T09:33:17","guid":{"rendered":"https:\/\/www.ohis.be\/produit\/mws-wandseilwinde-mit-stirnradgetriebe\/"},"modified":"2022-12-22T10:33:17","modified_gmt":"2022-12-22T09:33:17","slug":"mws-wandseilwinde-mit-stirnradgetriebe","status":"publish","type":"product","link":"https:\/\/www.ohis.be\/de\/produit\/mws-wandseilwinde-mit-stirnradgetriebe\/","title":{"rendered":"MWS Wandseilwinde mit Stirnradgetriebe"},"content":{"rendered":"<p>F\u00fcr den Einsatz \u00fcberall dort, wo keine Elektrizit\u00e4t oder viel Schmutz ist. Empfohlener Seildurchmesser gem\u00e4\u00df DIN EN 12385 FE-znk 1770 sZ-spa. Das Seil ist nicht im Lieferumfang enthalten.<\/p>\n<div id=\"features-benefits\" class=\"pdp-section\" data-accordion-item=\"\" data-section-name=\"Eigenschaften und Vorteile\" data-magellan-target=\"features-benefits\">\n<div id=\"ee4feg-accordion\" class=\"pdp-section__wrap\" role=\"tabpanel\" data-tab-content=\"\" aria-labelledby=\"features-benefits-label\" aria-hidden=\"true\">\n<section class=\"component rte-block\"><strong>Ausstattung und Verarbeitung<\/strong><br \/>\n\u2022 Geschlossenes Getriebe zum Schutz der innenliegenden\u00a0Teile, auch bei rauem Einsatz.<br \/>\n\u2022 W\u00e4lzgelagerte Stirnr\u00e4der und gleitgelagerte\u00a0Seiltrommel.<br \/>\n\u2022 Kompakte Bauweise.<br \/>\n\u2022 Einfache und schnelle Befestigung an W\u00e4nden, Masten\u00a0und dergleichen.<br \/>\n\u2022 Selbstarretierende, r\u00fcckschlaggesicherte und verstellbare\u00a0Kurbel f\u00fcr schnelles Heben kleiner Lasten.\u00a0Dadurch geringstm\u00f6gliche Anstrengung beim Heben\u00a0und rasches Aufwickeln des Seils.<br \/>\n\u2022 Lastdruckbremse f\u00fcr ein besonders feinf\u00fchliges Heben\u00a0und Senken der Last. Ein ungewolltes L\u00f6sen der\u00a0Bremse bei schwingender Belastung wird verhindert.<br \/>\n\u2022 Geeignet f\u00fcr Umgebungstemperatur:\u00a0&#8211; 10 \u00b0C bis + 50 \u00b0C.<\/p>\n<\/section>\n<\/div>\n<\/div>\n<div id=\"options\" class=\"pdp-section\" data-accordion-item=\"\" data-section-name=\"Optionen\" data-magellan-target=\"options\">\n<div id=\"byusup-accordion\" class=\"pdp-section__wrap\" role=\"tabpanel\" data-tab-content=\"\" aria-labelledby=\"options-label\" aria-hidden=\"true\">\n<section class=\"component rte-block\"><strong>Optional<\/strong><br \/>\n\u2022 Korrosionsgesch\u00fctzte Ausf\u00fchrung.<\/p>\n<\/section>\n<\/div>\n<\/div>\n","protected":false},"excerpt":{"rendered":"<p>F\u00fcr den Einsatz \u00fcberall dort, wo keine Elektrizit\u00e4t oder viel Schmutz ist. Empfohlener Seildurchmesser gem\u00e4\u00df DIN EN 12385 FE-znk 1770 sZ-spa. Das Seil ist nicht im Lieferumfang enthalten.<\/p>\n<div id=\"features-benefits\" class=\"pdp-section\" data-accordion-item=\"\" data-section-name=\"Eigenschaften und Vorteile\" data-magellan-target=\"features-benefits\">\n<div id=\"ee4feg-accordion\" class=\"pdp-section__wrap\" role=\"tabpanel\" data-tab-content=\"\" aria-labelledby=\"features-benefits-label\" aria-hidden=\"true\">\n<section class=\"component rte-block\"><strong>Ausstattung und Verarbeitung<\/strong><br \/>\n\u2022 Geschlossenes Getriebe zum Schutz der innenliegenden\u00a0Teile, auch bei rauem Einsatz.<br \/>\n\u2022 W\u00e4lzgelagerte Stirnr\u00e4der und gleitgelagerte\u00a0Seiltrommel.<br \/>\n\u2022 Kompakte Bauweise.<br \/>\n\u2022 Einfache und schnelle Befestigung an W\u00e4nden, Masten\u00a0und dergleichen.<br \/>\n\u2022 Selbstarretierende, r\u00fcckschlaggesicherte und verstellbare\u00a0Kurbel f\u00fcr schnelles Heben kleiner Lasten.\u00a0Dadurch geringstm\u00f6gliche Anstrengung beim Heben\u00a0und rasches Aufwickeln des Seils.<br \/>\n\u2022 Lastdruckbremse f\u00fcr ein besonders feinf\u00fchliges Heben\u00a0und Senken der Last. Ein ungewolltes L\u00f6sen der\u00a0Bremse bei schwingender Belastung wird verhindert.<br \/>\n\u2022 Geeignet f\u00fcr Umgebungstemperatur:\u00a0&#8211; 10 \u00b0C bis + 50 \u00b0C.<\/p>\n<\/section>\n<\/div>\n<\/div>\n<div id=\"options\" class=\"pdp-section\" data-accordion-item=\"\" data-section-name=\"Optionen\" data-magellan-target=\"options\">\n<div id=\"byusup-accordion\" class=\"pdp-section__wrap\" role=\"tabpanel\" data-tab-content=\"\" aria-labelledby=\"options-label\" aria-hidden=\"true\">\n<section class=\"component rte-block\"><strong>Optional<\/strong><br \/>\n\u2022 Korrosionsgesch\u00fctzte Ausf\u00fchrung.<\/p>\n<\/section>\n<\/div>\n<\/div>\n","protected":false},"featured_media":20779,"template":"","meta":{"_acf_changed":false,"inline_featured_image":false},"product_brand":[],"product_cat":[474],"product_tag":[1673],"class_list":{"0":"post-32291","1":"product","2":"type-product","3":"status-publish","4":"has-post-thumbnail","6":"product_cat-seilwinde","7":"product_tag-pfaff-de","9":"first","10":"onbackorder","11":"taxable","12":"shipping-taxable","13":"purchasable","14":"product-type-variable"},"acf":[],"yoast_head":"<!-- This site is optimized with the Yoast SEO plugin v27.4 - https:\/\/yoast.com\/product\/yoast-seo-wordpress\/ -->\n<title>MWS Wandseilwinde mit Stirnradgetriebe - Ohis<\/title>\n<meta name=\"robots\" content=\"index, follow, max-snippet:-1, max-image-preview:large, max-video-preview:-1\" \/>\n<link rel=\"canonical\" href=\"https:\/\/www.ohis.be\/de\/produit\/mws-wandseilwinde-mit-stirnradgetriebe\/\" \/>\n<meta property=\"og:locale\" content=\"de_DE\" \/>\n<meta property=\"og:type\" content=\"article\" \/>\n<meta property=\"og:title\" content=\"MWS Wandseilwinde mit Stirnradgetriebe - Ohis\" \/>\n<meta property=\"og:description\" content=\"F\u00fcr den Einsatz \u00fcberall dort, wo keine Elektrizit\u00e4t oder viel Schmutz ist. Empfohlener Seildurchmesser gem\u00e4\u00df DIN EN 12385 FE-znk 1770 sZ-spa. Das Seil ist nicht im Lieferumfang enthalten.  Ausstattung und Verarbeitung \u2022 Geschlossenes Getriebe zum Schutz der innenliegenden\u00a0Teile, auch bei rauem Einsatz. \u2022 W\u00e4lzgelagerte Stirnr\u00e4der und gleitgelagerte\u00a0Seiltrommel. \u2022 Kompakte Bauweise. \u2022 Einfache und schnelle Befestigung an W\u00e4nden, Masten\u00a0und dergleichen. \u2022 Selbstarretierende, r\u00fcckschlaggesicherte und verstellbare\u00a0Kurbel f\u00fcr schnelles Heben kleiner Lasten.\u00a0Dadurch geringstm\u00f6gliche Anstrengung beim Heben\u00a0und rasches Aufwickeln des Seils. \u2022 Lastdruckbremse f\u00fcr ein besonders feinf\u00fchliges Heben\u00a0und Senken der Last. Ein ungewolltes L\u00f6sen der\u00a0Bremse bei schwingender Belastung wird verhindert. \u2022 Geeignet f\u00fcr Umgebungstemperatur:\u00a0- 10 \u00b0C bis + 50 \u00b0C.     Optional \u2022 Korrosionsgesch\u00fctzte Ausf\u00fchrung.\" \/>\n<meta property=\"og:url\" content=\"https:\/\/www.ohis.be\/de\/produit\/mws-wandseilwinde-mit-stirnradgetriebe\/\" \/>\n<meta property=\"og:site_name\" content=\"Ohis\" \/>\n<meta property=\"og:image\" content=\"https:\/\/www.ohis.be\/wp-content\/uploads\/2022\/12\/mws_1000_2015.jpg\" \/>\n\t<meta property=\"og:image:width\" content=\"220\" \/>\n\t<meta property=\"og:image:height\" content=\"220\" \/>\n\t<meta property=\"og:image:type\" content=\"image\/jpeg\" \/>\n<meta name=\"twitter:card\" content=\"summary_large_image\" \/>\n<meta name=\"twitter:label1\" content=\"Gesch\u00e4tzte Lesezeit\" \/>\n\t<meta name=\"twitter:data1\" content=\"1\u00a0Minute\" \/>\n<script type=\"application\/ld+json\" class=\"yoast-schema-graph\">{\"@context\":\"https:\\\/\\\/schema.org\",\"@graph\":[{\"@type\":\"WebPage\",\"@id\":\"https:\\\/\\\/www.ohis.be\\\/de\\\/produit\\\/mws-wandseilwinde-mit-stirnradgetriebe\\\/\",\"url\":\"https:\\\/\\\/www.ohis.be\\\/de\\\/produit\\\/mws-wandseilwinde-mit-stirnradgetriebe\\\/\",\"name\":\"MWS Wandseilwinde mit Stirnradgetriebe - Ohis\",\"isPartOf\":{\"@id\":\"https:\\\/\\\/www.ohis.be\\\/#website\"},\"primaryImageOfPage\":{\"@id\":\"https:\\\/\\\/www.ohis.be\\\/de\\\/produit\\\/mws-wandseilwinde-mit-stirnradgetriebe\\\/#primaryimage\"},\"image\":{\"@id\":\"https:\\\/\\\/www.ohis.be\\\/de\\\/produit\\\/mws-wandseilwinde-mit-stirnradgetriebe\\\/#primaryimage\"},\"thumbnailUrl\":\"https:\\\/\\\/www.ohis.be\\\/wp-content\\\/uploads\\\/2022\\\/12\\\/mws_1000_2015.jpg\",\"datePublished\":\"2022-12-22T09:33:17+00:00\",\"breadcrumb\":{\"@id\":\"https:\\\/\\\/www.ohis.be\\\/de\\\/produit\\\/mws-wandseilwinde-mit-stirnradgetriebe\\\/#breadcrumb\"},\"inLanguage\":\"de\",\"potentialAction\":[{\"@type\":\"ReadAction\",\"target\":[\"https:\\\/\\\/www.ohis.be\\\/de\\\/produit\\\/mws-wandseilwinde-mit-stirnradgetriebe\\\/\"]}]},{\"@type\":\"ImageObject\",\"inLanguage\":\"de\",\"@id\":\"https:\\\/\\\/www.ohis.be\\\/de\\\/produit\\\/mws-wandseilwinde-mit-stirnradgetriebe\\\/#primaryimage\",\"url\":\"https:\\\/\\\/www.ohis.be\\\/wp-content\\\/uploads\\\/2022\\\/12\\\/mws_1000_2015.jpg\",\"contentUrl\":\"https:\\\/\\\/www.ohis.be\\\/wp-content\\\/uploads\\\/2022\\\/12\\\/mws_1000_2015.jpg\",\"width\":220,\"height\":220},{\"@type\":\"BreadcrumbList\",\"@id\":\"https:\\\/\\\/www.ohis.be\\\/de\\\/produit\\\/mws-wandseilwinde-mit-stirnradgetriebe\\\/#breadcrumb\",\"itemListElement\":[{\"@type\":\"ListItem\",\"position\":1,\"name\":\"Accueil\",\"item\":\"https:\\\/\\\/www.ohis.be\\\/de\\\/\"},{\"@type\":\"ListItem\",\"position\":2,\"name\":\"Produkte\",\"item\":\"https:\\\/\\\/www.ohis.be\\\/de\\\/produkte\\\/\"},{\"@type\":\"ListItem\",\"position\":3,\"name\":\"MWS Wandseilwinde mit Stirnradgetriebe\"}]},{\"@type\":\"WebSite\",\"@id\":\"https:\\\/\\\/www.ohis.be\\\/#website\",\"url\":\"https:\\\/\\\/www.ohis.be\\\/\",\"name\":\"Ohis\",\"description\":\"Outils de levage\",\"publisher\":{\"@id\":\"https:\\\/\\\/www.ohis.be\\\/#organization\"},\"potentialAction\":[{\"@type\":\"SearchAction\",\"target\":{\"@type\":\"EntryPoint\",\"urlTemplate\":\"https:\\\/\\\/www.ohis.be\\\/?s={search_term_string}\"},\"query-input\":{\"@type\":\"PropertyValueSpecification\",\"valueRequired\":true,\"valueName\":\"search_term_string\"}}],\"inLanguage\":\"de\"},{\"@type\":\"Organization\",\"@id\":\"https:\\\/\\\/www.ohis.be\\\/#organization\",\"name\":\"Ohis\",\"url\":\"https:\\\/\\\/www.ohis.be\\\/\",\"logo\":{\"@type\":\"ImageObject\",\"inLanguage\":\"de\",\"@id\":\"https:\\\/\\\/www.ohis.be\\\/#\\\/schema\\\/logo\\\/image\\\/\",\"url\":\"https:\\\/\\\/www.ohis.be\\\/wp-content\\\/uploads\\\/2021\\\/02\\\/logo-ohis-wit.svg\",\"contentUrl\":\"https:\\\/\\\/www.ohis.be\\\/wp-content\\\/uploads\\\/2021\\\/02\\\/logo-ohis-wit.svg\",\"caption\":\"Ohis\"},\"image\":{\"@id\":\"https:\\\/\\\/www.ohis.be\\\/#\\\/schema\\\/logo\\\/image\\\/\"}}]}<\/script>\n<!-- \/ Yoast SEO plugin. -->","yoast_head_json":{"title":"MWS Wandseilwinde mit Stirnradgetriebe - Ohis","robots":{"index":"index","follow":"follow","max-snippet":"max-snippet:-1","max-image-preview":"max-image-preview:large","max-video-preview":"max-video-preview:-1"},"canonical":"https:\/\/www.ohis.be\/de\/produit\/mws-wandseilwinde-mit-stirnradgetriebe\/","og_locale":"de_DE","og_type":"article","og_title":"MWS Wandseilwinde mit Stirnradgetriebe - Ohis","og_description":"F\u00fcr den Einsatz \u00fcberall dort, wo keine Elektrizit\u00e4t oder viel Schmutz ist. Empfohlener Seildurchmesser gem\u00e4\u00df DIN EN 12385 FE-znk 1770 sZ-spa. Das Seil ist nicht im Lieferumfang enthalten.  Ausstattung und Verarbeitung \u2022 Geschlossenes Getriebe zum Schutz der innenliegenden\u00a0Teile, auch bei rauem Einsatz. \u2022 W\u00e4lzgelagerte Stirnr\u00e4der und gleitgelagerte\u00a0Seiltrommel. \u2022 Kompakte Bauweise. \u2022 Einfache und schnelle Befestigung an W\u00e4nden, Masten\u00a0und dergleichen. \u2022 Selbstarretierende, r\u00fcckschlaggesicherte und verstellbare\u00a0Kurbel f\u00fcr schnelles Heben kleiner Lasten.\u00a0Dadurch geringstm\u00f6gliche Anstrengung beim Heben\u00a0und rasches Aufwickeln des Seils. \u2022 Lastdruckbremse f\u00fcr ein besonders feinf\u00fchliges Heben\u00a0und Senken der Last. Ein ungewolltes L\u00f6sen der\u00a0Bremse bei schwingender Belastung wird verhindert. \u2022 Geeignet f\u00fcr Umgebungstemperatur:\u00a0- 10 \u00b0C bis + 50 \u00b0C.     Optional \u2022 Korrosionsgesch\u00fctzte Ausf\u00fchrung.","og_url":"https:\/\/www.ohis.be\/de\/produit\/mws-wandseilwinde-mit-stirnradgetriebe\/","og_site_name":"Ohis","og_image":[{"width":220,"height":220,"url":"https:\/\/www.ohis.be\/wp-content\/uploads\/2022\/12\/mws_1000_2015.jpg","type":"image\/jpeg"}],"twitter_card":"summary_large_image","twitter_misc":{"Gesch\u00e4tzte Lesezeit":"1\u00a0Minute"},"schema":{"@context":"https:\/\/schema.org","@graph":[{"@type":"WebPage","@id":"https:\/\/www.ohis.be\/de\/produit\/mws-wandseilwinde-mit-stirnradgetriebe\/","url":"https:\/\/www.ohis.be\/de\/produit\/mws-wandseilwinde-mit-stirnradgetriebe\/","name":"MWS Wandseilwinde mit Stirnradgetriebe - Ohis","isPartOf":{"@id":"https:\/\/www.ohis.be\/#website"},"primaryImageOfPage":{"@id":"https:\/\/www.ohis.be\/de\/produit\/mws-wandseilwinde-mit-stirnradgetriebe\/#primaryimage"},"image":{"@id":"https:\/\/www.ohis.be\/de\/produit\/mws-wandseilwinde-mit-stirnradgetriebe\/#primaryimage"},"thumbnailUrl":"https:\/\/www.ohis.be\/wp-content\/uploads\/2022\/12\/mws_1000_2015.jpg","datePublished":"2022-12-22T09:33:17+00:00","breadcrumb":{"@id":"https:\/\/www.ohis.be\/de\/produit\/mws-wandseilwinde-mit-stirnradgetriebe\/#breadcrumb"},"inLanguage":"de","potentialAction":[{"@type":"ReadAction","target":["https:\/\/www.ohis.be\/de\/produit\/mws-wandseilwinde-mit-stirnradgetriebe\/"]}]},{"@type":"ImageObject","inLanguage":"de","@id":"https:\/\/www.ohis.be\/de\/produit\/mws-wandseilwinde-mit-stirnradgetriebe\/#primaryimage","url":"https:\/\/www.ohis.be\/wp-content\/uploads\/2022\/12\/mws_1000_2015.jpg","contentUrl":"https:\/\/www.ohis.be\/wp-content\/uploads\/2022\/12\/mws_1000_2015.jpg","width":220,"height":220},{"@type":"BreadcrumbList","@id":"https:\/\/www.ohis.be\/de\/produit\/mws-wandseilwinde-mit-stirnradgetriebe\/#breadcrumb","itemListElement":[{"@type":"ListItem","position":1,"name":"Accueil","item":"https:\/\/www.ohis.be\/de\/"},{"@type":"ListItem","position":2,"name":"Produkte","item":"https:\/\/www.ohis.be\/de\/produkte\/"},{"@type":"ListItem","position":3,"name":"MWS Wandseilwinde mit Stirnradgetriebe"}]},{"@type":"WebSite","@id":"https:\/\/www.ohis.be\/#website","url":"https:\/\/www.ohis.be\/","name":"Ohis","description":"Outils de levage","publisher":{"@id":"https:\/\/www.ohis.be\/#organization"},"potentialAction":[{"@type":"SearchAction","target":{"@type":"EntryPoint","urlTemplate":"https:\/\/www.ohis.be\/?s={search_term_string}"},"query-input":{"@type":"PropertyValueSpecification","valueRequired":true,"valueName":"search_term_string"}}],"inLanguage":"de"},{"@type":"Organization","@id":"https:\/\/www.ohis.be\/#organization","name":"Ohis","url":"https:\/\/www.ohis.be\/","logo":{"@type":"ImageObject","inLanguage":"de","@id":"https:\/\/www.ohis.be\/#\/schema\/logo\/image\/","url":"https:\/\/www.ohis.be\/wp-content\/uploads\/2021\/02\/logo-ohis-wit.svg","contentUrl":"https:\/\/www.ohis.be\/wp-content\/uploads\/2021\/02\/logo-ohis-wit.svg","caption":"Ohis"},"image":{"@id":"https:\/\/www.ohis.be\/#\/schema\/logo\/image\/"}}]}},"_links":{"self":[{"href":"https:\/\/www.ohis.be\/de\/wp-json\/wp\/v2\/product\/32291","targetHints":{"allow":["GET"]}}],"collection":[{"href":"https:\/\/www.ohis.be\/de\/wp-json\/wp\/v2\/product"}],"about":[{"href":"https:\/\/www.ohis.be\/de\/wp-json\/wp\/v2\/types\/product"}],"wp:featuredmedia":[{"embeddable":true,"href":"https:\/\/www.ohis.be\/de\/wp-json\/wp\/v2\/media\/20779"}],"wp:attachment":[{"href":"https:\/\/www.ohis.be\/de\/wp-json\/wp\/v2\/media?parent=32291"}],"wp:term":[{"taxonomy":"product_brand","embeddable":true,"href":"https:\/\/www.ohis.be\/de\/wp-json\/wp\/v2\/product_brand?post=32291"},{"taxonomy":"product_cat","embeddable":true,"href":"https:\/\/www.ohis.be\/de\/wp-json\/wp\/v2\/product_cat?post=32291"},{"taxonomy":"product_tag","embeddable":true,"href":"https:\/\/www.ohis.be\/de\/wp-json\/wp\/v2\/product_tag?post=32291"}],"curies":[{"name":"wp","href":"https:\/\/api.w.org\/{rel}","templated":true}]}}