{"id":32276,"date":"2022-12-22T11:11:26","date_gmt":"2022-12-22T10:11:26","guid":{"rendered":"https:\/\/www.ohis.be\/produit\/sw-k-lambda-konsolenseilwinde\/"},"modified":"2022-12-22T11:11:26","modified_gmt":"2022-12-22T10:11:26","slug":"sw-k-lambda-konsolenseilwinde","status":"publish","type":"product","link":"https:\/\/www.ohis.be\/de\/produit\/sw-k-lambda-konsolenseilwinde\/","title":{"rendered":"SW-K LAMBDA Konsolenseilwinde"},"content":{"rendered":"<section class=\"rte-block\"><strong>Geeignet f\u00fcr:<\/strong>\u00a0Einsatz in Einkaufsgalerien, Kirchen, Sportst\u00e4tten und Veranstaltungsbereichen (B\u00fchnen, Studios, Theater etc.)<\/p>\n<\/section>\n<p><strong>Ausstattung und Verarbeitung<\/strong><\/p>\n<ul>\n<li><strong>Traglasten 300 kg<\/strong><\/li>\n<li>Modernes Design mit verzinkten Seitenteilen f\u00fcr einfache Handhabung<\/li>\n<li>Gerillte Trommel zur einlagigen Wicklung des Stahlseils<\/li>\n<li>Hohe Lebensdauer des Seils durch 18-fachen Trommeldurchmesser<\/li>\n<li>Federbelastete Seilanpresswalze gegen das Abspringen des unbelasteten Seils an der Trommel<\/li>\n<li>Getriebeauslegung f\u00fcr doppelte Nennlast<\/li>\n<li>Leichtg\u00e4ngiges Stirnradgetriebe f\u00fcr hohen Wirkungsgrad Angebaute Sicherheitskurbel mit zwei unabh\u00e4ngig voneinander wirkenden Federbremsen f\u00fcr sicheren Halt der Last in jeder Position<\/li>\n<\/ul>\n<p><strong>Optionen<\/strong><\/p>\n<ul>\n<li>Trommelverl\u00e4ngerung f\u00fcr eine gr\u00f6\u00dfere Seilaufnahme<\/li>\n<li>Sonderrillung (mehrseilig)<\/li>\n<\/ul>\n","protected":false},"excerpt":{"rendered":"<section class=\"rte-block\"><strong>Geeignet f\u00fcr:<\/strong>\u00a0Einsatz in Einkaufsgalerien, Kirchen, Sportst\u00e4tten und Veranstaltungsbereichen (B\u00fchnen, Studios, Theater etc.)<\/p>\n<\/section>\n<p><strong>Ausstattung und Verarbeitung<\/strong><\/p>\n<ul>\n<li><strong>Traglasten 300 kg<\/strong><\/li>\n<li>Modernes Design mit verzinkten Seitenteilen f\u00fcr einfache Handhabung<\/li>\n<li>Gerillte Trommel zur einlagigen Wicklung des Stahlseils<\/li>\n<li>Hohe Lebensdauer des Seils durch 18-fachen Trommeldurchmesser<\/li>\n<li>Federbelastete Seilanpresswalze gegen das Abspringen des unbelasteten Seils an der Trommel<\/li>\n<li>Getriebeauslegung f\u00fcr doppelte Nennlast<\/li>\n<li>Leichtg\u00e4ngiges Stirnradgetriebe f\u00fcr hohen Wirkungsgrad Angebaute Sicherheitskurbel mit zwei unabh\u00e4ngig voneinander wirkenden Federbremsen f\u00fcr sicheren Halt der Last in jeder Position<\/li>\n<\/ul>\n<p><strong>Optionen<\/strong><\/p>\n<ul>\n<li>Trommelverl\u00e4ngerung f\u00fcr eine gr\u00f6\u00dfere Seilaufnahme<\/li>\n<li>Sonderrillung (mehrseilig)<\/li>\n<\/ul>\n","protected":false},"featured_media":20873,"template":"","meta":{"_acf_changed":false,"inline_featured_image":false},"product_brand":[],"product_cat":[474],"product_tag":[1673],"class_list":{"0":"post-32276","1":"product","2":"type-product","3":"status-publish","4":"has-post-thumbnail","6":"product_cat-seilwinde","7":"product_tag-pfaff-de","9":"first","10":"onbackorder","11":"taxable","12":"shipping-taxable","13":"purchasable","14":"product-type-variable"},"acf":[],"yoast_head":"<!-- This site is optimized with the Yoast SEO plugin v27.4 - https:\/\/yoast.com\/product\/yoast-seo-wordpress\/ -->\n<title>SW-K LAMBDA Konsolenseilwinde - Ohis<\/title>\n<meta name=\"robots\" content=\"index, follow, max-snippet:-1, max-image-preview:large, max-video-preview:-1\" \/>\n<link rel=\"canonical\" href=\"https:\/\/www.ohis.be\/de\/produit\/sw-k-lambda-konsolenseilwinde\/\" \/>\n<meta property=\"og:locale\" content=\"de_DE\" \/>\n<meta property=\"og:type\" content=\"article\" \/>\n<meta property=\"og:title\" content=\"SW-K LAMBDA Konsolenseilwinde - Ohis\" \/>\n<meta property=\"og:description\" content=\"Geeignet f\u00fcr:\u00a0Einsatz in Einkaufsgalerien, Kirchen, Sportst\u00e4tten und Veranstaltungsbereichen (B\u00fchnen, Studios, Theater etc.)  Ausstattung und Verarbeitung   Traglasten 300 kg  Modernes Design mit verzinkten Seitenteilen f\u00fcr einfache Handhabung  Gerillte Trommel zur einlagigen Wicklung des Stahlseils  Hohe Lebensdauer des Seils durch 18-fachen Trommeldurchmesser  Federbelastete Seilanpresswalze gegen das Abspringen des unbelasteten Seils an der Trommel  Getriebeauslegung f\u00fcr doppelte Nennlast  Leichtg\u00e4ngiges Stirnradgetriebe f\u00fcr hohen Wirkungsgrad Angebaute Sicherheitskurbel mit zwei unabh\u00e4ngig voneinander wirkenden Federbremsen f\u00fcr sicheren Halt der Last in jeder Position  Optionen   Trommelverl\u00e4ngerung f\u00fcr eine gr\u00f6\u00dfere Seilaufnahme  Sonderrillung (mehrseilig)\" \/>\n<meta property=\"og:url\" content=\"https:\/\/www.ohis.be\/de\/produit\/sw-k-lambda-konsolenseilwinde\/\" \/>\n<meta property=\"og:site_name\" content=\"Ohis\" \/>\n<meta property=\"og:image\" content=\"https:\/\/www.ohis.be\/wp-content\/uploads\/2022\/12\/LAMBDA.jpg\" \/>\n\t<meta property=\"og:image:width\" content=\"525\" \/>\n\t<meta property=\"og:image:height\" content=\"466\" \/>\n\t<meta property=\"og:image:type\" content=\"image\/jpeg\" \/>\n<meta name=\"twitter:card\" content=\"summary_large_image\" \/>\n<script type=\"application\/ld+json\" class=\"yoast-schema-graph\">{\"@context\":\"https:\\\/\\\/schema.org\",\"@graph\":[{\"@type\":\"WebPage\",\"@id\":\"https:\\\/\\\/www.ohis.be\\\/de\\\/produit\\\/sw-k-lambda-konsolenseilwinde\\\/\",\"url\":\"https:\\\/\\\/www.ohis.be\\\/de\\\/produit\\\/sw-k-lambda-konsolenseilwinde\\\/\",\"name\":\"SW-K LAMBDA Konsolenseilwinde - Ohis\",\"isPartOf\":{\"@id\":\"https:\\\/\\\/www.ohis.be\\\/#website\"},\"primaryImageOfPage\":{\"@id\":\"https:\\\/\\\/www.ohis.be\\\/de\\\/produit\\\/sw-k-lambda-konsolenseilwinde\\\/#primaryimage\"},\"image\":{\"@id\":\"https:\\\/\\\/www.ohis.be\\\/de\\\/produit\\\/sw-k-lambda-konsolenseilwinde\\\/#primaryimage\"},\"thumbnailUrl\":\"https:\\\/\\\/www.ohis.be\\\/wp-content\\\/uploads\\\/2022\\\/12\\\/LAMBDA.jpg\",\"datePublished\":\"2022-12-22T10:11:26+00:00\",\"breadcrumb\":{\"@id\":\"https:\\\/\\\/www.ohis.be\\\/de\\\/produit\\\/sw-k-lambda-konsolenseilwinde\\\/#breadcrumb\"},\"inLanguage\":\"de\",\"potentialAction\":[{\"@type\":\"ReadAction\",\"target\":[\"https:\\\/\\\/www.ohis.be\\\/de\\\/produit\\\/sw-k-lambda-konsolenseilwinde\\\/\"]}]},{\"@type\":\"ImageObject\",\"inLanguage\":\"de\",\"@id\":\"https:\\\/\\\/www.ohis.be\\\/de\\\/produit\\\/sw-k-lambda-konsolenseilwinde\\\/#primaryimage\",\"url\":\"https:\\\/\\\/www.ohis.be\\\/wp-content\\\/uploads\\\/2022\\\/12\\\/LAMBDA.jpg\",\"contentUrl\":\"https:\\\/\\\/www.ohis.be\\\/wp-content\\\/uploads\\\/2022\\\/12\\\/LAMBDA.jpg\",\"width\":525,\"height\":466},{\"@type\":\"BreadcrumbList\",\"@id\":\"https:\\\/\\\/www.ohis.be\\\/de\\\/produit\\\/sw-k-lambda-konsolenseilwinde\\\/#breadcrumb\",\"itemListElement\":[{\"@type\":\"ListItem\",\"position\":1,\"name\":\"Accueil\",\"item\":\"https:\\\/\\\/www.ohis.be\\\/de\\\/\"},{\"@type\":\"ListItem\",\"position\":2,\"name\":\"Produkte\",\"item\":\"https:\\\/\\\/www.ohis.be\\\/de\\\/produkte\\\/\"},{\"@type\":\"ListItem\",\"position\":3,\"name\":\"SW-K LAMBDA Konsolenseilwinde\"}]},{\"@type\":\"WebSite\",\"@id\":\"https:\\\/\\\/www.ohis.be\\\/#website\",\"url\":\"https:\\\/\\\/www.ohis.be\\\/\",\"name\":\"Ohis\",\"description\":\"Outils de levage\",\"publisher\":{\"@id\":\"https:\\\/\\\/www.ohis.be\\\/#organization\"},\"potentialAction\":[{\"@type\":\"SearchAction\",\"target\":{\"@type\":\"EntryPoint\",\"urlTemplate\":\"https:\\\/\\\/www.ohis.be\\\/?s={search_term_string}\"},\"query-input\":{\"@type\":\"PropertyValueSpecification\",\"valueRequired\":true,\"valueName\":\"search_term_string\"}}],\"inLanguage\":\"de\"},{\"@type\":\"Organization\",\"@id\":\"https:\\\/\\\/www.ohis.be\\\/#organization\",\"name\":\"Ohis\",\"url\":\"https:\\\/\\\/www.ohis.be\\\/\",\"logo\":{\"@type\":\"ImageObject\",\"inLanguage\":\"de\",\"@id\":\"https:\\\/\\\/www.ohis.be\\\/#\\\/schema\\\/logo\\\/image\\\/\",\"url\":\"https:\\\/\\\/www.ohis.be\\\/wp-content\\\/uploads\\\/2021\\\/02\\\/logo-ohis-wit.svg\",\"contentUrl\":\"https:\\\/\\\/www.ohis.be\\\/wp-content\\\/uploads\\\/2021\\\/02\\\/logo-ohis-wit.svg\",\"caption\":\"Ohis\"},\"image\":{\"@id\":\"https:\\\/\\\/www.ohis.be\\\/#\\\/schema\\\/logo\\\/image\\\/\"}}]}<\/script>\n<!-- \/ Yoast SEO plugin. -->","yoast_head_json":{"title":"SW-K LAMBDA Konsolenseilwinde - Ohis","robots":{"index":"index","follow":"follow","max-snippet":"max-snippet:-1","max-image-preview":"max-image-preview:large","max-video-preview":"max-video-preview:-1"},"canonical":"https:\/\/www.ohis.be\/de\/produit\/sw-k-lambda-konsolenseilwinde\/","og_locale":"de_DE","og_type":"article","og_title":"SW-K LAMBDA Konsolenseilwinde - Ohis","og_description":"Geeignet f\u00fcr:\u00a0Einsatz in Einkaufsgalerien, Kirchen, Sportst\u00e4tten und Veranstaltungsbereichen (B\u00fchnen, Studios, Theater etc.)  Ausstattung und Verarbeitung   Traglasten 300 kg  Modernes Design mit verzinkten Seitenteilen f\u00fcr einfache Handhabung  Gerillte Trommel zur einlagigen Wicklung des Stahlseils  Hohe Lebensdauer des Seils durch 18-fachen Trommeldurchmesser  Federbelastete Seilanpresswalze gegen das Abspringen des unbelasteten Seils an der Trommel  Getriebeauslegung f\u00fcr doppelte Nennlast  Leichtg\u00e4ngiges Stirnradgetriebe f\u00fcr hohen Wirkungsgrad Angebaute Sicherheitskurbel mit zwei unabh\u00e4ngig voneinander wirkenden Federbremsen f\u00fcr sicheren Halt der Last in jeder Position  Optionen   Trommelverl\u00e4ngerung f\u00fcr eine gr\u00f6\u00dfere Seilaufnahme  Sonderrillung (mehrseilig)","og_url":"https:\/\/www.ohis.be\/de\/produit\/sw-k-lambda-konsolenseilwinde\/","og_site_name":"Ohis","og_image":[{"width":525,"height":466,"url":"https:\/\/www.ohis.be\/wp-content\/uploads\/2022\/12\/LAMBDA.jpg","type":"image\/jpeg"}],"twitter_card":"summary_large_image","schema":{"@context":"https:\/\/schema.org","@graph":[{"@type":"WebPage","@id":"https:\/\/www.ohis.be\/de\/produit\/sw-k-lambda-konsolenseilwinde\/","url":"https:\/\/www.ohis.be\/de\/produit\/sw-k-lambda-konsolenseilwinde\/","name":"SW-K LAMBDA Konsolenseilwinde - Ohis","isPartOf":{"@id":"https:\/\/www.ohis.be\/#website"},"primaryImageOfPage":{"@id":"https:\/\/www.ohis.be\/de\/produit\/sw-k-lambda-konsolenseilwinde\/#primaryimage"},"image":{"@id":"https:\/\/www.ohis.be\/de\/produit\/sw-k-lambda-konsolenseilwinde\/#primaryimage"},"thumbnailUrl":"https:\/\/www.ohis.be\/wp-content\/uploads\/2022\/12\/LAMBDA.jpg","datePublished":"2022-12-22T10:11:26+00:00","breadcrumb":{"@id":"https:\/\/www.ohis.be\/de\/produit\/sw-k-lambda-konsolenseilwinde\/#breadcrumb"},"inLanguage":"de","potentialAction":[{"@type":"ReadAction","target":["https:\/\/www.ohis.be\/de\/produit\/sw-k-lambda-konsolenseilwinde\/"]}]},{"@type":"ImageObject","inLanguage":"de","@id":"https:\/\/www.ohis.be\/de\/produit\/sw-k-lambda-konsolenseilwinde\/#primaryimage","url":"https:\/\/www.ohis.be\/wp-content\/uploads\/2022\/12\/LAMBDA.jpg","contentUrl":"https:\/\/www.ohis.be\/wp-content\/uploads\/2022\/12\/LAMBDA.jpg","width":525,"height":466},{"@type":"BreadcrumbList","@id":"https:\/\/www.ohis.be\/de\/produit\/sw-k-lambda-konsolenseilwinde\/#breadcrumb","itemListElement":[{"@type":"ListItem","position":1,"name":"Accueil","item":"https:\/\/www.ohis.be\/de\/"},{"@type":"ListItem","position":2,"name":"Produkte","item":"https:\/\/www.ohis.be\/de\/produkte\/"},{"@type":"ListItem","position":3,"name":"SW-K LAMBDA Konsolenseilwinde"}]},{"@type":"WebSite","@id":"https:\/\/www.ohis.be\/#website","url":"https:\/\/www.ohis.be\/","name":"Ohis","description":"Outils de levage","publisher":{"@id":"https:\/\/www.ohis.be\/#organization"},"potentialAction":[{"@type":"SearchAction","target":{"@type":"EntryPoint","urlTemplate":"https:\/\/www.ohis.be\/?s={search_term_string}"},"query-input":{"@type":"PropertyValueSpecification","valueRequired":true,"valueName":"search_term_string"}}],"inLanguage":"de"},{"@type":"Organization","@id":"https:\/\/www.ohis.be\/#organization","name":"Ohis","url":"https:\/\/www.ohis.be\/","logo":{"@type":"ImageObject","inLanguage":"de","@id":"https:\/\/www.ohis.be\/#\/schema\/logo\/image\/","url":"https:\/\/www.ohis.be\/wp-content\/uploads\/2021\/02\/logo-ohis-wit.svg","contentUrl":"https:\/\/www.ohis.be\/wp-content\/uploads\/2021\/02\/logo-ohis-wit.svg","caption":"Ohis"},"image":{"@id":"https:\/\/www.ohis.be\/#\/schema\/logo\/image\/"}}]}},"_links":{"self":[{"href":"https:\/\/www.ohis.be\/de\/wp-json\/wp\/v2\/product\/32276","targetHints":{"allow":["GET"]}}],"collection":[{"href":"https:\/\/www.ohis.be\/de\/wp-json\/wp\/v2\/product"}],"about":[{"href":"https:\/\/www.ohis.be\/de\/wp-json\/wp\/v2\/types\/product"}],"wp:featuredmedia":[{"embeddable":true,"href":"https:\/\/www.ohis.be\/de\/wp-json\/wp\/v2\/media\/20873"}],"wp:attachment":[{"href":"https:\/\/www.ohis.be\/de\/wp-json\/wp\/v2\/media?parent=32276"}],"wp:term":[{"taxonomy":"product_brand","embeddable":true,"href":"https:\/\/www.ohis.be\/de\/wp-json\/wp\/v2\/product_brand?post=32276"},{"taxonomy":"product_cat","embeddable":true,"href":"https:\/\/www.ohis.be\/de\/wp-json\/wp\/v2\/product_cat?post=32276"},{"taxonomy":"product_tag","embeddable":true,"href":"https:\/\/www.ohis.be\/de\/wp-json\/wp\/v2\/product_tag?post=32276"}],"curies":[{"name":"wp","href":"https:\/\/api.w.org\/{rel}","templated":true}]}}