{"id":32261,"date":"2022-12-22T11:59:30","date_gmt":"2022-12-22T10:59:30","guid":{"rendered":"https:\/\/www.ohis.be\/produit\/sw-k-lb-konsolenseilwinde-edelstahl-2\/"},"modified":"2023-05-04T14:48:17","modified_gmt":"2023-05-04T12:48:17","slug":"sw-k-lb-konsolenseilwinde-verzinkt","status":"publish","type":"product","link":"https:\/\/www.ohis.be\/de\/produit\/sw-k-lb-konsolenseilwinde-verzinkt\/","title":{"rendered":"SW K-LB Konsolenseilwinde, verzinkt"},"content":{"rendered":"<p><strong>Merkmale:<\/strong>\u00a0Robustes Stahlblechgeh\u00e4use mit geringem Gewicht, angebaute Lastdruckbremse, alle Teile verzinkt<\/p>\n<p>Die urspr\u00fcnglich als Fahrzeugwinde entwickelte<strong>\u00a0Seilwinde SW-K-LB<\/strong>\u00a0wird heute zum Heben und Ziehen verschiedenster Lasten verwendet und ist in zwei Ausf\u00fchrungen\u00a0<strong>&#8222;verzinkt&#8220;<\/strong>\u00a0und &#8222;<strong>Edelstahl&#8220;<\/strong>\u00a0lieferbar.<\/p>\n<p><strong>Ausstattung und Verarbeitung verzinkte Ausf\u00fchrung<\/strong><\/p>\n<ul>\n<li>T<strong>raglasten 150 &#8211; 1200 kg<\/strong><\/li>\n<li>Robustes Stahlblechgeh\u00e4use mit geringem Gewicht<\/li>\n<li>Leichtg\u00e4ngiges Stirnradgetriebe<\/li>\n<li>Angebaute Lastdruckbremse h\u00e4lt die Last in jeder Lage sicher<\/li>\n<li>Alle Teile verzinkt, Seiltrommel zus\u00e4tzlich f\u00fcr erh\u00f6hten Korrosionsschutz beschichtet (KTL)<\/li>\n<li>Einfache und schnelle Konsolenbefestigung<\/li>\n<\/ul>\n","protected":false},"excerpt":{"rendered":"<p><strong>Merkmale:<\/strong>\u00a0Alle Teile in hochwertige Edelstahlausf\u00fchrung V2A, robustes Stahlblechgeh\u00e4use mit geringem Gewicht, Leichtg\u00e4ngiges Stirnradgetriebe<\/p>\n<p><strong>Merkmale:<\/strong>\u00a0Robustes Stahlblechgeh\u00e4use mit geringem Gewicht, angebaute Lastdruckbremse, alle Teile verzinkt<\/p>\n<p>Die urspr\u00fcnglich als Fahrzeugwinde entwickelte<strong>\u00a0Seilwinde SW-K-LB<\/strong>\u00a0wird heute zum Heben und Ziehen verschiedenster Lasten verwendet und ist in zwei Ausf\u00fchrungen\u00a0<strong>&#8222;verzinkt&#8220;<\/strong>\u00a0und &#8222;<strong>Edelstahl&#8220;<\/strong>\u00a0lieferbar.<\/p>\n<p><strong>Ausstattung und Verarbeitung verzinkte Ausf\u00fchrung<\/strong><\/p>\n<ul>\n<li>T<strong>raglasten 150 &#8211; 1200 kg<\/strong><\/li>\n<li>Robustes Stahlblechgeh\u00e4use mit geringem Gewicht<\/li>\n<li>Leichtg\u00e4ngiges Stirnradgetriebe<\/li>\n<li>Angebaute Lastdruckbremse h\u00e4lt die Last in jeder Lage sicher<\/li>\n<li>Alle Teile verzinkt, Seiltrommel zus\u00e4tzlich f\u00fcr erh\u00f6hten Korrosionsschutz beschichtet (KTL)<\/li>\n<li>Einfache und schnelle Konsolenbefestigung<\/li>\n<\/ul>\n<p>Unsere\u00a0<strong>Konsolenseilwinde SW K-LB-VA in Edelstahlausf\u00fchrung<\/strong>\u00a0wird zum Heben oder Ziehen verschiedenster Lasten in unterschiedlichen Einsatzbereichen verwendet.<\/p>\n<p><strong>Ausstattung und Verarbeitung Edelstahlausf\u00fchrung<\/strong><\/p>\n<ul>\n<li><strong>Traglasten 250 &#8211; 900 kg<\/strong><\/li>\n<li>Alle Teile in hochwertige Edelstahlausf\u00fchrung V2A<\/li>\n<li>Robustes Stahlblechgeh\u00e4use mit geringem Gewicht<\/li>\n<li>Leichtg\u00e4ngiges Stirnradgetriebe<\/li>\n<li>Angebaute Lastdruckbremse h\u00e4lt die Last in jeder Lage sicher<\/li>\n<li>Seiltrommel ist zus\u00e4tzlich KTL beschichtetEinfache und schnelle Konsolenbefestigung<\/li>\n<\/ul>\n","protected":false},"featured_media":20916,"template":"","meta":{"_acf_changed":false,"inline_featured_image":false},"product_brand":[],"product_cat":[474],"product_tag":[],"class_list":{"0":"post-32261","1":"product","2":"type-product","3":"status-publish","4":"has-post-thumbnail","6":"product_cat-seilwinde","8":"first","9":"onbackorder","10":"taxable","11":"shipping-taxable","12":"purchasable","13":"product-type-variable"},"acf":[],"yoast_head":"<!-- This site is optimized with the Yoast SEO plugin v27.4 - https:\/\/yoast.com\/product\/yoast-seo-wordpress\/ -->\n<title>SW K-LB Konsolenseilwinde, verzinkt - Ohis<\/title>\n<meta name=\"robots\" content=\"index, follow, max-snippet:-1, max-image-preview:large, max-video-preview:-1\" \/>\n<link rel=\"canonical\" href=\"https:\/\/www.ohis.be\/produit\/sw-k-lb-treuil-a-cable-a-console-galvanise\/\" \/>\n<meta property=\"og:locale\" content=\"de_DE\" \/>\n<meta property=\"og:type\" content=\"article\" \/>\n<meta property=\"og:title\" content=\"SW K-LB Konsolenseilwinde, verzinkt - Ohis\" \/>\n<meta property=\"og:description\" content=\"Merkmale:\u00a0Alle Teile in hochwertige Edelstahlausf\u00fchrung V2A, robustes Stahlblechgeh\u00e4use mit geringem Gewicht, Leichtg\u00e4ngiges Stirnradgetriebe  Merkmale:\u00a0Robustes Stahlblechgeh\u00e4use mit geringem Gewicht, angebaute Lastdruckbremse, alle Teile verzinkt  Die urspr\u00fcnglich als Fahrzeugwinde entwickelte\u00a0Seilwinde SW-K-LB\u00a0wird heute zum Heben und Ziehen verschiedenster Lasten verwendet und ist in zwei Ausf\u00fchrungen\u00a0&quot;verzinkt&quot;\u00a0und &quot;Edelstahl&quot;\u00a0lieferbar.  Ausstattung und Verarbeitung verzinkte Ausf\u00fchrung   Traglasten 150 - 1200 kg  Robustes Stahlblechgeh\u00e4use mit geringem Gewicht  Leichtg\u00e4ngiges Stirnradgetriebe  Angebaute Lastdruckbremse h\u00e4lt die Last in jeder Lage sicher  Alle Teile verzinkt, Seiltrommel zus\u00e4tzlich f\u00fcr erh\u00f6hten Korrosionsschutz beschichtet (KTL)  Einfache und schnelle Konsolenbefestigung  Unsere\u00a0Konsolenseilwinde SW K-LB-VA in Edelstahlausf\u00fchrung\u00a0wird zum Heben oder Ziehen verschiedenster Lasten in unterschiedlichen Einsatzbereichen verwendet.  Ausstattung und Verarbeitung Edelstahlausf\u00fchrung   Traglasten 250 - 900 kg  Alle Teile in hochwertige Edelstahlausf\u00fchrung V2A  Robustes Stahlblechgeh\u00e4use mit geringem Gewicht  Leichtg\u00e4ngiges Stirnradgetriebe  Angebaute Lastdruckbremse h\u00e4lt die Last in jeder Lage sicher  Seiltrommel ist zus\u00e4tzlich KTL beschichtetEinfache und schnelle Konsolenbefestigung\" \/>\n<meta property=\"og:url\" content=\"https:\/\/www.ohis.be\/produit\/sw-k-lb-treuil-a-cable-a-console-galvanise\/\" \/>\n<meta property=\"og:site_name\" content=\"Ohis\" \/>\n<meta property=\"article:modified_time\" content=\"2023-05-04T12:48:17+00:00\" \/>\n<meta property=\"og:image\" content=\"https:\/\/www.ohis.be\/wp-content\/uploads\/2022\/12\/pfaff-lb-150-350kg-galvan-1-scaled.jpg\" \/>\n\t<meta property=\"og:image:width\" content=\"2102\" \/>\n\t<meta property=\"og:image:height\" content=\"2560\" \/>\n\t<meta property=\"og:image:type\" content=\"image\/jpeg\" \/>\n<meta name=\"twitter:card\" content=\"summary_large_image\" \/>\n<script type=\"application\/ld+json\" class=\"yoast-schema-graph\">{\"@context\":\"https:\\\/\\\/schema.org\",\"@graph\":[{\"@type\":\"WebPage\",\"@id\":\"https:\\\/\\\/www.ohis.be\\\/produit\\\/sw-k-lb-treuil-a-cable-a-console-galvanise\\\/\",\"url\":\"https:\\\/\\\/www.ohis.be\\\/produit\\\/sw-k-lb-treuil-a-cable-a-console-galvanise\\\/\",\"name\":\"SW K-LB Konsolenseilwinde, verzinkt - Ohis\",\"isPartOf\":{\"@id\":\"https:\\\/\\\/www.ohis.be\\\/#website\"},\"primaryImageOfPage\":{\"@id\":\"https:\\\/\\\/www.ohis.be\\\/produit\\\/sw-k-lb-treuil-a-cable-a-console-galvanise\\\/#primaryimage\"},\"image\":{\"@id\":\"https:\\\/\\\/www.ohis.be\\\/produit\\\/sw-k-lb-treuil-a-cable-a-console-galvanise\\\/#primaryimage\"},\"thumbnailUrl\":\"https:\\\/\\\/www.ohis.be\\\/wp-content\\\/uploads\\\/2022\\\/12\\\/pfaff-lb-150-350kg-galvan-1-scaled.jpg\",\"datePublished\":\"2022-12-22T10:59:30+00:00\",\"dateModified\":\"2023-05-04T12:48:17+00:00\",\"breadcrumb\":{\"@id\":\"https:\\\/\\\/www.ohis.be\\\/produit\\\/sw-k-lb-treuil-a-cable-a-console-galvanise\\\/#breadcrumb\"},\"inLanguage\":\"de\",\"potentialAction\":[{\"@type\":\"ReadAction\",\"target\":[\"https:\\\/\\\/www.ohis.be\\\/produit\\\/sw-k-lb-treuil-a-cable-a-console-galvanise\\\/\"]}]},{\"@type\":\"ImageObject\",\"inLanguage\":\"de\",\"@id\":\"https:\\\/\\\/www.ohis.be\\\/produit\\\/sw-k-lb-treuil-a-cable-a-console-galvanise\\\/#primaryimage\",\"url\":\"https:\\\/\\\/www.ohis.be\\\/wp-content\\\/uploads\\\/2022\\\/12\\\/pfaff-lb-150-350kg-galvan-1-scaled.jpg\",\"contentUrl\":\"https:\\\/\\\/www.ohis.be\\\/wp-content\\\/uploads\\\/2022\\\/12\\\/pfaff-lb-150-350kg-galvan-1-scaled.jpg\",\"width\":2102,\"height\":2560},{\"@type\":\"BreadcrumbList\",\"@id\":\"https:\\\/\\\/www.ohis.be\\\/produit\\\/sw-k-lb-treuil-a-cable-a-console-galvanise\\\/#breadcrumb\",\"itemListElement\":[{\"@type\":\"ListItem\",\"position\":1,\"name\":\"Accueil\",\"item\":\"https:\\\/\\\/www.ohis.be\\\/de\\\/\"},{\"@type\":\"ListItem\",\"position\":2,\"name\":\"Produkte\",\"item\":\"https:\\\/\\\/www.ohis.be\\\/de\\\/produkte\\\/\"},{\"@type\":\"ListItem\",\"position\":3,\"name\":\"SW K-LB Konsolenseilwinde, verzinkt\"}]},{\"@type\":\"WebSite\",\"@id\":\"https:\\\/\\\/www.ohis.be\\\/#website\",\"url\":\"https:\\\/\\\/www.ohis.be\\\/\",\"name\":\"Ohis\",\"description\":\"Outils de levage\",\"publisher\":{\"@id\":\"https:\\\/\\\/www.ohis.be\\\/#organization\"},\"potentialAction\":[{\"@type\":\"SearchAction\",\"target\":{\"@type\":\"EntryPoint\",\"urlTemplate\":\"https:\\\/\\\/www.ohis.be\\\/?s={search_term_string}\"},\"query-input\":{\"@type\":\"PropertyValueSpecification\",\"valueRequired\":true,\"valueName\":\"search_term_string\"}}],\"inLanguage\":\"de\"},{\"@type\":\"Organization\",\"@id\":\"https:\\\/\\\/www.ohis.be\\\/#organization\",\"name\":\"Ohis\",\"url\":\"https:\\\/\\\/www.ohis.be\\\/\",\"logo\":{\"@type\":\"ImageObject\",\"inLanguage\":\"de\",\"@id\":\"https:\\\/\\\/www.ohis.be\\\/#\\\/schema\\\/logo\\\/image\\\/\",\"url\":\"https:\\\/\\\/www.ohis.be\\\/wp-content\\\/uploads\\\/2021\\\/02\\\/logo-ohis-wit.svg\",\"contentUrl\":\"https:\\\/\\\/www.ohis.be\\\/wp-content\\\/uploads\\\/2021\\\/02\\\/logo-ohis-wit.svg\",\"caption\":\"Ohis\"},\"image\":{\"@id\":\"https:\\\/\\\/www.ohis.be\\\/#\\\/schema\\\/logo\\\/image\\\/\"}}]}<\/script>\n<!-- \/ Yoast SEO plugin. -->","yoast_head_json":{"title":"SW K-LB Konsolenseilwinde, verzinkt - Ohis","robots":{"index":"index","follow":"follow","max-snippet":"max-snippet:-1","max-image-preview":"max-image-preview:large","max-video-preview":"max-video-preview:-1"},"canonical":"https:\/\/www.ohis.be\/produit\/sw-k-lb-treuil-a-cable-a-console-galvanise\/","og_locale":"de_DE","og_type":"article","og_title":"SW K-LB Konsolenseilwinde, verzinkt - Ohis","og_description":"Merkmale:\u00a0Alle Teile in hochwertige Edelstahlausf\u00fchrung V2A, robustes Stahlblechgeh\u00e4use mit geringem Gewicht, Leichtg\u00e4ngiges Stirnradgetriebe  Merkmale:\u00a0Robustes Stahlblechgeh\u00e4use mit geringem Gewicht, angebaute Lastdruckbremse, alle Teile verzinkt  Die urspr\u00fcnglich als Fahrzeugwinde entwickelte\u00a0Seilwinde SW-K-LB\u00a0wird heute zum Heben und Ziehen verschiedenster Lasten verwendet und ist in zwei Ausf\u00fchrungen\u00a0\"verzinkt\"\u00a0und \"Edelstahl\"\u00a0lieferbar.  Ausstattung und Verarbeitung verzinkte Ausf\u00fchrung   Traglasten 150 - 1200 kg  Robustes Stahlblechgeh\u00e4use mit geringem Gewicht  Leichtg\u00e4ngiges Stirnradgetriebe  Angebaute Lastdruckbremse h\u00e4lt die Last in jeder Lage sicher  Alle Teile verzinkt, Seiltrommel zus\u00e4tzlich f\u00fcr erh\u00f6hten Korrosionsschutz beschichtet (KTL)  Einfache und schnelle Konsolenbefestigung  Unsere\u00a0Konsolenseilwinde SW K-LB-VA in Edelstahlausf\u00fchrung\u00a0wird zum Heben oder Ziehen verschiedenster Lasten in unterschiedlichen Einsatzbereichen verwendet.  Ausstattung und Verarbeitung Edelstahlausf\u00fchrung   Traglasten 250 - 900 kg  Alle Teile in hochwertige Edelstahlausf\u00fchrung V2A  Robustes Stahlblechgeh\u00e4use mit geringem Gewicht  Leichtg\u00e4ngiges Stirnradgetriebe  Angebaute Lastdruckbremse h\u00e4lt die Last in jeder Lage sicher  Seiltrommel ist zus\u00e4tzlich KTL beschichtetEinfache und schnelle Konsolenbefestigung","og_url":"https:\/\/www.ohis.be\/produit\/sw-k-lb-treuil-a-cable-a-console-galvanise\/","og_site_name":"Ohis","article_modified_time":"2023-05-04T12:48:17+00:00","og_image":[{"width":2102,"height":2560,"url":"https:\/\/www.ohis.be\/wp-content\/uploads\/2022\/12\/pfaff-lb-150-350kg-galvan-1-scaled.jpg","type":"image\/jpeg"}],"twitter_card":"summary_large_image","schema":{"@context":"https:\/\/schema.org","@graph":[{"@type":"WebPage","@id":"https:\/\/www.ohis.be\/produit\/sw-k-lb-treuil-a-cable-a-console-galvanise\/","url":"https:\/\/www.ohis.be\/produit\/sw-k-lb-treuil-a-cable-a-console-galvanise\/","name":"SW K-LB Konsolenseilwinde, verzinkt - Ohis","isPartOf":{"@id":"https:\/\/www.ohis.be\/#website"},"primaryImageOfPage":{"@id":"https:\/\/www.ohis.be\/produit\/sw-k-lb-treuil-a-cable-a-console-galvanise\/#primaryimage"},"image":{"@id":"https:\/\/www.ohis.be\/produit\/sw-k-lb-treuil-a-cable-a-console-galvanise\/#primaryimage"},"thumbnailUrl":"https:\/\/www.ohis.be\/wp-content\/uploads\/2022\/12\/pfaff-lb-150-350kg-galvan-1-scaled.jpg","datePublished":"2022-12-22T10:59:30+00:00","dateModified":"2023-05-04T12:48:17+00:00","breadcrumb":{"@id":"https:\/\/www.ohis.be\/produit\/sw-k-lb-treuil-a-cable-a-console-galvanise\/#breadcrumb"},"inLanguage":"de","potentialAction":[{"@type":"ReadAction","target":["https:\/\/www.ohis.be\/produit\/sw-k-lb-treuil-a-cable-a-console-galvanise\/"]}]},{"@type":"ImageObject","inLanguage":"de","@id":"https:\/\/www.ohis.be\/produit\/sw-k-lb-treuil-a-cable-a-console-galvanise\/#primaryimage","url":"https:\/\/www.ohis.be\/wp-content\/uploads\/2022\/12\/pfaff-lb-150-350kg-galvan-1-scaled.jpg","contentUrl":"https:\/\/www.ohis.be\/wp-content\/uploads\/2022\/12\/pfaff-lb-150-350kg-galvan-1-scaled.jpg","width":2102,"height":2560},{"@type":"BreadcrumbList","@id":"https:\/\/www.ohis.be\/produit\/sw-k-lb-treuil-a-cable-a-console-galvanise\/#breadcrumb","itemListElement":[{"@type":"ListItem","position":1,"name":"Accueil","item":"https:\/\/www.ohis.be\/de\/"},{"@type":"ListItem","position":2,"name":"Produkte","item":"https:\/\/www.ohis.be\/de\/produkte\/"},{"@type":"ListItem","position":3,"name":"SW K-LB Konsolenseilwinde, verzinkt"}]},{"@type":"WebSite","@id":"https:\/\/www.ohis.be\/#website","url":"https:\/\/www.ohis.be\/","name":"Ohis","description":"Outils de levage","publisher":{"@id":"https:\/\/www.ohis.be\/#organization"},"potentialAction":[{"@type":"SearchAction","target":{"@type":"EntryPoint","urlTemplate":"https:\/\/www.ohis.be\/?s={search_term_string}"},"query-input":{"@type":"PropertyValueSpecification","valueRequired":true,"valueName":"search_term_string"}}],"inLanguage":"de"},{"@type":"Organization","@id":"https:\/\/www.ohis.be\/#organization","name":"Ohis","url":"https:\/\/www.ohis.be\/","logo":{"@type":"ImageObject","inLanguage":"de","@id":"https:\/\/www.ohis.be\/#\/schema\/logo\/image\/","url":"https:\/\/www.ohis.be\/wp-content\/uploads\/2021\/02\/logo-ohis-wit.svg","contentUrl":"https:\/\/www.ohis.be\/wp-content\/uploads\/2021\/02\/logo-ohis-wit.svg","caption":"Ohis"},"image":{"@id":"https:\/\/www.ohis.be\/#\/schema\/logo\/image\/"}}]}},"_links":{"self":[{"href":"https:\/\/www.ohis.be\/de\/wp-json\/wp\/v2\/product\/32261","targetHints":{"allow":["GET"]}}],"collection":[{"href":"https:\/\/www.ohis.be\/de\/wp-json\/wp\/v2\/product"}],"about":[{"href":"https:\/\/www.ohis.be\/de\/wp-json\/wp\/v2\/types\/product"}],"wp:featuredmedia":[{"embeddable":true,"href":"https:\/\/www.ohis.be\/de\/wp-json\/wp\/v2\/media\/20916"}],"wp:attachment":[{"href":"https:\/\/www.ohis.be\/de\/wp-json\/wp\/v2\/media?parent=32261"}],"wp:term":[{"taxonomy":"product_brand","embeddable":true,"href":"https:\/\/www.ohis.be\/de\/wp-json\/wp\/v2\/product_brand?post=32261"},{"taxonomy":"product_cat","embeddable":true,"href":"https:\/\/www.ohis.be\/de\/wp-json\/wp\/v2\/product_cat?post=32261"},{"taxonomy":"product_tag","embeddable":true,"href":"https:\/\/www.ohis.be\/de\/wp-json\/wp\/v2\/product_tag?post=32261"}],"curies":[{"name":"wp","href":"https:\/\/api.w.org\/{rel}","templated":true}]}}