{"id":32228,"date":"2022-12-22T13:12:11","date_gmt":"2022-12-22T12:12:11","guid":{"rendered":"https:\/\/www.ohis.be\/produit\/yaletrac-st-seilzug-2\/"},"modified":"2022-12-22T13:12:11","modified_gmt":"2022-12-22T12:12:11","slug":"yaletrac-st-seilzug-2","status":"publish","type":"product","link":"https:\/\/www.ohis.be\/de\/produit\/yaletrac-st-seilzug-2\/","title":{"rendered":"Yaletrac ST Seilzug"},"content":{"rendered":"<p>Das tragbare Werkzeug zum Ziehen, Heben, Senken, Spannen und Sichern \u00fcber gro\u00dfe Entfernungen wurde speziell f\u00fcr den Einsatz in der Industrie, insbesondere Hoch- und Tiefbau, Freileitungsbau, Schiffbau, \u00d6lraffinerien etc. konzipiert. Der Yaletrac ST Seilzug ist nahezu wartungsfrei \u2013 die Handhabung leicht, einfach und sicher. Der Seilzug Yaletrac ST zeichnet sich durch ein Geh\u00e4use aus formstabilen Stahl-Tiefziehblechen aus, das eine kompakte robuste Bauweise erm\u00f6glicht. Durch den Einsatz von Kugellagern wurden die Handkr\u00e4fte f\u00fcr den Anwender deutlich optimiert.<\/p>\n<div id=\"features-benefits\" class=\"pdp-section\" data-accordion-item=\"\" data-section-name=\"Eigenschaften und Vorteile\" data-magellan-target=\"features-benefits\">\n<div id=\"80nsw8-accordion\" class=\"pdp-section__wrap\" role=\"tabpanel\" data-tab-content=\"\" aria-labelledby=\"features-benefits-label\" aria-hidden=\"true\">\n<section class=\"component rte-block\"><strong>Ausstattung und Verarbeitung<\/strong><br \/>\n\u2022 Stabile aufrechte Positionierung des Ger\u00e4tes durch die\u00a0Kombination aus Handgriff und Standfu\u00df.<br \/>\n\u2022 Handhebel f\u00fcr Y 05 ST bzw. platzsparender teleskopierbarer\u00a0Handhebel bis Y 32 ST, der f\u00fcr Lagerung und\u00a0Transport mit Hilfe eines Klettverschlusses sicher am\u00a0Ger\u00e4t befestigt werden kann.<br \/>\n\u2022 \u00dcberlastschutz durch Verwendung eines Abscherstiftes.\u00a0Reservestifte befinden sich im Tragegriff und k\u00f6nnen\u00a0unter voller Last, d. h. ohne Entlastung des Zugseils,\u00a0ausgewechselt werden.<br \/>\n\u2022 Spezialdrahtseil mit Stahleinlage und 6 Litzen an einem\u00a0Ende mit einem Sicherheitshaken verpresst und am\u00a0Anderen zur einfachen Seileinf\u00fchrung zugespitzt.<br \/>\n\u2022 Verschlei\u00dfarme, parallel angeordnete, gro\u00dffl\u00e4chige\u00a0Klemmbackenpaare sch\u00fctzen das Zugseil durch gleichm\u00e4\u00dfige\u00a0Fl\u00e4chenbelastung. Der gro\u00dfe Hubweg bewirkt\u00a0hohe Arbeitsgeschwindigkeit.<br \/>\n\u2022 Erh\u00f6hte Lebensdauer des Ger\u00e4tes durch den Einsatz\u00a0von Gummimanschetten (Y 10 ST bis Y 32 ST), die ein\u00a0Eindringen von Schmutz und Staub in die Mechanik\u00a0des Ger\u00e4tes verhindern.<br \/>\n\u2022 Die Positionierung von Seilvorschubhebel und R\u00fcckzughebel\u00a0in einer Ebene erm\u00f6glicht eine schmale Bauart\u00a0des Ger\u00e4tes und garantiert einen optimalen Kraftflu\u00df.<br \/>\n\u2022 Die einfache Bet\u00e4tigung des Klemmbacken\u00f6ffnungshebels\u00a0erm\u00f6glicht die problemlose Seileinf\u00fchrung.<br \/>\n\u2022 Leichte und schnelle Reinigung des Ger\u00e4tes:\u00a0Einfach mit Wasserstrahl ausspritzen, gut mit\u00a0Motoren\u00f6l abschmieren und der Yaletrac ST ist wieder\u00a0einsatzbereit.<\/p>\n<\/section>\n<\/div>\n<\/div>\n<div id=\"options\" class=\"pdp-section\" data-accordion-item=\"\" data-section-name=\"Optionen\" data-magellan-target=\"options\">\n<div id=\"7wa4xf-accordion\" class=\"pdp-section__wrap\" role=\"tabpanel\" data-tab-content=\"\" aria-labelledby=\"options-label\" aria-hidden=\"true\">\n<section class=\"component rte-block\"><strong>Y 10 ST bis Y 32 ST<\/strong><br \/>\n<strong>Optional<\/strong><br \/>\n\u2022 \u00d6senhaken mit Sicherheitsb\u00fcgel<br \/>\n\u2022 Seile in unterschiedlichen L\u00e4ngen<br \/>\n\u2022 Trommelhaspel<br \/>\n\u2022 Aufbewahrungsbox\u00a0aus Stahlblech<\/p>\n<\/section>\n<\/div>\n<\/div>\n","protected":false},"excerpt":{"rendered":"<p>Das tragbare Werkzeug zum Ziehen, Heben, Senken, Spannen und Sichern \u00fcber gro\u00dfe Entfernungen wurde speziell f\u00fcr den Einsatz in der Industrie, insbesondere Hoch- und Tiefbau, Freileitungsbau, Schiffbau, \u00d6lraffinerien etc. konzipiert. Der Yaletrac ST Seilzug ist nahezu wartungsfrei \u2013 die Handhabung leicht, einfach und sicher. Der Seilzug Yaletrac ST zeichnet sich durch ein Geh\u00e4use aus formstabilen Stahl-Tiefziehblechen aus, das eine kompakte robuste Bauweise erm\u00f6glicht. Durch den Einsatz von Kugellagern wurden die Handkr\u00e4fte f\u00fcr den Anwender deutlich optimiert.<\/p>\n<div id=\"features-benefits\" class=\"pdp-section\" data-accordion-item=\"\" data-section-name=\"Eigenschaften und Vorteile\" data-magellan-target=\"features-benefits\">\n<div id=\"80nsw8-accordion\" class=\"pdp-section__wrap\" role=\"tabpanel\" data-tab-content=\"\" aria-labelledby=\"features-benefits-label\" aria-hidden=\"true\">\n<section class=\"component rte-block\"><strong>Ausstattung und Verarbeitung<\/strong><br \/>\n\u2022 Stabile aufrechte Positionierung des Ger\u00e4tes durch die\u00a0Kombination aus Handgriff und Standfu\u00df.<br \/>\n\u2022 Handhebel f\u00fcr Y 05 ST bzw. platzsparender teleskopierbarer\u00a0Handhebel bis Y 32 ST, der f\u00fcr Lagerung und\u00a0Transport mit Hilfe eines Klettverschlusses sicher am\u00a0Ger\u00e4t befestigt werden kann.<br \/>\n\u2022 \u00dcberlastschutz durch Verwendung eines Abscherstiftes.\u00a0Reservestifte befinden sich im Tragegriff und k\u00f6nnen\u00a0unter voller Last, d. h. ohne Entlastung des Zugseils,\u00a0ausgewechselt werden.<br \/>\n\u2022 Spezialdrahtseil mit Stahleinlage und 6 Litzen an einem\u00a0Ende mit einem Sicherheitshaken verpresst und am\u00a0Anderen zur einfachen Seileinf\u00fchrung zugespitzt.<br \/>\n\u2022 Verschlei\u00dfarme, parallel angeordnete, gro\u00dffl\u00e4chige\u00a0Klemmbackenpaare sch\u00fctzen das Zugseil durch gleichm\u00e4\u00dfige\u00a0Fl\u00e4chenbelastung. Der gro\u00dfe Hubweg bewirkt\u00a0hohe Arbeitsgeschwindigkeit.<br \/>\n\u2022 Erh\u00f6hte Lebensdauer des Ger\u00e4tes durch den Einsatz\u00a0von Gummimanschetten (Y 10 ST bis Y 32 ST), die ein\u00a0Eindringen von Schmutz und Staub in die Mechanik\u00a0des Ger\u00e4tes verhindern.<br \/>\n\u2022 Die Positionierung von Seilvorschubhebel und R\u00fcckzughebel\u00a0in einer Ebene erm\u00f6glicht eine schmale Bauart\u00a0des Ger\u00e4tes und garantiert einen optimalen Kraftflu\u00df.<br \/>\n\u2022 Die einfache Bet\u00e4tigung des Klemmbacken\u00f6ffnungshebels\u00a0erm\u00f6glicht die problemlose Seileinf\u00fchrung.<br \/>\n\u2022 Leichte und schnelle Reinigung des Ger\u00e4tes:\u00a0Einfach mit Wasserstrahl ausspritzen, gut mit\u00a0Motoren\u00f6l abschmieren und der Yaletrac ST ist wieder\u00a0einsatzbereit.<\/p>\n<\/section>\n<\/div>\n<\/div>\n<div id=\"options\" class=\"pdp-section\" data-accordion-item=\"\" data-section-name=\"Optionen\" data-magellan-target=\"options\">\n<div id=\"7wa4xf-accordion\" class=\"pdp-section__wrap\" role=\"tabpanel\" data-tab-content=\"\" aria-labelledby=\"options-label\" aria-hidden=\"true\">\n<section class=\"component rte-block\"><strong>Y 10 ST bis Y 32 ST<\/strong><br \/>\n<strong>Optional<\/strong><br \/>\n\u2022 \u00d6senhaken mit Sicherheitsb\u00fcgel<br \/>\n\u2022 Seile in unterschiedlichen L\u00e4ngen<br \/>\n\u2022 Trommelhaspel<br \/>\n\u2022 Aufbewahrungsbox\u00a0aus Stahlblech<\/p>\n<\/section>\n<\/div>\n<\/div>\n","protected":false},"featured_media":20990,"template":"","meta":{"_acf_changed":false,"inline_featured_image":false},"product_brand":[],"product_cat":[1638],"product_tag":[705],"class_list":{"0":"post-32228","1":"product","2":"type-product","3":"status-publish","4":"has-post-thumbnail","6":"product_cat-zugseilzug","7":"product_tag-yale-de","8":"yith_product_brand-yale-de","10":"first","11":"onbackorder","12":"taxable","13":"shipping-taxable","14":"purchasable","15":"product-type-variable"},"acf":[],"yoast_head":"<!-- This site is optimized with the Yoast SEO plugin v27.5 - https:\/\/yoast.com\/product\/yoast-seo-wordpress\/ -->\n<title>Yaletrac ST Seilzug - Ohis<\/title>\n<meta name=\"robots\" content=\"index, follow, max-snippet:-1, max-image-preview:large, max-video-preview:-1\" \/>\n<link rel=\"canonical\" href=\"https:\/\/www.ohis.be\/de\/produit\/yaletrac-st-seilzug-2\/\" \/>\n<meta property=\"og:locale\" content=\"de_DE\" \/>\n<meta property=\"og:type\" content=\"article\" \/>\n<meta property=\"og:title\" content=\"Yaletrac ST Seilzug - Ohis\" \/>\n<meta property=\"og:description\" content=\"Das tragbare Werkzeug zum Ziehen, Heben, Senken, Spannen und Sichern \u00fcber gro\u00dfe Entfernungen wurde speziell f\u00fcr den Einsatz in der Industrie, insbesondere Hoch- und Tiefbau, Freileitungsbau, Schiffbau, \u00d6lraffinerien etc. konzipiert. Der Yaletrac ST Seilzug ist nahezu wartungsfrei \u2013 die Handhabung leicht, einfach und sicher. Der Seilzug Yaletrac ST zeichnet sich durch ein Geh\u00e4use aus formstabilen Stahl-Tiefziehblechen aus, das eine kompakte robuste Bauweise erm\u00f6glicht. Durch den Einsatz von Kugellagern wurden die Handkr\u00e4fte f\u00fcr den Anwender deutlich optimiert.  Ausstattung und Verarbeitung \u2022 Stabile aufrechte Positionierung des Ger\u00e4tes durch die\u00a0Kombination aus Handgriff und Standfu\u00df. \u2022 Handhebel f\u00fcr Y 05 ST bzw. platzsparender teleskopierbarer\u00a0Handhebel bis Y 32 ST, der f\u00fcr Lagerung und\u00a0Transport mit Hilfe eines Klettverschlusses sicher am\u00a0Ger\u00e4t befestigt werden kann. \u2022 \u00dcberlastschutz durch Verwendung eines Abscherstiftes.\u00a0Reservestifte befinden sich im Tragegriff und k\u00f6nnen\u00a0unter voller Last, d. h. ohne Entlastung des Zugseils,\u00a0ausgewechselt werden. \u2022 Spezialdrahtseil mit Stahleinlage und 6 Litzen an einem\u00a0Ende mit einem Sicherheitshaken verpresst und am\u00a0Anderen zur einfachen Seileinf\u00fchrung zugespitzt. \u2022 Verschlei\u00dfarme, parallel angeordnete, gro\u00dffl\u00e4chige\u00a0Klemmbackenpaare sch\u00fctzen das Zugseil durch gleichm\u00e4\u00dfige\u00a0Fl\u00e4chenbelastung. Der gro\u00dfe Hubweg bewirkt\u00a0hohe Arbeitsgeschwindigkeit. \u2022 Erh\u00f6hte Lebensdauer des Ger\u00e4tes durch den Einsatz\u00a0von Gummimanschetten (Y 10 ST bis Y 32 ST), die ein\u00a0Eindringen von Schmutz und Staub in die Mechanik\u00a0des Ger\u00e4tes verhindern. \u2022 Die Positionierung von Seilvorschubhebel und R\u00fcckzughebel\u00a0in einer Ebene erm\u00f6glicht eine schmale Bauart\u00a0des Ger\u00e4tes und garantiert einen optimalen Kraftflu\u00df. \u2022 Die einfache Bet\u00e4tigung des Klemmbacken\u00f6ffnungshebels\u00a0erm\u00f6glicht die problemlose Seileinf\u00fchrung. \u2022 Leichte und schnelle Reinigung des Ger\u00e4tes:\u00a0Einfach mit Wasserstrahl ausspritzen, gut mit\u00a0Motoren\u00f6l abschmieren und der Yaletrac ST ist wieder\u00a0einsatzbereit.     Y 10 ST bis Y 32 ST Optional \u2022 \u00d6senhaken mit Sicherheitsb\u00fcgel \u2022 Seile in unterschiedlichen L\u00e4ngen \u2022 Trommelhaspel \u2022 Aufbewahrungsbox\u00a0aus Stahlblech\" \/>\n<meta property=\"og:url\" content=\"https:\/\/www.ohis.be\/de\/produit\/yaletrac-st-seilzug-2\/\" \/>\n<meta property=\"og:site_name\" content=\"Ohis\" \/>\n<meta property=\"og:image\" content=\"https:\/\/www.ohis.be\/wp-content\/uploads\/2022\/12\/yaletrac-st_multi.jpg\" \/>\n\t<meta property=\"og:image:width\" content=\"510\" \/>\n\t<meta property=\"og:image:height\" content=\"778\" \/>\n\t<meta property=\"og:image:type\" content=\"image\/jpeg\" \/>\n<meta name=\"twitter:card\" content=\"summary_large_image\" \/>\n<meta name=\"twitter:label1\" content=\"Gesch\u00e4tzte Lesezeit\" \/>\n\t<meta name=\"twitter:data1\" content=\"2\u00a0Minuten\" \/>\n<script type=\"application\/ld+json\" class=\"yoast-schema-graph\">{\"@context\":\"https:\\\/\\\/schema.org\",\"@graph\":[{\"@type\":\"WebPage\",\"@id\":\"https:\\\/\\\/www.ohis.be\\\/de\\\/produit\\\/yaletrac-st-seilzug-2\\\/\",\"url\":\"https:\\\/\\\/www.ohis.be\\\/de\\\/produit\\\/yaletrac-st-seilzug-2\\\/\",\"name\":\"Yaletrac ST Seilzug - Ohis\",\"isPartOf\":{\"@id\":\"https:\\\/\\\/www.ohis.be\\\/de\\\/#website\"},\"primaryImageOfPage\":{\"@id\":\"https:\\\/\\\/www.ohis.be\\\/de\\\/produit\\\/yaletrac-st-seilzug-2\\\/#primaryimage\"},\"image\":{\"@id\":\"https:\\\/\\\/www.ohis.be\\\/de\\\/produit\\\/yaletrac-st-seilzug-2\\\/#primaryimage\"},\"thumbnailUrl\":\"https:\\\/\\\/www.ohis.be\\\/wp-content\\\/uploads\\\/2022\\\/12\\\/yaletrac-st_multi.jpg\",\"datePublished\":\"2022-12-22T12:12:11+00:00\",\"breadcrumb\":{\"@id\":\"https:\\\/\\\/www.ohis.be\\\/de\\\/produit\\\/yaletrac-st-seilzug-2\\\/#breadcrumb\"},\"inLanguage\":\"de\",\"potentialAction\":[{\"@type\":\"ReadAction\",\"target\":[\"https:\\\/\\\/www.ohis.be\\\/de\\\/produit\\\/yaletrac-st-seilzug-2\\\/\"]}]},{\"@type\":\"ImageObject\",\"inLanguage\":\"de\",\"@id\":\"https:\\\/\\\/www.ohis.be\\\/de\\\/produit\\\/yaletrac-st-seilzug-2\\\/#primaryimage\",\"url\":\"https:\\\/\\\/www.ohis.be\\\/wp-content\\\/uploads\\\/2022\\\/12\\\/yaletrac-st_multi.jpg\",\"contentUrl\":\"https:\\\/\\\/www.ohis.be\\\/wp-content\\\/uploads\\\/2022\\\/12\\\/yaletrac-st_multi.jpg\",\"width\":510,\"height\":778},{\"@type\":\"BreadcrumbList\",\"@id\":\"https:\\\/\\\/www.ohis.be\\\/de\\\/produit\\\/yaletrac-st-seilzug-2\\\/#breadcrumb\",\"itemListElement\":[{\"@type\":\"ListItem\",\"position\":1,\"name\":\"Accueil\",\"item\":\"https:\\\/\\\/www.ohis.be\\\/de\\\/\"},{\"@type\":\"ListItem\",\"position\":2,\"name\":\"Produkte\",\"item\":\"https:\\\/\\\/www.ohis.be\\\/de\\\/produkte\\\/\"},{\"@type\":\"ListItem\",\"position\":3,\"name\":\"Yaletrac ST Seilzug\"}]},{\"@type\":\"WebSite\",\"@id\":\"https:\\\/\\\/www.ohis.be\\\/de\\\/#website\",\"url\":\"https:\\\/\\\/www.ohis.be\\\/de\\\/\",\"name\":\"Ohis\",\"description\":\"Outils de levage\",\"publisher\":{\"@id\":\"https:\\\/\\\/www.ohis.be\\\/de\\\/#organization\"},\"potentialAction\":[{\"@type\":\"SearchAction\",\"target\":{\"@type\":\"EntryPoint\",\"urlTemplate\":\"https:\\\/\\\/www.ohis.be\\\/de\\\/?s={search_term_string}\"},\"query-input\":{\"@type\":\"PropertyValueSpecification\",\"valueRequired\":true,\"valueName\":\"search_term_string\"}}],\"inLanguage\":\"de\"},{\"@type\":\"Organization\",\"@id\":\"https:\\\/\\\/www.ohis.be\\\/de\\\/#organization\",\"name\":\"Ohis\",\"url\":\"https:\\\/\\\/www.ohis.be\\\/de\\\/\",\"logo\":{\"@type\":\"ImageObject\",\"inLanguage\":\"de\",\"@id\":\"https:\\\/\\\/www.ohis.be\\\/de\\\/#\\\/schema\\\/logo\\\/image\\\/\",\"url\":\"https:\\\/\\\/www.ohis.be\\\/wp-content\\\/uploads\\\/2021\\\/02\\\/logo-ohis-wit.svg\",\"contentUrl\":\"https:\\\/\\\/www.ohis.be\\\/wp-content\\\/uploads\\\/2021\\\/02\\\/logo-ohis-wit.svg\",\"caption\":\"Ohis\"},\"image\":{\"@id\":\"https:\\\/\\\/www.ohis.be\\\/de\\\/#\\\/schema\\\/logo\\\/image\\\/\"}}]}<\/script>\n<!-- \/ Yoast SEO plugin. -->","yoast_head_json":{"title":"Yaletrac ST Seilzug - Ohis","robots":{"index":"index","follow":"follow","max-snippet":"max-snippet:-1","max-image-preview":"max-image-preview:large","max-video-preview":"max-video-preview:-1"},"canonical":"https:\/\/www.ohis.be\/de\/produit\/yaletrac-st-seilzug-2\/","og_locale":"de_DE","og_type":"article","og_title":"Yaletrac ST Seilzug - Ohis","og_description":"Das tragbare Werkzeug zum Ziehen, Heben, Senken, Spannen und Sichern \u00fcber gro\u00dfe Entfernungen wurde speziell f\u00fcr den Einsatz in der Industrie, insbesondere Hoch- und Tiefbau, Freileitungsbau, Schiffbau, \u00d6lraffinerien etc. konzipiert. Der Yaletrac ST Seilzug ist nahezu wartungsfrei \u2013 die Handhabung leicht, einfach und sicher. Der Seilzug Yaletrac ST zeichnet sich durch ein Geh\u00e4use aus formstabilen Stahl-Tiefziehblechen aus, das eine kompakte robuste Bauweise erm\u00f6glicht. Durch den Einsatz von Kugellagern wurden die Handkr\u00e4fte f\u00fcr den Anwender deutlich optimiert.  Ausstattung und Verarbeitung \u2022 Stabile aufrechte Positionierung des Ger\u00e4tes durch die\u00a0Kombination aus Handgriff und Standfu\u00df. \u2022 Handhebel f\u00fcr Y 05 ST bzw. platzsparender teleskopierbarer\u00a0Handhebel bis Y 32 ST, der f\u00fcr Lagerung und\u00a0Transport mit Hilfe eines Klettverschlusses sicher am\u00a0Ger\u00e4t befestigt werden kann. \u2022 \u00dcberlastschutz durch Verwendung eines Abscherstiftes.\u00a0Reservestifte befinden sich im Tragegriff und k\u00f6nnen\u00a0unter voller Last, d. h. ohne Entlastung des Zugseils,\u00a0ausgewechselt werden. \u2022 Spezialdrahtseil mit Stahleinlage und 6 Litzen an einem\u00a0Ende mit einem Sicherheitshaken verpresst und am\u00a0Anderen zur einfachen Seileinf\u00fchrung zugespitzt. \u2022 Verschlei\u00dfarme, parallel angeordnete, gro\u00dffl\u00e4chige\u00a0Klemmbackenpaare sch\u00fctzen das Zugseil durch gleichm\u00e4\u00dfige\u00a0Fl\u00e4chenbelastung. Der gro\u00dfe Hubweg bewirkt\u00a0hohe Arbeitsgeschwindigkeit. \u2022 Erh\u00f6hte Lebensdauer des Ger\u00e4tes durch den Einsatz\u00a0von Gummimanschetten (Y 10 ST bis Y 32 ST), die ein\u00a0Eindringen von Schmutz und Staub in die Mechanik\u00a0des Ger\u00e4tes verhindern. \u2022 Die Positionierung von Seilvorschubhebel und R\u00fcckzughebel\u00a0in einer Ebene erm\u00f6glicht eine schmale Bauart\u00a0des Ger\u00e4tes und garantiert einen optimalen Kraftflu\u00df. \u2022 Die einfache Bet\u00e4tigung des Klemmbacken\u00f6ffnungshebels\u00a0erm\u00f6glicht die problemlose Seileinf\u00fchrung. \u2022 Leichte und schnelle Reinigung des Ger\u00e4tes:\u00a0Einfach mit Wasserstrahl ausspritzen, gut mit\u00a0Motoren\u00f6l abschmieren und der Yaletrac ST ist wieder\u00a0einsatzbereit.     Y 10 ST bis Y 32 ST Optional \u2022 \u00d6senhaken mit Sicherheitsb\u00fcgel \u2022 Seile in unterschiedlichen L\u00e4ngen \u2022 Trommelhaspel \u2022 Aufbewahrungsbox\u00a0aus Stahlblech","og_url":"https:\/\/www.ohis.be\/de\/produit\/yaletrac-st-seilzug-2\/","og_site_name":"Ohis","og_image":[{"width":510,"height":778,"url":"https:\/\/www.ohis.be\/wp-content\/uploads\/2022\/12\/yaletrac-st_multi.jpg","type":"image\/jpeg"}],"twitter_card":"summary_large_image","twitter_misc":{"Gesch\u00e4tzte Lesezeit":"2\u00a0Minuten"},"schema":{"@context":"https:\/\/schema.org","@graph":[{"@type":"WebPage","@id":"https:\/\/www.ohis.be\/de\/produit\/yaletrac-st-seilzug-2\/","url":"https:\/\/www.ohis.be\/de\/produit\/yaletrac-st-seilzug-2\/","name":"Yaletrac ST Seilzug - Ohis","isPartOf":{"@id":"https:\/\/www.ohis.be\/de\/#website"},"primaryImageOfPage":{"@id":"https:\/\/www.ohis.be\/de\/produit\/yaletrac-st-seilzug-2\/#primaryimage"},"image":{"@id":"https:\/\/www.ohis.be\/de\/produit\/yaletrac-st-seilzug-2\/#primaryimage"},"thumbnailUrl":"https:\/\/www.ohis.be\/wp-content\/uploads\/2022\/12\/yaletrac-st_multi.jpg","datePublished":"2022-12-22T12:12:11+00:00","breadcrumb":{"@id":"https:\/\/www.ohis.be\/de\/produit\/yaletrac-st-seilzug-2\/#breadcrumb"},"inLanguage":"de","potentialAction":[{"@type":"ReadAction","target":["https:\/\/www.ohis.be\/de\/produit\/yaletrac-st-seilzug-2\/"]}]},{"@type":"ImageObject","inLanguage":"de","@id":"https:\/\/www.ohis.be\/de\/produit\/yaletrac-st-seilzug-2\/#primaryimage","url":"https:\/\/www.ohis.be\/wp-content\/uploads\/2022\/12\/yaletrac-st_multi.jpg","contentUrl":"https:\/\/www.ohis.be\/wp-content\/uploads\/2022\/12\/yaletrac-st_multi.jpg","width":510,"height":778},{"@type":"BreadcrumbList","@id":"https:\/\/www.ohis.be\/de\/produit\/yaletrac-st-seilzug-2\/#breadcrumb","itemListElement":[{"@type":"ListItem","position":1,"name":"Accueil","item":"https:\/\/www.ohis.be\/de\/"},{"@type":"ListItem","position":2,"name":"Produkte","item":"https:\/\/www.ohis.be\/de\/produkte\/"},{"@type":"ListItem","position":3,"name":"Yaletrac ST Seilzug"}]},{"@type":"WebSite","@id":"https:\/\/www.ohis.be\/de\/#website","url":"https:\/\/www.ohis.be\/de\/","name":"Ohis","description":"Outils de levage","publisher":{"@id":"https:\/\/www.ohis.be\/de\/#organization"},"potentialAction":[{"@type":"SearchAction","target":{"@type":"EntryPoint","urlTemplate":"https:\/\/www.ohis.be\/de\/?s={search_term_string}"},"query-input":{"@type":"PropertyValueSpecification","valueRequired":true,"valueName":"search_term_string"}}],"inLanguage":"de"},{"@type":"Organization","@id":"https:\/\/www.ohis.be\/de\/#organization","name":"Ohis","url":"https:\/\/www.ohis.be\/de\/","logo":{"@type":"ImageObject","inLanguage":"de","@id":"https:\/\/www.ohis.be\/de\/#\/schema\/logo\/image\/","url":"https:\/\/www.ohis.be\/wp-content\/uploads\/2021\/02\/logo-ohis-wit.svg","contentUrl":"https:\/\/www.ohis.be\/wp-content\/uploads\/2021\/02\/logo-ohis-wit.svg","caption":"Ohis"},"image":{"@id":"https:\/\/www.ohis.be\/de\/#\/schema\/logo\/image\/"}}]}},"_links":{"self":[{"href":"https:\/\/www.ohis.be\/de\/wp-json\/wp\/v2\/product\/32228","targetHints":{"allow":["GET"]}}],"collection":[{"href":"https:\/\/www.ohis.be\/de\/wp-json\/wp\/v2\/product"}],"about":[{"href":"https:\/\/www.ohis.be\/de\/wp-json\/wp\/v2\/types\/product"}],"wp:featuredmedia":[{"embeddable":true,"href":"https:\/\/www.ohis.be\/de\/wp-json\/wp\/v2\/media\/20990"}],"wp:attachment":[{"href":"https:\/\/www.ohis.be\/de\/wp-json\/wp\/v2\/media?parent=32228"}],"wp:term":[{"taxonomy":"product_brand","embeddable":true,"href":"https:\/\/www.ohis.be\/de\/wp-json\/wp\/v2\/product_brand?post=32228"},{"taxonomy":"product_cat","embeddable":true,"href":"https:\/\/www.ohis.be\/de\/wp-json\/wp\/v2\/product_cat?post=32228"},{"taxonomy":"product_tag","embeddable":true,"href":"https:\/\/www.ohis.be\/de\/wp-json\/wp\/v2\/product_tag?post=32228"}],"curies":[{"name":"wp","href":"https:\/\/api.w.org\/{rel}","templated":true}]}}