{"id":32190,"date":"2022-12-22T13:25:12","date_gmt":"2022-12-22T12:25:12","guid":{"rendered":"https:\/\/www.ohis.be\/produit\/yaletrac-seilzug\/"},"modified":"2022-12-22T13:25:12","modified_gmt":"2022-12-22T12:25:12","slug":"yaletrac-seilzug","status":"publish","type":"product","link":"https:\/\/www.ohis.be\/de\/produit\/yaletrac-seilzug\/","title":{"rendered":"Yaletrac Seilzug (Basiseinheit, ohne Kabel)"},"content":{"rendered":"<p>Das Geh\u00e4use aus hochfester Aluminiumlegierung in kompakter Bauweise erm\u00f6glicht ein geringes Gewicht. Standfestigkeit durch glatte, gro\u00dffl\u00e4chige Bodenauflage sowohl in horizontaler als auch in vertikaler Arbeitsstellung.<\/p>\n<div id=\"features-benefits\" class=\"pdp-section\" data-accordion-item=\"\" data-section-name=\"Eigenschaften und Vorteile\" data-magellan-target=\"features-benefits\">\n<div id=\"q7cct8-accordion\" class=\"pdp-section__wrap\" role=\"tabpanel\" data-tab-content=\"\" aria-labelledby=\"features-benefits-label\" aria-hidden=\"true\">\n<section class=\"component rte-block\"><strong>Ausstattung und Verarbeitung<\/strong><br \/>\n\u2022 Seilvorschubhebel und R\u00fcckzughebel in einer Ebene\u00a0erm\u00f6glichen die schmale Bauart und garantieren\u00a0zentrischen Kraftfluss.<br \/>\n\u2022 \u00dcberlastschutz durch Verwendung eines Abscherstiftes\u00a0im Vorschubhebel. Reservestifte befinden sich im\u00a0Handhebelgriff bzw. im Tragegriff und k\u00f6nnen unter\u00a0voller Last, d. h. ohne Entlastung des Zugseils, ausgewechselt\u00a0werden.<br \/>\n\u2022 Die einfache Bet\u00e4tigung des Klemmbacken\u00f6ffnungshebels\u00a0erm\u00f6glicht problemlose Seileinf\u00fchrung.<br \/>\n\u2022 Spezialdrahtseil mit Stahleinlage und 6 Litzen &#8211; hiervon\u00a01 eingef\u00e4rbt -, an einem Ende mit einem Sicherheitshaken\u00a0verpresst und am anderen zur einfachen\u00a0Seileinf\u00fchrung zugespitzt.<br \/>\n\u2022 Verschlei\u00dfarme, parallel angeordnete, gro\u00dffl\u00e4chige\u00a0Klemmbackenpaare sch\u00fctzen das Zugseil durch gleichm\u00e4\u00dfige\u00a0Fl\u00e4chenbelastung. Der gro\u00dfe Hubweg bewirkt\u00a0hohe Arbeitsgeschwindigkeit.<br \/>\n\u2022 Leichte und schnelle Reinigung des Ger\u00e4tes: Einfach\u00a0mit Wasserstrahl ausspritzen, gut mit Motoren\u00f6l abschmieren,\u00a0und der Yaletrac ist wieder einsatzbereit.<\/p>\n<\/section>\n<\/div>\n<\/div>\n<div id=\"options\" class=\"pdp-section\" data-accordion-item=\"\" data-section-name=\"Optionen\" data-magellan-target=\"options\">\n<div id=\"agbdn8-accordion\" class=\"pdp-section__wrap\" role=\"tabpanel\" data-tab-content=\"\" aria-labelledby=\"options-label\" aria-hidden=\"true\">\n<section class=\"component rte-block\"><strong>Optional<\/strong><br \/>\n\u2022 \u00d6senhaken mit Sicherheitsb\u00fcgel<br \/>\n\u2022 Seile in unterschiedlichen L\u00e4ngen<br \/>\n\u2022 Trommelhaspel<br \/>\n\u2022 Seilzugbox<\/p>\n<\/section>\n<\/div>\n<\/div>\n","protected":false},"excerpt":{"rendered":"<p>Das Geh\u00e4use aus hochfester Aluminiumlegierung in kompakter Bauweise erm\u00f6glicht ein geringes Gewicht. Standfestigkeit durch glatte, gro\u00dffl\u00e4chige Bodenauflage sowohl in horizontaler als auch in vertikaler Arbeitsstellung.<\/p>\n<div id=\"features-benefits\" class=\"pdp-section\" data-accordion-item=\"\" data-section-name=\"Eigenschaften und Vorteile\" data-magellan-target=\"features-benefits\">\n<div id=\"q7cct8-accordion\" class=\"pdp-section__wrap\" role=\"tabpanel\" data-tab-content=\"\" aria-labelledby=\"features-benefits-label\" aria-hidden=\"true\">\n<section class=\"component rte-block\"><strong>Ausstattung und Verarbeitung<\/strong><br \/>\n\u2022 Seilvorschubhebel und R\u00fcckzughebel in einer Ebene\u00a0erm\u00f6glichen die schmale Bauart und garantieren\u00a0zentrischen Kraftfluss.<br \/>\n\u2022 \u00dcberlastschutz durch Verwendung eines Abscherstiftes\u00a0im Vorschubhebel. Reservestifte befinden sich im\u00a0Handhebelgriff bzw. im Tragegriff und k\u00f6nnen unter\u00a0voller Last, d. h. ohne Entlastung des Zugseils, ausgewechselt\u00a0werden.<br \/>\n\u2022 Die einfache Bet\u00e4tigung des Klemmbacken\u00f6ffnungshebels\u00a0erm\u00f6glicht problemlose Seileinf\u00fchrung.<br \/>\n\u2022 Spezialdrahtseil mit Stahleinlage und 6 Litzen &#8211; hiervon\u00a01 eingef\u00e4rbt -, an einem Ende mit einem Sicherheitshaken\u00a0verpresst und am anderen zur einfachen\u00a0Seileinf\u00fchrung zugespitzt.<br \/>\n\u2022 Verschlei\u00dfarme, parallel angeordnete, gro\u00dffl\u00e4chige\u00a0Klemmbackenpaare sch\u00fctzen das Zugseil durch gleichm\u00e4\u00dfige\u00a0Fl\u00e4chenbelastung. Der gro\u00dfe Hubweg bewirkt\u00a0hohe Arbeitsgeschwindigkeit.<br \/>\n\u2022 Leichte und schnelle Reinigung des Ger\u00e4tes: Einfach\u00a0mit Wasserstrahl ausspritzen, gut mit Motoren\u00f6l abschmieren,\u00a0und der Yaletrac ist wieder einsatzbereit.<\/p>\n<\/section>\n<\/div>\n<\/div>\n<div id=\"options\" class=\"pdp-section\" data-accordion-item=\"\" data-section-name=\"Optionen\" data-magellan-target=\"options\">\n<div id=\"agbdn8-accordion\" class=\"pdp-section__wrap\" role=\"tabpanel\" data-tab-content=\"\" aria-labelledby=\"options-label\" aria-hidden=\"true\">\n<section class=\"component rte-block\"><strong>Optional<\/strong><br \/>\n\u2022 \u00d6senhaken mit Sicherheitsb\u00fcgel<br \/>\n\u2022 Seile in unterschiedlichen L\u00e4ngen<br \/>\n\u2022 Trommelhaspel<br \/>\n\u2022 Seilzugbox<\/p>\n<\/section>\n<\/div>\n<\/div>\n","protected":false},"featured_media":20974,"template":"","meta":{"_acf_changed":false,"inline_featured_image":false},"product_brand":[],"product_cat":[1638],"product_tag":[705],"class_list":{"0":"post-32190","1":"product","2":"type-product","3":"status-publish","4":"has-post-thumbnail","6":"product_cat-zugseilzug","7":"product_tag-yale-de","9":"first","10":"onbackorder","11":"taxable","12":"shipping-taxable","13":"purchasable","14":"product-type-variable"},"acf":[],"yoast_head":"<!-- This site is optimized with the Yoast SEO plugin v27.4 - https:\/\/yoast.com\/product\/yoast-seo-wordpress\/ -->\n<title>Yaletrac Seilzug (Basiseinheit, ohne Kabel) - Ohis<\/title>\n<meta name=\"robots\" content=\"index, follow, max-snippet:-1, max-image-preview:large, max-video-preview:-1\" \/>\n<link rel=\"canonical\" href=\"https:\/\/www.ohis.be\/de\/produit\/yaletrac-seilzug\/\" \/>\n<meta property=\"og:locale\" content=\"de_DE\" \/>\n<meta property=\"og:type\" content=\"article\" \/>\n<meta property=\"og:title\" content=\"Yaletrac Seilzug (Basiseinheit, ohne Kabel) - Ohis\" \/>\n<meta property=\"og:description\" content=\"Das Geh\u00e4use aus hochfester Aluminiumlegierung in kompakter Bauweise erm\u00f6glicht ein geringes Gewicht. Standfestigkeit durch glatte, gro\u00dffl\u00e4chige Bodenauflage sowohl in horizontaler als auch in vertikaler Arbeitsstellung.  Ausstattung und Verarbeitung \u2022 Seilvorschubhebel und R\u00fcckzughebel in einer Ebene\u00a0erm\u00f6glichen die schmale Bauart und garantieren\u00a0zentrischen Kraftfluss. \u2022 \u00dcberlastschutz durch Verwendung eines Abscherstiftes\u00a0im Vorschubhebel. Reservestifte befinden sich im\u00a0Handhebelgriff bzw. im Tragegriff und k\u00f6nnen unter\u00a0voller Last, d. h. ohne Entlastung des Zugseils, ausgewechselt\u00a0werden. \u2022 Die einfache Bet\u00e4tigung des Klemmbacken\u00f6ffnungshebels\u00a0erm\u00f6glicht problemlose Seileinf\u00fchrung. \u2022 Spezialdrahtseil mit Stahleinlage und 6 Litzen - hiervon\u00a01 eingef\u00e4rbt -, an einem Ende mit einem Sicherheitshaken\u00a0verpresst und am anderen zur einfachen\u00a0Seileinf\u00fchrung zugespitzt. \u2022 Verschlei\u00dfarme, parallel angeordnete, gro\u00dffl\u00e4chige\u00a0Klemmbackenpaare sch\u00fctzen das Zugseil durch gleichm\u00e4\u00dfige\u00a0Fl\u00e4chenbelastung. Der gro\u00dfe Hubweg bewirkt\u00a0hohe Arbeitsgeschwindigkeit. \u2022 Leichte und schnelle Reinigung des Ger\u00e4tes: Einfach\u00a0mit Wasserstrahl ausspritzen, gut mit Motoren\u00f6l abschmieren,\u00a0und der Yaletrac ist wieder einsatzbereit.     Optional \u2022 \u00d6senhaken mit Sicherheitsb\u00fcgel \u2022 Seile in unterschiedlichen L\u00e4ngen \u2022 Trommelhaspel \u2022 Seilzugbox\" \/>\n<meta property=\"og:url\" content=\"https:\/\/www.ohis.be\/de\/produit\/yaletrac-seilzug\/\" \/>\n<meta property=\"og:site_name\" content=\"Ohis\" \/>\n<meta property=\"og:image\" content=\"https:\/\/www.ohis.be\/wp-content\/uploads\/2022\/12\/yaletrac.jpg\" \/>\n\t<meta property=\"og:image:width\" content=\"498\" \/>\n\t<meta property=\"og:image:height\" content=\"297\" \/>\n\t<meta property=\"og:image:type\" content=\"image\/jpeg\" \/>\n<meta name=\"twitter:card\" content=\"summary_large_image\" \/>\n<meta name=\"twitter:label1\" content=\"Gesch\u00e4tzte Lesezeit\" \/>\n\t<meta name=\"twitter:data1\" content=\"1\u00a0Minute\" \/>\n<script type=\"application\/ld+json\" class=\"yoast-schema-graph\">{\"@context\":\"https:\\\/\\\/schema.org\",\"@graph\":[{\"@type\":\"WebPage\",\"@id\":\"https:\\\/\\\/www.ohis.be\\\/de\\\/produit\\\/yaletrac-seilzug\\\/\",\"url\":\"https:\\\/\\\/www.ohis.be\\\/de\\\/produit\\\/yaletrac-seilzug\\\/\",\"name\":\"Yaletrac Seilzug (Basiseinheit, ohne Kabel) - Ohis\",\"isPartOf\":{\"@id\":\"https:\\\/\\\/www.ohis.be\\\/#website\"},\"primaryImageOfPage\":{\"@id\":\"https:\\\/\\\/www.ohis.be\\\/de\\\/produit\\\/yaletrac-seilzug\\\/#primaryimage\"},\"image\":{\"@id\":\"https:\\\/\\\/www.ohis.be\\\/de\\\/produit\\\/yaletrac-seilzug\\\/#primaryimage\"},\"thumbnailUrl\":\"https:\\\/\\\/www.ohis.be\\\/wp-content\\\/uploads\\\/2022\\\/12\\\/yaletrac.jpg\",\"datePublished\":\"2022-12-22T12:25:12+00:00\",\"breadcrumb\":{\"@id\":\"https:\\\/\\\/www.ohis.be\\\/de\\\/produit\\\/yaletrac-seilzug\\\/#breadcrumb\"},\"inLanguage\":\"de\",\"potentialAction\":[{\"@type\":\"ReadAction\",\"target\":[\"https:\\\/\\\/www.ohis.be\\\/de\\\/produit\\\/yaletrac-seilzug\\\/\"]}]},{\"@type\":\"ImageObject\",\"inLanguage\":\"de\",\"@id\":\"https:\\\/\\\/www.ohis.be\\\/de\\\/produit\\\/yaletrac-seilzug\\\/#primaryimage\",\"url\":\"https:\\\/\\\/www.ohis.be\\\/wp-content\\\/uploads\\\/2022\\\/12\\\/yaletrac.jpg\",\"contentUrl\":\"https:\\\/\\\/www.ohis.be\\\/wp-content\\\/uploads\\\/2022\\\/12\\\/yaletrac.jpg\",\"width\":498,\"height\":297},{\"@type\":\"BreadcrumbList\",\"@id\":\"https:\\\/\\\/www.ohis.be\\\/de\\\/produit\\\/yaletrac-seilzug\\\/#breadcrumb\",\"itemListElement\":[{\"@type\":\"ListItem\",\"position\":1,\"name\":\"Accueil\",\"item\":\"https:\\\/\\\/www.ohis.be\\\/de\\\/\"},{\"@type\":\"ListItem\",\"position\":2,\"name\":\"Produkte\",\"item\":\"https:\\\/\\\/www.ohis.be\\\/de\\\/produkte\\\/\"},{\"@type\":\"ListItem\",\"position\":3,\"name\":\"Yaletrac Seilzug (Basiseinheit, ohne Kabel)\"}]},{\"@type\":\"WebSite\",\"@id\":\"https:\\\/\\\/www.ohis.be\\\/#website\",\"url\":\"https:\\\/\\\/www.ohis.be\\\/\",\"name\":\"Ohis\",\"description\":\"Outils de levage\",\"publisher\":{\"@id\":\"https:\\\/\\\/www.ohis.be\\\/#organization\"},\"potentialAction\":[{\"@type\":\"SearchAction\",\"target\":{\"@type\":\"EntryPoint\",\"urlTemplate\":\"https:\\\/\\\/www.ohis.be\\\/?s={search_term_string}\"},\"query-input\":{\"@type\":\"PropertyValueSpecification\",\"valueRequired\":true,\"valueName\":\"search_term_string\"}}],\"inLanguage\":\"de\"},{\"@type\":\"Organization\",\"@id\":\"https:\\\/\\\/www.ohis.be\\\/#organization\",\"name\":\"Ohis\",\"url\":\"https:\\\/\\\/www.ohis.be\\\/\",\"logo\":{\"@type\":\"ImageObject\",\"inLanguage\":\"de\",\"@id\":\"https:\\\/\\\/www.ohis.be\\\/#\\\/schema\\\/logo\\\/image\\\/\",\"url\":\"https:\\\/\\\/www.ohis.be\\\/wp-content\\\/uploads\\\/2021\\\/02\\\/logo-ohis-wit.svg\",\"contentUrl\":\"https:\\\/\\\/www.ohis.be\\\/wp-content\\\/uploads\\\/2021\\\/02\\\/logo-ohis-wit.svg\",\"caption\":\"Ohis\"},\"image\":{\"@id\":\"https:\\\/\\\/www.ohis.be\\\/#\\\/schema\\\/logo\\\/image\\\/\"}}]}<\/script>\n<!-- \/ Yoast SEO plugin. -->","yoast_head_json":{"title":"Yaletrac Seilzug (Basiseinheit, ohne Kabel) - Ohis","robots":{"index":"index","follow":"follow","max-snippet":"max-snippet:-1","max-image-preview":"max-image-preview:large","max-video-preview":"max-video-preview:-1"},"canonical":"https:\/\/www.ohis.be\/de\/produit\/yaletrac-seilzug\/","og_locale":"de_DE","og_type":"article","og_title":"Yaletrac Seilzug (Basiseinheit, ohne Kabel) - Ohis","og_description":"Das Geh\u00e4use aus hochfester Aluminiumlegierung in kompakter Bauweise erm\u00f6glicht ein geringes Gewicht. Standfestigkeit durch glatte, gro\u00dffl\u00e4chige Bodenauflage sowohl in horizontaler als auch in vertikaler Arbeitsstellung.  Ausstattung und Verarbeitung \u2022 Seilvorschubhebel und R\u00fcckzughebel in einer Ebene\u00a0erm\u00f6glichen die schmale Bauart und garantieren\u00a0zentrischen Kraftfluss. \u2022 \u00dcberlastschutz durch Verwendung eines Abscherstiftes\u00a0im Vorschubhebel. Reservestifte befinden sich im\u00a0Handhebelgriff bzw. im Tragegriff und k\u00f6nnen unter\u00a0voller Last, d. h. ohne Entlastung des Zugseils, ausgewechselt\u00a0werden. \u2022 Die einfache Bet\u00e4tigung des Klemmbacken\u00f6ffnungshebels\u00a0erm\u00f6glicht problemlose Seileinf\u00fchrung. \u2022 Spezialdrahtseil mit Stahleinlage und 6 Litzen - hiervon\u00a01 eingef\u00e4rbt -, an einem Ende mit einem Sicherheitshaken\u00a0verpresst und am anderen zur einfachen\u00a0Seileinf\u00fchrung zugespitzt. \u2022 Verschlei\u00dfarme, parallel angeordnete, gro\u00dffl\u00e4chige\u00a0Klemmbackenpaare sch\u00fctzen das Zugseil durch gleichm\u00e4\u00dfige\u00a0Fl\u00e4chenbelastung. Der gro\u00dfe Hubweg bewirkt\u00a0hohe Arbeitsgeschwindigkeit. \u2022 Leichte und schnelle Reinigung des Ger\u00e4tes: Einfach\u00a0mit Wasserstrahl ausspritzen, gut mit Motoren\u00f6l abschmieren,\u00a0und der Yaletrac ist wieder einsatzbereit.     Optional \u2022 \u00d6senhaken mit Sicherheitsb\u00fcgel \u2022 Seile in unterschiedlichen L\u00e4ngen \u2022 Trommelhaspel \u2022 Seilzugbox","og_url":"https:\/\/www.ohis.be\/de\/produit\/yaletrac-seilzug\/","og_site_name":"Ohis","og_image":[{"width":498,"height":297,"url":"https:\/\/www.ohis.be\/wp-content\/uploads\/2022\/12\/yaletrac.jpg","type":"image\/jpeg"}],"twitter_card":"summary_large_image","twitter_misc":{"Gesch\u00e4tzte Lesezeit":"1\u00a0Minute"},"schema":{"@context":"https:\/\/schema.org","@graph":[{"@type":"WebPage","@id":"https:\/\/www.ohis.be\/de\/produit\/yaletrac-seilzug\/","url":"https:\/\/www.ohis.be\/de\/produit\/yaletrac-seilzug\/","name":"Yaletrac Seilzug (Basiseinheit, ohne Kabel) - Ohis","isPartOf":{"@id":"https:\/\/www.ohis.be\/#website"},"primaryImageOfPage":{"@id":"https:\/\/www.ohis.be\/de\/produit\/yaletrac-seilzug\/#primaryimage"},"image":{"@id":"https:\/\/www.ohis.be\/de\/produit\/yaletrac-seilzug\/#primaryimage"},"thumbnailUrl":"https:\/\/www.ohis.be\/wp-content\/uploads\/2022\/12\/yaletrac.jpg","datePublished":"2022-12-22T12:25:12+00:00","breadcrumb":{"@id":"https:\/\/www.ohis.be\/de\/produit\/yaletrac-seilzug\/#breadcrumb"},"inLanguage":"de","potentialAction":[{"@type":"ReadAction","target":["https:\/\/www.ohis.be\/de\/produit\/yaletrac-seilzug\/"]}]},{"@type":"ImageObject","inLanguage":"de","@id":"https:\/\/www.ohis.be\/de\/produit\/yaletrac-seilzug\/#primaryimage","url":"https:\/\/www.ohis.be\/wp-content\/uploads\/2022\/12\/yaletrac.jpg","contentUrl":"https:\/\/www.ohis.be\/wp-content\/uploads\/2022\/12\/yaletrac.jpg","width":498,"height":297},{"@type":"BreadcrumbList","@id":"https:\/\/www.ohis.be\/de\/produit\/yaletrac-seilzug\/#breadcrumb","itemListElement":[{"@type":"ListItem","position":1,"name":"Accueil","item":"https:\/\/www.ohis.be\/de\/"},{"@type":"ListItem","position":2,"name":"Produkte","item":"https:\/\/www.ohis.be\/de\/produkte\/"},{"@type":"ListItem","position":3,"name":"Yaletrac Seilzug (Basiseinheit, ohne Kabel)"}]},{"@type":"WebSite","@id":"https:\/\/www.ohis.be\/#website","url":"https:\/\/www.ohis.be\/","name":"Ohis","description":"Outils de levage","publisher":{"@id":"https:\/\/www.ohis.be\/#organization"},"potentialAction":[{"@type":"SearchAction","target":{"@type":"EntryPoint","urlTemplate":"https:\/\/www.ohis.be\/?s={search_term_string}"},"query-input":{"@type":"PropertyValueSpecification","valueRequired":true,"valueName":"search_term_string"}}],"inLanguage":"de"},{"@type":"Organization","@id":"https:\/\/www.ohis.be\/#organization","name":"Ohis","url":"https:\/\/www.ohis.be\/","logo":{"@type":"ImageObject","inLanguage":"de","@id":"https:\/\/www.ohis.be\/#\/schema\/logo\/image\/","url":"https:\/\/www.ohis.be\/wp-content\/uploads\/2021\/02\/logo-ohis-wit.svg","contentUrl":"https:\/\/www.ohis.be\/wp-content\/uploads\/2021\/02\/logo-ohis-wit.svg","caption":"Ohis"},"image":{"@id":"https:\/\/www.ohis.be\/#\/schema\/logo\/image\/"}}]}},"_links":{"self":[{"href":"https:\/\/www.ohis.be\/de\/wp-json\/wp\/v2\/product\/32190","targetHints":{"allow":["GET"]}}],"collection":[{"href":"https:\/\/www.ohis.be\/de\/wp-json\/wp\/v2\/product"}],"about":[{"href":"https:\/\/www.ohis.be\/de\/wp-json\/wp\/v2\/types\/product"}],"wp:featuredmedia":[{"embeddable":true,"href":"https:\/\/www.ohis.be\/de\/wp-json\/wp\/v2\/media\/20974"}],"wp:attachment":[{"href":"https:\/\/www.ohis.be\/de\/wp-json\/wp\/v2\/media?parent=32190"}],"wp:term":[{"taxonomy":"product_brand","embeddable":true,"href":"https:\/\/www.ohis.be\/de\/wp-json\/wp\/v2\/product_brand?post=32190"},{"taxonomy":"product_cat","embeddable":true,"href":"https:\/\/www.ohis.be\/de\/wp-json\/wp\/v2\/product_cat?post=32190"},{"taxonomy":"product_tag","embeddable":true,"href":"https:\/\/www.ohis.be\/de\/wp-json\/wp\/v2\/product_tag?post=32190"}],"curies":[{"name":"wp","href":"https:\/\/api.w.org\/{rel}","templated":true}]}}