{"id":32162,"date":"2022-12-22T14:14:38","date_gmt":"2022-12-22T13:14:38","guid":{"rendered":"https:\/\/www.ohis.be\/produit\/lmg-seilklemme\/"},"modified":"2022-12-22T14:14:38","modified_gmt":"2022-12-22T13:14:38","slug":"lmg-seilklemme","status":"publish","type":"product","link":"https:\/\/www.ohis.be\/de\/produit\/lmg-seilklemme\/","title":{"rendered":"LMG Seilklemme"},"content":{"rendered":"<p>Zugkraft 2.000 &#8211; 5.000 daN<br \/>\nDie LITTLE MULE\u00ae Seilklemme ist ein Anschlagmittel zum Greifen, Ziehen und Spannen von nicht ummantelten Drahtseilen, Kabeln und Metallstangen aller Art, in Abh\u00e4ngigkeit von Seildurchmesser und Oberfl\u00e4chenbeschaffenheit, bis zu einer Materialfestigkeit von max. 1.770 N\/mm2.<\/p>\n<p>Parallele Klemmbacken geben einen rutschfesten Halt, ohne das Seil zu besch\u00e4digen. Eine spezielle F\u00fchrung verhindert einerseits ein Herabfallen der Klemme vom Seil und erm\u00f6glicht andererseits sofortiges L\u00f6sen.<br \/>\nLMG I-X und LMG II-Xist mit einer geriffelten Klemmbacke ausgestattet und eignen sich, in Abh\u00e4ngigkeit von Seildurchmesser und Oberfl\u00e4chenbeschaffenheit, f\u00fcr Seile mit einer Materialfestigkeit von bis zu 1.960 N\/mm2.<\/p>\n","protected":false},"excerpt":{"rendered":"<p>Zugkraft 2.000 &#8211; 5.000 daN<br \/>\nDie LITTLE MULE\u00ae Seilklemme ist ein Anschlagmittel zum Greifen, Ziehen und Spannen von nicht ummantelten Drahtseilen, Kabeln und Metallstangen aller Art, in Abh\u00e4ngigkeit von Seildurchmesser und Oberfl\u00e4chenbeschaffenheit, bis zu einer Materialfestigkeit von max. 1.770 N\/mm2.<\/p>\n<p>Parallele Klemmbacken geben einen rutschfesten Halt, ohne das Seil zu besch\u00e4digen. Eine spezielle F\u00fchrung verhindert einerseits ein Herabfallen der Klemme vom Seil und erm\u00f6glicht andererseits sofortiges L\u00f6sen.<br \/>\nLMG I-X und LMG II-Xist mit einer geriffelten Klemmbacke ausgestattet und eignen sich, in Abh\u00e4ngigkeit von Seildurchmesser und Oberfl\u00e4chenbeschaffenheit, f\u00fcr Seile mit einer Materialfestigkeit von bis zu 1.960 N\/mm2.<\/p>\n","protected":false},"featured_media":21038,"template":"","meta":{"_acf_changed":false,"inline_featured_image":false},"product_brand":[],"product_cat":[325,474],"product_tag":[705],"class_list":{"0":"post-32162","1":"product","2":"type-product","3":"status-publish","4":"has-post-thumbnail","6":"product_cat-accesoires-de","7":"product_cat-seilwinde","8":"product_tag-yale-de","10":"first","11":"onbackorder","12":"taxable","13":"shipping-taxable","14":"purchasable","15":"product-type-variable"},"acf":[],"yoast_head":"<!-- This site is optimized with the Yoast SEO plugin v27.4 - https:\/\/yoast.com\/product\/yoast-seo-wordpress\/ -->\n<title>LMG Seilklemme - Ohis<\/title>\n<meta name=\"robots\" content=\"index, follow, max-snippet:-1, max-image-preview:large, max-video-preview:-1\" \/>\n<link rel=\"canonical\" href=\"https:\/\/www.ohis.be\/de\/produit\/lmg-seilklemme\/\" \/>\n<meta property=\"og:locale\" content=\"de_DE\" \/>\n<meta property=\"og:type\" content=\"article\" \/>\n<meta property=\"og:title\" content=\"LMG Seilklemme - Ohis\" \/>\n<meta property=\"og:description\" content=\"Zugkraft 2.000 - 5.000 daN Die LITTLE MULE\u00ae Seilklemme ist ein Anschlagmittel zum Greifen, Ziehen und Spannen von nicht ummantelten Drahtseilen, Kabeln und Metallstangen aller Art, in Abh\u00e4ngigkeit von Seildurchmesser und Oberfl\u00e4chenbeschaffenheit, bis zu einer Materialfestigkeit von max. 1.770 N\/mm2.  Parallele Klemmbacken geben einen rutschfesten Halt, ohne das Seil zu besch\u00e4digen. Eine spezielle F\u00fchrung verhindert einerseits ein Herabfallen der Klemme vom Seil und erm\u00f6glicht andererseits sofortiges L\u00f6sen. LMG I-X und LMG II-Xist mit einer geriffelten Klemmbacke ausgestattet und eignen sich, in Abh\u00e4ngigkeit von Seildurchmesser und Oberfl\u00e4chenbeschaffenheit, f\u00fcr Seile mit einer Materialfestigkeit von bis zu 1.960 N\/mm2.\" \/>\n<meta property=\"og:url\" content=\"https:\/\/www.ohis.be\/de\/produit\/lmg-seilklemme\/\" \/>\n<meta property=\"og:site_name\" content=\"Ohis\" \/>\n<meta property=\"og:image\" content=\"https:\/\/www.ohis.be\/wp-content\/uploads\/2022\/12\/LMG_Klemme-1.jpg\" \/>\n\t<meta property=\"og:image:width\" content=\"416\" \/>\n\t<meta property=\"og:image:height\" content=\"295\" \/>\n\t<meta property=\"og:image:type\" content=\"image\/jpeg\" \/>\n<meta name=\"twitter:card\" content=\"summary_large_image\" \/>\n<meta name=\"twitter:label1\" content=\"Gesch\u00e4tzte Lesezeit\" \/>\n\t<meta name=\"twitter:data1\" content=\"1\u00a0Minute\" \/>\n<script type=\"application\/ld+json\" class=\"yoast-schema-graph\">{\"@context\":\"https:\\\/\\\/schema.org\",\"@graph\":[{\"@type\":\"WebPage\",\"@id\":\"https:\\\/\\\/www.ohis.be\\\/de\\\/produit\\\/lmg-seilklemme\\\/\",\"url\":\"https:\\\/\\\/www.ohis.be\\\/de\\\/produit\\\/lmg-seilklemme\\\/\",\"name\":\"LMG Seilklemme - Ohis\",\"isPartOf\":{\"@id\":\"https:\\\/\\\/www.ohis.be\\\/#website\"},\"primaryImageOfPage\":{\"@id\":\"https:\\\/\\\/www.ohis.be\\\/de\\\/produit\\\/lmg-seilklemme\\\/#primaryimage\"},\"image\":{\"@id\":\"https:\\\/\\\/www.ohis.be\\\/de\\\/produit\\\/lmg-seilklemme\\\/#primaryimage\"},\"thumbnailUrl\":\"https:\\\/\\\/www.ohis.be\\\/wp-content\\\/uploads\\\/2022\\\/12\\\/LMG_Klemme-1.jpg\",\"datePublished\":\"2022-12-22T13:14:38+00:00\",\"breadcrumb\":{\"@id\":\"https:\\\/\\\/www.ohis.be\\\/de\\\/produit\\\/lmg-seilklemme\\\/#breadcrumb\"},\"inLanguage\":\"de\",\"potentialAction\":[{\"@type\":\"ReadAction\",\"target\":[\"https:\\\/\\\/www.ohis.be\\\/de\\\/produit\\\/lmg-seilklemme\\\/\"]}]},{\"@type\":\"ImageObject\",\"inLanguage\":\"de\",\"@id\":\"https:\\\/\\\/www.ohis.be\\\/de\\\/produit\\\/lmg-seilklemme\\\/#primaryimage\",\"url\":\"https:\\\/\\\/www.ohis.be\\\/wp-content\\\/uploads\\\/2022\\\/12\\\/LMG_Klemme-1.jpg\",\"contentUrl\":\"https:\\\/\\\/www.ohis.be\\\/wp-content\\\/uploads\\\/2022\\\/12\\\/LMG_Klemme-1.jpg\",\"width\":416,\"height\":295},{\"@type\":\"BreadcrumbList\",\"@id\":\"https:\\\/\\\/www.ohis.be\\\/de\\\/produit\\\/lmg-seilklemme\\\/#breadcrumb\",\"itemListElement\":[{\"@type\":\"ListItem\",\"position\":1,\"name\":\"Accueil\",\"item\":\"https:\\\/\\\/www.ohis.be\\\/de\\\/\"},{\"@type\":\"ListItem\",\"position\":2,\"name\":\"Produkte\",\"item\":\"https:\\\/\\\/www.ohis.be\\\/de\\\/produkte\\\/\"},{\"@type\":\"ListItem\",\"position\":3,\"name\":\"LMG Seilklemme\"}]},{\"@type\":\"WebSite\",\"@id\":\"https:\\\/\\\/www.ohis.be\\\/#website\",\"url\":\"https:\\\/\\\/www.ohis.be\\\/\",\"name\":\"Ohis\",\"description\":\"Outils de levage\",\"publisher\":{\"@id\":\"https:\\\/\\\/www.ohis.be\\\/#organization\"},\"potentialAction\":[{\"@type\":\"SearchAction\",\"target\":{\"@type\":\"EntryPoint\",\"urlTemplate\":\"https:\\\/\\\/www.ohis.be\\\/?s={search_term_string}\"},\"query-input\":{\"@type\":\"PropertyValueSpecification\",\"valueRequired\":true,\"valueName\":\"search_term_string\"}}],\"inLanguage\":\"de\"},{\"@type\":\"Organization\",\"@id\":\"https:\\\/\\\/www.ohis.be\\\/#organization\",\"name\":\"Ohis\",\"url\":\"https:\\\/\\\/www.ohis.be\\\/\",\"logo\":{\"@type\":\"ImageObject\",\"inLanguage\":\"de\",\"@id\":\"https:\\\/\\\/www.ohis.be\\\/#\\\/schema\\\/logo\\\/image\\\/\",\"url\":\"https:\\\/\\\/www.ohis.be\\\/wp-content\\\/uploads\\\/2021\\\/02\\\/logo-ohis-wit.svg\",\"contentUrl\":\"https:\\\/\\\/www.ohis.be\\\/wp-content\\\/uploads\\\/2021\\\/02\\\/logo-ohis-wit.svg\",\"caption\":\"Ohis\"},\"image\":{\"@id\":\"https:\\\/\\\/www.ohis.be\\\/#\\\/schema\\\/logo\\\/image\\\/\"}}]}<\/script>\n<!-- \/ Yoast SEO plugin. -->","yoast_head_json":{"title":"LMG Seilklemme - Ohis","robots":{"index":"index","follow":"follow","max-snippet":"max-snippet:-1","max-image-preview":"max-image-preview:large","max-video-preview":"max-video-preview:-1"},"canonical":"https:\/\/www.ohis.be\/de\/produit\/lmg-seilklemme\/","og_locale":"de_DE","og_type":"article","og_title":"LMG Seilklemme - Ohis","og_description":"Zugkraft 2.000 - 5.000 daN Die LITTLE MULE\u00ae Seilklemme ist ein Anschlagmittel zum Greifen, Ziehen und Spannen von nicht ummantelten Drahtseilen, Kabeln und Metallstangen aller Art, in Abh\u00e4ngigkeit von Seildurchmesser und Oberfl\u00e4chenbeschaffenheit, bis zu einer Materialfestigkeit von max. 1.770 N\/mm2.  Parallele Klemmbacken geben einen rutschfesten Halt, ohne das Seil zu besch\u00e4digen. Eine spezielle F\u00fchrung verhindert einerseits ein Herabfallen der Klemme vom Seil und erm\u00f6glicht andererseits sofortiges L\u00f6sen. LMG I-X und LMG II-Xist mit einer geriffelten Klemmbacke ausgestattet und eignen sich, in Abh\u00e4ngigkeit von Seildurchmesser und Oberfl\u00e4chenbeschaffenheit, f\u00fcr Seile mit einer Materialfestigkeit von bis zu 1.960 N\/mm2.","og_url":"https:\/\/www.ohis.be\/de\/produit\/lmg-seilklemme\/","og_site_name":"Ohis","og_image":[{"width":416,"height":295,"url":"https:\/\/www.ohis.be\/wp-content\/uploads\/2022\/12\/LMG_Klemme-1.jpg","type":"image\/jpeg"}],"twitter_card":"summary_large_image","twitter_misc":{"Gesch\u00e4tzte Lesezeit":"1\u00a0Minute"},"schema":{"@context":"https:\/\/schema.org","@graph":[{"@type":"WebPage","@id":"https:\/\/www.ohis.be\/de\/produit\/lmg-seilklemme\/","url":"https:\/\/www.ohis.be\/de\/produit\/lmg-seilklemme\/","name":"LMG Seilklemme - Ohis","isPartOf":{"@id":"https:\/\/www.ohis.be\/#website"},"primaryImageOfPage":{"@id":"https:\/\/www.ohis.be\/de\/produit\/lmg-seilklemme\/#primaryimage"},"image":{"@id":"https:\/\/www.ohis.be\/de\/produit\/lmg-seilklemme\/#primaryimage"},"thumbnailUrl":"https:\/\/www.ohis.be\/wp-content\/uploads\/2022\/12\/LMG_Klemme-1.jpg","datePublished":"2022-12-22T13:14:38+00:00","breadcrumb":{"@id":"https:\/\/www.ohis.be\/de\/produit\/lmg-seilklemme\/#breadcrumb"},"inLanguage":"de","potentialAction":[{"@type":"ReadAction","target":["https:\/\/www.ohis.be\/de\/produit\/lmg-seilklemme\/"]}]},{"@type":"ImageObject","inLanguage":"de","@id":"https:\/\/www.ohis.be\/de\/produit\/lmg-seilklemme\/#primaryimage","url":"https:\/\/www.ohis.be\/wp-content\/uploads\/2022\/12\/LMG_Klemme-1.jpg","contentUrl":"https:\/\/www.ohis.be\/wp-content\/uploads\/2022\/12\/LMG_Klemme-1.jpg","width":416,"height":295},{"@type":"BreadcrumbList","@id":"https:\/\/www.ohis.be\/de\/produit\/lmg-seilklemme\/#breadcrumb","itemListElement":[{"@type":"ListItem","position":1,"name":"Accueil","item":"https:\/\/www.ohis.be\/de\/"},{"@type":"ListItem","position":2,"name":"Produkte","item":"https:\/\/www.ohis.be\/de\/produkte\/"},{"@type":"ListItem","position":3,"name":"LMG Seilklemme"}]},{"@type":"WebSite","@id":"https:\/\/www.ohis.be\/#website","url":"https:\/\/www.ohis.be\/","name":"Ohis","description":"Outils de levage","publisher":{"@id":"https:\/\/www.ohis.be\/#organization"},"potentialAction":[{"@type":"SearchAction","target":{"@type":"EntryPoint","urlTemplate":"https:\/\/www.ohis.be\/?s={search_term_string}"},"query-input":{"@type":"PropertyValueSpecification","valueRequired":true,"valueName":"search_term_string"}}],"inLanguage":"de"},{"@type":"Organization","@id":"https:\/\/www.ohis.be\/#organization","name":"Ohis","url":"https:\/\/www.ohis.be\/","logo":{"@type":"ImageObject","inLanguage":"de","@id":"https:\/\/www.ohis.be\/#\/schema\/logo\/image\/","url":"https:\/\/www.ohis.be\/wp-content\/uploads\/2021\/02\/logo-ohis-wit.svg","contentUrl":"https:\/\/www.ohis.be\/wp-content\/uploads\/2021\/02\/logo-ohis-wit.svg","caption":"Ohis"},"image":{"@id":"https:\/\/www.ohis.be\/#\/schema\/logo\/image\/"}}]}},"_links":{"self":[{"href":"https:\/\/www.ohis.be\/de\/wp-json\/wp\/v2\/product\/32162","targetHints":{"allow":["GET"]}}],"collection":[{"href":"https:\/\/www.ohis.be\/de\/wp-json\/wp\/v2\/product"}],"about":[{"href":"https:\/\/www.ohis.be\/de\/wp-json\/wp\/v2\/types\/product"}],"wp:featuredmedia":[{"embeddable":true,"href":"https:\/\/www.ohis.be\/de\/wp-json\/wp\/v2\/media\/21038"}],"wp:attachment":[{"href":"https:\/\/www.ohis.be\/de\/wp-json\/wp\/v2\/media?parent=32162"}],"wp:term":[{"taxonomy":"product_brand","embeddable":true,"href":"https:\/\/www.ohis.be\/de\/wp-json\/wp\/v2\/product_brand?post=32162"},{"taxonomy":"product_cat","embeddable":true,"href":"https:\/\/www.ohis.be\/de\/wp-json\/wp\/v2\/product_cat?post=32162"},{"taxonomy":"product_tag","embeddable":true,"href":"https:\/\/www.ohis.be\/de\/wp-json\/wp\/v2\/product_tag?post=32162"}],"curies":[{"name":"wp","href":"https:\/\/api.w.org\/{rel}","templated":true}]}}