{"id":31844,"date":"2022-12-23T09:04:45","date_gmt":"2022-12-23T08:04:45","guid":{"rendered":"https:\/\/www.ohis.be\/produit\/kabel-fur-rpe-winde\/"},"modified":"2022-12-23T09:04:45","modified_gmt":"2022-12-23T08:04:45","slug":"kabel-fur-rpe-winde","status":"publish","type":"product","link":"https:\/\/www.ohis.be\/de\/produit\/kabel-fur-rpe-winde\/","title":{"rendered":"Kabel f\u00fcr RPE-Winde"},"content":{"rendered":"<p>Stahlseil nach D IN 3069-SE &#8211; 1770 N\/mm\u00b2, das Stahlseil wird mit Konus und Haken geliefert.<br \/>\n\u00d84 mm f\u00fcr RPE 2-13<br \/>\n\u00d86 mm f\u00fcr RPE 5-6 \/ 5-12<br \/>\n\u00d88 mm f\u00fcr RPE 10-6<br \/>\n\u00d812 mm f\u00fcr RPE 20-6<\/p>\n<p>Bedenke bei der Wahl der Seill\u00e4nge, dass mindestens 2 oder 3 Wicklungen auf der Trommel verbleiben m\u00fcssen.<\/p>\n","protected":false},"excerpt":{"rendered":"<p>Stahlseil nach D IN 3069-SE &#8211; 1770 N\/mm\u00b2, das Stahlseil wird mit Konus und Haken geliefert.<br \/>\n\u00d84 mm f\u00fcr RPE 2-13<br \/>\n\u00d86 mm f\u00fcr RPE 5-6 \/ 5-12<br \/>\n\u00d88 mm f\u00fcr RPE 10-6<br \/>\n\u00d812 mm f\u00fcr RPE 20-6<\/p>\n<p>Bedenke bei der Wahl der Seill\u00e4nge, dass mindestens 2 oder 3 Wicklungen auf der Trommel verbleiben m\u00fcssen.<\/p>\n","protected":false},"featured_media":0,"template":"","meta":{"_acf_changed":false,"inline_featured_image":false},"product_brand":[],"product_cat":[474],"product_tag":[705],"class_list":{"0":"post-31844","1":"product","2":"type-product","3":"status-publish","5":"product_cat-seilwinde","6":"product_tag-yale-de","8":"first","9":"onbackorder","10":"taxable","11":"shipping-taxable","12":"purchasable","13":"product-type-variable"},"acf":[],"yoast_head":"<!-- This site is optimized with the Yoast SEO plugin v27.4 - https:\/\/yoast.com\/product\/yoast-seo-wordpress\/ -->\n<title>Kabel f\u00fcr RPE-Winde - Ohis<\/title>\n<meta name=\"robots\" content=\"index, follow, max-snippet:-1, max-image-preview:large, max-video-preview:-1\" \/>\n<link rel=\"canonical\" href=\"https:\/\/www.ohis.be\/de\/produit\/kabel-fur-rpe-winde\/\" \/>\n<meta property=\"og:locale\" content=\"de_DE\" \/>\n<meta property=\"og:type\" content=\"article\" \/>\n<meta property=\"og:title\" content=\"Kabel f\u00fcr RPE-Winde - Ohis\" \/>\n<meta property=\"og:description\" content=\"Stahlseil nach D IN 3069-SE - 1770 N\/mm\u00b2, das Stahlseil wird mit Konus und Haken geliefert. \u00d84 mm f\u00fcr RPE 2-13 \u00d86 mm f\u00fcr RPE 5-6 \/ 5-12 \u00d88 mm f\u00fcr RPE 10-6 \u00d812 mm f\u00fcr RPE 20-6  Bedenke bei der Wahl der Seill\u00e4nge, dass mindestens 2 oder 3 Wicklungen auf der Trommel verbleiben m\u00fcssen.\" \/>\n<meta property=\"og:url\" content=\"https:\/\/www.ohis.be\/de\/produit\/kabel-fur-rpe-winde\/\" \/>\n<meta property=\"og:site_name\" content=\"Ohis\" \/>\n<meta name=\"twitter:card\" content=\"summary_large_image\" \/>\n<script type=\"application\/ld+json\" class=\"yoast-schema-graph\">{\"@context\":\"https:\\\/\\\/schema.org\",\"@graph\":[{\"@type\":\"WebPage\",\"@id\":\"https:\\\/\\\/www.ohis.be\\\/de\\\/produit\\\/kabel-fur-rpe-winde\\\/\",\"url\":\"https:\\\/\\\/www.ohis.be\\\/de\\\/produit\\\/kabel-fur-rpe-winde\\\/\",\"name\":\"Kabel f\u00fcr RPE-Winde - Ohis\",\"isPartOf\":{\"@id\":\"https:\\\/\\\/www.ohis.be\\\/#website\"},\"datePublished\":\"2022-12-23T08:04:45+00:00\",\"breadcrumb\":{\"@id\":\"https:\\\/\\\/www.ohis.be\\\/de\\\/produit\\\/kabel-fur-rpe-winde\\\/#breadcrumb\"},\"inLanguage\":\"de\",\"potentialAction\":[{\"@type\":\"ReadAction\",\"target\":[\"https:\\\/\\\/www.ohis.be\\\/de\\\/produit\\\/kabel-fur-rpe-winde\\\/\"]}]},{\"@type\":\"BreadcrumbList\",\"@id\":\"https:\\\/\\\/www.ohis.be\\\/de\\\/produit\\\/kabel-fur-rpe-winde\\\/#breadcrumb\",\"itemListElement\":[{\"@type\":\"ListItem\",\"position\":1,\"name\":\"Accueil\",\"item\":\"https:\\\/\\\/www.ohis.be\\\/de\\\/\"},{\"@type\":\"ListItem\",\"position\":2,\"name\":\"Produkte\",\"item\":\"https:\\\/\\\/www.ohis.be\\\/de\\\/produkte\\\/\"},{\"@type\":\"ListItem\",\"position\":3,\"name\":\"Kabel f\u00fcr RPE-Winde\"}]},{\"@type\":\"WebSite\",\"@id\":\"https:\\\/\\\/www.ohis.be\\\/#website\",\"url\":\"https:\\\/\\\/www.ohis.be\\\/\",\"name\":\"Ohis\",\"description\":\"Outils de levage\",\"publisher\":{\"@id\":\"https:\\\/\\\/www.ohis.be\\\/#organization\"},\"potentialAction\":[{\"@type\":\"SearchAction\",\"target\":{\"@type\":\"EntryPoint\",\"urlTemplate\":\"https:\\\/\\\/www.ohis.be\\\/?s={search_term_string}\"},\"query-input\":{\"@type\":\"PropertyValueSpecification\",\"valueRequired\":true,\"valueName\":\"search_term_string\"}}],\"inLanguage\":\"de\"},{\"@type\":\"Organization\",\"@id\":\"https:\\\/\\\/www.ohis.be\\\/#organization\",\"name\":\"Ohis\",\"url\":\"https:\\\/\\\/www.ohis.be\\\/\",\"logo\":{\"@type\":\"ImageObject\",\"inLanguage\":\"de\",\"@id\":\"https:\\\/\\\/www.ohis.be\\\/#\\\/schema\\\/logo\\\/image\\\/\",\"url\":\"https:\\\/\\\/www.ohis.be\\\/wp-content\\\/uploads\\\/2021\\\/02\\\/logo-ohis-wit.svg\",\"contentUrl\":\"https:\\\/\\\/www.ohis.be\\\/wp-content\\\/uploads\\\/2021\\\/02\\\/logo-ohis-wit.svg\",\"caption\":\"Ohis\"},\"image\":{\"@id\":\"https:\\\/\\\/www.ohis.be\\\/#\\\/schema\\\/logo\\\/image\\\/\"}}]}<\/script>\n<!-- \/ Yoast SEO plugin. -->","yoast_head_json":{"title":"Kabel f\u00fcr RPE-Winde - Ohis","robots":{"index":"index","follow":"follow","max-snippet":"max-snippet:-1","max-image-preview":"max-image-preview:large","max-video-preview":"max-video-preview:-1"},"canonical":"https:\/\/www.ohis.be\/de\/produit\/kabel-fur-rpe-winde\/","og_locale":"de_DE","og_type":"article","og_title":"Kabel f\u00fcr RPE-Winde - Ohis","og_description":"Stahlseil nach D IN 3069-SE - 1770 N\/mm\u00b2, das Stahlseil wird mit Konus und Haken geliefert. \u00d84 mm f\u00fcr RPE 2-13 \u00d86 mm f\u00fcr RPE 5-6 \/ 5-12 \u00d88 mm f\u00fcr RPE 10-6 \u00d812 mm f\u00fcr RPE 20-6  Bedenke bei der Wahl der Seill\u00e4nge, dass mindestens 2 oder 3 Wicklungen auf der Trommel verbleiben m\u00fcssen.","og_url":"https:\/\/www.ohis.be\/de\/produit\/kabel-fur-rpe-winde\/","og_site_name":"Ohis","twitter_card":"summary_large_image","schema":{"@context":"https:\/\/schema.org","@graph":[{"@type":"WebPage","@id":"https:\/\/www.ohis.be\/de\/produit\/kabel-fur-rpe-winde\/","url":"https:\/\/www.ohis.be\/de\/produit\/kabel-fur-rpe-winde\/","name":"Kabel f\u00fcr RPE-Winde - Ohis","isPartOf":{"@id":"https:\/\/www.ohis.be\/#website"},"datePublished":"2022-12-23T08:04:45+00:00","breadcrumb":{"@id":"https:\/\/www.ohis.be\/de\/produit\/kabel-fur-rpe-winde\/#breadcrumb"},"inLanguage":"de","potentialAction":[{"@type":"ReadAction","target":["https:\/\/www.ohis.be\/de\/produit\/kabel-fur-rpe-winde\/"]}]},{"@type":"BreadcrumbList","@id":"https:\/\/www.ohis.be\/de\/produit\/kabel-fur-rpe-winde\/#breadcrumb","itemListElement":[{"@type":"ListItem","position":1,"name":"Accueil","item":"https:\/\/www.ohis.be\/de\/"},{"@type":"ListItem","position":2,"name":"Produkte","item":"https:\/\/www.ohis.be\/de\/produkte\/"},{"@type":"ListItem","position":3,"name":"Kabel f\u00fcr RPE-Winde"}]},{"@type":"WebSite","@id":"https:\/\/www.ohis.be\/#website","url":"https:\/\/www.ohis.be\/","name":"Ohis","description":"Outils de levage","publisher":{"@id":"https:\/\/www.ohis.be\/#organization"},"potentialAction":[{"@type":"SearchAction","target":{"@type":"EntryPoint","urlTemplate":"https:\/\/www.ohis.be\/?s={search_term_string}"},"query-input":{"@type":"PropertyValueSpecification","valueRequired":true,"valueName":"search_term_string"}}],"inLanguage":"de"},{"@type":"Organization","@id":"https:\/\/www.ohis.be\/#organization","name":"Ohis","url":"https:\/\/www.ohis.be\/","logo":{"@type":"ImageObject","inLanguage":"de","@id":"https:\/\/www.ohis.be\/#\/schema\/logo\/image\/","url":"https:\/\/www.ohis.be\/wp-content\/uploads\/2021\/02\/logo-ohis-wit.svg","contentUrl":"https:\/\/www.ohis.be\/wp-content\/uploads\/2021\/02\/logo-ohis-wit.svg","caption":"Ohis"},"image":{"@id":"https:\/\/www.ohis.be\/#\/schema\/logo\/image\/"}}]}},"_links":{"self":[{"href":"https:\/\/www.ohis.be\/de\/wp-json\/wp\/v2\/product\/31844","targetHints":{"allow":["GET"]}}],"collection":[{"href":"https:\/\/www.ohis.be\/de\/wp-json\/wp\/v2\/product"}],"about":[{"href":"https:\/\/www.ohis.be\/de\/wp-json\/wp\/v2\/types\/product"}],"wp:attachment":[{"href":"https:\/\/www.ohis.be\/de\/wp-json\/wp\/v2\/media?parent=31844"}],"wp:term":[{"taxonomy":"product_brand","embeddable":true,"href":"https:\/\/www.ohis.be\/de\/wp-json\/wp\/v2\/product_brand?post=31844"},{"taxonomy":"product_cat","embeddable":true,"href":"https:\/\/www.ohis.be\/de\/wp-json\/wp\/v2\/product_cat?post=31844"},{"taxonomy":"product_tag","embeddable":true,"href":"https:\/\/www.ohis.be\/de\/wp-json\/wp\/v2\/product_tag?post=31844"}],"curies":[{"name":"wp","href":"https:\/\/api.w.org\/{rel}","templated":true}]}}