{"id":31376,"date":"2022-12-23T15:15:27","date_gmt":"2022-12-23T14:15:27","guid":{"rendered":"https:\/\/www.ohis.be\/produit\/yfs-yfs-a-federzuge\/"},"modified":"2022-12-23T15:15:27","modified_gmt":"2022-12-23T14:15:27","slug":"yfs-yfs-a-federzuge","status":"publish","type":"product","link":"https:\/\/www.ohis.be\/de\/produit\/yfs-yfs-a-federzuge\/","title":{"rendered":"YFS \/ YFS-A Federz\u00fcge"},"content":{"rendered":"<p>Federz\u00fcge werden eingesetzt, um den Bediener von der Gewichtskraft des Werkzeuges zu entlasten. Die zylindrische Seiltrommel bewirkt, dass die angeh\u00e4ngte Traglast immer an die urspr\u00fcngliche Position zur\u00fcckgezogen wird.<\/p>\n<p><strong>Ausstattung und Verarbeitung<\/strong><br \/>\n\u2022 Geh\u00e4use aus robustem, pulverbeschichteten Stahlblech<br \/>\n\u2022 Federbruchsicherung nach DIN 15112<br \/>\n\u2022 Zus\u00e4tzliche \u00d6se zum Anbringen einer Sicherungskette nach DIN 15112<br \/>\n\u2022 Seilf\u00fchrung aus verschlei\u00dffestem Kunststoff<br \/>\n\u2022 CE-Konformit\u00e4tserkl\u00e4rung<br \/>\n\u2022 Seilr\u00fcckzug durch einstellbare Seilklemme verstellbar<br \/>\n\u2022 Bei den Modellen YFS-A wird das Seil des Federzuges beim Auszug stufenweise blockiert. Ein erneutes Ziehen am Seil oder Werkzeug bewirkt, dass die Arretierung gel\u00f6st und das Werkzeug in die urspr\u00fcngliche Position zur\u00fcckgezogen wird.<\/p>\n<p><strong>Anwendungsbereiche<\/strong><br \/>\nDruckluftger\u00e4te, Montagewerkzeuge, Farbspritzpistolen, Nietmaschinen, Schlagschrauber, Schleif- und Poliermaschinen etc<\/p>\n","protected":false},"excerpt":{"rendered":"<p>Federz\u00fcge werden eingesetzt, um den Bediener von der Gewichtskraft des Werkzeuges zu entlasten. Die zylindrische Seiltrommel bewirkt, dass die angeh\u00e4ngte Traglast immer an die urspr\u00fcngliche Position zur\u00fcckgezogen wird.<\/p>\n<p><strong>Ausstattung und Verarbeitung<\/strong><br \/>\n\u2022 Geh\u00e4use aus robustem, pulverbeschichteten Stahlblech<br \/>\n\u2022 Federbruchsicherung nach DIN 15112<br \/>\n\u2022 Zus\u00e4tzliche \u00d6se zum Anbringen einer Sicherungskette nach DIN 15112<br \/>\n\u2022 Seilf\u00fchrung aus verschlei\u00dffestem Kunststoff<br \/>\n\u2022 CE-Konformit\u00e4tserkl\u00e4rung<br \/>\n\u2022 Seilr\u00fcckzug durch einstellbare Seilklemme verstellbar<br \/>\n\u2022 Bei den Modellen YFS-A wird das Seil des Federzuges beim Auszug stufenweise blockiert. Ein erneutes Ziehen am Seil oder Werkzeug bewirkt, dass die Arretierung gel\u00f6st und das Werkzeug in die urspr\u00fcngliche Position zur\u00fcckgezogen wird.<\/p>\n<p><strong>Anwendungsbereiche<\/strong><br \/>\nDruckluftger\u00e4te, Montagewerkzeuge, Farbspritzpistolen, Nietmaschinen, Schlagschrauber, Schleif- und Poliermaschinen etc<\/p>\n","protected":false},"featured_media":21466,"template":"","meta":{"_acf_changed":false,"inline_featured_image":false},"product_brand":[],"product_cat":[325],"product_tag":[705],"class_list":{"0":"post-31376","1":"product","2":"type-product","3":"status-publish","4":"has-post-thumbnail","6":"product_cat-accesoires-de","7":"product_tag-yale-de","9":"first","10":"onbackorder","11":"taxable","12":"shipping-taxable","13":"purchasable","14":"product-type-variable"},"acf":[],"yoast_head":"<!-- This site is optimized with the Yoast SEO plugin v27.4 - https:\/\/yoast.com\/product\/yoast-seo-wordpress\/ -->\n<title>YFS \/ YFS-A Federz\u00fcge - Ohis<\/title>\n<meta name=\"robots\" content=\"index, follow, max-snippet:-1, max-image-preview:large, max-video-preview:-1\" \/>\n<link rel=\"canonical\" href=\"https:\/\/www.ohis.be\/de\/produit\/yfs-yfs-a-federzuge\/\" \/>\n<meta property=\"og:locale\" content=\"de_DE\" \/>\n<meta property=\"og:type\" content=\"article\" \/>\n<meta property=\"og:title\" content=\"YFS \/ YFS-A Federz\u00fcge - Ohis\" \/>\n<meta property=\"og:description\" content=\"Federz\u00fcge werden eingesetzt, um den Bediener von der Gewichtskraft des Werkzeuges zu entlasten. Die zylindrische Seiltrommel bewirkt, dass die angeh\u00e4ngte Traglast immer an die urspr\u00fcngliche Position zur\u00fcckgezogen wird.  Ausstattung und Verarbeitung \u2022 Geh\u00e4use aus robustem, pulverbeschichteten Stahlblech \u2022 Federbruchsicherung nach DIN 15112 \u2022 Zus\u00e4tzliche \u00d6se zum Anbringen einer Sicherungskette nach DIN 15112 \u2022 Seilf\u00fchrung aus verschlei\u00dffestem Kunststoff \u2022 CE-Konformit\u00e4tserkl\u00e4rung \u2022 Seilr\u00fcckzug durch einstellbare Seilklemme verstellbar \u2022 Bei den Modellen YFS-A wird das Seil des Federzuges beim Auszug stufenweise blockiert. Ein erneutes Ziehen am Seil oder Werkzeug bewirkt, dass die Arretierung gel\u00f6st und das Werkzeug in die urspr\u00fcngliche Position zur\u00fcckgezogen wird.  Anwendungsbereiche Druckluftger\u00e4te, Montagewerkzeuge, Farbspritzpistolen, Nietmaschinen, Schlagschrauber, Schleif- und Poliermaschinen etc\" \/>\n<meta property=\"og:url\" content=\"https:\/\/www.ohis.be\/de\/produit\/yfs-yfs-a-federzuge\/\" \/>\n<meta property=\"og:site_name\" content=\"Ohis\" \/>\n<meta property=\"og:image\" content=\"https:\/\/www.ohis.be\/wp-content\/uploads\/2022\/12\/yale-yfs-yfsa.jpg\" \/>\n\t<meta property=\"og:image:width\" content=\"291\" \/>\n\t<meta property=\"og:image:height\" content=\"525\" \/>\n\t<meta property=\"og:image:type\" content=\"image\/jpeg\" \/>\n<meta name=\"twitter:card\" content=\"summary_large_image\" \/>\n<meta name=\"twitter:label1\" content=\"Gesch\u00e4tzte Lesezeit\" \/>\n\t<meta name=\"twitter:data1\" content=\"1\u00a0Minute\" \/>\n<script type=\"application\/ld+json\" class=\"yoast-schema-graph\">{\"@context\":\"https:\\\/\\\/schema.org\",\"@graph\":[{\"@type\":\"WebPage\",\"@id\":\"https:\\\/\\\/www.ohis.be\\\/de\\\/produit\\\/yfs-yfs-a-federzuge\\\/\",\"url\":\"https:\\\/\\\/www.ohis.be\\\/de\\\/produit\\\/yfs-yfs-a-federzuge\\\/\",\"name\":\"YFS \\\/ YFS-A Federz\u00fcge - Ohis\",\"isPartOf\":{\"@id\":\"https:\\\/\\\/www.ohis.be\\\/#website\"},\"primaryImageOfPage\":{\"@id\":\"https:\\\/\\\/www.ohis.be\\\/de\\\/produit\\\/yfs-yfs-a-federzuge\\\/#primaryimage\"},\"image\":{\"@id\":\"https:\\\/\\\/www.ohis.be\\\/de\\\/produit\\\/yfs-yfs-a-federzuge\\\/#primaryimage\"},\"thumbnailUrl\":\"https:\\\/\\\/www.ohis.be\\\/wp-content\\\/uploads\\\/2022\\\/12\\\/yale-yfs-yfsa.jpg\",\"datePublished\":\"2022-12-23T14:15:27+00:00\",\"breadcrumb\":{\"@id\":\"https:\\\/\\\/www.ohis.be\\\/de\\\/produit\\\/yfs-yfs-a-federzuge\\\/#breadcrumb\"},\"inLanguage\":\"de\",\"potentialAction\":[{\"@type\":\"ReadAction\",\"target\":[\"https:\\\/\\\/www.ohis.be\\\/de\\\/produit\\\/yfs-yfs-a-federzuge\\\/\"]}]},{\"@type\":\"ImageObject\",\"inLanguage\":\"de\",\"@id\":\"https:\\\/\\\/www.ohis.be\\\/de\\\/produit\\\/yfs-yfs-a-federzuge\\\/#primaryimage\",\"url\":\"https:\\\/\\\/www.ohis.be\\\/wp-content\\\/uploads\\\/2022\\\/12\\\/yale-yfs-yfsa.jpg\",\"contentUrl\":\"https:\\\/\\\/www.ohis.be\\\/wp-content\\\/uploads\\\/2022\\\/12\\\/yale-yfs-yfsa.jpg\",\"width\":291,\"height\":525},{\"@type\":\"BreadcrumbList\",\"@id\":\"https:\\\/\\\/www.ohis.be\\\/de\\\/produit\\\/yfs-yfs-a-federzuge\\\/#breadcrumb\",\"itemListElement\":[{\"@type\":\"ListItem\",\"position\":1,\"name\":\"Accueil\",\"item\":\"https:\\\/\\\/www.ohis.be\\\/de\\\/\"},{\"@type\":\"ListItem\",\"position\":2,\"name\":\"Produkte\",\"item\":\"https:\\\/\\\/www.ohis.be\\\/de\\\/produkte\\\/\"},{\"@type\":\"ListItem\",\"position\":3,\"name\":\"YFS \\\/ YFS-A Federz\u00fcge\"}]},{\"@type\":\"WebSite\",\"@id\":\"https:\\\/\\\/www.ohis.be\\\/#website\",\"url\":\"https:\\\/\\\/www.ohis.be\\\/\",\"name\":\"Ohis\",\"description\":\"Outils de levage\",\"publisher\":{\"@id\":\"https:\\\/\\\/www.ohis.be\\\/#organization\"},\"potentialAction\":[{\"@type\":\"SearchAction\",\"target\":{\"@type\":\"EntryPoint\",\"urlTemplate\":\"https:\\\/\\\/www.ohis.be\\\/?s={search_term_string}\"},\"query-input\":{\"@type\":\"PropertyValueSpecification\",\"valueRequired\":true,\"valueName\":\"search_term_string\"}}],\"inLanguage\":\"de\"},{\"@type\":\"Organization\",\"@id\":\"https:\\\/\\\/www.ohis.be\\\/#organization\",\"name\":\"Ohis\",\"url\":\"https:\\\/\\\/www.ohis.be\\\/\",\"logo\":{\"@type\":\"ImageObject\",\"inLanguage\":\"de\",\"@id\":\"https:\\\/\\\/www.ohis.be\\\/#\\\/schema\\\/logo\\\/image\\\/\",\"url\":\"https:\\\/\\\/www.ohis.be\\\/wp-content\\\/uploads\\\/2021\\\/02\\\/logo-ohis-wit.svg\",\"contentUrl\":\"https:\\\/\\\/www.ohis.be\\\/wp-content\\\/uploads\\\/2021\\\/02\\\/logo-ohis-wit.svg\",\"caption\":\"Ohis\"},\"image\":{\"@id\":\"https:\\\/\\\/www.ohis.be\\\/#\\\/schema\\\/logo\\\/image\\\/\"}}]}<\/script>\n<!-- \/ Yoast SEO plugin. -->","yoast_head_json":{"title":"YFS \/ YFS-A Federz\u00fcge - Ohis","robots":{"index":"index","follow":"follow","max-snippet":"max-snippet:-1","max-image-preview":"max-image-preview:large","max-video-preview":"max-video-preview:-1"},"canonical":"https:\/\/www.ohis.be\/de\/produit\/yfs-yfs-a-federzuge\/","og_locale":"de_DE","og_type":"article","og_title":"YFS \/ YFS-A Federz\u00fcge - Ohis","og_description":"Federz\u00fcge werden eingesetzt, um den Bediener von der Gewichtskraft des Werkzeuges zu entlasten. Die zylindrische Seiltrommel bewirkt, dass die angeh\u00e4ngte Traglast immer an die urspr\u00fcngliche Position zur\u00fcckgezogen wird.  Ausstattung und Verarbeitung \u2022 Geh\u00e4use aus robustem, pulverbeschichteten Stahlblech \u2022 Federbruchsicherung nach DIN 15112 \u2022 Zus\u00e4tzliche \u00d6se zum Anbringen einer Sicherungskette nach DIN 15112 \u2022 Seilf\u00fchrung aus verschlei\u00dffestem Kunststoff \u2022 CE-Konformit\u00e4tserkl\u00e4rung \u2022 Seilr\u00fcckzug durch einstellbare Seilklemme verstellbar \u2022 Bei den Modellen YFS-A wird das Seil des Federzuges beim Auszug stufenweise blockiert. Ein erneutes Ziehen am Seil oder Werkzeug bewirkt, dass die Arretierung gel\u00f6st und das Werkzeug in die urspr\u00fcngliche Position zur\u00fcckgezogen wird.  Anwendungsbereiche Druckluftger\u00e4te, Montagewerkzeuge, Farbspritzpistolen, Nietmaschinen, Schlagschrauber, Schleif- und Poliermaschinen etc","og_url":"https:\/\/www.ohis.be\/de\/produit\/yfs-yfs-a-federzuge\/","og_site_name":"Ohis","og_image":[{"width":291,"height":525,"url":"https:\/\/www.ohis.be\/wp-content\/uploads\/2022\/12\/yale-yfs-yfsa.jpg","type":"image\/jpeg"}],"twitter_card":"summary_large_image","twitter_misc":{"Gesch\u00e4tzte Lesezeit":"1\u00a0Minute"},"schema":{"@context":"https:\/\/schema.org","@graph":[{"@type":"WebPage","@id":"https:\/\/www.ohis.be\/de\/produit\/yfs-yfs-a-federzuge\/","url":"https:\/\/www.ohis.be\/de\/produit\/yfs-yfs-a-federzuge\/","name":"YFS \/ YFS-A Federz\u00fcge - Ohis","isPartOf":{"@id":"https:\/\/www.ohis.be\/#website"},"primaryImageOfPage":{"@id":"https:\/\/www.ohis.be\/de\/produit\/yfs-yfs-a-federzuge\/#primaryimage"},"image":{"@id":"https:\/\/www.ohis.be\/de\/produit\/yfs-yfs-a-federzuge\/#primaryimage"},"thumbnailUrl":"https:\/\/www.ohis.be\/wp-content\/uploads\/2022\/12\/yale-yfs-yfsa.jpg","datePublished":"2022-12-23T14:15:27+00:00","breadcrumb":{"@id":"https:\/\/www.ohis.be\/de\/produit\/yfs-yfs-a-federzuge\/#breadcrumb"},"inLanguage":"de","potentialAction":[{"@type":"ReadAction","target":["https:\/\/www.ohis.be\/de\/produit\/yfs-yfs-a-federzuge\/"]}]},{"@type":"ImageObject","inLanguage":"de","@id":"https:\/\/www.ohis.be\/de\/produit\/yfs-yfs-a-federzuge\/#primaryimage","url":"https:\/\/www.ohis.be\/wp-content\/uploads\/2022\/12\/yale-yfs-yfsa.jpg","contentUrl":"https:\/\/www.ohis.be\/wp-content\/uploads\/2022\/12\/yale-yfs-yfsa.jpg","width":291,"height":525},{"@type":"BreadcrumbList","@id":"https:\/\/www.ohis.be\/de\/produit\/yfs-yfs-a-federzuge\/#breadcrumb","itemListElement":[{"@type":"ListItem","position":1,"name":"Accueil","item":"https:\/\/www.ohis.be\/de\/"},{"@type":"ListItem","position":2,"name":"Produkte","item":"https:\/\/www.ohis.be\/de\/produkte\/"},{"@type":"ListItem","position":3,"name":"YFS \/ YFS-A Federz\u00fcge"}]},{"@type":"WebSite","@id":"https:\/\/www.ohis.be\/#website","url":"https:\/\/www.ohis.be\/","name":"Ohis","description":"Outils de levage","publisher":{"@id":"https:\/\/www.ohis.be\/#organization"},"potentialAction":[{"@type":"SearchAction","target":{"@type":"EntryPoint","urlTemplate":"https:\/\/www.ohis.be\/?s={search_term_string}"},"query-input":{"@type":"PropertyValueSpecification","valueRequired":true,"valueName":"search_term_string"}}],"inLanguage":"de"},{"@type":"Organization","@id":"https:\/\/www.ohis.be\/#organization","name":"Ohis","url":"https:\/\/www.ohis.be\/","logo":{"@type":"ImageObject","inLanguage":"de","@id":"https:\/\/www.ohis.be\/#\/schema\/logo\/image\/","url":"https:\/\/www.ohis.be\/wp-content\/uploads\/2021\/02\/logo-ohis-wit.svg","contentUrl":"https:\/\/www.ohis.be\/wp-content\/uploads\/2021\/02\/logo-ohis-wit.svg","caption":"Ohis"},"image":{"@id":"https:\/\/www.ohis.be\/#\/schema\/logo\/image\/"}}]}},"_links":{"self":[{"href":"https:\/\/www.ohis.be\/de\/wp-json\/wp\/v2\/product\/31376","targetHints":{"allow":["GET"]}}],"collection":[{"href":"https:\/\/www.ohis.be\/de\/wp-json\/wp\/v2\/product"}],"about":[{"href":"https:\/\/www.ohis.be\/de\/wp-json\/wp\/v2\/types\/product"}],"wp:featuredmedia":[{"embeddable":true,"href":"https:\/\/www.ohis.be\/de\/wp-json\/wp\/v2\/media\/21466"}],"wp:attachment":[{"href":"https:\/\/www.ohis.be\/de\/wp-json\/wp\/v2\/media?parent=31376"}],"wp:term":[{"taxonomy":"product_brand","embeddable":true,"href":"https:\/\/www.ohis.be\/de\/wp-json\/wp\/v2\/product_brand?post=31376"},{"taxonomy":"product_cat","embeddable":true,"href":"https:\/\/www.ohis.be\/de\/wp-json\/wp\/v2\/product_cat?post=31376"},{"taxonomy":"product_tag","embeddable":true,"href":"https:\/\/www.ohis.be\/de\/wp-json\/wp\/v2\/product_tag?post=31376"}],"curies":[{"name":"wp","href":"https:\/\/api.w.org\/{rel}","templated":true}]}}