{"id":31286,"date":"2022-12-23T15:49:26","date_gmt":"2022-12-23T14:49:26","guid":{"rendered":"https:\/\/www.ohis.be\/produit\/yba-yba-l-balancer-mit-sicherheitseinrichtung-bei-seilriss-und-verlongertem-seilauszug\/"},"modified":"2022-12-23T15:49:26","modified_gmt":"2022-12-23T14:49:26","slug":"yba-yba-l-balancer-mit-sicherheitseinrichtung-bei-seilriss-und-verlongertem-seilauszug","status":"publish","type":"product","link":"https:\/\/www.ohis.be\/de\/produit\/yba-yba-l-balancer-mit-sicherheitseinrichtung-bei-seilriss-und-verlongertem-seilauszug\/","title":{"rendered":"YBA \/ YBA-L Balancer mit Sicherheitseinrichtung bei Seilriss und verl\u00f6ngertem Seilauszug"},"content":{"rendered":"<p>Balancer der Baureihen YBA und YBA-L haben s\u00e4mtliche technischen Merkmale der Baureihe YBF.<\/p>\n<p>Als zus\u00e4tzliches Merkmal besitzt diese Baureihe eine Sicherheitseinrichtung bei Seilriss.<\/p>\n<p>Bei unbeabsichtigtem Durchtrennen des Seiles, oder pl\u00f6tzlichem Herabfallen der angeh\u00e4ngten Traglast, wird das Seil automatisch gestoppt, so dass es nicht durch die Federkraft schlagartig in das Geh\u00e4use eingezogen wird und eventuell umstehende Personen verletzen kann.<\/p>\n<p>Diese Baureihe wird vornehmlich dort eingesetzt, wo erh\u00f6hte Sicherheitsanforderungen bestehen oder widrige Umgebungsbedingungen herrschen (Funkenflug etc.), welche eine Besch\u00e4digung des Seiles herbeif\u00fchren k\u00f6nnen.<\/p>\n","protected":false},"excerpt":{"rendered":"<p>Balancer der Baureihen YBA und YBA-L haben s\u00e4mtliche technischen Merkmale der Baureihe YBF.<\/p>\n<p>Als zus\u00e4tzliches Merkmal besitzt diese Baureihe eine Sicherheitseinrichtung bei Seilriss.<\/p>\n<p>Bei unbeabsichtigtem Durchtrennen des Seiles, oder pl\u00f6tzlichem Herabfallen der angeh\u00e4ngten Traglast, wird das Seil automatisch gestoppt, so dass es nicht durch die Federkraft schlagartig in das Geh\u00e4use eingezogen wird und eventuell umstehende Personen verletzen kann.<\/p>\n<p>Diese Baureihe wird vornehmlich dort eingesetzt, wo erh\u00f6hte Sicherheitsanforderungen bestehen oder widrige Umgebungsbedingungen herrschen (Funkenflug etc.), welche eine Besch\u00e4digung des Seiles herbeif\u00fchren k\u00f6nnen.<\/p>\n","protected":false},"featured_media":21528,"template":"","meta":{"_acf_changed":false,"inline_featured_image":false},"product_brand":[],"product_cat":[325],"product_tag":[705],"class_list":{"0":"post-31286","1":"product","2":"type-product","3":"status-publish","4":"has-post-thumbnail","6":"product_cat-accesoires-de","7":"product_tag-yale-de","9":"first","10":"onbackorder","11":"taxable","12":"shipping-taxable","13":"purchasable","14":"product-type-variable"},"acf":[],"yoast_head":"<!-- This site is optimized with the Yoast SEO plugin v27.4 - https:\/\/yoast.com\/product\/yoast-seo-wordpress\/ -->\n<title>YBA \/ YBA-L Balancer mit Sicherheitseinrichtung bei Seilriss und verl\u00f6ngertem Seilauszug - Ohis<\/title>\n<meta name=\"robots\" content=\"index, follow, max-snippet:-1, max-image-preview:large, max-video-preview:-1\" \/>\n<link rel=\"canonical\" href=\"https:\/\/www.ohis.be\/de\/produit\/yba-yba-l-balancer-mit-sicherheitseinrichtung-bei-seilriss-und-verlongertem-seilauszug\/\" \/>\n<meta property=\"og:locale\" content=\"de_DE\" \/>\n<meta property=\"og:type\" content=\"article\" \/>\n<meta property=\"og:title\" content=\"YBA \/ YBA-L Balancer mit Sicherheitseinrichtung bei Seilriss und verl\u00f6ngertem Seilauszug - Ohis\" \/>\n<meta property=\"og:description\" content=\"Balancer der Baureihen YBA und YBA-L haben s\u00e4mtliche technischen Merkmale der Baureihe YBF.  Als zus\u00e4tzliches Merkmal besitzt diese Baureihe eine Sicherheitseinrichtung bei Seilriss.  Bei unbeabsichtigtem Durchtrennen des Seiles, oder pl\u00f6tzlichem Herabfallen der angeh\u00e4ngten Traglast, wird das Seil automatisch gestoppt, so dass es nicht durch die Federkraft schlagartig in das Geh\u00e4use eingezogen wird und eventuell umstehende Personen verletzen kann.  Diese Baureihe wird vornehmlich dort eingesetzt, wo erh\u00f6hte Sicherheitsanforderungen bestehen oder widrige Umgebungsbedingungen herrschen (Funkenflug etc.), welche eine Besch\u00e4digung des Seiles herbeif\u00fchren k\u00f6nnen.\" \/>\n<meta property=\"og:url\" content=\"https:\/\/www.ohis.be\/de\/produit\/yba-yba-l-balancer-mit-sicherheitseinrichtung-bei-seilriss-und-verlongertem-seilauszug\/\" \/>\n<meta property=\"og:site_name\" content=\"Ohis\" \/>\n<meta property=\"og:image\" content=\"https:\/\/www.ohis.be\/wp-content\/uploads\/2022\/12\/yale-yba.jpg\" \/>\n\t<meta property=\"og:image:width\" content=\"251\" \/>\n\t<meta property=\"og:image:height\" content=\"525\" \/>\n\t<meta property=\"og:image:type\" content=\"image\/jpeg\" \/>\n<meta name=\"twitter:card\" content=\"summary_large_image\" \/>\n<script type=\"application\/ld+json\" class=\"yoast-schema-graph\">{\"@context\":\"https:\\\/\\\/schema.org\",\"@graph\":[{\"@type\":\"WebPage\",\"@id\":\"https:\\\/\\\/www.ohis.be\\\/de\\\/produit\\\/yba-yba-l-balancer-mit-sicherheitseinrichtung-bei-seilriss-und-verlongertem-seilauszug\\\/\",\"url\":\"https:\\\/\\\/www.ohis.be\\\/de\\\/produit\\\/yba-yba-l-balancer-mit-sicherheitseinrichtung-bei-seilriss-und-verlongertem-seilauszug\\\/\",\"name\":\"YBA \\\/ YBA-L Balancer mit Sicherheitseinrichtung bei Seilriss und verl\u00f6ngertem Seilauszug - Ohis\",\"isPartOf\":{\"@id\":\"https:\\\/\\\/www.ohis.be\\\/#website\"},\"primaryImageOfPage\":{\"@id\":\"https:\\\/\\\/www.ohis.be\\\/de\\\/produit\\\/yba-yba-l-balancer-mit-sicherheitseinrichtung-bei-seilriss-und-verlongertem-seilauszug\\\/#primaryimage\"},\"image\":{\"@id\":\"https:\\\/\\\/www.ohis.be\\\/de\\\/produit\\\/yba-yba-l-balancer-mit-sicherheitseinrichtung-bei-seilriss-und-verlongertem-seilauszug\\\/#primaryimage\"},\"thumbnailUrl\":\"https:\\\/\\\/www.ohis.be\\\/wp-content\\\/uploads\\\/2022\\\/12\\\/yale-yba.jpg\",\"datePublished\":\"2022-12-23T14:49:26+00:00\",\"breadcrumb\":{\"@id\":\"https:\\\/\\\/www.ohis.be\\\/de\\\/produit\\\/yba-yba-l-balancer-mit-sicherheitseinrichtung-bei-seilriss-und-verlongertem-seilauszug\\\/#breadcrumb\"},\"inLanguage\":\"de\",\"potentialAction\":[{\"@type\":\"ReadAction\",\"target\":[\"https:\\\/\\\/www.ohis.be\\\/de\\\/produit\\\/yba-yba-l-balancer-mit-sicherheitseinrichtung-bei-seilriss-und-verlongertem-seilauszug\\\/\"]}]},{\"@type\":\"ImageObject\",\"inLanguage\":\"de\",\"@id\":\"https:\\\/\\\/www.ohis.be\\\/de\\\/produit\\\/yba-yba-l-balancer-mit-sicherheitseinrichtung-bei-seilriss-und-verlongertem-seilauszug\\\/#primaryimage\",\"url\":\"https:\\\/\\\/www.ohis.be\\\/wp-content\\\/uploads\\\/2022\\\/12\\\/yale-yba.jpg\",\"contentUrl\":\"https:\\\/\\\/www.ohis.be\\\/wp-content\\\/uploads\\\/2022\\\/12\\\/yale-yba.jpg\",\"width\":251,\"height\":525},{\"@type\":\"BreadcrumbList\",\"@id\":\"https:\\\/\\\/www.ohis.be\\\/de\\\/produit\\\/yba-yba-l-balancer-mit-sicherheitseinrichtung-bei-seilriss-und-verlongertem-seilauszug\\\/#breadcrumb\",\"itemListElement\":[{\"@type\":\"ListItem\",\"position\":1,\"name\":\"Accueil\",\"item\":\"https:\\\/\\\/www.ohis.be\\\/de\\\/\"},{\"@type\":\"ListItem\",\"position\":2,\"name\":\"Produkte\",\"item\":\"https:\\\/\\\/www.ohis.be\\\/de\\\/produkte\\\/\"},{\"@type\":\"ListItem\",\"position\":3,\"name\":\"YBA \\\/ YBA-L Balancer mit Sicherheitseinrichtung bei Seilriss und verl\u00f6ngertem Seilauszug\"}]},{\"@type\":\"WebSite\",\"@id\":\"https:\\\/\\\/www.ohis.be\\\/#website\",\"url\":\"https:\\\/\\\/www.ohis.be\\\/\",\"name\":\"Ohis\",\"description\":\"Outils de levage\",\"publisher\":{\"@id\":\"https:\\\/\\\/www.ohis.be\\\/#organization\"},\"potentialAction\":[{\"@type\":\"SearchAction\",\"target\":{\"@type\":\"EntryPoint\",\"urlTemplate\":\"https:\\\/\\\/www.ohis.be\\\/?s={search_term_string}\"},\"query-input\":{\"@type\":\"PropertyValueSpecification\",\"valueRequired\":true,\"valueName\":\"search_term_string\"}}],\"inLanguage\":\"de\"},{\"@type\":\"Organization\",\"@id\":\"https:\\\/\\\/www.ohis.be\\\/#organization\",\"name\":\"Ohis\",\"url\":\"https:\\\/\\\/www.ohis.be\\\/\",\"logo\":{\"@type\":\"ImageObject\",\"inLanguage\":\"de\",\"@id\":\"https:\\\/\\\/www.ohis.be\\\/#\\\/schema\\\/logo\\\/image\\\/\",\"url\":\"https:\\\/\\\/www.ohis.be\\\/wp-content\\\/uploads\\\/2021\\\/02\\\/logo-ohis-wit.svg\",\"contentUrl\":\"https:\\\/\\\/www.ohis.be\\\/wp-content\\\/uploads\\\/2021\\\/02\\\/logo-ohis-wit.svg\",\"caption\":\"Ohis\"},\"image\":{\"@id\":\"https:\\\/\\\/www.ohis.be\\\/#\\\/schema\\\/logo\\\/image\\\/\"}}]}<\/script>\n<!-- \/ Yoast SEO plugin. -->","yoast_head_json":{"title":"YBA \/ YBA-L Balancer mit Sicherheitseinrichtung bei Seilriss und verl\u00f6ngertem Seilauszug - Ohis","robots":{"index":"index","follow":"follow","max-snippet":"max-snippet:-1","max-image-preview":"max-image-preview:large","max-video-preview":"max-video-preview:-1"},"canonical":"https:\/\/www.ohis.be\/de\/produit\/yba-yba-l-balancer-mit-sicherheitseinrichtung-bei-seilriss-und-verlongertem-seilauszug\/","og_locale":"de_DE","og_type":"article","og_title":"YBA \/ YBA-L Balancer mit Sicherheitseinrichtung bei Seilriss und verl\u00f6ngertem Seilauszug - Ohis","og_description":"Balancer der Baureihen YBA und YBA-L haben s\u00e4mtliche technischen Merkmale der Baureihe YBF.  Als zus\u00e4tzliches Merkmal besitzt diese Baureihe eine Sicherheitseinrichtung bei Seilriss.  Bei unbeabsichtigtem Durchtrennen des Seiles, oder pl\u00f6tzlichem Herabfallen der angeh\u00e4ngten Traglast, wird das Seil automatisch gestoppt, so dass es nicht durch die Federkraft schlagartig in das Geh\u00e4use eingezogen wird und eventuell umstehende Personen verletzen kann.  Diese Baureihe wird vornehmlich dort eingesetzt, wo erh\u00f6hte Sicherheitsanforderungen bestehen oder widrige Umgebungsbedingungen herrschen (Funkenflug etc.), welche eine Besch\u00e4digung des Seiles herbeif\u00fchren k\u00f6nnen.","og_url":"https:\/\/www.ohis.be\/de\/produit\/yba-yba-l-balancer-mit-sicherheitseinrichtung-bei-seilriss-und-verlongertem-seilauszug\/","og_site_name":"Ohis","og_image":[{"width":251,"height":525,"url":"https:\/\/www.ohis.be\/wp-content\/uploads\/2022\/12\/yale-yba.jpg","type":"image\/jpeg"}],"twitter_card":"summary_large_image","schema":{"@context":"https:\/\/schema.org","@graph":[{"@type":"WebPage","@id":"https:\/\/www.ohis.be\/de\/produit\/yba-yba-l-balancer-mit-sicherheitseinrichtung-bei-seilriss-und-verlongertem-seilauszug\/","url":"https:\/\/www.ohis.be\/de\/produit\/yba-yba-l-balancer-mit-sicherheitseinrichtung-bei-seilriss-und-verlongertem-seilauszug\/","name":"YBA \/ YBA-L Balancer mit Sicherheitseinrichtung bei Seilriss und verl\u00f6ngertem Seilauszug - Ohis","isPartOf":{"@id":"https:\/\/www.ohis.be\/#website"},"primaryImageOfPage":{"@id":"https:\/\/www.ohis.be\/de\/produit\/yba-yba-l-balancer-mit-sicherheitseinrichtung-bei-seilriss-und-verlongertem-seilauszug\/#primaryimage"},"image":{"@id":"https:\/\/www.ohis.be\/de\/produit\/yba-yba-l-balancer-mit-sicherheitseinrichtung-bei-seilriss-und-verlongertem-seilauszug\/#primaryimage"},"thumbnailUrl":"https:\/\/www.ohis.be\/wp-content\/uploads\/2022\/12\/yale-yba.jpg","datePublished":"2022-12-23T14:49:26+00:00","breadcrumb":{"@id":"https:\/\/www.ohis.be\/de\/produit\/yba-yba-l-balancer-mit-sicherheitseinrichtung-bei-seilriss-und-verlongertem-seilauszug\/#breadcrumb"},"inLanguage":"de","potentialAction":[{"@type":"ReadAction","target":["https:\/\/www.ohis.be\/de\/produit\/yba-yba-l-balancer-mit-sicherheitseinrichtung-bei-seilriss-und-verlongertem-seilauszug\/"]}]},{"@type":"ImageObject","inLanguage":"de","@id":"https:\/\/www.ohis.be\/de\/produit\/yba-yba-l-balancer-mit-sicherheitseinrichtung-bei-seilriss-und-verlongertem-seilauszug\/#primaryimage","url":"https:\/\/www.ohis.be\/wp-content\/uploads\/2022\/12\/yale-yba.jpg","contentUrl":"https:\/\/www.ohis.be\/wp-content\/uploads\/2022\/12\/yale-yba.jpg","width":251,"height":525},{"@type":"BreadcrumbList","@id":"https:\/\/www.ohis.be\/de\/produit\/yba-yba-l-balancer-mit-sicherheitseinrichtung-bei-seilriss-und-verlongertem-seilauszug\/#breadcrumb","itemListElement":[{"@type":"ListItem","position":1,"name":"Accueil","item":"https:\/\/www.ohis.be\/de\/"},{"@type":"ListItem","position":2,"name":"Produkte","item":"https:\/\/www.ohis.be\/de\/produkte\/"},{"@type":"ListItem","position":3,"name":"YBA \/ YBA-L Balancer mit Sicherheitseinrichtung bei Seilriss und verl\u00f6ngertem Seilauszug"}]},{"@type":"WebSite","@id":"https:\/\/www.ohis.be\/#website","url":"https:\/\/www.ohis.be\/","name":"Ohis","description":"Outils de levage","publisher":{"@id":"https:\/\/www.ohis.be\/#organization"},"potentialAction":[{"@type":"SearchAction","target":{"@type":"EntryPoint","urlTemplate":"https:\/\/www.ohis.be\/?s={search_term_string}"},"query-input":{"@type":"PropertyValueSpecification","valueRequired":true,"valueName":"search_term_string"}}],"inLanguage":"de"},{"@type":"Organization","@id":"https:\/\/www.ohis.be\/#organization","name":"Ohis","url":"https:\/\/www.ohis.be\/","logo":{"@type":"ImageObject","inLanguage":"de","@id":"https:\/\/www.ohis.be\/#\/schema\/logo\/image\/","url":"https:\/\/www.ohis.be\/wp-content\/uploads\/2021\/02\/logo-ohis-wit.svg","contentUrl":"https:\/\/www.ohis.be\/wp-content\/uploads\/2021\/02\/logo-ohis-wit.svg","caption":"Ohis"},"image":{"@id":"https:\/\/www.ohis.be\/#\/schema\/logo\/image\/"}}]}},"_links":{"self":[{"href":"https:\/\/www.ohis.be\/de\/wp-json\/wp\/v2\/product\/31286","targetHints":{"allow":["GET"]}}],"collection":[{"href":"https:\/\/www.ohis.be\/de\/wp-json\/wp\/v2\/product"}],"about":[{"href":"https:\/\/www.ohis.be\/de\/wp-json\/wp\/v2\/types\/product"}],"wp:featuredmedia":[{"embeddable":true,"href":"https:\/\/www.ohis.be\/de\/wp-json\/wp\/v2\/media\/21528"}],"wp:attachment":[{"href":"https:\/\/www.ohis.be\/de\/wp-json\/wp\/v2\/media?parent=31286"}],"wp:term":[{"taxonomy":"product_brand","embeddable":true,"href":"https:\/\/www.ohis.be\/de\/wp-json\/wp\/v2\/product_brand?post=31286"},{"taxonomy":"product_cat","embeddable":true,"href":"https:\/\/www.ohis.be\/de\/wp-json\/wp\/v2\/product_cat?post=31286"},{"taxonomy":"product_tag","embeddable":true,"href":"https:\/\/www.ohis.be\/de\/wp-json\/wp\/v2\/product_tag?post=31286"}],"curies":[{"name":"wp","href":"https:\/\/api.w.org\/{rel}","templated":true}]}}