{"id":31199,"date":"2022-12-26T09:50:19","date_gmt":"2022-12-26T08:50:19","guid":{"rendered":"https:\/\/www.ohis.be\/produit\/silverline-handgabelhubwagen-mit-sonderbreite\/"},"modified":"2022-12-26T09:50:19","modified_gmt":"2022-12-26T08:50:19","slug":"silverline-handgabelhubwagen-mit-sonderbreite","status":"publish","type":"product","link":"https:\/\/www.ohis.be\/de\/produit\/silverline-handgabelhubwagen-mit-sonderbreite\/","title":{"rendered":"SILVERLINE Handgabelhubwagen mit Sonderbreite"},"content":{"rendered":"<p>F\u00fcr den professionellen Transport von Spezialpaletten, z. B. Brikettpaletten oder amerikanische Paletten.<\/p>\n<p>Merkmale<br \/>\n&#8211; Ergonomische Sicherheitsdeichsel mit Einhandbedienung der Funktionen Heben, Fahren und Senken.<br \/>\n&#8211; Deichselgriff mit Gummibeschichtung f\u00fcr eine sichere Handhabung.<br \/>\n&#8211; Wartungsarme Hydraulikpumpe mit hartverchromtem Kolben.<br \/>\n&#8211; Rahmen und Gabeln in solider Stahlkonstruktion, verstellbare Antriebsstangen und hochwertige Pulverbeschichtung f\u00fcr eine lange Lebensdauer des Ger\u00e4ts.<br \/>\n&#8211; Gr\u00f6\u00dfere Gabelbreite f\u00fcr den Transport von besonders breiten und speziellen Paletten.<\/p>\n<p>Reifentyp = PA: Polyamid \/ PUR: Polyurethan \/ VG: Solid rubber<\/p>\n","protected":false},"excerpt":{"rendered":"<p>F\u00fcr den professionellen Transport von Spezialpaletten, z. B. Brikettpaletten oder amerikanische Paletten.<\/p>\n<p>Merkmale<br \/>\n&#8211; Ergonomische Sicherheitsdeichsel mit Einhandbedienung der Funktionen Heben, Fahren und Senken.<br \/>\n&#8211; Deichselgriff mit Gummibeschichtung f\u00fcr eine sichere Handhabung.<br \/>\n&#8211; Wartungsarme Hydraulikpumpe mit hartverchromtem Kolben.<br \/>\n&#8211; Rahmen und Gabeln in solider Stahlkonstruktion, verstellbare Antriebsstangen und hochwertige Pulverbeschichtung f\u00fcr eine lange Lebensdauer des Ger\u00e4ts.<br \/>\n&#8211; Gr\u00f6\u00dfere Gabelbreite f\u00fcr den Transport von besonders breiten und speziellen Paletten.<\/p>\n<p>Reifentyp = PA: Polyamid \/ PUR: Polyurethan \/ VG: Solid rubber<\/p>\n","protected":false},"featured_media":21594,"template":"","meta":{"_acf_changed":false,"inline_featured_image":false},"product_brand":[],"product_cat":[1633],"product_tag":[1673],"class_list":{"0":"post-31199","1":"product","2":"type-product","3":"status-publish","4":"has-post-thumbnail","6":"product_cat-gabelhubwagen","7":"product_tag-pfaff-de","9":"first","10":"onbackorder","11":"taxable","12":"shipping-taxable","13":"purchasable","14":"product-type-variable"},"acf":[],"yoast_head":"<!-- This site is optimized with the Yoast SEO plugin v27.4 - https:\/\/yoast.com\/product\/yoast-seo-wordpress\/ -->\n<title>SILVERLINE Handgabelhubwagen mit Sonderbreite - Ohis<\/title>\n<meta name=\"robots\" content=\"index, follow, max-snippet:-1, max-image-preview:large, max-video-preview:-1\" \/>\n<link rel=\"canonical\" href=\"https:\/\/www.ohis.be\/de\/produit\/silverline-handgabelhubwagen-mit-sonderbreite\/\" \/>\n<meta property=\"og:locale\" content=\"de_DE\" \/>\n<meta property=\"og:type\" content=\"article\" \/>\n<meta property=\"og:title\" content=\"SILVERLINE Handgabelhubwagen mit Sonderbreite - Ohis\" \/>\n<meta property=\"og:description\" content=\"F\u00fcr den professionellen Transport von Spezialpaletten, z. B. Brikettpaletten oder amerikanische Paletten.  Merkmale - Ergonomische Sicherheitsdeichsel mit Einhandbedienung der Funktionen Heben, Fahren und Senken. - Deichselgriff mit Gummibeschichtung f\u00fcr eine sichere Handhabung. - Wartungsarme Hydraulikpumpe mit hartverchromtem Kolben. - Rahmen und Gabeln in solider Stahlkonstruktion, verstellbare Antriebsstangen und hochwertige Pulverbeschichtung f\u00fcr eine lange Lebensdauer des Ger\u00e4ts. - Gr\u00f6\u00dfere Gabelbreite f\u00fcr den Transport von besonders breiten und speziellen Paletten.  Reifentyp = PA: Polyamid \/ PUR: Polyurethan \/ VG: Solid rubber\" \/>\n<meta property=\"og:url\" content=\"https:\/\/www.ohis.be\/de\/produit\/silverline-handgabelhubwagen-mit-sonderbreite\/\" \/>\n<meta property=\"og:site_name\" content=\"Ohis\" \/>\n<meta property=\"og:image\" content=\"https:\/\/www.ohis.be\/wp-content\/uploads\/2022\/12\/hu_115_bts_sl_rechts.jpg\" \/>\n\t<meta property=\"og:image:width\" content=\"580\" \/>\n\t<meta property=\"og:image:height\" content=\"580\" \/>\n\t<meta property=\"og:image:type\" content=\"image\/jpeg\" \/>\n<meta name=\"twitter:card\" content=\"summary_large_image\" \/>\n<script type=\"application\/ld+json\" class=\"yoast-schema-graph\">{\"@context\":\"https:\\\/\\\/schema.org\",\"@graph\":[{\"@type\":\"WebPage\",\"@id\":\"https:\\\/\\\/www.ohis.be\\\/de\\\/produit\\\/silverline-handgabelhubwagen-mit-sonderbreite\\\/\",\"url\":\"https:\\\/\\\/www.ohis.be\\\/de\\\/produit\\\/silverline-handgabelhubwagen-mit-sonderbreite\\\/\",\"name\":\"SILVERLINE Handgabelhubwagen mit Sonderbreite - Ohis\",\"isPartOf\":{\"@id\":\"https:\\\/\\\/www.ohis.be\\\/#website\"},\"primaryImageOfPage\":{\"@id\":\"https:\\\/\\\/www.ohis.be\\\/de\\\/produit\\\/silverline-handgabelhubwagen-mit-sonderbreite\\\/#primaryimage\"},\"image\":{\"@id\":\"https:\\\/\\\/www.ohis.be\\\/de\\\/produit\\\/silverline-handgabelhubwagen-mit-sonderbreite\\\/#primaryimage\"},\"thumbnailUrl\":\"https:\\\/\\\/www.ohis.be\\\/wp-content\\\/uploads\\\/2022\\\/12\\\/hu_115_bts_sl_rechts.jpg\",\"datePublished\":\"2022-12-26T08:50:19+00:00\",\"breadcrumb\":{\"@id\":\"https:\\\/\\\/www.ohis.be\\\/de\\\/produit\\\/silverline-handgabelhubwagen-mit-sonderbreite\\\/#breadcrumb\"},\"inLanguage\":\"de\",\"potentialAction\":[{\"@type\":\"ReadAction\",\"target\":[\"https:\\\/\\\/www.ohis.be\\\/de\\\/produit\\\/silverline-handgabelhubwagen-mit-sonderbreite\\\/\"]}]},{\"@type\":\"ImageObject\",\"inLanguage\":\"de\",\"@id\":\"https:\\\/\\\/www.ohis.be\\\/de\\\/produit\\\/silverline-handgabelhubwagen-mit-sonderbreite\\\/#primaryimage\",\"url\":\"https:\\\/\\\/www.ohis.be\\\/wp-content\\\/uploads\\\/2022\\\/12\\\/hu_115_bts_sl_rechts.jpg\",\"contentUrl\":\"https:\\\/\\\/www.ohis.be\\\/wp-content\\\/uploads\\\/2022\\\/12\\\/hu_115_bts_sl_rechts.jpg\",\"width\":580,\"height\":580},{\"@type\":\"BreadcrumbList\",\"@id\":\"https:\\\/\\\/www.ohis.be\\\/de\\\/produit\\\/silverline-handgabelhubwagen-mit-sonderbreite\\\/#breadcrumb\",\"itemListElement\":[{\"@type\":\"ListItem\",\"position\":1,\"name\":\"Accueil\",\"item\":\"https:\\\/\\\/www.ohis.be\\\/de\\\/\"},{\"@type\":\"ListItem\",\"position\":2,\"name\":\"Produkte\",\"item\":\"https:\\\/\\\/www.ohis.be\\\/de\\\/produkte\\\/\"},{\"@type\":\"ListItem\",\"position\":3,\"name\":\"SILVERLINE Handgabelhubwagen mit Sonderbreite\"}]},{\"@type\":\"WebSite\",\"@id\":\"https:\\\/\\\/www.ohis.be\\\/#website\",\"url\":\"https:\\\/\\\/www.ohis.be\\\/\",\"name\":\"Ohis\",\"description\":\"Outils de levage\",\"publisher\":{\"@id\":\"https:\\\/\\\/www.ohis.be\\\/#organization\"},\"potentialAction\":[{\"@type\":\"SearchAction\",\"target\":{\"@type\":\"EntryPoint\",\"urlTemplate\":\"https:\\\/\\\/www.ohis.be\\\/?s={search_term_string}\"},\"query-input\":{\"@type\":\"PropertyValueSpecification\",\"valueRequired\":true,\"valueName\":\"search_term_string\"}}],\"inLanguage\":\"de\"},{\"@type\":\"Organization\",\"@id\":\"https:\\\/\\\/www.ohis.be\\\/#organization\",\"name\":\"Ohis\",\"url\":\"https:\\\/\\\/www.ohis.be\\\/\",\"logo\":{\"@type\":\"ImageObject\",\"inLanguage\":\"de\",\"@id\":\"https:\\\/\\\/www.ohis.be\\\/#\\\/schema\\\/logo\\\/image\\\/\",\"url\":\"https:\\\/\\\/www.ohis.be\\\/wp-content\\\/uploads\\\/2021\\\/02\\\/logo-ohis-wit.svg\",\"contentUrl\":\"https:\\\/\\\/www.ohis.be\\\/wp-content\\\/uploads\\\/2021\\\/02\\\/logo-ohis-wit.svg\",\"caption\":\"Ohis\"},\"image\":{\"@id\":\"https:\\\/\\\/www.ohis.be\\\/#\\\/schema\\\/logo\\\/image\\\/\"}}]}<\/script>\n<!-- \/ Yoast SEO plugin. -->","yoast_head_json":{"title":"SILVERLINE Handgabelhubwagen mit Sonderbreite - Ohis","robots":{"index":"index","follow":"follow","max-snippet":"max-snippet:-1","max-image-preview":"max-image-preview:large","max-video-preview":"max-video-preview:-1"},"canonical":"https:\/\/www.ohis.be\/de\/produit\/silverline-handgabelhubwagen-mit-sonderbreite\/","og_locale":"de_DE","og_type":"article","og_title":"SILVERLINE Handgabelhubwagen mit Sonderbreite - Ohis","og_description":"F\u00fcr den professionellen Transport von Spezialpaletten, z. B. Brikettpaletten oder amerikanische Paletten.  Merkmale - Ergonomische Sicherheitsdeichsel mit Einhandbedienung der Funktionen Heben, Fahren und Senken. - Deichselgriff mit Gummibeschichtung f\u00fcr eine sichere Handhabung. - Wartungsarme Hydraulikpumpe mit hartverchromtem Kolben. - Rahmen und Gabeln in solider Stahlkonstruktion, verstellbare Antriebsstangen und hochwertige Pulverbeschichtung f\u00fcr eine lange Lebensdauer des Ger\u00e4ts. - Gr\u00f6\u00dfere Gabelbreite f\u00fcr den Transport von besonders breiten und speziellen Paletten.  Reifentyp = PA: Polyamid \/ PUR: Polyurethan \/ VG: Solid rubber","og_url":"https:\/\/www.ohis.be\/de\/produit\/silverline-handgabelhubwagen-mit-sonderbreite\/","og_site_name":"Ohis","og_image":[{"width":580,"height":580,"url":"https:\/\/www.ohis.be\/wp-content\/uploads\/2022\/12\/hu_115_bts_sl_rechts.jpg","type":"image\/jpeg"}],"twitter_card":"summary_large_image","schema":{"@context":"https:\/\/schema.org","@graph":[{"@type":"WebPage","@id":"https:\/\/www.ohis.be\/de\/produit\/silverline-handgabelhubwagen-mit-sonderbreite\/","url":"https:\/\/www.ohis.be\/de\/produit\/silverline-handgabelhubwagen-mit-sonderbreite\/","name":"SILVERLINE Handgabelhubwagen mit Sonderbreite - Ohis","isPartOf":{"@id":"https:\/\/www.ohis.be\/#website"},"primaryImageOfPage":{"@id":"https:\/\/www.ohis.be\/de\/produit\/silverline-handgabelhubwagen-mit-sonderbreite\/#primaryimage"},"image":{"@id":"https:\/\/www.ohis.be\/de\/produit\/silverline-handgabelhubwagen-mit-sonderbreite\/#primaryimage"},"thumbnailUrl":"https:\/\/www.ohis.be\/wp-content\/uploads\/2022\/12\/hu_115_bts_sl_rechts.jpg","datePublished":"2022-12-26T08:50:19+00:00","breadcrumb":{"@id":"https:\/\/www.ohis.be\/de\/produit\/silverline-handgabelhubwagen-mit-sonderbreite\/#breadcrumb"},"inLanguage":"de","potentialAction":[{"@type":"ReadAction","target":["https:\/\/www.ohis.be\/de\/produit\/silverline-handgabelhubwagen-mit-sonderbreite\/"]}]},{"@type":"ImageObject","inLanguage":"de","@id":"https:\/\/www.ohis.be\/de\/produit\/silverline-handgabelhubwagen-mit-sonderbreite\/#primaryimage","url":"https:\/\/www.ohis.be\/wp-content\/uploads\/2022\/12\/hu_115_bts_sl_rechts.jpg","contentUrl":"https:\/\/www.ohis.be\/wp-content\/uploads\/2022\/12\/hu_115_bts_sl_rechts.jpg","width":580,"height":580},{"@type":"BreadcrumbList","@id":"https:\/\/www.ohis.be\/de\/produit\/silverline-handgabelhubwagen-mit-sonderbreite\/#breadcrumb","itemListElement":[{"@type":"ListItem","position":1,"name":"Accueil","item":"https:\/\/www.ohis.be\/de\/"},{"@type":"ListItem","position":2,"name":"Produkte","item":"https:\/\/www.ohis.be\/de\/produkte\/"},{"@type":"ListItem","position":3,"name":"SILVERLINE Handgabelhubwagen mit Sonderbreite"}]},{"@type":"WebSite","@id":"https:\/\/www.ohis.be\/#website","url":"https:\/\/www.ohis.be\/","name":"Ohis","description":"Outils de levage","publisher":{"@id":"https:\/\/www.ohis.be\/#organization"},"potentialAction":[{"@type":"SearchAction","target":{"@type":"EntryPoint","urlTemplate":"https:\/\/www.ohis.be\/?s={search_term_string}"},"query-input":{"@type":"PropertyValueSpecification","valueRequired":true,"valueName":"search_term_string"}}],"inLanguage":"de"},{"@type":"Organization","@id":"https:\/\/www.ohis.be\/#organization","name":"Ohis","url":"https:\/\/www.ohis.be\/","logo":{"@type":"ImageObject","inLanguage":"de","@id":"https:\/\/www.ohis.be\/#\/schema\/logo\/image\/","url":"https:\/\/www.ohis.be\/wp-content\/uploads\/2021\/02\/logo-ohis-wit.svg","contentUrl":"https:\/\/www.ohis.be\/wp-content\/uploads\/2021\/02\/logo-ohis-wit.svg","caption":"Ohis"},"image":{"@id":"https:\/\/www.ohis.be\/#\/schema\/logo\/image\/"}}]}},"_links":{"self":[{"href":"https:\/\/www.ohis.be\/de\/wp-json\/wp\/v2\/product\/31199","targetHints":{"allow":["GET"]}}],"collection":[{"href":"https:\/\/www.ohis.be\/de\/wp-json\/wp\/v2\/product"}],"about":[{"href":"https:\/\/www.ohis.be\/de\/wp-json\/wp\/v2\/types\/product"}],"wp:featuredmedia":[{"embeddable":true,"href":"https:\/\/www.ohis.be\/de\/wp-json\/wp\/v2\/media\/21594"}],"wp:attachment":[{"href":"https:\/\/www.ohis.be\/de\/wp-json\/wp\/v2\/media?parent=31199"}],"wp:term":[{"taxonomy":"product_brand","embeddable":true,"href":"https:\/\/www.ohis.be\/de\/wp-json\/wp\/v2\/product_brand?post=31199"},{"taxonomy":"product_cat","embeddable":true,"href":"https:\/\/www.ohis.be\/de\/wp-json\/wp\/v2\/product_cat?post=31199"},{"taxonomy":"product_tag","embeddable":true,"href":"https:\/\/www.ohis.be\/de\/wp-json\/wp\/v2\/product_tag?post=31199"}],"curies":[{"name":"wp","href":"https:\/\/api.w.org\/{rel}","templated":true}]}}