{"id":31194,"date":"2022-12-26T09:59:39","date_gmt":"2022-12-26T08:59:39","guid":{"rendered":"https:\/\/www.ohis.be\/produit\/hu-15-115-ftp-handgabelhubwagen-mit-flachen-gabeln\/"},"modified":"2022-12-26T09:59:39","modified_gmt":"2022-12-26T08:59:39","slug":"hu-15-115-ftp-handgabelhubwagen-mit-flachen-gabeln","status":"publish","type":"product","link":"https:\/\/www.ohis.be\/de\/produit\/hu-15-115-ftp-handgabelhubwagen-mit-flachen-gabeln\/","title":{"rendered":"HU 15-115 FTP Handgabelhubwagen mit flachen Gabeln"},"content":{"rendered":"<p>F\u00fcr den professionellen Transport von besonders niedrigen Paletten.<\/p>\n<p><strong>Ausstattung und Verarbeitung<\/strong><br \/>\n\u2022 Ergonomische Sicherheitsdeichsel mit Einhandbedienung der Funktionen Heben, Fahren und Senken.<br \/>\n\u2022 Gummierter Deichselgriff f\u00fcr sichere Handhabung.<br \/>\n\u2022 Wartungsarme Hochleistungshydraulikpumpe mit hartverchromten Kolben und \u00dcberlastsicherung.<br \/>\n\u2022 Rahmen und Gabeln in robuster Stahlkonstruktion, verstellbare Schubstangen, besonders geh\u00e4rtete Achsen und die hochwertige Pulverbeschichtung sorgen f\u00fcr eine lange Lebensdauer des Ger\u00e4tes.<br \/>\n\u2022 Unterfahrh\u00f6he von nur 51 mm f\u00fcr leichtes Einfahren in besonders niedrige Paletten.<br \/>\n\u2022 Leichtes Handling, auch bei beengten Platzverh\u00e4ltnissen, durch einen Lenkeinschlag von je 105 Grad.<\/p>\n","protected":false},"excerpt":{"rendered":"<p>F\u00fcr den professionellen Transport von besonders niedrigen Paletten.<\/p>\n<p><strong>Ausstattung und Verarbeitung<\/strong><br \/>\n\u2022 Ergonomische Sicherheitsdeichsel mit Einhandbedienung der Funktionen Heben, Fahren und Senken.<br \/>\n\u2022 Gummierter Deichselgriff f\u00fcr sichere Handhabung.<br \/>\n\u2022 Wartungsarme Hochleistungshydraulikpumpe mit hartverchromten Kolben und \u00dcberlastsicherung.<br \/>\n\u2022 Rahmen und Gabeln in robuster Stahlkonstruktion, verstellbare Schubstangen, besonders geh\u00e4rtete Achsen und die hochwertige Pulverbeschichtung sorgen f\u00fcr eine lange Lebensdauer des Ger\u00e4tes.<br \/>\n\u2022 Unterfahrh\u00f6he von nur 51 mm f\u00fcr leichtes Einfahren in besonders niedrige Paletten.<br \/>\n\u2022 Leichtes Handling, auch bei beengten Platzverh\u00e4ltnissen, durch einen Lenkeinschlag von je 105 Grad.<\/p>\n","protected":false},"featured_media":21566,"template":"","meta":{"_acf_changed":false,"inline_featured_image":false},"product_brand":[],"product_cat":[1633],"product_tag":[1673],"class_list":{"0":"post-31194","1":"product","2":"type-product","3":"status-publish","4":"has-post-thumbnail","6":"product_cat-gabelhubwagen","7":"product_tag-pfaff-de","9":"first","10":"onbackorder","11":"taxable","12":"shipping-taxable","13":"purchasable","14":"product-type-simple"},"acf":[],"yoast_head":"<!-- This site is optimized with the Yoast SEO plugin v27.4 - https:\/\/yoast.com\/product\/yoast-seo-wordpress\/ -->\n<title>HU 15-115 FTP Handgabelhubwagen mit flachen Gabeln - Ohis<\/title>\n<meta name=\"robots\" content=\"index, follow, max-snippet:-1, max-image-preview:large, max-video-preview:-1\" \/>\n<link rel=\"canonical\" href=\"https:\/\/www.ohis.be\/de\/produit\/hu-15-115-ftp-handgabelhubwagen-mit-flachen-gabeln\/\" \/>\n<meta property=\"og:locale\" content=\"de_DE\" \/>\n<meta property=\"og:type\" content=\"article\" \/>\n<meta property=\"og:title\" content=\"HU 15-115 FTP Handgabelhubwagen mit flachen Gabeln - Ohis\" \/>\n<meta property=\"og:description\" content=\"F\u00fcr den professionellen Transport von besonders niedrigen Paletten.  Ausstattung und Verarbeitung \u2022 Ergonomische Sicherheitsdeichsel mit Einhandbedienung der Funktionen Heben, Fahren und Senken. \u2022 Gummierter Deichselgriff f\u00fcr sichere Handhabung. \u2022 Wartungsarme Hochleistungshydraulikpumpe mit hartverchromten Kolben und \u00dcberlastsicherung. \u2022 Rahmen und Gabeln in robuster Stahlkonstruktion, verstellbare Schubstangen, besonders geh\u00e4rtete Achsen und die hochwertige Pulverbeschichtung sorgen f\u00fcr eine lange Lebensdauer des Ger\u00e4tes. \u2022 Unterfahrh\u00f6he von nur 51 mm f\u00fcr leichtes Einfahren in besonders niedrige Paletten. \u2022 Leichtes Handling, auch bei beengten Platzverh\u00e4ltnissen, durch einen Lenkeinschlag von je 105 Grad.\" \/>\n<meta property=\"og:url\" content=\"https:\/\/www.ohis.be\/de\/produit\/hu-15-115-ftp-handgabelhubwagen-mit-flachen-gabeln\/\" \/>\n<meta property=\"og:site_name\" content=\"Ohis\" \/>\n<meta property=\"og:image\" content=\"https:\/\/www.ohis.be\/wp-content\/uploads\/2022\/12\/hu_15_115_ftp.jpg\" \/>\n\t<meta property=\"og:image:width\" content=\"680\" \/>\n\t<meta property=\"og:image:height\" content=\"605\" \/>\n\t<meta property=\"og:image:type\" content=\"image\/jpeg\" \/>\n<meta name=\"twitter:card\" content=\"summary_large_image\" \/>\n<script type=\"application\/ld+json\" class=\"yoast-schema-graph\">{\"@context\":\"https:\\\/\\\/schema.org\",\"@graph\":[{\"@type\":\"WebPage\",\"@id\":\"https:\\\/\\\/www.ohis.be\\\/de\\\/produit\\\/hu-15-115-ftp-handgabelhubwagen-mit-flachen-gabeln\\\/\",\"url\":\"https:\\\/\\\/www.ohis.be\\\/de\\\/produit\\\/hu-15-115-ftp-handgabelhubwagen-mit-flachen-gabeln\\\/\",\"name\":\"HU 15-115 FTP Handgabelhubwagen mit flachen Gabeln - Ohis\",\"isPartOf\":{\"@id\":\"https:\\\/\\\/www.ohis.be\\\/#website\"},\"primaryImageOfPage\":{\"@id\":\"https:\\\/\\\/www.ohis.be\\\/de\\\/produit\\\/hu-15-115-ftp-handgabelhubwagen-mit-flachen-gabeln\\\/#primaryimage\"},\"image\":{\"@id\":\"https:\\\/\\\/www.ohis.be\\\/de\\\/produit\\\/hu-15-115-ftp-handgabelhubwagen-mit-flachen-gabeln\\\/#primaryimage\"},\"thumbnailUrl\":\"https:\\\/\\\/www.ohis.be\\\/wp-content\\\/uploads\\\/2022\\\/12\\\/hu_15_115_ftp.jpg\",\"datePublished\":\"2022-12-26T08:59:39+00:00\",\"breadcrumb\":{\"@id\":\"https:\\\/\\\/www.ohis.be\\\/de\\\/produit\\\/hu-15-115-ftp-handgabelhubwagen-mit-flachen-gabeln\\\/#breadcrumb\"},\"inLanguage\":\"de\",\"potentialAction\":[{\"@type\":\"ReadAction\",\"target\":[\"https:\\\/\\\/www.ohis.be\\\/de\\\/produit\\\/hu-15-115-ftp-handgabelhubwagen-mit-flachen-gabeln\\\/\"]}]},{\"@type\":\"ImageObject\",\"inLanguage\":\"de\",\"@id\":\"https:\\\/\\\/www.ohis.be\\\/de\\\/produit\\\/hu-15-115-ftp-handgabelhubwagen-mit-flachen-gabeln\\\/#primaryimage\",\"url\":\"https:\\\/\\\/www.ohis.be\\\/wp-content\\\/uploads\\\/2022\\\/12\\\/hu_15_115_ftp.jpg\",\"contentUrl\":\"https:\\\/\\\/www.ohis.be\\\/wp-content\\\/uploads\\\/2022\\\/12\\\/hu_15_115_ftp.jpg\",\"width\":680,\"height\":605},{\"@type\":\"BreadcrumbList\",\"@id\":\"https:\\\/\\\/www.ohis.be\\\/de\\\/produit\\\/hu-15-115-ftp-handgabelhubwagen-mit-flachen-gabeln\\\/#breadcrumb\",\"itemListElement\":[{\"@type\":\"ListItem\",\"position\":1,\"name\":\"Accueil\",\"item\":\"https:\\\/\\\/www.ohis.be\\\/de\\\/\"},{\"@type\":\"ListItem\",\"position\":2,\"name\":\"Produkte\",\"item\":\"https:\\\/\\\/www.ohis.be\\\/de\\\/produkte\\\/\"},{\"@type\":\"ListItem\",\"position\":3,\"name\":\"HU 15-115 FTP Handgabelhubwagen mit flachen Gabeln\"}]},{\"@type\":\"WebSite\",\"@id\":\"https:\\\/\\\/www.ohis.be\\\/#website\",\"url\":\"https:\\\/\\\/www.ohis.be\\\/\",\"name\":\"Ohis\",\"description\":\"Outils de levage\",\"publisher\":{\"@id\":\"https:\\\/\\\/www.ohis.be\\\/#organization\"},\"potentialAction\":[{\"@type\":\"SearchAction\",\"target\":{\"@type\":\"EntryPoint\",\"urlTemplate\":\"https:\\\/\\\/www.ohis.be\\\/?s={search_term_string}\"},\"query-input\":{\"@type\":\"PropertyValueSpecification\",\"valueRequired\":true,\"valueName\":\"search_term_string\"}}],\"inLanguage\":\"de\"},{\"@type\":\"Organization\",\"@id\":\"https:\\\/\\\/www.ohis.be\\\/#organization\",\"name\":\"Ohis\",\"url\":\"https:\\\/\\\/www.ohis.be\\\/\",\"logo\":{\"@type\":\"ImageObject\",\"inLanguage\":\"de\",\"@id\":\"https:\\\/\\\/www.ohis.be\\\/#\\\/schema\\\/logo\\\/image\\\/\",\"url\":\"https:\\\/\\\/www.ohis.be\\\/wp-content\\\/uploads\\\/2021\\\/02\\\/logo-ohis-wit.svg\",\"contentUrl\":\"https:\\\/\\\/www.ohis.be\\\/wp-content\\\/uploads\\\/2021\\\/02\\\/logo-ohis-wit.svg\",\"caption\":\"Ohis\"},\"image\":{\"@id\":\"https:\\\/\\\/www.ohis.be\\\/#\\\/schema\\\/logo\\\/image\\\/\"}}]}<\/script>\n<!-- \/ Yoast SEO plugin. -->","yoast_head_json":{"title":"HU 15-115 FTP Handgabelhubwagen mit flachen Gabeln - Ohis","robots":{"index":"index","follow":"follow","max-snippet":"max-snippet:-1","max-image-preview":"max-image-preview:large","max-video-preview":"max-video-preview:-1"},"canonical":"https:\/\/www.ohis.be\/de\/produit\/hu-15-115-ftp-handgabelhubwagen-mit-flachen-gabeln\/","og_locale":"de_DE","og_type":"article","og_title":"HU 15-115 FTP Handgabelhubwagen mit flachen Gabeln - Ohis","og_description":"F\u00fcr den professionellen Transport von besonders niedrigen Paletten.  Ausstattung und Verarbeitung \u2022 Ergonomische Sicherheitsdeichsel mit Einhandbedienung der Funktionen Heben, Fahren und Senken. \u2022 Gummierter Deichselgriff f\u00fcr sichere Handhabung. \u2022 Wartungsarme Hochleistungshydraulikpumpe mit hartverchromten Kolben und \u00dcberlastsicherung. \u2022 Rahmen und Gabeln in robuster Stahlkonstruktion, verstellbare Schubstangen, besonders geh\u00e4rtete Achsen und die hochwertige Pulverbeschichtung sorgen f\u00fcr eine lange Lebensdauer des Ger\u00e4tes. \u2022 Unterfahrh\u00f6he von nur 51 mm f\u00fcr leichtes Einfahren in besonders niedrige Paletten. \u2022 Leichtes Handling, auch bei beengten Platzverh\u00e4ltnissen, durch einen Lenkeinschlag von je 105 Grad.","og_url":"https:\/\/www.ohis.be\/de\/produit\/hu-15-115-ftp-handgabelhubwagen-mit-flachen-gabeln\/","og_site_name":"Ohis","og_image":[{"width":680,"height":605,"url":"https:\/\/www.ohis.be\/wp-content\/uploads\/2022\/12\/hu_15_115_ftp.jpg","type":"image\/jpeg"}],"twitter_card":"summary_large_image","schema":{"@context":"https:\/\/schema.org","@graph":[{"@type":"WebPage","@id":"https:\/\/www.ohis.be\/de\/produit\/hu-15-115-ftp-handgabelhubwagen-mit-flachen-gabeln\/","url":"https:\/\/www.ohis.be\/de\/produit\/hu-15-115-ftp-handgabelhubwagen-mit-flachen-gabeln\/","name":"HU 15-115 FTP Handgabelhubwagen mit flachen Gabeln - Ohis","isPartOf":{"@id":"https:\/\/www.ohis.be\/#website"},"primaryImageOfPage":{"@id":"https:\/\/www.ohis.be\/de\/produit\/hu-15-115-ftp-handgabelhubwagen-mit-flachen-gabeln\/#primaryimage"},"image":{"@id":"https:\/\/www.ohis.be\/de\/produit\/hu-15-115-ftp-handgabelhubwagen-mit-flachen-gabeln\/#primaryimage"},"thumbnailUrl":"https:\/\/www.ohis.be\/wp-content\/uploads\/2022\/12\/hu_15_115_ftp.jpg","datePublished":"2022-12-26T08:59:39+00:00","breadcrumb":{"@id":"https:\/\/www.ohis.be\/de\/produit\/hu-15-115-ftp-handgabelhubwagen-mit-flachen-gabeln\/#breadcrumb"},"inLanguage":"de","potentialAction":[{"@type":"ReadAction","target":["https:\/\/www.ohis.be\/de\/produit\/hu-15-115-ftp-handgabelhubwagen-mit-flachen-gabeln\/"]}]},{"@type":"ImageObject","inLanguage":"de","@id":"https:\/\/www.ohis.be\/de\/produit\/hu-15-115-ftp-handgabelhubwagen-mit-flachen-gabeln\/#primaryimage","url":"https:\/\/www.ohis.be\/wp-content\/uploads\/2022\/12\/hu_15_115_ftp.jpg","contentUrl":"https:\/\/www.ohis.be\/wp-content\/uploads\/2022\/12\/hu_15_115_ftp.jpg","width":680,"height":605},{"@type":"BreadcrumbList","@id":"https:\/\/www.ohis.be\/de\/produit\/hu-15-115-ftp-handgabelhubwagen-mit-flachen-gabeln\/#breadcrumb","itemListElement":[{"@type":"ListItem","position":1,"name":"Accueil","item":"https:\/\/www.ohis.be\/de\/"},{"@type":"ListItem","position":2,"name":"Produkte","item":"https:\/\/www.ohis.be\/de\/produkte\/"},{"@type":"ListItem","position":3,"name":"HU 15-115 FTP Handgabelhubwagen mit flachen Gabeln"}]},{"@type":"WebSite","@id":"https:\/\/www.ohis.be\/#website","url":"https:\/\/www.ohis.be\/","name":"Ohis","description":"Outils de levage","publisher":{"@id":"https:\/\/www.ohis.be\/#organization"},"potentialAction":[{"@type":"SearchAction","target":{"@type":"EntryPoint","urlTemplate":"https:\/\/www.ohis.be\/?s={search_term_string}"},"query-input":{"@type":"PropertyValueSpecification","valueRequired":true,"valueName":"search_term_string"}}],"inLanguage":"de"},{"@type":"Organization","@id":"https:\/\/www.ohis.be\/#organization","name":"Ohis","url":"https:\/\/www.ohis.be\/","logo":{"@type":"ImageObject","inLanguage":"de","@id":"https:\/\/www.ohis.be\/#\/schema\/logo\/image\/","url":"https:\/\/www.ohis.be\/wp-content\/uploads\/2021\/02\/logo-ohis-wit.svg","contentUrl":"https:\/\/www.ohis.be\/wp-content\/uploads\/2021\/02\/logo-ohis-wit.svg","caption":"Ohis"},"image":{"@id":"https:\/\/www.ohis.be\/#\/schema\/logo\/image\/"}}]}},"_links":{"self":[{"href":"https:\/\/www.ohis.be\/de\/wp-json\/wp\/v2\/product\/31194","targetHints":{"allow":["GET"]}}],"collection":[{"href":"https:\/\/www.ohis.be\/de\/wp-json\/wp\/v2\/product"}],"about":[{"href":"https:\/\/www.ohis.be\/de\/wp-json\/wp\/v2\/types\/product"}],"wp:featuredmedia":[{"embeddable":true,"href":"https:\/\/www.ohis.be\/de\/wp-json\/wp\/v2\/media\/21566"}],"wp:attachment":[{"href":"https:\/\/www.ohis.be\/de\/wp-json\/wp\/v2\/media?parent=31194"}],"wp:term":[{"taxonomy":"product_brand","embeddable":true,"href":"https:\/\/www.ohis.be\/de\/wp-json\/wp\/v2\/product_brand?post=31194"},{"taxonomy":"product_cat","embeddable":true,"href":"https:\/\/www.ohis.be\/de\/wp-json\/wp\/v2\/product_cat?post=31194"},{"taxonomy":"product_tag","embeddable":true,"href":"https:\/\/www.ohis.be\/de\/wp-json\/wp\/v2\/product_tag?post=31194"}],"curies":[{"name":"wp","href":"https:\/\/api.w.org\/{rel}","templated":true}]}}