{"id":31183,"date":"2022-12-26T10:17:17","date_gmt":"2022-12-26T09:17:17","guid":{"rendered":"https:\/\/www.ohis.be\/produit\/hu-long-pl-handgabelhubwagen-mit-langen-gabeln\/"},"modified":"2022-12-26T10:17:17","modified_gmt":"2022-12-26T09:17:17","slug":"hu-long-pl-handgabelhubwagen-mit-langen-gabeln","status":"publish","type":"product","link":"https:\/\/www.ohis.be\/de\/produit\/hu-long-pl-handgabelhubwagen-mit-langen-gabeln\/","title":{"rendered":"HU long PL Handgabelhubwagen mit langen Gabeln"},"content":{"rendered":"<p>F\u00fcr den professionellen Transport von langen palettierten G\u00fctern und Gitterboxen unter anspruchsvollen Bedingungen.<\/p>\n<p><strong>Ausstattung und Verarbeitung<\/strong><br \/>\n\u2022 Ergonomische Sicherheitsdeichsel mit Einhandbedienung der Funktionen Heben, Fahren und Senken.<br \/>\n\u2022 Gummierter Deichselgriff f\u00fcr sichere Handhabung.<br \/>\n\u2022 Wartungsarme Hochleistungshydraulikpumpe mit hartverchromten Kolben und \u00dcberlastsicherung.<br \/>\n\u2022 Rahmen und Gabeln in robuster Stahlkonstruktion, verstellbare Schubstangen, besonders geh\u00e4rtete Achsen und die hochwertige Pulverbeschichtung sorgen f\u00fcr eine lange Lebensdauer des Ger\u00e4tes.<br \/>\n\u2022 Gabell\u00e4ngen von 1.300 bis 3.000 mm f\u00fcr den Transport von langen G\u00fctern aller Art.<br \/>\n\u2022 Leichtes Handling, auch bei beengten Platzverh\u00e4ltnissen, durch einen Lenkeinschlag von je 105 Grad.<\/p>\n","protected":false},"excerpt":{"rendered":"<p>F\u00fcr den professionellen Transport von langen palettierten G\u00fctern und Gitterboxen unter anspruchsvollen Bedingungen.<\/p>\n<p><strong>Ausstattung und Verarbeitung<\/strong><br \/>\n\u2022 Ergonomische Sicherheitsdeichsel mit Einhandbedienung der Funktionen Heben, Fahren und Senken.<br \/>\n\u2022 Gummierter Deichselgriff f\u00fcr sichere Handhabung.<br \/>\n\u2022 Wartungsarme Hochleistungshydraulikpumpe mit hartverchromten Kolben und \u00dcberlastsicherung.<br \/>\n\u2022 Rahmen und Gabeln in robuster Stahlkonstruktion, verstellbare Schubstangen, besonders geh\u00e4rtete Achsen und die hochwertige Pulverbeschichtung sorgen f\u00fcr eine lange Lebensdauer des Ger\u00e4tes.<br \/>\n\u2022 Gabell\u00e4ngen von 1.300 bis 3.000 mm f\u00fcr den Transport von langen G\u00fctern aller Art.<br \/>\n\u2022 Leichtes Handling, auch bei beengten Platzverh\u00e4ltnissen, durch einen Lenkeinschlag von je 105 Grad.<\/p>\n","protected":false},"featured_media":21658,"template":"","meta":{"_acf_changed":false,"inline_featured_image":false},"product_brand":[],"product_cat":[1633],"product_tag":[1673],"class_list":{"0":"post-31183","1":"product","2":"type-product","3":"status-publish","4":"has-post-thumbnail","6":"product_cat-gabelhubwagen","7":"product_tag-pfaff-de","9":"first","10":"onbackorder","11":"taxable","12":"shipping-taxable","13":"purchasable","14":"product-type-variable"},"acf":[],"yoast_head":"<!-- This site is optimized with the Yoast SEO plugin v27.4 - https:\/\/yoast.com\/product\/yoast-seo-wordpress\/ -->\n<title>HU long PL Handgabelhubwagen mit langen Gabeln - Ohis<\/title>\n<meta name=\"robots\" content=\"index, follow, max-snippet:-1, max-image-preview:large, max-video-preview:-1\" \/>\n<link rel=\"canonical\" href=\"https:\/\/www.ohis.be\/de\/produit\/hu-long-pl-handgabelhubwagen-mit-langen-gabeln\/\" \/>\n<meta property=\"og:locale\" content=\"de_DE\" \/>\n<meta property=\"og:type\" content=\"article\" \/>\n<meta property=\"og:title\" content=\"HU long PL Handgabelhubwagen mit langen Gabeln - Ohis\" \/>\n<meta property=\"og:description\" content=\"F\u00fcr den professionellen Transport von langen palettierten G\u00fctern und Gitterboxen unter anspruchsvollen Bedingungen.  Ausstattung und Verarbeitung \u2022 Ergonomische Sicherheitsdeichsel mit Einhandbedienung der Funktionen Heben, Fahren und Senken. \u2022 Gummierter Deichselgriff f\u00fcr sichere Handhabung. \u2022 Wartungsarme Hochleistungshydraulikpumpe mit hartverchromten Kolben und \u00dcberlastsicherung. \u2022 Rahmen und Gabeln in robuster Stahlkonstruktion, verstellbare Schubstangen, besonders geh\u00e4rtete Achsen und die hochwertige Pulverbeschichtung sorgen f\u00fcr eine lange Lebensdauer des Ger\u00e4tes. \u2022 Gabell\u00e4ngen von 1.300 bis 3.000 mm f\u00fcr den Transport von langen G\u00fctern aller Art. \u2022 Leichtes Handling, auch bei beengten Platzverh\u00e4ltnissen, durch einen Lenkeinschlag von je 105 Grad.\" \/>\n<meta property=\"og:url\" content=\"https:\/\/www.ohis.be\/de\/produit\/hu-long-pl-handgabelhubwagen-mit-langen-gabeln\/\" \/>\n<meta property=\"og:site_name\" content=\"Ohis\" \/>\n<meta property=\"og:image\" content=\"https:\/\/www.ohis.be\/wp-content\/uploads\/2022\/12\/hu_lang_pl_vorne.jpg\" \/>\n\t<meta property=\"og:image:width\" content=\"794\" \/>\n\t<meta property=\"og:image:height\" content=\"572\" \/>\n\t<meta property=\"og:image:type\" content=\"image\/jpeg\" \/>\n<meta name=\"twitter:card\" content=\"summary_large_image\" \/>\n<script type=\"application\/ld+json\" class=\"yoast-schema-graph\">{\"@context\":\"https:\\\/\\\/schema.org\",\"@graph\":[{\"@type\":\"WebPage\",\"@id\":\"https:\\\/\\\/www.ohis.be\\\/de\\\/produit\\\/hu-long-pl-handgabelhubwagen-mit-langen-gabeln\\\/\",\"url\":\"https:\\\/\\\/www.ohis.be\\\/de\\\/produit\\\/hu-long-pl-handgabelhubwagen-mit-langen-gabeln\\\/\",\"name\":\"HU long PL Handgabelhubwagen mit langen Gabeln - Ohis\",\"isPartOf\":{\"@id\":\"https:\\\/\\\/www.ohis.be\\\/#website\"},\"primaryImageOfPage\":{\"@id\":\"https:\\\/\\\/www.ohis.be\\\/de\\\/produit\\\/hu-long-pl-handgabelhubwagen-mit-langen-gabeln\\\/#primaryimage\"},\"image\":{\"@id\":\"https:\\\/\\\/www.ohis.be\\\/de\\\/produit\\\/hu-long-pl-handgabelhubwagen-mit-langen-gabeln\\\/#primaryimage\"},\"thumbnailUrl\":\"https:\\\/\\\/www.ohis.be\\\/wp-content\\\/uploads\\\/2022\\\/12\\\/hu_lang_pl_vorne.jpg\",\"datePublished\":\"2022-12-26T09:17:17+00:00\",\"breadcrumb\":{\"@id\":\"https:\\\/\\\/www.ohis.be\\\/de\\\/produit\\\/hu-long-pl-handgabelhubwagen-mit-langen-gabeln\\\/#breadcrumb\"},\"inLanguage\":\"de\",\"potentialAction\":[{\"@type\":\"ReadAction\",\"target\":[\"https:\\\/\\\/www.ohis.be\\\/de\\\/produit\\\/hu-long-pl-handgabelhubwagen-mit-langen-gabeln\\\/\"]}]},{\"@type\":\"ImageObject\",\"inLanguage\":\"de\",\"@id\":\"https:\\\/\\\/www.ohis.be\\\/de\\\/produit\\\/hu-long-pl-handgabelhubwagen-mit-langen-gabeln\\\/#primaryimage\",\"url\":\"https:\\\/\\\/www.ohis.be\\\/wp-content\\\/uploads\\\/2022\\\/12\\\/hu_lang_pl_vorne.jpg\",\"contentUrl\":\"https:\\\/\\\/www.ohis.be\\\/wp-content\\\/uploads\\\/2022\\\/12\\\/hu_lang_pl_vorne.jpg\",\"width\":794,\"height\":572},{\"@type\":\"BreadcrumbList\",\"@id\":\"https:\\\/\\\/www.ohis.be\\\/de\\\/produit\\\/hu-long-pl-handgabelhubwagen-mit-langen-gabeln\\\/#breadcrumb\",\"itemListElement\":[{\"@type\":\"ListItem\",\"position\":1,\"name\":\"Accueil\",\"item\":\"https:\\\/\\\/www.ohis.be\\\/de\\\/\"},{\"@type\":\"ListItem\",\"position\":2,\"name\":\"Produkte\",\"item\":\"https:\\\/\\\/www.ohis.be\\\/de\\\/produkte\\\/\"},{\"@type\":\"ListItem\",\"position\":3,\"name\":\"HU long PL Handgabelhubwagen mit langen Gabeln\"}]},{\"@type\":\"WebSite\",\"@id\":\"https:\\\/\\\/www.ohis.be\\\/#website\",\"url\":\"https:\\\/\\\/www.ohis.be\\\/\",\"name\":\"Ohis\",\"description\":\"Outils de levage\",\"publisher\":{\"@id\":\"https:\\\/\\\/www.ohis.be\\\/#organization\"},\"potentialAction\":[{\"@type\":\"SearchAction\",\"target\":{\"@type\":\"EntryPoint\",\"urlTemplate\":\"https:\\\/\\\/www.ohis.be\\\/?s={search_term_string}\"},\"query-input\":{\"@type\":\"PropertyValueSpecification\",\"valueRequired\":true,\"valueName\":\"search_term_string\"}}],\"inLanguage\":\"de\"},{\"@type\":\"Organization\",\"@id\":\"https:\\\/\\\/www.ohis.be\\\/#organization\",\"name\":\"Ohis\",\"url\":\"https:\\\/\\\/www.ohis.be\\\/\",\"logo\":{\"@type\":\"ImageObject\",\"inLanguage\":\"de\",\"@id\":\"https:\\\/\\\/www.ohis.be\\\/#\\\/schema\\\/logo\\\/image\\\/\",\"url\":\"https:\\\/\\\/www.ohis.be\\\/wp-content\\\/uploads\\\/2021\\\/02\\\/logo-ohis-wit.svg\",\"contentUrl\":\"https:\\\/\\\/www.ohis.be\\\/wp-content\\\/uploads\\\/2021\\\/02\\\/logo-ohis-wit.svg\",\"caption\":\"Ohis\"},\"image\":{\"@id\":\"https:\\\/\\\/www.ohis.be\\\/#\\\/schema\\\/logo\\\/image\\\/\"}}]}<\/script>\n<!-- \/ Yoast SEO plugin. -->","yoast_head_json":{"title":"HU long PL Handgabelhubwagen mit langen Gabeln - Ohis","robots":{"index":"index","follow":"follow","max-snippet":"max-snippet:-1","max-image-preview":"max-image-preview:large","max-video-preview":"max-video-preview:-1"},"canonical":"https:\/\/www.ohis.be\/de\/produit\/hu-long-pl-handgabelhubwagen-mit-langen-gabeln\/","og_locale":"de_DE","og_type":"article","og_title":"HU long PL Handgabelhubwagen mit langen Gabeln - Ohis","og_description":"F\u00fcr den professionellen Transport von langen palettierten G\u00fctern und Gitterboxen unter anspruchsvollen Bedingungen.  Ausstattung und Verarbeitung \u2022 Ergonomische Sicherheitsdeichsel mit Einhandbedienung der Funktionen Heben, Fahren und Senken. \u2022 Gummierter Deichselgriff f\u00fcr sichere Handhabung. \u2022 Wartungsarme Hochleistungshydraulikpumpe mit hartverchromten Kolben und \u00dcberlastsicherung. \u2022 Rahmen und Gabeln in robuster Stahlkonstruktion, verstellbare Schubstangen, besonders geh\u00e4rtete Achsen und die hochwertige Pulverbeschichtung sorgen f\u00fcr eine lange Lebensdauer des Ger\u00e4tes. \u2022 Gabell\u00e4ngen von 1.300 bis 3.000 mm f\u00fcr den Transport von langen G\u00fctern aller Art. \u2022 Leichtes Handling, auch bei beengten Platzverh\u00e4ltnissen, durch einen Lenkeinschlag von je 105 Grad.","og_url":"https:\/\/www.ohis.be\/de\/produit\/hu-long-pl-handgabelhubwagen-mit-langen-gabeln\/","og_site_name":"Ohis","og_image":[{"width":794,"height":572,"url":"https:\/\/www.ohis.be\/wp-content\/uploads\/2022\/12\/hu_lang_pl_vorne.jpg","type":"image\/jpeg"}],"twitter_card":"summary_large_image","schema":{"@context":"https:\/\/schema.org","@graph":[{"@type":"WebPage","@id":"https:\/\/www.ohis.be\/de\/produit\/hu-long-pl-handgabelhubwagen-mit-langen-gabeln\/","url":"https:\/\/www.ohis.be\/de\/produit\/hu-long-pl-handgabelhubwagen-mit-langen-gabeln\/","name":"HU long PL Handgabelhubwagen mit langen Gabeln - Ohis","isPartOf":{"@id":"https:\/\/www.ohis.be\/#website"},"primaryImageOfPage":{"@id":"https:\/\/www.ohis.be\/de\/produit\/hu-long-pl-handgabelhubwagen-mit-langen-gabeln\/#primaryimage"},"image":{"@id":"https:\/\/www.ohis.be\/de\/produit\/hu-long-pl-handgabelhubwagen-mit-langen-gabeln\/#primaryimage"},"thumbnailUrl":"https:\/\/www.ohis.be\/wp-content\/uploads\/2022\/12\/hu_lang_pl_vorne.jpg","datePublished":"2022-12-26T09:17:17+00:00","breadcrumb":{"@id":"https:\/\/www.ohis.be\/de\/produit\/hu-long-pl-handgabelhubwagen-mit-langen-gabeln\/#breadcrumb"},"inLanguage":"de","potentialAction":[{"@type":"ReadAction","target":["https:\/\/www.ohis.be\/de\/produit\/hu-long-pl-handgabelhubwagen-mit-langen-gabeln\/"]}]},{"@type":"ImageObject","inLanguage":"de","@id":"https:\/\/www.ohis.be\/de\/produit\/hu-long-pl-handgabelhubwagen-mit-langen-gabeln\/#primaryimage","url":"https:\/\/www.ohis.be\/wp-content\/uploads\/2022\/12\/hu_lang_pl_vorne.jpg","contentUrl":"https:\/\/www.ohis.be\/wp-content\/uploads\/2022\/12\/hu_lang_pl_vorne.jpg","width":794,"height":572},{"@type":"BreadcrumbList","@id":"https:\/\/www.ohis.be\/de\/produit\/hu-long-pl-handgabelhubwagen-mit-langen-gabeln\/#breadcrumb","itemListElement":[{"@type":"ListItem","position":1,"name":"Accueil","item":"https:\/\/www.ohis.be\/de\/"},{"@type":"ListItem","position":2,"name":"Produkte","item":"https:\/\/www.ohis.be\/de\/produkte\/"},{"@type":"ListItem","position":3,"name":"HU long PL Handgabelhubwagen mit langen Gabeln"}]},{"@type":"WebSite","@id":"https:\/\/www.ohis.be\/#website","url":"https:\/\/www.ohis.be\/","name":"Ohis","description":"Outils de levage","publisher":{"@id":"https:\/\/www.ohis.be\/#organization"},"potentialAction":[{"@type":"SearchAction","target":{"@type":"EntryPoint","urlTemplate":"https:\/\/www.ohis.be\/?s={search_term_string}"},"query-input":{"@type":"PropertyValueSpecification","valueRequired":true,"valueName":"search_term_string"}}],"inLanguage":"de"},{"@type":"Organization","@id":"https:\/\/www.ohis.be\/#organization","name":"Ohis","url":"https:\/\/www.ohis.be\/","logo":{"@type":"ImageObject","inLanguage":"de","@id":"https:\/\/www.ohis.be\/#\/schema\/logo\/image\/","url":"https:\/\/www.ohis.be\/wp-content\/uploads\/2021\/02\/logo-ohis-wit.svg","contentUrl":"https:\/\/www.ohis.be\/wp-content\/uploads\/2021\/02\/logo-ohis-wit.svg","caption":"Ohis"},"image":{"@id":"https:\/\/www.ohis.be\/#\/schema\/logo\/image\/"}}]}},"_links":{"self":[{"href":"https:\/\/www.ohis.be\/de\/wp-json\/wp\/v2\/product\/31183","targetHints":{"allow":["GET"]}}],"collection":[{"href":"https:\/\/www.ohis.be\/de\/wp-json\/wp\/v2\/product"}],"about":[{"href":"https:\/\/www.ohis.be\/de\/wp-json\/wp\/v2\/types\/product"}],"wp:featuredmedia":[{"embeddable":true,"href":"https:\/\/www.ohis.be\/de\/wp-json\/wp\/v2\/media\/21658"}],"wp:attachment":[{"href":"https:\/\/www.ohis.be\/de\/wp-json\/wp\/v2\/media?parent=31183"}],"wp:term":[{"taxonomy":"product_brand","embeddable":true,"href":"https:\/\/www.ohis.be\/de\/wp-json\/wp\/v2\/product_brand?post=31183"},{"taxonomy":"product_cat","embeddable":true,"href":"https:\/\/www.ohis.be\/de\/wp-json\/wp\/v2\/product_cat?post=31183"},{"taxonomy":"product_tag","embeddable":true,"href":"https:\/\/www.ohis.be\/de\/wp-json\/wp\/v2\/product_tag?post=31183"}],"curies":[{"name":"wp","href":"https:\/\/api.w.org\/{rel}","templated":true}]}}