{"id":31168,"date":"2022-12-26T10:33:44","date_gmt":"2022-12-26T09:33:44","guid":{"rendered":"https:\/\/www.ohis.be\/produit\/hu-20-115-handgabelhubwagen-mit-schnellhub\/"},"modified":"2022-12-26T10:33:44","modified_gmt":"2022-12-26T09:33:44","slug":"hu-20-115-handgabelhubwagen-mit-schnellhub","status":"publish","type":"product","link":"https:\/\/www.ohis.be\/de\/produit\/hu-20-115-handgabelhubwagen-mit-schnellhub\/","title":{"rendered":"HU 20-115 Handgabelhubwagen mit Schnellhub"},"content":{"rendered":"<p>F\u00fcr schnelles Heben und professionellen Transport von palettierten G\u00fctern und Gitterboxen unter anspruchsvollen Bedingungen.<\/p>\n<p><strong>Ausstattung und Verarbeitung<\/strong><br \/>\n\u2022 Ergonomische Sicherheitsdeichsel mit Einhandbedienung der Funktionen Heben, Fahren und Senken.<br \/>\n\u2022 Gummierter Deichselgriff f\u00fcr sichere Handhabung.<br \/>\n\u2022 Wartungsarme Hochleistungshydraulikpumpe mit hartverchromten Kolben und \u00dcberlastsicherung.<br \/>\n\u2022 Schnellhub f\u00fcr Lasten bis 200 kg f\u00fcr schnelles Anheben.<br \/>\n\u2022 Rahmen und Gabeln in robuster Stahlkonstruktion, verstellbare Schubstangen, besonders geh\u00e4rtete Achsen und die hochwertige Pulverbeschichtung sorgen f\u00fcr eine lange Lebensdauer des Ger\u00e4tes.<br \/>\n\u2022 Leichtes Handling, auch bei beengten Platzverh\u00e4ltnissen, durch einen Lenkeinschlag von je 105 Grad.<\/p>\n","protected":false},"excerpt":{"rendered":"<p>F\u00fcr schnelles Heben und professionellen Transport von palettierten G\u00fctern und Gitterboxen unter anspruchsvollen Bedingungen.<\/p>\n<p><strong>Ausstattung und Verarbeitung<\/strong><br \/>\n\u2022 Ergonomische Sicherheitsdeichsel mit Einhandbedienung der Funktionen Heben, Fahren und Senken.<br \/>\n\u2022 Gummierter Deichselgriff f\u00fcr sichere Handhabung.<br \/>\n\u2022 Wartungsarme Hochleistungshydraulikpumpe mit hartverchromten Kolben und \u00dcberlastsicherung.<br \/>\n\u2022 Schnellhub f\u00fcr Lasten bis 200 kg f\u00fcr schnelles Anheben.<br \/>\n\u2022 Rahmen und Gabeln in robuster Stahlkonstruktion, verstellbare Schubstangen, besonders geh\u00e4rtete Achsen und die hochwertige Pulverbeschichtung sorgen f\u00fcr eine lange Lebensdauer des Ger\u00e4tes.<br \/>\n\u2022 Leichtes Handling, auch bei beengten Platzverh\u00e4ltnissen, durch einen Lenkeinschlag von je 105 Grad.<\/p>\n","protected":false},"featured_media":21663,"template":"","meta":{"_acf_changed":false,"inline_featured_image":false},"product_brand":[],"product_cat":[1633],"product_tag":[1673],"class_list":{"0":"post-31168","1":"product","2":"type-product","3":"status-publish","4":"has-post-thumbnail","6":"product_cat-gabelhubwagen","7":"product_tag-pfaff-de","8":"product_shipping_class-5-de","10":"first","11":"onbackorder","12":"taxable","13":"shipping-taxable","14":"purchasable","15":"product-type-simple"},"acf":[],"yoast_head":"<!-- This site is optimized with the Yoast SEO plugin v27.4 - https:\/\/yoast.com\/product\/yoast-seo-wordpress\/ -->\n<title>HU 20-115 Handgabelhubwagen mit Schnellhub - Ohis<\/title>\n<meta name=\"robots\" content=\"index, follow, max-snippet:-1, max-image-preview:large, max-video-preview:-1\" \/>\n<link rel=\"canonical\" href=\"https:\/\/www.ohis.be\/de\/produit\/hu-20-115-handgabelhubwagen-mit-schnellhub\/\" \/>\n<meta property=\"og:locale\" content=\"de_DE\" \/>\n<meta property=\"og:type\" content=\"article\" \/>\n<meta property=\"og:title\" content=\"HU 20-115 Handgabelhubwagen mit Schnellhub - Ohis\" \/>\n<meta property=\"og:description\" content=\"F\u00fcr schnelles Heben und professionellen Transport von palettierten G\u00fctern und Gitterboxen unter anspruchsvollen Bedingungen.  Ausstattung und Verarbeitung \u2022 Ergonomische Sicherheitsdeichsel mit Einhandbedienung der Funktionen Heben, Fahren und Senken. \u2022 Gummierter Deichselgriff f\u00fcr sichere Handhabung. \u2022 Wartungsarme Hochleistungshydraulikpumpe mit hartverchromten Kolben und \u00dcberlastsicherung. \u2022 Schnellhub f\u00fcr Lasten bis 200 kg f\u00fcr schnelles Anheben. \u2022 Rahmen und Gabeln in robuster Stahlkonstruktion, verstellbare Schubstangen, besonders geh\u00e4rtete Achsen und die hochwertige Pulverbeschichtung sorgen f\u00fcr eine lange Lebensdauer des Ger\u00e4tes. \u2022 Leichtes Handling, auch bei beengten Platzverh\u00e4ltnissen, durch einen Lenkeinschlag von je 105 Grad.\" \/>\n<meta property=\"og:url\" content=\"https:\/\/www.ohis.be\/de\/produit\/hu-20-115-handgabelhubwagen-mit-schnellhub\/\" \/>\n<meta property=\"og:site_name\" content=\"Ohis\" \/>\n<meta property=\"og:image\" content=\"https:\/\/www.ohis.be\/wp-content\/uploads\/2022\/12\/hu_qltp_pl.jpg\" \/>\n\t<meta property=\"og:image:width\" content=\"718\" \/>\n\t<meta property=\"og:image:height\" content=\"605\" \/>\n\t<meta property=\"og:image:type\" content=\"image\/jpeg\" \/>\n<meta name=\"twitter:card\" content=\"summary_large_image\" \/>\n<script type=\"application\/ld+json\" class=\"yoast-schema-graph\">{\"@context\":\"https:\\\/\\\/schema.org\",\"@graph\":[{\"@type\":\"WebPage\",\"@id\":\"https:\\\/\\\/www.ohis.be\\\/de\\\/produit\\\/hu-20-115-handgabelhubwagen-mit-schnellhub\\\/\",\"url\":\"https:\\\/\\\/www.ohis.be\\\/de\\\/produit\\\/hu-20-115-handgabelhubwagen-mit-schnellhub\\\/\",\"name\":\"HU 20-115 Handgabelhubwagen mit Schnellhub - Ohis\",\"isPartOf\":{\"@id\":\"https:\\\/\\\/www.ohis.be\\\/#website\"},\"primaryImageOfPage\":{\"@id\":\"https:\\\/\\\/www.ohis.be\\\/de\\\/produit\\\/hu-20-115-handgabelhubwagen-mit-schnellhub\\\/#primaryimage\"},\"image\":{\"@id\":\"https:\\\/\\\/www.ohis.be\\\/de\\\/produit\\\/hu-20-115-handgabelhubwagen-mit-schnellhub\\\/#primaryimage\"},\"thumbnailUrl\":\"https:\\\/\\\/www.ohis.be\\\/wp-content\\\/uploads\\\/2022\\\/12\\\/hu_qltp_pl.jpg\",\"datePublished\":\"2022-12-26T09:33:44+00:00\",\"breadcrumb\":{\"@id\":\"https:\\\/\\\/www.ohis.be\\\/de\\\/produit\\\/hu-20-115-handgabelhubwagen-mit-schnellhub\\\/#breadcrumb\"},\"inLanguage\":\"de\",\"potentialAction\":[{\"@type\":\"ReadAction\",\"target\":[\"https:\\\/\\\/www.ohis.be\\\/de\\\/produit\\\/hu-20-115-handgabelhubwagen-mit-schnellhub\\\/\"]}]},{\"@type\":\"ImageObject\",\"inLanguage\":\"de\",\"@id\":\"https:\\\/\\\/www.ohis.be\\\/de\\\/produit\\\/hu-20-115-handgabelhubwagen-mit-schnellhub\\\/#primaryimage\",\"url\":\"https:\\\/\\\/www.ohis.be\\\/wp-content\\\/uploads\\\/2022\\\/12\\\/hu_qltp_pl.jpg\",\"contentUrl\":\"https:\\\/\\\/www.ohis.be\\\/wp-content\\\/uploads\\\/2022\\\/12\\\/hu_qltp_pl.jpg\",\"width\":718,\"height\":605},{\"@type\":\"BreadcrumbList\",\"@id\":\"https:\\\/\\\/www.ohis.be\\\/de\\\/produit\\\/hu-20-115-handgabelhubwagen-mit-schnellhub\\\/#breadcrumb\",\"itemListElement\":[{\"@type\":\"ListItem\",\"position\":1,\"name\":\"Accueil\",\"item\":\"https:\\\/\\\/www.ohis.be\\\/de\\\/\"},{\"@type\":\"ListItem\",\"position\":2,\"name\":\"Produkte\",\"item\":\"https:\\\/\\\/www.ohis.be\\\/de\\\/produkte\\\/\"},{\"@type\":\"ListItem\",\"position\":3,\"name\":\"HU 20-115 Handgabelhubwagen mit Schnellhub\"}]},{\"@type\":\"WebSite\",\"@id\":\"https:\\\/\\\/www.ohis.be\\\/#website\",\"url\":\"https:\\\/\\\/www.ohis.be\\\/\",\"name\":\"Ohis\",\"description\":\"Outils de levage\",\"publisher\":{\"@id\":\"https:\\\/\\\/www.ohis.be\\\/#organization\"},\"potentialAction\":[{\"@type\":\"SearchAction\",\"target\":{\"@type\":\"EntryPoint\",\"urlTemplate\":\"https:\\\/\\\/www.ohis.be\\\/?s={search_term_string}\"},\"query-input\":{\"@type\":\"PropertyValueSpecification\",\"valueRequired\":true,\"valueName\":\"search_term_string\"}}],\"inLanguage\":\"de\"},{\"@type\":\"Organization\",\"@id\":\"https:\\\/\\\/www.ohis.be\\\/#organization\",\"name\":\"Ohis\",\"url\":\"https:\\\/\\\/www.ohis.be\\\/\",\"logo\":{\"@type\":\"ImageObject\",\"inLanguage\":\"de\",\"@id\":\"https:\\\/\\\/www.ohis.be\\\/#\\\/schema\\\/logo\\\/image\\\/\",\"url\":\"https:\\\/\\\/www.ohis.be\\\/wp-content\\\/uploads\\\/2021\\\/02\\\/logo-ohis-wit.svg\",\"contentUrl\":\"https:\\\/\\\/www.ohis.be\\\/wp-content\\\/uploads\\\/2021\\\/02\\\/logo-ohis-wit.svg\",\"caption\":\"Ohis\"},\"image\":{\"@id\":\"https:\\\/\\\/www.ohis.be\\\/#\\\/schema\\\/logo\\\/image\\\/\"}}]}<\/script>\n<!-- \/ Yoast SEO plugin. -->","yoast_head_json":{"title":"HU 20-115 Handgabelhubwagen mit Schnellhub - Ohis","robots":{"index":"index","follow":"follow","max-snippet":"max-snippet:-1","max-image-preview":"max-image-preview:large","max-video-preview":"max-video-preview:-1"},"canonical":"https:\/\/www.ohis.be\/de\/produit\/hu-20-115-handgabelhubwagen-mit-schnellhub\/","og_locale":"de_DE","og_type":"article","og_title":"HU 20-115 Handgabelhubwagen mit Schnellhub - Ohis","og_description":"F\u00fcr schnelles Heben und professionellen Transport von palettierten G\u00fctern und Gitterboxen unter anspruchsvollen Bedingungen.  Ausstattung und Verarbeitung \u2022 Ergonomische Sicherheitsdeichsel mit Einhandbedienung der Funktionen Heben, Fahren und Senken. \u2022 Gummierter Deichselgriff f\u00fcr sichere Handhabung. \u2022 Wartungsarme Hochleistungshydraulikpumpe mit hartverchromten Kolben und \u00dcberlastsicherung. \u2022 Schnellhub f\u00fcr Lasten bis 200 kg f\u00fcr schnelles Anheben. \u2022 Rahmen und Gabeln in robuster Stahlkonstruktion, verstellbare Schubstangen, besonders geh\u00e4rtete Achsen und die hochwertige Pulverbeschichtung sorgen f\u00fcr eine lange Lebensdauer des Ger\u00e4tes. \u2022 Leichtes Handling, auch bei beengten Platzverh\u00e4ltnissen, durch einen Lenkeinschlag von je 105 Grad.","og_url":"https:\/\/www.ohis.be\/de\/produit\/hu-20-115-handgabelhubwagen-mit-schnellhub\/","og_site_name":"Ohis","og_image":[{"width":718,"height":605,"url":"https:\/\/www.ohis.be\/wp-content\/uploads\/2022\/12\/hu_qltp_pl.jpg","type":"image\/jpeg"}],"twitter_card":"summary_large_image","schema":{"@context":"https:\/\/schema.org","@graph":[{"@type":"WebPage","@id":"https:\/\/www.ohis.be\/de\/produit\/hu-20-115-handgabelhubwagen-mit-schnellhub\/","url":"https:\/\/www.ohis.be\/de\/produit\/hu-20-115-handgabelhubwagen-mit-schnellhub\/","name":"HU 20-115 Handgabelhubwagen mit Schnellhub - Ohis","isPartOf":{"@id":"https:\/\/www.ohis.be\/#website"},"primaryImageOfPage":{"@id":"https:\/\/www.ohis.be\/de\/produit\/hu-20-115-handgabelhubwagen-mit-schnellhub\/#primaryimage"},"image":{"@id":"https:\/\/www.ohis.be\/de\/produit\/hu-20-115-handgabelhubwagen-mit-schnellhub\/#primaryimage"},"thumbnailUrl":"https:\/\/www.ohis.be\/wp-content\/uploads\/2022\/12\/hu_qltp_pl.jpg","datePublished":"2022-12-26T09:33:44+00:00","breadcrumb":{"@id":"https:\/\/www.ohis.be\/de\/produit\/hu-20-115-handgabelhubwagen-mit-schnellhub\/#breadcrumb"},"inLanguage":"de","potentialAction":[{"@type":"ReadAction","target":["https:\/\/www.ohis.be\/de\/produit\/hu-20-115-handgabelhubwagen-mit-schnellhub\/"]}]},{"@type":"ImageObject","inLanguage":"de","@id":"https:\/\/www.ohis.be\/de\/produit\/hu-20-115-handgabelhubwagen-mit-schnellhub\/#primaryimage","url":"https:\/\/www.ohis.be\/wp-content\/uploads\/2022\/12\/hu_qltp_pl.jpg","contentUrl":"https:\/\/www.ohis.be\/wp-content\/uploads\/2022\/12\/hu_qltp_pl.jpg","width":718,"height":605},{"@type":"BreadcrumbList","@id":"https:\/\/www.ohis.be\/de\/produit\/hu-20-115-handgabelhubwagen-mit-schnellhub\/#breadcrumb","itemListElement":[{"@type":"ListItem","position":1,"name":"Accueil","item":"https:\/\/www.ohis.be\/de\/"},{"@type":"ListItem","position":2,"name":"Produkte","item":"https:\/\/www.ohis.be\/de\/produkte\/"},{"@type":"ListItem","position":3,"name":"HU 20-115 Handgabelhubwagen mit Schnellhub"}]},{"@type":"WebSite","@id":"https:\/\/www.ohis.be\/#website","url":"https:\/\/www.ohis.be\/","name":"Ohis","description":"Outils de levage","publisher":{"@id":"https:\/\/www.ohis.be\/#organization"},"potentialAction":[{"@type":"SearchAction","target":{"@type":"EntryPoint","urlTemplate":"https:\/\/www.ohis.be\/?s={search_term_string}"},"query-input":{"@type":"PropertyValueSpecification","valueRequired":true,"valueName":"search_term_string"}}],"inLanguage":"de"},{"@type":"Organization","@id":"https:\/\/www.ohis.be\/#organization","name":"Ohis","url":"https:\/\/www.ohis.be\/","logo":{"@type":"ImageObject","inLanguage":"de","@id":"https:\/\/www.ohis.be\/#\/schema\/logo\/image\/","url":"https:\/\/www.ohis.be\/wp-content\/uploads\/2021\/02\/logo-ohis-wit.svg","contentUrl":"https:\/\/www.ohis.be\/wp-content\/uploads\/2021\/02\/logo-ohis-wit.svg","caption":"Ohis"},"image":{"@id":"https:\/\/www.ohis.be\/#\/schema\/logo\/image\/"}}]}},"_links":{"self":[{"href":"https:\/\/www.ohis.be\/de\/wp-json\/wp\/v2\/product\/31168","targetHints":{"allow":["GET"]}}],"collection":[{"href":"https:\/\/www.ohis.be\/de\/wp-json\/wp\/v2\/product"}],"about":[{"href":"https:\/\/www.ohis.be\/de\/wp-json\/wp\/v2\/types\/product"}],"wp:featuredmedia":[{"embeddable":true,"href":"https:\/\/www.ohis.be\/de\/wp-json\/wp\/v2\/media\/21663"}],"wp:attachment":[{"href":"https:\/\/www.ohis.be\/de\/wp-json\/wp\/v2\/media?parent=31168"}],"wp:term":[{"taxonomy":"product_brand","embeddable":true,"href":"https:\/\/www.ohis.be\/de\/wp-json\/wp\/v2\/product_brand?post=31168"},{"taxonomy":"product_cat","embeddable":true,"href":"https:\/\/www.ohis.be\/de\/wp-json\/wp\/v2\/product_cat?post=31168"},{"taxonomy":"product_tag","embeddable":true,"href":"https:\/\/www.ohis.be\/de\/wp-json\/wp\/v2\/product_tag?post=31168"}],"curies":[{"name":"wp","href":"https:\/\/api.w.org\/{rel}","templated":true}]}}