{"id":31164,"date":"2022-12-26T10:44:55","date_gmt":"2022-12-26T09:44:55","guid":{"rendered":"https:\/\/www.ohis.be\/produit\/hu-20-115-vatp-handgabelhubwagen-in-edelstahlausfuhrung\/"},"modified":"2022-12-26T10:44:55","modified_gmt":"2022-12-26T09:44:55","slug":"hu-20-115-vatp-handgabelhubwagen-in-edelstahlausfuhrung","status":"publish","type":"product","link":"https:\/\/www.ohis.be\/de\/produit\/hu-20-115-vatp-handgabelhubwagen-in-edelstahlausfuhrung\/","title":{"rendered":"HU 20-115 VATP Handgabelhubwagen in Edelstahlausf\u00fchrung"},"content":{"rendered":"<p>Der Hubwagen f\u00fcr den Einsatz in korrosionsgef\u00e4hrdeten Bereichen der chemischen- und der Lebensmittelindustrie.<\/p>\n<p><strong>Ausstattung und Verarbeitung<\/strong><br \/>\n\u2022 Ergonomische Sicherheitsdeichsel mit Einhandbedienung der Funktionen Heben, Fahren und Senken.<br \/>\n\u2022 Wartungsarme Hochleistungshydraulikpumpe mit hartverchromten Kolben und \u00dcberlastsicherung. Pumpengeh\u00e4use aus Edelstahl bzw. Bronze (HU 25-115 VATP).<br \/>\n\u2022 Der Rahmen, die verstellbare Schubstange, Bolzen sowie das Torsionsrohr sind aus hochwertigem Edelstahl gefertigt.<br \/>\n\u2022 Leichtes Handling, auch bei beengten Platzverh\u00e4ltnissen, durch einen Lenkeinschlag von je 105 Grad.<\/p>\n","protected":false},"excerpt":{"rendered":"<p>Der Hubwagen f\u00fcr den Einsatz in korrosionsgef\u00e4hrdeten Bereichen der chemischen- und der Lebensmittelindustrie.<\/p>\n<p><strong>Ausstattung und Verarbeitung<\/strong><br \/>\n\u2022 Ergonomische Sicherheitsdeichsel mit Einhandbedienung der Funktionen Heben, Fahren und Senken.<br \/>\n\u2022 Wartungsarme Hochleistungshydraulikpumpe mit hartverchromten Kolben und \u00dcberlastsicherung. Pumpengeh\u00e4use aus Edelstahl bzw. Bronze (HU 25-115 VATP).<br \/>\n\u2022 Der Rahmen, die verstellbare Schubstange, Bolzen sowie das Torsionsrohr sind aus hochwertigem Edelstahl gefertigt.<br \/>\n\u2022 Leichtes Handling, auch bei beengten Platzverh\u00e4ltnissen, durch einen Lenkeinschlag von je 105 Grad.<\/p>\n","protected":false},"featured_media":21681,"template":"","meta":{"_acf_changed":false,"inline_featured_image":false},"product_brand":[],"product_cat":[1633],"product_tag":[1049,1673],"class_list":{"0":"post-31164","1":"product","2":"type-product","3":"status-publish","4":"has-post-thumbnail","6":"product_cat-gabelhubwagen","7":"product_tag-atex-de","8":"product_tag-pfaff-de","10":"first","11":"onbackorder","12":"taxable","13":"shipping-taxable","14":"purchasable","15":"product-type-simple"},"acf":[],"yoast_head":"<!-- This site is optimized with the Yoast SEO plugin v27.4 - https:\/\/yoast.com\/product\/yoast-seo-wordpress\/ -->\n<title>HU 20-115 VATP Handgabelhubwagen in Edelstahlausf\u00fchrung - Ohis<\/title>\n<meta name=\"robots\" content=\"index, follow, max-snippet:-1, max-image-preview:large, max-video-preview:-1\" \/>\n<link rel=\"canonical\" href=\"https:\/\/www.ohis.be\/de\/produit\/hu-20-115-vatp-handgabelhubwagen-in-edelstahlausfuhrung\/\" \/>\n<meta property=\"og:locale\" content=\"de_DE\" \/>\n<meta property=\"og:type\" content=\"article\" \/>\n<meta property=\"og:title\" content=\"HU 20-115 VATP Handgabelhubwagen in Edelstahlausf\u00fchrung - Ohis\" \/>\n<meta property=\"og:description\" content=\"Der Hubwagen f\u00fcr den Einsatz in korrosionsgef\u00e4hrdeten Bereichen der chemischen- und der Lebensmittelindustrie.  Ausstattung und Verarbeitung \u2022 Ergonomische Sicherheitsdeichsel mit Einhandbedienung der Funktionen Heben, Fahren und Senken. \u2022 Wartungsarme Hochleistungshydraulikpumpe mit hartverchromten Kolben und \u00dcberlastsicherung. Pumpengeh\u00e4use aus Edelstahl bzw. Bronze (HU 25-115 VATP). \u2022 Der Rahmen, die verstellbare Schubstange, Bolzen sowie das Torsionsrohr sind aus hochwertigem Edelstahl gefertigt. \u2022 Leichtes Handling, auch bei beengten Platzverh\u00e4ltnissen, durch einen Lenkeinschlag von je 105 Grad.\" \/>\n<meta property=\"og:url\" content=\"https:\/\/www.ohis.be\/de\/produit\/hu-20-115-vatp-handgabelhubwagen-in-edelstahlausfuhrung\/\" \/>\n<meta property=\"og:site_name\" content=\"Ohis\" \/>\n<meta property=\"og:image\" content=\"https:\/\/www.ohis.be\/wp-content\/uploads\/2022\/12\/hu_vatp_pl.jpg\" \/>\n\t<meta property=\"og:image:width\" content=\"908\" \/>\n\t<meta property=\"og:image:height\" content=\"922\" \/>\n\t<meta property=\"og:image:type\" content=\"image\/jpeg\" \/>\n<meta name=\"twitter:card\" content=\"summary_large_image\" \/>\n<script type=\"application\/ld+json\" class=\"yoast-schema-graph\">{\"@context\":\"https:\\\/\\\/schema.org\",\"@graph\":[{\"@type\":\"WebPage\",\"@id\":\"https:\\\/\\\/www.ohis.be\\\/de\\\/produit\\\/hu-20-115-vatp-handgabelhubwagen-in-edelstahlausfuhrung\\\/\",\"url\":\"https:\\\/\\\/www.ohis.be\\\/de\\\/produit\\\/hu-20-115-vatp-handgabelhubwagen-in-edelstahlausfuhrung\\\/\",\"name\":\"HU 20-115 VATP Handgabelhubwagen in Edelstahlausf\u00fchrung - Ohis\",\"isPartOf\":{\"@id\":\"https:\\\/\\\/www.ohis.be\\\/#website\"},\"primaryImageOfPage\":{\"@id\":\"https:\\\/\\\/www.ohis.be\\\/de\\\/produit\\\/hu-20-115-vatp-handgabelhubwagen-in-edelstahlausfuhrung\\\/#primaryimage\"},\"image\":{\"@id\":\"https:\\\/\\\/www.ohis.be\\\/de\\\/produit\\\/hu-20-115-vatp-handgabelhubwagen-in-edelstahlausfuhrung\\\/#primaryimage\"},\"thumbnailUrl\":\"https:\\\/\\\/www.ohis.be\\\/wp-content\\\/uploads\\\/2022\\\/12\\\/hu_vatp_pl.jpg\",\"datePublished\":\"2022-12-26T09:44:55+00:00\",\"breadcrumb\":{\"@id\":\"https:\\\/\\\/www.ohis.be\\\/de\\\/produit\\\/hu-20-115-vatp-handgabelhubwagen-in-edelstahlausfuhrung\\\/#breadcrumb\"},\"inLanguage\":\"de\",\"potentialAction\":[{\"@type\":\"ReadAction\",\"target\":[\"https:\\\/\\\/www.ohis.be\\\/de\\\/produit\\\/hu-20-115-vatp-handgabelhubwagen-in-edelstahlausfuhrung\\\/\"]}]},{\"@type\":\"ImageObject\",\"inLanguage\":\"de\",\"@id\":\"https:\\\/\\\/www.ohis.be\\\/de\\\/produit\\\/hu-20-115-vatp-handgabelhubwagen-in-edelstahlausfuhrung\\\/#primaryimage\",\"url\":\"https:\\\/\\\/www.ohis.be\\\/wp-content\\\/uploads\\\/2022\\\/12\\\/hu_vatp_pl.jpg\",\"contentUrl\":\"https:\\\/\\\/www.ohis.be\\\/wp-content\\\/uploads\\\/2022\\\/12\\\/hu_vatp_pl.jpg\",\"width\":908,\"height\":922},{\"@type\":\"BreadcrumbList\",\"@id\":\"https:\\\/\\\/www.ohis.be\\\/de\\\/produit\\\/hu-20-115-vatp-handgabelhubwagen-in-edelstahlausfuhrung\\\/#breadcrumb\",\"itemListElement\":[{\"@type\":\"ListItem\",\"position\":1,\"name\":\"Accueil\",\"item\":\"https:\\\/\\\/www.ohis.be\\\/de\\\/\"},{\"@type\":\"ListItem\",\"position\":2,\"name\":\"Produkte\",\"item\":\"https:\\\/\\\/www.ohis.be\\\/de\\\/produkte\\\/\"},{\"@type\":\"ListItem\",\"position\":3,\"name\":\"HU 20-115 VATP Handgabelhubwagen in Edelstahlausf\u00fchrung\"}]},{\"@type\":\"WebSite\",\"@id\":\"https:\\\/\\\/www.ohis.be\\\/#website\",\"url\":\"https:\\\/\\\/www.ohis.be\\\/\",\"name\":\"Ohis\",\"description\":\"Outils de levage\",\"publisher\":{\"@id\":\"https:\\\/\\\/www.ohis.be\\\/#organization\"},\"potentialAction\":[{\"@type\":\"SearchAction\",\"target\":{\"@type\":\"EntryPoint\",\"urlTemplate\":\"https:\\\/\\\/www.ohis.be\\\/?s={search_term_string}\"},\"query-input\":{\"@type\":\"PropertyValueSpecification\",\"valueRequired\":true,\"valueName\":\"search_term_string\"}}],\"inLanguage\":\"de\"},{\"@type\":\"Organization\",\"@id\":\"https:\\\/\\\/www.ohis.be\\\/#organization\",\"name\":\"Ohis\",\"url\":\"https:\\\/\\\/www.ohis.be\\\/\",\"logo\":{\"@type\":\"ImageObject\",\"inLanguage\":\"de\",\"@id\":\"https:\\\/\\\/www.ohis.be\\\/#\\\/schema\\\/logo\\\/image\\\/\",\"url\":\"https:\\\/\\\/www.ohis.be\\\/wp-content\\\/uploads\\\/2021\\\/02\\\/logo-ohis-wit.svg\",\"contentUrl\":\"https:\\\/\\\/www.ohis.be\\\/wp-content\\\/uploads\\\/2021\\\/02\\\/logo-ohis-wit.svg\",\"caption\":\"Ohis\"},\"image\":{\"@id\":\"https:\\\/\\\/www.ohis.be\\\/#\\\/schema\\\/logo\\\/image\\\/\"}}]}<\/script>\n<!-- \/ Yoast SEO plugin. -->","yoast_head_json":{"title":"HU 20-115 VATP Handgabelhubwagen in Edelstahlausf\u00fchrung - Ohis","robots":{"index":"index","follow":"follow","max-snippet":"max-snippet:-1","max-image-preview":"max-image-preview:large","max-video-preview":"max-video-preview:-1"},"canonical":"https:\/\/www.ohis.be\/de\/produit\/hu-20-115-vatp-handgabelhubwagen-in-edelstahlausfuhrung\/","og_locale":"de_DE","og_type":"article","og_title":"HU 20-115 VATP Handgabelhubwagen in Edelstahlausf\u00fchrung - Ohis","og_description":"Der Hubwagen f\u00fcr den Einsatz in korrosionsgef\u00e4hrdeten Bereichen der chemischen- und der Lebensmittelindustrie.  Ausstattung und Verarbeitung \u2022 Ergonomische Sicherheitsdeichsel mit Einhandbedienung der Funktionen Heben, Fahren und Senken. \u2022 Wartungsarme Hochleistungshydraulikpumpe mit hartverchromten Kolben und \u00dcberlastsicherung. Pumpengeh\u00e4use aus Edelstahl bzw. Bronze (HU 25-115 VATP). \u2022 Der Rahmen, die verstellbare Schubstange, Bolzen sowie das Torsionsrohr sind aus hochwertigem Edelstahl gefertigt. \u2022 Leichtes Handling, auch bei beengten Platzverh\u00e4ltnissen, durch einen Lenkeinschlag von je 105 Grad.","og_url":"https:\/\/www.ohis.be\/de\/produit\/hu-20-115-vatp-handgabelhubwagen-in-edelstahlausfuhrung\/","og_site_name":"Ohis","og_image":[{"width":908,"height":922,"url":"https:\/\/www.ohis.be\/wp-content\/uploads\/2022\/12\/hu_vatp_pl.jpg","type":"image\/jpeg"}],"twitter_card":"summary_large_image","schema":{"@context":"https:\/\/schema.org","@graph":[{"@type":"WebPage","@id":"https:\/\/www.ohis.be\/de\/produit\/hu-20-115-vatp-handgabelhubwagen-in-edelstahlausfuhrung\/","url":"https:\/\/www.ohis.be\/de\/produit\/hu-20-115-vatp-handgabelhubwagen-in-edelstahlausfuhrung\/","name":"HU 20-115 VATP Handgabelhubwagen in Edelstahlausf\u00fchrung - Ohis","isPartOf":{"@id":"https:\/\/www.ohis.be\/#website"},"primaryImageOfPage":{"@id":"https:\/\/www.ohis.be\/de\/produit\/hu-20-115-vatp-handgabelhubwagen-in-edelstahlausfuhrung\/#primaryimage"},"image":{"@id":"https:\/\/www.ohis.be\/de\/produit\/hu-20-115-vatp-handgabelhubwagen-in-edelstahlausfuhrung\/#primaryimage"},"thumbnailUrl":"https:\/\/www.ohis.be\/wp-content\/uploads\/2022\/12\/hu_vatp_pl.jpg","datePublished":"2022-12-26T09:44:55+00:00","breadcrumb":{"@id":"https:\/\/www.ohis.be\/de\/produit\/hu-20-115-vatp-handgabelhubwagen-in-edelstahlausfuhrung\/#breadcrumb"},"inLanguage":"de","potentialAction":[{"@type":"ReadAction","target":["https:\/\/www.ohis.be\/de\/produit\/hu-20-115-vatp-handgabelhubwagen-in-edelstahlausfuhrung\/"]}]},{"@type":"ImageObject","inLanguage":"de","@id":"https:\/\/www.ohis.be\/de\/produit\/hu-20-115-vatp-handgabelhubwagen-in-edelstahlausfuhrung\/#primaryimage","url":"https:\/\/www.ohis.be\/wp-content\/uploads\/2022\/12\/hu_vatp_pl.jpg","contentUrl":"https:\/\/www.ohis.be\/wp-content\/uploads\/2022\/12\/hu_vatp_pl.jpg","width":908,"height":922},{"@type":"BreadcrumbList","@id":"https:\/\/www.ohis.be\/de\/produit\/hu-20-115-vatp-handgabelhubwagen-in-edelstahlausfuhrung\/#breadcrumb","itemListElement":[{"@type":"ListItem","position":1,"name":"Accueil","item":"https:\/\/www.ohis.be\/de\/"},{"@type":"ListItem","position":2,"name":"Produkte","item":"https:\/\/www.ohis.be\/de\/produkte\/"},{"@type":"ListItem","position":3,"name":"HU 20-115 VATP Handgabelhubwagen in Edelstahlausf\u00fchrung"}]},{"@type":"WebSite","@id":"https:\/\/www.ohis.be\/#website","url":"https:\/\/www.ohis.be\/","name":"Ohis","description":"Outils de levage","publisher":{"@id":"https:\/\/www.ohis.be\/#organization"},"potentialAction":[{"@type":"SearchAction","target":{"@type":"EntryPoint","urlTemplate":"https:\/\/www.ohis.be\/?s={search_term_string}"},"query-input":{"@type":"PropertyValueSpecification","valueRequired":true,"valueName":"search_term_string"}}],"inLanguage":"de"},{"@type":"Organization","@id":"https:\/\/www.ohis.be\/#organization","name":"Ohis","url":"https:\/\/www.ohis.be\/","logo":{"@type":"ImageObject","inLanguage":"de","@id":"https:\/\/www.ohis.be\/#\/schema\/logo\/image\/","url":"https:\/\/www.ohis.be\/wp-content\/uploads\/2021\/02\/logo-ohis-wit.svg","contentUrl":"https:\/\/www.ohis.be\/wp-content\/uploads\/2021\/02\/logo-ohis-wit.svg","caption":"Ohis"},"image":{"@id":"https:\/\/www.ohis.be\/#\/schema\/logo\/image\/"}}]}},"_links":{"self":[{"href":"https:\/\/www.ohis.be\/de\/wp-json\/wp\/v2\/product\/31164","targetHints":{"allow":["GET"]}}],"collection":[{"href":"https:\/\/www.ohis.be\/de\/wp-json\/wp\/v2\/product"}],"about":[{"href":"https:\/\/www.ohis.be\/de\/wp-json\/wp\/v2\/types\/product"}],"wp:featuredmedia":[{"embeddable":true,"href":"https:\/\/www.ohis.be\/de\/wp-json\/wp\/v2\/media\/21681"}],"wp:attachment":[{"href":"https:\/\/www.ohis.be\/de\/wp-json\/wp\/v2\/media?parent=31164"}],"wp:term":[{"taxonomy":"product_brand","embeddable":true,"href":"https:\/\/www.ohis.be\/de\/wp-json\/wp\/v2\/product_brand?post=31164"},{"taxonomy":"product_cat","embeddable":true,"href":"https:\/\/www.ohis.be\/de\/wp-json\/wp\/v2\/product_cat?post=31164"},{"taxonomy":"product_tag","embeddable":true,"href":"https:\/\/www.ohis.be\/de\/wp-json\/wp\/v2\/product_tag?post=31164"}],"curies":[{"name":"wp","href":"https:\/\/api.w.org\/{rel}","templated":true}]}}