{"id":31162,"date":"2022-12-26T10:50:51","date_gmt":"2022-12-26T09:50:51","guid":{"rendered":"https:\/\/www.ohis.be\/produit\/hu-w-20-sl-handgabelhubwagen-mit-waage\/"},"modified":"2022-12-26T10:50:51","modified_gmt":"2022-12-26T09:50:51","slug":"hu-w-20-sl-handgabelhubwagen-mit-waage","status":"publish","type":"product","link":"https:\/\/www.ohis.be\/de\/produit\/hu-w-20-sl-handgabelhubwagen-mit-waage\/","title":{"rendered":"HU W-20 SL Handgabelhubwagen mit Waage"},"content":{"rendered":"<p>Zum Transportieren und Wiegen von palettierten G\u00fctern und Gitterboxen. F\u00fcr einfachste Wiegeaufgaben. F\u00fcr eine \u00fcberschl\u00e4gige Berechnung von Gesamtgewichten, wie z. B. bei der Beladung von LKWs.<\/p>\n<p><strong>Ausstattung und Verarbeitung<\/strong><br \/>\n\u2022 Als Basisfahrzeug dient der Silverline HU 25-115.<br \/>\n\u2022 Ergonomische Sicherheitsdeichsel mit Einhandbedienung der Funktionen Heben, Fahren und Senken.<br \/>\n\u2022 Gummierter Deichselgriff f\u00fcr sichere Handhabung.<br \/>\n\u2022 Messbereich von 0 bis 2.000 kg in 5 kg Schritten.<br \/>\n\u2022 Gut ablesbare LCD-Anzeige.<br \/>\n\u2022 Genauigkeit:<br \/>\n0 &#8211; 1.000 kg \u2192 \u00b1 20 kg<br \/>\n1.000 &#8211; 2.000 kg\u2192 \u00b1 40 kg<\/p>\n<p><strong>Lieferumfang<\/strong><br \/>\n\u2022 2 x 1,5 V AA Batterien<br \/>\n(ausreichend f\u00fcr ca. 3.000 W\u00e4gungen)<\/p>\n","protected":false},"excerpt":{"rendered":"<p>Zum Transportieren und Wiegen von palettierten G\u00fctern und Gitterboxen. F\u00fcr einfachste Wiegeaufgaben. F\u00fcr eine \u00fcberschl\u00e4gige Berechnung von Gesamtgewichten, wie z. B. bei der Beladung von LKWs.<\/p>\n<p><strong>Ausstattung und Verarbeitung<\/strong><br \/>\n\u2022 Als Basisfahrzeug dient der Silverline HU 25-115.<br \/>\n\u2022 Ergonomische Sicherheitsdeichsel mit Einhandbedienung der Funktionen Heben, Fahren und Senken.<br \/>\n\u2022 Gummierter Deichselgriff f\u00fcr sichere Handhabung.<br \/>\n\u2022 Messbereich von 0 bis 2.000 kg in 5 kg Schritten.<br \/>\n\u2022 Gut ablesbare LCD-Anzeige.<br \/>\n\u2022 Genauigkeit:<br \/>\n0 &#8211; 1.000 kg \u2192 \u00b1 20 kg<br \/>\n1.000 &#8211; 2.000 kg\u2192 \u00b1 40 kg<\/p>\n<p><strong>Lieferumfang<\/strong><br \/>\n\u2022 2 x 1,5 V AA Batterien<br \/>\n(ausreichend f\u00fcr ca. 3.000 W\u00e4gungen)<\/p>\n","protected":false},"featured_media":21690,"template":"","meta":{"_acf_changed":false,"inline_featured_image":false},"product_brand":[],"product_cat":[1633],"product_tag":[1673],"class_list":{"0":"post-31162","1":"product","2":"type-product","3":"status-publish","4":"has-post-thumbnail","6":"product_cat-gabelhubwagen","7":"product_tag-pfaff-de","9":"first","10":"onbackorder","11":"taxable","12":"shipping-taxable","13":"purchasable","14":"product-type-simple"},"acf":[],"yoast_head":"<!-- This site is optimized with the Yoast SEO plugin v27.4 - https:\/\/yoast.com\/product\/yoast-seo-wordpress\/ -->\n<title>HU W-20 SL Handgabelhubwagen mit Waage - Ohis<\/title>\n<meta name=\"robots\" content=\"index, follow, max-snippet:-1, max-image-preview:large, max-video-preview:-1\" \/>\n<link rel=\"canonical\" href=\"https:\/\/www.ohis.be\/de\/produit\/hu-w-20-sl-handgabelhubwagen-mit-waage\/\" \/>\n<meta property=\"og:locale\" content=\"de_DE\" \/>\n<meta property=\"og:type\" content=\"article\" \/>\n<meta property=\"og:title\" content=\"HU W-20 SL Handgabelhubwagen mit Waage - Ohis\" \/>\n<meta property=\"og:description\" content=\"Zum Transportieren und Wiegen von palettierten G\u00fctern und Gitterboxen. F\u00fcr einfachste Wiegeaufgaben. F\u00fcr eine \u00fcberschl\u00e4gige Berechnung von Gesamtgewichten, wie z. B. bei der Beladung von LKWs.  Ausstattung und Verarbeitung \u2022 Als Basisfahrzeug dient der Silverline HU 25-115. \u2022 Ergonomische Sicherheitsdeichsel mit Einhandbedienung der Funktionen Heben, Fahren und Senken. \u2022 Gummierter Deichselgriff f\u00fcr sichere Handhabung. \u2022 Messbereich von 0 bis 2.000 kg in 5 kg Schritten. \u2022 Gut ablesbare LCD-Anzeige. \u2022 Genauigkeit: 0 - 1.000 kg \u2192 \u00b1 20 kg 1.000 - 2.000 kg\u2192 \u00b1 40 kg  Lieferumfang \u2022 2 x 1,5 V AA Batterien (ausreichend f\u00fcr ca. 3.000 W\u00e4gungen)\" \/>\n<meta property=\"og:url\" content=\"https:\/\/www.ohis.be\/de\/produit\/hu-w-20-sl-handgabelhubwagen-mit-waage\/\" \/>\n<meta property=\"og:site_name\" content=\"Ohis\" \/>\n<meta property=\"og:image\" content=\"https:\/\/www.ohis.be\/wp-content\/uploads\/2022\/12\/hu_w_sl_links.jpg\" \/>\n\t<meta property=\"og:image:width\" content=\"1362\" \/>\n\t<meta property=\"og:image:height\" content=\"1115\" \/>\n\t<meta property=\"og:image:type\" content=\"image\/jpeg\" \/>\n<meta name=\"twitter:card\" content=\"summary_large_image\" \/>\n<script type=\"application\/ld+json\" class=\"yoast-schema-graph\">{\"@context\":\"https:\\\/\\\/schema.org\",\"@graph\":[{\"@type\":\"WebPage\",\"@id\":\"https:\\\/\\\/www.ohis.be\\\/de\\\/produit\\\/hu-w-20-sl-handgabelhubwagen-mit-waage\\\/\",\"url\":\"https:\\\/\\\/www.ohis.be\\\/de\\\/produit\\\/hu-w-20-sl-handgabelhubwagen-mit-waage\\\/\",\"name\":\"HU W-20 SL Handgabelhubwagen mit Waage - Ohis\",\"isPartOf\":{\"@id\":\"https:\\\/\\\/www.ohis.be\\\/#website\"},\"primaryImageOfPage\":{\"@id\":\"https:\\\/\\\/www.ohis.be\\\/de\\\/produit\\\/hu-w-20-sl-handgabelhubwagen-mit-waage\\\/#primaryimage\"},\"image\":{\"@id\":\"https:\\\/\\\/www.ohis.be\\\/de\\\/produit\\\/hu-w-20-sl-handgabelhubwagen-mit-waage\\\/#primaryimage\"},\"thumbnailUrl\":\"https:\\\/\\\/www.ohis.be\\\/wp-content\\\/uploads\\\/2022\\\/12\\\/hu_w_sl_links.jpg\",\"datePublished\":\"2022-12-26T09:50:51+00:00\",\"breadcrumb\":{\"@id\":\"https:\\\/\\\/www.ohis.be\\\/de\\\/produit\\\/hu-w-20-sl-handgabelhubwagen-mit-waage\\\/#breadcrumb\"},\"inLanguage\":\"de\",\"potentialAction\":[{\"@type\":\"ReadAction\",\"target\":[\"https:\\\/\\\/www.ohis.be\\\/de\\\/produit\\\/hu-w-20-sl-handgabelhubwagen-mit-waage\\\/\"]}]},{\"@type\":\"ImageObject\",\"inLanguage\":\"de\",\"@id\":\"https:\\\/\\\/www.ohis.be\\\/de\\\/produit\\\/hu-w-20-sl-handgabelhubwagen-mit-waage\\\/#primaryimage\",\"url\":\"https:\\\/\\\/www.ohis.be\\\/wp-content\\\/uploads\\\/2022\\\/12\\\/hu_w_sl_links.jpg\",\"contentUrl\":\"https:\\\/\\\/www.ohis.be\\\/wp-content\\\/uploads\\\/2022\\\/12\\\/hu_w_sl_links.jpg\",\"width\":1362,\"height\":1115},{\"@type\":\"BreadcrumbList\",\"@id\":\"https:\\\/\\\/www.ohis.be\\\/de\\\/produit\\\/hu-w-20-sl-handgabelhubwagen-mit-waage\\\/#breadcrumb\",\"itemListElement\":[{\"@type\":\"ListItem\",\"position\":1,\"name\":\"Accueil\",\"item\":\"https:\\\/\\\/www.ohis.be\\\/de\\\/\"},{\"@type\":\"ListItem\",\"position\":2,\"name\":\"Produkte\",\"item\":\"https:\\\/\\\/www.ohis.be\\\/de\\\/produkte\\\/\"},{\"@type\":\"ListItem\",\"position\":3,\"name\":\"HU W-20 SL Handgabelhubwagen mit Waage\"}]},{\"@type\":\"WebSite\",\"@id\":\"https:\\\/\\\/www.ohis.be\\\/#website\",\"url\":\"https:\\\/\\\/www.ohis.be\\\/\",\"name\":\"Ohis\",\"description\":\"Outils de levage\",\"publisher\":{\"@id\":\"https:\\\/\\\/www.ohis.be\\\/#organization\"},\"potentialAction\":[{\"@type\":\"SearchAction\",\"target\":{\"@type\":\"EntryPoint\",\"urlTemplate\":\"https:\\\/\\\/www.ohis.be\\\/?s={search_term_string}\"},\"query-input\":{\"@type\":\"PropertyValueSpecification\",\"valueRequired\":true,\"valueName\":\"search_term_string\"}}],\"inLanguage\":\"de\"},{\"@type\":\"Organization\",\"@id\":\"https:\\\/\\\/www.ohis.be\\\/#organization\",\"name\":\"Ohis\",\"url\":\"https:\\\/\\\/www.ohis.be\\\/\",\"logo\":{\"@type\":\"ImageObject\",\"inLanguage\":\"de\",\"@id\":\"https:\\\/\\\/www.ohis.be\\\/#\\\/schema\\\/logo\\\/image\\\/\",\"url\":\"https:\\\/\\\/www.ohis.be\\\/wp-content\\\/uploads\\\/2021\\\/02\\\/logo-ohis-wit.svg\",\"contentUrl\":\"https:\\\/\\\/www.ohis.be\\\/wp-content\\\/uploads\\\/2021\\\/02\\\/logo-ohis-wit.svg\",\"caption\":\"Ohis\"},\"image\":{\"@id\":\"https:\\\/\\\/www.ohis.be\\\/#\\\/schema\\\/logo\\\/image\\\/\"}}]}<\/script>\n<!-- \/ Yoast SEO plugin. -->","yoast_head_json":{"title":"HU W-20 SL Handgabelhubwagen mit Waage - Ohis","robots":{"index":"index","follow":"follow","max-snippet":"max-snippet:-1","max-image-preview":"max-image-preview:large","max-video-preview":"max-video-preview:-1"},"canonical":"https:\/\/www.ohis.be\/de\/produit\/hu-w-20-sl-handgabelhubwagen-mit-waage\/","og_locale":"de_DE","og_type":"article","og_title":"HU W-20 SL Handgabelhubwagen mit Waage - Ohis","og_description":"Zum Transportieren und Wiegen von palettierten G\u00fctern und Gitterboxen. F\u00fcr einfachste Wiegeaufgaben. F\u00fcr eine \u00fcberschl\u00e4gige Berechnung von Gesamtgewichten, wie z. B. bei der Beladung von LKWs.  Ausstattung und Verarbeitung \u2022 Als Basisfahrzeug dient der Silverline HU 25-115. \u2022 Ergonomische Sicherheitsdeichsel mit Einhandbedienung der Funktionen Heben, Fahren und Senken. \u2022 Gummierter Deichselgriff f\u00fcr sichere Handhabung. \u2022 Messbereich von 0 bis 2.000 kg in 5 kg Schritten. \u2022 Gut ablesbare LCD-Anzeige. \u2022 Genauigkeit: 0 - 1.000 kg \u2192 \u00b1 20 kg 1.000 - 2.000 kg\u2192 \u00b1 40 kg  Lieferumfang \u2022 2 x 1,5 V AA Batterien (ausreichend f\u00fcr ca. 3.000 W\u00e4gungen)","og_url":"https:\/\/www.ohis.be\/de\/produit\/hu-w-20-sl-handgabelhubwagen-mit-waage\/","og_site_name":"Ohis","og_image":[{"width":1362,"height":1115,"url":"https:\/\/www.ohis.be\/wp-content\/uploads\/2022\/12\/hu_w_sl_links.jpg","type":"image\/jpeg"}],"twitter_card":"summary_large_image","schema":{"@context":"https:\/\/schema.org","@graph":[{"@type":"WebPage","@id":"https:\/\/www.ohis.be\/de\/produit\/hu-w-20-sl-handgabelhubwagen-mit-waage\/","url":"https:\/\/www.ohis.be\/de\/produit\/hu-w-20-sl-handgabelhubwagen-mit-waage\/","name":"HU W-20 SL Handgabelhubwagen mit Waage - Ohis","isPartOf":{"@id":"https:\/\/www.ohis.be\/#website"},"primaryImageOfPage":{"@id":"https:\/\/www.ohis.be\/de\/produit\/hu-w-20-sl-handgabelhubwagen-mit-waage\/#primaryimage"},"image":{"@id":"https:\/\/www.ohis.be\/de\/produit\/hu-w-20-sl-handgabelhubwagen-mit-waage\/#primaryimage"},"thumbnailUrl":"https:\/\/www.ohis.be\/wp-content\/uploads\/2022\/12\/hu_w_sl_links.jpg","datePublished":"2022-12-26T09:50:51+00:00","breadcrumb":{"@id":"https:\/\/www.ohis.be\/de\/produit\/hu-w-20-sl-handgabelhubwagen-mit-waage\/#breadcrumb"},"inLanguage":"de","potentialAction":[{"@type":"ReadAction","target":["https:\/\/www.ohis.be\/de\/produit\/hu-w-20-sl-handgabelhubwagen-mit-waage\/"]}]},{"@type":"ImageObject","inLanguage":"de","@id":"https:\/\/www.ohis.be\/de\/produit\/hu-w-20-sl-handgabelhubwagen-mit-waage\/#primaryimage","url":"https:\/\/www.ohis.be\/wp-content\/uploads\/2022\/12\/hu_w_sl_links.jpg","contentUrl":"https:\/\/www.ohis.be\/wp-content\/uploads\/2022\/12\/hu_w_sl_links.jpg","width":1362,"height":1115},{"@type":"BreadcrumbList","@id":"https:\/\/www.ohis.be\/de\/produit\/hu-w-20-sl-handgabelhubwagen-mit-waage\/#breadcrumb","itemListElement":[{"@type":"ListItem","position":1,"name":"Accueil","item":"https:\/\/www.ohis.be\/de\/"},{"@type":"ListItem","position":2,"name":"Produkte","item":"https:\/\/www.ohis.be\/de\/produkte\/"},{"@type":"ListItem","position":3,"name":"HU W-20 SL Handgabelhubwagen mit Waage"}]},{"@type":"WebSite","@id":"https:\/\/www.ohis.be\/#website","url":"https:\/\/www.ohis.be\/","name":"Ohis","description":"Outils de levage","publisher":{"@id":"https:\/\/www.ohis.be\/#organization"},"potentialAction":[{"@type":"SearchAction","target":{"@type":"EntryPoint","urlTemplate":"https:\/\/www.ohis.be\/?s={search_term_string}"},"query-input":{"@type":"PropertyValueSpecification","valueRequired":true,"valueName":"search_term_string"}}],"inLanguage":"de"},{"@type":"Organization","@id":"https:\/\/www.ohis.be\/#organization","name":"Ohis","url":"https:\/\/www.ohis.be\/","logo":{"@type":"ImageObject","inLanguage":"de","@id":"https:\/\/www.ohis.be\/#\/schema\/logo\/image\/","url":"https:\/\/www.ohis.be\/wp-content\/uploads\/2021\/02\/logo-ohis-wit.svg","contentUrl":"https:\/\/www.ohis.be\/wp-content\/uploads\/2021\/02\/logo-ohis-wit.svg","caption":"Ohis"},"image":{"@id":"https:\/\/www.ohis.be\/#\/schema\/logo\/image\/"}}]}},"_links":{"self":[{"href":"https:\/\/www.ohis.be\/de\/wp-json\/wp\/v2\/product\/31162","targetHints":{"allow":["GET"]}}],"collection":[{"href":"https:\/\/www.ohis.be\/de\/wp-json\/wp\/v2\/product"}],"about":[{"href":"https:\/\/www.ohis.be\/de\/wp-json\/wp\/v2\/types\/product"}],"wp:featuredmedia":[{"embeddable":true,"href":"https:\/\/www.ohis.be\/de\/wp-json\/wp\/v2\/media\/21690"}],"wp:attachment":[{"href":"https:\/\/www.ohis.be\/de\/wp-json\/wp\/v2\/media?parent=31162"}],"wp:term":[{"taxonomy":"product_brand","embeddable":true,"href":"https:\/\/www.ohis.be\/de\/wp-json\/wp\/v2\/product_brand?post=31162"},{"taxonomy":"product_cat","embeddable":true,"href":"https:\/\/www.ohis.be\/de\/wp-json\/wp\/v2\/product_cat?post=31162"},{"taxonomy":"product_tag","embeddable":true,"href":"https:\/\/www.ohis.be\/de\/wp-json\/wp\/v2\/product_tag?post=31162"}],"curies":[{"name":"wp","href":"https:\/\/api.w.org\/{rel}","templated":true}]}}