{"id":31158,"date":"2022-12-26T10:53:23","date_gmt":"2022-12-26T09:53:23","guid":{"rendered":"https:\/\/www.ohis.be\/produit\/hu-w-20-s-handgabelhubwagen-mit-waage\/"},"modified":"2022-12-26T10:53:23","modified_gmt":"2022-12-26T09:53:23","slug":"hu-w-20-s-handgabelhubwagen-mit-waage","status":"publish","type":"product","link":"https:\/\/www.ohis.be\/de\/produit\/hu-w-20-s-handgabelhubwagen-mit-waage\/","title":{"rendered":"HU W-20 S Handgabelhubwagen mit Waage"},"content":{"rendered":"<p>HU W-20 S SILVERLINE Handgabelhubwagen mit Waage<br \/>\nHU W-20 SPR SILVERLINE &#8211; mit Waage und Drucker<br \/>\nTragf\u00e4higkeit 2.000 kg<br \/>\nZum Transportieren und Wiegen von palettierten G\u00fctern und Gitterboxen.<\/p>\n<p><strong>Ausstattung und Verarbeitung<\/strong><br \/>\n\u2022 Ergonomische Sicherheitsdeichsel mit Einhandbedienung der Funktionen Heben, Fahren und Senken.<br \/>\n\u2022 Gummierter Deichselgriff f\u00fcr sichere Handhabung.<br \/>\n\u2022 Messbereich von 0 bis 2.000 kg in 1 kg Schritten.<br \/>\n\u2022 Gut ablesbare LCD-Anzeige.<br \/>\n\u2022 Genauigkeit \u00b1 0,1 % vom Endwert.<br \/>\n\u2022 Kleinster Messwert 1,0 kg.<br \/>\n\u2022 Das System ist auf einfache Wiegevorg\u00e4nge, wie z. B. f\u00fcr Dosier- und Abf\u00fcllvorg\u00e4nge ausgelegt.<br \/>\n\u2022 Wartungsarme Hydraulikpumpe mit hartverchromten Kolben und \u00dcberlastsicherung.<br \/>\n\u2022 Rahmen und Gabeln in robuster Stahlkonstruktion, besonders geh\u00e4rtete Achsen und die hochwertige Pulverbeschichtung sorgen f\u00fcr eine lange Lebensdauer des Ger\u00e4tes.<br \/>\n\u2022 Leichtes Handling, auch bei beengten Platzverh\u00e4ltnissen, durch einen Lenkeinschlag von je 105 Grad.<\/p>\n<p><strong>Lieferumfang<\/strong><br \/>\n\u2022 4 x 1,5 V AA Batterien<br \/>\n(ausreichend f\u00fcr ca. 3.000 W\u00e4gungen)<\/p>\n","protected":false},"excerpt":{"rendered":"<p>HU W-20 S SILVERLINE Handgabelhubwagen mit Waage<br \/>\nHU W-20 SPR SILVERLINE &#8211; mit Waage und Drucker<br \/>\nTragf\u00e4higkeit 2.000 kg<br \/>\nZum Transportieren und Wiegen von palettierten G\u00fctern und Gitterboxen.<\/p>\n<p><strong>Ausstattung und Verarbeitung<\/strong><br \/>\n\u2022 Ergonomische Sicherheitsdeichsel mit Einhandbedienung der Funktionen Heben, Fahren und Senken.<br \/>\n\u2022 Gummierter Deichselgriff f\u00fcr sichere Handhabung.<br \/>\n\u2022 Messbereich von 0 bis 2.000 kg in 1 kg Schritten.<br \/>\n\u2022 Gut ablesbare LCD-Anzeige.<br \/>\n\u2022 Genauigkeit \u00b1 0,1 % vom Endwert.<br \/>\n\u2022 Kleinster Messwert 1,0 kg.<br \/>\n\u2022 Das System ist auf einfache Wiegevorg\u00e4nge, wie z. B. f\u00fcr Dosier- und Abf\u00fcllvorg\u00e4nge ausgelegt.<br \/>\n\u2022 Wartungsarme Hydraulikpumpe mit hartverchromten Kolben und \u00dcberlastsicherung.<br \/>\n\u2022 Rahmen und Gabeln in robuster Stahlkonstruktion, besonders geh\u00e4rtete Achsen und die hochwertige Pulverbeschichtung sorgen f\u00fcr eine lange Lebensdauer des Ger\u00e4tes.<br \/>\n\u2022 Leichtes Handling, auch bei beengten Platzverh\u00e4ltnissen, durch einen Lenkeinschlag von je 105 Grad.<\/p>\n<p><strong>Lieferumfang<\/strong><br \/>\n\u2022 4 x 1,5 V AA Batterien<br \/>\n(ausreichend f\u00fcr ca. 3.000 W\u00e4gungen)<\/p>\n","protected":false},"featured_media":21699,"template":"","meta":{"_acf_changed":false,"inline_featured_image":false},"product_brand":[],"product_cat":[1633],"product_tag":[1673],"class_list":{"0":"post-31158","1":"product","2":"type-product","3":"status-publish","4":"has-post-thumbnail","6":"product_cat-gabelhubwagen","7":"product_tag-pfaff-de","9":"first","10":"onbackorder","11":"taxable","12":"shipping-taxable","13":"purchasable","14":"product-type-variable"},"acf":[],"yoast_head":"<!-- This site is optimized with the Yoast SEO plugin v27.5 - https:\/\/yoast.com\/product\/yoast-seo-wordpress\/ -->\n<title>HU W-20 S Handgabelhubwagen mit Waage - Ohis<\/title>\n<meta name=\"robots\" content=\"index, follow, max-snippet:-1, max-image-preview:large, max-video-preview:-1\" \/>\n<link rel=\"canonical\" href=\"https:\/\/www.ohis.be\/de\/produit\/hu-w-20-s-handgabelhubwagen-mit-waage\/\" \/>\n<meta property=\"og:locale\" content=\"de_DE\" \/>\n<meta property=\"og:type\" content=\"article\" \/>\n<meta property=\"og:title\" content=\"HU W-20 S Handgabelhubwagen mit Waage - Ohis\" \/>\n<meta property=\"og:description\" content=\"HU W-20 S SILVERLINE Handgabelhubwagen mit Waage HU W-20 SPR SILVERLINE - mit Waage und Drucker Tragf\u00e4higkeit 2.000 kg Zum Transportieren und Wiegen von palettierten G\u00fctern und Gitterboxen.  Ausstattung und Verarbeitung \u2022 Ergonomische Sicherheitsdeichsel mit Einhandbedienung der Funktionen Heben, Fahren und Senken. \u2022 Gummierter Deichselgriff f\u00fcr sichere Handhabung. \u2022 Messbereich von 0 bis 2.000 kg in 1 kg Schritten. \u2022 Gut ablesbare LCD-Anzeige. \u2022 Genauigkeit \u00b1 0,1 % vom Endwert. \u2022 Kleinster Messwert 1,0 kg. \u2022 Das System ist auf einfache Wiegevorg\u00e4nge, wie z. B. f\u00fcr Dosier- und Abf\u00fcllvorg\u00e4nge ausgelegt. \u2022 Wartungsarme Hydraulikpumpe mit hartverchromten Kolben und \u00dcberlastsicherung. \u2022 Rahmen und Gabeln in robuster Stahlkonstruktion, besonders geh\u00e4rtete Achsen und die hochwertige Pulverbeschichtung sorgen f\u00fcr eine lange Lebensdauer des Ger\u00e4tes. \u2022 Leichtes Handling, auch bei beengten Platzverh\u00e4ltnissen, durch einen Lenkeinschlag von je 105 Grad.  Lieferumfang \u2022 4 x 1,5 V AA Batterien (ausreichend f\u00fcr ca. 3.000 W\u00e4gungen)\" \/>\n<meta property=\"og:url\" content=\"https:\/\/www.ohis.be\/de\/produit\/hu-w-20-s-handgabelhubwagen-mit-waage\/\" \/>\n<meta property=\"og:site_name\" content=\"Ohis\" \/>\n<meta property=\"og:image\" content=\"https:\/\/www.ohis.be\/wp-content\/uploads\/2022\/12\/hu_w_s.jpg\" \/>\n\t<meta property=\"og:image:width\" content=\"722\" \/>\n\t<meta property=\"og:image:height\" content=\"621\" \/>\n\t<meta property=\"og:image:type\" content=\"image\/jpeg\" \/>\n<meta name=\"twitter:card\" content=\"summary_large_image\" \/>\n<meta name=\"twitter:label1\" content=\"Gesch\u00e4tzte Lesezeit\" \/>\n\t<meta name=\"twitter:data1\" content=\"1\u00a0Minute\" \/>\n<script type=\"application\/ld+json\" class=\"yoast-schema-graph\">{\"@context\":\"https:\\\/\\\/schema.org\",\"@graph\":[{\"@type\":\"WebPage\",\"@id\":\"https:\\\/\\\/www.ohis.be\\\/de\\\/produit\\\/hu-w-20-s-handgabelhubwagen-mit-waage\\\/\",\"url\":\"https:\\\/\\\/www.ohis.be\\\/de\\\/produit\\\/hu-w-20-s-handgabelhubwagen-mit-waage\\\/\",\"name\":\"HU W-20 S Handgabelhubwagen mit Waage - Ohis\",\"isPartOf\":{\"@id\":\"https:\\\/\\\/www.ohis.be\\\/de\\\/#website\"},\"primaryImageOfPage\":{\"@id\":\"https:\\\/\\\/www.ohis.be\\\/de\\\/produit\\\/hu-w-20-s-handgabelhubwagen-mit-waage\\\/#primaryimage\"},\"image\":{\"@id\":\"https:\\\/\\\/www.ohis.be\\\/de\\\/produit\\\/hu-w-20-s-handgabelhubwagen-mit-waage\\\/#primaryimage\"},\"thumbnailUrl\":\"https:\\\/\\\/www.ohis.be\\\/wp-content\\\/uploads\\\/2022\\\/12\\\/hu_w_s.jpg\",\"datePublished\":\"2022-12-26T09:53:23+00:00\",\"breadcrumb\":{\"@id\":\"https:\\\/\\\/www.ohis.be\\\/de\\\/produit\\\/hu-w-20-s-handgabelhubwagen-mit-waage\\\/#breadcrumb\"},\"inLanguage\":\"de\",\"potentialAction\":[{\"@type\":\"ReadAction\",\"target\":[\"https:\\\/\\\/www.ohis.be\\\/de\\\/produit\\\/hu-w-20-s-handgabelhubwagen-mit-waage\\\/\"]}]},{\"@type\":\"ImageObject\",\"inLanguage\":\"de\",\"@id\":\"https:\\\/\\\/www.ohis.be\\\/de\\\/produit\\\/hu-w-20-s-handgabelhubwagen-mit-waage\\\/#primaryimage\",\"url\":\"https:\\\/\\\/www.ohis.be\\\/wp-content\\\/uploads\\\/2022\\\/12\\\/hu_w_s.jpg\",\"contentUrl\":\"https:\\\/\\\/www.ohis.be\\\/wp-content\\\/uploads\\\/2022\\\/12\\\/hu_w_s.jpg\",\"width\":722,\"height\":621},{\"@type\":\"BreadcrumbList\",\"@id\":\"https:\\\/\\\/www.ohis.be\\\/de\\\/produit\\\/hu-w-20-s-handgabelhubwagen-mit-waage\\\/#breadcrumb\",\"itemListElement\":[{\"@type\":\"ListItem\",\"position\":1,\"name\":\"Accueil\",\"item\":\"https:\\\/\\\/www.ohis.be\\\/de\\\/\"},{\"@type\":\"ListItem\",\"position\":2,\"name\":\"Produkte\",\"item\":\"https:\\\/\\\/www.ohis.be\\\/de\\\/produkte\\\/\"},{\"@type\":\"ListItem\",\"position\":3,\"name\":\"HU W-20 S Handgabelhubwagen mit Waage\"}]},{\"@type\":\"WebSite\",\"@id\":\"https:\\\/\\\/www.ohis.be\\\/de\\\/#website\",\"url\":\"https:\\\/\\\/www.ohis.be\\\/de\\\/\",\"name\":\"Ohis\",\"description\":\"Outils de levage\",\"publisher\":{\"@id\":\"https:\\\/\\\/www.ohis.be\\\/de\\\/#organization\"},\"potentialAction\":[{\"@type\":\"SearchAction\",\"target\":{\"@type\":\"EntryPoint\",\"urlTemplate\":\"https:\\\/\\\/www.ohis.be\\\/de\\\/?s={search_term_string}\"},\"query-input\":{\"@type\":\"PropertyValueSpecification\",\"valueRequired\":true,\"valueName\":\"search_term_string\"}}],\"inLanguage\":\"de\"},{\"@type\":\"Organization\",\"@id\":\"https:\\\/\\\/www.ohis.be\\\/de\\\/#organization\",\"name\":\"Ohis\",\"url\":\"https:\\\/\\\/www.ohis.be\\\/de\\\/\",\"logo\":{\"@type\":\"ImageObject\",\"inLanguage\":\"de\",\"@id\":\"https:\\\/\\\/www.ohis.be\\\/de\\\/#\\\/schema\\\/logo\\\/image\\\/\",\"url\":\"https:\\\/\\\/www.ohis.be\\\/wp-content\\\/uploads\\\/2021\\\/02\\\/logo-ohis-wit.svg\",\"contentUrl\":\"https:\\\/\\\/www.ohis.be\\\/wp-content\\\/uploads\\\/2021\\\/02\\\/logo-ohis-wit.svg\",\"caption\":\"Ohis\"},\"image\":{\"@id\":\"https:\\\/\\\/www.ohis.be\\\/de\\\/#\\\/schema\\\/logo\\\/image\\\/\"}}]}<\/script>\n<!-- \/ Yoast SEO plugin. -->","yoast_head_json":{"title":"HU W-20 S Handgabelhubwagen mit Waage - Ohis","robots":{"index":"index","follow":"follow","max-snippet":"max-snippet:-1","max-image-preview":"max-image-preview:large","max-video-preview":"max-video-preview:-1"},"canonical":"https:\/\/www.ohis.be\/de\/produit\/hu-w-20-s-handgabelhubwagen-mit-waage\/","og_locale":"de_DE","og_type":"article","og_title":"HU W-20 S Handgabelhubwagen mit Waage - Ohis","og_description":"HU W-20 S SILVERLINE Handgabelhubwagen mit Waage HU W-20 SPR SILVERLINE - mit Waage und Drucker Tragf\u00e4higkeit 2.000 kg Zum Transportieren und Wiegen von palettierten G\u00fctern und Gitterboxen.  Ausstattung und Verarbeitung \u2022 Ergonomische Sicherheitsdeichsel mit Einhandbedienung der Funktionen Heben, Fahren und Senken. \u2022 Gummierter Deichselgriff f\u00fcr sichere Handhabung. \u2022 Messbereich von 0 bis 2.000 kg in 1 kg Schritten. \u2022 Gut ablesbare LCD-Anzeige. \u2022 Genauigkeit \u00b1 0,1 % vom Endwert. \u2022 Kleinster Messwert 1,0 kg. \u2022 Das System ist auf einfache Wiegevorg\u00e4nge, wie z. B. f\u00fcr Dosier- und Abf\u00fcllvorg\u00e4nge ausgelegt. \u2022 Wartungsarme Hydraulikpumpe mit hartverchromten Kolben und \u00dcberlastsicherung. \u2022 Rahmen und Gabeln in robuster Stahlkonstruktion, besonders geh\u00e4rtete Achsen und die hochwertige Pulverbeschichtung sorgen f\u00fcr eine lange Lebensdauer des Ger\u00e4tes. \u2022 Leichtes Handling, auch bei beengten Platzverh\u00e4ltnissen, durch einen Lenkeinschlag von je 105 Grad.  Lieferumfang \u2022 4 x 1,5 V AA Batterien (ausreichend f\u00fcr ca. 3.000 W\u00e4gungen)","og_url":"https:\/\/www.ohis.be\/de\/produit\/hu-w-20-s-handgabelhubwagen-mit-waage\/","og_site_name":"Ohis","og_image":[{"width":722,"height":621,"url":"https:\/\/www.ohis.be\/wp-content\/uploads\/2022\/12\/hu_w_s.jpg","type":"image\/jpeg"}],"twitter_card":"summary_large_image","twitter_misc":{"Gesch\u00e4tzte Lesezeit":"1\u00a0Minute"},"schema":{"@context":"https:\/\/schema.org","@graph":[{"@type":"WebPage","@id":"https:\/\/www.ohis.be\/de\/produit\/hu-w-20-s-handgabelhubwagen-mit-waage\/","url":"https:\/\/www.ohis.be\/de\/produit\/hu-w-20-s-handgabelhubwagen-mit-waage\/","name":"HU W-20 S Handgabelhubwagen mit Waage - Ohis","isPartOf":{"@id":"https:\/\/www.ohis.be\/de\/#website"},"primaryImageOfPage":{"@id":"https:\/\/www.ohis.be\/de\/produit\/hu-w-20-s-handgabelhubwagen-mit-waage\/#primaryimage"},"image":{"@id":"https:\/\/www.ohis.be\/de\/produit\/hu-w-20-s-handgabelhubwagen-mit-waage\/#primaryimage"},"thumbnailUrl":"https:\/\/www.ohis.be\/wp-content\/uploads\/2022\/12\/hu_w_s.jpg","datePublished":"2022-12-26T09:53:23+00:00","breadcrumb":{"@id":"https:\/\/www.ohis.be\/de\/produit\/hu-w-20-s-handgabelhubwagen-mit-waage\/#breadcrumb"},"inLanguage":"de","potentialAction":[{"@type":"ReadAction","target":["https:\/\/www.ohis.be\/de\/produit\/hu-w-20-s-handgabelhubwagen-mit-waage\/"]}]},{"@type":"ImageObject","inLanguage":"de","@id":"https:\/\/www.ohis.be\/de\/produit\/hu-w-20-s-handgabelhubwagen-mit-waage\/#primaryimage","url":"https:\/\/www.ohis.be\/wp-content\/uploads\/2022\/12\/hu_w_s.jpg","contentUrl":"https:\/\/www.ohis.be\/wp-content\/uploads\/2022\/12\/hu_w_s.jpg","width":722,"height":621},{"@type":"BreadcrumbList","@id":"https:\/\/www.ohis.be\/de\/produit\/hu-w-20-s-handgabelhubwagen-mit-waage\/#breadcrumb","itemListElement":[{"@type":"ListItem","position":1,"name":"Accueil","item":"https:\/\/www.ohis.be\/de\/"},{"@type":"ListItem","position":2,"name":"Produkte","item":"https:\/\/www.ohis.be\/de\/produkte\/"},{"@type":"ListItem","position":3,"name":"HU W-20 S Handgabelhubwagen mit Waage"}]},{"@type":"WebSite","@id":"https:\/\/www.ohis.be\/de\/#website","url":"https:\/\/www.ohis.be\/de\/","name":"Ohis","description":"Outils de levage","publisher":{"@id":"https:\/\/www.ohis.be\/de\/#organization"},"potentialAction":[{"@type":"SearchAction","target":{"@type":"EntryPoint","urlTemplate":"https:\/\/www.ohis.be\/de\/?s={search_term_string}"},"query-input":{"@type":"PropertyValueSpecification","valueRequired":true,"valueName":"search_term_string"}}],"inLanguage":"de"},{"@type":"Organization","@id":"https:\/\/www.ohis.be\/de\/#organization","name":"Ohis","url":"https:\/\/www.ohis.be\/de\/","logo":{"@type":"ImageObject","inLanguage":"de","@id":"https:\/\/www.ohis.be\/de\/#\/schema\/logo\/image\/","url":"https:\/\/www.ohis.be\/wp-content\/uploads\/2021\/02\/logo-ohis-wit.svg","contentUrl":"https:\/\/www.ohis.be\/wp-content\/uploads\/2021\/02\/logo-ohis-wit.svg","caption":"Ohis"},"image":{"@id":"https:\/\/www.ohis.be\/de\/#\/schema\/logo\/image\/"}}]}},"_links":{"self":[{"href":"https:\/\/www.ohis.be\/de\/wp-json\/wp\/v2\/product\/31158","targetHints":{"allow":["GET"]}}],"collection":[{"href":"https:\/\/www.ohis.be\/de\/wp-json\/wp\/v2\/product"}],"about":[{"href":"https:\/\/www.ohis.be\/de\/wp-json\/wp\/v2\/types\/product"}],"wp:featuredmedia":[{"embeddable":true,"href":"https:\/\/www.ohis.be\/de\/wp-json\/wp\/v2\/media\/21699"}],"wp:attachment":[{"href":"https:\/\/www.ohis.be\/de\/wp-json\/wp\/v2\/media?parent=31158"}],"wp:term":[{"taxonomy":"product_brand","embeddable":true,"href":"https:\/\/www.ohis.be\/de\/wp-json\/wp\/v2\/product_brand?post=31158"},{"taxonomy":"product_cat","embeddable":true,"href":"https:\/\/www.ohis.be\/de\/wp-json\/wp\/v2\/product_cat?post=31158"},{"taxonomy":"product_tag","embeddable":true,"href":"https:\/\/www.ohis.be\/de\/wp-json\/wp\/v2\/product_tag?post=31158"}],"curies":[{"name":"wp","href":"https:\/\/api.w.org\/{rel}","templated":true}]}}