{"id":31154,"date":"2022-12-26T11:03:38","date_gmt":"2022-12-26T10:03:38","guid":{"rendered":"https:\/\/www.ohis.be\/produit\/hu-hs-10-b-scherengabelhubwagen-mit-handhydraulischem-hub\/"},"modified":"2022-12-26T11:03:38","modified_gmt":"2022-12-26T10:03:38","slug":"hu-hs-10-b-scherengabelhubwagen-mit-handhydraulischem-hub","status":"publish","type":"product","link":"https:\/\/www.ohis.be\/de\/produit\/hu-hs-10-b-scherengabelhubwagen-mit-handhydraulischem-hub\/","title":{"rendered":"HU HS 10 B Scherengabelhubwagen mit handhydraulischem Hub"},"content":{"rendered":"<p>Eine Kombination aus Handgabelhubwagen und Hubtisch f\u00fcr den Transport und f\u00fcr das Heben von palettierten Lasten auf flexible Arbeitsh\u00f6hen in Fertigung, Montage und Versand.<\/p>\n<p><strong>Ausstattung und Verarbeitung<\/strong><br \/>\n\u2022 Sicherheitsdeichsel mit den Funktionen: Schnellhub &#8211; Normalhub &#8211; Senken.<br \/>\n\u2022 Feinf\u00fchliges Absenken der Last durch dosierbare Senkgeschwindigkeit.<br \/>\n\u2022 Besonders robust durch einstufige Hydraulik.<br \/>\n\u2022 \u00dcberlastschutz durch Sicherheitsventil.<br \/>\n\u2022 Sicherheitsst\u00fctzen f\u00fcr sicheren Stand bei angehobenen Gabeln.<br \/>\n\u2022 Ger\u00e4uscharmer und leichter Lauf dank serienm\u00e4\u00dfiger Polyurethan-Bereifung von Lenk- und Lastrollen.<\/p>\n","protected":false},"excerpt":{"rendered":"<p>Eine Kombination aus Handgabelhubwagen und Hubtisch f\u00fcr den Transport und f\u00fcr das Heben von palettierten Lasten auf flexible Arbeitsh\u00f6hen in Fertigung, Montage und Versand.<\/p>\n<p><strong>Ausstattung und Verarbeitung<\/strong><br \/>\n\u2022 Sicherheitsdeichsel mit den Funktionen: Schnellhub &#8211; Normalhub &#8211; Senken.<br \/>\n\u2022 Feinf\u00fchliges Absenken der Last durch dosierbare Senkgeschwindigkeit.<br \/>\n\u2022 Besonders robust durch einstufige Hydraulik.<br \/>\n\u2022 \u00dcberlastschutz durch Sicherheitsventil.<br \/>\n\u2022 Sicherheitsst\u00fctzen f\u00fcr sicheren Stand bei angehobenen Gabeln.<br \/>\n\u2022 Ger\u00e4uscharmer und leichter Lauf dank serienm\u00e4\u00dfiger Polyurethan-Bereifung von Lenk- und Lastrollen.<\/p>\n","protected":false},"featured_media":21718,"template":"","meta":{"_acf_changed":false,"inline_featured_image":false},"product_brand":[],"product_cat":[1633],"product_tag":[1673],"class_list":{"0":"post-31154","1":"product","2":"type-product","3":"status-publish","4":"has-post-thumbnail","6":"product_cat-gabelhubwagen","7":"product_tag-pfaff-de","9":"first","10":"onbackorder","11":"taxable","12":"shipping-taxable","13":"purchasable","14":"product-type-simple"},"acf":[],"yoast_head":"<!-- This site is optimized with the Yoast SEO plugin v27.4 - https:\/\/yoast.com\/product\/yoast-seo-wordpress\/ -->\n<title>HU HS 10 B Scherengabelhubwagen mit handhydraulischem Hub - Ohis<\/title>\n<meta name=\"robots\" content=\"index, follow, max-snippet:-1, max-image-preview:large, max-video-preview:-1\" \/>\n<link rel=\"canonical\" href=\"https:\/\/www.ohis.be\/de\/produit\/hu-hs-10-b-scherengabelhubwagen-mit-handhydraulischem-hub\/\" \/>\n<meta property=\"og:locale\" content=\"de_DE\" \/>\n<meta property=\"og:type\" content=\"article\" \/>\n<meta property=\"og:title\" content=\"HU HS 10 B Scherengabelhubwagen mit handhydraulischem Hub - Ohis\" \/>\n<meta property=\"og:description\" content=\"Eine Kombination aus Handgabelhubwagen und Hubtisch f\u00fcr den Transport und f\u00fcr das Heben von palettierten Lasten auf flexible Arbeitsh\u00f6hen in Fertigung, Montage und Versand.  Ausstattung und Verarbeitung \u2022 Sicherheitsdeichsel mit den Funktionen: Schnellhub - Normalhub - Senken. \u2022 Feinf\u00fchliges Absenken der Last durch dosierbare Senkgeschwindigkeit. \u2022 Besonders robust durch einstufige Hydraulik. \u2022 \u00dcberlastschutz durch Sicherheitsventil. \u2022 Sicherheitsst\u00fctzen f\u00fcr sicheren Stand bei angehobenen Gabeln. \u2022 Ger\u00e4uscharmer und leichter Lauf dank serienm\u00e4\u00dfiger Polyurethan-Bereifung von Lenk- und Lastrollen.\" \/>\n<meta property=\"og:url\" content=\"https:\/\/www.ohis.be\/de\/produit\/hu-hs-10-b-scherengabelhubwagen-mit-handhydraulischem-hub\/\" \/>\n<meta property=\"og:site_name\" content=\"Ohis\" \/>\n<meta property=\"og:image\" content=\"https:\/\/www.ohis.be\/wp-content\/uploads\/2022\/12\/hu_hs_10b_2005_pfaff.jpg\" \/>\n\t<meta property=\"og:image:width\" content=\"1019\" \/>\n\t<meta property=\"og:image:height\" content=\"1134\" \/>\n\t<meta property=\"og:image:type\" content=\"image\/jpeg\" \/>\n<meta name=\"twitter:card\" content=\"summary_large_image\" \/>\n<script type=\"application\/ld+json\" class=\"yoast-schema-graph\">{\"@context\":\"https:\\\/\\\/schema.org\",\"@graph\":[{\"@type\":\"WebPage\",\"@id\":\"https:\\\/\\\/www.ohis.be\\\/de\\\/produit\\\/hu-hs-10-b-scherengabelhubwagen-mit-handhydraulischem-hub\\\/\",\"url\":\"https:\\\/\\\/www.ohis.be\\\/de\\\/produit\\\/hu-hs-10-b-scherengabelhubwagen-mit-handhydraulischem-hub\\\/\",\"name\":\"HU HS 10 B Scherengabelhubwagen mit handhydraulischem Hub - Ohis\",\"isPartOf\":{\"@id\":\"https:\\\/\\\/www.ohis.be\\\/#website\"},\"primaryImageOfPage\":{\"@id\":\"https:\\\/\\\/www.ohis.be\\\/de\\\/produit\\\/hu-hs-10-b-scherengabelhubwagen-mit-handhydraulischem-hub\\\/#primaryimage\"},\"image\":{\"@id\":\"https:\\\/\\\/www.ohis.be\\\/de\\\/produit\\\/hu-hs-10-b-scherengabelhubwagen-mit-handhydraulischem-hub\\\/#primaryimage\"},\"thumbnailUrl\":\"https:\\\/\\\/www.ohis.be\\\/wp-content\\\/uploads\\\/2022\\\/12\\\/hu_hs_10b_2005_pfaff.jpg\",\"datePublished\":\"2022-12-26T10:03:38+00:00\",\"breadcrumb\":{\"@id\":\"https:\\\/\\\/www.ohis.be\\\/de\\\/produit\\\/hu-hs-10-b-scherengabelhubwagen-mit-handhydraulischem-hub\\\/#breadcrumb\"},\"inLanguage\":\"de\",\"potentialAction\":[{\"@type\":\"ReadAction\",\"target\":[\"https:\\\/\\\/www.ohis.be\\\/de\\\/produit\\\/hu-hs-10-b-scherengabelhubwagen-mit-handhydraulischem-hub\\\/\"]}]},{\"@type\":\"ImageObject\",\"inLanguage\":\"de\",\"@id\":\"https:\\\/\\\/www.ohis.be\\\/de\\\/produit\\\/hu-hs-10-b-scherengabelhubwagen-mit-handhydraulischem-hub\\\/#primaryimage\",\"url\":\"https:\\\/\\\/www.ohis.be\\\/wp-content\\\/uploads\\\/2022\\\/12\\\/hu_hs_10b_2005_pfaff.jpg\",\"contentUrl\":\"https:\\\/\\\/www.ohis.be\\\/wp-content\\\/uploads\\\/2022\\\/12\\\/hu_hs_10b_2005_pfaff.jpg\",\"width\":1019,\"height\":1134},{\"@type\":\"BreadcrumbList\",\"@id\":\"https:\\\/\\\/www.ohis.be\\\/de\\\/produit\\\/hu-hs-10-b-scherengabelhubwagen-mit-handhydraulischem-hub\\\/#breadcrumb\",\"itemListElement\":[{\"@type\":\"ListItem\",\"position\":1,\"name\":\"Accueil\",\"item\":\"https:\\\/\\\/www.ohis.be\\\/de\\\/\"},{\"@type\":\"ListItem\",\"position\":2,\"name\":\"Produkte\",\"item\":\"https:\\\/\\\/www.ohis.be\\\/de\\\/produkte\\\/\"},{\"@type\":\"ListItem\",\"position\":3,\"name\":\"HU HS 10 B Scherengabelhubwagen mit handhydraulischem Hub\"}]},{\"@type\":\"WebSite\",\"@id\":\"https:\\\/\\\/www.ohis.be\\\/#website\",\"url\":\"https:\\\/\\\/www.ohis.be\\\/\",\"name\":\"Ohis\",\"description\":\"Outils de levage\",\"publisher\":{\"@id\":\"https:\\\/\\\/www.ohis.be\\\/#organization\"},\"potentialAction\":[{\"@type\":\"SearchAction\",\"target\":{\"@type\":\"EntryPoint\",\"urlTemplate\":\"https:\\\/\\\/www.ohis.be\\\/?s={search_term_string}\"},\"query-input\":{\"@type\":\"PropertyValueSpecification\",\"valueRequired\":true,\"valueName\":\"search_term_string\"}}],\"inLanguage\":\"de\"},{\"@type\":\"Organization\",\"@id\":\"https:\\\/\\\/www.ohis.be\\\/#organization\",\"name\":\"Ohis\",\"url\":\"https:\\\/\\\/www.ohis.be\\\/\",\"logo\":{\"@type\":\"ImageObject\",\"inLanguage\":\"de\",\"@id\":\"https:\\\/\\\/www.ohis.be\\\/#\\\/schema\\\/logo\\\/image\\\/\",\"url\":\"https:\\\/\\\/www.ohis.be\\\/wp-content\\\/uploads\\\/2021\\\/02\\\/logo-ohis-wit.svg\",\"contentUrl\":\"https:\\\/\\\/www.ohis.be\\\/wp-content\\\/uploads\\\/2021\\\/02\\\/logo-ohis-wit.svg\",\"caption\":\"Ohis\"},\"image\":{\"@id\":\"https:\\\/\\\/www.ohis.be\\\/#\\\/schema\\\/logo\\\/image\\\/\"}}]}<\/script>\n<!-- \/ Yoast SEO plugin. -->","yoast_head_json":{"title":"HU HS 10 B Scherengabelhubwagen mit handhydraulischem Hub - Ohis","robots":{"index":"index","follow":"follow","max-snippet":"max-snippet:-1","max-image-preview":"max-image-preview:large","max-video-preview":"max-video-preview:-1"},"canonical":"https:\/\/www.ohis.be\/de\/produit\/hu-hs-10-b-scherengabelhubwagen-mit-handhydraulischem-hub\/","og_locale":"de_DE","og_type":"article","og_title":"HU HS 10 B Scherengabelhubwagen mit handhydraulischem Hub - Ohis","og_description":"Eine Kombination aus Handgabelhubwagen und Hubtisch f\u00fcr den Transport und f\u00fcr das Heben von palettierten Lasten auf flexible Arbeitsh\u00f6hen in Fertigung, Montage und Versand.  Ausstattung und Verarbeitung \u2022 Sicherheitsdeichsel mit den Funktionen: Schnellhub - Normalhub - Senken. \u2022 Feinf\u00fchliges Absenken der Last durch dosierbare Senkgeschwindigkeit. \u2022 Besonders robust durch einstufige Hydraulik. \u2022 \u00dcberlastschutz durch Sicherheitsventil. \u2022 Sicherheitsst\u00fctzen f\u00fcr sicheren Stand bei angehobenen Gabeln. \u2022 Ger\u00e4uscharmer und leichter Lauf dank serienm\u00e4\u00dfiger Polyurethan-Bereifung von Lenk- und Lastrollen.","og_url":"https:\/\/www.ohis.be\/de\/produit\/hu-hs-10-b-scherengabelhubwagen-mit-handhydraulischem-hub\/","og_site_name":"Ohis","og_image":[{"width":1019,"height":1134,"url":"https:\/\/www.ohis.be\/wp-content\/uploads\/2022\/12\/hu_hs_10b_2005_pfaff.jpg","type":"image\/jpeg"}],"twitter_card":"summary_large_image","schema":{"@context":"https:\/\/schema.org","@graph":[{"@type":"WebPage","@id":"https:\/\/www.ohis.be\/de\/produit\/hu-hs-10-b-scherengabelhubwagen-mit-handhydraulischem-hub\/","url":"https:\/\/www.ohis.be\/de\/produit\/hu-hs-10-b-scherengabelhubwagen-mit-handhydraulischem-hub\/","name":"HU HS 10 B Scherengabelhubwagen mit handhydraulischem Hub - Ohis","isPartOf":{"@id":"https:\/\/www.ohis.be\/#website"},"primaryImageOfPage":{"@id":"https:\/\/www.ohis.be\/de\/produit\/hu-hs-10-b-scherengabelhubwagen-mit-handhydraulischem-hub\/#primaryimage"},"image":{"@id":"https:\/\/www.ohis.be\/de\/produit\/hu-hs-10-b-scherengabelhubwagen-mit-handhydraulischem-hub\/#primaryimage"},"thumbnailUrl":"https:\/\/www.ohis.be\/wp-content\/uploads\/2022\/12\/hu_hs_10b_2005_pfaff.jpg","datePublished":"2022-12-26T10:03:38+00:00","breadcrumb":{"@id":"https:\/\/www.ohis.be\/de\/produit\/hu-hs-10-b-scherengabelhubwagen-mit-handhydraulischem-hub\/#breadcrumb"},"inLanguage":"de","potentialAction":[{"@type":"ReadAction","target":["https:\/\/www.ohis.be\/de\/produit\/hu-hs-10-b-scherengabelhubwagen-mit-handhydraulischem-hub\/"]}]},{"@type":"ImageObject","inLanguage":"de","@id":"https:\/\/www.ohis.be\/de\/produit\/hu-hs-10-b-scherengabelhubwagen-mit-handhydraulischem-hub\/#primaryimage","url":"https:\/\/www.ohis.be\/wp-content\/uploads\/2022\/12\/hu_hs_10b_2005_pfaff.jpg","contentUrl":"https:\/\/www.ohis.be\/wp-content\/uploads\/2022\/12\/hu_hs_10b_2005_pfaff.jpg","width":1019,"height":1134},{"@type":"BreadcrumbList","@id":"https:\/\/www.ohis.be\/de\/produit\/hu-hs-10-b-scherengabelhubwagen-mit-handhydraulischem-hub\/#breadcrumb","itemListElement":[{"@type":"ListItem","position":1,"name":"Accueil","item":"https:\/\/www.ohis.be\/de\/"},{"@type":"ListItem","position":2,"name":"Produkte","item":"https:\/\/www.ohis.be\/de\/produkte\/"},{"@type":"ListItem","position":3,"name":"HU HS 10 B Scherengabelhubwagen mit handhydraulischem Hub"}]},{"@type":"WebSite","@id":"https:\/\/www.ohis.be\/#website","url":"https:\/\/www.ohis.be\/","name":"Ohis","description":"Outils de levage","publisher":{"@id":"https:\/\/www.ohis.be\/#organization"},"potentialAction":[{"@type":"SearchAction","target":{"@type":"EntryPoint","urlTemplate":"https:\/\/www.ohis.be\/?s={search_term_string}"},"query-input":{"@type":"PropertyValueSpecification","valueRequired":true,"valueName":"search_term_string"}}],"inLanguage":"de"},{"@type":"Organization","@id":"https:\/\/www.ohis.be\/#organization","name":"Ohis","url":"https:\/\/www.ohis.be\/","logo":{"@type":"ImageObject","inLanguage":"de","@id":"https:\/\/www.ohis.be\/#\/schema\/logo\/image\/","url":"https:\/\/www.ohis.be\/wp-content\/uploads\/2021\/02\/logo-ohis-wit.svg","contentUrl":"https:\/\/www.ohis.be\/wp-content\/uploads\/2021\/02\/logo-ohis-wit.svg","caption":"Ohis"},"image":{"@id":"https:\/\/www.ohis.be\/#\/schema\/logo\/image\/"}}]}},"_links":{"self":[{"href":"https:\/\/www.ohis.be\/de\/wp-json\/wp\/v2\/product\/31154","targetHints":{"allow":["GET"]}}],"collection":[{"href":"https:\/\/www.ohis.be\/de\/wp-json\/wp\/v2\/product"}],"about":[{"href":"https:\/\/www.ohis.be\/de\/wp-json\/wp\/v2\/types\/product"}],"wp:featuredmedia":[{"embeddable":true,"href":"https:\/\/www.ohis.be\/de\/wp-json\/wp\/v2\/media\/21718"}],"wp:attachment":[{"href":"https:\/\/www.ohis.be\/de\/wp-json\/wp\/v2\/media?parent=31154"}],"wp:term":[{"taxonomy":"product_brand","embeddable":true,"href":"https:\/\/www.ohis.be\/de\/wp-json\/wp\/v2\/product_brand?post=31154"},{"taxonomy":"product_cat","embeddable":true,"href":"https:\/\/www.ohis.be\/de\/wp-json\/wp\/v2\/product_cat?post=31154"},{"taxonomy":"product_tag","embeddable":true,"href":"https:\/\/www.ohis.be\/de\/wp-json\/wp\/v2\/product_tag?post=31154"}],"curies":[{"name":"wp","href":"https:\/\/api.w.org\/{rel}","templated":true}]}}