{"id":31056,"date":"2023-03-17T15:19:25","date_gmt":"2023-03-17T14:19:25","guid":{"rendered":"https:\/\/www.ohis.be\/produit\/m1-motorisierte-deichsel\/"},"modified":"2023-03-17T15:19:25","modified_gmt":"2023-03-17T14:19:25","slug":"m1-motorisierte-deichsel","status":"publish","type":"product","link":"https:\/\/www.ohis.be\/de\/produit\/m1-motorisierte-deichsel\/","title":{"rendered":"M1 &#8211; motorisierte Deichsel"},"content":{"rendered":"<p>Die motorisierte Deichsel Zallys M1 ist die ideale L\u00f6sung, um die manuelle Handhabung von Lasten zu eliminieren.<\/p>\n<ul>\n<li>f\u00fcr Lasten bis zu 1.000 kg<\/li>\n<li>vielseitig und kompakt<\/li>\n<li>austauschbare Batterie zur Gew\u00e4hrleistung von 24\/7<\/li>\n<li>optionaler Knopf f\u00fcr die Einstellung von 2 Geschwindigkeiten<\/li>\n<li>gro\u00dfe Auswahl an Standardhaken oder auf Anfrage anpassbar.<\/li>\n<\/ul>\n<p><strong>M1 ist n\u00fctzlich f\u00fcr die Handhabung von Lasten wie z. B:<\/strong><\/p>\n<ul>\n<li>Drahtgittercontainer und Rollcontainer<\/li>\n<li>W\u00e4schewagen<\/li>\n<li>M\u00fclltonnen<\/li>\n<li>Arzt- und Krankenhauswagen<\/li>\n<li>Lagerwagen<\/li>\n<li>Werkstattwagen<\/li>\n<li>Servierwagen<\/li>\n<li>Wagen f\u00fcr medizinische Ger\u00e4te<\/li>\n<li>industrielle Rollcontainer<\/li>\n<\/ul>\n","protected":false},"excerpt":{"rendered":"<p>Die motorisierte Deichsel Zallys M1 ist die ideale L\u00f6sung, um die manuelle Handhabung von Lasten zu eliminieren.<\/p>\n<ul>\n<li>f\u00fcr Lasten bis zu 1.000 kg<\/li>\n<li>vielseitig und kompakt<\/li>\n<li>austauschbare Batterie zur Gew\u00e4hrleistung von 24\/7<\/li>\n<li>optionaler Knopf f\u00fcr die Einstellung von 2 Geschwindigkeiten<\/li>\n<li>gro\u00dfe Auswahl an Standardhaken oder auf Anfrage anpassbar.<\/li>\n<\/ul>\n<p><strong>M1 ist n\u00fctzlich f\u00fcr die Handhabung von Lasten wie z. B:<\/strong><\/p>\n<ul>\n<li>Drahtgittercontainer und Rollcontainer<\/li>\n<li>W\u00e4schewagen<\/li>\n<li>M\u00fclltonnen<\/li>\n<li>Arzt- und Krankenhauswagen<\/li>\n<li>Lagerwagen<\/li>\n<li>Werkstattwagen<\/li>\n<li>Servierwagen<\/li>\n<li>Wagen f\u00fcr medizinische Ger\u00e4te<\/li>\n<li>industrielle Rollcontainer<\/li>\n<\/ul>\n","protected":false},"featured_media":29040,"template":"","meta":{"_acf_changed":false,"inline_featured_image":false},"product_brand":[],"product_cat":[1627,3851],"product_tag":[2852],"class_list":{"0":"post-31056","1":"product","2":"type-product","3":"status-publish","4":"has-post-thumbnail","6":"product_cat-boden-handling","7":"product_cat-schlepper","8":"product_tag-zallys-de","10":"first","11":"onbackorder","12":"taxable","13":"shipping-taxable","14":"purchasable","15":"product-type-simple"},"acf":[],"yoast_head":"<!-- This site is optimized with the Yoast SEO plugin v27.4 - https:\/\/yoast.com\/product\/yoast-seo-wordpress\/ -->\n<title>M1 - motorisierte Deichsel - Ohis<\/title>\n<meta name=\"robots\" content=\"index, follow, max-snippet:-1, max-image-preview:large, max-video-preview:-1\" \/>\n<link rel=\"canonical\" href=\"https:\/\/www.ohis.be\/de\/produit\/m1-motorisierte-deichsel\/\" \/>\n<meta property=\"og:locale\" content=\"de_DE\" \/>\n<meta property=\"og:type\" content=\"article\" \/>\n<meta property=\"og:title\" content=\"M1 - motorisierte Deichsel - Ohis\" \/>\n<meta property=\"og:description\" content=\"Die motorisierte Deichsel Zallys M1 ist die ideale L\u00f6sung, um die manuelle Handhabung von Lasten zu eliminieren.   f\u00fcr Lasten bis zu 1.000 kg  vielseitig und kompakt  austauschbare Batterie zur Gew\u00e4hrleistung von 24\/7  optionaler Knopf f\u00fcr die Einstellung von 2 Geschwindigkeiten  gro\u00dfe Auswahl an Standardhaken oder auf Anfrage anpassbar.  M1 ist n\u00fctzlich f\u00fcr die Handhabung von Lasten wie z. B:   Drahtgittercontainer und Rollcontainer  W\u00e4schewagen  M\u00fclltonnen  Arzt- und Krankenhauswagen  Lagerwagen  Werkstattwagen  Servierwagen  Wagen f\u00fcr medizinische Ger\u00e4te  industrielle Rollcontainer\" \/>\n<meta property=\"og:url\" content=\"https:\/\/www.ohis.be\/de\/produit\/m1-motorisierte-deichsel\/\" \/>\n<meta property=\"og:site_name\" content=\"Ohis\" \/>\n<meta property=\"og:image\" content=\"https:\/\/www.ohis.be\/wp-content\/uploads\/2023\/03\/M1-Timon-motorise.png\" \/>\n\t<meta property=\"og:image:width\" content=\"600\" \/>\n\t<meta property=\"og:image:height\" content=\"523\" \/>\n\t<meta property=\"og:image:type\" content=\"image\/png\" \/>\n<meta name=\"twitter:card\" content=\"summary_large_image\" \/>\n<script type=\"application\/ld+json\" class=\"yoast-schema-graph\">{\"@context\":\"https:\\\/\\\/schema.org\",\"@graph\":[{\"@type\":\"WebPage\",\"@id\":\"https:\\\/\\\/www.ohis.be\\\/de\\\/produit\\\/m1-motorisierte-deichsel\\\/\",\"url\":\"https:\\\/\\\/www.ohis.be\\\/de\\\/produit\\\/m1-motorisierte-deichsel\\\/\",\"name\":\"M1 - motorisierte Deichsel - Ohis\",\"isPartOf\":{\"@id\":\"https:\\\/\\\/www.ohis.be\\\/#website\"},\"primaryImageOfPage\":{\"@id\":\"https:\\\/\\\/www.ohis.be\\\/de\\\/produit\\\/m1-motorisierte-deichsel\\\/#primaryimage\"},\"image\":{\"@id\":\"https:\\\/\\\/www.ohis.be\\\/de\\\/produit\\\/m1-motorisierte-deichsel\\\/#primaryimage\"},\"thumbnailUrl\":\"https:\\\/\\\/www.ohis.be\\\/wp-content\\\/uploads\\\/2023\\\/03\\\/M1-Timon-motorise.png\",\"datePublished\":\"2023-03-17T14:19:25+00:00\",\"breadcrumb\":{\"@id\":\"https:\\\/\\\/www.ohis.be\\\/de\\\/produit\\\/m1-motorisierte-deichsel\\\/#breadcrumb\"},\"inLanguage\":\"de\",\"potentialAction\":[{\"@type\":\"ReadAction\",\"target\":[\"https:\\\/\\\/www.ohis.be\\\/de\\\/produit\\\/m1-motorisierte-deichsel\\\/\"]}]},{\"@type\":\"ImageObject\",\"inLanguage\":\"de\",\"@id\":\"https:\\\/\\\/www.ohis.be\\\/de\\\/produit\\\/m1-motorisierte-deichsel\\\/#primaryimage\",\"url\":\"https:\\\/\\\/www.ohis.be\\\/wp-content\\\/uploads\\\/2023\\\/03\\\/M1-Timon-motorise.png\",\"contentUrl\":\"https:\\\/\\\/www.ohis.be\\\/wp-content\\\/uploads\\\/2023\\\/03\\\/M1-Timon-motorise.png\",\"width\":600,\"height\":523,\"caption\":\"M1 - Timon motoris\u00e9\"},{\"@type\":\"BreadcrumbList\",\"@id\":\"https:\\\/\\\/www.ohis.be\\\/de\\\/produit\\\/m1-motorisierte-deichsel\\\/#breadcrumb\",\"itemListElement\":[{\"@type\":\"ListItem\",\"position\":1,\"name\":\"Accueil\",\"item\":\"https:\\\/\\\/www.ohis.be\\\/de\\\/\"},{\"@type\":\"ListItem\",\"position\":2,\"name\":\"Produkte\",\"item\":\"https:\\\/\\\/www.ohis.be\\\/de\\\/produkte\\\/\"},{\"@type\":\"ListItem\",\"position\":3,\"name\":\"M1 &#8211; motorisierte Deichsel\"}]},{\"@type\":\"WebSite\",\"@id\":\"https:\\\/\\\/www.ohis.be\\\/#website\",\"url\":\"https:\\\/\\\/www.ohis.be\\\/\",\"name\":\"Ohis\",\"description\":\"Outils de levage\",\"publisher\":{\"@id\":\"https:\\\/\\\/www.ohis.be\\\/#organization\"},\"potentialAction\":[{\"@type\":\"SearchAction\",\"target\":{\"@type\":\"EntryPoint\",\"urlTemplate\":\"https:\\\/\\\/www.ohis.be\\\/?s={search_term_string}\"},\"query-input\":{\"@type\":\"PropertyValueSpecification\",\"valueRequired\":true,\"valueName\":\"search_term_string\"}}],\"inLanguage\":\"de\"},{\"@type\":\"Organization\",\"@id\":\"https:\\\/\\\/www.ohis.be\\\/#organization\",\"name\":\"Ohis\",\"url\":\"https:\\\/\\\/www.ohis.be\\\/\",\"logo\":{\"@type\":\"ImageObject\",\"inLanguage\":\"de\",\"@id\":\"https:\\\/\\\/www.ohis.be\\\/#\\\/schema\\\/logo\\\/image\\\/\",\"url\":\"https:\\\/\\\/www.ohis.be\\\/wp-content\\\/uploads\\\/2021\\\/02\\\/logo-ohis-wit.svg\",\"contentUrl\":\"https:\\\/\\\/www.ohis.be\\\/wp-content\\\/uploads\\\/2021\\\/02\\\/logo-ohis-wit.svg\",\"caption\":\"Ohis\"},\"image\":{\"@id\":\"https:\\\/\\\/www.ohis.be\\\/#\\\/schema\\\/logo\\\/image\\\/\"}}]}<\/script>\n<!-- \/ Yoast SEO plugin. -->","yoast_head_json":{"title":"M1 - motorisierte Deichsel - Ohis","robots":{"index":"index","follow":"follow","max-snippet":"max-snippet:-1","max-image-preview":"max-image-preview:large","max-video-preview":"max-video-preview:-1"},"canonical":"https:\/\/www.ohis.be\/de\/produit\/m1-motorisierte-deichsel\/","og_locale":"de_DE","og_type":"article","og_title":"M1 - motorisierte Deichsel - Ohis","og_description":"Die motorisierte Deichsel Zallys M1 ist die ideale L\u00f6sung, um die manuelle Handhabung von Lasten zu eliminieren.   f\u00fcr Lasten bis zu 1.000 kg  vielseitig und kompakt  austauschbare Batterie zur Gew\u00e4hrleistung von 24\/7  optionaler Knopf f\u00fcr die Einstellung von 2 Geschwindigkeiten  gro\u00dfe Auswahl an Standardhaken oder auf Anfrage anpassbar.  M1 ist n\u00fctzlich f\u00fcr die Handhabung von Lasten wie z. B:   Drahtgittercontainer und Rollcontainer  W\u00e4schewagen  M\u00fclltonnen  Arzt- und Krankenhauswagen  Lagerwagen  Werkstattwagen  Servierwagen  Wagen f\u00fcr medizinische Ger\u00e4te  industrielle Rollcontainer","og_url":"https:\/\/www.ohis.be\/de\/produit\/m1-motorisierte-deichsel\/","og_site_name":"Ohis","og_image":[{"width":600,"height":523,"url":"https:\/\/www.ohis.be\/wp-content\/uploads\/2023\/03\/M1-Timon-motorise.png","type":"image\/png"}],"twitter_card":"summary_large_image","schema":{"@context":"https:\/\/schema.org","@graph":[{"@type":"WebPage","@id":"https:\/\/www.ohis.be\/de\/produit\/m1-motorisierte-deichsel\/","url":"https:\/\/www.ohis.be\/de\/produit\/m1-motorisierte-deichsel\/","name":"M1 - motorisierte Deichsel - Ohis","isPartOf":{"@id":"https:\/\/www.ohis.be\/#website"},"primaryImageOfPage":{"@id":"https:\/\/www.ohis.be\/de\/produit\/m1-motorisierte-deichsel\/#primaryimage"},"image":{"@id":"https:\/\/www.ohis.be\/de\/produit\/m1-motorisierte-deichsel\/#primaryimage"},"thumbnailUrl":"https:\/\/www.ohis.be\/wp-content\/uploads\/2023\/03\/M1-Timon-motorise.png","datePublished":"2023-03-17T14:19:25+00:00","breadcrumb":{"@id":"https:\/\/www.ohis.be\/de\/produit\/m1-motorisierte-deichsel\/#breadcrumb"},"inLanguage":"de","potentialAction":[{"@type":"ReadAction","target":["https:\/\/www.ohis.be\/de\/produit\/m1-motorisierte-deichsel\/"]}]},{"@type":"ImageObject","inLanguage":"de","@id":"https:\/\/www.ohis.be\/de\/produit\/m1-motorisierte-deichsel\/#primaryimage","url":"https:\/\/www.ohis.be\/wp-content\/uploads\/2023\/03\/M1-Timon-motorise.png","contentUrl":"https:\/\/www.ohis.be\/wp-content\/uploads\/2023\/03\/M1-Timon-motorise.png","width":600,"height":523,"caption":"M1 - Timon motoris\u00e9"},{"@type":"BreadcrumbList","@id":"https:\/\/www.ohis.be\/de\/produit\/m1-motorisierte-deichsel\/#breadcrumb","itemListElement":[{"@type":"ListItem","position":1,"name":"Accueil","item":"https:\/\/www.ohis.be\/de\/"},{"@type":"ListItem","position":2,"name":"Produkte","item":"https:\/\/www.ohis.be\/de\/produkte\/"},{"@type":"ListItem","position":3,"name":"M1 &#8211; motorisierte Deichsel"}]},{"@type":"WebSite","@id":"https:\/\/www.ohis.be\/#website","url":"https:\/\/www.ohis.be\/","name":"Ohis","description":"Outils de levage","publisher":{"@id":"https:\/\/www.ohis.be\/#organization"},"potentialAction":[{"@type":"SearchAction","target":{"@type":"EntryPoint","urlTemplate":"https:\/\/www.ohis.be\/?s={search_term_string}"},"query-input":{"@type":"PropertyValueSpecification","valueRequired":true,"valueName":"search_term_string"}}],"inLanguage":"de"},{"@type":"Organization","@id":"https:\/\/www.ohis.be\/#organization","name":"Ohis","url":"https:\/\/www.ohis.be\/","logo":{"@type":"ImageObject","inLanguage":"de","@id":"https:\/\/www.ohis.be\/#\/schema\/logo\/image\/","url":"https:\/\/www.ohis.be\/wp-content\/uploads\/2021\/02\/logo-ohis-wit.svg","contentUrl":"https:\/\/www.ohis.be\/wp-content\/uploads\/2021\/02\/logo-ohis-wit.svg","caption":"Ohis"},"image":{"@id":"https:\/\/www.ohis.be\/#\/schema\/logo\/image\/"}}]}},"_links":{"self":[{"href":"https:\/\/www.ohis.be\/de\/wp-json\/wp\/v2\/product\/31056","targetHints":{"allow":["GET"]}}],"collection":[{"href":"https:\/\/www.ohis.be\/de\/wp-json\/wp\/v2\/product"}],"about":[{"href":"https:\/\/www.ohis.be\/de\/wp-json\/wp\/v2\/types\/product"}],"wp:featuredmedia":[{"embeddable":true,"href":"https:\/\/www.ohis.be\/de\/wp-json\/wp\/v2\/media\/29040"}],"wp:attachment":[{"href":"https:\/\/www.ohis.be\/de\/wp-json\/wp\/v2\/media?parent=31056"}],"wp:term":[{"taxonomy":"product_brand","embeddable":true,"href":"https:\/\/www.ohis.be\/de\/wp-json\/wp\/v2\/product_brand?post=31056"},{"taxonomy":"product_cat","embeddable":true,"href":"https:\/\/www.ohis.be\/de\/wp-json\/wp\/v2\/product_cat?post=31056"},{"taxonomy":"product_tag","embeddable":true,"href":"https:\/\/www.ohis.be\/de\/wp-json\/wp\/v2\/product_tag?post=31056"}],"curies":[{"name":"wp","href":"https:\/\/api.w.org\/{rel}","templated":true}]}}