{"id":31054,"date":"2023-03-17T15:37:10","date_gmt":"2023-03-17T14:37:10","guid":{"rendered":"https:\/\/www.ohis.be\/produit\/m12-elektrische-vertikalschlepper\/"},"modified":"2023-03-17T15:37:10","modified_gmt":"2023-03-17T14:37:10","slug":"m12-elektrische-vertikalschlepper","status":"publish","type":"product","link":"https:\/\/www.ohis.be\/de\/produit\/m12-elektrische-vertikalschlepper\/","title":{"rendered":"M12 &#8211; elektrische Vertikalschlepper"},"content":{"rendered":"<p>Der elektrische Vertikalschlepper Zallys M12 ist die ideale L\u00f6sung, um die manuelle Handhabung von Lasten zu eliminieren.<\/p>\n<ul>\n<li>f\u00fcr Lasten bis zu 1500 kg<\/li>\n<li>vielseitig und kompakt<\/li>\n<li>austauschbare Batterie zur Gew\u00e4hrleistung von 24\/7<\/li>\n<li>Knopf f\u00fcr die Einstellung mit 5 Geschwindigkeiten<\/li>\n<li>gro\u00dfe Auswahl an Standardhaken oder auf Anfrage anpassbar.<\/li>\n<\/ul>\n<p><strong>M12 ist n\u00fctzlich f\u00fcr die Handhabung von Lasten wie z. B:<\/strong><\/p>\n<ul>\n<li>Drahtgitter- und Rollcontainer<\/li>\n<li>W\u00e4schewagen<\/li>\n<li>M\u00fclltonnen<\/li>\n<li>medizinische und Krankenhauswagen<\/li>\n<li>Lagerwagen<\/li>\n<li>Werkstattwagen<\/li>\n<li>Servierwagen<\/li>\n<li>Wagen f\u00fcr medizinische Ger\u00e4te<\/li>\n<li>industrielle Rollcontainer<\/li>\n<\/ul>\n","protected":false},"excerpt":{"rendered":"<p>Der elektrische Vertikalschlepper Zallys M12 ist die ideale L\u00f6sung, um die manuelle Handhabung von Lasten zu eliminieren.<\/p>\n<ul>\n<li>f\u00fcr Lasten bis zu 1500 kg<\/li>\n<li>vielseitig und kompakt<\/li>\n<li>austauschbare Batterie zur Gew\u00e4hrleistung von 24\/7<\/li>\n<li>Knopf f\u00fcr die Einstellung mit 5 Geschwindigkeiten<\/li>\n<li>gro\u00dfe Auswahl an Standardhaken oder auf Anfrage anpassbar.<\/li>\n<\/ul>\n<p><strong>M12 ist n\u00fctzlich f\u00fcr die Handhabung von Lasten wie z. B:<\/strong><\/p>\n<ul>\n<li>Drahtgitter- und Rollcontainer<\/li>\n<li>W\u00e4schewagen<\/li>\n<li>M\u00fclltonnen<\/li>\n<li>medizinische und Krankenhauswagen<\/li>\n<li>Lagerwagen<\/li>\n<li>Werkstattwagen<\/li>\n<li>Servierwagen<\/li>\n<li>Wagen f\u00fcr medizinische Ger\u00e4te<\/li>\n<li>industrielle Rollcontainer<\/li>\n<\/ul>\n","protected":false},"featured_media":29069,"template":"","meta":{"_acf_changed":false,"inline_featured_image":false},"product_brand":[],"product_cat":[1627,3851],"product_tag":[2852],"class_list":{"0":"post-31054","1":"product","2":"type-product","3":"status-publish","4":"has-post-thumbnail","6":"product_cat-boden-handling","7":"product_cat-schlepper","8":"product_tag-zallys-de","10":"first","11":"instock","12":"taxable","13":"shipping-taxable","14":"purchasable","15":"product-type-simple"},"acf":[],"yoast_head":"<!-- This site is optimized with the Yoast SEO plugin v27.4 - https:\/\/yoast.com\/product\/yoast-seo-wordpress\/ -->\n<title>M12 - elektrische Vertikalschlepper - Ohis<\/title>\n<meta name=\"robots\" content=\"index, follow, max-snippet:-1, max-image-preview:large, max-video-preview:-1\" \/>\n<link rel=\"canonical\" href=\"https:\/\/www.ohis.be\/de\/produit\/m12-elektrische-vertikalschlepper\/\" \/>\n<meta property=\"og:locale\" content=\"de_DE\" \/>\n<meta property=\"og:type\" content=\"article\" \/>\n<meta property=\"og:title\" content=\"M12 - elektrische Vertikalschlepper - Ohis\" \/>\n<meta property=\"og:description\" content=\"Der elektrische Vertikalschlepper Zallys M12 ist die ideale L\u00f6sung, um die manuelle Handhabung von Lasten zu eliminieren.   f\u00fcr Lasten bis zu 1500 kg  vielseitig und kompakt  austauschbare Batterie zur Gew\u00e4hrleistung von 24\/7  Knopf f\u00fcr die Einstellung mit 5 Geschwindigkeiten  gro\u00dfe Auswahl an Standardhaken oder auf Anfrage anpassbar.  M12 ist n\u00fctzlich f\u00fcr die Handhabung von Lasten wie z. B:   Drahtgitter- und Rollcontainer  W\u00e4schewagen  M\u00fclltonnen  medizinische und Krankenhauswagen  Lagerwagen  Werkstattwagen  Servierwagen  Wagen f\u00fcr medizinische Ger\u00e4te  industrielle Rollcontainer\" \/>\n<meta property=\"og:url\" content=\"https:\/\/www.ohis.be\/de\/produit\/m12-elektrische-vertikalschlepper\/\" \/>\n<meta property=\"og:site_name\" content=\"Ohis\" \/>\n<meta property=\"og:image\" content=\"https:\/\/www.ohis.be\/wp-content\/uploads\/2023\/03\/M12-Timon-electrique.jpg\" \/>\n\t<meta property=\"og:image:width\" content=\"600\" \/>\n\t<meta property=\"og:image:height\" content=\"523\" \/>\n\t<meta property=\"og:image:type\" content=\"image\/jpeg\" \/>\n<meta name=\"twitter:card\" content=\"summary_large_image\" \/>\n<script type=\"application\/ld+json\" class=\"yoast-schema-graph\">{\"@context\":\"https:\\\/\\\/schema.org\",\"@graph\":[{\"@type\":\"WebPage\",\"@id\":\"https:\\\/\\\/www.ohis.be\\\/de\\\/produit\\\/m12-elektrische-vertikalschlepper\\\/\",\"url\":\"https:\\\/\\\/www.ohis.be\\\/de\\\/produit\\\/m12-elektrische-vertikalschlepper\\\/\",\"name\":\"M12 - elektrische Vertikalschlepper - Ohis\",\"isPartOf\":{\"@id\":\"https:\\\/\\\/www.ohis.be\\\/#website\"},\"primaryImageOfPage\":{\"@id\":\"https:\\\/\\\/www.ohis.be\\\/de\\\/produit\\\/m12-elektrische-vertikalschlepper\\\/#primaryimage\"},\"image\":{\"@id\":\"https:\\\/\\\/www.ohis.be\\\/de\\\/produit\\\/m12-elektrische-vertikalschlepper\\\/#primaryimage\"},\"thumbnailUrl\":\"https:\\\/\\\/www.ohis.be\\\/wp-content\\\/uploads\\\/2023\\\/03\\\/M12-Timon-electrique.jpg\",\"datePublished\":\"2023-03-17T14:37:10+00:00\",\"breadcrumb\":{\"@id\":\"https:\\\/\\\/www.ohis.be\\\/de\\\/produit\\\/m12-elektrische-vertikalschlepper\\\/#breadcrumb\"},\"inLanguage\":\"de\",\"potentialAction\":[{\"@type\":\"ReadAction\",\"target\":[\"https:\\\/\\\/www.ohis.be\\\/de\\\/produit\\\/m12-elektrische-vertikalschlepper\\\/\"]}]},{\"@type\":\"ImageObject\",\"inLanguage\":\"de\",\"@id\":\"https:\\\/\\\/www.ohis.be\\\/de\\\/produit\\\/m12-elektrische-vertikalschlepper\\\/#primaryimage\",\"url\":\"https:\\\/\\\/www.ohis.be\\\/wp-content\\\/uploads\\\/2023\\\/03\\\/M12-Timon-electrique.jpg\",\"contentUrl\":\"https:\\\/\\\/www.ohis.be\\\/wp-content\\\/uploads\\\/2023\\\/03\\\/M12-Timon-electrique.jpg\",\"width\":600,\"height\":523},{\"@type\":\"BreadcrumbList\",\"@id\":\"https:\\\/\\\/www.ohis.be\\\/de\\\/produit\\\/m12-elektrische-vertikalschlepper\\\/#breadcrumb\",\"itemListElement\":[{\"@type\":\"ListItem\",\"position\":1,\"name\":\"Accueil\",\"item\":\"https:\\\/\\\/www.ohis.be\\\/de\\\/\"},{\"@type\":\"ListItem\",\"position\":2,\"name\":\"Produkte\",\"item\":\"https:\\\/\\\/www.ohis.be\\\/de\\\/produkte\\\/\"},{\"@type\":\"ListItem\",\"position\":3,\"name\":\"M12 &#8211; elektrische Vertikalschlepper\"}]},{\"@type\":\"WebSite\",\"@id\":\"https:\\\/\\\/www.ohis.be\\\/#website\",\"url\":\"https:\\\/\\\/www.ohis.be\\\/\",\"name\":\"Ohis\",\"description\":\"Outils de levage\",\"publisher\":{\"@id\":\"https:\\\/\\\/www.ohis.be\\\/#organization\"},\"potentialAction\":[{\"@type\":\"SearchAction\",\"target\":{\"@type\":\"EntryPoint\",\"urlTemplate\":\"https:\\\/\\\/www.ohis.be\\\/?s={search_term_string}\"},\"query-input\":{\"@type\":\"PropertyValueSpecification\",\"valueRequired\":true,\"valueName\":\"search_term_string\"}}],\"inLanguage\":\"de\"},{\"@type\":\"Organization\",\"@id\":\"https:\\\/\\\/www.ohis.be\\\/#organization\",\"name\":\"Ohis\",\"url\":\"https:\\\/\\\/www.ohis.be\\\/\",\"logo\":{\"@type\":\"ImageObject\",\"inLanguage\":\"de\",\"@id\":\"https:\\\/\\\/www.ohis.be\\\/#\\\/schema\\\/logo\\\/image\\\/\",\"url\":\"https:\\\/\\\/www.ohis.be\\\/wp-content\\\/uploads\\\/2021\\\/02\\\/logo-ohis-wit.svg\",\"contentUrl\":\"https:\\\/\\\/www.ohis.be\\\/wp-content\\\/uploads\\\/2021\\\/02\\\/logo-ohis-wit.svg\",\"caption\":\"Ohis\"},\"image\":{\"@id\":\"https:\\\/\\\/www.ohis.be\\\/#\\\/schema\\\/logo\\\/image\\\/\"}}]}<\/script>\n<!-- \/ Yoast SEO plugin. -->","yoast_head_json":{"title":"M12 - elektrische Vertikalschlepper - Ohis","robots":{"index":"index","follow":"follow","max-snippet":"max-snippet:-1","max-image-preview":"max-image-preview:large","max-video-preview":"max-video-preview:-1"},"canonical":"https:\/\/www.ohis.be\/de\/produit\/m12-elektrische-vertikalschlepper\/","og_locale":"de_DE","og_type":"article","og_title":"M12 - elektrische Vertikalschlepper - Ohis","og_description":"Der elektrische Vertikalschlepper Zallys M12 ist die ideale L\u00f6sung, um die manuelle Handhabung von Lasten zu eliminieren.   f\u00fcr Lasten bis zu 1500 kg  vielseitig und kompakt  austauschbare Batterie zur Gew\u00e4hrleistung von 24\/7  Knopf f\u00fcr die Einstellung mit 5 Geschwindigkeiten  gro\u00dfe Auswahl an Standardhaken oder auf Anfrage anpassbar.  M12 ist n\u00fctzlich f\u00fcr die Handhabung von Lasten wie z. B:   Drahtgitter- und Rollcontainer  W\u00e4schewagen  M\u00fclltonnen  medizinische und Krankenhauswagen  Lagerwagen  Werkstattwagen  Servierwagen  Wagen f\u00fcr medizinische Ger\u00e4te  industrielle Rollcontainer","og_url":"https:\/\/www.ohis.be\/de\/produit\/m12-elektrische-vertikalschlepper\/","og_site_name":"Ohis","og_image":[{"width":600,"height":523,"url":"https:\/\/www.ohis.be\/wp-content\/uploads\/2023\/03\/M12-Timon-electrique.jpg","type":"image\/jpeg"}],"twitter_card":"summary_large_image","schema":{"@context":"https:\/\/schema.org","@graph":[{"@type":"WebPage","@id":"https:\/\/www.ohis.be\/de\/produit\/m12-elektrische-vertikalschlepper\/","url":"https:\/\/www.ohis.be\/de\/produit\/m12-elektrische-vertikalschlepper\/","name":"M12 - elektrische Vertikalschlepper - Ohis","isPartOf":{"@id":"https:\/\/www.ohis.be\/#website"},"primaryImageOfPage":{"@id":"https:\/\/www.ohis.be\/de\/produit\/m12-elektrische-vertikalschlepper\/#primaryimage"},"image":{"@id":"https:\/\/www.ohis.be\/de\/produit\/m12-elektrische-vertikalschlepper\/#primaryimage"},"thumbnailUrl":"https:\/\/www.ohis.be\/wp-content\/uploads\/2023\/03\/M12-Timon-electrique.jpg","datePublished":"2023-03-17T14:37:10+00:00","breadcrumb":{"@id":"https:\/\/www.ohis.be\/de\/produit\/m12-elektrische-vertikalschlepper\/#breadcrumb"},"inLanguage":"de","potentialAction":[{"@type":"ReadAction","target":["https:\/\/www.ohis.be\/de\/produit\/m12-elektrische-vertikalschlepper\/"]}]},{"@type":"ImageObject","inLanguage":"de","@id":"https:\/\/www.ohis.be\/de\/produit\/m12-elektrische-vertikalschlepper\/#primaryimage","url":"https:\/\/www.ohis.be\/wp-content\/uploads\/2023\/03\/M12-Timon-electrique.jpg","contentUrl":"https:\/\/www.ohis.be\/wp-content\/uploads\/2023\/03\/M12-Timon-electrique.jpg","width":600,"height":523},{"@type":"BreadcrumbList","@id":"https:\/\/www.ohis.be\/de\/produit\/m12-elektrische-vertikalschlepper\/#breadcrumb","itemListElement":[{"@type":"ListItem","position":1,"name":"Accueil","item":"https:\/\/www.ohis.be\/de\/"},{"@type":"ListItem","position":2,"name":"Produkte","item":"https:\/\/www.ohis.be\/de\/produkte\/"},{"@type":"ListItem","position":3,"name":"M12 &#8211; elektrische Vertikalschlepper"}]},{"@type":"WebSite","@id":"https:\/\/www.ohis.be\/#website","url":"https:\/\/www.ohis.be\/","name":"Ohis","description":"Outils de levage","publisher":{"@id":"https:\/\/www.ohis.be\/#organization"},"potentialAction":[{"@type":"SearchAction","target":{"@type":"EntryPoint","urlTemplate":"https:\/\/www.ohis.be\/?s={search_term_string}"},"query-input":{"@type":"PropertyValueSpecification","valueRequired":true,"valueName":"search_term_string"}}],"inLanguage":"de"},{"@type":"Organization","@id":"https:\/\/www.ohis.be\/#organization","name":"Ohis","url":"https:\/\/www.ohis.be\/","logo":{"@type":"ImageObject","inLanguage":"de","@id":"https:\/\/www.ohis.be\/#\/schema\/logo\/image\/","url":"https:\/\/www.ohis.be\/wp-content\/uploads\/2021\/02\/logo-ohis-wit.svg","contentUrl":"https:\/\/www.ohis.be\/wp-content\/uploads\/2021\/02\/logo-ohis-wit.svg","caption":"Ohis"},"image":{"@id":"https:\/\/www.ohis.be\/#\/schema\/logo\/image\/"}}]}},"_links":{"self":[{"href":"https:\/\/www.ohis.be\/de\/wp-json\/wp\/v2\/product\/31054","targetHints":{"allow":["GET"]}}],"collection":[{"href":"https:\/\/www.ohis.be\/de\/wp-json\/wp\/v2\/product"}],"about":[{"href":"https:\/\/www.ohis.be\/de\/wp-json\/wp\/v2\/types\/product"}],"wp:featuredmedia":[{"embeddable":true,"href":"https:\/\/www.ohis.be\/de\/wp-json\/wp\/v2\/media\/29069"}],"wp:attachment":[{"href":"https:\/\/www.ohis.be\/de\/wp-json\/wp\/v2\/media?parent=31054"}],"wp:term":[{"taxonomy":"product_brand","embeddable":true,"href":"https:\/\/www.ohis.be\/de\/wp-json\/wp\/v2\/product_brand?post=31054"},{"taxonomy":"product_cat","embeddable":true,"href":"https:\/\/www.ohis.be\/de\/wp-json\/wp\/v2\/product_cat?post=31054"},{"taxonomy":"product_tag","embeddable":true,"href":"https:\/\/www.ohis.be\/de\/wp-json\/wp\/v2\/product_tag?post=31054"}],"curies":[{"name":"wp","href":"https:\/\/api.w.org\/{rel}","templated":true}]}}