{"id":31052,"date":"2023-03-17T15:42:07","date_gmt":"2023-03-17T14:42:07","guid":{"rendered":"https:\/\/www.ohis.be\/produit\/m16-elektro-industrietraktor\/"},"modified":"2023-10-13T15:02:51","modified_gmt":"2023-10-13T13:02:51","slug":"m16-elektrowagen-mover","status":"publish","type":"product","link":"https:\/\/www.ohis.be\/de\/produit\/m16-elektrowagen-mover\/","title":{"rendered":"M16 &#8211; Elektrowagen Mover"},"content":{"rendered":"<p>Der elektrische Wagenheber Zallys M16 S mit hydraulischem Hebesystem ist die ideale L\u00f6sung, um die manuelle Handhabung von Lasten zu vermeiden.<\/p>\n<ul>\n<li>f\u00fcr Lasten bis zu 6000 kg<\/li>\n<li>hydraulisches Hebesystem 1800 kg<\/li>\n<li>vielseitig und kompakt<\/li>\n<li>austauschbarer Akku f\u00fcr 24\/7 Garantie<\/li>\n<li>Taste zur 5-Gang-Einstellung<\/li>\n<li>Gro\u00dfe Auswahl an Standard- oder anpassbaren Haken auf Anfrage<\/li>\n<\/ul>\n<p><strong>Zubeh\u00f6rteile<\/strong>:<\/p>\n<ul>\n<li>Akku-Pack AGM &#8211; 37\/45Ah<\/li>\n<li>MAX 10 Stk. &#8211; 3 kg Gegengewicht<\/li>\n<li>Kugelkopfkupplung (oberer Block)<\/li>\n<li>Kugelkopfkupplung (vordere Block)<\/li>\n<li>Drehkupplung mit kundenspezifischer Verbindung<\/li>\n<li>Platte mit LED Rundumleuchte<\/li>\n<li>Not-Aus<\/li>\n<li>Digital Betriebsstundenz\u00e4hler<\/li>\n<li>Key-Pad<\/li>\n<\/div>\n<p><a href=\"https:\/\/www.ohis.be\/contact\/\">Kontaktieren Sie uns f\u00fcr eine Vorf\u00fchrung bei Ihnen zu Hause!<\/p>\n","protected":false},"excerpt":{"rendered":"<p>Der elektrische Wagenheber Zallys M16 S mit hydraulischem Hebesystem ist die ideale L\u00f6sung, um die manuelle Handhabung von Lasten zu vermeiden.<\/p>\n<ul>\n<li>f\u00fcr Lasten bis zu 6000 kg<\/li>\n<li>hydraulisches Hebesystem 1800 kg<\/li>\n<li>vielseitig und kompakt<\/li>\n<li>austauschbarer Akku f\u00fcr 24\/7 Garantie<\/li>\n<li>Taste zur 5-Gang-Einstellung<\/li>\n<li>Gro\u00dfe Auswahl an Standard- oder anpassbaren Haken auf Anfrage<\/li>\n<\/ul>\n<p><strong>Zubeh\u00f6rteile<\/strong>:<\/p>\n<ul>\n<li>Akku-Pack AGM &#8211; 37\/45Ah<\/li>\n<li>MAX 10 Stk. &#8211; 3 kg Gegengewicht<\/li>\n<li>Kugelkopfkupplung (oberer Block)<\/li>\n<li>Kugelkopfkupplung (vordere Block)<\/li>\n<li>Drehkupplung mit kundenspezifischer Verbindung<\/li>\n<li>Platte mit LED Rundumleuchte<\/li>\n<li>Not-Aus<\/li>\n<li>Digital Betriebsstundenz\u00e4hler<\/li>\n<li>Key-Pad<\/li>\n<\/div>\n<p><a href=\"https:\/\/www.ohis.be\/contact\/\">Kontaktieren Sie uns f\u00fcr eine Vorf\u00fchrung bei Ihnen zu Hause!<\/p>\n","protected":false},"featured_media":29106,"template":"","meta":{"_acf_changed":false,"inline_featured_image":false},"product_brand":[],"product_cat":[1627,3851],"product_tag":[2861,2852],"class_list":{"0":"post-31052","1":"product","2":"type-product","3":"status-publish","4":"has-post-thumbnail","6":"product_cat-boden-handling","7":"product_cat-schlepper","8":"product_tag-tractor-de","9":"product_tag-zallys-de","10":"yith_product_brand-zallys-de","12":"first","13":"instock","14":"taxable","15":"shipping-taxable","16":"purchasable","17":"product-type-simple"},"acf":[],"yoast_head":"<!-- This site is optimized with the Yoast SEO plugin v27.5 - https:\/\/yoast.com\/product\/yoast-seo-wordpress\/ -->\n<title>M16 - Elektrowagen Mover - Ohis<\/title>\n<meta name=\"robots\" content=\"index, follow, max-snippet:-1, max-image-preview:large, max-video-preview:-1\" \/>\n<link rel=\"canonical\" href=\"https:\/\/www.ohis.be\/de\/produit\/m16-elektrowagen-mover\/\" \/>\n<meta property=\"og:locale\" content=\"de_DE\" \/>\n<meta property=\"og:type\" content=\"article\" \/>\n<meta property=\"og:title\" content=\"M16 - Elektrowagen Mover - Ohis\" \/>\n<meta property=\"og:description\" content=\"Der elektrische Wagenheber Zallys M16 S mit hydraulischem Hebesystem ist die ideale L\u00f6sung, um die manuelle Handhabung von Lasten zu vermeiden.   f\u00fcr Lasten bis zu 6000 kg  hydraulisches Hebesystem 1800 kg  vielseitig und kompakt  austauschbarer Akku f\u00fcr 24\/7 Garantie  Taste zur 5-Gang-Einstellung  Gro\u00dfe Auswahl an Standard- oder anpassbaren Haken auf Anfrage  Zubeh\u00f6rteile:  Akku-Pack AGM - 37\/45Ah MAX 10 Stk. - 3 kg Gegengewicht Kugelkopfkupplung (oberer Block) Kugelkopfkupplung (vordere Block) Drehkupplung mit kundenspezifischer Verbindung Platte mit LED Rundumleuchte Not-Aus Digital Betriebsstundenz\u00e4hler Key-Pad  Kontaktieren Sie uns f\u00fcr eine Vorf\u00fchrung bei Ihnen zu Hause!\" \/>\n<meta property=\"og:url\" content=\"https:\/\/www.ohis.be\/de\/produit\/m16-elektrowagen-mover\/\" \/>\n<meta property=\"og:site_name\" content=\"Ohis\" \/>\n<meta property=\"article:modified_time\" content=\"2023-10-13T13:02:51+00:00\" \/>\n<meta property=\"og:image\" content=\"https:\/\/www.ohis.be\/wp-content\/uploads\/2023\/03\/M16-Tracteur-electrique-industriel.jpg\" \/>\n\t<meta property=\"og:image:width\" content=\"600\" \/>\n\t<meta property=\"og:image:height\" content=\"523\" \/>\n\t<meta property=\"og:image:type\" content=\"image\/jpeg\" \/>\n<meta name=\"twitter:card\" content=\"summary_large_image\" \/>\n<script type=\"application\/ld+json\" class=\"yoast-schema-graph\">{\"@context\":\"https:\\\/\\\/schema.org\",\"@graph\":[{\"@type\":\"WebPage\",\"@id\":\"https:\\\/\\\/www.ohis.be\\\/de\\\/produit\\\/m16-elektrowagen-mover\\\/\",\"url\":\"https:\\\/\\\/www.ohis.be\\\/de\\\/produit\\\/m16-elektrowagen-mover\\\/\",\"name\":\"M16 - Elektrowagen Mover - Ohis\",\"isPartOf\":{\"@id\":\"https:\\\/\\\/www.ohis.be\\\/#website\"},\"primaryImageOfPage\":{\"@id\":\"https:\\\/\\\/www.ohis.be\\\/de\\\/produit\\\/m16-elektrowagen-mover\\\/#primaryimage\"},\"image\":{\"@id\":\"https:\\\/\\\/www.ohis.be\\\/de\\\/produit\\\/m16-elektrowagen-mover\\\/#primaryimage\"},\"thumbnailUrl\":\"https:\\\/\\\/www.ohis.be\\\/wp-content\\\/uploads\\\/2023\\\/03\\\/M16-Tracteur-electrique-industriel.jpg\",\"datePublished\":\"2023-03-17T14:42:07+00:00\",\"dateModified\":\"2023-10-13T13:02:51+00:00\",\"breadcrumb\":{\"@id\":\"https:\\\/\\\/www.ohis.be\\\/de\\\/produit\\\/m16-elektrowagen-mover\\\/#breadcrumb\"},\"inLanguage\":\"de\",\"potentialAction\":[{\"@type\":\"ReadAction\",\"target\":[\"https:\\\/\\\/www.ohis.be\\\/de\\\/produit\\\/m16-elektrowagen-mover\\\/\"]}]},{\"@type\":\"ImageObject\",\"inLanguage\":\"de\",\"@id\":\"https:\\\/\\\/www.ohis.be\\\/de\\\/produit\\\/m16-elektrowagen-mover\\\/#primaryimage\",\"url\":\"https:\\\/\\\/www.ohis.be\\\/wp-content\\\/uploads\\\/2023\\\/03\\\/M16-Tracteur-electrique-industriel.jpg\",\"contentUrl\":\"https:\\\/\\\/www.ohis.be\\\/wp-content\\\/uploads\\\/2023\\\/03\\\/M16-Tracteur-electrique-industriel.jpg\",\"width\":600,\"height\":523,\"caption\":\"M16 - Elektrowagen Mover\"},{\"@type\":\"BreadcrumbList\",\"@id\":\"https:\\\/\\\/www.ohis.be\\\/de\\\/produit\\\/m16-elektrowagen-mover\\\/#breadcrumb\",\"itemListElement\":[{\"@type\":\"ListItem\",\"position\":1,\"name\":\"Accueil\",\"item\":\"https:\\\/\\\/www.ohis.be\\\/de\\\/\"},{\"@type\":\"ListItem\",\"position\":2,\"name\":\"Produkte\",\"item\":\"https:\\\/\\\/www.ohis.be\\\/de\\\/produkte\\\/\"},{\"@type\":\"ListItem\",\"position\":3,\"name\":\"M16 &#8211; Elektrowagen Mover\"}]},{\"@type\":\"WebSite\",\"@id\":\"https:\\\/\\\/www.ohis.be\\\/#website\",\"url\":\"https:\\\/\\\/www.ohis.be\\\/\",\"name\":\"Ohis\",\"description\":\"Outils de levage\",\"publisher\":{\"@id\":\"https:\\\/\\\/www.ohis.be\\\/#organization\"},\"potentialAction\":[{\"@type\":\"SearchAction\",\"target\":{\"@type\":\"EntryPoint\",\"urlTemplate\":\"https:\\\/\\\/www.ohis.be\\\/?s={search_term_string}\"},\"query-input\":{\"@type\":\"PropertyValueSpecification\",\"valueRequired\":true,\"valueName\":\"search_term_string\"}}],\"inLanguage\":\"de\"},{\"@type\":\"Organization\",\"@id\":\"https:\\\/\\\/www.ohis.be\\\/#organization\",\"name\":\"Ohis\",\"url\":\"https:\\\/\\\/www.ohis.be\\\/\",\"logo\":{\"@type\":\"ImageObject\",\"inLanguage\":\"de\",\"@id\":\"https:\\\/\\\/www.ohis.be\\\/#\\\/schema\\\/logo\\\/image\\\/\",\"url\":\"https:\\\/\\\/www.ohis.be\\\/wp-content\\\/uploads\\\/2021\\\/02\\\/logo-ohis-wit.svg\",\"contentUrl\":\"https:\\\/\\\/www.ohis.be\\\/wp-content\\\/uploads\\\/2021\\\/02\\\/logo-ohis-wit.svg\",\"caption\":\"Ohis\"},\"image\":{\"@id\":\"https:\\\/\\\/www.ohis.be\\\/#\\\/schema\\\/logo\\\/image\\\/\"}}]}<\/script>\n<!-- \/ Yoast SEO plugin. -->","yoast_head_json":{"title":"M16 - Elektrowagen Mover - Ohis","robots":{"index":"index","follow":"follow","max-snippet":"max-snippet:-1","max-image-preview":"max-image-preview:large","max-video-preview":"max-video-preview:-1"},"canonical":"https:\/\/www.ohis.be\/de\/produit\/m16-elektrowagen-mover\/","og_locale":"de_DE","og_type":"article","og_title":"M16 - Elektrowagen Mover - Ohis","og_description":"Der elektrische Wagenheber Zallys M16 S mit hydraulischem Hebesystem ist die ideale L\u00f6sung, um die manuelle Handhabung von Lasten zu vermeiden.   f\u00fcr Lasten bis zu 6000 kg  hydraulisches Hebesystem 1800 kg  vielseitig und kompakt  austauschbarer Akku f\u00fcr 24\/7 Garantie  Taste zur 5-Gang-Einstellung  Gro\u00dfe Auswahl an Standard- oder anpassbaren Haken auf Anfrage  Zubeh\u00f6rteile:  Akku-Pack AGM - 37\/45Ah MAX 10 Stk. - 3 kg Gegengewicht Kugelkopfkupplung (oberer Block) Kugelkopfkupplung (vordere Block) Drehkupplung mit kundenspezifischer Verbindung Platte mit LED Rundumleuchte Not-Aus Digital Betriebsstundenz\u00e4hler Key-Pad  Kontaktieren Sie uns f\u00fcr eine Vorf\u00fchrung bei Ihnen zu Hause!","og_url":"https:\/\/www.ohis.be\/de\/produit\/m16-elektrowagen-mover\/","og_site_name":"Ohis","article_modified_time":"2023-10-13T13:02:51+00:00","og_image":[{"width":600,"height":523,"url":"https:\/\/www.ohis.be\/wp-content\/uploads\/2023\/03\/M16-Tracteur-electrique-industriel.jpg","type":"image\/jpeg"}],"twitter_card":"summary_large_image","schema":{"@context":"https:\/\/schema.org","@graph":[{"@type":"WebPage","@id":"https:\/\/www.ohis.be\/de\/produit\/m16-elektrowagen-mover\/","url":"https:\/\/www.ohis.be\/de\/produit\/m16-elektrowagen-mover\/","name":"M16 - Elektrowagen Mover - Ohis","isPartOf":{"@id":"https:\/\/www.ohis.be\/#website"},"primaryImageOfPage":{"@id":"https:\/\/www.ohis.be\/de\/produit\/m16-elektrowagen-mover\/#primaryimage"},"image":{"@id":"https:\/\/www.ohis.be\/de\/produit\/m16-elektrowagen-mover\/#primaryimage"},"thumbnailUrl":"https:\/\/www.ohis.be\/wp-content\/uploads\/2023\/03\/M16-Tracteur-electrique-industriel.jpg","datePublished":"2023-03-17T14:42:07+00:00","dateModified":"2023-10-13T13:02:51+00:00","breadcrumb":{"@id":"https:\/\/www.ohis.be\/de\/produit\/m16-elektrowagen-mover\/#breadcrumb"},"inLanguage":"de","potentialAction":[{"@type":"ReadAction","target":["https:\/\/www.ohis.be\/de\/produit\/m16-elektrowagen-mover\/"]}]},{"@type":"ImageObject","inLanguage":"de","@id":"https:\/\/www.ohis.be\/de\/produit\/m16-elektrowagen-mover\/#primaryimage","url":"https:\/\/www.ohis.be\/wp-content\/uploads\/2023\/03\/M16-Tracteur-electrique-industriel.jpg","contentUrl":"https:\/\/www.ohis.be\/wp-content\/uploads\/2023\/03\/M16-Tracteur-electrique-industriel.jpg","width":600,"height":523,"caption":"M16 - Elektrowagen Mover"},{"@type":"BreadcrumbList","@id":"https:\/\/www.ohis.be\/de\/produit\/m16-elektrowagen-mover\/#breadcrumb","itemListElement":[{"@type":"ListItem","position":1,"name":"Accueil","item":"https:\/\/www.ohis.be\/de\/"},{"@type":"ListItem","position":2,"name":"Produkte","item":"https:\/\/www.ohis.be\/de\/produkte\/"},{"@type":"ListItem","position":3,"name":"M16 &#8211; Elektrowagen Mover"}]},{"@type":"WebSite","@id":"https:\/\/www.ohis.be\/#website","url":"https:\/\/www.ohis.be\/","name":"Ohis","description":"Outils de levage","publisher":{"@id":"https:\/\/www.ohis.be\/#organization"},"potentialAction":[{"@type":"SearchAction","target":{"@type":"EntryPoint","urlTemplate":"https:\/\/www.ohis.be\/?s={search_term_string}"},"query-input":{"@type":"PropertyValueSpecification","valueRequired":true,"valueName":"search_term_string"}}],"inLanguage":"de"},{"@type":"Organization","@id":"https:\/\/www.ohis.be\/#organization","name":"Ohis","url":"https:\/\/www.ohis.be\/","logo":{"@type":"ImageObject","inLanguage":"de","@id":"https:\/\/www.ohis.be\/#\/schema\/logo\/image\/","url":"https:\/\/www.ohis.be\/wp-content\/uploads\/2021\/02\/logo-ohis-wit.svg","contentUrl":"https:\/\/www.ohis.be\/wp-content\/uploads\/2021\/02\/logo-ohis-wit.svg","caption":"Ohis"},"image":{"@id":"https:\/\/www.ohis.be\/#\/schema\/logo\/image\/"}}]}},"_links":{"self":[{"href":"https:\/\/www.ohis.be\/de\/wp-json\/wp\/v2\/product\/31052","targetHints":{"allow":["GET"]}}],"collection":[{"href":"https:\/\/www.ohis.be\/de\/wp-json\/wp\/v2\/product"}],"about":[{"href":"https:\/\/www.ohis.be\/de\/wp-json\/wp\/v2\/types\/product"}],"wp:featuredmedia":[{"embeddable":true,"href":"https:\/\/www.ohis.be\/de\/wp-json\/wp\/v2\/media\/29106"}],"wp:attachment":[{"href":"https:\/\/www.ohis.be\/de\/wp-json\/wp\/v2\/media?parent=31052"}],"wp:term":[{"taxonomy":"product_brand","embeddable":true,"href":"https:\/\/www.ohis.be\/de\/wp-json\/wp\/v2\/product_brand?post=31052"},{"taxonomy":"product_cat","embeddable":true,"href":"https:\/\/www.ohis.be\/de\/wp-json\/wp\/v2\/product_cat?post=31052"},{"taxonomy":"product_tag","embeddable":true,"href":"https:\/\/www.ohis.be\/de\/wp-json\/wp\/v2\/product_tag?post=31052"}],"curies":[{"name":"wp","href":"https:\/\/api.w.org\/{rel}","templated":true}]}}