{"id":31050,"date":"2023-03-17T15:50:01","date_gmt":"2023-03-17T14:50:01","guid":{"rendered":"https:\/\/www.ohis.be\/produit\/m3-elektrisch-angetriebene-deichsel\/"},"modified":"2023-03-17T15:50:01","modified_gmt":"2023-03-17T14:50:01","slug":"m3-elektrisch-angetriebene-deichsel","status":"publish","type":"product","link":"https:\/\/www.ohis.be\/de\/produit\/m3-elektrisch-angetriebene-deichsel\/","title":{"rendered":"M3 &#8211; elektrisch angetriebene Deichsel"},"content":{"rendered":"<p>Die elektrisch angetriebene Deichsel Zallys M3 ist die ideale L\u00f6sung, um die manuelle Handhabung von Lasten zu eliminieren.<\/p>\n<ul>\n<li>f\u00fcr Lasten bis zu 1.500 kg.<\/li>\n<li>vielseitig und kompakt<\/li>\n<li>mit luftbereiften R\u00e4dern f\u00fcr den Einsatz im Innen- und Au\u00dfenbereich.<\/li>\n<li>Auf dem Deichselkopf integrierter 5-Gang-Knopf.<\/li>\n<li>gro\u00dfe Auswahl an Standardkupplungen oder kundenspezifischen Kupplungen auf Anfrage<\/li>\n<\/ul>\n","protected":false},"excerpt":{"rendered":"<p>Die elektrisch angetriebene Deichsel Zallys M3 ist die ideale L\u00f6sung, um die manuelle Handhabung von Lasten zu eliminieren.<\/p>\n<ul>\n<li>f\u00fcr Lasten bis zu 1.500 kg.<\/li>\n<li>vielseitig und kompakt<\/li>\n<li>mit luftbereiften R\u00e4dern f\u00fcr den Einsatz im Innen- und Au\u00dfenbereich.<\/li>\n<li>Auf dem Deichselkopf integrierter 5-Gang-Knopf.<\/li>\n<li>gro\u00dfe Auswahl an Standardkupplungen oder kundenspezifischen Kupplungen auf Anfrage<\/li>\n<\/ul>\n","protected":false},"featured_media":29127,"template":"","meta":{"_acf_changed":false,"inline_featured_image":false},"product_brand":[],"product_cat":[1627,3851],"product_tag":[2864,2852],"class_list":{"0":"post-31050","1":"product","2":"type-product","3":"status-publish","4":"has-post-thumbnail","6":"product_cat-boden-handling","7":"product_cat-schlepper","8":"product_tag-deichsel","9":"product_tag-zallys-de","11":"first","12":"instock","13":"taxable","14":"shipping-taxable","15":"purchasable","16":"product-type-simple"},"acf":[],"yoast_head":"<!-- This site is optimized with the Yoast SEO plugin v27.4 - https:\/\/yoast.com\/product\/yoast-seo-wordpress\/ -->\n<title>M3 - elektrisch angetriebene Deichsel - Ohis<\/title>\n<meta name=\"robots\" content=\"index, follow, max-snippet:-1, max-image-preview:large, max-video-preview:-1\" \/>\n<link rel=\"canonical\" href=\"https:\/\/www.ohis.be\/de\/produit\/m3-elektrisch-angetriebene-deichsel\/\" \/>\n<meta property=\"og:locale\" content=\"de_DE\" \/>\n<meta property=\"og:type\" content=\"article\" \/>\n<meta property=\"og:title\" content=\"M3 - elektrisch angetriebene Deichsel - Ohis\" \/>\n<meta property=\"og:description\" content=\"Die elektrisch angetriebene Deichsel Zallys M3 ist die ideale L\u00f6sung, um die manuelle Handhabung von Lasten zu eliminieren.   f\u00fcr Lasten bis zu 1.500 kg.  vielseitig und kompakt  mit luftbereiften R\u00e4dern f\u00fcr den Einsatz im Innen- und Au\u00dfenbereich.  Auf dem Deichselkopf integrierter 5-Gang-Knopf.  gro\u00dfe Auswahl an Standardkupplungen oder kundenspezifischen Kupplungen auf Anfrage\" \/>\n<meta property=\"og:url\" content=\"https:\/\/www.ohis.be\/de\/produit\/m3-elektrisch-angetriebene-deichsel\/\" \/>\n<meta property=\"og:site_name\" content=\"Ohis\" \/>\n<meta property=\"og:image\" content=\"https:\/\/www.ohis.be\/wp-content\/uploads\/2023\/03\/M3-Timon-motorise-electrique.png\" \/>\n\t<meta property=\"og:image:width\" content=\"600\" \/>\n\t<meta property=\"og:image:height\" content=\"523\" \/>\n\t<meta property=\"og:image:type\" content=\"image\/png\" \/>\n<meta name=\"twitter:card\" content=\"summary_large_image\" \/>\n<script type=\"application\/ld+json\" class=\"yoast-schema-graph\">{\"@context\":\"https:\\\/\\\/schema.org\",\"@graph\":[{\"@type\":\"WebPage\",\"@id\":\"https:\\\/\\\/www.ohis.be\\\/de\\\/produit\\\/m3-elektrisch-angetriebene-deichsel\\\/\",\"url\":\"https:\\\/\\\/www.ohis.be\\\/de\\\/produit\\\/m3-elektrisch-angetriebene-deichsel\\\/\",\"name\":\"M3 - elektrisch angetriebene Deichsel - Ohis\",\"isPartOf\":{\"@id\":\"https:\\\/\\\/www.ohis.be\\\/#website\"},\"primaryImageOfPage\":{\"@id\":\"https:\\\/\\\/www.ohis.be\\\/de\\\/produit\\\/m3-elektrisch-angetriebene-deichsel\\\/#primaryimage\"},\"image\":{\"@id\":\"https:\\\/\\\/www.ohis.be\\\/de\\\/produit\\\/m3-elektrisch-angetriebene-deichsel\\\/#primaryimage\"},\"thumbnailUrl\":\"https:\\\/\\\/www.ohis.be\\\/wp-content\\\/uploads\\\/2023\\\/03\\\/M3-Timon-motorise-electrique.png\",\"datePublished\":\"2023-03-17T14:50:01+00:00\",\"breadcrumb\":{\"@id\":\"https:\\\/\\\/www.ohis.be\\\/de\\\/produit\\\/m3-elektrisch-angetriebene-deichsel\\\/#breadcrumb\"},\"inLanguage\":\"de\",\"potentialAction\":[{\"@type\":\"ReadAction\",\"target\":[\"https:\\\/\\\/www.ohis.be\\\/de\\\/produit\\\/m3-elektrisch-angetriebene-deichsel\\\/\"]}]},{\"@type\":\"ImageObject\",\"inLanguage\":\"de\",\"@id\":\"https:\\\/\\\/www.ohis.be\\\/de\\\/produit\\\/m3-elektrisch-angetriebene-deichsel\\\/#primaryimage\",\"url\":\"https:\\\/\\\/www.ohis.be\\\/wp-content\\\/uploads\\\/2023\\\/03\\\/M3-Timon-motorise-electrique.png\",\"contentUrl\":\"https:\\\/\\\/www.ohis.be\\\/wp-content\\\/uploads\\\/2023\\\/03\\\/M3-Timon-motorise-electrique.png\",\"width\":600,\"height\":523},{\"@type\":\"BreadcrumbList\",\"@id\":\"https:\\\/\\\/www.ohis.be\\\/de\\\/produit\\\/m3-elektrisch-angetriebene-deichsel\\\/#breadcrumb\",\"itemListElement\":[{\"@type\":\"ListItem\",\"position\":1,\"name\":\"Accueil\",\"item\":\"https:\\\/\\\/www.ohis.be\\\/de\\\/\"},{\"@type\":\"ListItem\",\"position\":2,\"name\":\"Produkte\",\"item\":\"https:\\\/\\\/www.ohis.be\\\/de\\\/produkte\\\/\"},{\"@type\":\"ListItem\",\"position\":3,\"name\":\"M3 &#8211; elektrisch angetriebene Deichsel\"}]},{\"@type\":\"WebSite\",\"@id\":\"https:\\\/\\\/www.ohis.be\\\/#website\",\"url\":\"https:\\\/\\\/www.ohis.be\\\/\",\"name\":\"Ohis\",\"description\":\"Outils de levage\",\"publisher\":{\"@id\":\"https:\\\/\\\/www.ohis.be\\\/#organization\"},\"potentialAction\":[{\"@type\":\"SearchAction\",\"target\":{\"@type\":\"EntryPoint\",\"urlTemplate\":\"https:\\\/\\\/www.ohis.be\\\/?s={search_term_string}\"},\"query-input\":{\"@type\":\"PropertyValueSpecification\",\"valueRequired\":true,\"valueName\":\"search_term_string\"}}],\"inLanguage\":\"de\"},{\"@type\":\"Organization\",\"@id\":\"https:\\\/\\\/www.ohis.be\\\/#organization\",\"name\":\"Ohis\",\"url\":\"https:\\\/\\\/www.ohis.be\\\/\",\"logo\":{\"@type\":\"ImageObject\",\"inLanguage\":\"de\",\"@id\":\"https:\\\/\\\/www.ohis.be\\\/#\\\/schema\\\/logo\\\/image\\\/\",\"url\":\"https:\\\/\\\/www.ohis.be\\\/wp-content\\\/uploads\\\/2021\\\/02\\\/logo-ohis-wit.svg\",\"contentUrl\":\"https:\\\/\\\/www.ohis.be\\\/wp-content\\\/uploads\\\/2021\\\/02\\\/logo-ohis-wit.svg\",\"caption\":\"Ohis\"},\"image\":{\"@id\":\"https:\\\/\\\/www.ohis.be\\\/#\\\/schema\\\/logo\\\/image\\\/\"}}]}<\/script>\n<!-- \/ Yoast SEO plugin. -->","yoast_head_json":{"title":"M3 - elektrisch angetriebene Deichsel - Ohis","robots":{"index":"index","follow":"follow","max-snippet":"max-snippet:-1","max-image-preview":"max-image-preview:large","max-video-preview":"max-video-preview:-1"},"canonical":"https:\/\/www.ohis.be\/de\/produit\/m3-elektrisch-angetriebene-deichsel\/","og_locale":"de_DE","og_type":"article","og_title":"M3 - elektrisch angetriebene Deichsel - Ohis","og_description":"Die elektrisch angetriebene Deichsel Zallys M3 ist die ideale L\u00f6sung, um die manuelle Handhabung von Lasten zu eliminieren.   f\u00fcr Lasten bis zu 1.500 kg.  vielseitig und kompakt  mit luftbereiften R\u00e4dern f\u00fcr den Einsatz im Innen- und Au\u00dfenbereich.  Auf dem Deichselkopf integrierter 5-Gang-Knopf.  gro\u00dfe Auswahl an Standardkupplungen oder kundenspezifischen Kupplungen auf Anfrage","og_url":"https:\/\/www.ohis.be\/de\/produit\/m3-elektrisch-angetriebene-deichsel\/","og_site_name":"Ohis","og_image":[{"width":600,"height":523,"url":"https:\/\/www.ohis.be\/wp-content\/uploads\/2023\/03\/M3-Timon-motorise-electrique.png","type":"image\/png"}],"twitter_card":"summary_large_image","schema":{"@context":"https:\/\/schema.org","@graph":[{"@type":"WebPage","@id":"https:\/\/www.ohis.be\/de\/produit\/m3-elektrisch-angetriebene-deichsel\/","url":"https:\/\/www.ohis.be\/de\/produit\/m3-elektrisch-angetriebene-deichsel\/","name":"M3 - elektrisch angetriebene Deichsel - Ohis","isPartOf":{"@id":"https:\/\/www.ohis.be\/#website"},"primaryImageOfPage":{"@id":"https:\/\/www.ohis.be\/de\/produit\/m3-elektrisch-angetriebene-deichsel\/#primaryimage"},"image":{"@id":"https:\/\/www.ohis.be\/de\/produit\/m3-elektrisch-angetriebene-deichsel\/#primaryimage"},"thumbnailUrl":"https:\/\/www.ohis.be\/wp-content\/uploads\/2023\/03\/M3-Timon-motorise-electrique.png","datePublished":"2023-03-17T14:50:01+00:00","breadcrumb":{"@id":"https:\/\/www.ohis.be\/de\/produit\/m3-elektrisch-angetriebene-deichsel\/#breadcrumb"},"inLanguage":"de","potentialAction":[{"@type":"ReadAction","target":["https:\/\/www.ohis.be\/de\/produit\/m3-elektrisch-angetriebene-deichsel\/"]}]},{"@type":"ImageObject","inLanguage":"de","@id":"https:\/\/www.ohis.be\/de\/produit\/m3-elektrisch-angetriebene-deichsel\/#primaryimage","url":"https:\/\/www.ohis.be\/wp-content\/uploads\/2023\/03\/M3-Timon-motorise-electrique.png","contentUrl":"https:\/\/www.ohis.be\/wp-content\/uploads\/2023\/03\/M3-Timon-motorise-electrique.png","width":600,"height":523},{"@type":"BreadcrumbList","@id":"https:\/\/www.ohis.be\/de\/produit\/m3-elektrisch-angetriebene-deichsel\/#breadcrumb","itemListElement":[{"@type":"ListItem","position":1,"name":"Accueil","item":"https:\/\/www.ohis.be\/de\/"},{"@type":"ListItem","position":2,"name":"Produkte","item":"https:\/\/www.ohis.be\/de\/produkte\/"},{"@type":"ListItem","position":3,"name":"M3 &#8211; elektrisch angetriebene Deichsel"}]},{"@type":"WebSite","@id":"https:\/\/www.ohis.be\/#website","url":"https:\/\/www.ohis.be\/","name":"Ohis","description":"Outils de levage","publisher":{"@id":"https:\/\/www.ohis.be\/#organization"},"potentialAction":[{"@type":"SearchAction","target":{"@type":"EntryPoint","urlTemplate":"https:\/\/www.ohis.be\/?s={search_term_string}"},"query-input":{"@type":"PropertyValueSpecification","valueRequired":true,"valueName":"search_term_string"}}],"inLanguage":"de"},{"@type":"Organization","@id":"https:\/\/www.ohis.be\/#organization","name":"Ohis","url":"https:\/\/www.ohis.be\/","logo":{"@type":"ImageObject","inLanguage":"de","@id":"https:\/\/www.ohis.be\/#\/schema\/logo\/image\/","url":"https:\/\/www.ohis.be\/wp-content\/uploads\/2021\/02\/logo-ohis-wit.svg","contentUrl":"https:\/\/www.ohis.be\/wp-content\/uploads\/2021\/02\/logo-ohis-wit.svg","caption":"Ohis"},"image":{"@id":"https:\/\/www.ohis.be\/#\/schema\/logo\/image\/"}}]}},"_links":{"self":[{"href":"https:\/\/www.ohis.be\/de\/wp-json\/wp\/v2\/product\/31050","targetHints":{"allow":["GET"]}}],"collection":[{"href":"https:\/\/www.ohis.be\/de\/wp-json\/wp\/v2\/product"}],"about":[{"href":"https:\/\/www.ohis.be\/de\/wp-json\/wp\/v2\/types\/product"}],"wp:featuredmedia":[{"embeddable":true,"href":"https:\/\/www.ohis.be\/de\/wp-json\/wp\/v2\/media\/29127"}],"wp:attachment":[{"href":"https:\/\/www.ohis.be\/de\/wp-json\/wp\/v2\/media?parent=31050"}],"wp:term":[{"taxonomy":"product_brand","embeddable":true,"href":"https:\/\/www.ohis.be\/de\/wp-json\/wp\/v2\/product_brand?post=31050"},{"taxonomy":"product_cat","embeddable":true,"href":"https:\/\/www.ohis.be\/de\/wp-json\/wp\/v2\/product_cat?post=31050"},{"taxonomy":"product_tag","embeddable":true,"href":"https:\/\/www.ohis.be\/de\/wp-json\/wp\/v2\/product_tag?post=31050"}],"curies":[{"name":"wp","href":"https:\/\/api.w.org\/{rel}","templated":true}]}}