{"id":31047,"date":"2023-03-17T16:10:46","date_gmt":"2023-03-17T15:10:46","guid":{"rendered":"https:\/\/www.ohis.be\/produit\/m9-elektrischer-traktor-als-mitfahrer%c2%b2\/"},"modified":"2023-03-17T16:10:46","modified_gmt":"2023-03-17T15:10:46","slug":"m9-elektrischer-traktor-als-mitfahrer%c2%b2","status":"publish","type":"product","link":"https:\/\/www.ohis.be\/de\/produit\/m9-elektrischer-traktor-als-mitfahrer%c2%b2\/","title":{"rendered":"M9 &#8211; Elektrischer Traktor als Mitfahrer\u00b2"},"content":{"rendered":"<p>Der Zallys M9 Elektroschlepper mit Mitg\u00e4ngerfunktion ist die ideale L\u00f6sung, um die manuelle Handhabung von Lasten zu eliminieren.<\/p>\n<ul>\n<li>f\u00fcr Lasten bis zu 3000 kg<\/li>\n<li>vielseitig und kompakt<\/li>\n<li>mit Luftreifen f\u00fcr den Einsatz im Innen- und Au\u00dfenbereich<\/li>\n<li>Knopf f\u00fcr die Einstellung mit 5 Geschwindigkeiten<\/li>\n<li>gro\u00dfe Auswahl an Standardkupplungen oder auf Wunsch individuell gestaltete Kupplungen<\/li>\n<\/ul>\n","protected":false},"excerpt":{"rendered":"<p>Der Zallys M9 Elektroschlepper mit Mitg\u00e4ngerfunktion ist die ideale L\u00f6sung, um die manuelle Handhabung von Lasten zu eliminieren.<\/p>\n<ul>\n<li>f\u00fcr Lasten bis zu 3000 kg<\/li>\n<li>vielseitig und kompakt<\/li>\n<li>mit Luftreifen f\u00fcr den Einsatz im Innen- und Au\u00dfenbereich<\/li>\n<li>Knopf f\u00fcr die Einstellung mit 5 Geschwindigkeiten<\/li>\n<li>gro\u00dfe Auswahl an Standardkupplungen oder auf Wunsch individuell gestaltete Kupplungen<\/li>\n<\/ul>\n","protected":false},"featured_media":29157,"template":"","meta":{"_acf_changed":false,"inline_featured_image":false},"product_brand":[],"product_cat":[1627,3851],"product_tag":[2861,2852],"class_list":{"0":"post-31047","1":"product","2":"type-product","3":"status-publish","4":"has-post-thumbnail","6":"product_cat-boden-handling","7":"product_cat-schlepper","8":"product_tag-tractor-de","9":"product_tag-zallys-de","11":"first","12":"instock","13":"taxable","14":"shipping-taxable","15":"purchasable","16":"product-type-simple"},"acf":[],"yoast_head":"<!-- This site is optimized with the Yoast SEO plugin v27.5 - https:\/\/yoast.com\/product\/yoast-seo-wordpress\/ -->\n<title>M9 - Elektrischer Traktor als Mitfahrer\u00b2 - Ohis<\/title>\n<meta name=\"robots\" content=\"index, follow, max-snippet:-1, max-image-preview:large, max-video-preview:-1\" \/>\n<link rel=\"canonical\" href=\"https:\/\/www.ohis.be\/de\/produit\/m9-elektrischer-traktor-als-mitfahrer\u00b2\/\" \/>\n<meta property=\"og:locale\" content=\"de_DE\" \/>\n<meta property=\"og:type\" content=\"article\" \/>\n<meta property=\"og:title\" content=\"M9 - Elektrischer Traktor als Mitfahrer\u00b2 - Ohis\" \/>\n<meta property=\"og:description\" content=\"Der Zallys M9 Elektroschlepper mit Mitg\u00e4ngerfunktion ist die ideale L\u00f6sung, um die manuelle Handhabung von Lasten zu eliminieren.   f\u00fcr Lasten bis zu 3000 kg  vielseitig und kompakt  mit Luftreifen f\u00fcr den Einsatz im Innen- und Au\u00dfenbereich  Knopf f\u00fcr die Einstellung mit 5 Geschwindigkeiten  gro\u00dfe Auswahl an Standardkupplungen oder auf Wunsch individuell gestaltete Kupplungen\" \/>\n<meta property=\"og:url\" content=\"https:\/\/www.ohis.be\/de\/produit\/m9-elektrischer-traktor-als-mitfahrer\u00b2\/\" \/>\n<meta property=\"og:site_name\" content=\"Ohis\" \/>\n<meta property=\"og:image\" content=\"https:\/\/www.ohis.be\/wp-content\/uploads\/2023\/03\/M9-Tracteur-electrique-conducteur-accompagnant.png\" \/>\n\t<meta property=\"og:image:width\" content=\"600\" \/>\n\t<meta property=\"og:image:height\" content=\"479\" \/>\n\t<meta property=\"og:image:type\" content=\"image\/png\" \/>\n<meta name=\"twitter:card\" content=\"summary_large_image\" \/>\n<script type=\"application\/ld+json\" class=\"yoast-schema-graph\">{\"@context\":\"https:\\\/\\\/schema.org\",\"@graph\":[{\"@type\":\"WebPage\",\"@id\":\"https:\\\/\\\/www.ohis.be\\\/de\\\/produit\\\/m9-elektrischer-traktor-als-mitfahrer%c2%b2\\\/\",\"url\":\"https:\\\/\\\/www.ohis.be\\\/de\\\/produit\\\/m9-elektrischer-traktor-als-mitfahrer%c2%b2\\\/\",\"name\":\"M9 - Elektrischer Traktor als Mitfahrer\u00b2 - Ohis\",\"isPartOf\":{\"@id\":\"https:\\\/\\\/www.ohis.be\\\/#website\"},\"primaryImageOfPage\":{\"@id\":\"https:\\\/\\\/www.ohis.be\\\/de\\\/produit\\\/m9-elektrischer-traktor-als-mitfahrer%c2%b2\\\/#primaryimage\"},\"image\":{\"@id\":\"https:\\\/\\\/www.ohis.be\\\/de\\\/produit\\\/m9-elektrischer-traktor-als-mitfahrer%c2%b2\\\/#primaryimage\"},\"thumbnailUrl\":\"https:\\\/\\\/www.ohis.be\\\/wp-content\\\/uploads\\\/2023\\\/03\\\/M9-Tracteur-electrique-conducteur-accompagnant.png\",\"datePublished\":\"2023-03-17T15:10:46+00:00\",\"breadcrumb\":{\"@id\":\"https:\\\/\\\/www.ohis.be\\\/de\\\/produit\\\/m9-elektrischer-traktor-als-mitfahrer%c2%b2\\\/#breadcrumb\"},\"inLanguage\":\"de\",\"potentialAction\":[{\"@type\":\"ReadAction\",\"target\":[\"https:\\\/\\\/www.ohis.be\\\/de\\\/produit\\\/m9-elektrischer-traktor-als-mitfahrer%c2%b2\\\/\"]}]},{\"@type\":\"ImageObject\",\"inLanguage\":\"de\",\"@id\":\"https:\\\/\\\/www.ohis.be\\\/de\\\/produit\\\/m9-elektrischer-traktor-als-mitfahrer%c2%b2\\\/#primaryimage\",\"url\":\"https:\\\/\\\/www.ohis.be\\\/wp-content\\\/uploads\\\/2023\\\/03\\\/M9-Tracteur-electrique-conducteur-accompagnant.png\",\"contentUrl\":\"https:\\\/\\\/www.ohis.be\\\/wp-content\\\/uploads\\\/2023\\\/03\\\/M9-Tracteur-electrique-conducteur-accompagnant.png\",\"width\":600,\"height\":479},{\"@type\":\"BreadcrumbList\",\"@id\":\"https:\\\/\\\/www.ohis.be\\\/de\\\/produit\\\/m9-elektrischer-traktor-als-mitfahrer%c2%b2\\\/#breadcrumb\",\"itemListElement\":[{\"@type\":\"ListItem\",\"position\":1,\"name\":\"Accueil\",\"item\":\"https:\\\/\\\/www.ohis.be\\\/de\\\/\"},{\"@type\":\"ListItem\",\"position\":2,\"name\":\"Produkte\",\"item\":\"https:\\\/\\\/www.ohis.be\\\/de\\\/produkte\\\/\"},{\"@type\":\"ListItem\",\"position\":3,\"name\":\"M9 &#8211; Elektrischer Traktor als Mitfahrer\u00b2\"}]},{\"@type\":\"WebSite\",\"@id\":\"https:\\\/\\\/www.ohis.be\\\/#website\",\"url\":\"https:\\\/\\\/www.ohis.be\\\/\",\"name\":\"Ohis\",\"description\":\"Outils de levage\",\"publisher\":{\"@id\":\"https:\\\/\\\/www.ohis.be\\\/#organization\"},\"potentialAction\":[{\"@type\":\"SearchAction\",\"target\":{\"@type\":\"EntryPoint\",\"urlTemplate\":\"https:\\\/\\\/www.ohis.be\\\/?s={search_term_string}\"},\"query-input\":{\"@type\":\"PropertyValueSpecification\",\"valueRequired\":true,\"valueName\":\"search_term_string\"}}],\"inLanguage\":\"de\"},{\"@type\":\"Organization\",\"@id\":\"https:\\\/\\\/www.ohis.be\\\/#organization\",\"name\":\"Ohis\",\"url\":\"https:\\\/\\\/www.ohis.be\\\/\",\"logo\":{\"@type\":\"ImageObject\",\"inLanguage\":\"de\",\"@id\":\"https:\\\/\\\/www.ohis.be\\\/#\\\/schema\\\/logo\\\/image\\\/\",\"url\":\"https:\\\/\\\/www.ohis.be\\\/wp-content\\\/uploads\\\/2021\\\/02\\\/logo-ohis-wit.svg\",\"contentUrl\":\"https:\\\/\\\/www.ohis.be\\\/wp-content\\\/uploads\\\/2021\\\/02\\\/logo-ohis-wit.svg\",\"caption\":\"Ohis\"},\"image\":{\"@id\":\"https:\\\/\\\/www.ohis.be\\\/#\\\/schema\\\/logo\\\/image\\\/\"}}]}<\/script>\n<!-- \/ Yoast SEO plugin. -->","yoast_head_json":{"title":"M9 - Elektrischer Traktor als Mitfahrer\u00b2 - Ohis","robots":{"index":"index","follow":"follow","max-snippet":"max-snippet:-1","max-image-preview":"max-image-preview:large","max-video-preview":"max-video-preview:-1"},"canonical":"https:\/\/www.ohis.be\/de\/produit\/m9-elektrischer-traktor-als-mitfahrer\u00b2\/","og_locale":"de_DE","og_type":"article","og_title":"M9 - Elektrischer Traktor als Mitfahrer\u00b2 - Ohis","og_description":"Der Zallys M9 Elektroschlepper mit Mitg\u00e4ngerfunktion ist die ideale L\u00f6sung, um die manuelle Handhabung von Lasten zu eliminieren.   f\u00fcr Lasten bis zu 3000 kg  vielseitig und kompakt  mit Luftreifen f\u00fcr den Einsatz im Innen- und Au\u00dfenbereich  Knopf f\u00fcr die Einstellung mit 5 Geschwindigkeiten  gro\u00dfe Auswahl an Standardkupplungen oder auf Wunsch individuell gestaltete Kupplungen","og_url":"https:\/\/www.ohis.be\/de\/produit\/m9-elektrischer-traktor-als-mitfahrer\u00b2\/","og_site_name":"Ohis","og_image":[{"width":600,"height":479,"url":"https:\/\/www.ohis.be\/wp-content\/uploads\/2023\/03\/M9-Tracteur-electrique-conducteur-accompagnant.png","type":"image\/png"}],"twitter_card":"summary_large_image","schema":{"@context":"https:\/\/schema.org","@graph":[{"@type":"WebPage","@id":"https:\/\/www.ohis.be\/de\/produit\/m9-elektrischer-traktor-als-mitfahrer%c2%b2\/","url":"https:\/\/www.ohis.be\/de\/produit\/m9-elektrischer-traktor-als-mitfahrer%c2%b2\/","name":"M9 - Elektrischer Traktor als Mitfahrer\u00b2 - Ohis","isPartOf":{"@id":"https:\/\/www.ohis.be\/#website"},"primaryImageOfPage":{"@id":"https:\/\/www.ohis.be\/de\/produit\/m9-elektrischer-traktor-als-mitfahrer%c2%b2\/#primaryimage"},"image":{"@id":"https:\/\/www.ohis.be\/de\/produit\/m9-elektrischer-traktor-als-mitfahrer%c2%b2\/#primaryimage"},"thumbnailUrl":"https:\/\/www.ohis.be\/wp-content\/uploads\/2023\/03\/M9-Tracteur-electrique-conducteur-accompagnant.png","datePublished":"2023-03-17T15:10:46+00:00","breadcrumb":{"@id":"https:\/\/www.ohis.be\/de\/produit\/m9-elektrischer-traktor-als-mitfahrer%c2%b2\/#breadcrumb"},"inLanguage":"de","potentialAction":[{"@type":"ReadAction","target":["https:\/\/www.ohis.be\/de\/produit\/m9-elektrischer-traktor-als-mitfahrer%c2%b2\/"]}]},{"@type":"ImageObject","inLanguage":"de","@id":"https:\/\/www.ohis.be\/de\/produit\/m9-elektrischer-traktor-als-mitfahrer%c2%b2\/#primaryimage","url":"https:\/\/www.ohis.be\/wp-content\/uploads\/2023\/03\/M9-Tracteur-electrique-conducteur-accompagnant.png","contentUrl":"https:\/\/www.ohis.be\/wp-content\/uploads\/2023\/03\/M9-Tracteur-electrique-conducteur-accompagnant.png","width":600,"height":479},{"@type":"BreadcrumbList","@id":"https:\/\/www.ohis.be\/de\/produit\/m9-elektrischer-traktor-als-mitfahrer%c2%b2\/#breadcrumb","itemListElement":[{"@type":"ListItem","position":1,"name":"Accueil","item":"https:\/\/www.ohis.be\/de\/"},{"@type":"ListItem","position":2,"name":"Produkte","item":"https:\/\/www.ohis.be\/de\/produkte\/"},{"@type":"ListItem","position":3,"name":"M9 &#8211; Elektrischer Traktor als Mitfahrer\u00b2"}]},{"@type":"WebSite","@id":"https:\/\/www.ohis.be\/#website","url":"https:\/\/www.ohis.be\/","name":"Ohis","description":"Outils de levage","publisher":{"@id":"https:\/\/www.ohis.be\/#organization"},"potentialAction":[{"@type":"SearchAction","target":{"@type":"EntryPoint","urlTemplate":"https:\/\/www.ohis.be\/?s={search_term_string}"},"query-input":{"@type":"PropertyValueSpecification","valueRequired":true,"valueName":"search_term_string"}}],"inLanguage":"de"},{"@type":"Organization","@id":"https:\/\/www.ohis.be\/#organization","name":"Ohis","url":"https:\/\/www.ohis.be\/","logo":{"@type":"ImageObject","inLanguage":"de","@id":"https:\/\/www.ohis.be\/#\/schema\/logo\/image\/","url":"https:\/\/www.ohis.be\/wp-content\/uploads\/2021\/02\/logo-ohis-wit.svg","contentUrl":"https:\/\/www.ohis.be\/wp-content\/uploads\/2021\/02\/logo-ohis-wit.svg","caption":"Ohis"},"image":{"@id":"https:\/\/www.ohis.be\/#\/schema\/logo\/image\/"}}]}},"_links":{"self":[{"href":"https:\/\/www.ohis.be\/de\/wp-json\/wp\/v2\/product\/31047","targetHints":{"allow":["GET"]}}],"collection":[{"href":"https:\/\/www.ohis.be\/de\/wp-json\/wp\/v2\/product"}],"about":[{"href":"https:\/\/www.ohis.be\/de\/wp-json\/wp\/v2\/types\/product"}],"wp:featuredmedia":[{"embeddable":true,"href":"https:\/\/www.ohis.be\/de\/wp-json\/wp\/v2\/media\/29157"}],"wp:attachment":[{"href":"https:\/\/www.ohis.be\/de\/wp-json\/wp\/v2\/media?parent=31047"}],"wp:term":[{"taxonomy":"product_brand","embeddable":true,"href":"https:\/\/www.ohis.be\/de\/wp-json\/wp\/v2\/product_brand?post=31047"},{"taxonomy":"product_cat","embeddable":true,"href":"https:\/\/www.ohis.be\/de\/wp-json\/wp\/v2\/product_cat?post=31047"},{"taxonomy":"product_tag","embeddable":true,"href":"https:\/\/www.ohis.be\/de\/wp-json\/wp\/v2\/product_tag?post=31047"}],"curies":[{"name":"wp","href":"https:\/\/api.w.org\/{rel}","templated":true}]}}