{"id":29496,"date":"2022-12-13T14:30:37","date_gmt":"2022-12-13T13:30:37","guid":{"rendered":"https:\/\/www.ohis.be\/produit\/yalelift-lh-stirnradflaschenzug-mit-integriertem-roll-und-haspelfahrwerk-kurze-bauart\/"},"modified":"2022-12-13T14:30:37","modified_gmt":"2022-12-13T13:30:37","slug":"yalelift-lh-stirnradflaschenzug-mit-integriertem-roll-und-haspelfahrwerk-kurze-bauart","status":"publish","type":"product","link":"https:\/\/www.ohis.be\/de\/produit\/yalelift-lh-stirnradflaschenzug-mit-integriertem-roll-und-haspelfahrwerk-kurze-bauart\/","title":{"rendered":"YaleLift LH Stirnradflaschenzug mit integriertem Roll- und Haspelfahrwerk (kurze Bauart)"},"content":{"rendered":"<p>Tragf\u00e4higkeit 500 &#8211; 10.000 kg<br \/>\nDer Stirnradflaschenzug Yalelift LH mit integriertem Handfahrwerk in kurzer Bauart ist die konsequente Weiterentwicklung des Yalelift IT. \u00dcberall wo es auf ein noch kleineres Bauma\u00df ankommt, kommt der Yalelift LH zum Einsatz.<\/p>\n<div id=\"features-benefits\" class=\"pdp-section\" data-accordion-item=\"\" data-section-name=\"Eigenschaften und Vorteile\" data-magellan-target=\"features-benefits\">\n<div id=\"bg122t-accordion\" class=\"pdp-section__wrap\" role=\"tabpanel\" data-tab-content=\"\" aria-labelledby=\"features-benefits-label\" aria-hidden=\"true\">\n<section class=\"component rte-block\"><strong>Ausstattung und Verarbeitung<\/strong><br \/>\n\u2022 Die speziell entwickelte Umlenkung und Kettenf\u00fchrung\u00a0erm\u00f6glicht es den Lasthaken mit der Unterflasche\u00a0seitlich neben dem Ger\u00e4t noch weiter nach oben unter\u00a0den Tr\u00e4ger zu ziehen.<br \/>\n\u2022 Bei der Festanbindung des innovativen Yalelift LH an\u00a0ein Hand- oder Haspelfahrwerk, handelt es sich um die\u00a0gleichen Fahrwerke die auch schon beim Yalelift IT zum\u00a0Einsatz kommen.<br \/>\n\u2022 Alle Ger\u00e4te der Baureihe sind bis zu einer Tragf\u00e4higkeit\u00a0von 3.000 kg einstrangig ausgelegt.<br \/>\n\u2022 Das bew\u00e4hrte und nahezu stufenlose Verstellsystem\u00a0erm\u00f6glicht die einfache und schnelle Montage durch\u00a0Einstellmuttern.<br \/>\n\u2022 Die Fahrwerke bis 5 t werden f\u00fcr zwei Tr\u00e4gerbereiche\u00a0angeboten: A-Bereich bis 180 mm Tr\u00e4gerflanschbreite\u00a0(Standard, deckt ca. 80 % aller Tr\u00e4gerbreiten ab).\u00a0Eine Umr\u00fcstung auf den B-Bereich, bis 300 mm, ist\u00a0problemlos m\u00f6glich.<br \/>\n\u2022 Die Laufrollen sind f\u00fcr eine maximale Neigung des\u00a0Tr\u00e4gerflansches von 14 % ausgelegt (DIN 1025-1),\u00a0optimale Laufeigenschaften werden durch gekapselte\u00a0und dauergeschmierte Kugellager garantiert.<br \/>\n\u2022 Die niedrig bauende Variante des Yalelift IT ist f\u00fcr einen\u00a0weiten Tr\u00e4gerbereich sowie f\u00fcr verschiedene Profile\u00a0(z. B. INP, IPE, IPB) einstellbar.<br \/>\n\u2022 Kippsicherung und Radbruchst\u00fctzen sind serienm\u00e4\u00dfig.<br \/>\n\u2022 Gekapselte, dauergeschmierte und kugelgelagerte\u00a0Laufrollen erm\u00f6glichen optimale Laufeigenschaften.<\/p>\n<\/section>\n<\/div>\n<\/div>\n<div id=\"options\" class=\"pdp-section\" data-accordion-item=\"\" data-section-name=\"Optionen\" data-magellan-target=\"options\">\n<div id=\"61vts0-accordion\" class=\"pdp-section__wrap\" role=\"tabpanel\" data-tab-content=\"\" aria-labelledby=\"options-label\" aria-hidden=\"true\">\n<section class=\"component rte-block\"><strong>Optional<\/strong><br \/>\n\u2022 Einstellbare \u00dcberlastsicherung.<br \/>\n\u2022 Kettenspeicher<br \/>\n\u2022 Anfahrpuffer<br \/>\n\u2022 Korrosionsgesch\u00fctzte Ausf\u00fchrung.<br \/>\n\u2022 Feststellvorrichtung zum Fixieren des integrierten Handfahrwerks auf dem Tr\u00e4ger ohne Last (Parkposition z. B. in der Schifffahrt).<\/p>\n<\/section>\n<\/div>\n<\/div>\n","protected":false},"excerpt":{"rendered":"<p>Tragf\u00e4higkeit 500 &#8211; 10.000 kg<br \/>\nDer Stirnradflaschenzug Yalelift LH mit integriertem Handfahrwerk in kurzer Bauart ist die konsequente Weiterentwicklung des Yalelift IT. \u00dcberall wo es auf ein noch kleineres Bauma\u00df ankommt, kommt der Yalelift LH zum Einsatz.<\/p>\n<div id=\"features-benefits\" class=\"pdp-section\" data-accordion-item=\"\" data-section-name=\"Eigenschaften und Vorteile\" data-magellan-target=\"features-benefits\">\n<div id=\"bg122t-accordion\" class=\"pdp-section__wrap\" role=\"tabpanel\" data-tab-content=\"\" aria-labelledby=\"features-benefits-label\" aria-hidden=\"true\">\n<section class=\"component rte-block\"><strong>Ausstattung und Verarbeitung<\/strong><br \/>\n\u2022 Die speziell entwickelte Umlenkung und Kettenf\u00fchrung\u00a0erm\u00f6glicht es den Lasthaken mit der Unterflasche\u00a0seitlich neben dem Ger\u00e4t noch weiter nach oben unter\u00a0den Tr\u00e4ger zu ziehen.<br \/>\n\u2022 Bei der Festanbindung des innovativen Yalelift LH an\u00a0ein Hand- oder Haspelfahrwerk, handelt es sich um die\u00a0gleichen Fahrwerke die auch schon beim Yalelift IT zum\u00a0Einsatz kommen.<br \/>\n\u2022 Alle Ger\u00e4te der Baureihe sind bis zu einer Tragf\u00e4higkeit\u00a0von 3.000 kg einstrangig ausgelegt.<br \/>\n\u2022 Das bew\u00e4hrte und nahezu stufenlose Verstellsystem\u00a0erm\u00f6glicht die einfache und schnelle Montage durch\u00a0Einstellmuttern.<br \/>\n\u2022 Die Fahrwerke bis 5 t werden f\u00fcr zwei Tr\u00e4gerbereiche\u00a0angeboten: A-Bereich bis 180 mm Tr\u00e4gerflanschbreite\u00a0(Standard, deckt ca. 80 % aller Tr\u00e4gerbreiten ab).\u00a0Eine Umr\u00fcstung auf den B-Bereich, bis 300 mm, ist\u00a0problemlos m\u00f6glich.<br \/>\n\u2022 Die Laufrollen sind f\u00fcr eine maximale Neigung des\u00a0Tr\u00e4gerflansches von 14 % ausgelegt (DIN 1025-1),\u00a0optimale Laufeigenschaften werden durch gekapselte\u00a0und dauergeschmierte Kugellager garantiert.<br \/>\n\u2022 Die niedrig bauende Variante des Yalelift IT ist f\u00fcr einen\u00a0weiten Tr\u00e4gerbereich sowie f\u00fcr verschiedene Profile\u00a0(z. B. INP, IPE, IPB) einstellbar.<br \/>\n\u2022 Kippsicherung und Radbruchst\u00fctzen sind serienm\u00e4\u00dfig.<br \/>\n\u2022 Gekapselte, dauergeschmierte und kugelgelagerte\u00a0Laufrollen erm\u00f6glichen optimale Laufeigenschaften.<\/p>\n<\/section>\n<\/div>\n<\/div>\n<div id=\"options\" class=\"pdp-section\" data-accordion-item=\"\" data-section-name=\"Optionen\" data-magellan-target=\"options\">\n<div id=\"61vts0-accordion\" class=\"pdp-section__wrap\" role=\"tabpanel\" data-tab-content=\"\" aria-labelledby=\"options-label\" aria-hidden=\"true\">\n<section class=\"component rte-block\"><strong>Optional<\/strong><br \/>\n\u2022 Einstellbare \u00dcberlastsicherung.<br \/>\n\u2022 Kettenspeicher<br \/>\n\u2022 Anfahrpuffer<br \/>\n\u2022 Korrosionsgesch\u00fctzte Ausf\u00fchrung.<br \/>\n\u2022 Feststellvorrichtung zum Fixieren des integrierten Handfahrwerks auf dem Tr\u00e4ger ohne Last (Parkposition z. B. in der Schifffahrt).<\/p>\n<\/section>\n<\/div>\n<\/div>\n","protected":false},"featured_media":18804,"template":"","meta":{"_acf_changed":false,"inline_featured_image":false},"product_brand":[],"product_cat":[356],"product_tag":[705],"class_list":{"0":"post-29496","1":"product","2":"type-product","3":"status-publish","4":"has-post-thumbnail","6":"product_cat-handhebezeug","7":"product_tag-yale-de","8":"yith_product_brand-yale-de","10":"first","11":"onbackorder","12":"taxable","13":"shipping-taxable","14":"purchasable","15":"product-type-variable"},"acf":[],"yoast_head":"<!-- This site is optimized with the Yoast SEO plugin v27.4 - https:\/\/yoast.com\/product\/yoast-seo-wordpress\/ -->\n<title>YaleLift LH Stirnradflaschenzug mit integriertem Roll- und Haspelfahrwerk (kurze Bauart) - Ohis<\/title>\n<meta name=\"robots\" content=\"index, follow, max-snippet:-1, max-image-preview:large, max-video-preview:-1\" \/>\n<link rel=\"canonical\" href=\"https:\/\/www.ohis.be\/de\/produit\/yalelift-lh-stirnradflaschenzug-mit-integriertem-roll-und-haspelfahrwerk-kurze-bauart\/\" \/>\n<meta property=\"og:locale\" content=\"de_DE\" \/>\n<meta property=\"og:type\" content=\"article\" \/>\n<meta property=\"og:title\" content=\"YaleLift LH Stirnradflaschenzug mit integriertem Roll- und Haspelfahrwerk (kurze Bauart) - Ohis\" \/>\n<meta property=\"og:description\" content=\"Tragf\u00e4higkeit 500 - 10.000 kg Der Stirnradflaschenzug Yalelift LH mit integriertem Handfahrwerk in kurzer Bauart ist die konsequente Weiterentwicklung des Yalelift IT. \u00dcberall wo es auf ein noch kleineres Bauma\u00df ankommt, kommt der Yalelift LH zum Einsatz.  Ausstattung und Verarbeitung \u2022 Die speziell entwickelte Umlenkung und Kettenf\u00fchrung\u00a0erm\u00f6glicht es den Lasthaken mit der Unterflasche\u00a0seitlich neben dem Ger\u00e4t noch weiter nach oben unter\u00a0den Tr\u00e4ger zu ziehen. \u2022 Bei der Festanbindung des innovativen Yalelift LH an\u00a0ein Hand- oder Haspelfahrwerk, handelt es sich um die\u00a0gleichen Fahrwerke die auch schon beim Yalelift IT zum\u00a0Einsatz kommen. \u2022 Alle Ger\u00e4te der Baureihe sind bis zu einer Tragf\u00e4higkeit\u00a0von 3.000 kg einstrangig ausgelegt. \u2022 Das bew\u00e4hrte und nahezu stufenlose Verstellsystem\u00a0erm\u00f6glicht die einfache und schnelle Montage durch\u00a0Einstellmuttern. \u2022 Die Fahrwerke bis 5 t werden f\u00fcr zwei Tr\u00e4gerbereiche\u00a0angeboten: A-Bereich bis 180 mm Tr\u00e4gerflanschbreite\u00a0(Standard, deckt ca. 80 % aller Tr\u00e4gerbreiten ab).\u00a0Eine Umr\u00fcstung auf den B-Bereich, bis 300 mm, ist\u00a0problemlos m\u00f6glich. \u2022 Die Laufrollen sind f\u00fcr eine maximale Neigung des\u00a0Tr\u00e4gerflansches von 14 % ausgelegt (DIN 1025-1),\u00a0optimale Laufeigenschaften werden durch gekapselte\u00a0und dauergeschmierte Kugellager garantiert. \u2022 Die niedrig bauende Variante des Yalelift IT ist f\u00fcr einen\u00a0weiten Tr\u00e4gerbereich sowie f\u00fcr verschiedene Profile\u00a0(z. B. INP, IPE, IPB) einstellbar. \u2022 Kippsicherung und Radbruchst\u00fctzen sind serienm\u00e4\u00dfig. \u2022 Gekapselte, dauergeschmierte und kugelgelagerte\u00a0Laufrollen erm\u00f6glichen optimale Laufeigenschaften.     Optional \u2022 Einstellbare \u00dcberlastsicherung. \u2022 Kettenspeicher \u2022 Anfahrpuffer \u2022 Korrosionsgesch\u00fctzte Ausf\u00fchrung. \u2022 Feststellvorrichtung zum Fixieren des integrierten Handfahrwerks auf dem Tr\u00e4ger ohne Last (Parkposition z. B. in der Schifffahrt).\" \/>\n<meta property=\"og:url\" content=\"https:\/\/www.ohis.be\/de\/produit\/yalelift-lh-stirnradflaschenzug-mit-integriertem-roll-und-haspelfahrwerk-kurze-bauart\/\" \/>\n<meta property=\"og:site_name\" content=\"Ohis\" \/>\n<meta property=\"og:image\" content=\"https:\/\/www.ohis.be\/wp-content\/uploads\/2022\/12\/Yalelift-LH.jpg\" \/>\n\t<meta property=\"og:image:width\" content=\"746\" \/>\n\t<meta property=\"og:image:height\" content=\"934\" \/>\n\t<meta property=\"og:image:type\" content=\"image\/jpeg\" \/>\n<meta name=\"twitter:card\" content=\"summary_large_image\" \/>\n<meta name=\"twitter:label1\" content=\"Gesch\u00e4tzte Lesezeit\" \/>\n\t<meta name=\"twitter:data1\" content=\"1\u00a0Minute\" \/>\n<script type=\"application\/ld+json\" class=\"yoast-schema-graph\">{\"@context\":\"https:\\\/\\\/schema.org\",\"@graph\":[{\"@type\":\"WebPage\",\"@id\":\"https:\\\/\\\/www.ohis.be\\\/de\\\/produit\\\/yalelift-lh-stirnradflaschenzug-mit-integriertem-roll-und-haspelfahrwerk-kurze-bauart\\\/\",\"url\":\"https:\\\/\\\/www.ohis.be\\\/de\\\/produit\\\/yalelift-lh-stirnradflaschenzug-mit-integriertem-roll-und-haspelfahrwerk-kurze-bauart\\\/\",\"name\":\"YaleLift LH Stirnradflaschenzug mit integriertem Roll- und Haspelfahrwerk (kurze Bauart) - Ohis\",\"isPartOf\":{\"@id\":\"https:\\\/\\\/www.ohis.be\\\/#website\"},\"primaryImageOfPage\":{\"@id\":\"https:\\\/\\\/www.ohis.be\\\/de\\\/produit\\\/yalelift-lh-stirnradflaschenzug-mit-integriertem-roll-und-haspelfahrwerk-kurze-bauart\\\/#primaryimage\"},\"image\":{\"@id\":\"https:\\\/\\\/www.ohis.be\\\/de\\\/produit\\\/yalelift-lh-stirnradflaschenzug-mit-integriertem-roll-und-haspelfahrwerk-kurze-bauart\\\/#primaryimage\"},\"thumbnailUrl\":\"https:\\\/\\\/www.ohis.be\\\/wp-content\\\/uploads\\\/2022\\\/12\\\/Yalelift-LH.jpg\",\"datePublished\":\"2022-12-13T13:30:37+00:00\",\"breadcrumb\":{\"@id\":\"https:\\\/\\\/www.ohis.be\\\/de\\\/produit\\\/yalelift-lh-stirnradflaschenzug-mit-integriertem-roll-und-haspelfahrwerk-kurze-bauart\\\/#breadcrumb\"},\"inLanguage\":\"de\",\"potentialAction\":[{\"@type\":\"ReadAction\",\"target\":[\"https:\\\/\\\/www.ohis.be\\\/de\\\/produit\\\/yalelift-lh-stirnradflaschenzug-mit-integriertem-roll-und-haspelfahrwerk-kurze-bauart\\\/\"]}]},{\"@type\":\"ImageObject\",\"inLanguage\":\"de\",\"@id\":\"https:\\\/\\\/www.ohis.be\\\/de\\\/produit\\\/yalelift-lh-stirnradflaschenzug-mit-integriertem-roll-und-haspelfahrwerk-kurze-bauart\\\/#primaryimage\",\"url\":\"https:\\\/\\\/www.ohis.be\\\/wp-content\\\/uploads\\\/2022\\\/12\\\/Yalelift-LH.jpg\",\"contentUrl\":\"https:\\\/\\\/www.ohis.be\\\/wp-content\\\/uploads\\\/2022\\\/12\\\/Yalelift-LH.jpg\",\"width\":746,\"height\":934,\"caption\":\"Yalelift LH\"},{\"@type\":\"BreadcrumbList\",\"@id\":\"https:\\\/\\\/www.ohis.be\\\/de\\\/produit\\\/yalelift-lh-stirnradflaschenzug-mit-integriertem-roll-und-haspelfahrwerk-kurze-bauart\\\/#breadcrumb\",\"itemListElement\":[{\"@type\":\"ListItem\",\"position\":1,\"name\":\"Accueil\",\"item\":\"https:\\\/\\\/www.ohis.be\\\/de\\\/\"},{\"@type\":\"ListItem\",\"position\":2,\"name\":\"Produkte\",\"item\":\"https:\\\/\\\/www.ohis.be\\\/de\\\/produkte\\\/\"},{\"@type\":\"ListItem\",\"position\":3,\"name\":\"YaleLift LH Stirnradflaschenzug mit integriertem Roll- und Haspelfahrwerk (kurze Bauart)\"}]},{\"@type\":\"WebSite\",\"@id\":\"https:\\\/\\\/www.ohis.be\\\/#website\",\"url\":\"https:\\\/\\\/www.ohis.be\\\/\",\"name\":\"Ohis\",\"description\":\"Outils de levage\",\"publisher\":{\"@id\":\"https:\\\/\\\/www.ohis.be\\\/#organization\"},\"potentialAction\":[{\"@type\":\"SearchAction\",\"target\":{\"@type\":\"EntryPoint\",\"urlTemplate\":\"https:\\\/\\\/www.ohis.be\\\/?s={search_term_string}\"},\"query-input\":{\"@type\":\"PropertyValueSpecification\",\"valueRequired\":true,\"valueName\":\"search_term_string\"}}],\"inLanguage\":\"de\"},{\"@type\":\"Organization\",\"@id\":\"https:\\\/\\\/www.ohis.be\\\/#organization\",\"name\":\"Ohis\",\"url\":\"https:\\\/\\\/www.ohis.be\\\/\",\"logo\":{\"@type\":\"ImageObject\",\"inLanguage\":\"de\",\"@id\":\"https:\\\/\\\/www.ohis.be\\\/#\\\/schema\\\/logo\\\/image\\\/\",\"url\":\"https:\\\/\\\/www.ohis.be\\\/wp-content\\\/uploads\\\/2021\\\/02\\\/logo-ohis-wit.svg\",\"contentUrl\":\"https:\\\/\\\/www.ohis.be\\\/wp-content\\\/uploads\\\/2021\\\/02\\\/logo-ohis-wit.svg\",\"caption\":\"Ohis\"},\"image\":{\"@id\":\"https:\\\/\\\/www.ohis.be\\\/#\\\/schema\\\/logo\\\/image\\\/\"}}]}<\/script>\n<!-- \/ Yoast SEO plugin. -->","yoast_head_json":{"title":"YaleLift LH Stirnradflaschenzug mit integriertem Roll- und Haspelfahrwerk (kurze Bauart) - Ohis","robots":{"index":"index","follow":"follow","max-snippet":"max-snippet:-1","max-image-preview":"max-image-preview:large","max-video-preview":"max-video-preview:-1"},"canonical":"https:\/\/www.ohis.be\/de\/produit\/yalelift-lh-stirnradflaschenzug-mit-integriertem-roll-und-haspelfahrwerk-kurze-bauart\/","og_locale":"de_DE","og_type":"article","og_title":"YaleLift LH Stirnradflaschenzug mit integriertem Roll- und Haspelfahrwerk (kurze Bauart) - Ohis","og_description":"Tragf\u00e4higkeit 500 - 10.000 kg Der Stirnradflaschenzug Yalelift LH mit integriertem Handfahrwerk in kurzer Bauart ist die konsequente Weiterentwicklung des Yalelift IT. \u00dcberall wo es auf ein noch kleineres Bauma\u00df ankommt, kommt der Yalelift LH zum Einsatz.  Ausstattung und Verarbeitung \u2022 Die speziell entwickelte Umlenkung und Kettenf\u00fchrung\u00a0erm\u00f6glicht es den Lasthaken mit der Unterflasche\u00a0seitlich neben dem Ger\u00e4t noch weiter nach oben unter\u00a0den Tr\u00e4ger zu ziehen. \u2022 Bei der Festanbindung des innovativen Yalelift LH an\u00a0ein Hand- oder Haspelfahrwerk, handelt es sich um die\u00a0gleichen Fahrwerke die auch schon beim Yalelift IT zum\u00a0Einsatz kommen. \u2022 Alle Ger\u00e4te der Baureihe sind bis zu einer Tragf\u00e4higkeit\u00a0von 3.000 kg einstrangig ausgelegt. \u2022 Das bew\u00e4hrte und nahezu stufenlose Verstellsystem\u00a0erm\u00f6glicht die einfache und schnelle Montage durch\u00a0Einstellmuttern. \u2022 Die Fahrwerke bis 5 t werden f\u00fcr zwei Tr\u00e4gerbereiche\u00a0angeboten: A-Bereich bis 180 mm Tr\u00e4gerflanschbreite\u00a0(Standard, deckt ca. 80 % aller Tr\u00e4gerbreiten ab).\u00a0Eine Umr\u00fcstung auf den B-Bereich, bis 300 mm, ist\u00a0problemlos m\u00f6glich. \u2022 Die Laufrollen sind f\u00fcr eine maximale Neigung des\u00a0Tr\u00e4gerflansches von 14 % ausgelegt (DIN 1025-1),\u00a0optimale Laufeigenschaften werden durch gekapselte\u00a0und dauergeschmierte Kugellager garantiert. \u2022 Die niedrig bauende Variante des Yalelift IT ist f\u00fcr einen\u00a0weiten Tr\u00e4gerbereich sowie f\u00fcr verschiedene Profile\u00a0(z. B. INP, IPE, IPB) einstellbar. \u2022 Kippsicherung und Radbruchst\u00fctzen sind serienm\u00e4\u00dfig. \u2022 Gekapselte, dauergeschmierte und kugelgelagerte\u00a0Laufrollen erm\u00f6glichen optimale Laufeigenschaften.     Optional \u2022 Einstellbare \u00dcberlastsicherung. \u2022 Kettenspeicher \u2022 Anfahrpuffer \u2022 Korrosionsgesch\u00fctzte Ausf\u00fchrung. \u2022 Feststellvorrichtung zum Fixieren des integrierten Handfahrwerks auf dem Tr\u00e4ger ohne Last (Parkposition z. B. in der Schifffahrt).","og_url":"https:\/\/www.ohis.be\/de\/produit\/yalelift-lh-stirnradflaschenzug-mit-integriertem-roll-und-haspelfahrwerk-kurze-bauart\/","og_site_name":"Ohis","og_image":[{"width":746,"height":934,"url":"https:\/\/www.ohis.be\/wp-content\/uploads\/2022\/12\/Yalelift-LH.jpg","type":"image\/jpeg"}],"twitter_card":"summary_large_image","twitter_misc":{"Gesch\u00e4tzte Lesezeit":"1\u00a0Minute"},"schema":{"@context":"https:\/\/schema.org","@graph":[{"@type":"WebPage","@id":"https:\/\/www.ohis.be\/de\/produit\/yalelift-lh-stirnradflaschenzug-mit-integriertem-roll-und-haspelfahrwerk-kurze-bauart\/","url":"https:\/\/www.ohis.be\/de\/produit\/yalelift-lh-stirnradflaschenzug-mit-integriertem-roll-und-haspelfahrwerk-kurze-bauart\/","name":"YaleLift LH Stirnradflaschenzug mit integriertem Roll- und Haspelfahrwerk (kurze Bauart) - Ohis","isPartOf":{"@id":"https:\/\/www.ohis.be\/#website"},"primaryImageOfPage":{"@id":"https:\/\/www.ohis.be\/de\/produit\/yalelift-lh-stirnradflaschenzug-mit-integriertem-roll-und-haspelfahrwerk-kurze-bauart\/#primaryimage"},"image":{"@id":"https:\/\/www.ohis.be\/de\/produit\/yalelift-lh-stirnradflaschenzug-mit-integriertem-roll-und-haspelfahrwerk-kurze-bauart\/#primaryimage"},"thumbnailUrl":"https:\/\/www.ohis.be\/wp-content\/uploads\/2022\/12\/Yalelift-LH.jpg","datePublished":"2022-12-13T13:30:37+00:00","breadcrumb":{"@id":"https:\/\/www.ohis.be\/de\/produit\/yalelift-lh-stirnradflaschenzug-mit-integriertem-roll-und-haspelfahrwerk-kurze-bauart\/#breadcrumb"},"inLanguage":"de","potentialAction":[{"@type":"ReadAction","target":["https:\/\/www.ohis.be\/de\/produit\/yalelift-lh-stirnradflaschenzug-mit-integriertem-roll-und-haspelfahrwerk-kurze-bauart\/"]}]},{"@type":"ImageObject","inLanguage":"de","@id":"https:\/\/www.ohis.be\/de\/produit\/yalelift-lh-stirnradflaschenzug-mit-integriertem-roll-und-haspelfahrwerk-kurze-bauart\/#primaryimage","url":"https:\/\/www.ohis.be\/wp-content\/uploads\/2022\/12\/Yalelift-LH.jpg","contentUrl":"https:\/\/www.ohis.be\/wp-content\/uploads\/2022\/12\/Yalelift-LH.jpg","width":746,"height":934,"caption":"Yalelift LH"},{"@type":"BreadcrumbList","@id":"https:\/\/www.ohis.be\/de\/produit\/yalelift-lh-stirnradflaschenzug-mit-integriertem-roll-und-haspelfahrwerk-kurze-bauart\/#breadcrumb","itemListElement":[{"@type":"ListItem","position":1,"name":"Accueil","item":"https:\/\/www.ohis.be\/de\/"},{"@type":"ListItem","position":2,"name":"Produkte","item":"https:\/\/www.ohis.be\/de\/produkte\/"},{"@type":"ListItem","position":3,"name":"YaleLift LH Stirnradflaschenzug mit integriertem Roll- und Haspelfahrwerk (kurze Bauart)"}]},{"@type":"WebSite","@id":"https:\/\/www.ohis.be\/#website","url":"https:\/\/www.ohis.be\/","name":"Ohis","description":"Outils de levage","publisher":{"@id":"https:\/\/www.ohis.be\/#organization"},"potentialAction":[{"@type":"SearchAction","target":{"@type":"EntryPoint","urlTemplate":"https:\/\/www.ohis.be\/?s={search_term_string}"},"query-input":{"@type":"PropertyValueSpecification","valueRequired":true,"valueName":"search_term_string"}}],"inLanguage":"de"},{"@type":"Organization","@id":"https:\/\/www.ohis.be\/#organization","name":"Ohis","url":"https:\/\/www.ohis.be\/","logo":{"@type":"ImageObject","inLanguage":"de","@id":"https:\/\/www.ohis.be\/#\/schema\/logo\/image\/","url":"https:\/\/www.ohis.be\/wp-content\/uploads\/2021\/02\/logo-ohis-wit.svg","contentUrl":"https:\/\/www.ohis.be\/wp-content\/uploads\/2021\/02\/logo-ohis-wit.svg","caption":"Ohis"},"image":{"@id":"https:\/\/www.ohis.be\/#\/schema\/logo\/image\/"}}]}},"_links":{"self":[{"href":"https:\/\/www.ohis.be\/de\/wp-json\/wp\/v2\/product\/29496","targetHints":{"allow":["GET"]}}],"collection":[{"href":"https:\/\/www.ohis.be\/de\/wp-json\/wp\/v2\/product"}],"about":[{"href":"https:\/\/www.ohis.be\/de\/wp-json\/wp\/v2\/types\/product"}],"wp:featuredmedia":[{"embeddable":true,"href":"https:\/\/www.ohis.be\/de\/wp-json\/wp\/v2\/media\/18804"}],"wp:attachment":[{"href":"https:\/\/www.ohis.be\/de\/wp-json\/wp\/v2\/media?parent=29496"}],"wp:term":[{"taxonomy":"product_brand","embeddable":true,"href":"https:\/\/www.ohis.be\/de\/wp-json\/wp\/v2\/product_brand?post=29496"},{"taxonomy":"product_cat","embeddable":true,"href":"https:\/\/www.ohis.be\/de\/wp-json\/wp\/v2\/product_cat?post=29496"},{"taxonomy":"product_tag","embeddable":true,"href":"https:\/\/www.ohis.be\/de\/wp-json\/wp\/v2\/product_tag?post=29496"}],"curies":[{"name":"wp","href":"https:\/\/api.w.org\/{rel}","templated":true}]}}