{"id":29485,"date":"2022-12-13T13:50:58","date_gmt":"2022-12-13T12:50:58","guid":{"rendered":"https:\/\/www.ohis.be\/produit\/yalelift-it-atex-stirnradflaschenzug-mit-integriertem-roll-und-haspelfahrwerk\/"},"modified":"2022-12-13T13:50:58","modified_gmt":"2022-12-13T12:50:58","slug":"yalelift-it-atex-stirnradflaschenzug-mit-integriertem-roll-und-haspelfahrwerk","status":"publish","type":"product","link":"https:\/\/www.ohis.be\/de\/produit\/yalelift-it-atex-stirnradflaschenzug-mit-integriertem-roll-und-haspelfahrwerk\/","title":{"rendered":"YaleLift IT ATEX Stirnradflaschenzug mit integriertem Roll- und Haspelfahrwerk"},"content":{"rendered":"<p>Tragf\u00e4higkeit 500 &#8211; 20.000 kg<br \/>\nDie Kombination des Yalelift 360 mit einem sehr niedrig bauenden Handfahrwerk sorgt f\u00fcr mehr Einsatzflexibilit\u00e4t.<\/p>\n<div id=\"features-benefits\" class=\"pdp-section\" data-accordion-item=\"\" data-section-name=\"Eigenschaften und Vorteile\" data-magellan-target=\"features-benefits\">\n<div id=\"qcagj3-accordion\" class=\"pdp-section__wrap\" role=\"tabpanel\" data-tab-content=\"\" aria-labelledby=\"features-benefits-label\" aria-hidden=\"true\">\n<section class=\"component rte-block\"><strong>Ausstattung und Verarbeitung<\/strong><br \/>\n\u2022 Alle Ger\u00e4te der Baureihe sind bis zu einer Tragf\u00e4higkeit\u00a0von 3.000 kg einstrangig ausgelegt, das Bauma\u00df wurde\u00a0nochmals verk\u00fcrzt. So k\u00f6nnen auch niedrige Raumh\u00f6hen\u00a0optimal genutzt werden.<br \/>\n\u2022 Das bew\u00e4hrte und nahezu stufenlose Verstellsystem\u00a0des Fahrwerks erm\u00f6glicht die einfache und schnelle\u00a0Montage durch Einstellmuttern.<br \/>\n\u2022 Die Fahrwerke bis 5 t werden f\u00fcr zwei Tr\u00e4gerbereiche\u00a0angeboten: A-Bereich bis 180 mm Tr\u00e4gerflanschbreite\u00a0(Standard, deckt ca. 80 % aller Tr\u00e4gerbreiten ab).\u00a0Eine Umr\u00fcstung auf den B-Bereich, bis 300 mm, ist\u00a0problemlos m\u00f6glich.<br \/>\n\u2022 Die Bronzelaufrollen (nur bei MEDIUM und HIGH)\u00a0sind f\u00fcr eine maximale Neigung des Tr\u00e4gerflansches\u00a0von 14 % ausgelegt (DIN 1025-1), optimale Laufeigenschaften\u00a0werden durch gekapselte und dauergeschmierte\u00a0Kugellager garantiert.<br \/>\n\u2022 Kippsicherung und Radbruchst\u00fctzen sind serienm\u00e4\u00dfig.<br \/>\n\u2022 Ex-Ausf\u00fchrung ist MKS-beschichtet.<br \/>\n\u2022 Fahrwerk mit Anfahrpuffern.<br \/>\n\u2022 Lasthaken ab MEDIUM Ausf\u00fchrung verkupfert.<br \/>\n\u2022 Lastkette aus Edelstahl bei HIGH Ausf\u00fchrung.<\/p>\n<\/section>\n<\/div>\n<\/div>\n<div id=\"options\" class=\"pdp-section\" data-accordion-item=\"\" data-section-name=\"Optionen\" data-magellan-target=\"options\">\n<div id=\"6j81e4-accordion\" class=\"pdp-section__wrap\" role=\"tabpanel\" data-tab-content=\"\" aria-labelledby=\"options-label\" aria-hidden=\"true\">\n<section class=\"component rte-block\"><strong>Optional<\/strong><br \/>\n\u2022 Einstellbare \u00dcberlastsicherung<br \/>\n\u2022 Kettenspeicher<br \/>\n\u2022 Feststellvorrichtung zum Fixieren des Handfahrwerks auf dem Tr\u00e4ger ohne Last (Parkposition z. B. in der Schifffahrt).<br \/>\n\u2022 zus\u00e4tzliche Beschichtung (s. Seite 48)<\/p>\n<\/section>\n<\/div>\n<\/div>\n","protected":false},"excerpt":{"rendered":"<p>Tragf\u00e4higkeit 500 &#8211; 20.000 kg<br \/>\nDie Kombination des Yalelift 360 mit einem sehr niedrig bauenden Handfahrwerk sorgt f\u00fcr mehr Einsatzflexibilit\u00e4t.<\/p>\n<div id=\"features-benefits\" class=\"pdp-section\" data-accordion-item=\"\" data-section-name=\"Eigenschaften und Vorteile\" data-magellan-target=\"features-benefits\">\n<div id=\"qcagj3-accordion\" class=\"pdp-section__wrap\" role=\"tabpanel\" data-tab-content=\"\" aria-labelledby=\"features-benefits-label\" aria-hidden=\"true\">\n<section class=\"component rte-block\"><strong>Ausstattung und Verarbeitung<\/strong><br \/>\n\u2022 Alle Ger\u00e4te der Baureihe sind bis zu einer Tragf\u00e4higkeit\u00a0von 3.000 kg einstrangig ausgelegt, das Bauma\u00df wurde\u00a0nochmals verk\u00fcrzt. So k\u00f6nnen auch niedrige Raumh\u00f6hen\u00a0optimal genutzt werden.<br \/>\n\u2022 Das bew\u00e4hrte und nahezu stufenlose Verstellsystem\u00a0des Fahrwerks erm\u00f6glicht die einfache und schnelle\u00a0Montage durch Einstellmuttern.<br \/>\n\u2022 Die Fahrwerke bis 5 t werden f\u00fcr zwei Tr\u00e4gerbereiche\u00a0angeboten: A-Bereich bis 180 mm Tr\u00e4gerflanschbreite\u00a0(Standard, deckt ca. 80 % aller Tr\u00e4gerbreiten ab).\u00a0Eine Umr\u00fcstung auf den B-Bereich, bis 300 mm, ist\u00a0problemlos m\u00f6glich.<br \/>\n\u2022 Die Bronzelaufrollen (nur bei MEDIUM und HIGH)\u00a0sind f\u00fcr eine maximale Neigung des Tr\u00e4gerflansches\u00a0von 14 % ausgelegt (DIN 1025-1), optimale Laufeigenschaften\u00a0werden durch gekapselte und dauergeschmierte\u00a0Kugellager garantiert.<br \/>\n\u2022 Kippsicherung und Radbruchst\u00fctzen sind serienm\u00e4\u00dfig.<br \/>\n\u2022 Ex-Ausf\u00fchrung ist MKS-beschichtet.<br \/>\n\u2022 Fahrwerk mit Anfahrpuffern.<br \/>\n\u2022 Lasthaken ab MEDIUM Ausf\u00fchrung verkupfert.<br \/>\n\u2022 Lastkette aus Edelstahl bei HIGH Ausf\u00fchrung.<\/p>\n<\/section>\n<\/div>\n<\/div>\n<div id=\"options\" class=\"pdp-section\" data-accordion-item=\"\" data-section-name=\"Optionen\" data-magellan-target=\"options\">\n<div id=\"6j81e4-accordion\" class=\"pdp-section__wrap\" role=\"tabpanel\" data-tab-content=\"\" aria-labelledby=\"options-label\" aria-hidden=\"true\">\n<section class=\"component rte-block\"><strong>Optional<\/strong><br \/>\n\u2022 Einstellbare \u00dcberlastsicherung<br \/>\n\u2022 Kettenspeicher<br \/>\n\u2022 Feststellvorrichtung zum Fixieren des Handfahrwerks auf dem Tr\u00e4ger ohne Last (Parkposition z. B. in der Schifffahrt).<br \/>\n\u2022 zus\u00e4tzliche Beschichtung (s. Seite 48)<\/p>\n<\/section>\n<\/div>\n<\/div>\n","protected":false},"featured_media":18772,"template":"","meta":{"_acf_changed":false,"inline_featured_image":false},"product_brand":[],"product_cat":[356],"product_tag":[1049,705],"class_list":{"0":"post-29485","1":"product","2":"type-product","3":"status-publish","4":"has-post-thumbnail","6":"product_cat-handhebezeug","7":"product_tag-atex-de","8":"product_tag-yale-de","9":"yith_product_brand-yale-de","11":"first","12":"onbackorder","13":"taxable","14":"shipping-taxable","15":"purchasable","16":"product-type-variable"},"acf":[],"yoast_head":"<!-- This site is optimized with the Yoast SEO plugin v27.4 - https:\/\/yoast.com\/product\/yoast-seo-wordpress\/ -->\n<title>YaleLift IT ATEX Stirnradflaschenzug mit integriertem Roll- und Haspelfahrwerk - Ohis<\/title>\n<meta name=\"robots\" content=\"index, follow, max-snippet:-1, max-image-preview:large, max-video-preview:-1\" \/>\n<link rel=\"canonical\" href=\"https:\/\/www.ohis.be\/de\/produit\/yalelift-it-atex-stirnradflaschenzug-mit-integriertem-roll-und-haspelfahrwerk\/\" \/>\n<meta property=\"og:locale\" content=\"de_DE\" \/>\n<meta property=\"og:type\" content=\"article\" \/>\n<meta property=\"og:title\" content=\"YaleLift IT ATEX Stirnradflaschenzug mit integriertem Roll- und Haspelfahrwerk - Ohis\" \/>\n<meta property=\"og:description\" content=\"Tragf\u00e4higkeit 500 - 20.000 kg Die Kombination des Yalelift 360 mit einem sehr niedrig bauenden Handfahrwerk sorgt f\u00fcr mehr Einsatzflexibilit\u00e4t.  Ausstattung und Verarbeitung \u2022 Alle Ger\u00e4te der Baureihe sind bis zu einer Tragf\u00e4higkeit\u00a0von 3.000 kg einstrangig ausgelegt, das Bauma\u00df wurde\u00a0nochmals verk\u00fcrzt. So k\u00f6nnen auch niedrige Raumh\u00f6hen\u00a0optimal genutzt werden. \u2022 Das bew\u00e4hrte und nahezu stufenlose Verstellsystem\u00a0des Fahrwerks erm\u00f6glicht die einfache und schnelle\u00a0Montage durch Einstellmuttern. \u2022 Die Fahrwerke bis 5 t werden f\u00fcr zwei Tr\u00e4gerbereiche\u00a0angeboten: A-Bereich bis 180 mm Tr\u00e4gerflanschbreite\u00a0(Standard, deckt ca. 80 % aller Tr\u00e4gerbreiten ab).\u00a0Eine Umr\u00fcstung auf den B-Bereich, bis 300 mm, ist\u00a0problemlos m\u00f6glich. \u2022 Die Bronzelaufrollen (nur bei MEDIUM und HIGH)\u00a0sind f\u00fcr eine maximale Neigung des Tr\u00e4gerflansches\u00a0von 14 % ausgelegt (DIN 1025-1), optimale Laufeigenschaften\u00a0werden durch gekapselte und dauergeschmierte\u00a0Kugellager garantiert. \u2022 Kippsicherung und Radbruchst\u00fctzen sind serienm\u00e4\u00dfig. \u2022 Ex-Ausf\u00fchrung ist MKS-beschichtet. \u2022 Fahrwerk mit Anfahrpuffern. \u2022 Lasthaken ab MEDIUM Ausf\u00fchrung verkupfert. \u2022 Lastkette aus Edelstahl bei HIGH Ausf\u00fchrung.     Optional \u2022 Einstellbare \u00dcberlastsicherung \u2022 Kettenspeicher \u2022 Feststellvorrichtung zum Fixieren des Handfahrwerks auf dem Tr\u00e4ger ohne Last (Parkposition z. B. in der Schifffahrt). \u2022 zus\u00e4tzliche Beschichtung (s. Seite 48)\" \/>\n<meta property=\"og:url\" content=\"https:\/\/www.ohis.be\/de\/produit\/yalelift-it-atex-stirnradflaschenzug-mit-integriertem-roll-und-haspelfahrwerk\/\" \/>\n<meta property=\"og:site_name\" content=\"Ohis\" \/>\n<meta property=\"og:image\" content=\"https:\/\/www.ohis.be\/wp-content\/uploads\/2022\/12\/yalelift-it-atex.jpg\" \/>\n\t<meta property=\"og:image:width\" content=\"495\" \/>\n\t<meta property=\"og:image:height\" content=\"809\" \/>\n\t<meta property=\"og:image:type\" content=\"image\/jpeg\" \/>\n<meta name=\"twitter:card\" content=\"summary_large_image\" \/>\n<meta name=\"twitter:label1\" content=\"Gesch\u00e4tzte Lesezeit\" \/>\n\t<meta name=\"twitter:data1\" content=\"1\u00a0Minute\" \/>\n<script type=\"application\/ld+json\" class=\"yoast-schema-graph\">{\"@context\":\"https:\\\/\\\/schema.org\",\"@graph\":[{\"@type\":\"WebPage\",\"@id\":\"https:\\\/\\\/www.ohis.be\\\/de\\\/produit\\\/yalelift-it-atex-stirnradflaschenzug-mit-integriertem-roll-und-haspelfahrwerk\\\/\",\"url\":\"https:\\\/\\\/www.ohis.be\\\/de\\\/produit\\\/yalelift-it-atex-stirnradflaschenzug-mit-integriertem-roll-und-haspelfahrwerk\\\/\",\"name\":\"YaleLift IT ATEX Stirnradflaschenzug mit integriertem Roll- und Haspelfahrwerk - Ohis\",\"isPartOf\":{\"@id\":\"https:\\\/\\\/www.ohis.be\\\/#website\"},\"primaryImageOfPage\":{\"@id\":\"https:\\\/\\\/www.ohis.be\\\/de\\\/produit\\\/yalelift-it-atex-stirnradflaschenzug-mit-integriertem-roll-und-haspelfahrwerk\\\/#primaryimage\"},\"image\":{\"@id\":\"https:\\\/\\\/www.ohis.be\\\/de\\\/produit\\\/yalelift-it-atex-stirnradflaschenzug-mit-integriertem-roll-und-haspelfahrwerk\\\/#primaryimage\"},\"thumbnailUrl\":\"https:\\\/\\\/www.ohis.be\\\/wp-content\\\/uploads\\\/2022\\\/12\\\/yalelift-it-atex.jpg\",\"datePublished\":\"2022-12-13T12:50:58+00:00\",\"breadcrumb\":{\"@id\":\"https:\\\/\\\/www.ohis.be\\\/de\\\/produit\\\/yalelift-it-atex-stirnradflaschenzug-mit-integriertem-roll-und-haspelfahrwerk\\\/#breadcrumb\"},\"inLanguage\":\"de\",\"potentialAction\":[{\"@type\":\"ReadAction\",\"target\":[\"https:\\\/\\\/www.ohis.be\\\/de\\\/produit\\\/yalelift-it-atex-stirnradflaschenzug-mit-integriertem-roll-und-haspelfahrwerk\\\/\"]}]},{\"@type\":\"ImageObject\",\"inLanguage\":\"de\",\"@id\":\"https:\\\/\\\/www.ohis.be\\\/de\\\/produit\\\/yalelift-it-atex-stirnradflaschenzug-mit-integriertem-roll-und-haspelfahrwerk\\\/#primaryimage\",\"url\":\"https:\\\/\\\/www.ohis.be\\\/wp-content\\\/uploads\\\/2022\\\/12\\\/yalelift-it-atex.jpg\",\"contentUrl\":\"https:\\\/\\\/www.ohis.be\\\/wp-content\\\/uploads\\\/2022\\\/12\\\/yalelift-it-atex.jpg\",\"width\":495,\"height\":809,\"caption\":\"yalelift it atex\"},{\"@type\":\"BreadcrumbList\",\"@id\":\"https:\\\/\\\/www.ohis.be\\\/de\\\/produit\\\/yalelift-it-atex-stirnradflaschenzug-mit-integriertem-roll-und-haspelfahrwerk\\\/#breadcrumb\",\"itemListElement\":[{\"@type\":\"ListItem\",\"position\":1,\"name\":\"Accueil\",\"item\":\"https:\\\/\\\/www.ohis.be\\\/de\\\/\"},{\"@type\":\"ListItem\",\"position\":2,\"name\":\"Produkte\",\"item\":\"https:\\\/\\\/www.ohis.be\\\/de\\\/produkte\\\/\"},{\"@type\":\"ListItem\",\"position\":3,\"name\":\"YaleLift IT ATEX Stirnradflaschenzug mit integriertem Roll- und Haspelfahrwerk\"}]},{\"@type\":\"WebSite\",\"@id\":\"https:\\\/\\\/www.ohis.be\\\/#website\",\"url\":\"https:\\\/\\\/www.ohis.be\\\/\",\"name\":\"Ohis\",\"description\":\"Outils de levage\",\"publisher\":{\"@id\":\"https:\\\/\\\/www.ohis.be\\\/#organization\"},\"potentialAction\":[{\"@type\":\"SearchAction\",\"target\":{\"@type\":\"EntryPoint\",\"urlTemplate\":\"https:\\\/\\\/www.ohis.be\\\/?s={search_term_string}\"},\"query-input\":{\"@type\":\"PropertyValueSpecification\",\"valueRequired\":true,\"valueName\":\"search_term_string\"}}],\"inLanguage\":\"de\"},{\"@type\":\"Organization\",\"@id\":\"https:\\\/\\\/www.ohis.be\\\/#organization\",\"name\":\"Ohis\",\"url\":\"https:\\\/\\\/www.ohis.be\\\/\",\"logo\":{\"@type\":\"ImageObject\",\"inLanguage\":\"de\",\"@id\":\"https:\\\/\\\/www.ohis.be\\\/#\\\/schema\\\/logo\\\/image\\\/\",\"url\":\"https:\\\/\\\/www.ohis.be\\\/wp-content\\\/uploads\\\/2021\\\/02\\\/logo-ohis-wit.svg\",\"contentUrl\":\"https:\\\/\\\/www.ohis.be\\\/wp-content\\\/uploads\\\/2021\\\/02\\\/logo-ohis-wit.svg\",\"caption\":\"Ohis\"},\"image\":{\"@id\":\"https:\\\/\\\/www.ohis.be\\\/#\\\/schema\\\/logo\\\/image\\\/\"}}]}<\/script>\n<!-- \/ Yoast SEO plugin. -->","yoast_head_json":{"title":"YaleLift IT ATEX Stirnradflaschenzug mit integriertem Roll- und Haspelfahrwerk - Ohis","robots":{"index":"index","follow":"follow","max-snippet":"max-snippet:-1","max-image-preview":"max-image-preview:large","max-video-preview":"max-video-preview:-1"},"canonical":"https:\/\/www.ohis.be\/de\/produit\/yalelift-it-atex-stirnradflaschenzug-mit-integriertem-roll-und-haspelfahrwerk\/","og_locale":"de_DE","og_type":"article","og_title":"YaleLift IT ATEX Stirnradflaschenzug mit integriertem Roll- und Haspelfahrwerk - Ohis","og_description":"Tragf\u00e4higkeit 500 - 20.000 kg Die Kombination des Yalelift 360 mit einem sehr niedrig bauenden Handfahrwerk sorgt f\u00fcr mehr Einsatzflexibilit\u00e4t.  Ausstattung und Verarbeitung \u2022 Alle Ger\u00e4te der Baureihe sind bis zu einer Tragf\u00e4higkeit\u00a0von 3.000 kg einstrangig ausgelegt, das Bauma\u00df wurde\u00a0nochmals verk\u00fcrzt. So k\u00f6nnen auch niedrige Raumh\u00f6hen\u00a0optimal genutzt werden. \u2022 Das bew\u00e4hrte und nahezu stufenlose Verstellsystem\u00a0des Fahrwerks erm\u00f6glicht die einfache und schnelle\u00a0Montage durch Einstellmuttern. \u2022 Die Fahrwerke bis 5 t werden f\u00fcr zwei Tr\u00e4gerbereiche\u00a0angeboten: A-Bereich bis 180 mm Tr\u00e4gerflanschbreite\u00a0(Standard, deckt ca. 80 % aller Tr\u00e4gerbreiten ab).\u00a0Eine Umr\u00fcstung auf den B-Bereich, bis 300 mm, ist\u00a0problemlos m\u00f6glich. \u2022 Die Bronzelaufrollen (nur bei MEDIUM und HIGH)\u00a0sind f\u00fcr eine maximale Neigung des Tr\u00e4gerflansches\u00a0von 14 % ausgelegt (DIN 1025-1), optimale Laufeigenschaften\u00a0werden durch gekapselte und dauergeschmierte\u00a0Kugellager garantiert. \u2022 Kippsicherung und Radbruchst\u00fctzen sind serienm\u00e4\u00dfig. \u2022 Ex-Ausf\u00fchrung ist MKS-beschichtet. \u2022 Fahrwerk mit Anfahrpuffern. \u2022 Lasthaken ab MEDIUM Ausf\u00fchrung verkupfert. \u2022 Lastkette aus Edelstahl bei HIGH Ausf\u00fchrung.     Optional \u2022 Einstellbare \u00dcberlastsicherung \u2022 Kettenspeicher \u2022 Feststellvorrichtung zum Fixieren des Handfahrwerks auf dem Tr\u00e4ger ohne Last (Parkposition z. B. in der Schifffahrt). \u2022 zus\u00e4tzliche Beschichtung (s. Seite 48)","og_url":"https:\/\/www.ohis.be\/de\/produit\/yalelift-it-atex-stirnradflaschenzug-mit-integriertem-roll-und-haspelfahrwerk\/","og_site_name":"Ohis","og_image":[{"width":495,"height":809,"url":"https:\/\/www.ohis.be\/wp-content\/uploads\/2022\/12\/yalelift-it-atex.jpg","type":"image\/jpeg"}],"twitter_card":"summary_large_image","twitter_misc":{"Gesch\u00e4tzte Lesezeit":"1\u00a0Minute"},"schema":{"@context":"https:\/\/schema.org","@graph":[{"@type":"WebPage","@id":"https:\/\/www.ohis.be\/de\/produit\/yalelift-it-atex-stirnradflaschenzug-mit-integriertem-roll-und-haspelfahrwerk\/","url":"https:\/\/www.ohis.be\/de\/produit\/yalelift-it-atex-stirnradflaschenzug-mit-integriertem-roll-und-haspelfahrwerk\/","name":"YaleLift IT ATEX Stirnradflaschenzug mit integriertem Roll- und Haspelfahrwerk - Ohis","isPartOf":{"@id":"https:\/\/www.ohis.be\/#website"},"primaryImageOfPage":{"@id":"https:\/\/www.ohis.be\/de\/produit\/yalelift-it-atex-stirnradflaschenzug-mit-integriertem-roll-und-haspelfahrwerk\/#primaryimage"},"image":{"@id":"https:\/\/www.ohis.be\/de\/produit\/yalelift-it-atex-stirnradflaschenzug-mit-integriertem-roll-und-haspelfahrwerk\/#primaryimage"},"thumbnailUrl":"https:\/\/www.ohis.be\/wp-content\/uploads\/2022\/12\/yalelift-it-atex.jpg","datePublished":"2022-12-13T12:50:58+00:00","breadcrumb":{"@id":"https:\/\/www.ohis.be\/de\/produit\/yalelift-it-atex-stirnradflaschenzug-mit-integriertem-roll-und-haspelfahrwerk\/#breadcrumb"},"inLanguage":"de","potentialAction":[{"@type":"ReadAction","target":["https:\/\/www.ohis.be\/de\/produit\/yalelift-it-atex-stirnradflaschenzug-mit-integriertem-roll-und-haspelfahrwerk\/"]}]},{"@type":"ImageObject","inLanguage":"de","@id":"https:\/\/www.ohis.be\/de\/produit\/yalelift-it-atex-stirnradflaschenzug-mit-integriertem-roll-und-haspelfahrwerk\/#primaryimage","url":"https:\/\/www.ohis.be\/wp-content\/uploads\/2022\/12\/yalelift-it-atex.jpg","contentUrl":"https:\/\/www.ohis.be\/wp-content\/uploads\/2022\/12\/yalelift-it-atex.jpg","width":495,"height":809,"caption":"yalelift it atex"},{"@type":"BreadcrumbList","@id":"https:\/\/www.ohis.be\/de\/produit\/yalelift-it-atex-stirnradflaschenzug-mit-integriertem-roll-und-haspelfahrwerk\/#breadcrumb","itemListElement":[{"@type":"ListItem","position":1,"name":"Accueil","item":"https:\/\/www.ohis.be\/de\/"},{"@type":"ListItem","position":2,"name":"Produkte","item":"https:\/\/www.ohis.be\/de\/produkte\/"},{"@type":"ListItem","position":3,"name":"YaleLift IT ATEX Stirnradflaschenzug mit integriertem Roll- und Haspelfahrwerk"}]},{"@type":"WebSite","@id":"https:\/\/www.ohis.be\/#website","url":"https:\/\/www.ohis.be\/","name":"Ohis","description":"Outils de levage","publisher":{"@id":"https:\/\/www.ohis.be\/#organization"},"potentialAction":[{"@type":"SearchAction","target":{"@type":"EntryPoint","urlTemplate":"https:\/\/www.ohis.be\/?s={search_term_string}"},"query-input":{"@type":"PropertyValueSpecification","valueRequired":true,"valueName":"search_term_string"}}],"inLanguage":"de"},{"@type":"Organization","@id":"https:\/\/www.ohis.be\/#organization","name":"Ohis","url":"https:\/\/www.ohis.be\/","logo":{"@type":"ImageObject","inLanguage":"de","@id":"https:\/\/www.ohis.be\/#\/schema\/logo\/image\/","url":"https:\/\/www.ohis.be\/wp-content\/uploads\/2021\/02\/logo-ohis-wit.svg","contentUrl":"https:\/\/www.ohis.be\/wp-content\/uploads\/2021\/02\/logo-ohis-wit.svg","caption":"Ohis"},"image":{"@id":"https:\/\/www.ohis.be\/#\/schema\/logo\/image\/"}}]}},"_links":{"self":[{"href":"https:\/\/www.ohis.be\/de\/wp-json\/wp\/v2\/product\/29485","targetHints":{"allow":["GET"]}}],"collection":[{"href":"https:\/\/www.ohis.be\/de\/wp-json\/wp\/v2\/product"}],"about":[{"href":"https:\/\/www.ohis.be\/de\/wp-json\/wp\/v2\/types\/product"}],"wp:featuredmedia":[{"embeddable":true,"href":"https:\/\/www.ohis.be\/de\/wp-json\/wp\/v2\/media\/18772"}],"wp:attachment":[{"href":"https:\/\/www.ohis.be\/de\/wp-json\/wp\/v2\/media?parent=29485"}],"wp:term":[{"taxonomy":"product_brand","embeddable":true,"href":"https:\/\/www.ohis.be\/de\/wp-json\/wp\/v2\/product_brand?post=29485"},{"taxonomy":"product_cat","embeddable":true,"href":"https:\/\/www.ohis.be\/de\/wp-json\/wp\/v2\/product_cat?post=29485"},{"taxonomy":"product_tag","embeddable":true,"href":"https:\/\/www.ohis.be\/de\/wp-json\/wp\/v2\/product_tag?post=29485"}],"curies":[{"name":"wp","href":"https:\/\/api.w.org\/{rel}","templated":true}]}}