{"id":29465,"date":"2022-12-13T11:52:52","date_gmt":"2022-12-13T10:52:52","guid":{"rendered":"https:\/\/www.ohis.be\/produit\/yalemini-360-handkettenzug\/"},"modified":"2022-12-13T11:52:52","modified_gmt":"2022-12-13T10:52:52","slug":"yalemini-360-handkettenzug","status":"publish","type":"product","link":"https:\/\/www.ohis.be\/de\/produit\/yalemini-360-handkettenzug\/","title":{"rendered":"YaleMINI 360 Handkettenzug"},"content":{"rendered":"<p>Tragf\u00e4higkeit 250 &#8211; 500 kg<br \/>\nDas kleinste Ger\u00e4t aus der Familie der Yale Stirnradflaschenz\u00fcge verf\u00fcgt \u00fcber ein kompaktes Design sowie einen um 360\u00b0 drehbaren Handkettenraddeckel. Dieser gew\u00e4hrleistet eine hohe Sicherheit, da ein Arbeiten au\u00dferhalb des Gefahrenbereiches m\u00f6glich ist.<br \/>\nDas Geh\u00e4use des neuen YaleMINI 360 besteht aus Aluminiumdruckguss, was ihn zu einem sehr leichten Ger\u00e4t macht. Durch das geringe Gewicht ergeben sich unz\u00e4hlige Einsatzm\u00f6glichkeiten, wie z.B. in der Industrie bei Montagearbeiten, Autowerkst\u00e4tten, Handwerk etc.<\/p>\n<p><strong>Ausstattung und Verarbeitung<\/strong><br \/>\n\u2022 Mit der 360\u00b0 drehbaren Handkettenf\u00fchrung kann ein sehr gro\u00dfer Arbeitsbereich abgedeckt werden, dadurch muss sich der Bediener nicht unmittelbar im Gefahrenbereich aufhalten.<br \/>\n\u2022 Kompaktes Design, leicht, einfach zu transportieren.<br \/>\n\u2022 Geh\u00e4use Aluminiumdruckguss.<br \/>\n\u2022 Durch das kompakte Geh\u00e4use sind alle innenliegenden Teile gesch\u00fctzt und somit ist auch ein Einsatz im Freien oder in einer rauhen Umgebung m\u00f6glich.<br \/>\n\u2022 Die Lastdruckbremse entspricht den technische Vorgaben und somit wird die Last in jeder beliebigen Postion gehalten.<br \/>\n\u2022 Zur serienm\u00e4\u00dfigen Ausstattung geh\u00f6ren geschmiedete Trag- und Lasthaken aus alterungsbest\u00e4ndigem hochlegiertem Verg\u00fctungsstahl, die sich bei \u00dcberlastung \u00f6ffnen, ohne zu brechen. Die mit robusten Sicherheitsb\u00fcgeln versehenen Haken sind um 360\u00b0 drehbar.<br \/>\n\u2022 Die verzinkte Rundstahlkette entspricht allen g\u00fcltigen nationalen und internationalen Vorschriften. Diese sind optimal auf das Lastkettenrad abgestimmt und gew\u00e4hrleisten einen sicheren und langlebigen Betrieb des Ger\u00e4tes.<\/p>\n","protected":false},"excerpt":{"rendered":"<p><strong>Ausstattung und Verarbeitung<\/strong><br \/>\n\u2022 Mit der 360\u00b0 drehbaren Handkettenf\u00fchrung kann ein sehr gro\u00dfer Arbeitsbereich abgedeckt werden, dadurch muss sich der Bediener nicht unmittelbar im Gefahrenbereich aufhalten.<br \/>\n\u2022 Kompaktes Design, leicht, einfach zu transportieren.<br \/>\n\u2022 Geh\u00e4use Aluminiumdruckguss.<br \/>\n\u2022 Durch das kompakte Geh\u00e4use sind alle innenliegenden Teile gesch\u00fctzt und somit ist auch ein Einsatz im Freien oder in einer rauhen Umgebung m\u00f6glich.<br \/>\n\u2022 Die Lastdruckbremse entspricht den technische Vorgaben und somit wird die Last in jeder beliebigen Postion gehalten.<br \/>\n\u2022 Zur serienm\u00e4\u00dfigen Ausstattung geh\u00f6ren geschmiedete Trag- und Lasthaken aus alterungsbest\u00e4ndigem hochlegiertem Verg\u00fctungsstahl, die sich bei \u00dcberlastung \u00f6ffnen, ohne zu brechen. Die mit robusten Sicherheitsb\u00fcgeln versehenen Haken sind um 360\u00b0 drehbar.<br \/>\n\u2022 Die verzinkte Rundstahlkette entspricht allen g\u00fcltigen nationalen und internationalen Vorschriften. Diese sind optimal auf das Lastkettenrad abgestimmt und gew\u00e4hrleisten einen sicheren und langlebigen Betrieb des Ger\u00e4tes.<\/p>\n","protected":false},"featured_media":18724,"template":"","meta":{"_acf_changed":false,"inline_featured_image":false},"product_brand":[],"product_cat":[356,1608],"product_tag":[705],"class_list":{"0":"post-29465","1":"product","2":"type-product","3":"status-publish","4":"has-post-thumbnail","6":"product_cat-handhebezeug","7":"product_cat-werkzeuge-fuer-die-werkstatt","8":"product_tag-yale-de","10":"first","11":"onbackorder","12":"taxable","13":"shipping-taxable","14":"purchasable","15":"product-type-variable"},"acf":[],"yoast_head":"<!-- This site is optimized with the Yoast SEO plugin v27.4 - https:\/\/yoast.com\/product\/yoast-seo-wordpress\/ -->\n<title>YaleMINI 360 Handkettenzug - Ohis<\/title>\n<meta name=\"robots\" content=\"index, follow, max-snippet:-1, max-image-preview:large, max-video-preview:-1\" \/>\n<link rel=\"canonical\" href=\"https:\/\/www.ohis.be\/de\/produit\/yalemini-360-handkettenzug\/\" \/>\n<meta property=\"og:locale\" content=\"de_DE\" \/>\n<meta property=\"og:type\" content=\"article\" \/>\n<meta property=\"og:title\" content=\"YaleMINI 360 Handkettenzug - Ohis\" \/>\n<meta property=\"og:description\" content=\"Ausstattung und Verarbeitung \u2022 Mit der 360\u00b0 drehbaren Handkettenf\u00fchrung kann ein sehr gro\u00dfer Arbeitsbereich abgedeckt werden, dadurch muss sich der Bediener nicht unmittelbar im Gefahrenbereich aufhalten. \u2022 Kompaktes Design, leicht, einfach zu transportieren. \u2022 Geh\u00e4use Aluminiumdruckguss. \u2022 Durch das kompakte Geh\u00e4use sind alle innenliegenden Teile gesch\u00fctzt und somit ist auch ein Einsatz im Freien oder in einer rauhen Umgebung m\u00f6glich. \u2022 Die Lastdruckbremse entspricht den technische Vorgaben und somit wird die Last in jeder beliebigen Postion gehalten. \u2022 Zur serienm\u00e4\u00dfigen Ausstattung geh\u00f6ren geschmiedete Trag- und Lasthaken aus alterungsbest\u00e4ndigem hochlegiertem Verg\u00fctungsstahl, die sich bei \u00dcberlastung \u00f6ffnen, ohne zu brechen. Die mit robusten Sicherheitsb\u00fcgeln versehenen Haken sind um 360\u00b0 drehbar. \u2022 Die verzinkte Rundstahlkette entspricht allen g\u00fcltigen nationalen und internationalen Vorschriften. Diese sind optimal auf das Lastkettenrad abgestimmt und gew\u00e4hrleisten einen sicheren und langlebigen Betrieb des Ger\u00e4tes.\" \/>\n<meta property=\"og:url\" content=\"https:\/\/www.ohis.be\/de\/produit\/yalemini-360-handkettenzug\/\" \/>\n<meta property=\"og:site_name\" content=\"Ohis\" \/>\n<meta property=\"og:image\" content=\"https:\/\/www.ohis.be\/wp-content\/uploads\/2022\/12\/YaleMini360_250kg_size_comparison_Hand_MG_9894.jpg\" \/>\n\t<meta property=\"og:image:width\" content=\"794\" \/>\n\t<meta property=\"og:image:height\" content=\"1079\" \/>\n\t<meta property=\"og:image:type\" content=\"image\/jpeg\" \/>\n<meta name=\"twitter:card\" content=\"summary_large_image\" \/>\n<meta name=\"twitter:label1\" content=\"Gesch\u00e4tzte Lesezeit\" \/>\n\t<meta name=\"twitter:data1\" content=\"1\u00a0Minute\" \/>\n<script type=\"application\/ld+json\" class=\"yoast-schema-graph\">{\"@context\":\"https:\\\/\\\/schema.org\",\"@graph\":[{\"@type\":\"WebPage\",\"@id\":\"https:\\\/\\\/www.ohis.be\\\/de\\\/produit\\\/yalemini-360-handkettenzug\\\/\",\"url\":\"https:\\\/\\\/www.ohis.be\\\/de\\\/produit\\\/yalemini-360-handkettenzug\\\/\",\"name\":\"YaleMINI 360 Handkettenzug - Ohis\",\"isPartOf\":{\"@id\":\"https:\\\/\\\/www.ohis.be\\\/#website\"},\"primaryImageOfPage\":{\"@id\":\"https:\\\/\\\/www.ohis.be\\\/de\\\/produit\\\/yalemini-360-handkettenzug\\\/#primaryimage\"},\"image\":{\"@id\":\"https:\\\/\\\/www.ohis.be\\\/de\\\/produit\\\/yalemini-360-handkettenzug\\\/#primaryimage\"},\"thumbnailUrl\":\"https:\\\/\\\/www.ohis.be\\\/wp-content\\\/uploads\\\/2022\\\/12\\\/YaleMini360_250kg_size_comparison_Hand_MG_9894.jpg\",\"datePublished\":\"2022-12-13T10:52:52+00:00\",\"breadcrumb\":{\"@id\":\"https:\\\/\\\/www.ohis.be\\\/de\\\/produit\\\/yalemini-360-handkettenzug\\\/#breadcrumb\"},\"inLanguage\":\"de\",\"potentialAction\":[{\"@type\":\"ReadAction\",\"target\":[\"https:\\\/\\\/www.ohis.be\\\/de\\\/produit\\\/yalemini-360-handkettenzug\\\/\"]}]},{\"@type\":\"ImageObject\",\"inLanguage\":\"de\",\"@id\":\"https:\\\/\\\/www.ohis.be\\\/de\\\/produit\\\/yalemini-360-handkettenzug\\\/#primaryimage\",\"url\":\"https:\\\/\\\/www.ohis.be\\\/wp-content\\\/uploads\\\/2022\\\/12\\\/YaleMini360_250kg_size_comparison_Hand_MG_9894.jpg\",\"contentUrl\":\"https:\\\/\\\/www.ohis.be\\\/wp-content\\\/uploads\\\/2022\\\/12\\\/YaleMini360_250kg_size_comparison_Hand_MG_9894.jpg\",\"width\":794,\"height\":1079,\"caption\":\"YaleMini360_250kg\"},{\"@type\":\"BreadcrumbList\",\"@id\":\"https:\\\/\\\/www.ohis.be\\\/de\\\/produit\\\/yalemini-360-handkettenzug\\\/#breadcrumb\",\"itemListElement\":[{\"@type\":\"ListItem\",\"position\":1,\"name\":\"Accueil\",\"item\":\"https:\\\/\\\/www.ohis.be\\\/de\\\/\"},{\"@type\":\"ListItem\",\"position\":2,\"name\":\"Produkte\",\"item\":\"https:\\\/\\\/www.ohis.be\\\/de\\\/produkte\\\/\"},{\"@type\":\"ListItem\",\"position\":3,\"name\":\"YaleMINI 360 Handkettenzug\"}]},{\"@type\":\"WebSite\",\"@id\":\"https:\\\/\\\/www.ohis.be\\\/#website\",\"url\":\"https:\\\/\\\/www.ohis.be\\\/\",\"name\":\"Ohis\",\"description\":\"Outils de levage\",\"publisher\":{\"@id\":\"https:\\\/\\\/www.ohis.be\\\/#organization\"},\"potentialAction\":[{\"@type\":\"SearchAction\",\"target\":{\"@type\":\"EntryPoint\",\"urlTemplate\":\"https:\\\/\\\/www.ohis.be\\\/?s={search_term_string}\"},\"query-input\":{\"@type\":\"PropertyValueSpecification\",\"valueRequired\":true,\"valueName\":\"search_term_string\"}}],\"inLanguage\":\"de\"},{\"@type\":\"Organization\",\"@id\":\"https:\\\/\\\/www.ohis.be\\\/#organization\",\"name\":\"Ohis\",\"url\":\"https:\\\/\\\/www.ohis.be\\\/\",\"logo\":{\"@type\":\"ImageObject\",\"inLanguage\":\"de\",\"@id\":\"https:\\\/\\\/www.ohis.be\\\/#\\\/schema\\\/logo\\\/image\\\/\",\"url\":\"https:\\\/\\\/www.ohis.be\\\/wp-content\\\/uploads\\\/2021\\\/02\\\/logo-ohis-wit.svg\",\"contentUrl\":\"https:\\\/\\\/www.ohis.be\\\/wp-content\\\/uploads\\\/2021\\\/02\\\/logo-ohis-wit.svg\",\"caption\":\"Ohis\"},\"image\":{\"@id\":\"https:\\\/\\\/www.ohis.be\\\/#\\\/schema\\\/logo\\\/image\\\/\"}}]}<\/script>\n<!-- \/ Yoast SEO plugin. -->","yoast_head_json":{"title":"YaleMINI 360 Handkettenzug - Ohis","robots":{"index":"index","follow":"follow","max-snippet":"max-snippet:-1","max-image-preview":"max-image-preview:large","max-video-preview":"max-video-preview:-1"},"canonical":"https:\/\/www.ohis.be\/de\/produit\/yalemini-360-handkettenzug\/","og_locale":"de_DE","og_type":"article","og_title":"YaleMINI 360 Handkettenzug - Ohis","og_description":"Ausstattung und Verarbeitung \u2022 Mit der 360\u00b0 drehbaren Handkettenf\u00fchrung kann ein sehr gro\u00dfer Arbeitsbereich abgedeckt werden, dadurch muss sich der Bediener nicht unmittelbar im Gefahrenbereich aufhalten. \u2022 Kompaktes Design, leicht, einfach zu transportieren. \u2022 Geh\u00e4use Aluminiumdruckguss. \u2022 Durch das kompakte Geh\u00e4use sind alle innenliegenden Teile gesch\u00fctzt und somit ist auch ein Einsatz im Freien oder in einer rauhen Umgebung m\u00f6glich. \u2022 Die Lastdruckbremse entspricht den technische Vorgaben und somit wird die Last in jeder beliebigen Postion gehalten. \u2022 Zur serienm\u00e4\u00dfigen Ausstattung geh\u00f6ren geschmiedete Trag- und Lasthaken aus alterungsbest\u00e4ndigem hochlegiertem Verg\u00fctungsstahl, die sich bei \u00dcberlastung \u00f6ffnen, ohne zu brechen. Die mit robusten Sicherheitsb\u00fcgeln versehenen Haken sind um 360\u00b0 drehbar. \u2022 Die verzinkte Rundstahlkette entspricht allen g\u00fcltigen nationalen und internationalen Vorschriften. Diese sind optimal auf das Lastkettenrad abgestimmt und gew\u00e4hrleisten einen sicheren und langlebigen Betrieb des Ger\u00e4tes.","og_url":"https:\/\/www.ohis.be\/de\/produit\/yalemini-360-handkettenzug\/","og_site_name":"Ohis","og_image":[{"width":794,"height":1079,"url":"https:\/\/www.ohis.be\/wp-content\/uploads\/2022\/12\/YaleMini360_250kg_size_comparison_Hand_MG_9894.jpg","type":"image\/jpeg"}],"twitter_card":"summary_large_image","twitter_misc":{"Gesch\u00e4tzte Lesezeit":"1\u00a0Minute"},"schema":{"@context":"https:\/\/schema.org","@graph":[{"@type":"WebPage","@id":"https:\/\/www.ohis.be\/de\/produit\/yalemini-360-handkettenzug\/","url":"https:\/\/www.ohis.be\/de\/produit\/yalemini-360-handkettenzug\/","name":"YaleMINI 360 Handkettenzug - Ohis","isPartOf":{"@id":"https:\/\/www.ohis.be\/#website"},"primaryImageOfPage":{"@id":"https:\/\/www.ohis.be\/de\/produit\/yalemini-360-handkettenzug\/#primaryimage"},"image":{"@id":"https:\/\/www.ohis.be\/de\/produit\/yalemini-360-handkettenzug\/#primaryimage"},"thumbnailUrl":"https:\/\/www.ohis.be\/wp-content\/uploads\/2022\/12\/YaleMini360_250kg_size_comparison_Hand_MG_9894.jpg","datePublished":"2022-12-13T10:52:52+00:00","breadcrumb":{"@id":"https:\/\/www.ohis.be\/de\/produit\/yalemini-360-handkettenzug\/#breadcrumb"},"inLanguage":"de","potentialAction":[{"@type":"ReadAction","target":["https:\/\/www.ohis.be\/de\/produit\/yalemini-360-handkettenzug\/"]}]},{"@type":"ImageObject","inLanguage":"de","@id":"https:\/\/www.ohis.be\/de\/produit\/yalemini-360-handkettenzug\/#primaryimage","url":"https:\/\/www.ohis.be\/wp-content\/uploads\/2022\/12\/YaleMini360_250kg_size_comparison_Hand_MG_9894.jpg","contentUrl":"https:\/\/www.ohis.be\/wp-content\/uploads\/2022\/12\/YaleMini360_250kg_size_comparison_Hand_MG_9894.jpg","width":794,"height":1079,"caption":"YaleMini360_250kg"},{"@type":"BreadcrumbList","@id":"https:\/\/www.ohis.be\/de\/produit\/yalemini-360-handkettenzug\/#breadcrumb","itemListElement":[{"@type":"ListItem","position":1,"name":"Accueil","item":"https:\/\/www.ohis.be\/de\/"},{"@type":"ListItem","position":2,"name":"Produkte","item":"https:\/\/www.ohis.be\/de\/produkte\/"},{"@type":"ListItem","position":3,"name":"YaleMINI 360 Handkettenzug"}]},{"@type":"WebSite","@id":"https:\/\/www.ohis.be\/#website","url":"https:\/\/www.ohis.be\/","name":"Ohis","description":"Outils de levage","publisher":{"@id":"https:\/\/www.ohis.be\/#organization"},"potentialAction":[{"@type":"SearchAction","target":{"@type":"EntryPoint","urlTemplate":"https:\/\/www.ohis.be\/?s={search_term_string}"},"query-input":{"@type":"PropertyValueSpecification","valueRequired":true,"valueName":"search_term_string"}}],"inLanguage":"de"},{"@type":"Organization","@id":"https:\/\/www.ohis.be\/#organization","name":"Ohis","url":"https:\/\/www.ohis.be\/","logo":{"@type":"ImageObject","inLanguage":"de","@id":"https:\/\/www.ohis.be\/#\/schema\/logo\/image\/","url":"https:\/\/www.ohis.be\/wp-content\/uploads\/2021\/02\/logo-ohis-wit.svg","contentUrl":"https:\/\/www.ohis.be\/wp-content\/uploads\/2021\/02\/logo-ohis-wit.svg","caption":"Ohis"},"image":{"@id":"https:\/\/www.ohis.be\/#\/schema\/logo\/image\/"}}]}},"_links":{"self":[{"href":"https:\/\/www.ohis.be\/de\/wp-json\/wp\/v2\/product\/29465","targetHints":{"allow":["GET"]}}],"collection":[{"href":"https:\/\/www.ohis.be\/de\/wp-json\/wp\/v2\/product"}],"about":[{"href":"https:\/\/www.ohis.be\/de\/wp-json\/wp\/v2\/types\/product"}],"wp:featuredmedia":[{"embeddable":true,"href":"https:\/\/www.ohis.be\/de\/wp-json\/wp\/v2\/media\/18724"}],"wp:attachment":[{"href":"https:\/\/www.ohis.be\/de\/wp-json\/wp\/v2\/media?parent=29465"}],"wp:term":[{"taxonomy":"product_brand","embeddable":true,"href":"https:\/\/www.ohis.be\/de\/wp-json\/wp\/v2\/product_brand?post=29465"},{"taxonomy":"product_cat","embeddable":true,"href":"https:\/\/www.ohis.be\/de\/wp-json\/wp\/v2\/product_cat?post=29465"},{"taxonomy":"product_tag","embeddable":true,"href":"https:\/\/www.ohis.be\/de\/wp-json\/wp\/v2\/product_tag?post=29465"}],"curies":[{"name":"wp","href":"https:\/\/api.w.org\/{rel}","templated":true}]}}