{"id":29410,"date":"2022-12-13T09:07:41","date_gmt":"2022-12-13T08:07:41","guid":{"rendered":"https:\/\/www.ohis.be\/produit\/yale-stira-s-stirnradflaschenzug\/"},"modified":"2022-12-13T09:07:41","modified_gmt":"2022-12-13T08:07:41","slug":"yale-stira-s-stirnradflaschenzug","status":"publish","type":"product","link":"https:\/\/www.ohis.be\/de\/produit\/yale-stira-s-stirnradflaschenzug\/","title":{"rendered":"Yale Stira S Stirnradflaschenzug"},"content":{"rendered":"<p>Tragf\u00e4higkeit 500 &#8211; 5.000 kg<br \/>\nDer Handkettenlauf ist ebenso leichtg\u00e4ngig wie bei den Modellen Yalelift 360 und VSIII, jedoch handelt es sich bei der Baureihe Silverline Stira S um eine preisg\u00fcnstige Alternative zu den hochwertigen Ger\u00e4ten.<\/p>\n<p><strong>Ausstattung und Verarbeitung<\/strong><br \/>\n\u2022 Durchgehende Stehbolzen zwischen den Seitenplatten und Deckelbefestigung sorgen f\u00fcr Stabilit\u00e4t.<br \/>\n\u2022 Kettenf\u00fchrungsrollen erm\u00f6glichen einen einwandfreien Ablauf der Lastkette.<br \/>\n\u2022 Die Bauweise verhindert ein Blockieren und Abspringen der Handkette.<br \/>\n\u2022 Lager in den Seitenplatten garantieren Langlebigkeit und Wartungsfreundlichkeit.<br \/>\n\u2022 Die serienm\u00e4\u00dfig verzinkte Lastkette bietet zus\u00e4tzlichen Korrosionsschutz.<br \/>\n\u2022 Geschmiedete Trag- und Lasthaken aus alterungsbest\u00e4ndigem hochlegiertem Verg\u00fctungsstahl \u00f6ffnen sich bei \u00dcberlastung ohne zu brechen.<\/p>\n","protected":false},"excerpt":{"rendered":"<p><strong>Ausstattung und Verarbeitung<\/strong><br \/>\n\u2022 Durchgehende Stehbolzen zwischen den Seitenplatten und Deckelbefestigung sorgen f\u00fcr Stabilit\u00e4t.<br \/>\n\u2022 Kettenf\u00fchrungsrollen erm\u00f6glichen einen einwandfreien Ablauf der Lastkette.<br \/>\n\u2022 Die Bauweise verhindert ein Blockieren und Abspringen der Handkette.<br \/>\n\u2022 Lager in den Seitenplatten garantieren Langlebigkeit und Wartungsfreundlichkeit.<br \/>\n\u2022 Die serienm\u00e4\u00dfig verzinkte Lastkette bietet zus\u00e4tzlichen Korrosionsschutz.<br \/>\n\u2022 Geschmiedete Trag- und Lasthaken aus alterungsbest\u00e4ndigem hochlegiertem Verg\u00fctungsstahl \u00f6ffnen sich bei \u00dcberlastung ohne zu brechen.<\/p>\n","protected":false},"featured_media":24026,"template":"","meta":{"_acf_changed":false,"inline_featured_image":false},"product_brand":[],"product_cat":[356],"product_tag":[705],"class_list":{"0":"post-29410","1":"product","2":"type-product","3":"status-publish","4":"has-post-thumbnail","6":"product_cat-handhebezeug","7":"product_tag-yale-de","8":"yith_product_brand-yale-de","10":"first","11":"onbackorder","12":"taxable","13":"shipping-taxable","14":"purchasable","15":"product-type-variable"},"acf":[],"yoast_head":"<!-- This site is optimized with the Yoast SEO plugin v27.4 - https:\/\/yoast.com\/product\/yoast-seo-wordpress\/ -->\n<title>Yale Stira S Stirnradflaschenzug - Ohis<\/title>\n<meta name=\"robots\" content=\"index, follow, max-snippet:-1, max-image-preview:large, max-video-preview:-1\" \/>\n<link rel=\"canonical\" href=\"https:\/\/www.ohis.be\/de\/produit\/yale-stira-s-stirnradflaschenzug\/\" \/>\n<meta property=\"og:locale\" content=\"de_DE\" \/>\n<meta property=\"og:type\" content=\"article\" \/>\n<meta property=\"og:title\" content=\"Yale Stira S Stirnradflaschenzug - Ohis\" \/>\n<meta property=\"og:description\" content=\"Ausstattung und Verarbeitung \u2022 Durchgehende Stehbolzen zwischen den Seitenplatten und Deckelbefestigung sorgen f\u00fcr Stabilit\u00e4t. \u2022 Kettenf\u00fchrungsrollen erm\u00f6glichen einen einwandfreien Ablauf der Lastkette. \u2022 Die Bauweise verhindert ein Blockieren und Abspringen der Handkette. \u2022 Lager in den Seitenplatten garantieren Langlebigkeit und Wartungsfreundlichkeit. \u2022 Die serienm\u00e4\u00dfig verzinkte Lastkette bietet zus\u00e4tzlichen Korrosionsschutz. \u2022 Geschmiedete Trag- und Lasthaken aus alterungsbest\u00e4ndigem hochlegiertem Verg\u00fctungsstahl \u00f6ffnen sich bei \u00dcberlastung ohne zu brechen.\" \/>\n<meta property=\"og:url\" content=\"https:\/\/www.ohis.be\/de\/produit\/yale-stira-s-stirnradflaschenzug\/\" \/>\n<meta property=\"og:site_name\" content=\"Ohis\" \/>\n<meta property=\"og:image\" content=\"https:\/\/www.ohis.be\/wp-content\/uploads\/2022\/12\/yale-stira-s-2-1.jpg\" \/>\n\t<meta property=\"og:image:width\" content=\"220\" \/>\n\t<meta property=\"og:image:height\" content=\"220\" \/>\n\t<meta property=\"og:image:type\" content=\"image\/jpeg\" \/>\n<meta name=\"twitter:card\" content=\"summary_large_image\" \/>\n<meta name=\"twitter:label1\" content=\"Gesch\u00e4tzte Lesezeit\" \/>\n\t<meta name=\"twitter:data1\" content=\"1\u00a0Minute\" \/>\n<script type=\"application\/ld+json\" class=\"yoast-schema-graph\">{\"@context\":\"https:\\\/\\\/schema.org\",\"@graph\":[{\"@type\":\"WebPage\",\"@id\":\"https:\\\/\\\/www.ohis.be\\\/de\\\/produit\\\/yale-stira-s-stirnradflaschenzug\\\/\",\"url\":\"https:\\\/\\\/www.ohis.be\\\/de\\\/produit\\\/yale-stira-s-stirnradflaschenzug\\\/\",\"name\":\"Yale Stira S Stirnradflaschenzug - Ohis\",\"isPartOf\":{\"@id\":\"https:\\\/\\\/www.ohis.be\\\/#website\"},\"primaryImageOfPage\":{\"@id\":\"https:\\\/\\\/www.ohis.be\\\/de\\\/produit\\\/yale-stira-s-stirnradflaschenzug\\\/#primaryimage\"},\"image\":{\"@id\":\"https:\\\/\\\/www.ohis.be\\\/de\\\/produit\\\/yale-stira-s-stirnradflaschenzug\\\/#primaryimage\"},\"thumbnailUrl\":\"https:\\\/\\\/www.ohis.be\\\/wp-content\\\/uploads\\\/2022\\\/12\\\/yale-stira-s-2-1.jpg\",\"datePublished\":\"2022-12-13T08:07:41+00:00\",\"breadcrumb\":{\"@id\":\"https:\\\/\\\/www.ohis.be\\\/de\\\/produit\\\/yale-stira-s-stirnradflaschenzug\\\/#breadcrumb\"},\"inLanguage\":\"de\",\"potentialAction\":[{\"@type\":\"ReadAction\",\"target\":[\"https:\\\/\\\/www.ohis.be\\\/de\\\/produit\\\/yale-stira-s-stirnradflaschenzug\\\/\"]}]},{\"@type\":\"ImageObject\",\"inLanguage\":\"de\",\"@id\":\"https:\\\/\\\/www.ohis.be\\\/de\\\/produit\\\/yale-stira-s-stirnradflaschenzug\\\/#primaryimage\",\"url\":\"https:\\\/\\\/www.ohis.be\\\/wp-content\\\/uploads\\\/2022\\\/12\\\/yale-stira-s-2-1.jpg\",\"contentUrl\":\"https:\\\/\\\/www.ohis.be\\\/wp-content\\\/uploads\\\/2022\\\/12\\\/yale-stira-s-2-1.jpg\",\"width\":220,\"height\":220},{\"@type\":\"BreadcrumbList\",\"@id\":\"https:\\\/\\\/www.ohis.be\\\/de\\\/produit\\\/yale-stira-s-stirnradflaschenzug\\\/#breadcrumb\",\"itemListElement\":[{\"@type\":\"ListItem\",\"position\":1,\"name\":\"Accueil\",\"item\":\"https:\\\/\\\/www.ohis.be\\\/de\\\/\"},{\"@type\":\"ListItem\",\"position\":2,\"name\":\"Produkte\",\"item\":\"https:\\\/\\\/www.ohis.be\\\/de\\\/produkte\\\/\"},{\"@type\":\"ListItem\",\"position\":3,\"name\":\"Yale Stira S Stirnradflaschenzug\"}]},{\"@type\":\"WebSite\",\"@id\":\"https:\\\/\\\/www.ohis.be\\\/#website\",\"url\":\"https:\\\/\\\/www.ohis.be\\\/\",\"name\":\"Ohis\",\"description\":\"Outils de levage\",\"publisher\":{\"@id\":\"https:\\\/\\\/www.ohis.be\\\/#organization\"},\"potentialAction\":[{\"@type\":\"SearchAction\",\"target\":{\"@type\":\"EntryPoint\",\"urlTemplate\":\"https:\\\/\\\/www.ohis.be\\\/?s={search_term_string}\"},\"query-input\":{\"@type\":\"PropertyValueSpecification\",\"valueRequired\":true,\"valueName\":\"search_term_string\"}}],\"inLanguage\":\"de\"},{\"@type\":\"Organization\",\"@id\":\"https:\\\/\\\/www.ohis.be\\\/#organization\",\"name\":\"Ohis\",\"url\":\"https:\\\/\\\/www.ohis.be\\\/\",\"logo\":{\"@type\":\"ImageObject\",\"inLanguage\":\"de\",\"@id\":\"https:\\\/\\\/www.ohis.be\\\/#\\\/schema\\\/logo\\\/image\\\/\",\"url\":\"https:\\\/\\\/www.ohis.be\\\/wp-content\\\/uploads\\\/2021\\\/02\\\/logo-ohis-wit.svg\",\"contentUrl\":\"https:\\\/\\\/www.ohis.be\\\/wp-content\\\/uploads\\\/2021\\\/02\\\/logo-ohis-wit.svg\",\"caption\":\"Ohis\"},\"image\":{\"@id\":\"https:\\\/\\\/www.ohis.be\\\/#\\\/schema\\\/logo\\\/image\\\/\"}}]}<\/script>\n<!-- \/ Yoast SEO plugin. -->","yoast_head_json":{"title":"Yale Stira S Stirnradflaschenzug - Ohis","robots":{"index":"index","follow":"follow","max-snippet":"max-snippet:-1","max-image-preview":"max-image-preview:large","max-video-preview":"max-video-preview:-1"},"canonical":"https:\/\/www.ohis.be\/de\/produit\/yale-stira-s-stirnradflaschenzug\/","og_locale":"de_DE","og_type":"article","og_title":"Yale Stira S Stirnradflaschenzug - Ohis","og_description":"Ausstattung und Verarbeitung \u2022 Durchgehende Stehbolzen zwischen den Seitenplatten und Deckelbefestigung sorgen f\u00fcr Stabilit\u00e4t. \u2022 Kettenf\u00fchrungsrollen erm\u00f6glichen einen einwandfreien Ablauf der Lastkette. \u2022 Die Bauweise verhindert ein Blockieren und Abspringen der Handkette. \u2022 Lager in den Seitenplatten garantieren Langlebigkeit und Wartungsfreundlichkeit. \u2022 Die serienm\u00e4\u00dfig verzinkte Lastkette bietet zus\u00e4tzlichen Korrosionsschutz. \u2022 Geschmiedete Trag- und Lasthaken aus alterungsbest\u00e4ndigem hochlegiertem Verg\u00fctungsstahl \u00f6ffnen sich bei \u00dcberlastung ohne zu brechen.","og_url":"https:\/\/www.ohis.be\/de\/produit\/yale-stira-s-stirnradflaschenzug\/","og_site_name":"Ohis","og_image":[{"width":220,"height":220,"url":"https:\/\/www.ohis.be\/wp-content\/uploads\/2022\/12\/yale-stira-s-2-1.jpg","type":"image\/jpeg"}],"twitter_card":"summary_large_image","twitter_misc":{"Gesch\u00e4tzte Lesezeit":"1\u00a0Minute"},"schema":{"@context":"https:\/\/schema.org","@graph":[{"@type":"WebPage","@id":"https:\/\/www.ohis.be\/de\/produit\/yale-stira-s-stirnradflaschenzug\/","url":"https:\/\/www.ohis.be\/de\/produit\/yale-stira-s-stirnradflaschenzug\/","name":"Yale Stira S Stirnradflaschenzug - Ohis","isPartOf":{"@id":"https:\/\/www.ohis.be\/#website"},"primaryImageOfPage":{"@id":"https:\/\/www.ohis.be\/de\/produit\/yale-stira-s-stirnradflaschenzug\/#primaryimage"},"image":{"@id":"https:\/\/www.ohis.be\/de\/produit\/yale-stira-s-stirnradflaschenzug\/#primaryimage"},"thumbnailUrl":"https:\/\/www.ohis.be\/wp-content\/uploads\/2022\/12\/yale-stira-s-2-1.jpg","datePublished":"2022-12-13T08:07:41+00:00","breadcrumb":{"@id":"https:\/\/www.ohis.be\/de\/produit\/yale-stira-s-stirnradflaschenzug\/#breadcrumb"},"inLanguage":"de","potentialAction":[{"@type":"ReadAction","target":["https:\/\/www.ohis.be\/de\/produit\/yale-stira-s-stirnradflaschenzug\/"]}]},{"@type":"ImageObject","inLanguage":"de","@id":"https:\/\/www.ohis.be\/de\/produit\/yale-stira-s-stirnradflaschenzug\/#primaryimage","url":"https:\/\/www.ohis.be\/wp-content\/uploads\/2022\/12\/yale-stira-s-2-1.jpg","contentUrl":"https:\/\/www.ohis.be\/wp-content\/uploads\/2022\/12\/yale-stira-s-2-1.jpg","width":220,"height":220},{"@type":"BreadcrumbList","@id":"https:\/\/www.ohis.be\/de\/produit\/yale-stira-s-stirnradflaschenzug\/#breadcrumb","itemListElement":[{"@type":"ListItem","position":1,"name":"Accueil","item":"https:\/\/www.ohis.be\/de\/"},{"@type":"ListItem","position":2,"name":"Produkte","item":"https:\/\/www.ohis.be\/de\/produkte\/"},{"@type":"ListItem","position":3,"name":"Yale Stira S Stirnradflaschenzug"}]},{"@type":"WebSite","@id":"https:\/\/www.ohis.be\/#website","url":"https:\/\/www.ohis.be\/","name":"Ohis","description":"Outils de levage","publisher":{"@id":"https:\/\/www.ohis.be\/#organization"},"potentialAction":[{"@type":"SearchAction","target":{"@type":"EntryPoint","urlTemplate":"https:\/\/www.ohis.be\/?s={search_term_string}"},"query-input":{"@type":"PropertyValueSpecification","valueRequired":true,"valueName":"search_term_string"}}],"inLanguage":"de"},{"@type":"Organization","@id":"https:\/\/www.ohis.be\/#organization","name":"Ohis","url":"https:\/\/www.ohis.be\/","logo":{"@type":"ImageObject","inLanguage":"de","@id":"https:\/\/www.ohis.be\/#\/schema\/logo\/image\/","url":"https:\/\/www.ohis.be\/wp-content\/uploads\/2021\/02\/logo-ohis-wit.svg","contentUrl":"https:\/\/www.ohis.be\/wp-content\/uploads\/2021\/02\/logo-ohis-wit.svg","caption":"Ohis"},"image":{"@id":"https:\/\/www.ohis.be\/#\/schema\/logo\/image\/"}}]}},"_links":{"self":[{"href":"https:\/\/www.ohis.be\/de\/wp-json\/wp\/v2\/product\/29410","targetHints":{"allow":["GET"]}}],"collection":[{"href":"https:\/\/www.ohis.be\/de\/wp-json\/wp\/v2\/product"}],"about":[{"href":"https:\/\/www.ohis.be\/de\/wp-json\/wp\/v2\/types\/product"}],"wp:featuredmedia":[{"embeddable":true,"href":"https:\/\/www.ohis.be\/de\/wp-json\/wp\/v2\/media\/24026"}],"wp:attachment":[{"href":"https:\/\/www.ohis.be\/de\/wp-json\/wp\/v2\/media?parent=29410"}],"wp:term":[{"taxonomy":"product_brand","embeddable":true,"href":"https:\/\/www.ohis.be\/de\/wp-json\/wp\/v2\/product_brand?post=29410"},{"taxonomy":"product_cat","embeddable":true,"href":"https:\/\/www.ohis.be\/de\/wp-json\/wp\/v2\/product_cat?post=29410"},{"taxonomy":"product_tag","embeddable":true,"href":"https:\/\/www.ohis.be\/de\/wp-json\/wp\/v2\/product_tag?post=29410"}],"curies":[{"name":"wp","href":"https:\/\/api.w.org\/{rel}","templated":true}]}}