{"id":26041,"date":"2022-12-13T14:43:57","date_gmt":"2022-12-13T13:43:57","guid":{"rendered":"https:\/\/www.ohis.be\/produit\/lh-atex-stirnradflaschenzug-mit-integriertem-roll-und-haspelfahrwerk\/"},"modified":"2022-12-13T14:43:57","modified_gmt":"2022-12-13T13:43:57","slug":"lh-atex-stirnradflaschenzug-mit-integriertem-roll-und-haspelfahrwerk","status":"publish","type":"product","link":"https:\/\/www.ohis.be\/de\/produit\/lh-atex-stirnradflaschenzug-mit-integriertem-roll-und-haspelfahrwerk\/","title":{"rendered":"LH ATEX Stirnradflaschenzug mit integriertem Roll- und Haspelfahrwerk"},"content":{"rendered":"<p>Tragf\u00e4higkeit 500 &#8211; 10.000 kg<br \/>\nDer Stirnradflaschenzug Yalelift LH mit integriertem Handfahrwerk in kurzer Bauart ist die konsequente Weiterentwicklung des Yalelift IT. \u00dcberall wo es auf ein noch kleineres Bauma\u00df ankommt, kommt der Yalelift LH zum Einsatz.<\/p>\n<p>Ausstattung und Verarbeitung<br \/>\n\u2022 Die speziell entwickelte Umlenkung und Kettenf\u00fchrung erm\u00f6glicht es den Lasthaken mit der Unterflasche seitlich neben dem Ger\u00e4t noch weiter nach oben unter den Tr\u00e4ger zu ziehen.<br \/>\n\u2022 Bei der Festanbindung des innovativen Yalelift LH an ein Hand- oder Haspelfahrwerk, handelt es sich um die gleichen Fahrwerke die auch schon beim Yalelift IT zum Einsatz kommen.<br \/>\n\u2022 Alle Ger\u00e4te der Baureihe sind bis zu einer Tragf\u00e4higkeit von 3.000 kg einstrangig ausgelegt.<br \/>\n\u2022 Das bew\u00e4hrte und nahezu stufenlose Verstellsystem erm\u00f6glicht die einfache und schnelle Montage durch Einstellmuttern.<br \/>\n\u2022 Die Fahrwerke bis 5 t werden f\u00fcr zwei Tr\u00e4gerbereiche angeboten: A-Bereich bis 180 mm Tr\u00e4gerflanschbreite (Standard, deckt ca. 80 % aller Tr\u00e4gerbreiten ab). Eine Umr\u00fcstung auf den B-Bereich, bis 300 mm, ist problemlos m\u00f6glich.<br \/>\n\u2022 Die Bronzelaufrollen (nur bei MEDIUM und HIGH) sind f\u00fcr eine maximale Neigung des Tr\u00e4gerflansches von 14 % ausgelegt (DIN 1025-1), optimale Laufeigenschaften werden durch gekapselte und dauergeschmierte Kugellager garantiert.<br \/>\n\u2022 Die niedrig bauende Variante des Yalelift IT ist f\u00fcr einen weiten Tr\u00e4gerbereich sowie f\u00fcr verschiedene Profile (z. B. INP, IPE, IPB) einstellbar.<br \/>\n\u2022 Kippsicherung und Radbruchst\u00fctzen sind serienm\u00e4\u00dfig.<br \/>\n\u2022 Ex-Ausf\u00fchrung ist MKS-beschichtet.<br \/>\n\u2022 Fahrwerk mit Anfahrpuffern.<br \/>\n\u2022 Lasthaken ab MEDIUM Ausf\u00fchrung verkupfert.<br \/>\n\u2022 Lastkette aus Edelstahl bei HIGH Ausf\u00fchrung.<\/p>\n<p>Optional<br \/>\n\u2022 Einstellbare \u00dcberlastsicherung<br \/>\n\u2022 Kettenspeicher<br \/>\n\u2022 Feststellvorrichtung zum Fixieren des Handfahrwerks auf dem Tr\u00e4ger ohne Last (Parkposition z. B. in der Schifffahrt).<br \/>\n\u2022 zus\u00e4tzliche Beschichtung (s. Seite 48)<\/p>\n","protected":false},"excerpt":{"rendered":"<p>Tragf\u00e4higkeit 500 &#8211; 10.000 kg<br \/>\nDer Stirnradflaschenzug Yalelift LH mit integriertem Handfahrwerk in kurzer Bauart ist die konsequente Weiterentwicklung des Yalelift IT. \u00dcberall wo es auf ein noch kleineres Bauma\u00df ankommt, kommt der Yalelift LH zum Einsatz.<\/p>\n<p>Ausstattung und Verarbeitung<br \/>\n\u2022 Die speziell entwickelte Umlenkung und Kettenf\u00fchrung erm\u00f6glicht es den Lasthaken mit der Unterflasche seitlich neben dem Ger\u00e4t noch weiter nach oben unter den Tr\u00e4ger zu ziehen.<br \/>\n\u2022 Bei der Festanbindung des innovativen Yalelift LH an ein Hand- oder Haspelfahrwerk, handelt es sich um die gleichen Fahrwerke die auch schon beim Yalelift IT zum Einsatz kommen.<br \/>\n\u2022 Alle Ger\u00e4te der Baureihe sind bis zu einer Tragf\u00e4higkeit von 3.000 kg einstrangig ausgelegt.<br \/>\n\u2022 Das bew\u00e4hrte und nahezu stufenlose Verstellsystem erm\u00f6glicht die einfache und schnelle Montage durch Einstellmuttern.<br \/>\n\u2022 Die Fahrwerke bis 5 t werden f\u00fcr zwei Tr\u00e4gerbereiche angeboten: A-Bereich bis 180 mm Tr\u00e4gerflanschbreite (Standard, deckt ca. 80 % aller Tr\u00e4gerbreiten ab). Eine Umr\u00fcstung auf den B-Bereich, bis 300 mm, ist problemlos m\u00f6glich.<br \/>\n\u2022 Die Bronzelaufrollen (nur bei MEDIUM und HIGH) sind f\u00fcr eine maximale Neigung des Tr\u00e4gerflansches von 14 % ausgelegt (DIN 1025-1), optimale Laufeigenschaften werden durch gekapselte und dauergeschmierte Kugellager garantiert.<br \/>\n\u2022 Die niedrig bauende Variante des Yalelift IT ist f\u00fcr einen weiten Tr\u00e4gerbereich sowie f\u00fcr verschiedene Profile (z. B. INP, IPE, IPB) einstellbar.<br \/>\n\u2022 Kippsicherung und Radbruchst\u00fctzen sind serienm\u00e4\u00dfig.<br \/>\n\u2022 Ex-Ausf\u00fchrung ist MKS-beschichtet.<br \/>\n\u2022 Fahrwerk mit Anfahrpuffern.<br \/>\n\u2022 Lasthaken ab MEDIUM Ausf\u00fchrung verkupfert.<br \/>\n\u2022 Lastkette aus Edelstahl bei HIGH Ausf\u00fchrung.<\/p>\n<p>Optional<br \/>\n\u2022 Einstellbare \u00dcberlastsicherung<br \/>\n\u2022 Kettenspeicher<br \/>\n\u2022 Feststellvorrichtung zum Fixieren des Handfahrwerks auf dem Tr\u00e4ger ohne Last (Parkposition z. B. in der Schifffahrt).<br \/>\n\u2022 zus\u00e4tzliche Beschichtung (s. Seite 48)<\/p>\n","protected":false},"featured_media":18842,"template":"","meta":{"_acf_changed":false,"inline_featured_image":false},"product_brand":[],"product_cat":[356],"product_tag":[1049,705],"class_list":{"0":"post-26041","1":"product","2":"type-product","3":"status-publish","4":"has-post-thumbnail","6":"product_cat-handhebezeug","7":"product_tag-atex-de","8":"product_tag-yale-de","9":"yith_product_brand-yale-de","11":"first","12":"onbackorder","13":"taxable","14":"shipping-taxable","15":"purchasable","16":"product-type-variable"},"acf":[],"yoast_head":"<!-- This site is optimized with the Yoast SEO plugin v27.5 - https:\/\/yoast.com\/product\/yoast-seo-wordpress\/ -->\n<title>LH ATEX Stirnradflaschenzug mit integriertem Roll- und Haspelfahrwerk - Ohis<\/title>\n<meta name=\"robots\" content=\"index, follow, max-snippet:-1, max-image-preview:large, max-video-preview:-1\" \/>\n<link rel=\"canonical\" href=\"https:\/\/www.ohis.be\/de\/produit\/lh-atex-stirnradflaschenzug-mit-integriertem-roll-und-haspelfahrwerk\/\" \/>\n<meta property=\"og:locale\" content=\"de_DE\" \/>\n<meta property=\"og:type\" content=\"article\" \/>\n<meta property=\"og:title\" content=\"LH ATEX Stirnradflaschenzug mit integriertem Roll- und Haspelfahrwerk - Ohis\" \/>\n<meta property=\"og:description\" content=\"Tragf\u00e4higkeit 500 - 10.000 kg Der Stirnradflaschenzug Yalelift LH mit integriertem Handfahrwerk in kurzer Bauart ist die konsequente Weiterentwicklung des Yalelift IT. \u00dcberall wo es auf ein noch kleineres Bauma\u00df ankommt, kommt der Yalelift LH zum Einsatz.  Ausstattung und Verarbeitung \u2022 Die speziell entwickelte Umlenkung und Kettenf\u00fchrung erm\u00f6glicht es den Lasthaken mit der Unterflasche seitlich neben dem Ger\u00e4t noch weiter nach oben unter den Tr\u00e4ger zu ziehen. \u2022 Bei der Festanbindung des innovativen Yalelift LH an ein Hand- oder Haspelfahrwerk, handelt es sich um die gleichen Fahrwerke die auch schon beim Yalelift IT zum Einsatz kommen. \u2022 Alle Ger\u00e4te der Baureihe sind bis zu einer Tragf\u00e4higkeit von 3.000 kg einstrangig ausgelegt. \u2022 Das bew\u00e4hrte und nahezu stufenlose Verstellsystem erm\u00f6glicht die einfache und schnelle Montage durch Einstellmuttern. \u2022 Die Fahrwerke bis 5 t werden f\u00fcr zwei Tr\u00e4gerbereiche angeboten: A-Bereich bis 180 mm Tr\u00e4gerflanschbreite (Standard, deckt ca. 80 % aller Tr\u00e4gerbreiten ab). Eine Umr\u00fcstung auf den B-Bereich, bis 300 mm, ist problemlos m\u00f6glich. \u2022 Die Bronzelaufrollen (nur bei MEDIUM und HIGH) sind f\u00fcr eine maximale Neigung des Tr\u00e4gerflansches von 14 % ausgelegt (DIN 1025-1), optimale Laufeigenschaften werden durch gekapselte und dauergeschmierte Kugellager garantiert. \u2022 Die niedrig bauende Variante des Yalelift IT ist f\u00fcr einen weiten Tr\u00e4gerbereich sowie f\u00fcr verschiedene Profile (z. B. INP, IPE, IPB) einstellbar. \u2022 Kippsicherung und Radbruchst\u00fctzen sind serienm\u00e4\u00dfig. \u2022 Ex-Ausf\u00fchrung ist MKS-beschichtet. \u2022 Fahrwerk mit Anfahrpuffern. \u2022 Lasthaken ab MEDIUM Ausf\u00fchrung verkupfert. \u2022 Lastkette aus Edelstahl bei HIGH Ausf\u00fchrung.  Optional \u2022 Einstellbare \u00dcberlastsicherung \u2022 Kettenspeicher \u2022 Feststellvorrichtung zum Fixieren des Handfahrwerks auf dem Tr\u00e4ger ohne Last (Parkposition z. B. in der Schifffahrt). \u2022 zus\u00e4tzliche Beschichtung (s. Seite 48)\" \/>\n<meta property=\"og:url\" content=\"https:\/\/www.ohis.be\/de\/produit\/lh-atex-stirnradflaschenzug-mit-integriertem-roll-und-haspelfahrwerk\/\" \/>\n<meta property=\"og:site_name\" content=\"Ohis\" \/>\n<meta property=\"og:image\" content=\"https:\/\/www.ohis.be\/wp-content\/uploads\/2022\/12\/yale-lift_lh_atex.jpg\" \/>\n\t<meta property=\"og:image:width\" content=\"772\" \/>\n\t<meta property=\"og:image:height\" content=\"1311\" \/>\n\t<meta property=\"og:image:type\" content=\"image\/jpeg\" \/>\n<meta name=\"twitter:card\" content=\"summary_large_image\" \/>\n<meta name=\"twitter:label1\" content=\"Gesch\u00e4tzte Lesezeit\" \/>\n\t<meta name=\"twitter:data1\" content=\"1\u00a0Minute\" \/>\n<script type=\"application\/ld+json\" class=\"yoast-schema-graph\">{\"@context\":\"https:\\\/\\\/schema.org\",\"@graph\":[{\"@type\":\"WebPage\",\"@id\":\"https:\\\/\\\/www.ohis.be\\\/de\\\/produit\\\/lh-atex-stirnradflaschenzug-mit-integriertem-roll-und-haspelfahrwerk\\\/\",\"url\":\"https:\\\/\\\/www.ohis.be\\\/de\\\/produit\\\/lh-atex-stirnradflaschenzug-mit-integriertem-roll-und-haspelfahrwerk\\\/\",\"name\":\"LH ATEX Stirnradflaschenzug mit integriertem Roll- und Haspelfahrwerk - Ohis\",\"isPartOf\":{\"@id\":\"https:\\\/\\\/www.ohis.be\\\/de\\\/#website\"},\"primaryImageOfPage\":{\"@id\":\"https:\\\/\\\/www.ohis.be\\\/de\\\/produit\\\/lh-atex-stirnradflaschenzug-mit-integriertem-roll-und-haspelfahrwerk\\\/#primaryimage\"},\"image\":{\"@id\":\"https:\\\/\\\/www.ohis.be\\\/de\\\/produit\\\/lh-atex-stirnradflaschenzug-mit-integriertem-roll-und-haspelfahrwerk\\\/#primaryimage\"},\"thumbnailUrl\":\"https:\\\/\\\/www.ohis.be\\\/wp-content\\\/uploads\\\/2022\\\/12\\\/yale-lift_lh_atex.jpg\",\"datePublished\":\"2022-12-13T13:43:57+00:00\",\"breadcrumb\":{\"@id\":\"https:\\\/\\\/www.ohis.be\\\/de\\\/produit\\\/lh-atex-stirnradflaschenzug-mit-integriertem-roll-und-haspelfahrwerk\\\/#breadcrumb\"},\"inLanguage\":\"de\",\"potentialAction\":[{\"@type\":\"ReadAction\",\"target\":[\"https:\\\/\\\/www.ohis.be\\\/de\\\/produit\\\/lh-atex-stirnradflaschenzug-mit-integriertem-roll-und-haspelfahrwerk\\\/\"]}]},{\"@type\":\"ImageObject\",\"inLanguage\":\"de\",\"@id\":\"https:\\\/\\\/www.ohis.be\\\/de\\\/produit\\\/lh-atex-stirnradflaschenzug-mit-integriertem-roll-und-haspelfahrwerk\\\/#primaryimage\",\"url\":\"https:\\\/\\\/www.ohis.be\\\/wp-content\\\/uploads\\\/2022\\\/12\\\/yale-lift_lh_atex.jpg\",\"contentUrl\":\"https:\\\/\\\/www.ohis.be\\\/wp-content\\\/uploads\\\/2022\\\/12\\\/yale-lift_lh_atex.jpg\",\"width\":772,\"height\":1311,\"caption\":\"yale-lift_lh_atex\"},{\"@type\":\"BreadcrumbList\",\"@id\":\"https:\\\/\\\/www.ohis.be\\\/de\\\/produit\\\/lh-atex-stirnradflaschenzug-mit-integriertem-roll-und-haspelfahrwerk\\\/#breadcrumb\",\"itemListElement\":[{\"@type\":\"ListItem\",\"position\":1,\"name\":\"Accueil\",\"item\":\"https:\\\/\\\/www.ohis.be\\\/de\\\/\"},{\"@type\":\"ListItem\",\"position\":2,\"name\":\"Produkte\",\"item\":\"https:\\\/\\\/www.ohis.be\\\/de\\\/produkte\\\/\"},{\"@type\":\"ListItem\",\"position\":3,\"name\":\"LH ATEX Stirnradflaschenzug mit integriertem Roll- und Haspelfahrwerk\"}]},{\"@type\":\"WebSite\",\"@id\":\"https:\\\/\\\/www.ohis.be\\\/de\\\/#website\",\"url\":\"https:\\\/\\\/www.ohis.be\\\/de\\\/\",\"name\":\"Ohis\",\"description\":\"Outils de levage\",\"publisher\":{\"@id\":\"https:\\\/\\\/www.ohis.be\\\/de\\\/#organization\"},\"potentialAction\":[{\"@type\":\"SearchAction\",\"target\":{\"@type\":\"EntryPoint\",\"urlTemplate\":\"https:\\\/\\\/www.ohis.be\\\/de\\\/?s={search_term_string}\"},\"query-input\":{\"@type\":\"PropertyValueSpecification\",\"valueRequired\":true,\"valueName\":\"search_term_string\"}}],\"inLanguage\":\"de\"},{\"@type\":\"Organization\",\"@id\":\"https:\\\/\\\/www.ohis.be\\\/de\\\/#organization\",\"name\":\"Ohis\",\"url\":\"https:\\\/\\\/www.ohis.be\\\/de\\\/\",\"logo\":{\"@type\":\"ImageObject\",\"inLanguage\":\"de\",\"@id\":\"https:\\\/\\\/www.ohis.be\\\/de\\\/#\\\/schema\\\/logo\\\/image\\\/\",\"url\":\"https:\\\/\\\/www.ohis.be\\\/wp-content\\\/uploads\\\/2021\\\/02\\\/logo-ohis-wit.svg\",\"contentUrl\":\"https:\\\/\\\/www.ohis.be\\\/wp-content\\\/uploads\\\/2021\\\/02\\\/logo-ohis-wit.svg\",\"caption\":\"Ohis\"},\"image\":{\"@id\":\"https:\\\/\\\/www.ohis.be\\\/de\\\/#\\\/schema\\\/logo\\\/image\\\/\"}}]}<\/script>\n<!-- \/ Yoast SEO plugin. -->","yoast_head_json":{"title":"LH ATEX Stirnradflaschenzug mit integriertem Roll- und Haspelfahrwerk - Ohis","robots":{"index":"index","follow":"follow","max-snippet":"max-snippet:-1","max-image-preview":"max-image-preview:large","max-video-preview":"max-video-preview:-1"},"canonical":"https:\/\/www.ohis.be\/de\/produit\/lh-atex-stirnradflaschenzug-mit-integriertem-roll-und-haspelfahrwerk\/","og_locale":"de_DE","og_type":"article","og_title":"LH ATEX Stirnradflaschenzug mit integriertem Roll- und Haspelfahrwerk - Ohis","og_description":"Tragf\u00e4higkeit 500 - 10.000 kg Der Stirnradflaschenzug Yalelift LH mit integriertem Handfahrwerk in kurzer Bauart ist die konsequente Weiterentwicklung des Yalelift IT. \u00dcberall wo es auf ein noch kleineres Bauma\u00df ankommt, kommt der Yalelift LH zum Einsatz.  Ausstattung und Verarbeitung \u2022 Die speziell entwickelte Umlenkung und Kettenf\u00fchrung erm\u00f6glicht es den Lasthaken mit der Unterflasche seitlich neben dem Ger\u00e4t noch weiter nach oben unter den Tr\u00e4ger zu ziehen. \u2022 Bei der Festanbindung des innovativen Yalelift LH an ein Hand- oder Haspelfahrwerk, handelt es sich um die gleichen Fahrwerke die auch schon beim Yalelift IT zum Einsatz kommen. \u2022 Alle Ger\u00e4te der Baureihe sind bis zu einer Tragf\u00e4higkeit von 3.000 kg einstrangig ausgelegt. \u2022 Das bew\u00e4hrte und nahezu stufenlose Verstellsystem erm\u00f6glicht die einfache und schnelle Montage durch Einstellmuttern. \u2022 Die Fahrwerke bis 5 t werden f\u00fcr zwei Tr\u00e4gerbereiche angeboten: A-Bereich bis 180 mm Tr\u00e4gerflanschbreite (Standard, deckt ca. 80 % aller Tr\u00e4gerbreiten ab). Eine Umr\u00fcstung auf den B-Bereich, bis 300 mm, ist problemlos m\u00f6glich. \u2022 Die Bronzelaufrollen (nur bei MEDIUM und HIGH) sind f\u00fcr eine maximale Neigung des Tr\u00e4gerflansches von 14 % ausgelegt (DIN 1025-1), optimale Laufeigenschaften werden durch gekapselte und dauergeschmierte Kugellager garantiert. \u2022 Die niedrig bauende Variante des Yalelift IT ist f\u00fcr einen weiten Tr\u00e4gerbereich sowie f\u00fcr verschiedene Profile (z. B. INP, IPE, IPB) einstellbar. \u2022 Kippsicherung und Radbruchst\u00fctzen sind serienm\u00e4\u00dfig. \u2022 Ex-Ausf\u00fchrung ist MKS-beschichtet. \u2022 Fahrwerk mit Anfahrpuffern. \u2022 Lasthaken ab MEDIUM Ausf\u00fchrung verkupfert. \u2022 Lastkette aus Edelstahl bei HIGH Ausf\u00fchrung.  Optional \u2022 Einstellbare \u00dcberlastsicherung \u2022 Kettenspeicher \u2022 Feststellvorrichtung zum Fixieren des Handfahrwerks auf dem Tr\u00e4ger ohne Last (Parkposition z. B. in der Schifffahrt). \u2022 zus\u00e4tzliche Beschichtung (s. Seite 48)","og_url":"https:\/\/www.ohis.be\/de\/produit\/lh-atex-stirnradflaschenzug-mit-integriertem-roll-und-haspelfahrwerk\/","og_site_name":"Ohis","og_image":[{"width":772,"height":1311,"url":"https:\/\/www.ohis.be\/wp-content\/uploads\/2022\/12\/yale-lift_lh_atex.jpg","type":"image\/jpeg"}],"twitter_card":"summary_large_image","twitter_misc":{"Gesch\u00e4tzte Lesezeit":"1\u00a0Minute"},"schema":{"@context":"https:\/\/schema.org","@graph":[{"@type":"WebPage","@id":"https:\/\/www.ohis.be\/de\/produit\/lh-atex-stirnradflaschenzug-mit-integriertem-roll-und-haspelfahrwerk\/","url":"https:\/\/www.ohis.be\/de\/produit\/lh-atex-stirnradflaschenzug-mit-integriertem-roll-und-haspelfahrwerk\/","name":"LH ATEX Stirnradflaschenzug mit integriertem Roll- und Haspelfahrwerk - Ohis","isPartOf":{"@id":"https:\/\/www.ohis.be\/de\/#website"},"primaryImageOfPage":{"@id":"https:\/\/www.ohis.be\/de\/produit\/lh-atex-stirnradflaschenzug-mit-integriertem-roll-und-haspelfahrwerk\/#primaryimage"},"image":{"@id":"https:\/\/www.ohis.be\/de\/produit\/lh-atex-stirnradflaschenzug-mit-integriertem-roll-und-haspelfahrwerk\/#primaryimage"},"thumbnailUrl":"https:\/\/www.ohis.be\/wp-content\/uploads\/2022\/12\/yale-lift_lh_atex.jpg","datePublished":"2022-12-13T13:43:57+00:00","breadcrumb":{"@id":"https:\/\/www.ohis.be\/de\/produit\/lh-atex-stirnradflaschenzug-mit-integriertem-roll-und-haspelfahrwerk\/#breadcrumb"},"inLanguage":"de","potentialAction":[{"@type":"ReadAction","target":["https:\/\/www.ohis.be\/de\/produit\/lh-atex-stirnradflaschenzug-mit-integriertem-roll-und-haspelfahrwerk\/"]}]},{"@type":"ImageObject","inLanguage":"de","@id":"https:\/\/www.ohis.be\/de\/produit\/lh-atex-stirnradflaschenzug-mit-integriertem-roll-und-haspelfahrwerk\/#primaryimage","url":"https:\/\/www.ohis.be\/wp-content\/uploads\/2022\/12\/yale-lift_lh_atex.jpg","contentUrl":"https:\/\/www.ohis.be\/wp-content\/uploads\/2022\/12\/yale-lift_lh_atex.jpg","width":772,"height":1311,"caption":"yale-lift_lh_atex"},{"@type":"BreadcrumbList","@id":"https:\/\/www.ohis.be\/de\/produit\/lh-atex-stirnradflaschenzug-mit-integriertem-roll-und-haspelfahrwerk\/#breadcrumb","itemListElement":[{"@type":"ListItem","position":1,"name":"Accueil","item":"https:\/\/www.ohis.be\/de\/"},{"@type":"ListItem","position":2,"name":"Produkte","item":"https:\/\/www.ohis.be\/de\/produkte\/"},{"@type":"ListItem","position":3,"name":"LH ATEX Stirnradflaschenzug mit integriertem Roll- und Haspelfahrwerk"}]},{"@type":"WebSite","@id":"https:\/\/www.ohis.be\/de\/#website","url":"https:\/\/www.ohis.be\/de\/","name":"Ohis","description":"Outils de levage","publisher":{"@id":"https:\/\/www.ohis.be\/de\/#organization"},"potentialAction":[{"@type":"SearchAction","target":{"@type":"EntryPoint","urlTemplate":"https:\/\/www.ohis.be\/de\/?s={search_term_string}"},"query-input":{"@type":"PropertyValueSpecification","valueRequired":true,"valueName":"search_term_string"}}],"inLanguage":"de"},{"@type":"Organization","@id":"https:\/\/www.ohis.be\/de\/#organization","name":"Ohis","url":"https:\/\/www.ohis.be\/de\/","logo":{"@type":"ImageObject","inLanguage":"de","@id":"https:\/\/www.ohis.be\/de\/#\/schema\/logo\/image\/","url":"https:\/\/www.ohis.be\/wp-content\/uploads\/2021\/02\/logo-ohis-wit.svg","contentUrl":"https:\/\/www.ohis.be\/wp-content\/uploads\/2021\/02\/logo-ohis-wit.svg","caption":"Ohis"},"image":{"@id":"https:\/\/www.ohis.be\/de\/#\/schema\/logo\/image\/"}}]}},"_links":{"self":[{"href":"https:\/\/www.ohis.be\/de\/wp-json\/wp\/v2\/product\/26041","targetHints":{"allow":["GET"]}}],"collection":[{"href":"https:\/\/www.ohis.be\/de\/wp-json\/wp\/v2\/product"}],"about":[{"href":"https:\/\/www.ohis.be\/de\/wp-json\/wp\/v2\/types\/product"}],"wp:featuredmedia":[{"embeddable":true,"href":"https:\/\/www.ohis.be\/de\/wp-json\/wp\/v2\/media\/18842"}],"wp:attachment":[{"href":"https:\/\/www.ohis.be\/de\/wp-json\/wp\/v2\/media?parent=26041"}],"wp:term":[{"taxonomy":"product_brand","embeddable":true,"href":"https:\/\/www.ohis.be\/de\/wp-json\/wp\/v2\/product_brand?post=26041"},{"taxonomy":"product_cat","embeddable":true,"href":"https:\/\/www.ohis.be\/de\/wp-json\/wp\/v2\/product_cat?post=26041"},{"taxonomy":"product_tag","embeddable":true,"href":"https:\/\/www.ohis.be\/de\/wp-json\/wp\/v2\/product_tag?post=26041"}],"curies":[{"name":"wp","href":"https:\/\/api.w.org\/{rel}","templated":true}]}}