{"id":25929,"date":"2022-12-14T08:15:20","date_gmt":"2022-12-14T07:15:20","guid":{"rendered":"https:\/\/www.ohis.be\/produit\/tts-gitterbox\/"},"modified":"2022-12-14T08:15:20","modified_gmt":"2022-12-14T07:15:20","slug":"tts-gitterbox","status":"publish","type":"product","link":"https:\/\/www.ohis.be\/de\/produit\/tts-gitterbox\/","title":{"rendered":"TTS Gitterbox"},"content":{"rendered":"<p>Tragf\u00e4higkeit 1.000 &#8211; 3.000 kg<br \/>\nDie vornehmlich mit Gabelstaplern bewegten Norm-Gitterboxen nach DIN 15155 sind so stabil, dass sie von Traversenhaken am oberen Rahmen aufgenommen, mittels Kran gehoben und h\u00e4ngend transportiert werden k\u00f6nnen.<br \/>\nDurch die Gitterboxtraverse kann somit auch der Kran in den betrieblichen Beh\u00e4lter-Transport von Rohr-, Halbzeugund Fertigkleinteilen eingef\u00fcgt werden. Auch die Warenannahme und der Warenversand in Gitterboxen ist nicht mehr ausschlie\u00dflich von den Flurf\u00f6rderzeugen abh\u00e4ngig.<br \/>\nDie f\u00fcr den Einzeltransport bestimmte Ausf\u00fchrung hat jeweils zwei starre und zwei mit einer Griffstange verbundene, schwenkbare Aufh\u00e4ngeb\u00fcgel. Sie kann von nur einem Anschl\u00e4ger in die Gitterbox eingeklinkt oder von ihr gel\u00f6st werden. Beim Einsatz der Gitterboxtraverse m\u00fcssen die Traversenhaken immer am oberen Rahmen der Gitterboxen eingeh\u00e4ngt werden.<\/p>\n","protected":false},"excerpt":{"rendered":"<p>Tragf\u00e4higkeit 1.000 &#8211; 3.000 kg<br \/>\nDie vornehmlich mit Gabelstaplern bewegten Norm-Gitterboxen nach DIN 15155 sind so stabil, dass sie von Traversenhaken am oberen Rahmen aufgenommen, mittels Kran gehoben und h\u00e4ngend transportiert werden k\u00f6nnen.<br \/>\nDurch die Gitterboxtraverse kann somit auch der Kran in den betrieblichen Beh\u00e4lter-Transport von Rohr-, Halbzeugund Fertigkleinteilen eingef\u00fcgt werden. Auch die Warenannahme und der Warenversand in Gitterboxen ist nicht mehr ausschlie\u00dflich von den Flurf\u00f6rderzeugen abh\u00e4ngig.<br \/>\nDie f\u00fcr den Einzeltransport bestimmte Ausf\u00fchrung hat jeweils zwei starre und zwei mit einer Griffstange verbundene, schwenkbare Aufh\u00e4ngeb\u00fcgel. Sie kann von nur einem Anschl\u00e4ger in die Gitterbox eingeklinkt oder von ihr gel\u00f6st werden. Beim Einsatz der Gitterboxtraverse m\u00fcssen die Traversenhaken immer am oberen Rahmen der Gitterboxen eingeh\u00e4ngt werden.<\/p>\n","protected":false},"featured_media":18879,"template":"","meta":{"_acf_changed":false,"inline_featured_image":false},"product_brand":[],"product_cat":[344],"product_tag":[705],"class_list":{"0":"post-25929","1":"product","2":"type-product","3":"status-publish","4":"has-post-thumbnail","6":"product_cat-traverses-de","7":"product_tag-yale-de","9":"first","10":"onbackorder","11":"taxable","12":"shipping-taxable","13":"purchasable","14":"product-type-variable"},"acf":[],"yoast_head":"<!-- This site is optimized with the Yoast SEO plugin v27.4 - https:\/\/yoast.com\/product\/yoast-seo-wordpress\/ -->\n<title>TTS Gitterbox - Ohis<\/title>\n<meta name=\"robots\" content=\"index, follow, max-snippet:-1, max-image-preview:large, max-video-preview:-1\" \/>\n<link rel=\"canonical\" href=\"https:\/\/www.ohis.be\/de\/produit\/tts-gitterbox\/\" \/>\n<meta property=\"og:locale\" content=\"de_DE\" \/>\n<meta property=\"og:type\" content=\"article\" \/>\n<meta property=\"og:title\" content=\"TTS Gitterbox - Ohis\" \/>\n<meta property=\"og:description\" content=\"Tragf\u00e4higkeit 1.000 - 3.000 kg Die vornehmlich mit Gabelstaplern bewegten Norm-Gitterboxen nach DIN 15155 sind so stabil, dass sie von Traversenhaken am oberen Rahmen aufgenommen, mittels Kran gehoben und h\u00e4ngend transportiert werden k\u00f6nnen. Durch die Gitterboxtraverse kann somit auch der Kran in den betrieblichen Beh\u00e4lter-Transport von Rohr-, Halbzeugund Fertigkleinteilen eingef\u00fcgt werden. Auch die Warenannahme und der Warenversand in Gitterboxen ist nicht mehr ausschlie\u00dflich von den Flurf\u00f6rderzeugen abh\u00e4ngig. Die f\u00fcr den Einzeltransport bestimmte Ausf\u00fchrung hat jeweils zwei starre und zwei mit einer Griffstange verbundene, schwenkbare Aufh\u00e4ngeb\u00fcgel. Sie kann von nur einem Anschl\u00e4ger in die Gitterbox eingeklinkt oder von ihr gel\u00f6st werden. Beim Einsatz der Gitterboxtraverse m\u00fcssen die Traversenhaken immer am oberen Rahmen der Gitterboxen eingeh\u00e4ngt werden.\" \/>\n<meta property=\"og:url\" content=\"https:\/\/www.ohis.be\/de\/produit\/tts-gitterbox\/\" \/>\n<meta property=\"og:site_name\" content=\"Ohis\" \/>\n<meta property=\"og:image\" content=\"https:\/\/www.ohis.be\/wp-content\/uploads\/2022\/12\/TTS_Gitterbox.jpg\" \/>\n\t<meta property=\"og:image:width\" content=\"250\" \/>\n\t<meta property=\"og:image:height\" content=\"339\" \/>\n\t<meta property=\"og:image:type\" content=\"image\/jpeg\" \/>\n<meta name=\"twitter:card\" content=\"summary_large_image\" \/>\n<meta name=\"twitter:label1\" content=\"Gesch\u00e4tzte Lesezeit\" \/>\n\t<meta name=\"twitter:data1\" content=\"1\u00a0Minute\" \/>\n<script type=\"application\/ld+json\" class=\"yoast-schema-graph\">{\"@context\":\"https:\\\/\\\/schema.org\",\"@graph\":[{\"@type\":\"WebPage\",\"@id\":\"https:\\\/\\\/www.ohis.be\\\/de\\\/produit\\\/tts-gitterbox\\\/\",\"url\":\"https:\\\/\\\/www.ohis.be\\\/de\\\/produit\\\/tts-gitterbox\\\/\",\"name\":\"TTS Gitterbox - Ohis\",\"isPartOf\":{\"@id\":\"https:\\\/\\\/www.ohis.be\\\/#website\"},\"primaryImageOfPage\":{\"@id\":\"https:\\\/\\\/www.ohis.be\\\/de\\\/produit\\\/tts-gitterbox\\\/#primaryimage\"},\"image\":{\"@id\":\"https:\\\/\\\/www.ohis.be\\\/de\\\/produit\\\/tts-gitterbox\\\/#primaryimage\"},\"thumbnailUrl\":\"https:\\\/\\\/www.ohis.be\\\/wp-content\\\/uploads\\\/2022\\\/12\\\/TTS_Gitterbox.jpg\",\"datePublished\":\"2022-12-14T07:15:20+00:00\",\"breadcrumb\":{\"@id\":\"https:\\\/\\\/www.ohis.be\\\/de\\\/produit\\\/tts-gitterbox\\\/#breadcrumb\"},\"inLanguage\":\"de\",\"potentialAction\":[{\"@type\":\"ReadAction\",\"target\":[\"https:\\\/\\\/www.ohis.be\\\/de\\\/produit\\\/tts-gitterbox\\\/\"]}]},{\"@type\":\"ImageObject\",\"inLanguage\":\"de\",\"@id\":\"https:\\\/\\\/www.ohis.be\\\/de\\\/produit\\\/tts-gitterbox\\\/#primaryimage\",\"url\":\"https:\\\/\\\/www.ohis.be\\\/wp-content\\\/uploads\\\/2022\\\/12\\\/TTS_Gitterbox.jpg\",\"contentUrl\":\"https:\\\/\\\/www.ohis.be\\\/wp-content\\\/uploads\\\/2022\\\/12\\\/TTS_Gitterbox.jpg\",\"width\":250,\"height\":339,\"caption\":\"&amp;#x05;4.0.3\"},{\"@type\":\"BreadcrumbList\",\"@id\":\"https:\\\/\\\/www.ohis.be\\\/de\\\/produit\\\/tts-gitterbox\\\/#breadcrumb\",\"itemListElement\":[{\"@type\":\"ListItem\",\"position\":1,\"name\":\"Accueil\",\"item\":\"https:\\\/\\\/www.ohis.be\\\/de\\\/\"},{\"@type\":\"ListItem\",\"position\":2,\"name\":\"Produkte\",\"item\":\"https:\\\/\\\/www.ohis.be\\\/de\\\/produkte\\\/\"},{\"@type\":\"ListItem\",\"position\":3,\"name\":\"TTS Gitterbox\"}]},{\"@type\":\"WebSite\",\"@id\":\"https:\\\/\\\/www.ohis.be\\\/#website\",\"url\":\"https:\\\/\\\/www.ohis.be\\\/\",\"name\":\"Ohis\",\"description\":\"Outils de levage\",\"publisher\":{\"@id\":\"https:\\\/\\\/www.ohis.be\\\/#organization\"},\"potentialAction\":[{\"@type\":\"SearchAction\",\"target\":{\"@type\":\"EntryPoint\",\"urlTemplate\":\"https:\\\/\\\/www.ohis.be\\\/?s={search_term_string}\"},\"query-input\":{\"@type\":\"PropertyValueSpecification\",\"valueRequired\":true,\"valueName\":\"search_term_string\"}}],\"inLanguage\":\"de\"},{\"@type\":\"Organization\",\"@id\":\"https:\\\/\\\/www.ohis.be\\\/#organization\",\"name\":\"Ohis\",\"url\":\"https:\\\/\\\/www.ohis.be\\\/\",\"logo\":{\"@type\":\"ImageObject\",\"inLanguage\":\"de\",\"@id\":\"https:\\\/\\\/www.ohis.be\\\/#\\\/schema\\\/logo\\\/image\\\/\",\"url\":\"https:\\\/\\\/www.ohis.be\\\/wp-content\\\/uploads\\\/2021\\\/02\\\/logo-ohis-wit.svg\",\"contentUrl\":\"https:\\\/\\\/www.ohis.be\\\/wp-content\\\/uploads\\\/2021\\\/02\\\/logo-ohis-wit.svg\",\"caption\":\"Ohis\"},\"image\":{\"@id\":\"https:\\\/\\\/www.ohis.be\\\/#\\\/schema\\\/logo\\\/image\\\/\"}}]}<\/script>\n<!-- \/ Yoast SEO plugin. -->","yoast_head_json":{"title":"TTS Gitterbox - Ohis","robots":{"index":"index","follow":"follow","max-snippet":"max-snippet:-1","max-image-preview":"max-image-preview:large","max-video-preview":"max-video-preview:-1"},"canonical":"https:\/\/www.ohis.be\/de\/produit\/tts-gitterbox\/","og_locale":"de_DE","og_type":"article","og_title":"TTS Gitterbox - Ohis","og_description":"Tragf\u00e4higkeit 1.000 - 3.000 kg Die vornehmlich mit Gabelstaplern bewegten Norm-Gitterboxen nach DIN 15155 sind so stabil, dass sie von Traversenhaken am oberen Rahmen aufgenommen, mittels Kran gehoben und h\u00e4ngend transportiert werden k\u00f6nnen. Durch die Gitterboxtraverse kann somit auch der Kran in den betrieblichen Beh\u00e4lter-Transport von Rohr-, Halbzeugund Fertigkleinteilen eingef\u00fcgt werden. Auch die Warenannahme und der Warenversand in Gitterboxen ist nicht mehr ausschlie\u00dflich von den Flurf\u00f6rderzeugen abh\u00e4ngig. Die f\u00fcr den Einzeltransport bestimmte Ausf\u00fchrung hat jeweils zwei starre und zwei mit einer Griffstange verbundene, schwenkbare Aufh\u00e4ngeb\u00fcgel. Sie kann von nur einem Anschl\u00e4ger in die Gitterbox eingeklinkt oder von ihr gel\u00f6st werden. Beim Einsatz der Gitterboxtraverse m\u00fcssen die Traversenhaken immer am oberen Rahmen der Gitterboxen eingeh\u00e4ngt werden.","og_url":"https:\/\/www.ohis.be\/de\/produit\/tts-gitterbox\/","og_site_name":"Ohis","og_image":[{"width":250,"height":339,"url":"https:\/\/www.ohis.be\/wp-content\/uploads\/2022\/12\/TTS_Gitterbox.jpg","type":"image\/jpeg"}],"twitter_card":"summary_large_image","twitter_misc":{"Gesch\u00e4tzte Lesezeit":"1\u00a0Minute"},"schema":{"@context":"https:\/\/schema.org","@graph":[{"@type":"WebPage","@id":"https:\/\/www.ohis.be\/de\/produit\/tts-gitterbox\/","url":"https:\/\/www.ohis.be\/de\/produit\/tts-gitterbox\/","name":"TTS Gitterbox - Ohis","isPartOf":{"@id":"https:\/\/www.ohis.be\/#website"},"primaryImageOfPage":{"@id":"https:\/\/www.ohis.be\/de\/produit\/tts-gitterbox\/#primaryimage"},"image":{"@id":"https:\/\/www.ohis.be\/de\/produit\/tts-gitterbox\/#primaryimage"},"thumbnailUrl":"https:\/\/www.ohis.be\/wp-content\/uploads\/2022\/12\/TTS_Gitterbox.jpg","datePublished":"2022-12-14T07:15:20+00:00","breadcrumb":{"@id":"https:\/\/www.ohis.be\/de\/produit\/tts-gitterbox\/#breadcrumb"},"inLanguage":"de","potentialAction":[{"@type":"ReadAction","target":["https:\/\/www.ohis.be\/de\/produit\/tts-gitterbox\/"]}]},{"@type":"ImageObject","inLanguage":"de","@id":"https:\/\/www.ohis.be\/de\/produit\/tts-gitterbox\/#primaryimage","url":"https:\/\/www.ohis.be\/wp-content\/uploads\/2022\/12\/TTS_Gitterbox.jpg","contentUrl":"https:\/\/www.ohis.be\/wp-content\/uploads\/2022\/12\/TTS_Gitterbox.jpg","width":250,"height":339,"caption":"&amp;#x05;4.0.3"},{"@type":"BreadcrumbList","@id":"https:\/\/www.ohis.be\/de\/produit\/tts-gitterbox\/#breadcrumb","itemListElement":[{"@type":"ListItem","position":1,"name":"Accueil","item":"https:\/\/www.ohis.be\/de\/"},{"@type":"ListItem","position":2,"name":"Produkte","item":"https:\/\/www.ohis.be\/de\/produkte\/"},{"@type":"ListItem","position":3,"name":"TTS Gitterbox"}]},{"@type":"WebSite","@id":"https:\/\/www.ohis.be\/#website","url":"https:\/\/www.ohis.be\/","name":"Ohis","description":"Outils de levage","publisher":{"@id":"https:\/\/www.ohis.be\/#organization"},"potentialAction":[{"@type":"SearchAction","target":{"@type":"EntryPoint","urlTemplate":"https:\/\/www.ohis.be\/?s={search_term_string}"},"query-input":{"@type":"PropertyValueSpecification","valueRequired":true,"valueName":"search_term_string"}}],"inLanguage":"de"},{"@type":"Organization","@id":"https:\/\/www.ohis.be\/#organization","name":"Ohis","url":"https:\/\/www.ohis.be\/","logo":{"@type":"ImageObject","inLanguage":"de","@id":"https:\/\/www.ohis.be\/#\/schema\/logo\/image\/","url":"https:\/\/www.ohis.be\/wp-content\/uploads\/2021\/02\/logo-ohis-wit.svg","contentUrl":"https:\/\/www.ohis.be\/wp-content\/uploads\/2021\/02\/logo-ohis-wit.svg","caption":"Ohis"},"image":{"@id":"https:\/\/www.ohis.be\/#\/schema\/logo\/image\/"}}]}},"_links":{"self":[{"href":"https:\/\/www.ohis.be\/de\/wp-json\/wp\/v2\/product\/25929","targetHints":{"allow":["GET"]}}],"collection":[{"href":"https:\/\/www.ohis.be\/de\/wp-json\/wp\/v2\/product"}],"about":[{"href":"https:\/\/www.ohis.be\/de\/wp-json\/wp\/v2\/types\/product"}],"wp:featuredmedia":[{"embeddable":true,"href":"https:\/\/www.ohis.be\/de\/wp-json\/wp\/v2\/media\/18879"}],"wp:attachment":[{"href":"https:\/\/www.ohis.be\/de\/wp-json\/wp\/v2\/media?parent=25929"}],"wp:term":[{"taxonomy":"product_brand","embeddable":true,"href":"https:\/\/www.ohis.be\/de\/wp-json\/wp\/v2\/product_brand?post=25929"},{"taxonomy":"product_cat","embeddable":true,"href":"https:\/\/www.ohis.be\/de\/wp-json\/wp\/v2\/product_cat?post=25929"},{"taxonomy":"product_tag","embeddable":true,"href":"https:\/\/www.ohis.be\/de\/wp-json\/wp\/v2\/product_tag?post=25929"}],"curies":[{"name":"wp","href":"https:\/\/api.w.org\/{rel}","templated":true}]}}