{"id":25905,"date":"2022-12-27T09:37:17","date_gmt":"2022-12-27T08:37:17","guid":{"rendered":"https:\/\/www.ohis.be\/produit\/li-ion-akku-24volt-fur-egu-15e\/"},"modified":"2022-12-27T09:37:17","modified_gmt":"2022-12-27T08:37:17","slug":"li-ion-akku-24volt-fur-egu-15e","status":"publish","type":"product","link":"https:\/\/www.ohis.be\/de\/produit\/li-ion-akku-24volt-fur-egu-15e\/","title":{"rendered":"Li-Ion-Akku 24Volt f\u00fcr EGU 15E"},"content":{"rendered":"<p>Dieser Akku bietet eine deutlich l\u00e4ngere Einsatz- und Lebensdauer bei k\u00fcrzeren Ladevorg\u00e4ngen.<br \/>\n\u2022 Die Li-ION Batterie hat eine Lebensdauer von bis zu 3000 Ladezyklen.<br \/>\n\u2022 Ladezeit von nur 2,5 Stunden.<br \/>\n\u2022 Zwischenladung ist m\u00f6glich ohne die Lebensdauer der Batterie zu beintr\u00e4chtigen.<br \/>\n\u2022 Kein Leistungsverlust bei sinkender Akkuladung.<\/p>\n","protected":false},"excerpt":{"rendered":"<p>Dieser Akku bietet eine deutlich l\u00e4ngere Einsatz- und Lebensdauer bei k\u00fcrzeren Ladevorg\u00e4ngen.<br \/>\n\u2022 Die Li-ION Batterie hat eine Lebensdauer von bis zu 3000 Ladezyklen.<br \/>\n\u2022 Ladezeit von nur 2,5 Stunden.<br \/>\n\u2022 Zwischenladung ist m\u00f6glich ohne die Lebensdauer der Batterie zu beintr\u00e4chtigen.<br \/>\n\u2022 Kein Leistungsverlust bei sinkender Akkuladung.<\/p>\n","protected":false},"featured_media":21791,"template":"","meta":{"_acf_changed":false,"inline_featured_image":false},"product_brand":[],"product_cat":[89,1633],"product_tag":[1673],"class_list":{"0":"post-25905","1":"product","2":"type-product","3":"status-publish","4":"has-post-thumbnail","6":"product_cat-elektro-teile","7":"product_cat-gabelhubwagen","8":"product_tag-pfaff-de","10":"first","11":"onbackorder","12":"taxable","13":"shipping-taxable","14":"purchasable","15":"product-type-variable"},"acf":[],"yoast_head":"<!-- This site is optimized with the Yoast SEO plugin v27.4 - https:\/\/yoast.com\/product\/yoast-seo-wordpress\/ -->\n<title>Li-Ion-Akku 24Volt f\u00fcr EGU 15E - Ohis<\/title>\n<meta name=\"robots\" content=\"index, follow, max-snippet:-1, max-image-preview:large, max-video-preview:-1\" \/>\n<link rel=\"canonical\" href=\"https:\/\/www.ohis.be\/de\/produit\/li-ion-akku-24volt-fur-egu-15e\/\" \/>\n<meta property=\"og:locale\" content=\"de_DE\" \/>\n<meta property=\"og:type\" content=\"article\" \/>\n<meta property=\"og:title\" content=\"Li-Ion-Akku 24Volt f\u00fcr EGU 15E - Ohis\" \/>\n<meta property=\"og:description\" content=\"Dieser Akku bietet eine deutlich l\u00e4ngere Einsatz- und Lebensdauer bei k\u00fcrzeren Ladevorg\u00e4ngen. \u2022 Die Li-ION Batterie hat eine Lebensdauer von bis zu 3000 Ladezyklen. \u2022 Ladezeit von nur 2,5 Stunden. \u2022 Zwischenladung ist m\u00f6glich ohne die Lebensdauer der Batterie zu beintr\u00e4chtigen. \u2022 Kein Leistungsverlust bei sinkender Akkuladung.\" \/>\n<meta property=\"og:url\" content=\"https:\/\/www.ohis.be\/de\/produit\/li-ion-akku-24volt-fur-egu-15e\/\" \/>\n<meta property=\"og:site_name\" content=\"Ohis\" \/>\n<meta property=\"og:image\" content=\"https:\/\/www.ohis.be\/wp-content\/uploads\/2022\/12\/egu_15_e_front_bat.jpg\" \/>\n\t<meta property=\"og:image:width\" content=\"912\" \/>\n\t<meta property=\"og:image:height\" content=\"640\" \/>\n\t<meta property=\"og:image:type\" content=\"image\/jpeg\" \/>\n<meta name=\"twitter:card\" content=\"summary_large_image\" \/>\n<script type=\"application\/ld+json\" class=\"yoast-schema-graph\">{\"@context\":\"https:\\\/\\\/schema.org\",\"@graph\":[{\"@type\":\"WebPage\",\"@id\":\"https:\\\/\\\/www.ohis.be\\\/de\\\/produit\\\/li-ion-akku-24volt-fur-egu-15e\\\/\",\"url\":\"https:\\\/\\\/www.ohis.be\\\/de\\\/produit\\\/li-ion-akku-24volt-fur-egu-15e\\\/\",\"name\":\"Li-Ion-Akku 24Volt f\u00fcr EGU 15E - Ohis\",\"isPartOf\":{\"@id\":\"https:\\\/\\\/www.ohis.be\\\/#website\"},\"primaryImageOfPage\":{\"@id\":\"https:\\\/\\\/www.ohis.be\\\/de\\\/produit\\\/li-ion-akku-24volt-fur-egu-15e\\\/#primaryimage\"},\"image\":{\"@id\":\"https:\\\/\\\/www.ohis.be\\\/de\\\/produit\\\/li-ion-akku-24volt-fur-egu-15e\\\/#primaryimage\"},\"thumbnailUrl\":\"https:\\\/\\\/www.ohis.be\\\/wp-content\\\/uploads\\\/2022\\\/12\\\/egu_15_e_front_bat.jpg\",\"datePublished\":\"2022-12-27T08:37:17+00:00\",\"breadcrumb\":{\"@id\":\"https:\\\/\\\/www.ohis.be\\\/de\\\/produit\\\/li-ion-akku-24volt-fur-egu-15e\\\/#breadcrumb\"},\"inLanguage\":\"de\",\"potentialAction\":[{\"@type\":\"ReadAction\",\"target\":[\"https:\\\/\\\/www.ohis.be\\\/de\\\/produit\\\/li-ion-akku-24volt-fur-egu-15e\\\/\"]}]},{\"@type\":\"ImageObject\",\"inLanguage\":\"de\",\"@id\":\"https:\\\/\\\/www.ohis.be\\\/de\\\/produit\\\/li-ion-akku-24volt-fur-egu-15e\\\/#primaryimage\",\"url\":\"https:\\\/\\\/www.ohis.be\\\/wp-content\\\/uploads\\\/2022\\\/12\\\/egu_15_e_front_bat.jpg\",\"contentUrl\":\"https:\\\/\\\/www.ohis.be\\\/wp-content\\\/uploads\\\/2022\\\/12\\\/egu_15_e_front_bat.jpg\",\"width\":912,\"height\":640},{\"@type\":\"BreadcrumbList\",\"@id\":\"https:\\\/\\\/www.ohis.be\\\/de\\\/produit\\\/li-ion-akku-24volt-fur-egu-15e\\\/#breadcrumb\",\"itemListElement\":[{\"@type\":\"ListItem\",\"position\":1,\"name\":\"Accueil\",\"item\":\"https:\\\/\\\/www.ohis.be\\\/de\\\/\"},{\"@type\":\"ListItem\",\"position\":2,\"name\":\"Produkte\",\"item\":\"https:\\\/\\\/www.ohis.be\\\/de\\\/produkte\\\/\"},{\"@type\":\"ListItem\",\"position\":3,\"name\":\"Li-Ion-Akku 24Volt f\u00fcr EGU 15E\"}]},{\"@type\":\"WebSite\",\"@id\":\"https:\\\/\\\/www.ohis.be\\\/#website\",\"url\":\"https:\\\/\\\/www.ohis.be\\\/\",\"name\":\"Ohis\",\"description\":\"Outils de levage\",\"publisher\":{\"@id\":\"https:\\\/\\\/www.ohis.be\\\/#organization\"},\"potentialAction\":[{\"@type\":\"SearchAction\",\"target\":{\"@type\":\"EntryPoint\",\"urlTemplate\":\"https:\\\/\\\/www.ohis.be\\\/?s={search_term_string}\"},\"query-input\":{\"@type\":\"PropertyValueSpecification\",\"valueRequired\":true,\"valueName\":\"search_term_string\"}}],\"inLanguage\":\"de\"},{\"@type\":\"Organization\",\"@id\":\"https:\\\/\\\/www.ohis.be\\\/#organization\",\"name\":\"Ohis\",\"url\":\"https:\\\/\\\/www.ohis.be\\\/\",\"logo\":{\"@type\":\"ImageObject\",\"inLanguage\":\"de\",\"@id\":\"https:\\\/\\\/www.ohis.be\\\/#\\\/schema\\\/logo\\\/image\\\/\",\"url\":\"https:\\\/\\\/www.ohis.be\\\/wp-content\\\/uploads\\\/2021\\\/02\\\/logo-ohis-wit.svg\",\"contentUrl\":\"https:\\\/\\\/www.ohis.be\\\/wp-content\\\/uploads\\\/2021\\\/02\\\/logo-ohis-wit.svg\",\"caption\":\"Ohis\"},\"image\":{\"@id\":\"https:\\\/\\\/www.ohis.be\\\/#\\\/schema\\\/logo\\\/image\\\/\"}}]}<\/script>\n<!-- \/ Yoast SEO plugin. -->","yoast_head_json":{"title":"Li-Ion-Akku 24Volt f\u00fcr EGU 15E - Ohis","robots":{"index":"index","follow":"follow","max-snippet":"max-snippet:-1","max-image-preview":"max-image-preview:large","max-video-preview":"max-video-preview:-1"},"canonical":"https:\/\/www.ohis.be\/de\/produit\/li-ion-akku-24volt-fur-egu-15e\/","og_locale":"de_DE","og_type":"article","og_title":"Li-Ion-Akku 24Volt f\u00fcr EGU 15E - Ohis","og_description":"Dieser Akku bietet eine deutlich l\u00e4ngere Einsatz- und Lebensdauer bei k\u00fcrzeren Ladevorg\u00e4ngen. \u2022 Die Li-ION Batterie hat eine Lebensdauer von bis zu 3000 Ladezyklen. \u2022 Ladezeit von nur 2,5 Stunden. \u2022 Zwischenladung ist m\u00f6glich ohne die Lebensdauer der Batterie zu beintr\u00e4chtigen. \u2022 Kein Leistungsverlust bei sinkender Akkuladung.","og_url":"https:\/\/www.ohis.be\/de\/produit\/li-ion-akku-24volt-fur-egu-15e\/","og_site_name":"Ohis","og_image":[{"width":912,"height":640,"url":"https:\/\/www.ohis.be\/wp-content\/uploads\/2022\/12\/egu_15_e_front_bat.jpg","type":"image\/jpeg"}],"twitter_card":"summary_large_image","schema":{"@context":"https:\/\/schema.org","@graph":[{"@type":"WebPage","@id":"https:\/\/www.ohis.be\/de\/produit\/li-ion-akku-24volt-fur-egu-15e\/","url":"https:\/\/www.ohis.be\/de\/produit\/li-ion-akku-24volt-fur-egu-15e\/","name":"Li-Ion-Akku 24Volt f\u00fcr EGU 15E - Ohis","isPartOf":{"@id":"https:\/\/www.ohis.be\/#website"},"primaryImageOfPage":{"@id":"https:\/\/www.ohis.be\/de\/produit\/li-ion-akku-24volt-fur-egu-15e\/#primaryimage"},"image":{"@id":"https:\/\/www.ohis.be\/de\/produit\/li-ion-akku-24volt-fur-egu-15e\/#primaryimage"},"thumbnailUrl":"https:\/\/www.ohis.be\/wp-content\/uploads\/2022\/12\/egu_15_e_front_bat.jpg","datePublished":"2022-12-27T08:37:17+00:00","breadcrumb":{"@id":"https:\/\/www.ohis.be\/de\/produit\/li-ion-akku-24volt-fur-egu-15e\/#breadcrumb"},"inLanguage":"de","potentialAction":[{"@type":"ReadAction","target":["https:\/\/www.ohis.be\/de\/produit\/li-ion-akku-24volt-fur-egu-15e\/"]}]},{"@type":"ImageObject","inLanguage":"de","@id":"https:\/\/www.ohis.be\/de\/produit\/li-ion-akku-24volt-fur-egu-15e\/#primaryimage","url":"https:\/\/www.ohis.be\/wp-content\/uploads\/2022\/12\/egu_15_e_front_bat.jpg","contentUrl":"https:\/\/www.ohis.be\/wp-content\/uploads\/2022\/12\/egu_15_e_front_bat.jpg","width":912,"height":640},{"@type":"BreadcrumbList","@id":"https:\/\/www.ohis.be\/de\/produit\/li-ion-akku-24volt-fur-egu-15e\/#breadcrumb","itemListElement":[{"@type":"ListItem","position":1,"name":"Accueil","item":"https:\/\/www.ohis.be\/de\/"},{"@type":"ListItem","position":2,"name":"Produkte","item":"https:\/\/www.ohis.be\/de\/produkte\/"},{"@type":"ListItem","position":3,"name":"Li-Ion-Akku 24Volt f\u00fcr EGU 15E"}]},{"@type":"WebSite","@id":"https:\/\/www.ohis.be\/#website","url":"https:\/\/www.ohis.be\/","name":"Ohis","description":"Outils de levage","publisher":{"@id":"https:\/\/www.ohis.be\/#organization"},"potentialAction":[{"@type":"SearchAction","target":{"@type":"EntryPoint","urlTemplate":"https:\/\/www.ohis.be\/?s={search_term_string}"},"query-input":{"@type":"PropertyValueSpecification","valueRequired":true,"valueName":"search_term_string"}}],"inLanguage":"de"},{"@type":"Organization","@id":"https:\/\/www.ohis.be\/#organization","name":"Ohis","url":"https:\/\/www.ohis.be\/","logo":{"@type":"ImageObject","inLanguage":"de","@id":"https:\/\/www.ohis.be\/#\/schema\/logo\/image\/","url":"https:\/\/www.ohis.be\/wp-content\/uploads\/2021\/02\/logo-ohis-wit.svg","contentUrl":"https:\/\/www.ohis.be\/wp-content\/uploads\/2021\/02\/logo-ohis-wit.svg","caption":"Ohis"},"image":{"@id":"https:\/\/www.ohis.be\/#\/schema\/logo\/image\/"}}]}},"_links":{"self":[{"href":"https:\/\/www.ohis.be\/de\/wp-json\/wp\/v2\/product\/25905","targetHints":{"allow":["GET"]}}],"collection":[{"href":"https:\/\/www.ohis.be\/de\/wp-json\/wp\/v2\/product"}],"about":[{"href":"https:\/\/www.ohis.be\/de\/wp-json\/wp\/v2\/types\/product"}],"wp:featuredmedia":[{"embeddable":true,"href":"https:\/\/www.ohis.be\/de\/wp-json\/wp\/v2\/media\/21791"}],"wp:attachment":[{"href":"https:\/\/www.ohis.be\/de\/wp-json\/wp\/v2\/media?parent=25905"}],"wp:term":[{"taxonomy":"product_brand","embeddable":true,"href":"https:\/\/www.ohis.be\/de\/wp-json\/wp\/v2\/product_brand?post=25905"},{"taxonomy":"product_cat","embeddable":true,"href":"https:\/\/www.ohis.be\/de\/wp-json\/wp\/v2\/product_cat?post=25905"},{"taxonomy":"product_tag","embeddable":true,"href":"https:\/\/www.ohis.be\/de\/wp-json\/wp\/v2\/product_tag?post=25905"}],"curies":[{"name":"wp","href":"https:\/\/api.w.org\/{rel}","templated":true}]}}