{"id":25898,"date":"2022-12-27T09:33:05","date_gmt":"2022-12-27T08:33:05","guid":{"rendered":"https:\/\/www.ohis.be\/produit\/egu-15-e-li-ion-elektrogabelhubwagen\/"},"modified":"2022-12-27T09:33:05","modified_gmt":"2022-12-27T08:33:05","slug":"egu-15-e-li-ion-elektrogabelhubwagen","status":"publish","type":"product","link":"https:\/\/www.ohis.be\/de\/produit\/egu-15-e-li-ion-elektrogabelhubwagen\/","title":{"rendered":"EGU 15 E &#8211; Li-Ion Elektrogabelhubwagen"},"content":{"rendered":"<p>Tragf\u00e4higkeit 1.500 kg<br \/>\nF\u00fcr den Transport von palettierten G\u00fctern im innerbetrieblichen Bereich auf ebenen B\u00f6den und kurzen bis mittleren Strecken.<br \/>\nDer EGU 15 E Li-ION geh\u00f6rt zur neuen Generation der Elektrohubwagen. Mit seinen kompakten Abmessungen und der neuen Lithium Ionen Batterie ist er eine ideale Alternative zum herk\u00f6mmlichen Hubwagen und mit nur 123 kg Service-Gewicht das perfekte Mitnahme-Ger\u00e4t auf dem LKW.<br \/>\nMit einem Wechselakku (optional) l\u00e4sst sich innerhalb von Sekunden die leere Batterie gegen eine Geladene tauschen und damit nahezu unterbrechungsfrei arbeiten. Die Ladezeit ist mit 2,5 Stunden so kurz wie noch nie.<\/p>\n<p>Ausstattung und Verarbeitung<br \/>\n\u2022 Wartungsfreier Lithium Ionen Akku<br \/>\n\u2022 Integriertes Batterie-Managementsystem \u00fcberwacht alle wichtigen Parameter der Batterie.<br \/>\n\u2022 Ladezeit von nur noch 2,5 Stunden, auch Zwischenladungen m\u00f6glich<br \/>\n\u2022 Zugriffsschutz durch Pin Code<br \/>\n\u2022 Curtis-Controller und CAN-Bus Technik<br \/>\n\u2022 Fahrgeschwindigkeit stufenlos regelbar<br \/>\n\u2022 Externes Ladeger\u00e4t zum schnellen Laden an jeder 230 V Steckdose<br \/>\n\u2022 Batterieladeanzeige und Betriebsstundenz\u00e4hler<br \/>\n\u2022 Einfahrrollen f\u00fcr problemloses Einfahren in die Breitseite von Euro-Paletten<\/p>\n<p>Lieferumfang<br \/>\n\u2022 Wartungsfreier Li-Ion Akku 24 Volt\/20 Ah (optional 30 oder 36 Ah)<br \/>\n\u2022 Externes Ladeger\u00e4t<\/p>\n","protected":false},"excerpt":{"rendered":"<p>Tragf\u00e4higkeit 1.500 kg<br \/>\nF\u00fcr den Transport von palettierten G\u00fctern im innerbetrieblichen Bereich auf ebenen B\u00f6den und kurzen bis mittleren Strecken.<br \/>\nDer EGU 15 E Li-ION geh\u00f6rt zur neuen Generation der Elektrohubwagen. Mit seinen kompakten Abmessungen und der neuen Lithium Ionen Batterie ist er eine ideale Alternative zum herk\u00f6mmlichen Hubwagen und mit nur 123 kg Service-Gewicht das perfekte Mitnahme-Ger\u00e4t auf dem LKW.<br \/>\nMit einem Wechselakku (optional) l\u00e4sst sich innerhalb von Sekunden die leere Batterie gegen eine Geladene tauschen und damit nahezu unterbrechungsfrei arbeiten. Die Ladezeit ist mit 2,5 Stunden so kurz wie noch nie.<\/p>\n<p>Ausstattung und Verarbeitung<br \/>\n\u2022 Wartungsfreier Lithium Ionen Akku<br \/>\n\u2022 Integriertes Batterie-Managementsystem \u00fcberwacht alle wichtigen Parameter der Batterie.<br \/>\n\u2022 Ladezeit von nur noch 2,5 Stunden, auch Zwischenladungen m\u00f6glich<br \/>\n\u2022 Zugriffsschutz durch Pin Code<br \/>\n\u2022 Curtis-Controller und CAN-Bus Technik<br \/>\n\u2022 Fahrgeschwindigkeit stufenlos regelbar<br \/>\n\u2022 Externes Ladeger\u00e4t zum schnellen Laden an jeder 230 V Steckdose<br \/>\n\u2022 Batterieladeanzeige und Betriebsstundenz\u00e4hler<br \/>\n\u2022 Einfahrrollen f\u00fcr problemloses Einfahren in die Breitseite von Euro-Paletten<\/p>\n<p>Lieferumfang<br \/>\n\u2022 Wartungsfreier Li-Ion Akku 24 Volt\/20 Ah (optional 30 oder 36 Ah)<br \/>\n\u2022 Externes Ladeger\u00e4t<\/p>\n","protected":false},"featured_media":21787,"template":"","meta":{"_acf_changed":false,"inline_featured_image":false},"product_brand":[],"product_cat":[1633],"product_tag":[1673],"class_list":{"0":"post-25898","1":"product","2":"type-product","3":"status-publish","4":"has-post-thumbnail","6":"product_cat-gabelhubwagen","7":"product_tag-pfaff-de","9":"first","10":"onbackorder","11":"taxable","12":"shipping-taxable","13":"purchasable","14":"product-type-variable"},"acf":[],"yoast_head":"<!-- This site is optimized with the Yoast SEO plugin v27.4 - https:\/\/yoast.com\/product\/yoast-seo-wordpress\/ -->\n<title>EGU 15 E - Li-Ion Elektrogabelhubwagen - Ohis<\/title>\n<meta name=\"robots\" content=\"index, follow, max-snippet:-1, max-image-preview:large, max-video-preview:-1\" \/>\n<link rel=\"canonical\" href=\"https:\/\/www.ohis.be\/de\/produit\/egu-15-e-li-ion-elektrogabelhubwagen\/\" \/>\n<meta property=\"og:locale\" content=\"de_DE\" \/>\n<meta property=\"og:type\" content=\"article\" \/>\n<meta property=\"og:title\" content=\"EGU 15 E - Li-Ion Elektrogabelhubwagen - Ohis\" \/>\n<meta property=\"og:description\" content=\"Tragf\u00e4higkeit 1.500 kg F\u00fcr den Transport von palettierten G\u00fctern im innerbetrieblichen Bereich auf ebenen B\u00f6den und kurzen bis mittleren Strecken. Der EGU 15 E Li-ION geh\u00f6rt zur neuen Generation der Elektrohubwagen. Mit seinen kompakten Abmessungen und der neuen Lithium Ionen Batterie ist er eine ideale Alternative zum herk\u00f6mmlichen Hubwagen und mit nur 123 kg Service-Gewicht das perfekte Mitnahme-Ger\u00e4t auf dem LKW. Mit einem Wechselakku (optional) l\u00e4sst sich innerhalb von Sekunden die leere Batterie gegen eine Geladene tauschen und damit nahezu unterbrechungsfrei arbeiten. Die Ladezeit ist mit 2,5 Stunden so kurz wie noch nie.  Ausstattung und Verarbeitung \u2022 Wartungsfreier Lithium Ionen Akku \u2022 Integriertes Batterie-Managementsystem \u00fcberwacht alle wichtigen Parameter der Batterie. \u2022 Ladezeit von nur noch 2,5 Stunden, auch Zwischenladungen m\u00f6glich \u2022 Zugriffsschutz durch Pin Code \u2022 Curtis-Controller und CAN-Bus Technik \u2022 Fahrgeschwindigkeit stufenlos regelbar \u2022 Externes Ladeger\u00e4t zum schnellen Laden an jeder 230 V Steckdose \u2022 Batterieladeanzeige und Betriebsstundenz\u00e4hler \u2022 Einfahrrollen f\u00fcr problemloses Einfahren in die Breitseite von Euro-Paletten  Lieferumfang \u2022 Wartungsfreier Li-Ion Akku 24 Volt\/20 Ah (optional 30 oder 36 Ah) \u2022 Externes Ladeger\u00e4t\" \/>\n<meta property=\"og:url\" content=\"https:\/\/www.ohis.be\/de\/produit\/egu-15-e-li-ion-elektrogabelhubwagen\/\" \/>\n<meta property=\"og:site_name\" content=\"Ohis\" \/>\n<meta property=\"og:image\" content=\"https:\/\/www.ohis.be\/wp-content\/uploads\/2022\/12\/egu_15_e_front.jpg\" \/>\n\t<meta property=\"og:image:width\" content=\"1009\" \/>\n\t<meta property=\"og:image:height\" content=\"1005\" \/>\n\t<meta property=\"og:image:type\" content=\"image\/jpeg\" \/>\n<meta name=\"twitter:card\" content=\"summary_large_image\" \/>\n<meta name=\"twitter:label1\" content=\"Gesch\u00e4tzte Lesezeit\" \/>\n\t<meta name=\"twitter:data1\" content=\"1\u00a0Minute\" \/>\n<script type=\"application\/ld+json\" class=\"yoast-schema-graph\">{\"@context\":\"https:\\\/\\\/schema.org\",\"@graph\":[{\"@type\":\"WebPage\",\"@id\":\"https:\\\/\\\/www.ohis.be\\\/de\\\/produit\\\/egu-15-e-li-ion-elektrogabelhubwagen\\\/\",\"url\":\"https:\\\/\\\/www.ohis.be\\\/de\\\/produit\\\/egu-15-e-li-ion-elektrogabelhubwagen\\\/\",\"name\":\"EGU 15 E - Li-Ion Elektrogabelhubwagen - Ohis\",\"isPartOf\":{\"@id\":\"https:\\\/\\\/www.ohis.be\\\/#website\"},\"primaryImageOfPage\":{\"@id\":\"https:\\\/\\\/www.ohis.be\\\/de\\\/produit\\\/egu-15-e-li-ion-elektrogabelhubwagen\\\/#primaryimage\"},\"image\":{\"@id\":\"https:\\\/\\\/www.ohis.be\\\/de\\\/produit\\\/egu-15-e-li-ion-elektrogabelhubwagen\\\/#primaryimage\"},\"thumbnailUrl\":\"https:\\\/\\\/www.ohis.be\\\/wp-content\\\/uploads\\\/2022\\\/12\\\/egu_15_e_front.jpg\",\"datePublished\":\"2022-12-27T08:33:05+00:00\",\"breadcrumb\":{\"@id\":\"https:\\\/\\\/www.ohis.be\\\/de\\\/produit\\\/egu-15-e-li-ion-elektrogabelhubwagen\\\/#breadcrumb\"},\"inLanguage\":\"de\",\"potentialAction\":[{\"@type\":\"ReadAction\",\"target\":[\"https:\\\/\\\/www.ohis.be\\\/de\\\/produit\\\/egu-15-e-li-ion-elektrogabelhubwagen\\\/\"]}]},{\"@type\":\"ImageObject\",\"inLanguage\":\"de\",\"@id\":\"https:\\\/\\\/www.ohis.be\\\/de\\\/produit\\\/egu-15-e-li-ion-elektrogabelhubwagen\\\/#primaryimage\",\"url\":\"https:\\\/\\\/www.ohis.be\\\/wp-content\\\/uploads\\\/2022\\\/12\\\/egu_15_e_front.jpg\",\"contentUrl\":\"https:\\\/\\\/www.ohis.be\\\/wp-content\\\/uploads\\\/2022\\\/12\\\/egu_15_e_front.jpg\",\"width\":1009,\"height\":1005},{\"@type\":\"BreadcrumbList\",\"@id\":\"https:\\\/\\\/www.ohis.be\\\/de\\\/produit\\\/egu-15-e-li-ion-elektrogabelhubwagen\\\/#breadcrumb\",\"itemListElement\":[{\"@type\":\"ListItem\",\"position\":1,\"name\":\"Accueil\",\"item\":\"https:\\\/\\\/www.ohis.be\\\/de\\\/\"},{\"@type\":\"ListItem\",\"position\":2,\"name\":\"Produkte\",\"item\":\"https:\\\/\\\/www.ohis.be\\\/de\\\/produkte\\\/\"},{\"@type\":\"ListItem\",\"position\":3,\"name\":\"EGU 15 E &#8211; Li-Ion Elektrogabelhubwagen\"}]},{\"@type\":\"WebSite\",\"@id\":\"https:\\\/\\\/www.ohis.be\\\/#website\",\"url\":\"https:\\\/\\\/www.ohis.be\\\/\",\"name\":\"Ohis\",\"description\":\"Outils de levage\",\"publisher\":{\"@id\":\"https:\\\/\\\/www.ohis.be\\\/#organization\"},\"potentialAction\":[{\"@type\":\"SearchAction\",\"target\":{\"@type\":\"EntryPoint\",\"urlTemplate\":\"https:\\\/\\\/www.ohis.be\\\/?s={search_term_string}\"},\"query-input\":{\"@type\":\"PropertyValueSpecification\",\"valueRequired\":true,\"valueName\":\"search_term_string\"}}],\"inLanguage\":\"de\"},{\"@type\":\"Organization\",\"@id\":\"https:\\\/\\\/www.ohis.be\\\/#organization\",\"name\":\"Ohis\",\"url\":\"https:\\\/\\\/www.ohis.be\\\/\",\"logo\":{\"@type\":\"ImageObject\",\"inLanguage\":\"de\",\"@id\":\"https:\\\/\\\/www.ohis.be\\\/#\\\/schema\\\/logo\\\/image\\\/\",\"url\":\"https:\\\/\\\/www.ohis.be\\\/wp-content\\\/uploads\\\/2021\\\/02\\\/logo-ohis-wit.svg\",\"contentUrl\":\"https:\\\/\\\/www.ohis.be\\\/wp-content\\\/uploads\\\/2021\\\/02\\\/logo-ohis-wit.svg\",\"caption\":\"Ohis\"},\"image\":{\"@id\":\"https:\\\/\\\/www.ohis.be\\\/#\\\/schema\\\/logo\\\/image\\\/\"}}]}<\/script>\n<!-- \/ Yoast SEO plugin. -->","yoast_head_json":{"title":"EGU 15 E - Li-Ion Elektrogabelhubwagen - Ohis","robots":{"index":"index","follow":"follow","max-snippet":"max-snippet:-1","max-image-preview":"max-image-preview:large","max-video-preview":"max-video-preview:-1"},"canonical":"https:\/\/www.ohis.be\/de\/produit\/egu-15-e-li-ion-elektrogabelhubwagen\/","og_locale":"de_DE","og_type":"article","og_title":"EGU 15 E - Li-Ion Elektrogabelhubwagen - Ohis","og_description":"Tragf\u00e4higkeit 1.500 kg F\u00fcr den Transport von palettierten G\u00fctern im innerbetrieblichen Bereich auf ebenen B\u00f6den und kurzen bis mittleren Strecken. Der EGU 15 E Li-ION geh\u00f6rt zur neuen Generation der Elektrohubwagen. Mit seinen kompakten Abmessungen und der neuen Lithium Ionen Batterie ist er eine ideale Alternative zum herk\u00f6mmlichen Hubwagen und mit nur 123 kg Service-Gewicht das perfekte Mitnahme-Ger\u00e4t auf dem LKW. Mit einem Wechselakku (optional) l\u00e4sst sich innerhalb von Sekunden die leere Batterie gegen eine Geladene tauschen und damit nahezu unterbrechungsfrei arbeiten. Die Ladezeit ist mit 2,5 Stunden so kurz wie noch nie.  Ausstattung und Verarbeitung \u2022 Wartungsfreier Lithium Ionen Akku \u2022 Integriertes Batterie-Managementsystem \u00fcberwacht alle wichtigen Parameter der Batterie. \u2022 Ladezeit von nur noch 2,5 Stunden, auch Zwischenladungen m\u00f6glich \u2022 Zugriffsschutz durch Pin Code \u2022 Curtis-Controller und CAN-Bus Technik \u2022 Fahrgeschwindigkeit stufenlos regelbar \u2022 Externes Ladeger\u00e4t zum schnellen Laden an jeder 230 V Steckdose \u2022 Batterieladeanzeige und Betriebsstundenz\u00e4hler \u2022 Einfahrrollen f\u00fcr problemloses Einfahren in die Breitseite von Euro-Paletten  Lieferumfang \u2022 Wartungsfreier Li-Ion Akku 24 Volt\/20 Ah (optional 30 oder 36 Ah) \u2022 Externes Ladeger\u00e4t","og_url":"https:\/\/www.ohis.be\/de\/produit\/egu-15-e-li-ion-elektrogabelhubwagen\/","og_site_name":"Ohis","og_image":[{"width":1009,"height":1005,"url":"https:\/\/www.ohis.be\/wp-content\/uploads\/2022\/12\/egu_15_e_front.jpg","type":"image\/jpeg"}],"twitter_card":"summary_large_image","twitter_misc":{"Gesch\u00e4tzte Lesezeit":"1\u00a0Minute"},"schema":{"@context":"https:\/\/schema.org","@graph":[{"@type":"WebPage","@id":"https:\/\/www.ohis.be\/de\/produit\/egu-15-e-li-ion-elektrogabelhubwagen\/","url":"https:\/\/www.ohis.be\/de\/produit\/egu-15-e-li-ion-elektrogabelhubwagen\/","name":"EGU 15 E - Li-Ion Elektrogabelhubwagen - Ohis","isPartOf":{"@id":"https:\/\/www.ohis.be\/#website"},"primaryImageOfPage":{"@id":"https:\/\/www.ohis.be\/de\/produit\/egu-15-e-li-ion-elektrogabelhubwagen\/#primaryimage"},"image":{"@id":"https:\/\/www.ohis.be\/de\/produit\/egu-15-e-li-ion-elektrogabelhubwagen\/#primaryimage"},"thumbnailUrl":"https:\/\/www.ohis.be\/wp-content\/uploads\/2022\/12\/egu_15_e_front.jpg","datePublished":"2022-12-27T08:33:05+00:00","breadcrumb":{"@id":"https:\/\/www.ohis.be\/de\/produit\/egu-15-e-li-ion-elektrogabelhubwagen\/#breadcrumb"},"inLanguage":"de","potentialAction":[{"@type":"ReadAction","target":["https:\/\/www.ohis.be\/de\/produit\/egu-15-e-li-ion-elektrogabelhubwagen\/"]}]},{"@type":"ImageObject","inLanguage":"de","@id":"https:\/\/www.ohis.be\/de\/produit\/egu-15-e-li-ion-elektrogabelhubwagen\/#primaryimage","url":"https:\/\/www.ohis.be\/wp-content\/uploads\/2022\/12\/egu_15_e_front.jpg","contentUrl":"https:\/\/www.ohis.be\/wp-content\/uploads\/2022\/12\/egu_15_e_front.jpg","width":1009,"height":1005},{"@type":"BreadcrumbList","@id":"https:\/\/www.ohis.be\/de\/produit\/egu-15-e-li-ion-elektrogabelhubwagen\/#breadcrumb","itemListElement":[{"@type":"ListItem","position":1,"name":"Accueil","item":"https:\/\/www.ohis.be\/de\/"},{"@type":"ListItem","position":2,"name":"Produkte","item":"https:\/\/www.ohis.be\/de\/produkte\/"},{"@type":"ListItem","position":3,"name":"EGU 15 E &#8211; Li-Ion Elektrogabelhubwagen"}]},{"@type":"WebSite","@id":"https:\/\/www.ohis.be\/#website","url":"https:\/\/www.ohis.be\/","name":"Ohis","description":"Outils de levage","publisher":{"@id":"https:\/\/www.ohis.be\/#organization"},"potentialAction":[{"@type":"SearchAction","target":{"@type":"EntryPoint","urlTemplate":"https:\/\/www.ohis.be\/?s={search_term_string}"},"query-input":{"@type":"PropertyValueSpecification","valueRequired":true,"valueName":"search_term_string"}}],"inLanguage":"de"},{"@type":"Organization","@id":"https:\/\/www.ohis.be\/#organization","name":"Ohis","url":"https:\/\/www.ohis.be\/","logo":{"@type":"ImageObject","inLanguage":"de","@id":"https:\/\/www.ohis.be\/#\/schema\/logo\/image\/","url":"https:\/\/www.ohis.be\/wp-content\/uploads\/2021\/02\/logo-ohis-wit.svg","contentUrl":"https:\/\/www.ohis.be\/wp-content\/uploads\/2021\/02\/logo-ohis-wit.svg","caption":"Ohis"},"image":{"@id":"https:\/\/www.ohis.be\/#\/schema\/logo\/image\/"}}]}},"_links":{"self":[{"href":"https:\/\/www.ohis.be\/de\/wp-json\/wp\/v2\/product\/25898","targetHints":{"allow":["GET"]}}],"collection":[{"href":"https:\/\/www.ohis.be\/de\/wp-json\/wp\/v2\/product"}],"about":[{"href":"https:\/\/www.ohis.be\/de\/wp-json\/wp\/v2\/types\/product"}],"wp:featuredmedia":[{"embeddable":true,"href":"https:\/\/www.ohis.be\/de\/wp-json\/wp\/v2\/media\/21787"}],"wp:attachment":[{"href":"https:\/\/www.ohis.be\/de\/wp-json\/wp\/v2\/media?parent=25898"}],"wp:term":[{"taxonomy":"product_brand","embeddable":true,"href":"https:\/\/www.ohis.be\/de\/wp-json\/wp\/v2\/product_brand?post=25898"},{"taxonomy":"product_cat","embeddable":true,"href":"https:\/\/www.ohis.be\/de\/wp-json\/wp\/v2\/product_cat?post=25898"},{"taxonomy":"product_tag","embeddable":true,"href":"https:\/\/www.ohis.be\/de\/wp-json\/wp\/v2\/product_tag?post=25898"}],"curies":[{"name":"wp","href":"https:\/\/api.w.org\/{rel}","templated":true}]}}