{"id":25891,"date":"2022-12-27T09:38:55","date_gmt":"2022-12-27T08:38:55","guid":{"rendered":"https:\/\/www.ohis.be\/produit\/egu-ps-14-elektrogabelhubwagen\/"},"modified":"2022-12-27T09:38:55","modified_gmt":"2022-12-27T08:38:55","slug":"egu-ps-14-elektrogabelhubwagen","status":"publish","type":"product","link":"https:\/\/www.ohis.be\/de\/produit\/egu-ps-14-elektrogabelhubwagen\/","title":{"rendered":"EGU PS 14 Elektrogabelhubwagen"},"content":{"rendered":"<p>F\u00fcr den Transport von palletierten G\u00fctern im innerbetrieblichen Bereich auf ebenen B\u00f6den bei mittlerer Auslastung. Seine geringen Chassis Abmessungen erm\u00f6glichen einfaches Man\u00f6vrieren auch bei beengten Platzverh\u00e4ltnissen.<\/p>\n<p>Ausstattung und Verarbeitung<br \/>\n\u2022 Reduzierte Abmessungen: L2 nur 410 mm.<br \/>\n\u2022 Schleichfahrttaster f\u00fcr exaktes Arbeiten in beengten R\u00e4umen<br \/>\n\u2022 Feinf\u00fchlige und stufenlose Geschwindigkeitskontrolle<br \/>\n\u2022 Integriertes Ladeger\u00e4t zum einfachen Laden an jeder 230 V Steckdose<br \/>\n\u2022 Batterieladestandsanzeige<\/p>\n<p>EGU PS 14 Basic<br \/>\nDas Ger\u00e4t wird mit einem DC Fahrmotor und einer Stahlrohdeichsel geliefert, in die alle Bedienfunktionen integriert sind &#8211; die preisg\u00fcnstigste Variante.<\/p>\n<p>EGU PS 14 Plus<br \/>\nDie Plus Version mit leistungsstarker Gel Batterie beinhaltet einen wartungsfreundlichen AC Fahrmotor mit reduziertem Stromverbrauch und h\u00f6herer Fahrgeschwindigkeit. F\u00fcr ein Plus an Kapazit\u00e4t und eine l\u00e4ngere Batterielebensdauer. Die Kunststoff-Multifunktionsdeichsel hat alle Bedien- und Kontrollfunktionen wie z.B. Betriebsstundenz\u00e4hler und Ladeanzeige integriert.<\/p>\n<p>EGU PS 14 Li-Ion<br \/>\nDiese Ausf\u00fchrung bietet eine deutlich l\u00e4ngere Einsatz- und Lebensdauer bei k\u00fcrzeren Ladevorg\u00e4ngen.<br \/>\n\u2022 Die Li-ION Batterie hat eine Lebensdauer von bis zu 3000 Ladezyklen.<br \/>\n\u2022 Ladezeit von nur 2,5 Stunden.<br \/>\n\u2022 Zwischenladung ist m\u00f6glich ohne die Lebensdauer der Batterie zu beintr\u00e4chtigen.<br \/>\n\u2022 Kein Leistungsverlust bei sinkender Akkuladung<\/p>\n","protected":false},"excerpt":{"rendered":"<p>F\u00fcr den Transport von palletierten G\u00fctern im innerbetrieblichen Bereich auf ebenen B\u00f6den bei mittlerer Auslastung. Seine geringen Chassis Abmessungen erm\u00f6glichen einfaches Man\u00f6vrieren auch bei beengten Platzverh\u00e4ltnissen.<\/p>\n<p>Ausstattung und Verarbeitung<br \/>\n\u2022 Reduzierte Abmessungen: L2 nur 410 mm.<br \/>\n\u2022 Schleichfahrttaster f\u00fcr exaktes Arbeiten in beengten R\u00e4umen<br \/>\n\u2022 Feinf\u00fchlige und stufenlose Geschwindigkeitskontrolle<br \/>\n\u2022 Integriertes Ladeger\u00e4t zum einfachen Laden an jeder 230 V Steckdose<br \/>\n\u2022 Batterieladestandsanzeige<\/p>\n<p>EGU PS 14 Basic<br \/>\nDas Ger\u00e4t wird mit einem DC Fahrmotor und einer Stahlrohdeichsel geliefert, in die alle Bedienfunktionen integriert sind &#8211; die preisg\u00fcnstigste Variante.<\/p>\n<p>EGU PS 14 Plus<br \/>\nDie Plus Version mit leistungsstarker Gel Batterie beinhaltet einen wartungsfreundlichen AC Fahrmotor mit reduziertem Stromverbrauch und h\u00f6herer Fahrgeschwindigkeit. F\u00fcr ein Plus an Kapazit\u00e4t und eine l\u00e4ngere Batterielebensdauer. Die Kunststoff-Multifunktionsdeichsel hat alle Bedien- und Kontrollfunktionen wie z.B. Betriebsstundenz\u00e4hler und Ladeanzeige integriert.<\/p>\n<p>EGU PS 14 Li-Ion<br \/>\nDiese Ausf\u00fchrung bietet eine deutlich l\u00e4ngere Einsatz- und Lebensdauer bei k\u00fcrzeren Ladevorg\u00e4ngen.<br \/>\n\u2022 Die Li-ION Batterie hat eine Lebensdauer von bis zu 3000 Ladezyklen.<br \/>\n\u2022 Ladezeit von nur 2,5 Stunden.<br \/>\n\u2022 Zwischenladung ist m\u00f6glich ohne die Lebensdauer der Batterie zu beintr\u00e4chtigen.<br \/>\n\u2022 Kein Leistungsverlust bei sinkender Akkuladung<\/p>\n","protected":false},"featured_media":21799,"template":"","meta":{"_acf_changed":false,"inline_featured_image":false},"product_brand":[],"product_cat":[1633],"product_tag":[1673],"class_list":{"0":"post-25891","1":"product","2":"type-product","3":"status-publish","4":"has-post-thumbnail","6":"product_cat-gabelhubwagen","7":"product_tag-pfaff-de","9":"first","10":"onbackorder","11":"taxable","12":"shipping-taxable","13":"purchasable","14":"product-type-variable"},"acf":[],"yoast_head":"<!-- This site is optimized with the Yoast SEO plugin v27.5 - https:\/\/yoast.com\/product\/yoast-seo-wordpress\/ -->\n<title>EGU PS 14 Elektrogabelhubwagen - Ohis<\/title>\n<meta name=\"robots\" content=\"index, follow, max-snippet:-1, max-image-preview:large, max-video-preview:-1\" \/>\n<link rel=\"canonical\" href=\"https:\/\/www.ohis.be\/de\/produit\/egu-ps-14-elektrogabelhubwagen\/\" \/>\n<meta property=\"og:locale\" content=\"de_DE\" \/>\n<meta property=\"og:type\" content=\"article\" \/>\n<meta property=\"og:title\" content=\"EGU PS 14 Elektrogabelhubwagen - Ohis\" \/>\n<meta property=\"og:description\" content=\"F\u00fcr den Transport von palletierten G\u00fctern im innerbetrieblichen Bereich auf ebenen B\u00f6den bei mittlerer Auslastung. Seine geringen Chassis Abmessungen erm\u00f6glichen einfaches Man\u00f6vrieren auch bei beengten Platzverh\u00e4ltnissen.  Ausstattung und Verarbeitung \u2022 Reduzierte Abmessungen: L2 nur 410 mm. \u2022 Schleichfahrttaster f\u00fcr exaktes Arbeiten in beengten R\u00e4umen \u2022 Feinf\u00fchlige und stufenlose Geschwindigkeitskontrolle \u2022 Integriertes Ladeger\u00e4t zum einfachen Laden an jeder 230 V Steckdose \u2022 Batterieladestandsanzeige  EGU PS 14 Basic Das Ger\u00e4t wird mit einem DC Fahrmotor und einer Stahlrohdeichsel geliefert, in die alle Bedienfunktionen integriert sind - die preisg\u00fcnstigste Variante.  EGU PS 14 Plus Die Plus Version mit leistungsstarker Gel Batterie beinhaltet einen wartungsfreundlichen AC Fahrmotor mit reduziertem Stromverbrauch und h\u00f6herer Fahrgeschwindigkeit. F\u00fcr ein Plus an Kapazit\u00e4t und eine l\u00e4ngere Batterielebensdauer. Die Kunststoff-Multifunktionsdeichsel hat alle Bedien- und Kontrollfunktionen wie z.B. Betriebsstundenz\u00e4hler und Ladeanzeige integriert.  EGU PS 14 Li-Ion Diese Ausf\u00fchrung bietet eine deutlich l\u00e4ngere Einsatz- und Lebensdauer bei k\u00fcrzeren Ladevorg\u00e4ngen. \u2022 Die Li-ION Batterie hat eine Lebensdauer von bis zu 3000 Ladezyklen. \u2022 Ladezeit von nur 2,5 Stunden. \u2022 Zwischenladung ist m\u00f6glich ohne die Lebensdauer der Batterie zu beintr\u00e4chtigen. \u2022 Kein Leistungsverlust bei sinkender Akkuladung\" \/>\n<meta property=\"og:url\" content=\"https:\/\/www.ohis.be\/de\/produit\/egu-ps-14-elektrogabelhubwagen\/\" \/>\n<meta property=\"og:site_name\" content=\"Ohis\" \/>\n<meta property=\"og:image\" content=\"https:\/\/www.ohis.be\/wp-content\/uploads\/2022\/12\/egu_ps14_2019.jpg\" \/>\n\t<meta property=\"og:image:width\" content=\"902\" \/>\n\t<meta property=\"og:image:height\" content=\"924\" \/>\n\t<meta property=\"og:image:type\" content=\"image\/jpeg\" \/>\n<meta name=\"twitter:card\" content=\"summary_large_image\" \/>\n<meta name=\"twitter:label1\" content=\"Gesch\u00e4tzte Lesezeit\" \/>\n\t<meta name=\"twitter:data1\" content=\"1\u00a0Minute\" \/>\n<script type=\"application\/ld+json\" class=\"yoast-schema-graph\">{\"@context\":\"https:\\\/\\\/schema.org\",\"@graph\":[{\"@type\":\"WebPage\",\"@id\":\"https:\\\/\\\/www.ohis.be\\\/de\\\/produit\\\/egu-ps-14-elektrogabelhubwagen\\\/\",\"url\":\"https:\\\/\\\/www.ohis.be\\\/de\\\/produit\\\/egu-ps-14-elektrogabelhubwagen\\\/\",\"name\":\"EGU PS 14 Elektrogabelhubwagen - Ohis\",\"isPartOf\":{\"@id\":\"https:\\\/\\\/www.ohis.be\\\/#website\"},\"primaryImageOfPage\":{\"@id\":\"https:\\\/\\\/www.ohis.be\\\/de\\\/produit\\\/egu-ps-14-elektrogabelhubwagen\\\/#primaryimage\"},\"image\":{\"@id\":\"https:\\\/\\\/www.ohis.be\\\/de\\\/produit\\\/egu-ps-14-elektrogabelhubwagen\\\/#primaryimage\"},\"thumbnailUrl\":\"https:\\\/\\\/www.ohis.be\\\/wp-content\\\/uploads\\\/2022\\\/12\\\/egu_ps14_2019.jpg\",\"datePublished\":\"2022-12-27T08:38:55+00:00\",\"breadcrumb\":{\"@id\":\"https:\\\/\\\/www.ohis.be\\\/de\\\/produit\\\/egu-ps-14-elektrogabelhubwagen\\\/#breadcrumb\"},\"inLanguage\":\"de\",\"potentialAction\":[{\"@type\":\"ReadAction\",\"target\":[\"https:\\\/\\\/www.ohis.be\\\/de\\\/produit\\\/egu-ps-14-elektrogabelhubwagen\\\/\"]}]},{\"@type\":\"ImageObject\",\"inLanguage\":\"de\",\"@id\":\"https:\\\/\\\/www.ohis.be\\\/de\\\/produit\\\/egu-ps-14-elektrogabelhubwagen\\\/#primaryimage\",\"url\":\"https:\\\/\\\/www.ohis.be\\\/wp-content\\\/uploads\\\/2022\\\/12\\\/egu_ps14_2019.jpg\",\"contentUrl\":\"https:\\\/\\\/www.ohis.be\\\/wp-content\\\/uploads\\\/2022\\\/12\\\/egu_ps14_2019.jpg\",\"width\":902,\"height\":924},{\"@type\":\"BreadcrumbList\",\"@id\":\"https:\\\/\\\/www.ohis.be\\\/de\\\/produit\\\/egu-ps-14-elektrogabelhubwagen\\\/#breadcrumb\",\"itemListElement\":[{\"@type\":\"ListItem\",\"position\":1,\"name\":\"Accueil\",\"item\":\"https:\\\/\\\/www.ohis.be\\\/de\\\/\"},{\"@type\":\"ListItem\",\"position\":2,\"name\":\"Produkte\",\"item\":\"https:\\\/\\\/www.ohis.be\\\/de\\\/produkte\\\/\"},{\"@type\":\"ListItem\",\"position\":3,\"name\":\"EGU PS 14 Elektrogabelhubwagen\"}]},{\"@type\":\"WebSite\",\"@id\":\"https:\\\/\\\/www.ohis.be\\\/#website\",\"url\":\"https:\\\/\\\/www.ohis.be\\\/\",\"name\":\"Ohis\",\"description\":\"Outils de levage\",\"publisher\":{\"@id\":\"https:\\\/\\\/www.ohis.be\\\/#organization\"},\"potentialAction\":[{\"@type\":\"SearchAction\",\"target\":{\"@type\":\"EntryPoint\",\"urlTemplate\":\"https:\\\/\\\/www.ohis.be\\\/?s={search_term_string}\"},\"query-input\":{\"@type\":\"PropertyValueSpecification\",\"valueRequired\":true,\"valueName\":\"search_term_string\"}}],\"inLanguage\":\"de\"},{\"@type\":\"Organization\",\"@id\":\"https:\\\/\\\/www.ohis.be\\\/#organization\",\"name\":\"Ohis\",\"url\":\"https:\\\/\\\/www.ohis.be\\\/\",\"logo\":{\"@type\":\"ImageObject\",\"inLanguage\":\"de\",\"@id\":\"https:\\\/\\\/www.ohis.be\\\/#\\\/schema\\\/logo\\\/image\\\/\",\"url\":\"https:\\\/\\\/www.ohis.be\\\/wp-content\\\/uploads\\\/2021\\\/02\\\/logo-ohis-wit.svg\",\"contentUrl\":\"https:\\\/\\\/www.ohis.be\\\/wp-content\\\/uploads\\\/2021\\\/02\\\/logo-ohis-wit.svg\",\"caption\":\"Ohis\"},\"image\":{\"@id\":\"https:\\\/\\\/www.ohis.be\\\/#\\\/schema\\\/logo\\\/image\\\/\"}}]}<\/script>\n<!-- \/ Yoast SEO plugin. -->","yoast_head_json":{"title":"EGU PS 14 Elektrogabelhubwagen - Ohis","robots":{"index":"index","follow":"follow","max-snippet":"max-snippet:-1","max-image-preview":"max-image-preview:large","max-video-preview":"max-video-preview:-1"},"canonical":"https:\/\/www.ohis.be\/de\/produit\/egu-ps-14-elektrogabelhubwagen\/","og_locale":"de_DE","og_type":"article","og_title":"EGU PS 14 Elektrogabelhubwagen - Ohis","og_description":"F\u00fcr den Transport von palletierten G\u00fctern im innerbetrieblichen Bereich auf ebenen B\u00f6den bei mittlerer Auslastung. Seine geringen Chassis Abmessungen erm\u00f6glichen einfaches Man\u00f6vrieren auch bei beengten Platzverh\u00e4ltnissen.  Ausstattung und Verarbeitung \u2022 Reduzierte Abmessungen: L2 nur 410 mm. \u2022 Schleichfahrttaster f\u00fcr exaktes Arbeiten in beengten R\u00e4umen \u2022 Feinf\u00fchlige und stufenlose Geschwindigkeitskontrolle \u2022 Integriertes Ladeger\u00e4t zum einfachen Laden an jeder 230 V Steckdose \u2022 Batterieladestandsanzeige  EGU PS 14 Basic Das Ger\u00e4t wird mit einem DC Fahrmotor und einer Stahlrohdeichsel geliefert, in die alle Bedienfunktionen integriert sind - die preisg\u00fcnstigste Variante.  EGU PS 14 Plus Die Plus Version mit leistungsstarker Gel Batterie beinhaltet einen wartungsfreundlichen AC Fahrmotor mit reduziertem Stromverbrauch und h\u00f6herer Fahrgeschwindigkeit. F\u00fcr ein Plus an Kapazit\u00e4t und eine l\u00e4ngere Batterielebensdauer. Die Kunststoff-Multifunktionsdeichsel hat alle Bedien- und Kontrollfunktionen wie z.B. Betriebsstundenz\u00e4hler und Ladeanzeige integriert.  EGU PS 14 Li-Ion Diese Ausf\u00fchrung bietet eine deutlich l\u00e4ngere Einsatz- und Lebensdauer bei k\u00fcrzeren Ladevorg\u00e4ngen. \u2022 Die Li-ION Batterie hat eine Lebensdauer von bis zu 3000 Ladezyklen. \u2022 Ladezeit von nur 2,5 Stunden. \u2022 Zwischenladung ist m\u00f6glich ohne die Lebensdauer der Batterie zu beintr\u00e4chtigen. \u2022 Kein Leistungsverlust bei sinkender Akkuladung","og_url":"https:\/\/www.ohis.be\/de\/produit\/egu-ps-14-elektrogabelhubwagen\/","og_site_name":"Ohis","og_image":[{"width":902,"height":924,"url":"https:\/\/www.ohis.be\/wp-content\/uploads\/2022\/12\/egu_ps14_2019.jpg","type":"image\/jpeg"}],"twitter_card":"summary_large_image","twitter_misc":{"Gesch\u00e4tzte Lesezeit":"1\u00a0Minute"},"schema":{"@context":"https:\/\/schema.org","@graph":[{"@type":"WebPage","@id":"https:\/\/www.ohis.be\/de\/produit\/egu-ps-14-elektrogabelhubwagen\/","url":"https:\/\/www.ohis.be\/de\/produit\/egu-ps-14-elektrogabelhubwagen\/","name":"EGU PS 14 Elektrogabelhubwagen - Ohis","isPartOf":{"@id":"https:\/\/www.ohis.be\/#website"},"primaryImageOfPage":{"@id":"https:\/\/www.ohis.be\/de\/produit\/egu-ps-14-elektrogabelhubwagen\/#primaryimage"},"image":{"@id":"https:\/\/www.ohis.be\/de\/produit\/egu-ps-14-elektrogabelhubwagen\/#primaryimage"},"thumbnailUrl":"https:\/\/www.ohis.be\/wp-content\/uploads\/2022\/12\/egu_ps14_2019.jpg","datePublished":"2022-12-27T08:38:55+00:00","breadcrumb":{"@id":"https:\/\/www.ohis.be\/de\/produit\/egu-ps-14-elektrogabelhubwagen\/#breadcrumb"},"inLanguage":"de","potentialAction":[{"@type":"ReadAction","target":["https:\/\/www.ohis.be\/de\/produit\/egu-ps-14-elektrogabelhubwagen\/"]}]},{"@type":"ImageObject","inLanguage":"de","@id":"https:\/\/www.ohis.be\/de\/produit\/egu-ps-14-elektrogabelhubwagen\/#primaryimage","url":"https:\/\/www.ohis.be\/wp-content\/uploads\/2022\/12\/egu_ps14_2019.jpg","contentUrl":"https:\/\/www.ohis.be\/wp-content\/uploads\/2022\/12\/egu_ps14_2019.jpg","width":902,"height":924},{"@type":"BreadcrumbList","@id":"https:\/\/www.ohis.be\/de\/produit\/egu-ps-14-elektrogabelhubwagen\/#breadcrumb","itemListElement":[{"@type":"ListItem","position":1,"name":"Accueil","item":"https:\/\/www.ohis.be\/de\/"},{"@type":"ListItem","position":2,"name":"Produkte","item":"https:\/\/www.ohis.be\/de\/produkte\/"},{"@type":"ListItem","position":3,"name":"EGU PS 14 Elektrogabelhubwagen"}]},{"@type":"WebSite","@id":"https:\/\/www.ohis.be\/#website","url":"https:\/\/www.ohis.be\/","name":"Ohis","description":"Outils de levage","publisher":{"@id":"https:\/\/www.ohis.be\/#organization"},"potentialAction":[{"@type":"SearchAction","target":{"@type":"EntryPoint","urlTemplate":"https:\/\/www.ohis.be\/?s={search_term_string}"},"query-input":{"@type":"PropertyValueSpecification","valueRequired":true,"valueName":"search_term_string"}}],"inLanguage":"de"},{"@type":"Organization","@id":"https:\/\/www.ohis.be\/#organization","name":"Ohis","url":"https:\/\/www.ohis.be\/","logo":{"@type":"ImageObject","inLanguage":"de","@id":"https:\/\/www.ohis.be\/#\/schema\/logo\/image\/","url":"https:\/\/www.ohis.be\/wp-content\/uploads\/2021\/02\/logo-ohis-wit.svg","contentUrl":"https:\/\/www.ohis.be\/wp-content\/uploads\/2021\/02\/logo-ohis-wit.svg","caption":"Ohis"},"image":{"@id":"https:\/\/www.ohis.be\/#\/schema\/logo\/image\/"}}]}},"_links":{"self":[{"href":"https:\/\/www.ohis.be\/de\/wp-json\/wp\/v2\/product\/25891","targetHints":{"allow":["GET"]}}],"collection":[{"href":"https:\/\/www.ohis.be\/de\/wp-json\/wp\/v2\/product"}],"about":[{"href":"https:\/\/www.ohis.be\/de\/wp-json\/wp\/v2\/types\/product"}],"wp:featuredmedia":[{"embeddable":true,"href":"https:\/\/www.ohis.be\/de\/wp-json\/wp\/v2\/media\/21799"}],"wp:attachment":[{"href":"https:\/\/www.ohis.be\/de\/wp-json\/wp\/v2\/media?parent=25891"}],"wp:term":[{"taxonomy":"product_brand","embeddable":true,"href":"https:\/\/www.ohis.be\/de\/wp-json\/wp\/v2\/product_brand?post=25891"},{"taxonomy":"product_cat","embeddable":true,"href":"https:\/\/www.ohis.be\/de\/wp-json\/wp\/v2\/product_cat?post=25891"},{"taxonomy":"product_tag","embeddable":true,"href":"https:\/\/www.ohis.be\/de\/wp-json\/wp\/v2\/product_tag?post=25891"}],"curies":[{"name":"wp","href":"https:\/\/api.w.org\/{rel}","templated":true}]}}