{"id":25865,"date":"2022-12-27T15:10:20","date_gmt":"2022-12-27T14:10:20","guid":{"rendered":"https:\/\/www.ohis.be\/produit\/ehh-ps-hand-gabelhochhubwagen-mit-elektrohydraulischem-hub-handverfahrbar\/"},"modified":"2022-12-27T15:10:20","modified_gmt":"2022-12-27T14:10:20","slug":"ehh-ps-hand-gabelhochhubwagen-mit-elektrohydraulischem-hub-handverfahrbar","status":"publish","type":"product","link":"https:\/\/www.ohis.be\/de\/produit\/ehh-ps-hand-gabelhochhubwagen-mit-elektrohydraulischem-hub-handverfahrbar\/","title":{"rendered":"EHH PS Hand-Gabelhochhubwagen mit elektrohydraulischem Hub, handverfahrbar"},"content":{"rendered":"<p>Tragf\u00e4higkeit 1.000 &#8211; 1.200 kg,<br \/>\nGabelh\u00f6he max. 3.500 mm<br \/>\nF\u00fcr den gelegentlichen bis mittleren Einsatz zum Stapeln und Transportieren von palettierten Lasten, auch bei beengten Raumverh\u00e4ltnissen.<\/p>\n<p>Ausstattung und Verarbeitung<br \/>\n\u2022 Leichte Handhabung durch Zwangslenkung der Lenkrollen.<br \/>\n\u2022 Hubeinrichtung mit elektrohydraulischem Kompaktaggregat und \u00dcberlastsicherung.<br \/>\n\u2022 Feinf\u00fchliges Absenken der Last durch stufenlos regulierbares Senkventil.<br \/>\n\u2022 Geschwei\u00dfte Mastkonstruktion aus Pr\u00e4zisionsprofilen, der Gabeltr\u00e4ger ist mit wartungsfreien F\u00fchrungsrollen ausgestattet.<br \/>\n\u2022 Arretierung des Ger\u00e4tes durch Feststellvorrichtung.<br \/>\n\u2022 Robustes Fahrgestell mit je zwei Last- und Lenkrollen<\/p>\n<p>Lieferumfang<br \/>\n\u2022 Batterie und integriertes Ladeger\u00e4t.<\/p>\n","protected":false},"excerpt":{"rendered":"<p>Tragf\u00e4higkeit 1.000 &#8211; 1.200 kg,<br \/>\nGabelh\u00f6he max. 3.500 mm<br \/>\nF\u00fcr den gelegentlichen bis mittleren Einsatz zum Stapeln und Transportieren von palettierten Lasten, auch bei beengten Raumverh\u00e4ltnissen.<\/p>\n<p>Ausstattung und Verarbeitung<br \/>\n\u2022 Leichte Handhabung durch Zwangslenkung der Lenkrollen.<br \/>\n\u2022 Hubeinrichtung mit elektrohydraulischem Kompaktaggregat und \u00dcberlastsicherung.<br \/>\n\u2022 Feinf\u00fchliges Absenken der Last durch stufenlos regulierbares Senkventil.<br \/>\n\u2022 Geschwei\u00dfte Mastkonstruktion aus Pr\u00e4zisionsprofilen, der Gabeltr\u00e4ger ist mit wartungsfreien F\u00fchrungsrollen ausgestattet.<br \/>\n\u2022 Arretierung des Ger\u00e4tes durch Feststellvorrichtung.<br \/>\n\u2022 Robustes Fahrgestell mit je zwei Last- und Lenkrollen<\/p>\n<p>Lieferumfang<br \/>\n\u2022 Batterie und integriertes Ladeger\u00e4t.<\/p>\n","protected":false},"featured_media":21835,"template":"","meta":{"_acf_changed":false,"inline_featured_image":false},"product_brand":[],"product_cat":[1633],"product_tag":[1673],"class_list":{"0":"post-25865","1":"product","2":"type-product","3":"status-publish","4":"has-post-thumbnail","6":"product_cat-gabelhubwagen","7":"product_tag-pfaff-de","9":"first","10":"onbackorder","11":"taxable","12":"shipping-taxable","13":"purchasable","14":"product-type-variable"},"acf":[],"yoast_head":"<!-- This site is optimized with the Yoast SEO plugin v27.4 - https:\/\/yoast.com\/product\/yoast-seo-wordpress\/ -->\n<title>EHH PS Hand-Gabelhochhubwagen mit elektrohydraulischem Hub, handverfahrbar - Ohis<\/title>\n<meta name=\"robots\" content=\"index, follow, max-snippet:-1, max-image-preview:large, max-video-preview:-1\" \/>\n<link rel=\"canonical\" href=\"https:\/\/www.ohis.be\/de\/produit\/ehh-ps-hand-gabelhochhubwagen-mit-elektrohydraulischem-hub-handverfahrbar\/\" \/>\n<meta property=\"og:locale\" content=\"de_DE\" \/>\n<meta property=\"og:type\" content=\"article\" \/>\n<meta property=\"og:title\" content=\"EHH PS Hand-Gabelhochhubwagen mit elektrohydraulischem Hub, handverfahrbar - Ohis\" \/>\n<meta property=\"og:description\" content=\"Tragf\u00e4higkeit 1.000 - 1.200 kg, Gabelh\u00f6he max. 3.500 mm F\u00fcr den gelegentlichen bis mittleren Einsatz zum Stapeln und Transportieren von palettierten Lasten, auch bei beengten Raumverh\u00e4ltnissen.  Ausstattung und Verarbeitung \u2022 Leichte Handhabung durch Zwangslenkung der Lenkrollen. \u2022 Hubeinrichtung mit elektrohydraulischem Kompaktaggregat und \u00dcberlastsicherung. \u2022 Feinf\u00fchliges Absenken der Last durch stufenlos regulierbares Senkventil. \u2022 Geschwei\u00dfte Mastkonstruktion aus Pr\u00e4zisionsprofilen, der Gabeltr\u00e4ger ist mit wartungsfreien F\u00fchrungsrollen ausgestattet. \u2022 Arretierung des Ger\u00e4tes durch Feststellvorrichtung. \u2022 Robustes Fahrgestell mit je zwei Last- und Lenkrollen  Lieferumfang \u2022 Batterie und integriertes Ladeger\u00e4t.\" \/>\n<meta property=\"og:url\" content=\"https:\/\/www.ohis.be\/de\/produit\/ehh-ps-hand-gabelhochhubwagen-mit-elektrohydraulischem-hub-handverfahrbar\/\" \/>\n<meta property=\"og:site_name\" content=\"Ohis\" \/>\n<meta property=\"og:image\" content=\"https:\/\/www.ohis.be\/wp-content\/uploads\/2022\/12\/EHH_PS.jpg\" \/>\n\t<meta property=\"og:image:width\" content=\"871\" \/>\n\t<meta property=\"og:image:height\" content=\"1033\" \/>\n\t<meta property=\"og:image:type\" content=\"image\/jpeg\" \/>\n<meta name=\"twitter:card\" content=\"summary_large_image\" \/>\n<script type=\"application\/ld+json\" class=\"yoast-schema-graph\">{\"@context\":\"https:\\\/\\\/schema.org\",\"@graph\":[{\"@type\":\"WebPage\",\"@id\":\"https:\\\/\\\/www.ohis.be\\\/de\\\/produit\\\/ehh-ps-hand-gabelhochhubwagen-mit-elektrohydraulischem-hub-handverfahrbar\\\/\",\"url\":\"https:\\\/\\\/www.ohis.be\\\/de\\\/produit\\\/ehh-ps-hand-gabelhochhubwagen-mit-elektrohydraulischem-hub-handverfahrbar\\\/\",\"name\":\"EHH PS Hand-Gabelhochhubwagen mit elektrohydraulischem Hub, handverfahrbar - Ohis\",\"isPartOf\":{\"@id\":\"https:\\\/\\\/www.ohis.be\\\/#website\"},\"primaryImageOfPage\":{\"@id\":\"https:\\\/\\\/www.ohis.be\\\/de\\\/produit\\\/ehh-ps-hand-gabelhochhubwagen-mit-elektrohydraulischem-hub-handverfahrbar\\\/#primaryimage\"},\"image\":{\"@id\":\"https:\\\/\\\/www.ohis.be\\\/de\\\/produit\\\/ehh-ps-hand-gabelhochhubwagen-mit-elektrohydraulischem-hub-handverfahrbar\\\/#primaryimage\"},\"thumbnailUrl\":\"https:\\\/\\\/www.ohis.be\\\/wp-content\\\/uploads\\\/2022\\\/12\\\/EHH_PS.jpg\",\"datePublished\":\"2022-12-27T14:10:20+00:00\",\"breadcrumb\":{\"@id\":\"https:\\\/\\\/www.ohis.be\\\/de\\\/produit\\\/ehh-ps-hand-gabelhochhubwagen-mit-elektrohydraulischem-hub-handverfahrbar\\\/#breadcrumb\"},\"inLanguage\":\"de\",\"potentialAction\":[{\"@type\":\"ReadAction\",\"target\":[\"https:\\\/\\\/www.ohis.be\\\/de\\\/produit\\\/ehh-ps-hand-gabelhochhubwagen-mit-elektrohydraulischem-hub-handverfahrbar\\\/\"]}]},{\"@type\":\"ImageObject\",\"inLanguage\":\"de\",\"@id\":\"https:\\\/\\\/www.ohis.be\\\/de\\\/produit\\\/ehh-ps-hand-gabelhochhubwagen-mit-elektrohydraulischem-hub-handverfahrbar\\\/#primaryimage\",\"url\":\"https:\\\/\\\/www.ohis.be\\\/wp-content\\\/uploads\\\/2022\\\/12\\\/EHH_PS.jpg\",\"contentUrl\":\"https:\\\/\\\/www.ohis.be\\\/wp-content\\\/uploads\\\/2022\\\/12\\\/EHH_PS.jpg\",\"width\":871,\"height\":1033},{\"@type\":\"BreadcrumbList\",\"@id\":\"https:\\\/\\\/www.ohis.be\\\/de\\\/produit\\\/ehh-ps-hand-gabelhochhubwagen-mit-elektrohydraulischem-hub-handverfahrbar\\\/#breadcrumb\",\"itemListElement\":[{\"@type\":\"ListItem\",\"position\":1,\"name\":\"Accueil\",\"item\":\"https:\\\/\\\/www.ohis.be\\\/de\\\/\"},{\"@type\":\"ListItem\",\"position\":2,\"name\":\"Produkte\",\"item\":\"https:\\\/\\\/www.ohis.be\\\/de\\\/produkte\\\/\"},{\"@type\":\"ListItem\",\"position\":3,\"name\":\"EHH PS Hand-Gabelhochhubwagen mit elektrohydraulischem Hub, handverfahrbar\"}]},{\"@type\":\"WebSite\",\"@id\":\"https:\\\/\\\/www.ohis.be\\\/#website\",\"url\":\"https:\\\/\\\/www.ohis.be\\\/\",\"name\":\"Ohis\",\"description\":\"Outils de levage\",\"publisher\":{\"@id\":\"https:\\\/\\\/www.ohis.be\\\/#organization\"},\"potentialAction\":[{\"@type\":\"SearchAction\",\"target\":{\"@type\":\"EntryPoint\",\"urlTemplate\":\"https:\\\/\\\/www.ohis.be\\\/?s={search_term_string}\"},\"query-input\":{\"@type\":\"PropertyValueSpecification\",\"valueRequired\":true,\"valueName\":\"search_term_string\"}}],\"inLanguage\":\"de\"},{\"@type\":\"Organization\",\"@id\":\"https:\\\/\\\/www.ohis.be\\\/#organization\",\"name\":\"Ohis\",\"url\":\"https:\\\/\\\/www.ohis.be\\\/\",\"logo\":{\"@type\":\"ImageObject\",\"inLanguage\":\"de\",\"@id\":\"https:\\\/\\\/www.ohis.be\\\/#\\\/schema\\\/logo\\\/image\\\/\",\"url\":\"https:\\\/\\\/www.ohis.be\\\/wp-content\\\/uploads\\\/2021\\\/02\\\/logo-ohis-wit.svg\",\"contentUrl\":\"https:\\\/\\\/www.ohis.be\\\/wp-content\\\/uploads\\\/2021\\\/02\\\/logo-ohis-wit.svg\",\"caption\":\"Ohis\"},\"image\":{\"@id\":\"https:\\\/\\\/www.ohis.be\\\/#\\\/schema\\\/logo\\\/image\\\/\"}}]}<\/script>\n<!-- \/ Yoast SEO plugin. -->","yoast_head_json":{"title":"EHH PS Hand-Gabelhochhubwagen mit elektrohydraulischem Hub, handverfahrbar - Ohis","robots":{"index":"index","follow":"follow","max-snippet":"max-snippet:-1","max-image-preview":"max-image-preview:large","max-video-preview":"max-video-preview:-1"},"canonical":"https:\/\/www.ohis.be\/de\/produit\/ehh-ps-hand-gabelhochhubwagen-mit-elektrohydraulischem-hub-handverfahrbar\/","og_locale":"de_DE","og_type":"article","og_title":"EHH PS Hand-Gabelhochhubwagen mit elektrohydraulischem Hub, handverfahrbar - Ohis","og_description":"Tragf\u00e4higkeit 1.000 - 1.200 kg, Gabelh\u00f6he max. 3.500 mm F\u00fcr den gelegentlichen bis mittleren Einsatz zum Stapeln und Transportieren von palettierten Lasten, auch bei beengten Raumverh\u00e4ltnissen.  Ausstattung und Verarbeitung \u2022 Leichte Handhabung durch Zwangslenkung der Lenkrollen. \u2022 Hubeinrichtung mit elektrohydraulischem Kompaktaggregat und \u00dcberlastsicherung. \u2022 Feinf\u00fchliges Absenken der Last durch stufenlos regulierbares Senkventil. \u2022 Geschwei\u00dfte Mastkonstruktion aus Pr\u00e4zisionsprofilen, der Gabeltr\u00e4ger ist mit wartungsfreien F\u00fchrungsrollen ausgestattet. \u2022 Arretierung des Ger\u00e4tes durch Feststellvorrichtung. \u2022 Robustes Fahrgestell mit je zwei Last- und Lenkrollen  Lieferumfang \u2022 Batterie und integriertes Ladeger\u00e4t.","og_url":"https:\/\/www.ohis.be\/de\/produit\/ehh-ps-hand-gabelhochhubwagen-mit-elektrohydraulischem-hub-handverfahrbar\/","og_site_name":"Ohis","og_image":[{"width":871,"height":1033,"url":"https:\/\/www.ohis.be\/wp-content\/uploads\/2022\/12\/EHH_PS.jpg","type":"image\/jpeg"}],"twitter_card":"summary_large_image","schema":{"@context":"https:\/\/schema.org","@graph":[{"@type":"WebPage","@id":"https:\/\/www.ohis.be\/de\/produit\/ehh-ps-hand-gabelhochhubwagen-mit-elektrohydraulischem-hub-handverfahrbar\/","url":"https:\/\/www.ohis.be\/de\/produit\/ehh-ps-hand-gabelhochhubwagen-mit-elektrohydraulischem-hub-handverfahrbar\/","name":"EHH PS Hand-Gabelhochhubwagen mit elektrohydraulischem Hub, handverfahrbar - Ohis","isPartOf":{"@id":"https:\/\/www.ohis.be\/#website"},"primaryImageOfPage":{"@id":"https:\/\/www.ohis.be\/de\/produit\/ehh-ps-hand-gabelhochhubwagen-mit-elektrohydraulischem-hub-handverfahrbar\/#primaryimage"},"image":{"@id":"https:\/\/www.ohis.be\/de\/produit\/ehh-ps-hand-gabelhochhubwagen-mit-elektrohydraulischem-hub-handverfahrbar\/#primaryimage"},"thumbnailUrl":"https:\/\/www.ohis.be\/wp-content\/uploads\/2022\/12\/EHH_PS.jpg","datePublished":"2022-12-27T14:10:20+00:00","breadcrumb":{"@id":"https:\/\/www.ohis.be\/de\/produit\/ehh-ps-hand-gabelhochhubwagen-mit-elektrohydraulischem-hub-handverfahrbar\/#breadcrumb"},"inLanguage":"de","potentialAction":[{"@type":"ReadAction","target":["https:\/\/www.ohis.be\/de\/produit\/ehh-ps-hand-gabelhochhubwagen-mit-elektrohydraulischem-hub-handverfahrbar\/"]}]},{"@type":"ImageObject","inLanguage":"de","@id":"https:\/\/www.ohis.be\/de\/produit\/ehh-ps-hand-gabelhochhubwagen-mit-elektrohydraulischem-hub-handverfahrbar\/#primaryimage","url":"https:\/\/www.ohis.be\/wp-content\/uploads\/2022\/12\/EHH_PS.jpg","contentUrl":"https:\/\/www.ohis.be\/wp-content\/uploads\/2022\/12\/EHH_PS.jpg","width":871,"height":1033},{"@type":"BreadcrumbList","@id":"https:\/\/www.ohis.be\/de\/produit\/ehh-ps-hand-gabelhochhubwagen-mit-elektrohydraulischem-hub-handverfahrbar\/#breadcrumb","itemListElement":[{"@type":"ListItem","position":1,"name":"Accueil","item":"https:\/\/www.ohis.be\/de\/"},{"@type":"ListItem","position":2,"name":"Produkte","item":"https:\/\/www.ohis.be\/de\/produkte\/"},{"@type":"ListItem","position":3,"name":"EHH PS Hand-Gabelhochhubwagen mit elektrohydraulischem Hub, handverfahrbar"}]},{"@type":"WebSite","@id":"https:\/\/www.ohis.be\/#website","url":"https:\/\/www.ohis.be\/","name":"Ohis","description":"Outils de levage","publisher":{"@id":"https:\/\/www.ohis.be\/#organization"},"potentialAction":[{"@type":"SearchAction","target":{"@type":"EntryPoint","urlTemplate":"https:\/\/www.ohis.be\/?s={search_term_string}"},"query-input":{"@type":"PropertyValueSpecification","valueRequired":true,"valueName":"search_term_string"}}],"inLanguage":"de"},{"@type":"Organization","@id":"https:\/\/www.ohis.be\/#organization","name":"Ohis","url":"https:\/\/www.ohis.be\/","logo":{"@type":"ImageObject","inLanguage":"de","@id":"https:\/\/www.ohis.be\/#\/schema\/logo\/image\/","url":"https:\/\/www.ohis.be\/wp-content\/uploads\/2021\/02\/logo-ohis-wit.svg","contentUrl":"https:\/\/www.ohis.be\/wp-content\/uploads\/2021\/02\/logo-ohis-wit.svg","caption":"Ohis"},"image":{"@id":"https:\/\/www.ohis.be\/#\/schema\/logo\/image\/"}}]}},"_links":{"self":[{"href":"https:\/\/www.ohis.be\/de\/wp-json\/wp\/v2\/product\/25865","targetHints":{"allow":["GET"]}}],"collection":[{"href":"https:\/\/www.ohis.be\/de\/wp-json\/wp\/v2\/product"}],"about":[{"href":"https:\/\/www.ohis.be\/de\/wp-json\/wp\/v2\/types\/product"}],"wp:featuredmedia":[{"embeddable":true,"href":"https:\/\/www.ohis.be\/de\/wp-json\/wp\/v2\/media\/21835"}],"wp:attachment":[{"href":"https:\/\/www.ohis.be\/de\/wp-json\/wp\/v2\/media?parent=25865"}],"wp:term":[{"taxonomy":"product_brand","embeddable":true,"href":"https:\/\/www.ohis.be\/de\/wp-json\/wp\/v2\/product_brand?post=25865"},{"taxonomy":"product_cat","embeddable":true,"href":"https:\/\/www.ohis.be\/de\/wp-json\/wp\/v2\/product_cat?post=25865"},{"taxonomy":"product_tag","embeddable":true,"href":"https:\/\/www.ohis.be\/de\/wp-json\/wp\/v2\/product_tag?post=25865"}],"curies":[{"name":"wp","href":"https:\/\/api.w.org\/{rel}","templated":true}]}}