{"id":25850,"date":"2022-12-27T15:29:47","date_gmt":"2022-12-27T14:29:47","guid":{"rendered":"https:\/\/www.ohis.be\/produit\/egv-psl-ii-elektro-geh-gabelhochhubwagen\/"},"modified":"2022-12-27T15:29:47","modified_gmt":"2022-12-27T14:29:47","slug":"egv-psl-ii-elektro-geh-gabelhochhubwagen","status":"publish","type":"product","link":"https:\/\/www.ohis.be\/de\/produit\/egv-psl-ii-elektro-geh-gabelhochhubwagen\/","title":{"rendered":"EGV PSL II Elektro-Geh-Gabelhochhubwagen"},"content":{"rendered":"<p>Tragf\u00e4higkeit 1.200 kg,<br \/>\nGabelh\u00f6he max. 3.500 mm<br \/>\nDer komplett neu entwickelte EGV PSL II ist die professionelle L\u00f6sung im innerbetrieblichen Einsatz zum Transportieren und Stapeln von palettierten Lasten in kleinen bis mittelgro\u00dfen Hallen und bei mittlerer Auslastung.<\/p>\n<p>Ausstattung und Verarbeitung<br \/>\n\u2022 Der weite Hubmast und die seitliche Deichsel erlauben dem Anwender freie Sicht auf den Fahrweg und die Last.<br \/>\n\u2022 Alle Funktionen sind direkt an der Deichsel zu bedienen.<br \/>\n\u2022 Die kompakte Abmessung von nur 800 mm Breite erlaubt den Einsatz auch in engen G\u00e4ngen.<br \/>\n\u2022 Schleichfahrtfunktion f\u00fcr genaues Verfahren auch in engen Bereichen.<br \/>\n\u2022 Die wartungsfreundliche Zugangs\u00f6ffnung in der Bodenplatte erm\u00f6glicht Montagearbeiten an der Antriebseinheit ohne das Ger\u00e4t anzuheben.<br \/>\n\u2022 Hub- und Fahrgeschwindigkeit wurden in der neuen Modellreihe erh\u00f6ht.<br \/>\n\u2022 Das Spiral-Ladekabel des integrierten HF-Ladeger\u00e4tes kann im Geh\u00e4use verstaut werden. Somit ist das Laden an jeder Steckdose schnell und einfach m\u00f6glich.<\/p>\n<p>Optional<br \/>\nPlus Ausf\u00fchrung<br \/>\n\u2022 Wartungsfreie Gel Batterien erm\u00f6glichen eine deutlich h\u00f6here Einsatzdauer und die doppelte Anzahl von Ladezyklen.<br \/>\n\u2022 Die Soft-Ventilsteuerung erm\u00f6glicht ein sanftes Anfahren und Abbremsen bei den Hebevorg\u00e4ngen.<br \/>\n\u2022 Deutlich erh\u00f6hte Senkgeschwindigkeit.<\/p>\n<p>Freihub-Ausf\u00fchrung<br \/>\n\u2022 Der EGV PSL 1229 II plus Freelift verf\u00fcgt \u00fcber einen Vollfreihub. Damit kann er die Last auf 1.500 mm heben, ohne dass sich die Bauh\u00f6he des Ger\u00e4tes \u00e4ndert. Ideal f\u00fcr den Einsatz in niedrigen R\u00e4umen.<\/p>\n<p>Lieferumfang<br \/>\n\u2022 Batterie und integriertes Ladeger\u00e4t.<\/p>\n","protected":false},"excerpt":{"rendered":"<p>Tragf\u00e4higkeit 1.200 kg,<br \/>\nGabelh\u00f6he max. 3.500 mm<br \/>\nDer komplett neu entwickelte EGV PSL II ist die professionelle L\u00f6sung im innerbetrieblichen Einsatz zum Transportieren und Stapeln von palettierten Lasten in kleinen bis mittelgro\u00dfen Hallen und bei mittlerer Auslastung.<\/p>\n<p>Ausstattung und Verarbeitung<br \/>\n\u2022 Der weite Hubmast und die seitliche Deichsel erlauben dem Anwender freie Sicht auf den Fahrweg und die Last.<br \/>\n\u2022 Alle Funktionen sind direkt an der Deichsel zu bedienen.<br \/>\n\u2022 Die kompakte Abmessung von nur 800 mm Breite erlaubt den Einsatz auch in engen G\u00e4ngen.<br \/>\n\u2022 Schleichfahrtfunktion f\u00fcr genaues Verfahren auch in engen Bereichen.<br \/>\n\u2022 Die wartungsfreundliche Zugangs\u00f6ffnung in der Bodenplatte erm\u00f6glicht Montagearbeiten an der Antriebseinheit ohne das Ger\u00e4t anzuheben.<br \/>\n\u2022 Hub- und Fahrgeschwindigkeit wurden in der neuen Modellreihe erh\u00f6ht.<br \/>\n\u2022 Das Spiral-Ladekabel des integrierten HF-Ladeger\u00e4tes kann im Geh\u00e4use verstaut werden. Somit ist das Laden an jeder Steckdose schnell und einfach m\u00f6glich.<\/p>\n<p>Optional<br \/>\nPlus Ausf\u00fchrung<br \/>\n\u2022 Wartungsfreie Gel Batterien erm\u00f6glichen eine deutlich h\u00f6here Einsatzdauer und die doppelte Anzahl von Ladezyklen.<br \/>\n\u2022 Die Soft-Ventilsteuerung erm\u00f6glicht ein sanftes Anfahren und Abbremsen bei den Hebevorg\u00e4ngen.<br \/>\n\u2022 Deutlich erh\u00f6hte Senkgeschwindigkeit.<\/p>\n<p>Freihub-Ausf\u00fchrung<br \/>\n\u2022 Der EGV PSL 1229 II plus Freelift verf\u00fcgt \u00fcber einen Vollfreihub. Damit kann er die Last auf 1.500 mm heben, ohne dass sich die Bauh\u00f6he des Ger\u00e4tes \u00e4ndert. Ideal f\u00fcr den Einsatz in niedrigen R\u00e4umen.<\/p>\n<p>Lieferumfang<br \/>\n\u2022 Batterie und integriertes Ladeger\u00e4t.<\/p>\n","protected":false},"featured_media":21823,"template":"","meta":{"_acf_changed":false,"inline_featured_image":false},"product_brand":[],"product_cat":[1633],"product_tag":[1673],"class_list":{"0":"post-25850","1":"product","2":"type-product","3":"status-publish","4":"has-post-thumbnail","6":"product_cat-gabelhubwagen","7":"product_tag-pfaff-de","9":"first","10":"onbackorder","11":"taxable","12":"shipping-taxable","13":"purchasable","14":"product-type-variable"},"acf":[],"yoast_head":"<!-- This site is optimized with the Yoast SEO plugin v27.5 - https:\/\/yoast.com\/product\/yoast-seo-wordpress\/ -->\n<title>EGV PSL II Elektro-Geh-Gabelhochhubwagen - Ohis<\/title>\n<meta name=\"robots\" content=\"index, follow, max-snippet:-1, max-image-preview:large, max-video-preview:-1\" \/>\n<link rel=\"canonical\" href=\"https:\/\/www.ohis.be\/de\/produit\/egv-psl-ii-elektro-geh-gabelhochhubwagen\/\" \/>\n<meta property=\"og:locale\" content=\"de_DE\" \/>\n<meta property=\"og:type\" content=\"article\" \/>\n<meta property=\"og:title\" content=\"EGV PSL II Elektro-Geh-Gabelhochhubwagen - Ohis\" \/>\n<meta property=\"og:description\" content=\"Tragf\u00e4higkeit 1.200 kg, Gabelh\u00f6he max. 3.500 mm Der komplett neu entwickelte EGV PSL II ist die professionelle L\u00f6sung im innerbetrieblichen Einsatz zum Transportieren und Stapeln von palettierten Lasten in kleinen bis mittelgro\u00dfen Hallen und bei mittlerer Auslastung.  Ausstattung und Verarbeitung \u2022 Der weite Hubmast und die seitliche Deichsel erlauben dem Anwender freie Sicht auf den Fahrweg und die Last. \u2022 Alle Funktionen sind direkt an der Deichsel zu bedienen. \u2022 Die kompakte Abmessung von nur 800 mm Breite erlaubt den Einsatz auch in engen G\u00e4ngen. \u2022 Schleichfahrtfunktion f\u00fcr genaues Verfahren auch in engen Bereichen. \u2022 Die wartungsfreundliche Zugangs\u00f6ffnung in der Bodenplatte erm\u00f6glicht Montagearbeiten an der Antriebseinheit ohne das Ger\u00e4t anzuheben. \u2022 Hub- und Fahrgeschwindigkeit wurden in der neuen Modellreihe erh\u00f6ht. \u2022 Das Spiral-Ladekabel des integrierten HF-Ladeger\u00e4tes kann im Geh\u00e4use verstaut werden. Somit ist das Laden an jeder Steckdose schnell und einfach m\u00f6glich.  Optional Plus Ausf\u00fchrung \u2022 Wartungsfreie Gel Batterien erm\u00f6glichen eine deutlich h\u00f6here Einsatzdauer und die doppelte Anzahl von Ladezyklen. \u2022 Die Soft-Ventilsteuerung erm\u00f6glicht ein sanftes Anfahren und Abbremsen bei den Hebevorg\u00e4ngen. \u2022 Deutlich erh\u00f6hte Senkgeschwindigkeit.  Freihub-Ausf\u00fchrung \u2022 Der EGV PSL 1229 II plus Freelift verf\u00fcgt \u00fcber einen Vollfreihub. Damit kann er die Last auf 1.500 mm heben, ohne dass sich die Bauh\u00f6he des Ger\u00e4tes \u00e4ndert. Ideal f\u00fcr den Einsatz in niedrigen R\u00e4umen.  Lieferumfang \u2022 Batterie und integriertes Ladeger\u00e4t.\" \/>\n<meta property=\"og:url\" content=\"https:\/\/www.ohis.be\/de\/produit\/egv-psl-ii-elektro-geh-gabelhochhubwagen\/\" \/>\n<meta property=\"og:site_name\" content=\"Ohis\" \/>\n<meta property=\"og:image\" content=\"https:\/\/www.ohis.be\/wp-content\/uploads\/2022\/12\/EGV_PSL_II.jpg\" \/>\n\t<meta property=\"og:image:width\" content=\"747\" \/>\n\t<meta property=\"og:image:height\" content=\"1153\" \/>\n\t<meta property=\"og:image:type\" content=\"image\/jpeg\" \/>\n<meta name=\"twitter:card\" content=\"summary_large_image\" \/>\n<meta name=\"twitter:label1\" content=\"Gesch\u00e4tzte Lesezeit\" \/>\n\t<meta name=\"twitter:data1\" content=\"1\u00a0Minute\" \/>\n<script type=\"application\/ld+json\" class=\"yoast-schema-graph\">{\"@context\":\"https:\\\/\\\/schema.org\",\"@graph\":[{\"@type\":\"WebPage\",\"@id\":\"https:\\\/\\\/www.ohis.be\\\/de\\\/produit\\\/egv-psl-ii-elektro-geh-gabelhochhubwagen\\\/\",\"url\":\"https:\\\/\\\/www.ohis.be\\\/de\\\/produit\\\/egv-psl-ii-elektro-geh-gabelhochhubwagen\\\/\",\"name\":\"EGV PSL II Elektro-Geh-Gabelhochhubwagen - Ohis\",\"isPartOf\":{\"@id\":\"https:\\\/\\\/www.ohis.be\\\/de\\\/#website\"},\"primaryImageOfPage\":{\"@id\":\"https:\\\/\\\/www.ohis.be\\\/de\\\/produit\\\/egv-psl-ii-elektro-geh-gabelhochhubwagen\\\/#primaryimage\"},\"image\":{\"@id\":\"https:\\\/\\\/www.ohis.be\\\/de\\\/produit\\\/egv-psl-ii-elektro-geh-gabelhochhubwagen\\\/#primaryimage\"},\"thumbnailUrl\":\"https:\\\/\\\/www.ohis.be\\\/wp-content\\\/uploads\\\/2022\\\/12\\\/EGV_PSL_II.jpg\",\"datePublished\":\"2022-12-27T14:29:47+00:00\",\"breadcrumb\":{\"@id\":\"https:\\\/\\\/www.ohis.be\\\/de\\\/produit\\\/egv-psl-ii-elektro-geh-gabelhochhubwagen\\\/#breadcrumb\"},\"inLanguage\":\"de\",\"potentialAction\":[{\"@type\":\"ReadAction\",\"target\":[\"https:\\\/\\\/www.ohis.be\\\/de\\\/produit\\\/egv-psl-ii-elektro-geh-gabelhochhubwagen\\\/\"]}]},{\"@type\":\"ImageObject\",\"inLanguage\":\"de\",\"@id\":\"https:\\\/\\\/www.ohis.be\\\/de\\\/produit\\\/egv-psl-ii-elektro-geh-gabelhochhubwagen\\\/#primaryimage\",\"url\":\"https:\\\/\\\/www.ohis.be\\\/wp-content\\\/uploads\\\/2022\\\/12\\\/EGV_PSL_II.jpg\",\"contentUrl\":\"https:\\\/\\\/www.ohis.be\\\/wp-content\\\/uploads\\\/2022\\\/12\\\/EGV_PSL_II.jpg\",\"width\":747,\"height\":1153},{\"@type\":\"BreadcrumbList\",\"@id\":\"https:\\\/\\\/www.ohis.be\\\/de\\\/produit\\\/egv-psl-ii-elektro-geh-gabelhochhubwagen\\\/#breadcrumb\",\"itemListElement\":[{\"@type\":\"ListItem\",\"position\":1,\"name\":\"Accueil\",\"item\":\"https:\\\/\\\/www.ohis.be\\\/de\\\/\"},{\"@type\":\"ListItem\",\"position\":2,\"name\":\"Produkte\",\"item\":\"https:\\\/\\\/www.ohis.be\\\/de\\\/produkte\\\/\"},{\"@type\":\"ListItem\",\"position\":3,\"name\":\"EGV PSL II Elektro-Geh-Gabelhochhubwagen\"}]},{\"@type\":\"WebSite\",\"@id\":\"https:\\\/\\\/www.ohis.be\\\/de\\\/#website\",\"url\":\"https:\\\/\\\/www.ohis.be\\\/de\\\/\",\"name\":\"Ohis\",\"description\":\"Outils de levage\",\"publisher\":{\"@id\":\"https:\\\/\\\/www.ohis.be\\\/de\\\/#organization\"},\"potentialAction\":[{\"@type\":\"SearchAction\",\"target\":{\"@type\":\"EntryPoint\",\"urlTemplate\":\"https:\\\/\\\/www.ohis.be\\\/de\\\/?s={search_term_string}\"},\"query-input\":{\"@type\":\"PropertyValueSpecification\",\"valueRequired\":true,\"valueName\":\"search_term_string\"}}],\"inLanguage\":\"de\"},{\"@type\":\"Organization\",\"@id\":\"https:\\\/\\\/www.ohis.be\\\/de\\\/#organization\",\"name\":\"Ohis\",\"url\":\"https:\\\/\\\/www.ohis.be\\\/de\\\/\",\"logo\":{\"@type\":\"ImageObject\",\"inLanguage\":\"de\",\"@id\":\"https:\\\/\\\/www.ohis.be\\\/de\\\/#\\\/schema\\\/logo\\\/image\\\/\",\"url\":\"https:\\\/\\\/www.ohis.be\\\/wp-content\\\/uploads\\\/2021\\\/02\\\/logo-ohis-wit.svg\",\"contentUrl\":\"https:\\\/\\\/www.ohis.be\\\/wp-content\\\/uploads\\\/2021\\\/02\\\/logo-ohis-wit.svg\",\"caption\":\"Ohis\"},\"image\":{\"@id\":\"https:\\\/\\\/www.ohis.be\\\/de\\\/#\\\/schema\\\/logo\\\/image\\\/\"}}]}<\/script>\n<!-- \/ Yoast SEO plugin. -->","yoast_head_json":{"title":"EGV PSL II Elektro-Geh-Gabelhochhubwagen - Ohis","robots":{"index":"index","follow":"follow","max-snippet":"max-snippet:-1","max-image-preview":"max-image-preview:large","max-video-preview":"max-video-preview:-1"},"canonical":"https:\/\/www.ohis.be\/de\/produit\/egv-psl-ii-elektro-geh-gabelhochhubwagen\/","og_locale":"de_DE","og_type":"article","og_title":"EGV PSL II Elektro-Geh-Gabelhochhubwagen - Ohis","og_description":"Tragf\u00e4higkeit 1.200 kg, Gabelh\u00f6he max. 3.500 mm Der komplett neu entwickelte EGV PSL II ist die professionelle L\u00f6sung im innerbetrieblichen Einsatz zum Transportieren und Stapeln von palettierten Lasten in kleinen bis mittelgro\u00dfen Hallen und bei mittlerer Auslastung.  Ausstattung und Verarbeitung \u2022 Der weite Hubmast und die seitliche Deichsel erlauben dem Anwender freie Sicht auf den Fahrweg und die Last. \u2022 Alle Funktionen sind direkt an der Deichsel zu bedienen. \u2022 Die kompakte Abmessung von nur 800 mm Breite erlaubt den Einsatz auch in engen G\u00e4ngen. \u2022 Schleichfahrtfunktion f\u00fcr genaues Verfahren auch in engen Bereichen. \u2022 Die wartungsfreundliche Zugangs\u00f6ffnung in der Bodenplatte erm\u00f6glicht Montagearbeiten an der Antriebseinheit ohne das Ger\u00e4t anzuheben. \u2022 Hub- und Fahrgeschwindigkeit wurden in der neuen Modellreihe erh\u00f6ht. \u2022 Das Spiral-Ladekabel des integrierten HF-Ladeger\u00e4tes kann im Geh\u00e4use verstaut werden. Somit ist das Laden an jeder Steckdose schnell und einfach m\u00f6glich.  Optional Plus Ausf\u00fchrung \u2022 Wartungsfreie Gel Batterien erm\u00f6glichen eine deutlich h\u00f6here Einsatzdauer und die doppelte Anzahl von Ladezyklen. \u2022 Die Soft-Ventilsteuerung erm\u00f6glicht ein sanftes Anfahren und Abbremsen bei den Hebevorg\u00e4ngen. \u2022 Deutlich erh\u00f6hte Senkgeschwindigkeit.  Freihub-Ausf\u00fchrung \u2022 Der EGV PSL 1229 II plus Freelift verf\u00fcgt \u00fcber einen Vollfreihub. Damit kann er die Last auf 1.500 mm heben, ohne dass sich die Bauh\u00f6he des Ger\u00e4tes \u00e4ndert. Ideal f\u00fcr den Einsatz in niedrigen R\u00e4umen.  Lieferumfang \u2022 Batterie und integriertes Ladeger\u00e4t.","og_url":"https:\/\/www.ohis.be\/de\/produit\/egv-psl-ii-elektro-geh-gabelhochhubwagen\/","og_site_name":"Ohis","og_image":[{"width":747,"height":1153,"url":"https:\/\/www.ohis.be\/wp-content\/uploads\/2022\/12\/EGV_PSL_II.jpg","type":"image\/jpeg"}],"twitter_card":"summary_large_image","twitter_misc":{"Gesch\u00e4tzte Lesezeit":"1\u00a0Minute"},"schema":{"@context":"https:\/\/schema.org","@graph":[{"@type":"WebPage","@id":"https:\/\/www.ohis.be\/de\/produit\/egv-psl-ii-elektro-geh-gabelhochhubwagen\/","url":"https:\/\/www.ohis.be\/de\/produit\/egv-psl-ii-elektro-geh-gabelhochhubwagen\/","name":"EGV PSL II Elektro-Geh-Gabelhochhubwagen - Ohis","isPartOf":{"@id":"https:\/\/www.ohis.be\/de\/#website"},"primaryImageOfPage":{"@id":"https:\/\/www.ohis.be\/de\/produit\/egv-psl-ii-elektro-geh-gabelhochhubwagen\/#primaryimage"},"image":{"@id":"https:\/\/www.ohis.be\/de\/produit\/egv-psl-ii-elektro-geh-gabelhochhubwagen\/#primaryimage"},"thumbnailUrl":"https:\/\/www.ohis.be\/wp-content\/uploads\/2022\/12\/EGV_PSL_II.jpg","datePublished":"2022-12-27T14:29:47+00:00","breadcrumb":{"@id":"https:\/\/www.ohis.be\/de\/produit\/egv-psl-ii-elektro-geh-gabelhochhubwagen\/#breadcrumb"},"inLanguage":"de","potentialAction":[{"@type":"ReadAction","target":["https:\/\/www.ohis.be\/de\/produit\/egv-psl-ii-elektro-geh-gabelhochhubwagen\/"]}]},{"@type":"ImageObject","inLanguage":"de","@id":"https:\/\/www.ohis.be\/de\/produit\/egv-psl-ii-elektro-geh-gabelhochhubwagen\/#primaryimage","url":"https:\/\/www.ohis.be\/wp-content\/uploads\/2022\/12\/EGV_PSL_II.jpg","contentUrl":"https:\/\/www.ohis.be\/wp-content\/uploads\/2022\/12\/EGV_PSL_II.jpg","width":747,"height":1153},{"@type":"BreadcrumbList","@id":"https:\/\/www.ohis.be\/de\/produit\/egv-psl-ii-elektro-geh-gabelhochhubwagen\/#breadcrumb","itemListElement":[{"@type":"ListItem","position":1,"name":"Accueil","item":"https:\/\/www.ohis.be\/de\/"},{"@type":"ListItem","position":2,"name":"Produkte","item":"https:\/\/www.ohis.be\/de\/produkte\/"},{"@type":"ListItem","position":3,"name":"EGV PSL II Elektro-Geh-Gabelhochhubwagen"}]},{"@type":"WebSite","@id":"https:\/\/www.ohis.be\/de\/#website","url":"https:\/\/www.ohis.be\/de\/","name":"Ohis","description":"Outils de levage","publisher":{"@id":"https:\/\/www.ohis.be\/de\/#organization"},"potentialAction":[{"@type":"SearchAction","target":{"@type":"EntryPoint","urlTemplate":"https:\/\/www.ohis.be\/de\/?s={search_term_string}"},"query-input":{"@type":"PropertyValueSpecification","valueRequired":true,"valueName":"search_term_string"}}],"inLanguage":"de"},{"@type":"Organization","@id":"https:\/\/www.ohis.be\/de\/#organization","name":"Ohis","url":"https:\/\/www.ohis.be\/de\/","logo":{"@type":"ImageObject","inLanguage":"de","@id":"https:\/\/www.ohis.be\/de\/#\/schema\/logo\/image\/","url":"https:\/\/www.ohis.be\/wp-content\/uploads\/2021\/02\/logo-ohis-wit.svg","contentUrl":"https:\/\/www.ohis.be\/wp-content\/uploads\/2021\/02\/logo-ohis-wit.svg","caption":"Ohis"},"image":{"@id":"https:\/\/www.ohis.be\/de\/#\/schema\/logo\/image\/"}}]}},"_links":{"self":[{"href":"https:\/\/www.ohis.be\/de\/wp-json\/wp\/v2\/product\/25850","targetHints":{"allow":["GET"]}}],"collection":[{"href":"https:\/\/www.ohis.be\/de\/wp-json\/wp\/v2\/product"}],"about":[{"href":"https:\/\/www.ohis.be\/de\/wp-json\/wp\/v2\/types\/product"}],"wp:featuredmedia":[{"embeddable":true,"href":"https:\/\/www.ohis.be\/de\/wp-json\/wp\/v2\/media\/21823"}],"wp:attachment":[{"href":"https:\/\/www.ohis.be\/de\/wp-json\/wp\/v2\/media?parent=25850"}],"wp:term":[{"taxonomy":"product_brand","embeddable":true,"href":"https:\/\/www.ohis.be\/de\/wp-json\/wp\/v2\/product_brand?post=25850"},{"taxonomy":"product_cat","embeddable":true,"href":"https:\/\/www.ohis.be\/de\/wp-json\/wp\/v2\/product_cat?post=25850"},{"taxonomy":"product_tag","embeddable":true,"href":"https:\/\/www.ohis.be\/de\/wp-json\/wp\/v2\/product_tag?post=25850"}],"curies":[{"name":"wp","href":"https:\/\/api.w.org\/{rel}","templated":true}]}}